{"id":1225,"date":"2024-05-30T09:19:19","date_gmt":"2024-05-30T09:19:19","guid":{"rendered":"https:\/\/schreibenpro.com\/de\/?page_id=1225"},"modified":"2024-06-03T08:47:35","modified_gmt":"2024-06-03T08:47:35","slug":"impressum","status":"publish","type":"page","link":"https:\/\/schreibenpro.com\/de\/impressum\/","title":{"rendered":"Impressum"},"content":{"rendered":"\n<p>Diese Datenschutzerkl\u00e4rung wurde zuletzt am 30\/05\/2024 aktualisiert und gilt f\u00fcr B\u00fcrger und Personen mit st\u00e4ndigem Wohnsitz im Europ\u00e4ischen Wirtschaftsraum und der Schweiz.<\/p>\n\n\n\n<p>In dieser Datenschutzerkl\u00e4rung erkl\u00e4ren wir, was wir mit den Daten tun, die wir \u00fcber <strong>https:\/\/schreibenpro.com\/de<\/strong> \u00fcber Sie sammeln. Wir bitten Sie, diese Erkl\u00e4rung sorgf\u00e4ltig zu lesen. Bei unserer Verarbeitung halten wir uns an die Anforderungen der Datenschutzgesetze. Dies bedeutet unter anderem, dass:<\/p>\n\n\n\n<ul class=\"wp-block-list\">\n<li>wir die Zwecke, f\u00fcr die wir personenbezogene Daten verarbeiten, klar angeben. Dies tun wir mit Hilfe dieser Datenschutzerkl\u00e4rung.<\/li>\n\n\n\n<li>wir uns bem\u00fchen, die Erhebung personenbezogener Daten auf die personenbezogenen Daten zu beschr\u00e4nken, die f\u00fcr rechtm\u00e4\u00dfige Zwecke erforderlich sind;<\/li>\n\n\n\n<li>Wir holen in erster Linie Ihre ausdr\u00fcckliche Zustimmung zur Verarbeitung Ihrer personenbezogenen Daten ein, wenn dies erforderlich ist.<\/li>\n\n\n\n<li>Wir ergreifen geeignete Sicherheitsma\u00dfnahmen zum Schutz Ihrer personenbezogenen Daten und verlangen dies auch von den Parteien, die personenbezogene Daten in unserem Auftrag verarbeiten;<\/li>\n\n\n\n<li>wir respektieren Ihr Recht auf Zugang, Berichtigung oder L\u00f6schung Ihrer personenbezogenen Daten auf Anfrage.<\/li>\n<\/ul>\n\n\n\n<p>Wenn Sie Fragen haben oder genau wissen m\u00f6chten, welche Daten wir \u00fcber Sie speichern, wenden Sie sich bitte an uns.<\/p>\n\n\n\n<h2 class=\"wp-block-heading\">1. Zweck, Daten und Aufbewahrungsfrist<\/h2>\n\n\n\n<p>Wir k\u00f6nnen personenbezogene Daten f\u00fcr eine Reihe von Zwecken in Verbindung mit unseren Gesch\u00e4ftsabl\u00e4ufen sammeln oder erhalten, die Folgendes umfassen k\u00f6nnen: (zum Erweitern klicken)<\/p>\n\n\n\n<h3 class=\"wp-block-heading\"><br>1.1 Kontakt \u2013 Per Telefon, Post, E-Mail und\/oder Formulare auf der Website<\/h3>\n\n\n\n<p>Zu diesem Zweck verwenden wir die folgenden Daten:<\/p>\n\n\n\n<ul class=\"wp-block-list\">\n<li>Vor- und Nachname<\/li>\n\n\n\n<li>Eine Wohnadresse oder eine andere physische Adresse, einschlie\u00dflich Stra\u00dfenname und Name einer Stadt oder eines Dorfes<\/li>\n\n\n\n<li>eine E-Mail Adresse<\/li>\n\n\n\n<li>eine Telefonnummer<\/li>\n<\/ul>\n\n\n\n<p>Die Grundlage, auf der wir diese Daten verarbeiten k\u00f6nnen, ist:<\/p>\n\n\n\n<p>Nach Erteilung der Zustimmung.<\/p>\n\n\n\n<p>Aufbewahrungsfrist<\/p>\n\n\n\n<p>Wir bewahren diese Daten auf, bis der Dienst gek\u00fcndigt wird.<\/p>\n\n\n\n<h3 class=\"wp-block-heading\"><br>1.2 Zur Unterst\u00fctzung von Dienstleistungen oder Produkten, die ein Kunde kaufen m\u00f6chte oder gekauft hat<\/h3>\n\n\n\n<p>Zu diesem Zweck verwenden wir die folgenden Daten:<\/p>\n\n\n\n<ul class=\"wp-block-list\">\n<li>Vor- und Nachname<\/li>\n\n\n\n<li>eine Wohnadresse oder eine andere physische Adresse, einschlie\u00dflich Stra\u00dfenname und Ortsname<\/li>\n\n\n\n<li>eine E-Mail Adresse<\/li>\n\n\n\n<li>eine Telefonnummer<\/li>\n<\/ul>\n\n\n\n<p>Die Grundlage, auf der wir diese Daten verarbeiten k\u00f6nnen, ist:<\/p>\n\n\n\n<p>Nach Erteilung der Zustimmung.<\/p>\n\n\n\n<p>Aufbewahrungsfrist<\/p>\n\n\n\n<p>Wir bewahren diese Daten auf, bis der Dienst abbestellt wird.<\/p>\n\n\n\n<h2 class=\"wp-block-heading\">2. Cookies<\/h2>\n\n\n\n<p>Unsere Website verwendet Cookies. Weitere Informationen \u00fcber Cookies finden Sie in unserer Cookie-Richtlinie.<\/p>\n\n\n\n<h2 class=\"wp-block-heading\">3. Aufsuchende Ma\u00dfnahmen<\/h2>\n\n\n\n<p>Wir geben personenbezogene Daten weiter, wenn wir gesetzlich oder per Gerichtsbeschluss dazu verpflichtet sind, als Reaktion auf eine Strafverfolgungsbeh\u00f6rde, in dem durch andere Gesetze erlaubten Umfang, zur Bereitstellung von Informationen oder f\u00fcr eine Untersuchung in einer Angelegenheit, die die \u00f6ffentliche Sicherheit betrifft.<\/p>\n\n\n\n<p>Wenn unsere Website oder unsere Organisation erworben, verkauft oder in eine Fusion oder \u00dcbernahme verwickelt wird, k\u00f6nnen Ihre Daten unseren Beratern und potenziellen K\u00e4ufern offengelegt und an die neuen Eigent\u00fcmer weitergegeben werden.<\/p>\n\n\n\n<p>Wir haben eine Datenverarbeitungsvereinbarung mit Google.<\/p>\n\n\n\n<p>Google darf die Daten nicht f\u00fcr andere Google-Dienste verwenden.<\/p>\n\n\n\n<p>Die Aufnahme von vollst\u00e4ndigen IP-Adressen wird von uns blockiert.<\/p>\n\n\n\n<h2 class=\"wp-block-heading\">4. Sicherheit<\/h2>\n\n\n\n<p>Wir verpflichten uns zur Sicherheit der personenbezogenen Daten. Wir ergreifen geeignete Sicherheitsma\u00dfnahmen, um den Missbrauch und den unbefugten Zugriff auf personenbezogene Daten zu begrenzen. Dadurch wird sichergestellt, dass nur die notwendigen Personen Zugang zu Ihren Daten haben, dass der Zugang zu den Daten gesch\u00fctzt ist und dass unsere Sicherheitsma\u00dfnahmen regelm\u00e4\u00dfig \u00fcberpr\u00fcft werden.<\/p>\n\n\n\n<h2 class=\"wp-block-heading\">5. Webseiten dritter<\/h2>\n\n\n\n<p>Diese Datenschutzerkl\u00e4rung gilt nicht f\u00fcr Websites von Dritten, die mit unserer Website verlinkt sind. Wir k\u00f6nnen nicht garantieren, dass diese Dritten Ihre pers\u00f6nlichen Daten zuverl\u00e4ssig und sicher behandeln. Wir empfehlen Ihnen, die Datenschutzerkl\u00e4rungen dieser Websites zu lesen, bevor Sie sie nutzen.<\/p>\n\n\n\n<h2 class=\"wp-block-heading\">6. \u00c4nderungen an dieser Datenschutzerkl\u00e4rung<\/h2>\n\n\n\n<p>Wir behalten uns das Recht vor, \u00c4nderungen an dieser Datenschutzerkl\u00e4rung vorzunehmen. Wir empfehlen Ihnen, diese Datenschutzerkl\u00e4rung regelm\u00e4\u00dfig zu lesen, um sich \u00fcber etwaige \u00c4nderungen auf dem Laufenden zu halten. Dar\u00fcber hinaus werden wir Sie, wann immer m\u00f6glich, aktiv informieren.<\/p>\n\n\n\n<h2 class=\"wp-block-heading\">7. Zugriff auf und \u00c4nderung Ihrer Daten<\/h2>\n\n\n\n<p>Wenn Sie Fragen haben oder wissen m\u00f6chten, welche personenbezogenen Daten wir \u00fcber Sie gespeichert haben, wenden Sie sich bitte an uns. Sie k\u00f6nnen uns \u00fcber die folgenden Informationen kontaktieren. Sie haben die folgenden Rechte:<\/p>\n\n\n\n<ul class=\"wp-block-list\">\n<li>Sie haben das Recht zu erfahren, wozu Ihre personenbezogenen Daten ben\u00f6tigt werden, was mit ihnen geschieht und wie lange sie aufbewahrt werden.<\/li>\n\n\n\n<li>Auskunftsrecht: Sie haben das Recht auf Auskunft \u00fcber die personenbezogenen Daten, die uns \u00fcber Sie vorliegen.<\/li>\n\n\n\n<li>Recht auf Berichtigung: Sie haben jederzeit das Recht auf Erg\u00e4nzung, Berichtigung, L\u00f6schung oder Sperrung Ihrer personenbezogenen Daten.<\/li>\n\n\n\n<li>Wenn Sie uns Ihre Einwilligung zur Verarbeitung Ihrer Daten gegeben haben, haben Sie das Recht, diese Einwilligung zu widerrufen und Ihre personenbezogenen Daten l\u00f6schen zu lassen.<\/li>\n\n\n\n<li>Recht auf Daten\u00fcbertragbarkeit: Sie haben das Recht, alle Ihre personenbezogenen Daten von dem f\u00fcr die Verarbeitung Verantwortlichen zu verlangen und sie vollst\u00e4ndig an einen anderen f\u00fcr die Verarbeitung Verantwortlichen zu \u00fcbertragen.<\/li>\n\n\n\n<li>Recht auf Widerspruch: Sie k\u00f6nnen gegen die Verarbeitung Ihrer Daten Widerspruch einlegen. Dem kommen wir nach, es sei denn, es liegen berechtigte Gr\u00fcnde f\u00fcr die Verarbeitung vor.<\/li>\n<\/ul>\n\n\n\n<p>Bitte geben Sie immer deutlich an, wer Sie sind, damit wir sicherstellen k\u00f6nnen, dass wir keine Daten der falschen Person \u00e4ndern oder l\u00f6schen.<\/p>\n\n\n\n<h2 class=\"wp-block-heading\">8. Einreichung einer Beschwerde<\/h2>\n\n\n\n<p>Si no est\u00e1 satisfecho con la forma en que tratamos o procesamos sus datos personales, tiene derecho a presentar una queja a la Autoridad de protecci\u00f3n de datos.<\/p>\n\n\n\n<h2 class=\"wp-block-heading\">9. Kontaktangaben<\/h2>\n","protected":false},"excerpt":{"rendered":"<p>Diese Datenschutzerkl\u00e4rung wurde zuletzt am 30\/05\/2024 aktualisiert und gilt f\u00fcr B\u00fcrger und Personen mit st\u00e4ndigem Wohnsitz im Europ\u00e4ischen Wirtschaftsraum und &#8230; <\/p>\n<p class=\"read-more-container\"><a title=\"Impressum\" class=\"read-more button\" href=\"https:\/\/schreibenpro.com\/de\/impressum\/#more-1225\" aria-label=\"Mehr zu Impressum\">\u00d6FFNEN <\/a><\/p>\n","protected":false},"author":1,"featured_media":0,"parent":0,"menu_order":0,"comment_status":"closed","ping_status":"closed","template":"","meta":{"footnotes":""},"class_list":{"0":"post-1225","1":"page","2":"type-page","3":"status-publish","5":"infinite-scroll-item"},"yoast_head":"<!-- This site is optimized with the Yoast SEO plugin v24.6 - https:\/\/yoast.com\/wordpress\/plugins\/seo\/ -->\n<title>Impressum - Schreiben PRO<\/title>\n<meta name=\"robots\" content=\"noindex, follow\" \/>\n<meta property=\"og:locale\" content=\"de_DE\" \/>\n<meta property=\"og:type\" content=\"article\" \/>\n<meta property=\"og:title\" content=\"Impressum - Schreiben PRO\" \/>\n<meta property=\"og:description\" content=\"Diese Datenschutzerkl\u00e4rung wurde zuletzt am 30\/05\/2024 aktualisiert und gilt f\u00fcr B\u00fcrger und Personen mit st\u00e4ndigem Wohnsitz im Europ\u00e4ischen Wirtschaftsraum und ... \u00d6FFNEN\" \/>\n<meta property=\"og:url\" content=\"https:\/\/schreibenpro.com\/de\/impressum\/\" \/>\n<meta property=\"og:site_name\" content=\"Schreiben PRO\" \/>\n<meta property=\"article:modified_time\" content=\"2024-06-03T08:47:35+00:00\" \/>\n<meta name=\"twitter:card\" content=\"summary_large_image\" \/>\n<meta name=\"twitter:label1\" content=\"Gesch\u00e4tzte Lesezeit\" \/>\n\t<meta name=\"twitter:data1\" content=\"5\u00a0Minuten\" \/>\n<!-- \/ Yoast SEO plugin. -->","yoast_head_json":{"title":"Impressum - Schreiben PRO","robots":{"index":"noindex","follow":"follow"},"og_locale":"de_DE","og_type":"article","og_title":"Impressum - Schreiben PRO","og_description":"Diese Datenschutzerkl\u00e4rung wurde zuletzt am 30\/05\/2024 aktualisiert und gilt f\u00fcr B\u00fcrger und Personen mit st\u00e4ndigem Wohnsitz im Europ\u00e4ischen Wirtschaftsraum und ... \u00d6FFNEN","og_url":"https:\/\/schreibenpro.com\/de\/impressum\/","og_site_name":"Schreiben PRO","article_modified_time":"2024-06-03T08:47:35+00:00","twitter_card":"summary_large_image","twitter_misc":{"Gesch\u00e4tzte Lesezeit":"5\u00a0Minuten"},"schema":{"@context":"https:\/\/schema.org","@graph":[{"@type":"WebPage","@id":"https:\/\/schreibenpro.com\/de\/impressum\/","url":"https:\/\/schreibenpro.com\/de\/impressum\/","name":"Impressum - Schreiben PRO","isPartOf":{"@id":"https:\/\/schreibenpro.com\/de\/#website"},"datePublished":"2024-05-30T09:19:19+00:00","dateModified":"2024-06-03T08:47:35+00:00","breadcrumb":{"@id":"https:\/\/schreibenpro.com\/de\/impressum\/#breadcrumb"},"inLanguage":"de","potentialAction":[{"@type":"ReadAction","target":["https:\/\/schreibenpro.com\/de\/impressum\/"]}]},{"@type":"BreadcrumbList","@id":"https:\/\/schreibenpro.com\/de\/impressum\/#breadcrumb","itemListElement":[{"@type":"ListItem","position":1,"name":"Portada","item":"https:\/\/schreibenpro.com\/de\/"},{"@type":"ListItem","position":2,"name":"Impressum"}]},{"@type":"WebSite","@id":"https:\/\/schreibenpro.com\/de\/#website","url":"https:\/\/schreibenpro.com\/de\/","name":"Schreiben PRO","description":"Muster und Vorlage","publisher":{"@id":"https:\/\/schreibenpro.com\/de\/#organization"},"potentialAction":[{"@type":"SearchAction","target":{"@type":"EntryPoint","urlTemplate":"https:\/\/schreibenpro.com\/de\/?s={search_term_string}"},"query-input":{"@type":"PropertyValueSpecification","valueRequired":true,"valueName":"search_term_string"}}],"inLanguage":"de"},{"@type":"Organization","@id":"https:\/\/schreibenpro.com\/de\/#organization","name":"Schreiben PRO","url":"https:\/\/schreibenpro.com\/de\/","logo":{"@type":"ImageObject","inLanguage":"de","@id":"https:\/\/schreibenpro.com\/de\/#\/schema\/logo\/image\/","url":"https:\/\/schreibenpro.com\/de\/wp-content\/uploads\/cropped-fav.png","contentUrl":"https:\/\/schreibenpro.com\/de\/wp-content\/uploads\/cropped-fav.png","width":512,"height":512,"caption":"Schreiben PRO"},"image":{"@id":"https:\/\/schreibenpro.com\/de\/#\/schema\/logo\/image\/"}}]}},"_links":{"self":[{"href":"https:\/\/schreibenpro.com\/de\/wp-json\/wp\/v2\/pages\/1225","targetHints":{"allow":["GET"]}}],"collection":[{"href":"https:\/\/schreibenpro.com\/de\/wp-json\/wp\/v2\/pages"}],"about":[{"href":"https:\/\/schreibenpro.com\/de\/wp-json\/wp\/v2\/types\/page"}],"author":[{"embeddable":true,"href":"https:\/\/schreibenpro.com\/de\/wp-json\/wp\/v2\/users\/1"}],"replies":[{"embeddable":true,"href":"https:\/\/schreibenpro.com\/de\/wp-json\/wp\/v2\/comments?post=1225"}],"version-history":[{"count":3,"href":"https:\/\/schreibenpro.com\/de\/wp-json\/wp\/v2\/pages\/1225\/revisions"}],"predecessor-version":[{"id":1271,"href":"https:\/\/schreibenpro.com\/de\/wp-json\/wp\/v2\/pages\/1225\/revisions\/1271"}],"wp:attachment":[{"href":"https:\/\/schreibenpro.com\/de\/wp-json\/wp\/v2\/media?parent=1225"}],"curies":[{"name":"wp","href":"https:\/\/api.w.org\/{rel}","templated":true}]}}