{"id":486,"date":"2023-12-18T08:24:01","date_gmt":"2023-12-18T08:24:01","guid":{"rendered":"https:\/\/schreibenpro.com\/de\/bewerbungsschreiben-ohne-berufserfahrung-offnen\/"},"modified":"2023-12-18T08:24:01","modified_gmt":"2023-12-18T08:24:01","slug":"bewerbungsschreiben-ohne-berufserfahrung-offnen","status":"publish","type":"page","link":"https:\/\/schreibenpro.com\/de\/bewerbungsschreiben-ohne-berufserfahrung-offnen\/","title":{"rendered":"\u00d6ffnen &#8211; Bewerbungsschreiben Ohne Berufserfahrung"},"content":{"rendered":"\r\n<p class=\"has-text-align-center\">Vorlage und Muster f\u00fcr <strong> Bewerbungsschreiben Ohne Berufserfahrung<\/strong> &#8211; Erstellung und Ausf\u00fcllen &#8211; \u00d6ffnen im <strong>WORD und PDF<\/strong> Datei und Online<\/p>\r\n\r\n\r\n\r\n\r\n<div class=\"wp-block-image\">\r\n<figure class=\"aligncenter size-large is-resized\"><img loading=\"lazy\" decoding=\"async\" class=\"wp-image-215\" src=\"https:\/\/schreibenpro.com\/de\/wp-content\/uploads\/bewerbungsschreiben-ohne-berufserfahrung-muster-vorlage.jpg\" alt=\"\" width=\"245\" height=\"391\" \/><\/figure>\r\n<\/div>\r\n\r\n\r\n\r\n<hr class=\"wp-block-separator has-alpha-channel-opacity\" \/>\r\n\r\n\r\n\r\n\r\n\r\n<div class=\"su-note\"  style=\"border-color:#e5e5e5;border-radius:10px;-moz-border-radius:10px;-webkit-border-radius:10px;\"><div class=\"su-note-inner su-u-clearfix su-u-trim\" style=\"background-color:#FFFFFF;border-color:#ffffff;color:#333333;border-radius:10px;-moz-border-radius:10px;-webkit-border-radius:10px;\">\r\n\r\n<section id=\"specialParagraph\"><p><strong>Ihre Name<\/strong><\/p> <p>Ihre Adresse<\/p> <p>Ihre Stadt, PLZ<\/p> <p>Ihre Telefonnummer<\/p> <p>Ihre E-Mail-Adresse<\/p>  <p><strong>Datum<\/strong><\/p>  <p><strong>Name des Unternehmens<\/strong><\/p> <p>Adresse des Unternehmens<\/p> <p>Stadt des Unternehmens, PLZ<\/p>  <p><strong>Betreff: Bewerbung als [Position]<\/strong><\/p>  <p>Sehr geehrte Damen und Herren,<\/p>  <p>ich m\u00f6chte mich hiermit bei Ihnen um die Stelle als [Position] bewerben. Obwohl ich keine Berufserfahrung in diesem Bereich habe, bin ich davon \u00fcberzeugt, dass meine F\u00e4higkeiten und meine Motivation mich zu einem wertvollen Mitglied Ihres Teams machen.<\/p>  <h3><strong>Einleitung:<\/strong><\/h3>  <p>Im ersten Absatz sollten Sie Ihren Bewerbungsgrund nennen und Ihr Interesse an der Stelle betonen. Es ist wichtig, einen starken Einstieg zu w\u00e4hlen, um das Interesse des Lesers zu wecken.<\/p>  <p>Ich habe k\u00fcrzlich meinen Abschluss in [Studiengang] an der [Universit\u00e4t\/Hochschule] erfolgreich abgeschlossen. W\u00e4hrend meines Studiums habe ich mir umfangreiche Kenntnisse in den Bereichen [relevanten Kenntnisse] angeeignet. Ich bin hochmotiviert, diese Kenntnisse in der Praxis anzuwenden und weiterzuentwickeln.<\/p>  <h3><strong>Hauptteil:<\/strong><\/h3>  <p>Der Hauptteil des Bewerbungsschreibens sollte Ihre Qualifikationen und F\u00e4higkeiten hervorheben, die f\u00fcr die Position relevant sind. Hier haben Sie die M\u00f6glichkeit, Ihre Erfahrungen aus Praktika, freiwilliger Arbeit oder anderen Aktivit\u00e4ten vorzustellen.<\/p>  <h4><strong>Ausbildung:<\/strong><\/h4> <dl> <dt>[Abschluss], [Studiengang]<\/dt> <dd>[Name der Institution], [Stadt], [Abschlussjahr]<\/dd> <\/dl>  <h4><strong>Praktika:<\/strong><\/h4> <dl> <dt>[Position], [Name des Unternehmens]<\/dt> <dd>[Datum\/Dauer des Praktikums]<\/dd> <dd>[Beschreibung Ihrer Aufgaben und erworbenen F\u00e4higkeiten]<\/dd> <\/dl>  <h4><strong>Freiwilligenarbeit:<\/strong><\/h4> <dl> <dt>[Position], [Name der Organisation]<\/dt> <dd>[Datum\/Dauer der freiwilligen Arbeit]<\/dd> <dd>[Beschreibung Ihrer Aufgaben und erworbenen F\u00e4higkeiten]<\/dd> <\/dl>  <p>Obwohl diese Erfahrungen nicht direkt mit der ausgeschriebenen Position zusammenh\u00e4ngen, haben sie mir wichtige F\u00e4higkeiten wie Teamarbeit, Kommunikation und Probleml\u00f6sung vermittelt. Ich bin bereit, mich kontinuierlich weiterzuentwickeln und neue F\u00e4higkeiten zu erlernen, um den Anforderungen der Stelle gerecht zu werden.<\/p>  <h3><strong>Schluss:<\/strong><\/h3>  <p>Im letzten Teil des Bewerbungsschreibens sollten Sie Ihre Motivation f\u00fcr die Stelle und Ihr Interesse an dem Unternehmen betonen. Zeigen Sie, dass Sie bereit sind, sich einzubringen und Verantwortung zu \u00fcbernehmen.<\/p>  <p>Ich bin fasziniert von der Arbeit Ihres Unternehmens und der M\u00f6glichkeit, mich in einem dynamischen Umfeld weiterzuentwickeln. Mit meiner starken Motivation, meiner Lernbereitschaft und meinem Engagement bin ich \u00fcberzeugt, einen Mehrwert f\u00fcr Ihr Unternehmen zu schaffen.<\/p>  <p>Ich w\u00fcrde mich freuen, die Gelegenheit zu einem pers\u00f6nlichen Gespr\u00e4ch zu erhalten, um meine Eignung f\u00fcr die Stelle weiter zu erl\u00e4utern. Vielen Dank f\u00fcr Ihre Zeit und Ber\u00fccksichtigung.<\/p>  <p>Mit freundlichen Gr\u00fc\u00dfen,<\/p>  <p><strong>Ihr Name<\/strong><\/p>  <p><strong>Anlagen:<\/strong> Lebenslauf, Zeugnisse, Zertifikate<\/p>  <p><\/p><\/section><\/div><\/div>\r\n\r\n&nbsp;\r\n\r\n\r\n\r\n\r\n\r\n\r\n<p class=\"has-text-align-center\">Vorlage und Muster f\u00fcr <strong> Bewerbungsschreiben Ohne Berufserfahrung <\/strong> zur Anpassung und Erstellung  im <strong>WORD<\/strong>\u2013 und <strong>PDF-Format<\/strong><\/p>\r\n\r\n\r\n<button id=\"generatePDF\">Erstellen (PDF &#8211; WORD)<\/button>\r\n\r\n\r\n\r\n<hr class=\"wp-block-separator has-alpha-channel-opacity\" \/>\r\n\r\n\r\n\r\n<p style=\"text-align: center;\"><strong>Bewerbungsschreiben Ohne Berufserfahrung<\/strong><\/p>\r\n\r\n<div class=\"wp-block-columns is-layout-flex wp-container-core-columns-is-layout-9d6595d7 wp-block-columns-is-layout-flex\">\r\n\r\n\r\n<div class=\"wp-block-column is-layout-flow wp-block-column-is-layout-flow\"><div class=\"su-button-center\"><a href=\"https:\/\/adg.be\/fr\/PortalData\/46\/Resources\/dokumente\/artikel-dokumente\/bewerbungen\/Leitfaden_Bewerbung_2022.pdf\" class=\"su-button su-button-style-flat\" style=\"color:#FFFFFF;background-color:#144bb6;border-color:#103c92;border-radius:1px\" target=\"_self\"><span style=\"color:#FFFFFF;padding:0px 24px;font-size:18px;line-height:36px;border-color:#5b81cc;border-radius:1px;text-shadow:none\">   PDF <\/span><\/a><\/div>\n<\/div>\r\n\r\n\r\n\r\n<div class=\"wp-block-column is-layout-flow wp-block-column-is-layout-flow\"><div class=\"su-button-center\"><a href=\"https:\/\/lebenslaufdesigns.de\/wp-content\/uploads\/anschreiben-download.docx\" class=\"su-button su-button-style-flat\" style=\"color:#FFFFFF;background-color:#144bb6;border-color:#103c92;border-radius:1px\" target=\"_self\"><span style=\"color:#FFFFFF;padding:0px 24px;font-size:18px;line-height:36px;border-color:#5b81cc;border-radius:1px;text-shadow:none\">   DOC<\/span><\/a><\/div>\n<\/div>\r\n\r\n\r\n<\/div>\r\n\r\n\r\n\r\n<p style=\"text-align: center;\"><strong>Beispiele<\/strong><\/p>\r\n\r\n<div class=\"wp-block-columns is-layout-flex wp-container-core-columns-is-layout-9d6595d7 wp-block-columns-is-layout-flex\">\r\n\r\n\r\n<div class=\"wp-block-column is-layout-flow wp-block-column-is-layout-flow\"><div class=\"su-button-center\"><a href=\"https:\/\/adg.be\/fr\/PortalData\/46\/Resources\/dokumente\/artikel-dokumente\/bewerbungen\/Leitfaden_Bewerbung_2022.pdf\" class=\"su-button su-button-style-flat\" style=\"color:#FFFFFF;background-color:#144bb6;border-color:#103c92;border-radius:1px\" target=\"_self\"><span style=\"color:#FFFFFF;padding:0px 24px;font-size:18px;line-height:36px;border-color:#5b81cc;border-radius:1px;text-shadow:none\">  Beispiel &#8211; 1 <\/span><\/a><\/div>\n<\/div>\r\n\r\n\r\n\r\n<div class=\"wp-block-column is-layout-flow wp-block-column-is-layout-flow\"><div class=\"su-button-center\"><a href=\"https:\/\/sequoya.de\/wp-content\/uploads\/Handout-Satzbausteine_Anschreiben.pdf\" class=\"su-button su-button-style-flat\" style=\"color:#FFFFFF;background-color:#144bb6;border-color:#103c92;border-radius:1px\" target=\"_self\"><span style=\"color:#FFFFFF;padding:0px 24px;font-size:18px;line-height:36px;border-color:#5b81cc;border-radius:1px;text-shadow:none\">  Beispiel &#8211; 2 <\/span><\/a><\/div>\n<\/div>\r\n\r\n\r\n<\/div>\r\n\r\n\r\n<hr class=\"wp-block-separator has-alpha-channel-opacity\" \/>\r\n\r\n\r\n\r\n<div class=\"wp-block-columns is-layout-flex wp-container-core-columns-is-layout-9d6595d7 wp-block-columns-is-layout-flex\">\r\n\r\n\r\n<div class=\"wp-block-column is-layout-flow wp-block-column-is-layout-flow\"><div class=\"su-button-center\"><a href=\"https:\/\/www.fh-muenster.de\/studium\/downloads\/Manual_Starke_Bewerbung_mit_Matching-Tabelle.pdf\" class=\"su-button su-button-style-flat\" style=\"color:#FFFFFF;background-color:#144bb6;border-color:#103c92;border-radius:1px\" target=\"_self\"><span style=\"color:#FFFFFF;padding:0px 24px;font-size:18px;line-height:36px;border-color:#5b81cc;border-radius:1px;text-shadow:none\">  Beispiel &#8211; 3 <\/span><\/a><\/div>\n<\/div>\r\n\r\n\r\n\r\n<div class=\"wp-block-column is-layout-flow wp-block-column-is-layout-flow\"><div class=\"su-button-center\"><a href=\"https:\/\/adg.be\/fr\/PortalData\/46\/Resources\/dokumente\/artikel-dokumente\/bewerbungen\/Leitfaden_Bewerbung_2022.pdf\" class=\"su-button su-button-style-flat\" style=\"color:#FFFFFF;background-color:#144bb6;border-color:#103c92;border-radius:1px\" target=\"_self\"><span style=\"color:#FFFFFF;padding:0px 24px;font-size:18px;line-height:36px;border-color:#5b81cc;border-radius:1px;text-shadow:none\">  Beispiel &#8211; 4 <\/span><\/a><\/div>\n<\/div>\r\n\r\n\r\n<\/div>\r\n\r\n\r\n<hr class=\"wp-block-separator has-alpha-channel-opacity\" \/>\r\n\r\n<!-- \/wp:post-content -->\r\n\r\n<!-- wp:table {\"align\":\"center\"} -->\r\n<figure class=\"wp-block-table aligncenter\">\r\n<table>\r\n<tbody>\r\n<tr>\r\n<td style=\"text-align: center;\">Bewerbungsschreiben Ohne Berufserfahrung<\/td>\r\n<\/tr>\r\n<tr>\r\n<td style=\"text-align: center;\">PDF &#8211; WORD Datei<\/td>\r\n<\/tr>\r\n<tr>\r\n<td style=\"text-align: center;\">Bewertung: \u2b50\u2b50\u2b50\u2b50\u2b50 4.48<\/td>\r\n<\/tr>\r\n<tr>\r\n<td style=\"text-align: center;\">Ergebnisse &#8211; 6108<\/td>\r\n<\/tr>\r\n<\/tbody>\r\n<\/table>\r\n<\/figure>\r\n<!-- \/wp:table -->\r\n\r\n<!-- wp:separator -->\r\n\r\n<hr class=\"wp-block-separator has-alpha-channel-opacity\" \/>\r\n\r\n<!-- \/wp:separator -->\r\n\r\n<div class=\"su-note\"  style=\"border-color:#e5e5e5;border-radius:10px;-moz-border-radius:10px;-webkit-border-radius:10px;\"><div class=\"su-note-inner su-u-clearfix su-u-trim\" style=\"background-color:#FFFFFF;border-color:#ffffff;color:#333333;border-radius:10px;-moz-border-radius:10px;-webkit-border-radius:10px;\">\r\n\r\n<h3>Einleitung<\/h3> <p> Ein Bewerbungsschreiben ist ein wichtiger Teil des Bewerbungsprozesses. Es zeigt dem potenziellen Arbeitgeber, wer Sie sind, warum Sie an der Stelle interessiert sind und welche F\u00e4higkeiten und Erfahrungen Sie mitbringen. Wenn Sie noch keine Berufserfahrung haben, kann das Verfassen eines Bewerbungsschreibens eine herausfordernde Aufgabe sein. In dieser Anleitung werden wir Ihnen Schritt f\u00fcr Schritt erkl\u00e4ren, wie Sie ein effektives Bewerbungsschreiben ohne Berufserfahrung verfassen k\u00f6nnen. <\/p>  <h3>1. Aufbau<\/h3> <p> Ein Bewerbungsschreiben besteht aus drei Hauptteilen: der Einleitung, dem Hauptteil und dem Schluss. <\/p>  <h4>1.1 Einleitung<\/h4> <p> Die Einleitung dient dazu, das Interesse des Lesers zu wecken und einen positiven ersten Eindruck zu hinterlassen. In diesem Abschnitt stellen Sie sich kurz vor, nennen den Grund f\u00fcr Ihre Bewerbung und zeigen Ihr Interesse an der Stelle oder dem Unternehmen. Hier sind einige Tipps, wie Sie Ihre Einleitung gestalten k\u00f6nnen: <\/p> <ul> <li>Seien Sie pr\u00e4gnant und direkt.<\/li> <li>Zeigen Sie, dass Sie sich mit dem Unternehmen auseinandergesetzt haben.<\/li> <li>Betonen Sie Ihre Motivation und Ihr Interesse an der Stelle.<\/li> <li>Vermeiden Sie allgemeine Phrasen und formulieren Sie individuell.<\/li> <\/ul>  <h4>1.2 Hauptteil<\/h4> <p> Der Hauptteil ist der l\u00e4ngste Teil Ihres Bewerbungsschreibens und sollte Ihre Qualifikationen, F\u00e4higkeiten und Erfahrungen hervorheben. Obwohl Sie keine Berufserfahrung haben, k\u00f6nnen Sie andere relevante Erfahrungen und F\u00e4higkeiten erw\u00e4hnen, die Sie f\u00fcr die Stelle qualifizieren. Hier sind einige Tipps f\u00fcr den Hauptteil: <\/p> <ul> <li>Geben Sie relevante Informationen zu Ihrer Ausbildung, z.B. Schule, Universit\u00e4t und Abschl\u00fcsse.<\/li> <li>Listen Sie Praktika, Freiwilligenarbeit oder Nebenjobs auf, die Ihre F\u00e4higkeiten und Arbeitsmoral demonstrieren.<\/li> <li>Vergleichen Sie Ihre Erfahrungen mit den Anforderungen der Stelle und betonen Sie, wie Sie diese erf\u00fcllen k\u00f6nnen.<\/li> <li>Verwenden Sie konkrete Beispiele und Zahlen, um Ihre Aussagen zu unterst\u00fctzen.<\/li> <\/ul>  <h4>1.3 Schluss<\/h4> <p> Im Schlussteil sollten Sie sich f\u00fcr die Ber\u00fccksichtigung Ihrer Bewerbung bedanken und Ihr Interesse an einem pers\u00f6nlichen Gespr\u00e4ch oder an weiteren Informationen bekunden. Hier sind einige Tipps f\u00fcr den Schluss: <\/p> <ul> <li>Fassen Sie Ihre wichtigsten Punkte kurz zusammen.<\/li> <li>Bringen Sie Ihre Wertsch\u00e4tzung f\u00fcr die M\u00f6glichkeit zum Ausdruck, sich pers\u00f6nlich vorstellen zu d\u00fcrfen.<\/li> <li>Ermutigen Sie den Arbeitgeber, Sie zu kontaktieren, um weitere Informationen zu erhalten.<\/li> <li>Beenden Sie den Brief mit einer h\u00f6flichen Gru\u00dfformel.<\/li> <\/ul>  <h3>2. Formale Gestaltung<\/h3> <p> Die formale Gestaltung eines Bewerbungsschreibens ist von gro\u00dfer Bedeutung. Hier sind einige wichtige \u00dcberlegungen dazu: <\/p> <dl> <dt>2.1. \u00dcberschrift und Absender<\/dt> <dd>Setzen Sie Ihre vollst\u00e4ndige Adresse und Kontaktdaten in die obere linke Ecke des Briefes. Darunter platzieren Sie das Datum.<\/dd>  <dt>2.2. Adressat<\/dt> <dd>Nennen Sie den Namen des Ansprechpartners und des Unternehmens in der Anrede. Falls der Name nicht bekannt ist, k\u00f6nnen Sie auch eine allgemeine Anrede verwenden, wie z.B. &#8220;Sehr geehrte Damen und Herren&#8221;.<\/dd>  <dt>2.3. Anrede<\/dt> <dd>Verwenden Sie eine h\u00f6fliche Anrede, wie z.B. &#8220;Sehr geehrte\/r Herr\/Frau [Nachname]&#8221;. Falls der Name nicht bekannt ist, k\u00f6nnen Sie auch wieder eine allgemeine Anrede verwenden.<\/dd>  <dt>2.4. L\u00e4nge und Layout<\/dt> <dd>Ihr Bewerbungsschreiben sollte eine Seite nicht \u00fcberschreiten und in Abs\u00e4tze unterteilt werden, um die Lesbarkeit zu verbessern. Verwenden Sie eine gut lesbare Schriftart und eine angemessene Schriftgr\u00f6\u00dfe.<\/dd>  <dt>2.5. Unterschrift<\/dt> <dd>Unter Ihrem Schlussteil sollten Sie Ihre Unterschrift platzieren. Schreiben Sie Ihren Namen in Druckschrift darunter.<\/dd> <\/dl>  <h3>3. Beispielbewerbungsschreiben<\/h3> <p> Hier ist ein Beispielbewerbungsschreiben f\u00fcr eine Stelle ohne Berufserfahrung: <\/p> <pre> Ihr Name Ihre Adresse Ihre Telefonnummer Ihre E-Mail-Adresse  Datum  Name des Ansprechpartners Name des Unternehmens Adresse des Unternehmens  Sehr geehrte\/r Herr\/Frau [Nachname],  Ich schreibe Ihnen, um mich f\u00fcr die Position [Stellenbezeichnung] bei [Unternehmen] zu bewerben. Ich wurde auf Ihre Stellenausschreibung auf [Jobportal\/Unternehmenswebsite] aufmerksam und bin sehr interessiert an der M\u00f6glichkeit, mich in diesem spannenden Bereich weiterzuentwickeln.  Obwohl ich bisher noch keine Berufserfahrung vorweisen kann, habe ich verschiedene relevante Erfahrungen in [relevantem Bereich] gesammelt. W\u00e4hrend meiner Schulzeit war ich Mitglied des Sch\u00fclerparlaments, wo ich meine organisatorischen und kommunikativen F\u00e4higkeiten unter Beweis stellen konnte. Zus\u00e4tzlich habe ich an verschiedenen Praktika teilgenommen, die mir Einblicke in die Arbeitswelt gew\u00e4hrt haben.  Meine Ausbildung am [Name der Schule\/Universit\u00e4t] hat mir eine fundierte Grundlage in [relevanten F\u00e4higkeiten] vermittelt. W\u00e4hrend des Studiums habe ich auch an verschiedenen Projekten teilgenommen, in denen ich meine Teamf\u00e4higkeit und mein Engagement unter Beweis stellen konnte.  Ich bin besonders an [Unternehmen] interessiert, da Ihr Ruf f\u00fcr Innovation und Exzellenz in der Branche bekannt ist. Ich habe mich ausf\u00fchrlich mit Ihrem Unternehmen und seinen Produkten besch\u00e4ftigt und bin beeindruckt von den Errungenschaften, die Sie bereits erzielt haben.  \u00dcber ein pers\u00f6nliches Gespr\u00e4ch, in dem ich meine Motivation und meine F\u00e4higkeiten weiter erl\u00e4utern kann, w\u00fcrde ich mich sehr freuen. Vielen Dank f\u00fcr Ihre Zeit und die Ber\u00fccksichtigung meiner Bewerbung.  Mit freundlichen Gr\u00fc\u00dfen,  Ihre Unterschrift (bei ausgedrucktem Brief) Ihr Name (in Druckschrift) <\/pre>  <h3><\/h3> <p> Das Verfassen eines Bewerbungsschreibens ohne Berufserfahrung erfordert sorgf\u00e4ltige \u00dcberlegungen und eine pr\u00e4zise Struktur. Mit dieser detaillierten Anleitung sollten Sie in der Lage sein, ein \u00fcberzeugendes Bewerbungsschreiben zu verfassen, das Ihre Qualifikationen und Ihr Interesse an der angebotenen Stelle widerspiegelt. Denken Sie daran, Ihre St\u00e4rken klar und konkret zu formulieren und relevante Erfahrungen, F\u00e4higkeiten und Leistungen hervorzuheben. Viel Erfolg bei Ihrer Bewerbung! <\/p>\r\n\r\n<\/div><\/div>\r\n\r\n<!-- wp:separator -->\r\n\r\n<hr class=\"wp-block-separator has-alpha-channel-opacity\" \/>","protected":false},"excerpt":{"rendered":"<p>Vorlage und Muster f\u00fcr Bewerbungsschreiben Ohne Berufserfahrung &#8211; Erstellung und Ausf\u00fcllen &#8211; \u00d6ffnen im WORD und PDF Datei und Online &#8230; <\/p>\n<p class=\"read-more-container\"><a title=\"\u00d6ffnen &#8211; Bewerbungsschreiben Ohne Berufserfahrung\" class=\"read-more button\" href=\"https:\/\/schreibenpro.com\/de\/bewerbungsschreiben-ohne-berufserfahrung-offnen\/#more-486\" aria-label=\"Mehr zu \u00d6ffnen &#8211; Bewerbungsschreiben Ohne Berufserfahrung\">\u00d6FFNEN <\/a><\/p>\n","protected":false},"author":1,"featured_media":0,"parent":0,"menu_order":0,"comment_status":"closed","ping_status":"closed","template":"","meta":{"footnotes":""},"class_list":{"0":"post-486","1":"page","2":"type-page","3":"status-publish","5":"infinite-scroll-item"},"yoast_head":"<!-- This site is optimized with the Yoast SEO plugin v24.6 - https:\/\/yoast.com\/wordpress\/plugins\/seo\/ -->\n<title>\u00d6ffnen - Bewerbungsschreiben Ohne Berufserfahrung - Schreiben PRO<\/title>\n<meta name=\"robots\" content=\"noindex, follow\" \/>\n<meta property=\"og:locale\" content=\"de_DE\" \/>\n<meta property=\"og:type\" content=\"article\" \/>\n<meta property=\"og:title\" content=\"\u00d6ffnen - Bewerbungsschreiben Ohne Berufserfahrung - Schreiben PRO\" \/>\n<meta property=\"og:description\" content=\"Vorlage und Muster f\u00fcr Bewerbungsschreiben Ohne Berufserfahrung &#8211; Erstellung und Ausf\u00fcllen &#8211; \u00d6ffnen im WORD und PDF Datei und Online ... \u00d6FFNEN\" \/>\n<meta property=\"og:url\" content=\"https:\/\/schreibenpro.com\/de\/bewerbungsschreiben-ohne-berufserfahrung-offnen\/\" \/>\n<meta property=\"og:site_name\" content=\"Schreiben PRO\" \/>\n<meta property=\"og:image\" content=\"https:\/\/schreibenpro.com\/de\/wp-content\/uploads\/bewerbungsschreiben-ohne-berufserfahrung-muster-vorlage.jpg\" \/>\n<meta name=\"twitter:card\" content=\"summary_large_image\" \/>\n<meta name=\"twitter:label1\" content=\"Gesch\u00e4tzte Lesezeit\" \/>\n\t<meta name=\"twitter:data1\" content=\"1\u00a0Minute\" \/>\n<!-- \/ Yoast SEO plugin. -->","yoast_head_json":{"title":"\u00d6ffnen - Bewerbungsschreiben Ohne Berufserfahrung - Schreiben PRO","robots":{"index":"noindex","follow":"follow"},"og_locale":"de_DE","og_type":"article","og_title":"\u00d6ffnen - Bewerbungsschreiben Ohne Berufserfahrung - Schreiben PRO","og_description":"Vorlage und Muster f\u00fcr Bewerbungsschreiben Ohne Berufserfahrung &#8211; Erstellung und Ausf\u00fcllen &#8211; \u00d6ffnen im WORD und PDF Datei und Online ... \u00d6FFNEN","og_url":"https:\/\/schreibenpro.com\/de\/bewerbungsschreiben-ohne-berufserfahrung-offnen\/","og_site_name":"Schreiben PRO","og_image":[{"url":"https:\/\/schreibenpro.com\/de\/wp-content\/uploads\/bewerbungsschreiben-ohne-berufserfahrung-muster-vorlage.jpg","type":"","width":"","height":""}],"twitter_card":"summary_large_image","twitter_misc":{"Gesch\u00e4tzte Lesezeit":"1\u00a0Minute"},"schema":{"@context":"https:\/\/schema.org","@graph":[{"@type":"WebPage","@id":"https:\/\/schreibenpro.com\/de\/bewerbungsschreiben-ohne-berufserfahrung-offnen\/","url":"https:\/\/schreibenpro.com\/de\/bewerbungsschreiben-ohne-berufserfahrung-offnen\/","name":"\u00d6ffnen - Bewerbungsschreiben Ohne Berufserfahrung - Schreiben PRO","isPartOf":{"@id":"https:\/\/schreibenpro.com\/de\/#website"},"primaryImageOfPage":{"@id":"https:\/\/schreibenpro.com\/de\/bewerbungsschreiben-ohne-berufserfahrung-offnen\/#primaryimage"},"image":{"@id":"https:\/\/schreibenpro.com\/de\/bewerbungsschreiben-ohne-berufserfahrung-offnen\/#primaryimage"},"thumbnailUrl":"https:\/\/schreibenpro.com\/de\/wp-content\/uploads\/bewerbungsschreiben-ohne-berufserfahrung-muster-vorlage.jpg","datePublished":"2023-12-18T08:24:01+00:00","breadcrumb":{"@id":"https:\/\/schreibenpro.com\/de\/bewerbungsschreiben-ohne-berufserfahrung-offnen\/#breadcrumb"},"inLanguage":"de","potentialAction":[{"@type":"ReadAction","target":["https:\/\/schreibenpro.com\/de\/bewerbungsschreiben-ohne-berufserfahrung-offnen\/"]}]},{"@type":"ImageObject","inLanguage":"de","@id":"https:\/\/schreibenpro.com\/de\/bewerbungsschreiben-ohne-berufserfahrung-offnen\/#primaryimage","url":"https:\/\/schreibenpro.com\/de\/wp-content\/uploads\/anschreiben-zum-angebot-muster-vorlage.jpg","contentUrl":"https:\/\/schreibenpro.com\/de\/wp-content\/uploads\/anschreiben-zum-angebot-muster-vorlage.jpg","width":1410,"height":2250},{"@type":"BreadcrumbList","@id":"https:\/\/schreibenpro.com\/de\/bewerbungsschreiben-ohne-berufserfahrung-offnen\/#breadcrumb","itemListElement":[{"@type":"ListItem","position":1,"name":"Portada","item":"https:\/\/schreibenpro.com\/de\/"},{"@type":"ListItem","position":2,"name":"\u00d6ffnen &#8211; Bewerbungsschreiben Ohne Berufserfahrung"}]},{"@type":"WebSite","@id":"https:\/\/schreibenpro.com\/de\/#website","url":"https:\/\/schreibenpro.com\/de\/","name":"Schreiben PRO","description":"Muster und Vorlage","publisher":{"@id":"https:\/\/schreibenpro.com\/de\/#organization"},"potentialAction":[{"@type":"SearchAction","target":{"@type":"EntryPoint","urlTemplate":"https:\/\/schreibenpro.com\/de\/?s={search_term_string}"},"query-input":{"@type":"PropertyValueSpecification","valueRequired":true,"valueName":"search_term_string"}}],"inLanguage":"de"},{"@type":"Organization","@id":"https:\/\/schreibenpro.com\/de\/#organization","name":"Schreiben PRO","url":"https:\/\/schreibenpro.com\/de\/","logo":{"@type":"ImageObject","inLanguage":"de","@id":"https:\/\/schreibenpro.com\/de\/#\/schema\/logo\/image\/","url":"https:\/\/schreibenpro.com\/de\/wp-content\/uploads\/cropped-fav.png","contentUrl":"https:\/\/schreibenpro.com\/de\/wp-content\/uploads\/cropped-fav.png","width":512,"height":512,"caption":"Schreiben PRO"},"image":{"@id":"https:\/\/schreibenpro.com\/de\/#\/schema\/logo\/image\/"}}]}},"_links":{"self":[{"href":"https:\/\/schreibenpro.com\/de\/wp-json\/wp\/v2\/pages\/486","targetHints":{"allow":["GET"]}}],"collection":[{"href":"https:\/\/schreibenpro.com\/de\/wp-json\/wp\/v2\/pages"}],"about":[{"href":"https:\/\/schreibenpro.com\/de\/wp-json\/wp\/v2\/types\/page"}],"author":[{"embeddable":true,"href":"https:\/\/schreibenpro.com\/de\/wp-json\/wp\/v2\/users\/1"}],"replies":[{"embeddable":true,"href":"https:\/\/schreibenpro.com\/de\/wp-json\/wp\/v2\/comments?post=486"}],"version-history":[{"count":0,"href":"https:\/\/schreibenpro.com\/de\/wp-json\/wp\/v2\/pages\/486\/revisions"}],"wp:attachment":[{"href":"https:\/\/schreibenpro.com\/de\/wp-json\/wp\/v2\/media?parent=486"}],"curies":[{"name":"wp","href":"https:\/\/api.w.org\/{rel}","templated":true}]}}