{"id":487,"date":"2023-12-18T08:24:02","date_gmt":"2023-12-18T08:24:02","guid":{"rendered":"https:\/\/schreibenpro.com\/de\/recall-schreiben-arztpraxis-offnen\/"},"modified":"2023-12-18T08:24:02","modified_gmt":"2023-12-18T08:24:02","slug":"recall-schreiben-arztpraxis-offnen","status":"publish","type":"page","link":"https:\/\/schreibenpro.com\/de\/recall-schreiben-arztpraxis-offnen\/","title":{"rendered":"\u00d6ffnen &#8211; Recall Schreiben Arztpraxis"},"content":{"rendered":"\r\n<p class=\"has-text-align-center\">Vorlage und Muster f\u00fcr <strong> Recall Schreiben Arztpraxis<\/strong> &#8211; Erstellung und Ausf\u00fcllen &#8211; \u00d6ffnen im <strong>PDF  WORD<\/strong> Datei und Online<\/p>\r\n\r\n\r\n\r\n\r\n<div class=\"wp-block-image\">\r\n<figure class=\"aligncenter size-large is-resized\"><img loading=\"lazy\" decoding=\"async\" class=\"wp-image-215\" src=\"https:\/\/schreibenpro.com\/de\/wp-content\/uploads\/recall-schreiben-arztpraxis-muster-vorlage.jpg\" alt=\"\" width=\"245\" height=\"391\" \/><\/figure>\r\n<\/div>\r\n\r\n\r\n\r\n<hr class=\"wp-block-separator has-alpha-channel-opacity\" \/>\r\n\r\n\r\n\r\n\r\n\r\n<div class=\"su-note\"  style=\"border-color:#e5e5e5;border-radius:10px;-moz-border-radius:10px;-webkit-border-radius:10px;\"><div class=\"su-note-inner su-u-clearfix su-u-trim\" style=\"background-color:#FFFFFF;border-color:#ffffff;color:#333333;border-radius:10px;-moz-border-radius:10px;-webkit-border-radius:10px;\">\r\n\r\n<section id=\"specialParagraph\"><p> Sehr geehrte Patientinnen und Patienten, <\/p>  <p> Ich m\u00f6chte Sie freundlich daran erinnern, dass es Zeit f\u00fcr Ihren n\u00e4chsten Vorsorgetermin in unserer Arztpraxis ist. Ihre Gesundheit ist uns wichtig und regelm\u00e4\u00dfige Vorsorgeuntersuchungen sind entscheidend, um m\u00f6gliche gesundheitliche Probleme fr\u00fchzeitig zu erkennen und zu behandeln. <\/p>  <p> <strong>Warum ist eine Vorsorgeuntersuchung wichtig?<\/strong> <\/p> <p> Eine regelm\u00e4\u00dfige Vorsorgeuntersuchung erm\u00f6glicht es uns, Ihren allgemeinen Gesundheitszustand festzustellen, m\u00f6gliche Risikofaktoren zu identifizieren und gegebenenfalls pr\u00e4ventive Ma\u00dfnahmen zu ergreifen. Durch eine fr\u00fchzeitige Erkennung von Krankheiten k\u00f6nnen wir eine bessere Behandlung und eine h\u00f6here Erfolgschance bei der Genesung gew\u00e4hrleisten. <\/p>  <p> <strong>Terminvereinbarung<\/strong> <\/p> <p> Um Ihnen gr\u00f6\u00dftm\u00f6gliche Flexibilit\u00e4t bei der Terminvereinbarung zu bieten, haben wir verschiedene Optionen f\u00fcr Sie zur Auswahl: <\/p> <ol> <li> <strong>Online-Terminvereinbarung:<\/strong> Besuchen Sie unsere Website unter www.arztpraxis-beispiel.de und nutzen Sie unser Terminvereinbarungsformular, um Ihren n\u00e4chsten Vorsorgetermin zu buchen. <\/li> <li> <strong>Telefonische Terminvereinbarung:<\/strong> Rufen Sie uns unter der Telefonnummer 01234-56789 an und unsere freundlichen Mitarbeiter*innen helfen Ihnen gerne bei der Vereinbarung Ihres Vorsorgetermins. <\/li> <li> <strong>Pers\u00f6nliche Terminvereinbarung:<\/strong> Besuchen Sie unsere Arztpraxis w\u00e4hrend unserer Sprechzeiten und vereinbaren Sie Ihren n\u00e4chsten Vorsorgetermin direkt an der Rezeption. <\/li> <\/ol>  <p> Bitte beachten Sie, dass wir aufgrund der hohen Nachfrage empfehlen, Ihren Termin so fr\u00fch wie m\u00f6glich zu buchen, um sicherzustellen, dass Sie den gew\u00fcnschten Termin erhalten. <\/p>  <p> <strong>Was sollten Sie zum Termin mitbringen?<\/strong> <\/p> <p> Um Ihnen einen reibungslosen Ablauf Ihres Vorsorgetermins zu erm\u00f6glichen, bitten wir Sie, folgende Unterlagen mitzubringen: <\/p> <ul> <li> Ihre aktuelle Krankenversicherungskarte <\/li> <li> Befunde von evtl. vorangegangenen Untersuchungen oder Behandlungen <\/li> <li> Eine Liste mit aktuellen Medikamenten, die Sie einnehmen <\/li> <\/ul>  <p> <strong>Wichtige Informationen zur Praxis<\/strong> <\/p> <p> Unsere Arztpraxis befindet sich in der Musterstra\u00dfe 123, 12345 Musterstadt. Parkm\u00f6glichkeiten sind in der n\u00e4heren Umgebung ausreichend vorhanden. Bitte planen Sie gen\u00fcgend Zeit f\u00fcr die Anfahrt und m\u00f6gliche Wartezeiten ein. <\/p> <p> Unsere Sprechzeiten sind wie folgt: <\/p> <dl> <dt>Montag &#8211; Freitag<\/dt> <dd>08:00 &#8211; 12:00 Uhr<\/dd> <dt>Montag, Dienstag, Donnerstag<\/dt> <dd>14:00 &#8211; 17:00 Uhr<\/dd> <\/dl>  <p> <strong>Schlusswort<\/strong> <\/p> <p> Wir hoffen, dass Ihnen dieser Recall Brief dabei hilft, Ihren n\u00e4chsten Vorsorgetermin zu vereinbaren und wir Sie bald in unserer Arztpraxis begr\u00fc\u00dfen d\u00fcrfen. F\u00fcr weitere Fragen oder Informationen stehen wir Ihnen jederzeit gerne zur Verf\u00fcgung. <\/p>  <p> Mit freundlichen Gr\u00fc\u00dfen<br> Dr. Max Mustermann<br> Arztpraxis Musterstadt <\/p><\/section><\/div><\/div>\r\n\r\n&nbsp;\r\n\r\n\r\n\r\n\r\n\r\n\r\n<p class=\"has-text-align-center\">Muster und Vorlage f\u00fcr <strong> Recall Schreiben Arztpraxis <\/strong> zur Anpassung und Erstellung  im <strong>WORD<\/strong>\u2013 und <strong>PDF-Format<\/strong><\/p>\r\n\r\n\r\n<button id=\"generatePDF\">Erstellen (PDF &#8211; WORD)<\/button>\r\n\r\n\r\n\r\n<hr class=\"wp-block-separator has-alpha-channel-opacity\" \/>\r\n\r\n\r\n\r\n<p style=\"text-align: center;\"><strong>Recall Schreiben Arztpraxis<\/strong><\/p>\r\n\r\n<div class=\"wp-block-columns is-layout-flex wp-container-core-columns-is-layout-9d6595d7 wp-block-columns-is-layout-flex\">\r\n\r\n\r\n<div class=\"wp-block-column is-layout-flow wp-block-column-is-layout-flow\"><div class=\"su-button-center\"><a href=\"https:\/\/www.iww.de\/ppz\/kommunikation\/patientenbindung-recall-so-koennen-sie-formulieren-f99526?save\" class=\"su-button su-button-style-flat\" style=\"color:#FFFFFF;background-color:#144bb6;border-color:#103c92;border-radius:1px\" target=\"_self\"><span style=\"color:#FFFFFF;padding:0px 24px;font-size:18px;line-height:36px;border-color:#5b81cc;border-radius:1px;text-shadow:none\">   PDF <\/span><\/a><\/div>\n<\/div>\r\n\r\n\r\n\r\n<div class=\"wp-block-column is-layout-flow wp-block-column-is-layout-flow\"><div class=\"su-button-center\"><a href=\"https:\/\/www.pkv-institut.de\/fileadmin\/data\/Downloads_Top_25\/Muster_Einverst%C3%A4ndniserkl%C3%A4rung_Recall.dotx\" class=\"su-button su-button-style-flat\" style=\"color:#FFFFFF;background-color:#144bb6;border-color:#103c92;border-radius:1px\" target=\"_self\"><span style=\"color:#FFFFFF;padding:0px 24px;font-size:18px;line-height:36px;border-color:#5b81cc;border-radius:1px;text-shadow:none\">   DOC<\/span><\/a><\/div>\n<\/div>\r\n\r\n\r\n<\/div>\r\n\r\n\r\n\r\n<p style=\"text-align: center;\"><strong>Beispiele<\/strong><\/p>\r\n\r\n<div class=\"wp-block-columns is-layout-flex wp-container-core-columns-is-layout-9d6595d7 wp-block-columns-is-layout-flex\">\r\n\r\n\r\n<div class=\"wp-block-column is-layout-flow wp-block-column-is-layout-flow\"><div class=\"su-button-center\"><a href=\"https:\/\/www.hung-dubosq.de\/downloads\/einverstaendiserklaerung_recall.pdf\" class=\"su-button su-button-style-flat\" style=\"color:#FFFFFF;background-color:#144bb6;border-color:#103c92;border-radius:1px\" target=\"_self\"><span style=\"color:#FFFFFF;padding:0px 24px;font-size:18px;line-height:36px;border-color:#5b81cc;border-radius:1px;text-shadow:none\">  Beispiel &#8211; 1 <\/span><\/a><\/div>\n<\/div>\r\n\r\n\r\n\r\n<div class=\"wp-block-column is-layout-flow wp-block-column-is-layout-flow\"><div class=\"su-button-center\"><a href=\"https:\/\/www.iww.de\/ppz\/kommunikation\/patientenbindung-recall-so-koennen-sie-formulieren-f99526?save\" class=\"su-button su-button-style-flat\" style=\"color:#FFFFFF;background-color:#144bb6;border-color:#103c92;border-radius:1px\" target=\"_self\"><span style=\"color:#FFFFFF;padding:0px 24px;font-size:18px;line-height:36px;border-color:#5b81cc;border-radius:1px;text-shadow:none\">  Beispiel &#8211; 2 <\/span><\/a><\/div>\n<\/div>\r\n\r\n\r\n<\/div>\r\n\r\n\r\n<hr class=\"wp-block-separator has-alpha-channel-opacity\" \/>\r\n\r\n\r\n\r\n<div class=\"wp-block-columns is-layout-flex wp-container-core-columns-is-layout-9d6595d7 wp-block-columns-is-layout-flex\">\r\n\r\n\r\n<div class=\"wp-block-column is-layout-flow wp-block-column-is-layout-flow\"><div class=\"su-button-center\"><a href=\"https:\/\/www.zahnaerzte-remscheid.de\/fileadmin\/Bilder\/PDF\/Recall_Patientenaufklaerung_und_Einverstaendniserklaerung.pdf\" class=\"su-button su-button-style-flat\" style=\"color:#FFFFFF;background-color:#144bb6;border-color:#103c92;border-radius:1px\" target=\"_self\"><span style=\"color:#FFFFFF;padding:0px 24px;font-size:18px;line-height:36px;border-color:#5b81cc;border-radius:1px;text-shadow:none\">  Beispiel &#8211; 3 <\/span><\/a><\/div>\n<\/div>\r\n\r\n\r\n\r\n<div class=\"wp-block-column is-layout-flow wp-block-column-is-layout-flow\"><div class=\"su-button-center\"><a href=\"https:\/\/www.iww.de\/ppz\/kommunikation\/patientenbindung-recall-so-koennen-sie-formulieren-f99526?save\" class=\"su-button su-button-style-flat\" style=\"color:#FFFFFF;background-color:#144bb6;border-color:#103c92;border-radius:1px\" target=\"_self\"><span style=\"color:#FFFFFF;padding:0px 24px;font-size:18px;line-height:36px;border-color:#5b81cc;border-radius:1px;text-shadow:none\">  Beispiel &#8211; 4 <\/span><\/a><\/div>\n<\/div>\r\n\r\n\r\n<\/div>\r\n\r\n\r\n<hr class=\"wp-block-separator has-alpha-channel-opacity\" \/>\r\n\r\n<!-- \/wp:post-content -->\r\n\r\n<!-- wp:table {\"align\":\"center\"} -->\r\n<figure class=\"wp-block-table aligncenter\">\r\n<table>\r\n<tbody>\r\n<tr>\r\n<td style=\"text-align: center;\">Recall Schreiben Arztpraxis<\/td>\r\n<\/tr>\r\n<tr>\r\n<td style=\"text-align: center;\">PDF &#8211; WORD Datei<\/td>\r\n<\/tr>\r\n<tr>\r\n<td style=\"text-align: center;\">Bewertung: \u2b50\u2b50\u2b50\u2b50\u2b50 4.15<\/td>\r\n<\/tr>\r\n<tr>\r\n<td style=\"text-align: center;\">Ergebnisse &#8211; 4269<\/td>\r\n<\/tr>\r\n<\/tbody>\r\n<\/table>\r\n<\/figure>\r\n<!-- \/wp:table -->\r\n\r\n<!-- wp:separator -->\r\n\r\n<hr class=\"wp-block-separator has-alpha-channel-opacity\" \/>\r\n\r\n<!-- \/wp:separator -->\r\n\r\n<div class=\"su-note\"  style=\"border-color:#e5e5e5;border-radius:10px;-moz-border-radius:10px;-webkit-border-radius:10px;\"><div class=\"su-note-inner su-u-clearfix su-u-trim\" style=\"background-color:#FFFFFF;border-color:#ffffff;color:#333333;border-radius:10px;-moz-border-radius:10px;-webkit-border-radius:10px;\">\r\n\r\n<p>Eine der wichtigsten Aufgaben einer Arztpraxis ist es, die Patienten \u00fcber bevorstehende Termine und Untersuchungen zu informieren. Ein effektiver Weg, dies zu tun, ist das Verfassen eines Recall-Schreibens. In diesem Leitfaden werden wir die verschiedenen Schritte und Bestandteile eines Recall-Schreibens ausf\u00fchrlich erl\u00e4utern und Ihnen hilfreiche Tipps und Beispiele geben.<\/p>  <h3>Inhalt des Recall-Schreibens<\/h3>  <p>Ein Recall-Schreiben sollte die folgenden Informationen enthalten:<\/p>  <dl> <dt>1. Einleitung<\/dt> <dd> <p>In der Einleitung sollten Sie den Patienten freundlich begr\u00fc\u00dfen und den Grund f\u00fcr das Schreiben angeben. Geben Sie an, dass es Zeit f\u00fcr einen weiteren Termin oder eine Untersuchung ist.<\/p> <p>Beispiel:<\/p> <blockquote> <p>Sehr geehrter Patient,<\/p> <p>wir schreiben Ihnen, um Sie daran zu erinnern, dass es Zeit f\u00fcr Ihre j\u00e4hrliche Vorsorgeuntersuchung ist.<\/p> <\/blockquote> <\/dd>  <dt>2. Hauptteil<\/dt> <dd> <p>Im Hauptteil sollten Sie alle relevanten Details zum Termin oder zur Untersuchung bereitstellen. Nennen Sie das Datum, die Uhrzeit und den Ort des Termins. Geben Sie auch Anweisungen, die der Patient vor dem Termin befolgen muss, wie n\u00fcchtern bleiben oder bestimmte Medikamente absetzen.<\/p> <p>Beispiel:<\/p> <blockquote> <p>Ihr Termin findet am 20. September 2022 um 10:00 Uhr in unserer Praxis statt. Bitte beachten Sie, dass Sie ab Mitternacht vor dem Termin nichts essen oder trinken d\u00fcrfen.<\/p> <\/blockquote> <\/dd>  <dt>3. Schluss<\/dt> <dd> <p>Im Schlussteil sollten Sie sich f\u00fcr das Vertrauen des Patienten bedanken und ihm mitteilen, dass er sich bei Fragen oder \u00c4nderungen des Termins an die Praxis wenden kann. Geben Sie auch Ihre Kontaktdaten an, wie Telefonnummer und E-Mail-Adresse.<\/p> <p>Beispiel:<\/p> <blockquote> <p>Vielen Dank f\u00fcr Ihr Vertrauen in unsere Praxis. Wenn Sie Fragen haben oder den Termin \u00e4ndern m\u00fcssen, z\u00f6gern Sie bitte nicht, uns unter der Telefonnummer 123-456-7890 zu kontaktieren oder senden Sie uns eine E-Mail an info@arztpraxis.de.<\/p> <p>Wir freuen uns darauf, Sie bald wiederzusehen.<\/p> <\/blockquote> <\/dd> <\/dl>  <h3>Formale Gestaltung und Aufbau<\/h3>  <p>Ein Recall-Schreiben sollte professionell und gut strukturiert sein. Hier sind einige Tipps zur formalen Gestaltung:<\/p>  <dl> <dt>1. Verwenden Sie einen professionellen Briefkopf.<\/dt> <dd> <p>Ihr Recall-Schreiben sollte den Namen der Arztpraxis, Adresse, Telefonnummer und E-Mail-Adresse enthalten. Platzieren Sie diese Informationen in einem Briefkopf am Anfang des Schreibens.<\/p> <\/dd>  <dt>2. Verwenden Sie eine klare und gut lesbare Schriftart.<\/dt> <dd> <p>W\u00e4hlen Sie eine Schriftart wie Arial oder Times New Roman und verwenden Sie eine angemessene Schriftgr\u00f6\u00dfe, um sicherzustellen, dass der Brief gut lesbar ist.<\/p> <\/dd>  <dt>3. Strukturieren Sie den Brief mit Abs\u00e4tzen.<\/dt> <dd> <p>Verwenden Sie Abs\u00e4tze, um den Brief \u00fcbersichtlich zu gestalten und die verschiedenen Abschnitte voneinander abzugrenzen. Vermeiden Sie lange, zusammenh\u00e4ngende Textbl\u00f6cke.<\/p> <\/dd>  <dt>4. Verwenden Sie Hervorhebungen und Aufz\u00e4hlungspunkte.<\/dt> <dd> <p>Hervorhebungen wie fettgedruckter Text oder Aufz\u00e4hlungspunkte k\u00f6nnen verwendet werden, um wichtige Informationen zu betonen und den Text leicht lesbar zu machen.<\/p> <\/dd> <\/dl>  <h3>Beispiel f\u00fcr ein Recall-Schreiben<\/h3>  <p>Hier ist ein Beispiel f\u00fcr ein Recall-Schreiben:<\/p>  <blockquote> <p>Sehr geehrter Patient,<\/p>  <p>wir schreiben Ihnen, um Sie daran zu erinnern, dass es Zeit f\u00fcr Ihre j\u00e4hrliche Vorsorgeuntersuchung ist. Ihr Termin findet am 20. September 2022 um 10:00 Uhr in unserer Praxis statt. Bitte beachten Sie, dass Sie ab Mitternacht vor dem Termin nichts essen oder trinken d\u00fcrfen.<\/p>  <p>Vielen Dank f\u00fcr Ihr Vertrauen in unsere Praxis. Wenn Sie Fragen haben oder den Termin \u00e4ndern m\u00fcssen, z\u00f6gern Sie bitte nicht, uns unter der Telefonnummer 123-456-7890 zu kontaktieren oder senden Sie uns eine E-Mail an info@arztpraxis.de.<\/p>  <p>Wir freuen uns darauf, Sie bald wiederzusehen.<\/p>  <p>Mit freundlichen Gr\u00fc\u00dfen,<\/p> <p>Dr. Max Mustermann<\/p> <p>Arztpraxis Mustermann<\/p> <p>Adresse: Musterstra\u00dfe 123, 12345 Musterstadt<\/p> <p>Telefon: 123-456-7890<\/p> <p>E-Mail: info@arztpraxis.de<\/p> <\/blockquote>\r\n\r\n<\/div><\/div>\r\n\r\n<!-- wp:separator -->\r\n\r\n<hr class=\"wp-block-separator has-alpha-channel-opacity\" \/>","protected":false},"excerpt":{"rendered":"<p>Vorlage und Muster f\u00fcr Recall Schreiben Arztpraxis &#8211; Erstellung und Ausf\u00fcllen &#8211; \u00d6ffnen im PDF WORD Datei und Online &nbsp; &#8230; <\/p>\n<p class=\"read-more-container\"><a title=\"\u00d6ffnen &#8211; Recall Schreiben Arztpraxis\" class=\"read-more button\" href=\"https:\/\/schreibenpro.com\/de\/recall-schreiben-arztpraxis-offnen\/#more-487\" aria-label=\"Mehr zu \u00d6ffnen &#8211; Recall Schreiben Arztpraxis\">\u00d6FFNEN <\/a><\/p>\n","protected":false},"author":1,"featured_media":0,"parent":0,"menu_order":0,"comment_status":"closed","ping_status":"closed","template":"","meta":{"footnotes":""},"class_list":{"0":"post-487","1":"page","2":"type-page","3":"status-publish","5":"infinite-scroll-item"},"yoast_head":"<!-- This site is optimized with the Yoast SEO plugin v24.6 - https:\/\/yoast.com\/wordpress\/plugins\/seo\/ -->\n<title>\u00d6ffnen - Recall Schreiben Arztpraxis - Schreiben PRO<\/title>\n<meta name=\"robots\" content=\"noindex, follow\" \/>\n<meta property=\"og:locale\" content=\"de_DE\" \/>\n<meta property=\"og:type\" content=\"article\" \/>\n<meta property=\"og:title\" content=\"\u00d6ffnen - Recall Schreiben Arztpraxis - Schreiben PRO\" \/>\n<meta property=\"og:description\" content=\"Vorlage und Muster f\u00fcr Recall Schreiben Arztpraxis &#8211; Erstellung und Ausf\u00fcllen &#8211; \u00d6ffnen im PDF WORD Datei und Online &nbsp; ... \u00d6FFNEN\" \/>\n<meta property=\"og:url\" content=\"https:\/\/schreibenpro.com\/de\/recall-schreiben-arztpraxis-offnen\/\" \/>\n<meta property=\"og:site_name\" content=\"Schreiben PRO\" \/>\n<meta property=\"og:image\" content=\"https:\/\/schreibenpro.com\/de\/wp-content\/uploads\/recall-schreiben-arztpraxis-muster-vorlage.jpg\" \/>\n<meta name=\"twitter:card\" content=\"summary_large_image\" \/>\n<meta name=\"twitter:label1\" content=\"Gesch\u00e4tzte Lesezeit\" \/>\n\t<meta name=\"twitter:data1\" content=\"1\u00a0Minute\" \/>\n<!-- \/ Yoast SEO plugin. -->","yoast_head_json":{"title":"\u00d6ffnen - Recall Schreiben Arztpraxis - Schreiben PRO","robots":{"index":"noindex","follow":"follow"},"og_locale":"de_DE","og_type":"article","og_title":"\u00d6ffnen - Recall Schreiben Arztpraxis - Schreiben PRO","og_description":"Vorlage und Muster f\u00fcr Recall Schreiben Arztpraxis &#8211; Erstellung und Ausf\u00fcllen &#8211; \u00d6ffnen im PDF WORD Datei und Online &nbsp; ... \u00d6FFNEN","og_url":"https:\/\/schreibenpro.com\/de\/recall-schreiben-arztpraxis-offnen\/","og_site_name":"Schreiben PRO","og_image":[{"url":"https:\/\/schreibenpro.com\/de\/wp-content\/uploads\/recall-schreiben-arztpraxis-muster-vorlage.jpg","type":"","width":"","height":""}],"twitter_card":"summary_large_image","twitter_misc":{"Gesch\u00e4tzte Lesezeit":"1\u00a0Minute"},"schema":{"@context":"https:\/\/schema.org","@graph":[{"@type":"WebPage","@id":"https:\/\/schreibenpro.com\/de\/recall-schreiben-arztpraxis-offnen\/","url":"https:\/\/schreibenpro.com\/de\/recall-schreiben-arztpraxis-offnen\/","name":"\u00d6ffnen - Recall Schreiben Arztpraxis - Schreiben PRO","isPartOf":{"@id":"https:\/\/schreibenpro.com\/de\/#website"},"primaryImageOfPage":{"@id":"https:\/\/schreibenpro.com\/de\/recall-schreiben-arztpraxis-offnen\/#primaryimage"},"image":{"@id":"https:\/\/schreibenpro.com\/de\/recall-schreiben-arztpraxis-offnen\/#primaryimage"},"thumbnailUrl":"https:\/\/schreibenpro.com\/de\/wp-content\/uploads\/recall-schreiben-arztpraxis-muster-vorlage.jpg","datePublished":"2023-12-18T08:24:02+00:00","breadcrumb":{"@id":"https:\/\/schreibenpro.com\/de\/recall-schreiben-arztpraxis-offnen\/#breadcrumb"},"inLanguage":"de","potentialAction":[{"@type":"ReadAction","target":["https:\/\/schreibenpro.com\/de\/recall-schreiben-arztpraxis-offnen\/"]}]},{"@type":"ImageObject","inLanguage":"de","@id":"https:\/\/schreibenpro.com\/de\/recall-schreiben-arztpraxis-offnen\/#primaryimage","url":"https:\/\/schreibenpro.com\/de\/wp-content\/uploads\/anschreiben-zum-angebot-muster-vorlage.jpg","contentUrl":"https:\/\/schreibenpro.com\/de\/wp-content\/uploads\/anschreiben-zum-angebot-muster-vorlage.jpg","width":1410,"height":2250},{"@type":"BreadcrumbList","@id":"https:\/\/schreibenpro.com\/de\/recall-schreiben-arztpraxis-offnen\/#breadcrumb","itemListElement":[{"@type":"ListItem","position":1,"name":"Portada","item":"https:\/\/schreibenpro.com\/de\/"},{"@type":"ListItem","position":2,"name":"\u00d6ffnen &#8211; Recall Schreiben Arztpraxis"}]},{"@type":"WebSite","@id":"https:\/\/schreibenpro.com\/de\/#website","url":"https:\/\/schreibenpro.com\/de\/","name":"Schreiben PRO","description":"Muster und Vorlage","publisher":{"@id":"https:\/\/schreibenpro.com\/de\/#organization"},"potentialAction":[{"@type":"SearchAction","target":{"@type":"EntryPoint","urlTemplate":"https:\/\/schreibenpro.com\/de\/?s={search_term_string}"},"query-input":{"@type":"PropertyValueSpecification","valueRequired":true,"valueName":"search_term_string"}}],"inLanguage":"de"},{"@type":"Organization","@id":"https:\/\/schreibenpro.com\/de\/#organization","name":"Schreiben PRO","url":"https:\/\/schreibenpro.com\/de\/","logo":{"@type":"ImageObject","inLanguage":"de","@id":"https:\/\/schreibenpro.com\/de\/#\/schema\/logo\/image\/","url":"https:\/\/schreibenpro.com\/de\/wp-content\/uploads\/cropped-fav.png","contentUrl":"https:\/\/schreibenpro.com\/de\/wp-content\/uploads\/cropped-fav.png","width":512,"height":512,"caption":"Schreiben PRO"},"image":{"@id":"https:\/\/schreibenpro.com\/de\/#\/schema\/logo\/image\/"}}]}},"_links":{"self":[{"href":"https:\/\/schreibenpro.com\/de\/wp-json\/wp\/v2\/pages\/487","targetHints":{"allow":["GET"]}}],"collection":[{"href":"https:\/\/schreibenpro.com\/de\/wp-json\/wp\/v2\/pages"}],"about":[{"href":"https:\/\/schreibenpro.com\/de\/wp-json\/wp\/v2\/types\/page"}],"author":[{"embeddable":true,"href":"https:\/\/schreibenpro.com\/de\/wp-json\/wp\/v2\/users\/1"}],"replies":[{"embeddable":true,"href":"https:\/\/schreibenpro.com\/de\/wp-json\/wp\/v2\/comments?post=487"}],"version-history":[{"count":0,"href":"https:\/\/schreibenpro.com\/de\/wp-json\/wp\/v2\/pages\/487\/revisions"}],"wp:attachment":[{"href":"https:\/\/schreibenpro.com\/de\/wp-json\/wp\/v2\/media?parent=487"}],"curies":[{"name":"wp","href":"https:\/\/api.w.org\/{rel}","templated":true}]}}