{"id":492,"date":"2023-12-18T08:24:04","date_gmt":"2023-12-18T08:24:04","guid":{"rendered":"https:\/\/schreibenpro.com\/de\/privat-rechnung-schreiben-offnen\/"},"modified":"2023-12-18T08:24:04","modified_gmt":"2023-12-18T08:24:04","slug":"privat-rechnung-schreiben-offnen","status":"publish","type":"page","link":"https:\/\/schreibenpro.com\/de\/privat-rechnung-schreiben-offnen\/","title":{"rendered":"\u00d6ffnen &#8211; Privat Rechnung Schreiben"},"content":{"rendered":"\r\n<p class=\"has-text-align-center\">Muster und Vorlage f\u00fcr <strong> Privat Rechnung Schreiben<\/strong> &#8211; Erstellung und Ausf\u00fcllen &#8211; \u00d6ffnen im <strong>WORD  PDF<\/strong> Datei und Online<\/p>\r\n\r\n\r\n\r\n\r\n<div class=\"wp-block-image\">\r\n<figure class=\"aligncenter size-large is-resized\"><img loading=\"lazy\" decoding=\"async\" class=\"wp-image-215\" src=\"https:\/\/schreibenpro.com\/de\/wp-content\/uploads\/privat-rechnung-schreiben-muster-vorlage.jpg\" alt=\"\" width=\"245\" height=\"391\" \/><\/figure>\r\n<\/div>\r\n\r\n\r\n\r\n<hr class=\"wp-block-separator has-alpha-channel-opacity\" \/>\r\n\r\n\r\n\r\n\r\n\r\n<div class=\"su-note\"  style=\"border-color:#e5e5e5;border-radius:10px;-moz-border-radius:10px;-webkit-border-radius:10px;\"><div class=\"su-note-inner su-u-clearfix su-u-trim\" style=\"background-color:#FFFFFF;border-color:#ffffff;color:#333333;border-radius:10px;-moz-border-radius:10px;-webkit-border-radius:10px;\">\r\n\r\n<section id=\"specialParagraph\"><p><strong>Einf\u00fchrung:<\/strong><\/p>  <p>Sehr geehrter Kunde,<\/p>  <p>mit dieser Rechnung m\u00f6chte ich Ihnen die Kosten f\u00fcr die erbrachten Dienstleistungen und Produkte auflisten. Bitte \u00fcberpr\u00fcfen Sie die unten stehenden Informationen sorgf\u00e4ltig und setzen Sie sich bei Unstimmigkeiten oder Fragen gerne mit mir in Verbindung.<\/p>  <p><strong>Rechnungsnummer:<\/strong> 123456789<\/p> <p><strong>Rechnungsdatum:<\/strong> [Datum]  <p><strong>Rechnungsadresse:<\/strong><\/p> [Ihr Name] [Ihre Adresse] [Ihre Stadt, Land, PLZ]  <p><strong>Kundeninformationen:<\/strong><\/p> [Kundennamen] [Kundenadresse] [Kundenstadt, Land, PLZ]  <p><strong>Positionen:<\/strong><\/p>  <table> <tr> <th>Position<\/th> <th>Beschreibung<\/th> <th>Menge<\/th> <th>Einzelpreis<\/th> <th>Gesamtpreis<\/th> <\/tr> <tr> <td>1<\/td> <td>Produkt A<\/td> <td>2<\/td> <td>10,00 \u20ac<\/td> <td>20,00 \u20ac<\/td> <\/tr> <tr> <td>2<\/td> <td>Produkt B<\/td> <td>3<\/td> <td>15,00 \u20ac<\/td> <td>45,00 \u20ac<\/td> <\/tr> <\/table>  <p><strong>Zwischensumme:<\/strong> 65,00 \u20ac<\/p> <p><strong>Steuer (MwSt.):<\/strong> 13,00 \u20ac<\/p> <p><strong>Gesamtbetrag:<\/strong> 78,00 \u20ac<\/p>  <p><strong>Zahlungsbedingungen:<\/strong><\/p> <dl> <dt>Zahlungsziel:<\/dt> <dd>14 Tage nach Rechnungsdatum<\/dd> <dt>Zahlungsmethode:<\/dt> <dd>\u00dcberweisung auf das untenstehende Konto:<\/dd> <\/dl>  [Bankname] [IBAN] [BIC]  <p><strong>Anmerkungen:<\/strong><\/p> [Hier k\u00f6nnen Sie besondere Anweisungen, Informationen oder Bemerkungen hinzuf\u00fcgen.]  <p>Bitte \u00fcberweisen Sie den Gesamtbetrag innerhalb der angegebenen Frist. Sobald Ihre Zahlung eingegangen ist, werde ich den Erhalt umgehend best\u00e4tigen.<\/p>  <p>Falls Sie Fragen oder Unklarheiten haben, stehe ich Ihnen jederzeit zur Verf\u00fcgung. Vielen Dank f\u00fcr Ihre prompte Zahlung und Ihr Vertrauen.<\/p>  <p>Mit freundlichen Gr\u00fc\u00dfen,<\/p> [Ihr vollst\u00e4ndiger Name]<\/section><\/div><\/div>\r\n\r\n&nbsp;\r\n\r\n\r\n\r\n\r\n\r\n\r\n<p class=\"has-text-align-center\">Muster und Vorlage f\u00fcr <strong> Privat Rechnung Schreiben <\/strong> zur Anpassung und Erstellung  im <strong>WORD<\/strong>\u2013 und <strong>PDF-Format<\/strong><\/p>\r\n\r\n\r\n<button id=\"generatePDF\">Erstellen (PDF &#8211; WORD)<\/button>\r\n\r\n\r\n\r\n<hr class=\"wp-block-separator has-alpha-channel-opacity\" \/>\r\n\r\n\r\n\r\n<p style=\"text-align: center;\"><strong>Privat Rechnung Schreiben<\/strong><\/p>\r\n\r\n<div class=\"wp-block-columns is-layout-flex wp-container-core-columns-is-layout-9d6595d7 wp-block-columns-is-layout-flex\">\r\n\r\n\r\n<div class=\"wp-block-column is-layout-flow wp-block-column-is-layout-flow\"><div class=\"su-button-center\"><a href=\"https:\/\/www.ihk.de\/blueprint\/servlet\/resource\/blob\/5581278\/1cafa7f203df9d83e050d9f01677ffe6\/rechnung-kleinunternehmer-data.pdf\" class=\"su-button su-button-style-flat\" style=\"color:#FFFFFF;background-color:#144bb6;border-color:#103c92;border-radius:1px\" target=\"_self\"><span style=\"color:#FFFFFF;padding:0px 24px;font-size:18px;line-height:36px;border-color:#5b81cc;border-radius:1px;text-shadow:none\">   PDF <\/span><\/a><\/div>\n<\/div>\r\n\r\n\r\n\r\n<div class=\"wp-block-column is-layout-flow wp-block-column-is-layout-flow\"><div class=\"su-button-center\"><a href=\"https:\/\/my.cargoboard.com\/downloads\/Vorlage_Schadensrechnung.docx\" class=\"su-button su-button-style-flat\" style=\"color:#FFFFFF;background-color:#144bb6;border-color:#103c92;border-radius:1px\" target=\"_self\"><span style=\"color:#FFFFFF;padding:0px 24px;font-size:18px;line-height:36px;border-color:#5b81cc;border-radius:1px;text-shadow:none\">   DOC<\/span><\/a><\/div>\n<\/div>\r\n\r\n\r\n<\/div>\r\n\r\n\r\n\r\n<p style=\"text-align: center;\"><strong>Beispiele<\/strong><\/p>\r\n\r\n<div class=\"wp-block-columns is-layout-flex wp-container-core-columns-is-layout-9d6595d7 wp-block-columns-is-layout-flex\">\r\n\r\n\r\n<div class=\"wp-block-column is-layout-flow wp-block-column-is-layout-flow\"><div class=\"su-button-center\"><a href=\"https:\/\/www.ihk.de\/blueprint\/servlet\/resource\/blob\/5581278\/1cafa7f203df9d83e050d9f01677ffe6\/rechnung-kleinunternehmer-data.pdf\" class=\"su-button su-button-style-flat\" style=\"color:#FFFFFF;background-color:#144bb6;border-color:#103c92;border-radius:1px\" target=\"_self\"><span style=\"color:#FFFFFF;padding:0px 24px;font-size:18px;line-height:36px;border-color:#5b81cc;border-radius:1px;text-shadow:none\">  Beispiel &#8211; 1 <\/span><\/a><\/div>\n<\/div>\r\n\r\n\r\n\r\n<div class=\"wp-block-column is-layout-flow wp-block-column-is-layout-flow\"><div class=\"su-button-center\"><a href=\"https:\/\/www.privat-patienten.de\/fileadmin\/Dateien\/2_Beim_Arzt\/PDF\/Musterrechnung_Arztbehandlung.pdf\" class=\"su-button su-button-style-flat\" style=\"color:#FFFFFF;background-color:#144bb6;border-color:#103c92;border-radius:1px\" target=\"_self\"><span style=\"color:#FFFFFF;padding:0px 24px;font-size:18px;line-height:36px;border-color:#5b81cc;border-radius:1px;text-shadow:none\">  Beispiel &#8211; 2 <\/span><\/a><\/div>\n<\/div>\r\n\r\n\r\n<\/div>\r\n\r\n\r\n<hr class=\"wp-block-separator has-alpha-channel-opacity\" \/>\r\n\r\n\r\n\r\n<div class=\"wp-block-columns is-layout-flex wp-container-core-columns-is-layout-9d6595d7 wp-block-columns-is-layout-flex\">\r\n\r\n\r\n<div class=\"wp-block-column is-layout-flow wp-block-column-is-layout-flow\"><div class=\"su-button-center\"><a href=\"https:\/\/www.meine-steuer-berater.de\/wp-content\/uploads\/2019\/02\/Beispielrechnung-Handwerker-an-Privatperson.pdf\" class=\"su-button su-button-style-flat\" style=\"color:#FFFFFF;background-color:#144bb6;border-color:#103c92;border-radius:1px\" target=\"_self\"><span style=\"color:#FFFFFF;padding:0px 24px;font-size:18px;line-height:36px;border-color:#5b81cc;border-radius:1px;text-shadow:none\">  Beispiel &#8211; 3 <\/span><\/a><\/div>\n<\/div>\r\n\r\n\r\n\r\n<div class=\"wp-block-column is-layout-flow wp-block-column-is-layout-flow\"><div class=\"su-button-center\"><a href=\"https:\/\/www.ihk.de\/blueprint\/servlet\/resource\/blob\/5581278\/1cafa7f203df9d83e050d9f01677ffe6\/rechnung-kleinunternehmer-data.pdf\" class=\"su-button su-button-style-flat\" style=\"color:#FFFFFF;background-color:#144bb6;border-color:#103c92;border-radius:1px\" target=\"_self\"><span style=\"color:#FFFFFF;padding:0px 24px;font-size:18px;line-height:36px;border-color:#5b81cc;border-radius:1px;text-shadow:none\">  Beispiel &#8211; 4 <\/span><\/a><\/div>\n<\/div>\r\n\r\n\r\n<\/div>\r\n\r\n\r\n<hr class=\"wp-block-separator has-alpha-channel-opacity\" \/>\r\n\r\n<!-- \/wp:post-content -->\r\n\r\n<!-- wp:table {\"align\":\"center\"} -->\r\n<figure class=\"wp-block-table aligncenter\">\r\n<table>\r\n<tbody>\r\n<tr>\r\n<td style=\"text-align: center;\">Privat Rechnung Schreiben<\/td>\r\n<\/tr>\r\n<tr>\r\n<td style=\"text-align: center;\">PDF &#8211; WORD Datei<\/td>\r\n<\/tr>\r\n<tr>\r\n<td style=\"text-align: center;\">Bewertung: \u2b50\u2b50\u2b50\u2b50\u2b50 4.61<\/td>\r\n<\/tr>\r\n<tr>\r\n<td style=\"text-align: center;\">Ergebnisse &#8211; 3251<\/td>\r\n<\/tr>\r\n<\/tbody>\r\n<\/table>\r\n<\/figure>\r\n<!-- \/wp:table -->\r\n\r\n<!-- wp:separator -->\r\n\r\n<hr class=\"wp-block-separator has-alpha-channel-opacity\" \/>\r\n\r\n<!-- \/wp:separator -->\r\n\r\n<div class=\"su-note\"  style=\"border-color:#e5e5e5;border-radius:10px;-moz-border-radius:10px;-webkit-border-radius:10px;\"><div class=\"su-note-inner su-u-clearfix su-u-trim\" style=\"background-color:#FFFFFF;border-color:#ffffff;color:#333333;border-radius:10px;-moz-border-radius:10px;-webkit-border-radius:10px;\">\r\n\r\n<p>Ein Privat Rechnungsschreiben ist ein wichtiger Schritt, um Zahlungen von Kunden einzufordern oder um Kaufbelege f\u00fcr private Transaktionen zu erstellen. Es ist wichtig, dass ein solches Schreiben professionell und korrekt formuliert wird, um Missverst\u00e4ndnisse zu vermeiden und rechtlichen Anforderungen gerecht zu werden. In dieser Anleitung werden wir Ihnen detaillierte Tipps und Beispiele bieten, um ein effektives Privat Rechnungsschreiben zu verfassen.<\/p>  <h3>Inhaltsverzeichnis:<\/h3> <ol> <li>Einleitung<\/li> <li>Hauptteil<\/li> <ul> <li>Rechnungsdetails<\/li> <li>Zahlungsbedingungen<\/li> <li>Zus\u00e4tzliche Informationen<\/li> <\/ul> <li>Schluss<\/li> <li>Formale Gestaltung<\/li> <li>Aufbau eines effektiven Briefes<\/li> <\/ol>  <h3>1. Einleitung<\/h3> <p>Die Einleitung Ihres Privat Rechnungsschreibens dient dazu, den Zweck des Schreibens klarzustellen und den Empf\u00e4nger \u00fcber den Inhalt zu informieren. Verwenden Sie eine h\u00f6fliche und professionelle Ansprache, zum Beispiel &#8220;Sehr geehrter Herr\/Frau [Nachname]&#8221;. Geben Sie au\u00dferdem das genaue Datum des Schreibens an.<\/p>  <strong>Beispiel:<\/strong> <p>Sehr geehrter Herr M\u00fcller,<\/p> <p>ich hoffe, dass dieses Schreiben Sie in bester Gesundheit erreicht. Ich schreibe Ihnen, um Ihnen eine Rechnung f\u00fcr die erbrachten Dienstleistungen zukommen zu lassen.<\/p> <p>Heutiges Datum: [Datum]  <h3>2. Hauptteil<\/h3>  <h3>2.1 Rechnungsdetails<\/h3> <p>Im Hauptteil des Privat Rechnungsschreibens sollten Sie alle relevanten Rechnungsdetails angeben, wie beispielsweise:<\/p>  <dl> <dt>Rechnungsnummer<\/dt> <dd>Verwenden Sie eine eindeutige Rechnungsnummer, um Ihre Rechnungen zu nummerieren und zur einfacheren Identifizierung.<\/dd>  <dt>Rechnungsdatum<\/dt> <dd>Geben Sie das genaue Datum an, an dem die Rechnung erstellt wurde. Dieses Datum kann wichtig sein, um Fristen f\u00fcr Zahlungen festzulegen.<\/dd>  <dt>Artikel-\/Dienstleistungsbeschreibung<\/dt> <dd>Geben Sie eine klare Beschreibung der gelieferten Artikel oder erbrachten Dienstleistungen sowie deren Einzelpreise an.<\/dd>  <dt>Gesamtbetrag<\/dt> <dd>Listen Sie den Gesamtbetrag der Rechnung auf und geben Sie ggf. Rabatte oder zus\u00e4tzliche Kosten an.<\/dd> <\/dl>  <strong>Beispiel:<\/strong> <p>Im Folgenden finden Sie die Details der Rechnung:<\/p>  <p>Rechnungsnummer: 123456<\/p> <p>Rechnungsdatum: [Datum] <p>Artikel-\/Dienstleistungsbeschreibung:<\/p> <ul> <li>Artikel 1 &#8211; 50 EUR<\/li> <li>Artikel 2 &#8211; 30 EUR<\/li> <\/ul> <p>Gesamtbetrag: 80 EUR<\/p>  <h3>2.2 Zahlungsbedingungen<\/h3> <p>Es ist wichtig, klare Zahlungsbedingungen festzulegen, um Missverst\u00e4ndnisse zu vermeiden. Geben Sie an, bis zu welchem Datum die Zahlung geleistet werden sollte und welche Zahlungsmethoden akzeptiert werden. Geben Sie au\u00dferdem Kontoinformationen an, falls eine \u00dcberweisung erforderlich ist. Stellen Sie sicher, dass Sie Ihre Kontaktdaten angeben, falls der Empf\u00e4nger Fragen zur Zahlung hat.<\/p>  <strong>Beispiel:<\/strong> <p>Bitte \u00fcberweisen Sie den Gesamtbetrag von 80 EUR bis zum [F\u00e4lligkeitsdatum] auf das folgende Bankkonto:<\/p>  <p>Kontoinhaber: [Ihr Name] <p>Kontonummer: [Kontonummer] <p>Bank: [Bankname] <p>Verwendungszweck: [Rechnungsnummer] <p>Bei Fragen stehe ich Ihnen gerne zur Verf\u00fcgung.<\/p>  <h3>2.3 Zus\u00e4tzliche Informationen<\/h3> <p>In diesem Abschnitt k\u00f6nnen Sie weitere relevante Informationen hinzuf\u00fcgen, wie beispielsweise Hinweise zu Steuern, Rabatten oder anderen spezifischen Vereinbarungen mit dem Kunden.<\/p>  <strong>Beispiel:<\/strong> <p>Bitte beachten Sie, dass die angegebenen Preise ohne Mehrwertsteuer sind. Die gesetzliche Mehrwertsteuer wird zus\u00e4tzlich berechnet.<\/p>  <h3>3. Schluss<\/h3> <p>Beenden Sie Ihr Privat Rechnungsschreiben mit einer h\u00f6flichen Schlussformel und Ihrem Namen. Geben Sie, falls vorhanden, Ihre Kontaktdaten an, um es dem Empf\u00e4nger zu erleichtern, Sie bei Fragen zu kontaktieren.<\/p>  <strong>Beispiel:<\/strong> <p>Mit freundlichen Gr\u00fc\u00dfen,<\/p> [Ihr Name] [Ihre Kontaktdaten]  <h3>4. Formale Gestaltung<\/h3> <p>Ihr Privat Rechnungsschreiben sollte eine klare und professionelle Formatierung aufweisen. Verwenden Sie eine gut lesbare Schriftart und eine angemessene Schriftgr\u00f6\u00dfe. Trennen Sie die einzelnen Abschnitte durch \u00dcberschriften und verwenden Sie Fettdruck oder Kursivschrift, um wichtige Informationen hervorzuheben.<\/p>  <h3>5. Aufbau eines effektiven Briefes<\/h3> <p>Ein effektives Privat Rechnungsschreiben zeichnet sich durch klare und pr\u00e4gnante Formulierungen aus. Vermeiden Sie lange, umst\u00e4ndliche S\u00e4tze und achten Sie darauf, alle wichtigen Informationen deutlich zu kommunizieren. Stellen Sie sicher, dass Ihre Rechtschreibung und Grammatik korrekt sind, um einen professionellen Eindruck zu hinterlassen.<\/p>  <p>Indem Sie die oben genannten Tipps und Beispiele befolgen, k\u00f6nnen Sie ein gut strukturiertes und \u00fcberzeugendes Privat Rechnungsschreiben verfassen. Denken Sie daran, dass dieses Schreiben nicht nur als Nachweis f\u00fcr get\u00e4tigte Transaktionen dient, sondern auch die Kommunikation und Zusammenarbeit mit Ihren Kunden verbessern kann.<\/p>\r\n\r\n<\/div><\/div>\r\n\r\n<!-- wp:separator -->\r\n\r\n<hr class=\"wp-block-separator has-alpha-channel-opacity\" \/>","protected":false},"excerpt":{"rendered":"<p>Muster und Vorlage f\u00fcr Privat Rechnung Schreiben &#8211; Erstellung und Ausf\u00fcllen &#8211; \u00d6ffnen im WORD PDF Datei und Online &nbsp; &#8230; <\/p>\n<p class=\"read-more-container\"><a title=\"\u00d6ffnen &#8211; Privat Rechnung Schreiben\" class=\"read-more button\" href=\"https:\/\/schreibenpro.com\/de\/privat-rechnung-schreiben-offnen\/#more-492\" aria-label=\"Mehr zu \u00d6ffnen &#8211; Privat Rechnung Schreiben\">\u00d6FFNEN <\/a><\/p>\n","protected":false},"author":1,"featured_media":0,"parent":0,"menu_order":0,"comment_status":"closed","ping_status":"closed","template":"","meta":{"footnotes":""},"class_list":{"0":"post-492","1":"page","2":"type-page","3":"status-publish","5":"infinite-scroll-item"},"yoast_head":"<!-- This site is optimized with the Yoast SEO plugin v24.6 - https:\/\/yoast.com\/wordpress\/plugins\/seo\/ -->\n<title>\u00d6ffnen - Privat Rechnung Schreiben - Schreiben PRO<\/title>\n<meta name=\"robots\" content=\"noindex, follow\" \/>\n<meta property=\"og:locale\" content=\"de_DE\" \/>\n<meta property=\"og:type\" content=\"article\" \/>\n<meta property=\"og:title\" content=\"\u00d6ffnen - Privat Rechnung Schreiben - Schreiben PRO\" \/>\n<meta property=\"og:description\" content=\"Muster und Vorlage f\u00fcr Privat Rechnung Schreiben &#8211; Erstellung und Ausf\u00fcllen &#8211; \u00d6ffnen im WORD PDF Datei und Online &nbsp; ... \u00d6FFNEN\" \/>\n<meta property=\"og:url\" content=\"https:\/\/schreibenpro.com\/de\/privat-rechnung-schreiben-offnen\/\" \/>\n<meta property=\"og:site_name\" content=\"Schreiben PRO\" \/>\n<meta property=\"og:image\" content=\"https:\/\/schreibenpro.com\/de\/wp-content\/uploads\/privat-rechnung-schreiben-muster-vorlage.jpg\" \/>\n<meta name=\"twitter:card\" content=\"summary_large_image\" \/>\n<meta name=\"twitter:label1\" content=\"Gesch\u00e4tzte Lesezeit\" \/>\n\t<meta name=\"twitter:data1\" content=\"1\u00a0Minute\" \/>\n<!-- \/ Yoast SEO plugin. -->","yoast_head_json":{"title":"\u00d6ffnen - Privat Rechnung Schreiben - Schreiben PRO","robots":{"index":"noindex","follow":"follow"},"og_locale":"de_DE","og_type":"article","og_title":"\u00d6ffnen - Privat Rechnung Schreiben - Schreiben PRO","og_description":"Muster und Vorlage f\u00fcr Privat Rechnung Schreiben &#8211; Erstellung und Ausf\u00fcllen &#8211; \u00d6ffnen im WORD PDF Datei und Online &nbsp; ... \u00d6FFNEN","og_url":"https:\/\/schreibenpro.com\/de\/privat-rechnung-schreiben-offnen\/","og_site_name":"Schreiben PRO","og_image":[{"url":"https:\/\/schreibenpro.com\/de\/wp-content\/uploads\/privat-rechnung-schreiben-muster-vorlage.jpg","type":"","width":"","height":""}],"twitter_card":"summary_large_image","twitter_misc":{"Gesch\u00e4tzte Lesezeit":"1\u00a0Minute"},"schema":{"@context":"https:\/\/schema.org","@graph":[{"@type":"WebPage","@id":"https:\/\/schreibenpro.com\/de\/privat-rechnung-schreiben-offnen\/","url":"https:\/\/schreibenpro.com\/de\/privat-rechnung-schreiben-offnen\/","name":"\u00d6ffnen - Privat Rechnung Schreiben - Schreiben PRO","isPartOf":{"@id":"https:\/\/schreibenpro.com\/de\/#website"},"primaryImageOfPage":{"@id":"https:\/\/schreibenpro.com\/de\/privat-rechnung-schreiben-offnen\/#primaryimage"},"image":{"@id":"https:\/\/schreibenpro.com\/de\/privat-rechnung-schreiben-offnen\/#primaryimage"},"thumbnailUrl":"https:\/\/schreibenpro.com\/de\/wp-content\/uploads\/privat-rechnung-schreiben-muster-vorlage.jpg","datePublished":"2023-12-18T08:24:04+00:00","breadcrumb":{"@id":"https:\/\/schreibenpro.com\/de\/privat-rechnung-schreiben-offnen\/#breadcrumb"},"inLanguage":"de","potentialAction":[{"@type":"ReadAction","target":["https:\/\/schreibenpro.com\/de\/privat-rechnung-schreiben-offnen\/"]}]},{"@type":"ImageObject","inLanguage":"de","@id":"https:\/\/schreibenpro.com\/de\/privat-rechnung-schreiben-offnen\/#primaryimage","url":"https:\/\/schreibenpro.com\/de\/wp-content\/uploads\/anschreiben-zum-angebot-muster-vorlage.jpg","contentUrl":"https:\/\/schreibenpro.com\/de\/wp-content\/uploads\/anschreiben-zum-angebot-muster-vorlage.jpg","width":1410,"height":2250},{"@type":"BreadcrumbList","@id":"https:\/\/schreibenpro.com\/de\/privat-rechnung-schreiben-offnen\/#breadcrumb","itemListElement":[{"@type":"ListItem","position":1,"name":"Portada","item":"https:\/\/schreibenpro.com\/de\/"},{"@type":"ListItem","position":2,"name":"\u00d6ffnen &#8211; Privat Rechnung Schreiben"}]},{"@type":"WebSite","@id":"https:\/\/schreibenpro.com\/de\/#website","url":"https:\/\/schreibenpro.com\/de\/","name":"Schreiben PRO","description":"Muster und Vorlage","publisher":{"@id":"https:\/\/schreibenpro.com\/de\/#organization"},"potentialAction":[{"@type":"SearchAction","target":{"@type":"EntryPoint","urlTemplate":"https:\/\/schreibenpro.com\/de\/?s={search_term_string}"},"query-input":{"@type":"PropertyValueSpecification","valueRequired":true,"valueName":"search_term_string"}}],"inLanguage":"de"},{"@type":"Organization","@id":"https:\/\/schreibenpro.com\/de\/#organization","name":"Schreiben PRO","url":"https:\/\/schreibenpro.com\/de\/","logo":{"@type":"ImageObject","inLanguage":"de","@id":"https:\/\/schreibenpro.com\/de\/#\/schema\/logo\/image\/","url":"https:\/\/schreibenpro.com\/de\/wp-content\/uploads\/cropped-fav.png","contentUrl":"https:\/\/schreibenpro.com\/de\/wp-content\/uploads\/cropped-fav.png","width":512,"height":512,"caption":"Schreiben PRO"},"image":{"@id":"https:\/\/schreibenpro.com\/de\/#\/schema\/logo\/image\/"}}]}},"_links":{"self":[{"href":"https:\/\/schreibenpro.com\/de\/wp-json\/wp\/v2\/pages\/492","targetHints":{"allow":["GET"]}}],"collection":[{"href":"https:\/\/schreibenpro.com\/de\/wp-json\/wp\/v2\/pages"}],"about":[{"href":"https:\/\/schreibenpro.com\/de\/wp-json\/wp\/v2\/types\/page"}],"author":[{"embeddable":true,"href":"https:\/\/schreibenpro.com\/de\/wp-json\/wp\/v2\/users\/1"}],"replies":[{"embeddable":true,"href":"https:\/\/schreibenpro.com\/de\/wp-json\/wp\/v2\/comments?post=492"}],"version-history":[{"count":0,"href":"https:\/\/schreibenpro.com\/de\/wp-json\/wp\/v2\/pages\/492\/revisions"}],"wp:attachment":[{"href":"https:\/\/schreibenpro.com\/de\/wp-json\/wp\/v2\/media?parent=492"}],"curies":[{"name":"wp","href":"https:\/\/api.w.org\/{rel}","templated":true}]}}