{"id":502,"date":"2023-12-18T08:24:09","date_gmt":"2023-12-18T08:24:09","guid":{"rendered":"https:\/\/schreibenpro.com\/de\/bewerbungsschreiben-bundeswehr-zivil-offnen\/"},"modified":"2023-12-18T08:24:09","modified_gmt":"2023-12-18T08:24:09","slug":"bewerbungsschreiben-bundeswehr-zivil-offnen","status":"publish","type":"page","link":"https:\/\/schreibenpro.com\/de\/bewerbungsschreiben-bundeswehr-zivil-offnen\/","title":{"rendered":"\u00d6ffnen &#8211; Bewerbungsschreiben Bundeswehr Zivil"},"content":{"rendered":"\r\n<p class=\"has-text-align-center\">Vorlage und Muster f\u00fcr <strong> Bewerbungsschreiben Bundeswehr Zivil<\/strong> &#8211; Erstellung und Ausf\u00fcllen &#8211; \u00d6ffnen im <strong>WORD und PDF<\/strong> Datei und Online<\/p>\r\n\r\n\r\n\r\n\r\n<div class=\"wp-block-image\">\r\n<figure class=\"aligncenter size-large is-resized\"><img loading=\"lazy\" decoding=\"async\" class=\"wp-image-215\" src=\"https:\/\/schreibenpro.com\/de\/wp-content\/uploads\/bewerbungsschreiben-bundeswehr-zivil-muster-vorlage.jpg\" alt=\"\" width=\"245\" height=\"391\" \/><\/figure>\r\n<\/div>\r\n\r\n\r\n\r\n<hr class=\"wp-block-separator has-alpha-channel-opacity\" \/>\r\n\r\n\r\n\r\n\r\n\r\n<div class=\"su-note\"  style=\"border-color:#e5e5e5;border-radius:10px;-moz-border-radius:10px;-webkit-border-radius:10px;\"><div class=\"su-note-inner su-u-clearfix su-u-trim\" style=\"background-color:#FFFFFF;border-color:#ffffff;color:#333333;border-radius:10px;-moz-border-radius:10px;-webkit-border-radius:10px;\">\r\n\r\n<section id=\"specialParagraph\"><p>Sehr geehrte Damen und Herren,<\/p>  <p>hiermit bewerbe ich mich um eine Stelle bei der Bundeswehr im zivilen Bereich. Durch mein Interesse an milit\u00e4rischen Angelegenheiten und meiner Leidenschaft f\u00fcr das Wohl unserer Gesellschaft m\u00f6chte ich mich gerne f\u00fcr die vielf\u00e4ltigen Aufgaben in Ihrem Unternehmen einbringen.<\/p>  <p><strong>1. Pers\u00f6nliche Informationen<\/strong><\/p>  <p>Ich bin Max Mustermann, 28 Jahre alt und habe einen Bachelor-Abschluss in Wirtschaftswissenschaften. Nach meinem Studium habe ich erfolgreich ein Praktikum in einem internationalen Unternehmen absolviert, wo ich meine Kenntnisse in Projektmanagement und Teamarbeit vertiefen konnte. Meine St\u00e4rken liegen im analytischen Denken, der Kommunikationsf\u00e4higkeit und der F\u00e4higkeit, komplexe Zusammenh\u00e4nge zu erfassen.<\/p>  <p><strong>2. Warum die Bundeswehr?<\/strong><\/p>  <p>Die Bundeswehr ist f\u00fcr mich nicht nur eine M\u00f6glichkeit, meine F\u00e4higkeiten einzusetzen, sondern ich m\u00f6chte auch meinen Beitrag zur Sicherheit und Verteidigung unseres Landes leisten. Dabei ist es f\u00fcr mich von besonderer Bedeutung, dass ich nicht nur im milit\u00e4rischen Bereich t\u00e4tig sein kann, sondern auch zivile Aufgaben \u00fcbernehmen und damit die Arbeit der Bundeswehr aus einer anderen Perspektive kennenlernen kann.<\/p>  <p><strong>3. Relevante Erfahrungen und F\u00e4higkeiten<\/strong><\/p>  <p>W\u00e4hrend meines Studiums und meiner praktischen Erfahrung konnte ich meine F\u00e4higkeiten in verschiedenen Bereichen entwickeln. Insbesondere meine Kenntnisse in den Bereichen Projektmanagement, Teamarbeit und Kommunikation sind f\u00fcr die zivilen Aufgaben bei der Bundeswehr relevant. Ich bin in der Lage, sowohl eigenst\u00e4ndig als auch im Team zu arbeiten und kann mich schnell in neue Arbeitsbereiche einarbeiten.<\/p>  <p><strong>4. Motivation und Bezug zur ausgeschriebenen Stelle<\/strong><\/p>  <p>Die ausgeschriebene Stelle als Projektmanager im Bereich Logistik spricht mich besonders an, da sie meinen bisherigen Erfahrungen und F\u00e4higkeiten entspricht. Der Bereich Logistik ist ein wichtiger Bestandteil der Bundeswehr und ich bin \u00fcberzeugt, dass ich mit meinem Hintergrund und meiner Motivation einen wertvollen Beitrag leisten kann.<\/p>  <p><strong>5. Schlussteil<\/strong><\/p>  <p>Ich w\u00fcrde mich sehr freuen, die M\u00f6glichkeit zu einem pers\u00f6nlichen Gespr\u00e4ch zu erhalten, um meine Motivation und F\u00e4higkeiten n\u00e4her vorzustellen. \u00dcber eine Einladung zu einem Vorstellungsgespr\u00e4ch w\u00fcrde ich mich daher sehr freuen. F\u00fcr weitere Fragen stehe ich Ihnen gerne telefonisch oder per E-Mail zur Verf\u00fcgung.<\/p>  <p>Vielen Dank f\u00fcr Ihre Aufmerksamkeit.<\/p>  <p>Mit freundlichen Gr\u00fc\u00dfen,<\/p>  <p>Max Mustermann<\/p><\/section><\/div><\/div>\r\n\r\n&nbsp;\r\n\r\n\r\n\r\n\r\n\r\n\r\n<p class=\"has-text-align-center\">Vorlage und Muster f\u00fcr <strong> Bewerbungsschreiben Bundeswehr Zivil <\/strong> zur Erstellung und Anpassung im <strong>WORD<\/strong>\u2013 und <strong>PDF-Format<\/strong><\/p>\r\n\r\n\r\n<button id=\"generatePDF\">Erstellen (PDF &#8211; WORD)<\/button>\r\n\r\n\r\n\r\n<hr class=\"wp-block-separator has-alpha-channel-opacity\" \/>\r\n\r\n\r\n\r\n<p style=\"text-align: center;\"><strong>Bewerbungsschreiben Bundeswehr Zivil<\/strong><\/p>\r\n\r\n<div class=\"wp-block-columns is-layout-flex wp-container-core-columns-is-layout-9d6595d7 wp-block-columns-is-layout-flex\">\r\n\r\n\r\n<div class=\"wp-block-column is-layout-flow wp-block-column-is-layout-flow\"><div class=\"su-button-center\"><a href=\"https:\/\/bewerbung.bundeswehr-karriere.de\/erece\/unregattach?param=Y2FuZF9ocm9iamVjdD0wMU5CMDAyNjI1NjkmYXR0YWNobWVudD0wMDAwMDE=&#038;sap-client=300&#038;sap-language=DE\" class=\"su-button su-button-style-flat\" style=\"color:#FFFFFF;background-color:#144bb6;border-color:#103c92;border-radius:1px\" target=\"_self\"><span style=\"color:#FFFFFF;padding:0px 24px;font-size:18px;line-height:36px;border-color:#5b81cc;border-radius:1px;text-shadow:none\">   PDF <\/span><\/a><\/div>\n<\/div>\r\n\r\n\r\n\r\n<div class=\"wp-block-column is-layout-flow wp-block-column-is-layout-flow\"><div class=\"su-button-center\"><a href=\"https:\/\/kubsau.ru\/upload\/iblock\/99a\/99aa07bc5cce554a70cdca41e1ae2f96.docx\" class=\"su-button su-button-style-flat\" style=\"color:#FFFFFF;background-color:#144bb6;border-color:#103c92;border-radius:1px\" target=\"_self\"><span style=\"color:#FFFFFF;padding:0px 24px;font-size:18px;line-height:36px;border-color:#5b81cc;border-radius:1px;text-shadow:none\">   DOC<\/span><\/a><\/div>\n<\/div>\r\n\r\n\r\n<\/div>\r\n\r\n\r\n\r\n<p style=\"text-align: center;\"><strong>Beispiele<\/strong><\/p>\r\n\r\n<div class=\"wp-block-columns is-layout-flex wp-container-core-columns-is-layout-9d6595d7 wp-block-columns-is-layout-flex\">\r\n\r\n\r\n<div class=\"wp-block-column is-layout-flow wp-block-column-is-layout-flow\"><div class=\"su-button-center\"><a href=\"https:\/\/bewerbung.bundeswehr-karriere.de\/erece\/unregattach?param=Y2FuZF9ocm9iamVjdD0wMU5CMDAyNjI1NjkmYXR0YWNobWVudD0wMDAwMDE=&#038;sap-client=300&#038;sap-language=DE\" class=\"su-button su-button-style-flat\" style=\"color:#FFFFFF;background-color:#144bb6;border-color:#103c92;border-radius:1px\" target=\"_self\"><span style=\"color:#FFFFFF;padding:0px 24px;font-size:18px;line-height:36px;border-color:#5b81cc;border-radius:1px;text-shadow:none\">  Beispiel &#8211; 1 <\/span><\/a><\/div>\n<\/div>\r\n\r\n\r\n\r\n<div class=\"wp-block-column is-layout-flow wp-block-column-is-layout-flow\"><div class=\"su-button-center\"><a href=\"https:\/\/www.bundeswehr.de\/resource\/blob\/5291478\/4252fea2659dd88c3acea0cb9ded3f69\/faq-data.pdf\" class=\"su-button su-button-style-flat\" style=\"color:#FFFFFF;background-color:#144bb6;border-color:#103c92;border-radius:1px\" target=\"_self\"><span style=\"color:#FFFFFF;padding:0px 24px;font-size:18px;line-height:36px;border-color:#5b81cc;border-radius:1px;text-shadow:none\">  Beispiel &#8211; 2 <\/span><\/a><\/div>\n<\/div>\r\n\r\n\r\n<\/div>\r\n\r\n\r\n<hr class=\"wp-block-separator has-alpha-channel-opacity\" \/>\r\n\r\n\r\n\r\n<div class=\"wp-block-columns is-layout-flex wp-container-core-columns-is-layout-9d6595d7 wp-block-columns-is-layout-flex\">\r\n\r\n\r\n<div class=\"wp-block-column is-layout-flow wp-block-column-is-layout-flow\"><div class=\"su-button-center\"><a href=\"https:\/\/www.bmdv.bund.de\/SharedDocs\/DE\/Anlage\/Z\/OPA\/Broschuere_Hoeherer_TechVerwDienst.pdf?__blob=publicationFile\" class=\"su-button su-button-style-flat\" style=\"color:#FFFFFF;background-color:#144bb6;border-color:#103c92;border-radius:1px\" target=\"_self\"><span style=\"color:#FFFFFF;padding:0px 24px;font-size:18px;line-height:36px;border-color:#5b81cc;border-radius:1px;text-shadow:none\">  Beispiel &#8211; 3 <\/span><\/a><\/div>\n<\/div>\r\n\r\n\r\n\r\n<div class=\"wp-block-column is-layout-flow wp-block-column-is-layout-flow\"><div class=\"su-button-center\"><a href=\"https:\/\/bewerbung.bundeswehr-karriere.de\/erece\/unregattach?param=Y2FuZF9ocm9iamVjdD0wMU5CMDAyNjI1NjkmYXR0YWNobWVudD0wMDAwMDE=&#038;sap-client=300&#038;sap-language=DE\" class=\"su-button su-button-style-flat\" style=\"color:#FFFFFF;background-color:#144bb6;border-color:#103c92;border-radius:1px\" target=\"_self\"><span style=\"color:#FFFFFF;padding:0px 24px;font-size:18px;line-height:36px;border-color:#5b81cc;border-radius:1px;text-shadow:none\">  Beispiel &#8211; 4 <\/span><\/a><\/div>\n<\/div>\r\n\r\n\r\n<\/div>\r\n\r\n\r\n<hr class=\"wp-block-separator has-alpha-channel-opacity\" \/>\r\n\r\n<!-- \/wp:post-content -->\r\n\r\n<!-- wp:table {\"align\":\"center\"} -->\r\n<figure class=\"wp-block-table aligncenter\">\r\n<table>\r\n<tbody>\r\n<tr>\r\n<td style=\"text-align: center;\">Bewerbungsschreiben Bundeswehr Zivil<\/td>\r\n<\/tr>\r\n<tr>\r\n<td style=\"text-align: center;\">PDF &#8211; WORD Datei<\/td>\r\n<\/tr>\r\n<tr>\r\n<td style=\"text-align: center;\">Bewertung: \u2b50\u2b50\u2b50\u2b50\u2b50 4.77<\/td>\r\n<\/tr>\r\n<tr>\r\n<td style=\"text-align: center;\">Ergebnisse &#8211; 1091<\/td>\r\n<\/tr>\r\n<\/tbody>\r\n<\/table>\r\n<\/figure>\r\n<!-- \/wp:table -->\r\n\r\n<!-- wp:separator -->\r\n\r\n<hr class=\"wp-block-separator has-alpha-channel-opacity\" \/>\r\n\r\n<!-- \/wp:separator -->\r\n\r\n<div class=\"su-note\"  style=\"border-color:#e5e5e5;border-radius:10px;-moz-border-radius:10px;-webkit-border-radius:10px;\"><div class=\"su-note-inner su-u-clearfix su-u-trim\" style=\"background-color:#FFFFFF;border-color:#ffffff;color:#333333;border-radius:10px;-moz-border-radius:10px;-webkit-border-radius:10px;\">\r\n\r\n<p><strong>Einf\u00fchrung:<\/strong><\/p> <p>Das Bewerbungsschreiben ist ein wichtiges Dokument, das Sie bei der Bewerbung f\u00fcr eine Stelle in der Bundeswehr im zivilen Bereich begleitet. Es dient dazu, dem Arbeitgeber einen ersten Eindruck von Ihnen, Ihren F\u00e4higkeiten und Ihrer Motivation zu vermitteln. In dieser Anleitung werden wir die verschiedenen Bestandteile eines Bewerbungsschreibens erl\u00e4utern und Ihnen wertvolle Tipps und Beispiele geben, um Ihnen bei der Erstellung eines \u00fcberzeugenden Schreibens zu helfen.<\/p>  <p><strong>Teil 1: Einleitung<\/strong><\/p> <p>Die Einleitung ist der erste Teil Ihres Bewerbungsschreibens und sollte den Leser dazu bringen, weiterzulesen und Ihr Interesse an der Stelle zu wecken. Hier sind einige wichtige Punkte zu beachten:<\/p>  <ol> <li><strong>Anrede:<\/strong> Beginnen Sie mit einer formellen Anrede, wie z.B. &#8220;Sehr geehrte Damen und Herren&#8221;. Vermeiden Sie allgemeine Anreden wie &#8220;Sehr geehrte Damen und Herren&#8221; so weit wie m\u00f6glich.<\/li> <li><strong>Erster Satz:<\/strong> Starten Sie mit einem kurzen, aber aussagekr\u00e4ftigen Satz, der Ihr Interesse an der Stelle und das Unternehmen zeigt. Sie k\u00f6nnen z.B. schreiben: &#8220;Mit gro\u00dfem Interesse habe ich Ihre Stellenausschreibung f\u00fcr den Bereich XYZ gelesen und m\u00f6chte mich hiermit um die Stelle bewerben.&#8221;<\/li> <li><strong>Verst\u00e4ndnis des Unternehmens:<\/strong> Zeigen Sie in ein bis zwei S\u00e4tzen, dass Sie das Unternehmen und seine Werte verstehen. Dies schafft einen positiven Eindruck und zeigt Ihr Interesse an der Stelle.<\/li> <li><strong>Zielsetzung:<\/strong> Geben Sie einen kurzen \u00dcberblick \u00fcber Ihre beruflichen Ziele und erkl\u00e4ren Sie, warum Sie sich f\u00fcr die Stelle in der Bundeswehr interessieren.<\/li> <\/ol>  <p><strong>Beispiel:<\/strong><\/p> <p><b>Sehr geehrte Damen und Herren,<\/b><\/p> <p><b>Mit gro\u00dfem Interesse habe ich Ihre Stellenausschreibung f\u00fcr den Bereich XYZ gelesen und m\u00f6chte mich hiermit um die Stelle bewerben. Als langj\u00e4hriger Beobachter Ihrer Organisation bin ich sowohl von Ihrer Mission als auch von Ihrem Engagement f\u00fcr unsere Gesellschaft beeindruckt. Als erfahrener XYZ-Profi bin ich \u00fcberzeugt, dass meine F\u00e4higkeiten und Erfahrungen optimal zu den Anforderungen der Stelle passen.<\/b><\/p>  <p><strong>Teil 2: Hauptteil<\/strong><\/p> <p>Der Hauptteil Ihres Bewerbungsschreibens bietet Ihnen die M\u00f6glichkeit, Ihre F\u00e4higkeiten, Erfahrungen und Leistungen detaillierter darzustellen. Hier sind einige Ratschl\u00e4ge, wie Sie den Hauptteil Ihres Bewerbungsschreibens strukturieren k\u00f6nnen:<\/p>  <dl> <dt><strong>Ausf\u00fchrlich:<\/strong><\/dt> <dd>Beschreiben Sie Ihren beruflichen Werdegang, Ihre Ausbildung und Ihre Erfahrungen in der Branche. Geben Sie Details zu den relevanten Positionen, die Sie in der Vergangenheit innegehabt haben, und erl\u00e4utern Sie, welche Leistungen Sie dort erbracht haben.<\/dd>  <dt><strong>Beispiele:<\/strong><\/dt> <dd>Verwenden Sie konkrete Beispiele, um Ihre Aussagen zu unterst\u00fctzen. Beschreiben Sie Projekte, an denen Sie gearbeitet haben, Herausforderungen, denen Sie begegnet sind, und wie Sie diese erfolgreich gemeistert haben. Zeigen Sie, wie Ihre F\u00e4higkeiten und Erfahrungen zur Stelle in der Bundeswehr passen.<\/dd>  <dt><strong>Motivation:<\/strong><\/dt> <dd>Erkl\u00e4ren Sie, warum Sie sich f\u00fcr die Stelle in der Bundeswehr interessieren und wie Sie mit Ihren F\u00e4higkeiten und Erfahrungen zum Erfolg des Unternehmens beitragen k\u00f6nnen. Zeigen Sie Ihr Interesse an der Branche und Ihre Begeisterung f\u00fcr die Arbeit in einem milit\u00e4rischen Umfeld.<\/dd>  <dt><strong>Anpassungsf\u00e4higkeit:<\/strong><\/dt> <dd>Betonen Sie Ihre F\u00e4higkeit, sich neuen Situationen anzupassen und mit Druck umzugehen. Betonen Sie Ihre Bereitschaft, Verantwortung zu \u00fcbernehmen und im Team zu arbeiten.<\/dd> <\/dl>  <p><strong>Beispiel:<\/strong><\/p> <p><b>W\u00e4hrend meiner Karriere in der XYZ-Branche hatte ich die M\u00f6glichkeit, in verschiedenen Positionen sowohl im Inland als auch im Ausland umfangreiche Erfahrungen zu sammeln. Als Projektleiter bei ABC Inc. habe ich erfolgreich an der Implementierung eines neuen Software-Systems mitgewirkt, das die operativen Abl\u00e4ufe des Unternehmens erheblich verbessert hat. Dar\u00fcber hinaus habe ich als Teamleiter bei DEF Corporation ein interdisziplin\u00e4res Team von 10 Mitarbeitern geleitet und dabei herausragende Ergebnisse erzielt.<\/b><\/p> <p><b>Meine umfangreiche Erfahrung in der Branche und meine F\u00e4higkeit, komplexe Projekte erfolgreich abzuschlie\u00dfen, machen mich zu einem wertvollen Kandidaten f\u00fcr die Stelle in der Bundeswehr. Ich bin bereit, Verantwortung zu \u00fcbernehmen und meine Expertise einzubringen, um zur Erreichung Ihrer Ziele beizutragen. Dar\u00fcber hinaus bin ich \u00e4u\u00dferst anpassungsf\u00e4hig und habe in meiner Karriere erfolgreich mit einer Vielzahl von Teams zusammengearbeitet.<\/b><\/p>  <p><strong>Teil 3: Schluss<\/strong><\/p> <p>Der Schluss des Bewerbungsschreibens ist genauso wichtig wie die Einleitung. Hier sind einige Punkte, die Sie ber\u00fccksichtigen sollten:<\/p>  <ol> <li><strong>Abschluss:<\/strong> Schlie\u00dfen Sie Ihr Bewerbungsschreiben mit einer angemessenen Gru\u00dfformel wie &#8220;Mit freundlichen Gr\u00fc\u00dfen&#8221; ab.<\/li> <li><strong>Kontaktdaten:<\/strong> Geben Sie am Ende des Schreibens Ihre vollst\u00e4ndigen Kontaktdaten an, einschlie\u00dflich Telefonnummer und E-Mail-Adresse.<\/li> <li><strong>Nachfolgende Schritte:<\/strong> Geben Sie an, dass Sie sich \u00fcber die M\u00f6glichkeit eines pers\u00f6nlichen Gespr\u00e4chs freuen und erw\u00e4hnen Sie, dass Sie auch f\u00fcr weitere Fragen oder Informationen zur Verf\u00fcgung stehen.<\/li> <\/ol>  <p><strong>Beispiel:<\/strong><\/p> <p><b>Mit freundlichen Gr\u00fc\u00dfen,<\/b><\/p> <p><b>Ihr Name<\/b><\/p> <p><b>Kontaktdaten:<br>Tel: 0123456789<br>E-Mail: name@example.com<\/b><\/p> <p><b>Nochmals vielen Dank f\u00fcr Ihre Zeit und die Ber\u00fccksichtigung meiner Bewerbung. Ich freue mich \u00fcber die M\u00f6glichkeit eines pers\u00f6nlichen Gespr\u00e4chs, um meine F\u00e4higkeiten und Motivation im Detail zu besprechen. F\u00fcr weitere Fragen oder Informationen stehe ich Ihnen gerne zur Verf\u00fcgung.<\/b><\/p>  <p>Mit dieser Anleitung sollten Sie in der Lage sein, ein \u00fcberzeugendes Bewerbungsschreiben f\u00fcr eine Stelle in der Bundeswehr im zivilen Bereich zu verfassen. Denken Sie daran, dass es wichtig ist, Ihre individuellen F\u00e4higkeiten und Erfahrungen hervorzuheben und diese mit den Anforderungen der Stelle in Einklang zu bringen. Viel Erfolg bei Ihrer Bewerbung!<\/p>\r\n\r\n<\/div><\/div>\r\n\r\n<!-- wp:separator -->\r\n\r\n<hr class=\"wp-block-separator has-alpha-channel-opacity\" \/>","protected":false},"excerpt":{"rendered":"<p>Vorlage und Muster f\u00fcr Bewerbungsschreiben Bundeswehr Zivil &#8211; Erstellung und Ausf\u00fcllen &#8211; \u00d6ffnen im WORD und PDF Datei und Online &#8230; <\/p>\n<p class=\"read-more-container\"><a title=\"\u00d6ffnen &#8211; Bewerbungsschreiben Bundeswehr Zivil\" class=\"read-more button\" href=\"https:\/\/schreibenpro.com\/de\/bewerbungsschreiben-bundeswehr-zivil-offnen\/#more-502\" aria-label=\"Mehr zu \u00d6ffnen &#8211; Bewerbungsschreiben Bundeswehr Zivil\">\u00d6FFNEN <\/a><\/p>\n","protected":false},"author":1,"featured_media":0,"parent":0,"menu_order":0,"comment_status":"closed","ping_status":"closed","template":"","meta":{"footnotes":""},"class_list":{"0":"post-502","1":"page","2":"type-page","3":"status-publish","5":"infinite-scroll-item"},"yoast_head":"<!-- This site is optimized with the Yoast SEO plugin v24.6 - https:\/\/yoast.com\/wordpress\/plugins\/seo\/ -->\n<title>\u00d6ffnen - Bewerbungsschreiben Bundeswehr Zivil - Schreiben PRO<\/title>\n<meta name=\"robots\" content=\"noindex, follow\" \/>\n<meta property=\"og:locale\" content=\"de_DE\" \/>\n<meta property=\"og:type\" content=\"article\" \/>\n<meta property=\"og:title\" content=\"\u00d6ffnen - Bewerbungsschreiben Bundeswehr Zivil - Schreiben PRO\" \/>\n<meta property=\"og:description\" content=\"Vorlage und Muster f\u00fcr Bewerbungsschreiben Bundeswehr Zivil &#8211; Erstellung und Ausf\u00fcllen &#8211; \u00d6ffnen im WORD und PDF Datei und Online ... \u00d6FFNEN\" \/>\n<meta property=\"og:url\" content=\"https:\/\/schreibenpro.com\/de\/bewerbungsschreiben-bundeswehr-zivil-offnen\/\" \/>\n<meta property=\"og:site_name\" content=\"Schreiben PRO\" \/>\n<meta property=\"og:image\" content=\"https:\/\/schreibenpro.com\/de\/wp-content\/uploads\/bewerbungsschreiben-bundeswehr-zivil-muster-vorlage.jpg\" \/>\n<meta name=\"twitter:card\" content=\"summary_large_image\" \/>\n<meta name=\"twitter:label1\" content=\"Gesch\u00e4tzte Lesezeit\" \/>\n\t<meta name=\"twitter:data1\" content=\"1\u00a0Minute\" \/>\n<!-- \/ Yoast SEO plugin. -->","yoast_head_json":{"title":"\u00d6ffnen - Bewerbungsschreiben Bundeswehr Zivil - Schreiben PRO","robots":{"index":"noindex","follow":"follow"},"og_locale":"de_DE","og_type":"article","og_title":"\u00d6ffnen - Bewerbungsschreiben Bundeswehr Zivil - Schreiben PRO","og_description":"Vorlage und Muster f\u00fcr Bewerbungsschreiben Bundeswehr Zivil &#8211; Erstellung und Ausf\u00fcllen &#8211; \u00d6ffnen im WORD und PDF Datei und Online ... \u00d6FFNEN","og_url":"https:\/\/schreibenpro.com\/de\/bewerbungsschreiben-bundeswehr-zivil-offnen\/","og_site_name":"Schreiben PRO","og_image":[{"url":"https:\/\/schreibenpro.com\/de\/wp-content\/uploads\/bewerbungsschreiben-bundeswehr-zivil-muster-vorlage.jpg","type":"","width":"","height":""}],"twitter_card":"summary_large_image","twitter_misc":{"Gesch\u00e4tzte Lesezeit":"1\u00a0Minute"},"schema":{"@context":"https:\/\/schema.org","@graph":[{"@type":"WebPage","@id":"https:\/\/schreibenpro.com\/de\/bewerbungsschreiben-bundeswehr-zivil-offnen\/","url":"https:\/\/schreibenpro.com\/de\/bewerbungsschreiben-bundeswehr-zivil-offnen\/","name":"\u00d6ffnen - Bewerbungsschreiben Bundeswehr Zivil - Schreiben PRO","isPartOf":{"@id":"https:\/\/schreibenpro.com\/de\/#website"},"primaryImageOfPage":{"@id":"https:\/\/schreibenpro.com\/de\/bewerbungsschreiben-bundeswehr-zivil-offnen\/#primaryimage"},"image":{"@id":"https:\/\/schreibenpro.com\/de\/bewerbungsschreiben-bundeswehr-zivil-offnen\/#primaryimage"},"thumbnailUrl":"https:\/\/schreibenpro.com\/de\/wp-content\/uploads\/bewerbungsschreiben-bundeswehr-zivil-muster-vorlage.jpg","datePublished":"2023-12-18T08:24:09+00:00","breadcrumb":{"@id":"https:\/\/schreibenpro.com\/de\/bewerbungsschreiben-bundeswehr-zivil-offnen\/#breadcrumb"},"inLanguage":"de","potentialAction":[{"@type":"ReadAction","target":["https:\/\/schreibenpro.com\/de\/bewerbungsschreiben-bundeswehr-zivil-offnen\/"]}]},{"@type":"ImageObject","inLanguage":"de","@id":"https:\/\/schreibenpro.com\/de\/bewerbungsschreiben-bundeswehr-zivil-offnen\/#primaryimage","url":"https:\/\/schreibenpro.com\/de\/wp-content\/uploads\/anschreiben-zum-angebot-muster-vorlage.jpg","contentUrl":"https:\/\/schreibenpro.com\/de\/wp-content\/uploads\/anschreiben-zum-angebot-muster-vorlage.jpg","width":1410,"height":2250},{"@type":"BreadcrumbList","@id":"https:\/\/schreibenpro.com\/de\/bewerbungsschreiben-bundeswehr-zivil-offnen\/#breadcrumb","itemListElement":[{"@type":"ListItem","position":1,"name":"Portada","item":"https:\/\/schreibenpro.com\/de\/"},{"@type":"ListItem","position":2,"name":"\u00d6ffnen &#8211; Bewerbungsschreiben Bundeswehr Zivil"}]},{"@type":"WebSite","@id":"https:\/\/schreibenpro.com\/de\/#website","url":"https:\/\/schreibenpro.com\/de\/","name":"Schreiben PRO","description":"Muster und Vorlage","publisher":{"@id":"https:\/\/schreibenpro.com\/de\/#organization"},"potentialAction":[{"@type":"SearchAction","target":{"@type":"EntryPoint","urlTemplate":"https:\/\/schreibenpro.com\/de\/?s={search_term_string}"},"query-input":{"@type":"PropertyValueSpecification","valueRequired":true,"valueName":"search_term_string"}}],"inLanguage":"de"},{"@type":"Organization","@id":"https:\/\/schreibenpro.com\/de\/#organization","name":"Schreiben PRO","url":"https:\/\/schreibenpro.com\/de\/","logo":{"@type":"ImageObject","inLanguage":"de","@id":"https:\/\/schreibenpro.com\/de\/#\/schema\/logo\/image\/","url":"https:\/\/schreibenpro.com\/de\/wp-content\/uploads\/cropped-fav.png","contentUrl":"https:\/\/schreibenpro.com\/de\/wp-content\/uploads\/cropped-fav.png","width":512,"height":512,"caption":"Schreiben PRO"},"image":{"@id":"https:\/\/schreibenpro.com\/de\/#\/schema\/logo\/image\/"}}]}},"_links":{"self":[{"href":"https:\/\/schreibenpro.com\/de\/wp-json\/wp\/v2\/pages\/502","targetHints":{"allow":["GET"]}}],"collection":[{"href":"https:\/\/schreibenpro.com\/de\/wp-json\/wp\/v2\/pages"}],"about":[{"href":"https:\/\/schreibenpro.com\/de\/wp-json\/wp\/v2\/types\/page"}],"author":[{"embeddable":true,"href":"https:\/\/schreibenpro.com\/de\/wp-json\/wp\/v2\/users\/1"}],"replies":[{"embeddable":true,"href":"https:\/\/schreibenpro.com\/de\/wp-json\/wp\/v2\/comments?post=502"}],"version-history":[{"count":0,"href":"https:\/\/schreibenpro.com\/de\/wp-json\/wp\/v2\/pages\/502\/revisions"}],"wp:attachment":[{"href":"https:\/\/schreibenpro.com\/de\/wp-json\/wp\/v2\/media?parent=502"}],"curies":[{"name":"wp","href":"https:\/\/api.w.org\/{rel}","templated":true}]}}