{"id":506,"date":"2023-12-18T08:24:12","date_gmt":"2023-12-18T08:24:12","guid":{"rendered":"https:\/\/schreibenpro.com\/de\/formloser-antrag-heil-und-kostenplan-einreichen-anschreiben-offnen\/"},"modified":"2023-12-18T08:24:12","modified_gmt":"2023-12-18T08:24:12","slug":"formloser-antrag-heil-und-kostenplan-einreichen-anschreiben-offnen","status":"publish","type":"page","link":"https:\/\/schreibenpro.com\/de\/formloser-antrag-heil-und-kostenplan-einreichen-anschreiben-offnen\/","title":{"rendered":"\u00d6ffnen &#8211; Formloser Antrag Heil- Und Kostenplan Einreichen Anschreiben"},"content":{"rendered":"\r\n<p class=\"has-text-align-center\">Vorlage und Muster f\u00fcr <strong> Formloser Antrag Heil- Und Kostenplan Einreichen Anschreiben<\/strong> &#8211; Ausf\u00fcllen und Erstellung  &#8211; \u00d6ffnen im <strong>PDF  WORD<\/strong> Datei und Online<\/p>\r\n\r\n\r\n\r\n\r\n<div class=\"wp-block-image\">\r\n<figure class=\"aligncenter size-large is-resized\"><img loading=\"lazy\" decoding=\"async\" class=\"wp-image-215\" src=\"https:\/\/schreibenpro.com\/de\/wp-content\/uploads\/formloser-antrag-heil-und-kostenplan-einreichen-anschreiben-muster-vorlage.jpg\" alt=\"\" width=\"245\" height=\"391\" \/><\/figure>\r\n<\/div>\r\n\r\n\r\n\r\n<hr class=\"wp-block-separator has-alpha-channel-opacity\" \/>\r\n\r\n\r\n\r\n\r\n\r\n<div class=\"su-note\"  style=\"border-color:#e5e5e5;border-radius:10px;-moz-border-radius:10px;-webkit-border-radius:10px;\"><div class=\"su-note-inner su-u-clearfix su-u-trim\" style=\"background-color:#FFFFFF;border-color:#ffffff;color:#333333;border-radius:10px;-moz-border-radius:10px;-webkit-border-radius:10px;\">\r\n\r\n<section id=\"specialParagraph\"><p><strong>Einleitung:<\/strong><\/p> <p>Sehr geehrte Damen und Herren,<\/p> <p>hiermit reiche ich formlos meinen Antrag auf einen Heil- Und Kostenplan ein.<\/p>  <p><strong>Hintergrund:<\/strong><\/p> <p>Ich ben\u00f6tige eine zahnmedizinische Behandlung, bei der ich voraussichtlich hohe Kosten tragen werde. Um eine finanzielle Unterst\u00fctzung von meiner Krankenkasse zu erhalten, beantrage ich hiermit einen Heil- und Kostenplan.<\/p>  <p><strong>Meine aktuelle Situation:<\/strong><\/p> <p>Ich leide unter starken Zahnschmerzen und habe bereits mehrere Kariesbefunde, die behandelt werden m\u00fcssen. Aufgrund der Komplexit\u00e4t der Behandlung und der damit verbundenen Kosten, bitte ich um Unterst\u00fctzung bei der Beantragung eines Heil- und Kostenplans.<\/p>  <p><strong>Notwendige Informationen:<\/strong><\/p> <p>Um meinen Antrag zu unterst\u00fctzen, f\u00fcge ich folgende Unterlagen bei:<\/p> <ul> <li>Kopien meiner aktuellen R\u00f6ntgenbilder<\/li> <li>Eine detaillierte Auflistung der geplanten zahn\u00e4rztlichen Behandlungen<\/li> <li>Einen Kostenvoranschlag des behandelnden Zahnarztes<\/li> <\/ul>  <p><strong>Ziel des Antrags:<\/strong><\/p> <p>Ich beantrage einen Heil- und Kostenplan, um die Kosten meiner zahnmedizinischen Behandlung zu \u00fcberblicken und eine finanzielle Unterst\u00fctzung von meiner Krankenkasse zu erhalten. Ich bitte Sie daher, meinen Antrag sorgf\u00e4ltig zu pr\u00fcfen und mir zeitnah eine R\u00fcckmeldung zukommen zu lassen.<\/p>  <p><strong>Formale Gestaltungselemente:<\/strong><\/p> <p>Bitte beachten Sie die folgenden formalen Gestaltungselemente:<\/p> <dl> <dt>Empf\u00e4nger:<\/dt> <dd>Name der Krankenkasse oder des zust\u00e4ndigen Sachbearbeiters<\/dd>  <dt>Absender:<\/dt> <dd>Ihr vollst\u00e4ndiger Name<\/dd> <dd>Ihre Adresse<\/dd> <dd>Ihre Kontaktdaten (Telefonnummer, E-Mail-Adresse)<\/dd>  <dt>Betreff:<\/dt> <dd>Antrag auf Heil- und Kostenplan<\/dd>  <dt>Anrede:<\/dt> <dd>Sehr geehrte Damen und Herren,<\/dd>  <dt>Schlussformel:<\/dt> <dd>Mit freundlichen Gr\u00fc\u00dfen<\/dd> <dd>Ihr vollst\u00e4ndiger Name<\/dd> <\/dl>  <p><strong>Schluss:<\/strong><\/p> <p>Vielen Dank im Voraus f\u00fcr Ihre Unterst\u00fctzung. Ich freue mich auf Ihre positive R\u00fcckmeldung und stehe Ihnen f\u00fcr weitere Informationen gerne zur Verf\u00fcgung.<\/p>  <p>Mit freundlichen Gr\u00fc\u00dfen,<\/p> <p>Ihr vollst\u00e4ndiger Name<\/p> <p>Ihre Adresse<\/p> <p>Ihre Kontaktdaten (Telefonnummer, E-Mail-Adresse)<\/p><\/section><\/div><\/div>\r\n\r\n&nbsp;\r\n\r\n\r\n\r\n\r\n\r\n\r\n<p class=\"has-text-align-center\">Vorlage und Muster f\u00fcr <strong> Formloser Antrag Heil- Und Kostenplan Einreichen Anschreiben <\/strong> zur Anpassung und Erstellung  im <strong>WORD<\/strong>\u2013 und <strong>PDF-Format<\/strong><\/p>\r\n\r\n\r\n<button id=\"generatePDF\">Erstellen (PDF &#8211; WORD)<\/button>\r\n\r\n\r\n\r\n<hr class=\"wp-block-separator has-alpha-channel-opacity\" \/>\r\n\r\n\r\n\r\n<p style=\"text-align: center;\"><strong>Formloser Antrag Heil- Und Kostenplan Einreichen Anschreiben<\/strong><\/p>\r\n\r\n<div class=\"wp-block-columns is-layout-flex wp-container-core-columns-is-layout-9d6595d7 wp-block-columns-is-layout-flex\">\r\n\r\n\r\n<div class=\"wp-block-column is-layout-flow wp-block-column-is-layout-flow\"><div class=\"su-button-center\"><a href=\"https:\/\/www.rawenzel.de\/files\/rawenzel.de\/dokumente\/downloads\/mustervorlage-kostenuebernahmeantrag.pdf\" class=\"su-button su-button-style-flat\" style=\"color:#FFFFFF;background-color:#144bb6;border-color:#103c92;border-radius:1px\" target=\"_self\"><span style=\"color:#FFFFFF;padding:0px 24px;font-size:18px;line-height:36px;border-color:#5b81cc;border-radius:1px;text-shadow:none\">   PDF <\/span><\/a><\/div>\n<\/div>\r\n\r\n\r\n\r\n<div class=\"wp-block-column is-layout-flow wp-block-column-is-layout-flow\"><div class=\"su-button-center\"><a href=\"https:\/\/www.rawenzel.de\/files\/rawenzel.de\/dokumente\/downloads\/mustervorlage-kostenuebernahmeantrag.pdf\" class=\"su-button su-button-style-flat\" style=\"color:#FFFFFF;background-color:#144bb6;border-color:#103c92;border-radius:1px\" target=\"_self\"><span style=\"color:#FFFFFF;padding:0px 24px;font-size:18px;line-height:36px;border-color:#5b81cc;border-radius:1px;text-shadow:none\">   DOC<\/span><\/a><\/div>\n<\/div>\r\n\r\n\r\n<\/div>\r\n\r\n\r\n\r\n<p style=\"text-align: center;\"><strong>Beispiele<\/strong><\/p>\r\n\r\n<div class=\"wp-block-columns is-layout-flex wp-container-core-columns-is-layout-9d6595d7 wp-block-columns-is-layout-flex\">\r\n\r\n\r\n<div class=\"wp-block-column is-layout-flow wp-block-column-is-layout-flow\"><div class=\"su-button-center\"><a href=\"https:\/\/www.rawenzel.de\/files\/rawenzel.de\/dokumente\/downloads\/mustervorlage-kostenuebernahmeantrag.pdf\" class=\"su-button su-button-style-flat\" style=\"color:#FFFFFF;background-color:#144bb6;border-color:#103c92;border-radius:1px\" target=\"_self\"><span style=\"color:#FFFFFF;padding:0px 24px;font-size:18px;line-height:36px;border-color:#5b81cc;border-radius:1px;text-shadow:none\">  Beispiel &#8211; 1 <\/span><\/a><\/div>\n<\/div>\r\n\r\n\r\n\r\n<div class=\"wp-block-column is-layout-flow wp-block-column-is-layout-flow\"><div class=\"su-button-center\"><a href=\"https:\/\/www.bezreg-detmold.nrw.de\/system\/files\/media\/document\/file\/2.23_anschreiben_zentrale_scanstelle_beihilfe.pdf\" class=\"su-button su-button-style-flat\" style=\"color:#FFFFFF;background-color:#144bb6;border-color:#103c92;border-radius:1px\" target=\"_self\"><span style=\"color:#FFFFFF;padding:0px 24px;font-size:18px;line-height:36px;border-color:#5b81cc;border-radius:1px;text-shadow:none\">  Beispiel &#8211; 2 <\/span><\/a><\/div>\n<\/div>\r\n\r\n\r\n<\/div>\r\n\r\n\r\n<hr class=\"wp-block-separator has-alpha-channel-opacity\" \/>\r\n\r\n\r\n\r\n<div class=\"wp-block-columns is-layout-flex wp-container-core-columns-is-layout-9d6595d7 wp-block-columns-is-layout-flex\">\r\n\r\n\r\n<div class=\"wp-block-column is-layout-flow wp-block-column-is-layout-flow\"><div class=\"su-button-center\"><a href=\"https:\/\/rechtecheck.de\/vorlagen\/musterbriefe\/musterbrief-kostenuebernahme-praevention.pdf\" class=\"su-button su-button-style-flat\" style=\"color:#FFFFFF;background-color:#144bb6;border-color:#103c92;border-radius:1px\" target=\"_self\"><span style=\"color:#FFFFFF;padding:0px 24px;font-size:18px;line-height:36px;border-color:#5b81cc;border-radius:1px;text-shadow:none\">  Beispiel &#8211; 3 <\/span><\/a><\/div>\n<\/div>\r\n\r\n\r\n\r\n<div class=\"wp-block-column is-layout-flow wp-block-column-is-layout-flow\"><div class=\"su-button-center\"><a href=\"https:\/\/www.rawenzel.de\/files\/rawenzel.de\/dokumente\/downloads\/mustervorlage-kostenuebernahmeantrag.pdf\" class=\"su-button su-button-style-flat\" style=\"color:#FFFFFF;background-color:#144bb6;border-color:#103c92;border-radius:1px\" target=\"_self\"><span style=\"color:#FFFFFF;padding:0px 24px;font-size:18px;line-height:36px;border-color:#5b81cc;border-radius:1px;text-shadow:none\">  Beispiel &#8211; 4 <\/span><\/a><\/div>\n<\/div>\r\n\r\n\r\n<\/div>\r\n\r\n\r\n<hr class=\"wp-block-separator has-alpha-channel-opacity\" \/>\r\n\r\n<!-- \/wp:post-content -->\r\n\r\n<!-- wp:table {\"align\":\"center\"} -->\r\n<figure class=\"wp-block-table aligncenter\">\r\n<table>\r\n<tbody>\r\n<tr>\r\n<td style=\"text-align: center;\">Formloser Antrag Heil- Und Kostenplan Einreichen Anschreiben<\/td>\r\n<\/tr>\r\n<tr>\r\n<td style=\"text-align: center;\">PDF &#8211; WORD Datei<\/td>\r\n<\/tr>\r\n<tr>\r\n<td style=\"text-align: center;\">Bewertung: \u2b50\u2b50\u2b50\u2b50\u2b50 4.0<\/td>\r\n<\/tr>\r\n<tr>\r\n<td style=\"text-align: center;\">Ergebnisse &#8211; 4770<\/td>\r\n<\/tr>\r\n<\/tbody>\r\n<\/table>\r\n<\/figure>\r\n<!-- \/wp:table -->\r\n\r\n<!-- wp:separator -->\r\n\r\n<hr class=\"wp-block-separator has-alpha-channel-opacity\" \/>\r\n\r\n<!-- \/wp:separator -->\r\n\r\n<div class=\"su-note\"  style=\"border-color:#e5e5e5;border-radius:10px;-moz-border-radius:10px;-webkit-border-radius:10px;\"><div class=\"su-note-inner su-u-clearfix su-u-trim\" style=\"background-color:#FFFFFF;border-color:#ffffff;color:#333333;border-radius:10px;-moz-border-radius:10px;-webkit-border-radius:10px;\">\r\n\r\n<h3>Einf\u00fchrung<\/h3> <p>Ein formloser Antrag zur Einreichung eines Heil- und Kostenplans ist eine wichtige Kommunikation zwischen dem Antragsteller und dem Empf\u00e4nger, in der Regel eine Krankenkasse oder eine andere medizinische Einrichtung. Dieses Anschreiben ist oft der erste Eindruck, den Ihr Antrag bei der Empf\u00e4ngerseite hinterl\u00e4sst, und es ist daher wichtig, den Brief sorgf\u00e4ltig zu verfassen. In dieser Anleitung werden wir die verschiedenen Schritte und Bestandteile erl\u00e4utern, die Sie bei der Erstellung dieses Anschreibens ber\u00fccksichtigen sollten.<\/p>  <h3>1. Einleitung<\/h3> <p>Der erste Absatz Ihres formlosen Antrags sollte eine h\u00f6fliche und respektvolle Einleitung enthalten. Sie sollten den Empf\u00e4nger namentlich ansprechen und Ihre Absicht klar und pr\u00e4gnant ausdr\u00fccken. Einige Beispiele f\u00fcr eine solche Einleitung sind:<\/p>  <blockquote> <p>Sehr geehrter Herr\/Frau [Name des Empf\u00e4ngers],<\/p> <p>ich schreibe Ihnen, um einen formlosen Antrag auf Einreichung eines Heil- und Kostenplans einzureichen.<\/p> <p>Sehr geehrte Damen und Herren,<\/p> <p>mit diesem Schreiben reiche ich formlos einen Heil- und Kostenplan zur Genehmigung ein.<\/p> <\/blockquote>  <h4>2. Hauptteil<\/h4> <p>Im Hauptteil Ihres Anschreibens sollten Sie die relevanten Informationen und Gr\u00fcnde f\u00fcr Ihren Antrag darlegen. Hier sind einige wichtige Punkte, die Sie ber\u00fccksichtigen sollten:<\/p>  <h4>a) Ihre pers\u00f6nlichen Informationen<\/h4> <p>Geben Sie Ihren vollst\u00e4ndigen Namen, Ihre Anschrift, Ihre Telefonnummer und Ihre E-Mail-Adresse an. Dies erm\u00f6glicht es dem Empf\u00e4nger, Sie bei Bedarf zu kontaktieren.<\/p>  <h4>b) Patienteninformationen<\/h4> <p>Falls Sie den Antrag im Namen einer anderen Person stellen, zum Beispiel als deren gesetzlicher Vertreter, geben Sie auch deren vollst\u00e4ndige Namen und Kontaktdaten an.<\/p>  <h4>c) Antragsgrund<\/h4> <p>Erkl\u00e4ren Sie kurz und pr\u00e4zise, warum Sie den Heil- und Kostenplan einreichen. Zum Beispiel k\u00f6nnten Sie sagen, dass Sie eine bestimmte medizinische Behandlung ben\u00f6tigen, die von Ihrer Krankenkasse \u00fcbernommen werden soll.<\/p>  <h4>d) Behandlungsdetails<\/h4> <p>Geben Sie so viele Informationen wie m\u00f6glich zu der geplanten Behandlung an, einschlie\u00dflich des Behandlungszeitraums, der medizinischen Fachkr\u00e4fte, bei denen die Behandlung stattfinden soll, und etwaiger medizinischer Berichte oder Untersuchungsergebnisse, die relevant sein k\u00f6nnten.<\/p>  <h4>e) Kosten\u00fcbernahme<\/h4> <p>Geben Sie an, dass Sie eine Kosten\u00fcbernahme von der Empf\u00e4ngerseite ben\u00f6tigen und erw\u00e4hnen Sie gegebenenfalls, dass Sie bereit sind, weitere erforderliche Unterlagen oder Nachweise bereitzustellen.<\/p>  <h3>3. Schluss<\/h3> <p>Ihr Schlussabsatz sollte h\u00f6flich und respektvoll sein. Hier sind einige Beispiele f\u00fcr einen solchen Abschluss:<\/p>  <blockquote> <p>Ich danke Ihnen im Voraus f\u00fcr Ihre Aufmerksamkeit und hoffe auf eine positive R\u00fcckmeldung bez\u00fcglich meines Antrags.<\/p> <p>Falls Sie weitere Informationen ben\u00f6tigen, stehe ich Ihnen gerne zur Verf\u00fcgung.<\/p> <p>Nochmals vielen Dank f\u00fcr Ihre Bem\u00fchungen und ich w\u00fcrde mich \u00fcber eine zeitnahe Bearbeitung meines Antrags freuen.<\/p> <\/blockquote>  <h3>4. Formaler Aufbau und Gestaltung<\/h3> <p>Bei der formalen Gestaltung Ihres formlosen Antrags zur Einreichung eines Heil- und Kostenplans sollten Sie folgende Punkte beachten:<\/p>  <h4>a) Datum und Ort<\/h4> <p>Geben Sie das Datum und den Ort der Brieferstellung an.<\/p>  <h4>b) Betreffzeile<\/h4> <p>Formulieren Sie eine pr\u00e4gnante Betreffzeile, die den Zweck Ihres Antrags deutlich macht.<\/p>  <h4>c) Anrede<\/h4> <p>W\u00e4hlen Sie eine h\u00f6fliche Anrede, die zum Empf\u00e4nger passt (z.B. &#8220;Sehr geehrter Herr\/Frau [Name des Empf\u00e4ngers]&#8221;).<\/p>  <h4>d) Gru\u00dfformel<\/h4> <p>Verwenden Sie eine passende Gru\u00dfformel am Ende des Briefes, wie zum Beispiel &#8220;Mit freundlichen Gr\u00fc\u00dfen&#8221; oder &#8220;Hochachtungsvoll&#8221;.<\/p>  <h4>e) Unterschrift<\/h4> <p>Unterschreiben Sie den Brief am Ende mit Ihrem vollen Namen.<\/p>  <h3>5. Beispielbrief<\/h3> <p>Hier ist ein Beispiel f\u00fcr ein formloses Antragsschreiben zur Einreichung eines Heil- und Kostenplans:<\/p>  <blockquote> <p>Sehr geehrter Herr\/Frau [Name des Empf\u00e4ngers],<\/p> <p>ich schreibe Ihnen, um einen formlosen Antrag auf Einreichung eines Heil- und Kostenplans einzureichen.<\/p> <p>Meine pers\u00f6nlichen Informationen lauten wie folgt:<\/p> <p>Name: [Ihr vollst\u00e4ndiger Name] <p>Anschrift: [Ihre vollst\u00e4ndige Anschrift] <p>Telefonnummer: [Ihre Telefonnummer] <p>E-Mail-Adresse: [Ihre E-Mail-Adresse] <p>Ich reiche den Heil- und Kostenplan im Namen von [Name des Patienten] ein, der\/die unter [Grund f\u00fcr die Behandlung] leidet.<\/p> <p>Die geplante Behandlung wird voraussichtlich am [Datum] beginnen und unter der Leitung von [Name des medizinischen Fachpersonals] durchgef\u00fchrt.<\/p> <p>Ich br\u00e4uchte dringend eine Kosten\u00fcbernahme von Ihrer Seite, um die Behandlung durchf\u00fchren zu k\u00f6nnen. Gerne bin ich bereit, weitere erforderliche Unterlagen oder Nachweise bereitzustellen.<\/p> <p>Ich danke Ihnen im Voraus f\u00fcr Ihre Aufmerksamkeit und hoffe auf eine positive R\u00fcckmeldung bez\u00fcglich meines Antrags.<\/p> <p>Mit freundlichen Gr\u00fc\u00dfen,<\/p> [Ihr vollst\u00e4ndiger Name] <\/blockquote>  <h3><\/h3> <p>Das Schreiben eines formlosen Antrags zur Einreichung eines Heil- und Kostenplans erfordert Sorgfalt und Aufmerksamkeit. Indem Sie die oben genannten Tipps und Beispiele befolgen, k\u00f6nnen Sie ein effektives Anschreiben verfassen und sicherstellen, dass Ihr Antrag angemessen und respektvoll pr\u00e4sentiert wird.<\/p>\r\n\r\n<\/div><\/div>\r\n\r\n<!-- wp:separator -->\r\n\r\n<hr class=\"wp-block-separator has-alpha-channel-opacity\" \/>","protected":false},"excerpt":{"rendered":"<p>Vorlage und Muster f\u00fcr Formloser Antrag Heil- Und Kostenplan Einreichen Anschreiben &#8211; Ausf\u00fcllen und Erstellung &#8211; \u00d6ffnen im PDF WORD &#8230; <\/p>\n<p class=\"read-more-container\"><a title=\"\u00d6ffnen &#8211; Formloser Antrag Heil- Und Kostenplan Einreichen Anschreiben\" class=\"read-more button\" href=\"https:\/\/schreibenpro.com\/de\/formloser-antrag-heil-und-kostenplan-einreichen-anschreiben-offnen\/#more-506\" aria-label=\"Mehr zu \u00d6ffnen &#8211; Formloser Antrag Heil- Und Kostenplan Einreichen Anschreiben\">\u00d6FFNEN <\/a><\/p>\n","protected":false},"author":1,"featured_media":0,"parent":0,"menu_order":0,"comment_status":"closed","ping_status":"closed","template":"","meta":{"footnotes":""},"class_list":{"0":"post-506","1":"page","2":"type-page","3":"status-publish","5":"infinite-scroll-item"},"yoast_head":"<!-- This site is optimized with the Yoast SEO plugin v24.6 - https:\/\/yoast.com\/wordpress\/plugins\/seo\/ -->\n<title>\u00d6ffnen - Formloser Antrag Heil- Und Kostenplan Einreichen Anschreiben - Schreiben PRO<\/title>\n<meta name=\"robots\" content=\"noindex, follow\" \/>\n<meta property=\"og:locale\" content=\"de_DE\" \/>\n<meta property=\"og:type\" content=\"article\" \/>\n<meta property=\"og:title\" content=\"\u00d6ffnen - Formloser Antrag Heil- Und Kostenplan Einreichen Anschreiben - Schreiben PRO\" \/>\n<meta property=\"og:description\" content=\"Vorlage und Muster f\u00fcr Formloser Antrag Heil- Und Kostenplan Einreichen Anschreiben &#8211; Ausf\u00fcllen und Erstellung &#8211; \u00d6ffnen im PDF WORD ... \u00d6FFNEN\" \/>\n<meta property=\"og:url\" content=\"https:\/\/schreibenpro.com\/de\/formloser-antrag-heil-und-kostenplan-einreichen-anschreiben-offnen\/\" \/>\n<meta property=\"og:site_name\" content=\"Schreiben PRO\" \/>\n<meta property=\"og:image\" content=\"https:\/\/schreibenpro.com\/de\/wp-content\/uploads\/formloser-antrag-heil-und-kostenplan-einreichen-anschreiben-muster-vorlage.jpg\" \/>\n<meta name=\"twitter:card\" content=\"summary_large_image\" \/>\n<meta name=\"twitter:label1\" content=\"Gesch\u00e4tzte Lesezeit\" \/>\n\t<meta name=\"twitter:data1\" content=\"1\u00a0Minute\" \/>\n<!-- \/ Yoast SEO plugin. -->","yoast_head_json":{"title":"\u00d6ffnen - Formloser Antrag Heil- Und Kostenplan Einreichen Anschreiben - Schreiben PRO","robots":{"index":"noindex","follow":"follow"},"og_locale":"de_DE","og_type":"article","og_title":"\u00d6ffnen - Formloser Antrag Heil- Und Kostenplan Einreichen Anschreiben - Schreiben PRO","og_description":"Vorlage und Muster f\u00fcr Formloser Antrag Heil- Und Kostenplan Einreichen Anschreiben &#8211; Ausf\u00fcllen und Erstellung &#8211; \u00d6ffnen im PDF WORD ... \u00d6FFNEN","og_url":"https:\/\/schreibenpro.com\/de\/formloser-antrag-heil-und-kostenplan-einreichen-anschreiben-offnen\/","og_site_name":"Schreiben PRO","og_image":[{"url":"https:\/\/schreibenpro.com\/de\/wp-content\/uploads\/formloser-antrag-heil-und-kostenplan-einreichen-anschreiben-muster-vorlage.jpg","type":"","width":"","height":""}],"twitter_card":"summary_large_image","twitter_misc":{"Gesch\u00e4tzte Lesezeit":"1\u00a0Minute"},"schema":{"@context":"https:\/\/schema.org","@graph":[{"@type":"WebPage","@id":"https:\/\/schreibenpro.com\/de\/formloser-antrag-heil-und-kostenplan-einreichen-anschreiben-offnen\/","url":"https:\/\/schreibenpro.com\/de\/formloser-antrag-heil-und-kostenplan-einreichen-anschreiben-offnen\/","name":"\u00d6ffnen - Formloser Antrag Heil- Und Kostenplan Einreichen Anschreiben - Schreiben PRO","isPartOf":{"@id":"https:\/\/schreibenpro.com\/de\/#website"},"primaryImageOfPage":{"@id":"https:\/\/schreibenpro.com\/de\/formloser-antrag-heil-und-kostenplan-einreichen-anschreiben-offnen\/#primaryimage"},"image":{"@id":"https:\/\/schreibenpro.com\/de\/formloser-antrag-heil-und-kostenplan-einreichen-anschreiben-offnen\/#primaryimage"},"thumbnailUrl":"https:\/\/schreibenpro.com\/de\/wp-content\/uploads\/formloser-antrag-heil-und-kostenplan-einreichen-anschreiben-muster-vorlage.jpg","datePublished":"2023-12-18T08:24:12+00:00","breadcrumb":{"@id":"https:\/\/schreibenpro.com\/de\/formloser-antrag-heil-und-kostenplan-einreichen-anschreiben-offnen\/#breadcrumb"},"inLanguage":"de","potentialAction":[{"@type":"ReadAction","target":["https:\/\/schreibenpro.com\/de\/formloser-antrag-heil-und-kostenplan-einreichen-anschreiben-offnen\/"]}]},{"@type":"ImageObject","inLanguage":"de","@id":"https:\/\/schreibenpro.com\/de\/formloser-antrag-heil-und-kostenplan-einreichen-anschreiben-offnen\/#primaryimage","url":"https:\/\/schreibenpro.com\/de\/wp-content\/uploads\/anschreiben-zum-angebot-muster-vorlage.jpg","contentUrl":"https:\/\/schreibenpro.com\/de\/wp-content\/uploads\/anschreiben-zum-angebot-muster-vorlage.jpg","width":1410,"height":2250},{"@type":"BreadcrumbList","@id":"https:\/\/schreibenpro.com\/de\/formloser-antrag-heil-und-kostenplan-einreichen-anschreiben-offnen\/#breadcrumb","itemListElement":[{"@type":"ListItem","position":1,"name":"Portada","item":"https:\/\/schreibenpro.com\/de\/"},{"@type":"ListItem","position":2,"name":"\u00d6ffnen &#8211; Formloser Antrag Heil- Und Kostenplan Einreichen Anschreiben"}]},{"@type":"WebSite","@id":"https:\/\/schreibenpro.com\/de\/#website","url":"https:\/\/schreibenpro.com\/de\/","name":"Schreiben PRO","description":"Muster und Vorlage","publisher":{"@id":"https:\/\/schreibenpro.com\/de\/#organization"},"potentialAction":[{"@type":"SearchAction","target":{"@type":"EntryPoint","urlTemplate":"https:\/\/schreibenpro.com\/de\/?s={search_term_string}"},"query-input":{"@type":"PropertyValueSpecification","valueRequired":true,"valueName":"search_term_string"}}],"inLanguage":"de"},{"@type":"Organization","@id":"https:\/\/schreibenpro.com\/de\/#organization","name":"Schreiben PRO","url":"https:\/\/schreibenpro.com\/de\/","logo":{"@type":"ImageObject","inLanguage":"de","@id":"https:\/\/schreibenpro.com\/de\/#\/schema\/logo\/image\/","url":"https:\/\/schreibenpro.com\/de\/wp-content\/uploads\/cropped-fav.png","contentUrl":"https:\/\/schreibenpro.com\/de\/wp-content\/uploads\/cropped-fav.png","width":512,"height":512,"caption":"Schreiben PRO"},"image":{"@id":"https:\/\/schreibenpro.com\/de\/#\/schema\/logo\/image\/"}}]}},"_links":{"self":[{"href":"https:\/\/schreibenpro.com\/de\/wp-json\/wp\/v2\/pages\/506","targetHints":{"allow":["GET"]}}],"collection":[{"href":"https:\/\/schreibenpro.com\/de\/wp-json\/wp\/v2\/pages"}],"about":[{"href":"https:\/\/schreibenpro.com\/de\/wp-json\/wp\/v2\/types\/page"}],"author":[{"embeddable":true,"href":"https:\/\/schreibenpro.com\/de\/wp-json\/wp\/v2\/users\/1"}],"replies":[{"embeddable":true,"href":"https:\/\/schreibenpro.com\/de\/wp-json\/wp\/v2\/comments?post=506"}],"version-history":[{"count":0,"href":"https:\/\/schreibenpro.com\/de\/wp-json\/wp\/v2\/pages\/506\/revisions"}],"wp:attachment":[{"href":"https:\/\/schreibenpro.com\/de\/wp-json\/wp\/v2\/media?parent=506"}],"curies":[{"name":"wp","href":"https:\/\/api.w.org\/{rel}","templated":true}]}}