{"id":507,"date":"2023-12-18T08:24:12","date_gmt":"2023-12-18T08:24:12","guid":{"rendered":"https:\/\/schreibenpro.com\/de\/elternzeit-verkurzen-formloses-schreiben-offnen\/"},"modified":"2023-12-18T08:24:12","modified_gmt":"2023-12-18T08:24:12","slug":"elternzeit-verkurzen-formloses-schreiben-offnen","status":"publish","type":"page","link":"https:\/\/schreibenpro.com\/de\/elternzeit-verkurzen-formloses-schreiben-offnen\/","title":{"rendered":"\u00d6ffnen &#8211; Elternzeit Verk\u00fcrzen Formloses Schreiben"},"content":{"rendered":"\r\n<p class=\"has-text-align-center\">Muster und Vorlage f\u00fcr <strong> Elternzeit Verk\u00fcrzen Formloses Schreiben<\/strong> &#8211; Ausf\u00fcllen und Erstellung  &#8211; \u00d6ffnen im <strong>PDF WORD<\/strong> Datei und Online<\/p>\r\n\r\n\r\n\r\n\r\n<div class=\"wp-block-image\">\r\n<figure class=\"aligncenter size-large is-resized\"><img loading=\"lazy\" decoding=\"async\" class=\"wp-image-215\" src=\"https:\/\/schreibenpro.com\/de\/wp-content\/uploads\/elternzeit-verkurzen-formloses-schreiben-muster-vorlage.jpg\" alt=\"\" width=\"245\" height=\"391\" \/><\/figure>\r\n<\/div>\r\n\r\n\r\n\r\n<hr class=\"wp-block-separator has-alpha-channel-opacity\" \/>\r\n\r\n\r\n\r\n\r\n\r\n<div class=\"su-note\"  style=\"border-color:#e5e5e5;border-radius:10px;-moz-border-radius:10px;-webkit-border-radius:10px;\"><div class=\"su-note-inner su-u-clearfix su-u-trim\" style=\"background-color:#FFFFFF;border-color:#ffffff;color:#333333;border-radius:10px;-moz-border-radius:10px;-webkit-border-radius:10px;\">\r\n\r\n<section id=\"specialParagraph\"><style> h1 { text-align: center; margin-bottom: 20px; } p { margin-top: 10px; margin-bottom: 10px; } strong { font-weight: bold; } b { font-weight: bold; } dt { margin-top: 10px; font-weight: bold; } dd { margin-top: 10px; margin-left: 20px; } <\/style>    <p> <strong>Vorname Nachname<\/strong> <br \/> <strong>Stra\u00dfe Hausnummer<\/strong> <br \/> <strong>PLZ Ort<\/strong> <br \/> <strong>Telefonnummer<\/strong> <br \/> <strong>E-Mail-Adresse<\/strong> <br \/> <strong>Datum<\/strong> <\/p> <p> <strong>Empf\u00e4nger<\/strong> <br \/> <strong>Unternehmen\/Firma<\/strong> <br \/> <strong>Stra\u00dfe Hausnummer<\/strong> <br \/> <strong>PLZ Ort<\/strong> <\/p> <p><strong>Betreff: Antrag auf Verk\u00fcrzung der Elternzeit<\/strong><\/p>  <p> Sehr geehrte Damen und Herren, <br \/> <br \/> hiermit m\u00f6chte ich einen Antrag auf Verk\u00fcrzung meiner Elternzeit stellen. Ich befinde mich derzeit in Elternzeit, die am <b>Startdatum der Elternzeit<\/b> begann und bis zum <b>geplanten Enddatum der Elternzeit<\/b> gehen soll. Aufgrund einer neuen beruflichen M\u00f6glichkeit m\u00f6chte ich meine Elternzeit verk\u00fcrzen und fr\u00fcher wieder in den Beruf einsteigen. <\/p>  <dt>1. Gr\u00fcnde f\u00fcr die Verk\u00fcrzung der Elternzeit<\/dt> <dd> <p> Es gibt mehrere Gr\u00fcnde, warum ich meine Elternzeit verk\u00fcrzen m\u00f6chte: <\/p> <ul> <li>Ich habe die M\u00f6glichkeit erhalten, eine interessante und anspruchsvolle Position in Ihrem Unternehmen zu \u00fcbernehmen.<\/li> <li>Die berufliche Perspektive, die sich mit dieser Position ergibt, ist \u00e4u\u00dferst vielversprechend und w\u00fcrde meinen Karriereweg positiv beeinflussen.<\/li> <li>Ich bin motiviert und bereit, meine Arbeit wieder aufzunehmen und meinen Beitrag zum Erfolg des Unternehmens zu leisten.<\/li> <\/ul> <\/dd>  <dt>2. Ge\u00e4nderter Zeitplan f\u00fcr die Elternzeit<\/dt> <dd> <p> Aufgrund der genannten Gr\u00fcnde schlage ich vor, meine Elternzeit wie folgt zu verk\u00fcrzen: <\/p> <ul> <li>Das geplante Enddatum meiner Elternzeit war der <b>geplante Enddatum der Elternzeit<\/b>. Stattdessen beantrage ich, meine Elternzeit am <b>neues Enddatum der Elternzeit<\/b> enden zu lassen.<\/li> <li>Sollte der Antrag genehmigt werden, stehe ich Ihnen ab dem <b>gew\u00fcnschter Starttermin<\/b> wieder zur Verf\u00fcgung.<\/li> <\/ul> <\/dd>  <dt>3. Organisation der Kinderbetreuung<\/dt> <dd> <p> F\u00fcr die Betreuung meines Kindes habe ich bereits geeignete Vorkehrungen getroffen: <\/p> <ul> <li>Ich habe eine Kindertagesst\u00e4tte gefunden, die ab dem <b>gew\u00fcnschter Starttermin<\/b> einen Betreuungsplatz f\u00fcr mein Kind zur Verf\u00fcgung stellen kann.<\/li> <li>Die Kinderbetreuung ist somit sichergestellt und ich kann mich voll und ganz auf meine berufliche T\u00e4tigkeit konzentrieren.<\/li> <\/ul> <\/dd>  <dt>4. Notwendige Anpassungen im Arbeitsverh\u00e4ltnis<\/dt> <dd> <p> Mit der Verk\u00fcrzung der Elternzeit gehen einige notwendige Anpassungen im Arbeitsverh\u00e4ltnis einher: <\/p> <ul> <li>Ich bitte Sie, meinen Wiedereinstieg ins Unternehmen zu organisieren und mir die erforderlichen Informationen zukommen zu lassen.<\/li> <li>Es w\u00e4re ebenfalls wichtig, dass wir die Details meiner neuen Position und der damit verbundenen Arbeitsaufgaben besprechen.<\/li> <li>Weitere Details bez\u00fcglich der Arbeitszeiten und eventueller \u00c4nderungen im Arbeitsvertrag sollten ebenfalls gekl\u00e4rt werden.<\/li> <\/ul> <\/dd>  <dt>5. Schlussformulierung<\/dt> <dd> <p> Ich hoffe sehr, dass Sie meinen Antrag positiv pr\u00fcfen und einer Verk\u00fcrzung meiner Elternzeit zustimmen k\u00f6nnen. Ich freue mich darauf, meine berufliche Laufbahn fortzusetzen und zum Erfolg Ihres Unternehmens beizutragen. <\/p> <p> Sollten weitere Fragen oder Unterlagen erforderlich sein, stehe ich Ihnen selbstverst\u00e4ndlich gerne zur Verf\u00fcgung. Sie k\u00f6nnen mich telefonisch unter <b>Telefonnummer<\/b> oder per E-Mail unter <b>E-Mail-Adresse<\/b> erreichen. <\/p> <p> Ich bedanke mich im Voraus f\u00fcr Ihre Bem\u00fchungen und Ihre wertsch\u00e4tzende Pr\u00fcfung meines Antrags. <\/p> <p> Mit freundlichen Gr\u00fc\u00dfen, <br \/> <br \/> <b>Vorname Nachname<\/b> <\/p> <\/dd><\/section><\/div><\/div>\r\n\r\n&nbsp;\r\n\r\n\r\n\r\n\r\n\r\n\r\n<p class=\"has-text-align-center\">Muster und Vorlage f\u00fcr <strong> Elternzeit Verk\u00fcrzen Formloses Schreiben <\/strong> zur Anpassung und Erstellung  im <strong>WORD<\/strong>\u2013 und <strong>PDF-Format<\/strong><\/p>\r\n\r\n\r\n<button id=\"generatePDF\">Erstellen (PDF &#8211; WORD)<\/button>\r\n\r\n\r\n\r\n<hr class=\"wp-block-separator has-alpha-channel-opacity\" \/>\r\n\r\n\r\n\r\n<p style=\"text-align: center;\"><strong>Elternzeit Verk\u00fcrzen Formloses Schreiben<\/strong><\/p>\r\n\r\n<div class=\"wp-block-columns is-layout-flex wp-container-core-columns-is-layout-9d6595d7 wp-block-columns-is-layout-flex\">\r\n\r\n\r\n<div class=\"wp-block-column is-layout-flow wp-block-column-is-layout-flow\"><div class=\"su-button-center\"><a href=\"https:\/\/www.diag-mav-freiburg.de\/media\/download\/variant\/175636\/2019-04-03-elternzeit-vorz-beendigung.pdf\" class=\"su-button su-button-style-flat\" style=\"color:#FFFFFF;background-color:#144bb6;border-color:#103c92;border-radius:1px\" target=\"_self\"><span style=\"color:#FFFFFF;padding:0px 24px;font-size:18px;line-height:36px;border-color:#5b81cc;border-radius:1px;text-shadow:none\">   PDF <\/span><\/a><\/div>\n<\/div>\r\n\r\n\r\n\r\n<div class=\"wp-block-column is-layout-flow wp-block-column-is-layout-flow\"><div class=\"su-button-center\"><a href=\"https:\/\/www.diag-mav-freiburg.de\/media\/download\/variant\/175636\/2019-04-03-elternzeit-vorz-beendigung.pdf\" class=\"su-button su-button-style-flat\" style=\"color:#FFFFFF;background-color:#144bb6;border-color:#103c92;border-radius:1px\" target=\"_self\"><span style=\"color:#FFFFFF;padding:0px 24px;font-size:18px;line-height:36px;border-color:#5b81cc;border-radius:1px;text-shadow:none\">   DOC<\/span><\/a><\/div>\n<\/div>\r\n\r\n\r\n<\/div>\r\n\r\n\r\n\r\n<p style=\"text-align: center;\"><strong>Beispiele<\/strong><\/p>\r\n\r\n<div class=\"wp-block-columns is-layout-flex wp-container-core-columns-is-layout-9d6595d7 wp-block-columns-is-layout-flex\">\r\n\r\n\r\n<div class=\"wp-block-column is-layout-flow wp-block-column-is-layout-flow\"><div class=\"su-button-center\"><a href=\"https:\/\/www.diag-mav-freiburg.de\/media\/download\/variant\/175636\/2019-04-03-elternzeit-vorz-beendigung.pdf\" class=\"su-button su-button-style-flat\" style=\"color:#FFFFFF;background-color:#144bb6;border-color:#103c92;border-radius:1px\" target=\"_self\"><span style=\"color:#FFFFFF;padding:0px 24px;font-size:18px;line-height:36px;border-color:#5b81cc;border-radius:1px;text-shadow:none\">  Beispiel &#8211; 1 <\/span><\/a><\/div>\n<\/div>\r\n\r\n\r\n\r\n<div class=\"wp-block-column is-layout-flow wp-block-column-is-layout-flow\"><div class=\"su-button-center\"><a href=\"https:\/\/mgp-rechtsanwalt.de\/wp-content\/uploads\/2020\/06\/Best%C3%A4tigung-Elternzeit-Vorlage.pdf\" class=\"su-button su-button-style-flat\" style=\"color:#FFFFFF;background-color:#144bb6;border-color:#103c92;border-radius:1px\" target=\"_self\"><span style=\"color:#FFFFFF;padding:0px 24px;font-size:18px;line-height:36px;border-color:#5b81cc;border-radius:1px;text-shadow:none\">  Beispiel &#8211; 2 <\/span><\/a><\/div>\n<\/div>\r\n\r\n\r\n<\/div>\r\n\r\n\r\n<hr class=\"wp-block-separator has-alpha-channel-opacity\" \/>\r\n\r\n\r\n\r\n<div class=\"wp-block-columns is-layout-flex wp-container-core-columns-is-layout-9d6595d7 wp-block-columns-is-layout-flex\">\r\n\r\n\r\n<div class=\"wp-block-column is-layout-flow wp-block-column-is-layout-flow\"><div class=\"su-button-center\"><a href=\"https:\/\/www.profamilia.de\/fileadmin\/beratungsstellen\/alsfeld\/Schwangerenberatung\/Muster_Antrag_auf_Elternzeit_01.2020.pdf\" class=\"su-button su-button-style-flat\" style=\"color:#FFFFFF;background-color:#144bb6;border-color:#103c92;border-radius:1px\" target=\"_self\"><span style=\"color:#FFFFFF;padding:0px 24px;font-size:18px;line-height:36px;border-color:#5b81cc;border-radius:1px;text-shadow:none\">  Beispiel &#8211; 3 <\/span><\/a><\/div>\n<\/div>\r\n\r\n\r\n\r\n<div class=\"wp-block-column is-layout-flow wp-block-column-is-layout-flow\"><div class=\"su-button-center\"><a href=\"https:\/\/www.diag-mav-freiburg.de\/media\/download\/variant\/175636\/2019-04-03-elternzeit-vorz-beendigung.pdf\" class=\"su-button su-button-style-flat\" style=\"color:#FFFFFF;background-color:#144bb6;border-color:#103c92;border-radius:1px\" target=\"_self\"><span style=\"color:#FFFFFF;padding:0px 24px;font-size:18px;line-height:36px;border-color:#5b81cc;border-radius:1px;text-shadow:none\">  Beispiel &#8211; 4 <\/span><\/a><\/div>\n<\/div>\r\n\r\n\r\n<\/div>\r\n\r\n\r\n<hr class=\"wp-block-separator has-alpha-channel-opacity\" \/>\r\n\r\n<!-- \/wp:post-content -->\r\n\r\n<!-- wp:table {\"align\":\"center\"} -->\r\n<figure class=\"wp-block-table aligncenter\">\r\n<table>\r\n<tbody>\r\n<tr>\r\n<td style=\"text-align: center;\">Elternzeit Verk\u00fcrzen Formloses Schreiben<\/td>\r\n<\/tr>\r\n<tr>\r\n<td style=\"text-align: center;\">PDF &#8211; WORD Datei<\/td>\r\n<\/tr>\r\n<tr>\r\n<td style=\"text-align: center;\">Bewertung: \u2b50\u2b50\u2b50\u2b50\u2b50 4.23<\/td>\r\n<\/tr>\r\n<tr>\r\n<td style=\"text-align: center;\">Ergebnisse &#8211; 3498<\/td>\r\n<\/tr>\r\n<\/tbody>\r\n<\/table>\r\n<\/figure>\r\n<!-- \/wp:table -->\r\n\r\n<!-- wp:separator -->\r\n\r\n<hr class=\"wp-block-separator has-alpha-channel-opacity\" \/>\r\n\r\n<!-- \/wp:separator -->\r\n\r\n<div class=\"su-note\"  style=\"border-color:#e5e5e5;border-radius:10px;-moz-border-radius:10px;-webkit-border-radius:10px;\"><div class=\"su-note-inner su-u-clearfix su-u-trim\" style=\"background-color:#FFFFFF;border-color:#ffffff;color:#333333;border-radius:10px;-moz-border-radius:10px;-webkit-border-radius:10px;\">\r\n\r\n<style> h3, h3 { margin-bottom: 10px; }  p, dt, dd { margin-bottom: 5px; }  strong, b { font-weight: bold; } <\/style>     <p>Das formlose Schreiben zur Verk\u00fcrzung der Elternzeit ist eine wichtige formalit\u00e4tslose M\u00f6glichkeit f\u00fcr Arbeitnehmer, die Dauer ihrer Elternzeit zu \u00e4ndern. In dieser Anleitung werden wir Ihnen alle Schritte und Bestandteile eines solchen formlosen Schreibens ausf\u00fchrlich erkl\u00e4ren.<\/p>  <h3>Schritt 1: Einleitung<\/h3> <p>In der Einleitung beginnen Sie mit Ihrer Anschrift (oben links) und teilen dem Empf\u00e4nger Ihren Namen, Ihre aktuelle Position und das Datum des Schreibens mit. Denken Sie daran, dass das formlose Schreiben keine bestimmte Anrede erfordert.<\/p>  <p><strong>Beispiel:<\/strong><\/p> <pre> Max Mustermann Musterstra\u00dfe 123 12345 Musterstadt Tel: 0123456789 Email: max.mustermann@email.com  Datum: [Aktuelles Datum] <\/pre>  <h3>Schritt 2: An den Arbeitgeber<\/h3> <p>Nach der Einleitung geht es weiter mit der Adressierung an den Arbeitgeber. Verwenden Sie die offizielle Firmenadresse und stellen Sie sicher, dass Ihr Name und Ihre Personalnummer angegeben sind, um sicherzustellen, dass das Schreiben korrekt zugeordnet wird.<\/p>  <p><strong>Beispiel:<\/strong><\/p> <pre> [Name des Arbeitgebers] Firma XYZ Musterstra\u00dfe 456 12345 Arbeitsort  Betreff: Antrag auf Verk\u00fcrzung der Elternzeit <\/pre>  <h3>Schritt 3: Hauptteil<\/h3> <p>Der Hauptteil des formlosen Schreibens sollte ausf\u00fchrlich erkl\u00e4ren, warum Sie die Elternzeit verk\u00fcrzen m\u00f6chten. Erkl\u00e4ren Sie dabei die Gr\u00fcnde und geben Sie gegebenenfalls den gew\u00fcnschten neuen Starttermin an.<\/p>  <p><strong>Beispiel:<\/strong><\/p> <pre> Sehr geehrte Damen und Herren,  hiermit m\u00f6chte ich Sie bitten, meine aktuelle Elternzeit zu verk\u00fcrzen. Die Gr\u00fcnde daf\u00fcr sind folgende:  1. [Grund 1] Erkl\u00e4ren Sie den ersten Grund und warum er die Verk\u00fcrzung rechtfertigt.  2. [Grund 2] Erkl\u00e4ren Sie den zweiten Grund und seine Bedeutung.  3. [Grund 3] Erkl\u00e4ren Sie den dritten Grund und die Auswirkungen auf Ihre Entscheidung.  Ich schlage vor, die Elternzeit ab dem [gew\u00fcnschter Starttermin] zu verk\u00fcrzen.  Ich bitte Sie, diesen Antrag wohlwollend zu pr\u00fcfen und mir Ihre Entscheidung schriftlich mitzuteilen.  Mit freundlichen Gr\u00fc\u00dfen,  [Ihr Name] <\/pre>  <h3>Schritt 4: Der Schluss<\/h3> <p>Im Schlussteil sollten Sie sich h\u00f6flich bedanken und dem Arbeitgeber die M\u00f6glichkeit geben, Fragen zu stellen oder weitere Informationen anzufordern. Verabschieden Sie sich h\u00f6flich und unterschreiben Sie den Brief handschriftlich.<\/p>  <p><strong>Beispiel:<\/strong><\/p> <pre> Mit freundlichen Gr\u00fc\u00dfen,  [Unterschrift]  [Ihr Name] <\/pre>  <h3>Wichtige \u00dcberlegungen zur formalen Gestaltung und zum Aufbau eines effektiven Briefes<\/h3>  <dl> <dt>1. Klarheit und Pr\u00e4zision<\/dt> <dd>Verwenden Sie klare und pr\u00e4zise Sprache, um Ihre Gr\u00fcnde f\u00fcr die Verk\u00fcrzung der Elternzeit zu erkl\u00e4ren. Achten Sie darauf, dass Ihre Argumentation leicht verst\u00e4ndlich ist.<\/dd>  <dt>2. H\u00f6flichkeit<\/dt> <dd>Dr\u00fccken Sie Ihren Antrag h\u00f6flich aus und bedanken Sie sich f\u00fcr die Aufmerksamkeit, die Ihrem Anliegen entgegengebracht wird. H\u00f6flichkeit ist in einem formalen Schreiben wichtig.<\/dd>  <dt>3. Struktur und Aufbau<\/dt> <dd>Gliedern Sie Ihre Argumente in Abs\u00e4tze und verwenden Sie \u00dcberschriften, um den Brief \u00fcbersichtlich zu gestalten. Beachten Sie, dass der Hauptteil klar und gut strukturiert sein sollte.<\/dd>  <dt>4. Unterst\u00fctzende Dokumente<\/dt> <dd>F\u00fcgen Sie, falls vorhanden, unterst\u00fctzende Dokumente wie \u00e4rztliche Bescheinigungen oder andere Nachweise hinzu.<\/dd>  <dt>5. Rechtzeitige Absendung<\/dt> <dd>Senden Sie das Schreiben rechtzeitig ab, um sicherzustellen, dass gen\u00fcgend Zeit f\u00fcr die Bearbeitung und die Entscheidungsfindung bleibt.<\/dd> <\/dl>\r\n\r\n<\/div><\/div>\r\n\r\n<!-- wp:separator -->\r\n\r\n<hr class=\"wp-block-separator has-alpha-channel-opacity\" \/>","protected":false},"excerpt":{"rendered":"<p>Muster und Vorlage f\u00fcr Elternzeit Verk\u00fcrzen Formloses Schreiben &#8211; Ausf\u00fcllen und Erstellung &#8211; \u00d6ffnen im PDF WORD Datei und Online &#8230; <\/p>\n<p class=\"read-more-container\"><a title=\"\u00d6ffnen &#8211; Elternzeit Verk\u00fcrzen Formloses Schreiben\" class=\"read-more button\" href=\"https:\/\/schreibenpro.com\/de\/elternzeit-verkurzen-formloses-schreiben-offnen\/#more-507\" aria-label=\"Mehr zu \u00d6ffnen &#8211; Elternzeit Verk\u00fcrzen Formloses Schreiben\">\u00d6FFNEN <\/a><\/p>\n","protected":false},"author":1,"featured_media":0,"parent":0,"menu_order":0,"comment_status":"closed","ping_status":"closed","template":"","meta":{"footnotes":""},"class_list":{"0":"post-507","1":"page","2":"type-page","3":"status-publish","5":"infinite-scroll-item"},"yoast_head":"<!-- This site is optimized with the Yoast SEO plugin v24.6 - https:\/\/yoast.com\/wordpress\/plugins\/seo\/ -->\n<title>\u00d6ffnen - Elternzeit Verk\u00fcrzen Formloses Schreiben - Schreiben PRO<\/title>\n<meta name=\"robots\" content=\"noindex, follow\" \/>\n<meta property=\"og:locale\" content=\"de_DE\" \/>\n<meta property=\"og:type\" content=\"article\" \/>\n<meta property=\"og:title\" content=\"\u00d6ffnen - Elternzeit Verk\u00fcrzen Formloses Schreiben - Schreiben PRO\" \/>\n<meta property=\"og:description\" content=\"Muster und Vorlage f\u00fcr Elternzeit Verk\u00fcrzen Formloses Schreiben &#8211; Ausf\u00fcllen und Erstellung &#8211; \u00d6ffnen im PDF WORD Datei und Online ... \u00d6FFNEN\" \/>\n<meta property=\"og:url\" content=\"https:\/\/schreibenpro.com\/de\/elternzeit-verkurzen-formloses-schreiben-offnen\/\" \/>\n<meta property=\"og:site_name\" content=\"Schreiben PRO\" \/>\n<meta property=\"og:image\" content=\"https:\/\/schreibenpro.com\/de\/wp-content\/uploads\/elternzeit-verkurzen-formloses-schreiben-muster-vorlage.jpg\" \/>\n<meta name=\"twitter:card\" content=\"summary_large_image\" \/>\n<meta name=\"twitter:label1\" content=\"Gesch\u00e4tzte Lesezeit\" \/>\n\t<meta name=\"twitter:data1\" content=\"1\u00a0Minute\" \/>\n<!-- \/ Yoast SEO plugin. -->","yoast_head_json":{"title":"\u00d6ffnen - Elternzeit Verk\u00fcrzen Formloses Schreiben - Schreiben PRO","robots":{"index":"noindex","follow":"follow"},"og_locale":"de_DE","og_type":"article","og_title":"\u00d6ffnen - Elternzeit Verk\u00fcrzen Formloses Schreiben - Schreiben PRO","og_description":"Muster und Vorlage f\u00fcr Elternzeit Verk\u00fcrzen Formloses Schreiben &#8211; Ausf\u00fcllen und Erstellung &#8211; \u00d6ffnen im PDF WORD Datei und Online ... \u00d6FFNEN","og_url":"https:\/\/schreibenpro.com\/de\/elternzeit-verkurzen-formloses-schreiben-offnen\/","og_site_name":"Schreiben PRO","og_image":[{"url":"https:\/\/schreibenpro.com\/de\/wp-content\/uploads\/elternzeit-verkurzen-formloses-schreiben-muster-vorlage.jpg","type":"","width":"","height":""}],"twitter_card":"summary_large_image","twitter_misc":{"Gesch\u00e4tzte Lesezeit":"1\u00a0Minute"},"schema":{"@context":"https:\/\/schema.org","@graph":[{"@type":"WebPage","@id":"https:\/\/schreibenpro.com\/de\/elternzeit-verkurzen-formloses-schreiben-offnen\/","url":"https:\/\/schreibenpro.com\/de\/elternzeit-verkurzen-formloses-schreiben-offnen\/","name":"\u00d6ffnen - Elternzeit Verk\u00fcrzen Formloses Schreiben - Schreiben PRO","isPartOf":{"@id":"https:\/\/schreibenpro.com\/de\/#website"},"primaryImageOfPage":{"@id":"https:\/\/schreibenpro.com\/de\/elternzeit-verkurzen-formloses-schreiben-offnen\/#primaryimage"},"image":{"@id":"https:\/\/schreibenpro.com\/de\/elternzeit-verkurzen-formloses-schreiben-offnen\/#primaryimage"},"thumbnailUrl":"https:\/\/schreibenpro.com\/de\/wp-content\/uploads\/elternzeit-verkurzen-formloses-schreiben-muster-vorlage.jpg","datePublished":"2023-12-18T08:24:12+00:00","breadcrumb":{"@id":"https:\/\/schreibenpro.com\/de\/elternzeit-verkurzen-formloses-schreiben-offnen\/#breadcrumb"},"inLanguage":"de","potentialAction":[{"@type":"ReadAction","target":["https:\/\/schreibenpro.com\/de\/elternzeit-verkurzen-formloses-schreiben-offnen\/"]}]},{"@type":"ImageObject","inLanguage":"de","@id":"https:\/\/schreibenpro.com\/de\/elternzeit-verkurzen-formloses-schreiben-offnen\/#primaryimage","url":"https:\/\/schreibenpro.com\/de\/wp-content\/uploads\/anschreiben-zum-angebot-muster-vorlage.jpg","contentUrl":"https:\/\/schreibenpro.com\/de\/wp-content\/uploads\/anschreiben-zum-angebot-muster-vorlage.jpg","width":1410,"height":2250},{"@type":"BreadcrumbList","@id":"https:\/\/schreibenpro.com\/de\/elternzeit-verkurzen-formloses-schreiben-offnen\/#breadcrumb","itemListElement":[{"@type":"ListItem","position":1,"name":"Portada","item":"https:\/\/schreibenpro.com\/de\/"},{"@type":"ListItem","position":2,"name":"\u00d6ffnen &#8211; Elternzeit Verk\u00fcrzen Formloses Schreiben"}]},{"@type":"WebSite","@id":"https:\/\/schreibenpro.com\/de\/#website","url":"https:\/\/schreibenpro.com\/de\/","name":"Schreiben PRO","description":"Muster und Vorlage","publisher":{"@id":"https:\/\/schreibenpro.com\/de\/#organization"},"potentialAction":[{"@type":"SearchAction","target":{"@type":"EntryPoint","urlTemplate":"https:\/\/schreibenpro.com\/de\/?s={search_term_string}"},"query-input":{"@type":"PropertyValueSpecification","valueRequired":true,"valueName":"search_term_string"}}],"inLanguage":"de"},{"@type":"Organization","@id":"https:\/\/schreibenpro.com\/de\/#organization","name":"Schreiben PRO","url":"https:\/\/schreibenpro.com\/de\/","logo":{"@type":"ImageObject","inLanguage":"de","@id":"https:\/\/schreibenpro.com\/de\/#\/schema\/logo\/image\/","url":"https:\/\/schreibenpro.com\/de\/wp-content\/uploads\/cropped-fav.png","contentUrl":"https:\/\/schreibenpro.com\/de\/wp-content\/uploads\/cropped-fav.png","width":512,"height":512,"caption":"Schreiben PRO"},"image":{"@id":"https:\/\/schreibenpro.com\/de\/#\/schema\/logo\/image\/"}}]}},"_links":{"self":[{"href":"https:\/\/schreibenpro.com\/de\/wp-json\/wp\/v2\/pages\/507","targetHints":{"allow":["GET"]}}],"collection":[{"href":"https:\/\/schreibenpro.com\/de\/wp-json\/wp\/v2\/pages"}],"about":[{"href":"https:\/\/schreibenpro.com\/de\/wp-json\/wp\/v2\/types\/page"}],"author":[{"embeddable":true,"href":"https:\/\/schreibenpro.com\/de\/wp-json\/wp\/v2\/users\/1"}],"replies":[{"embeddable":true,"href":"https:\/\/schreibenpro.com\/de\/wp-json\/wp\/v2\/comments?post=507"}],"version-history":[{"count":0,"href":"https:\/\/schreibenpro.com\/de\/wp-json\/wp\/v2\/pages\/507\/revisions"}],"wp:attachment":[{"href":"https:\/\/schreibenpro.com\/de\/wp-json\/wp\/v2\/media?parent=507"}],"curies":[{"name":"wp","href":"https:\/\/api.w.org\/{rel}","templated":true}]}}