{"id":508,"date":"2023-12-18T08:24:13","date_gmt":"2023-12-18T08:24:13","guid":{"rendered":"https:\/\/schreibenpro.com\/de\/bewerbungsanschreiben-noch-im-arbeitsverhaltnis-offnen\/"},"modified":"2023-12-18T08:24:13","modified_gmt":"2023-12-18T08:24:13","slug":"bewerbungsanschreiben-noch-im-arbeitsverhaltnis-offnen","status":"publish","type":"page","link":"https:\/\/schreibenpro.com\/de\/bewerbungsanschreiben-noch-im-arbeitsverhaltnis-offnen\/","title":{"rendered":"\u00d6ffnen &#8211; Bewerbungsanschreiben Noch Im Arbeitsverh\u00e4ltnis"},"content":{"rendered":"\r\n<p class=\"has-text-align-center\">Vorlage und Muster f\u00fcr <strong> Bewerbungsanschreiben Noch Im Arbeitsverh\u00e4ltnis<\/strong> &#8211; Erstellung und Ausf\u00fcllen &#8211; \u00d6ffnen im <strong>PDF  WORD<\/strong> Datei und Online<\/p>\r\n\r\n\r\n\r\n\r\n<div class=\"wp-block-image\">\r\n<figure class=\"aligncenter size-large is-resized\"><img loading=\"lazy\" decoding=\"async\" class=\"wp-image-215\" src=\"https:\/\/schreibenpro.com\/de\/wp-content\/uploads\/bewerbungsanschreiben-noch-im-arbeitsverhaltnis-muster-vorlage.jpg\" alt=\"\" width=\"245\" height=\"391\" \/><\/figure>\r\n<\/div>\r\n\r\n\r\n\r\n<hr class=\"wp-block-separator has-alpha-channel-opacity\" \/>\r\n\r\n\r\n\r\n\r\n\r\n<div class=\"su-note\"  style=\"border-color:#e5e5e5;border-radius:10px;-moz-border-radius:10px;-webkit-border-radius:10px;\"><div class=\"su-note-inner su-u-clearfix su-u-trim\" style=\"background-color:#FFFFFF;border-color:#ffffff;color:#333333;border-radius:10px;-moz-border-radius:10px;-webkit-border-radius:10px;\">\r\n\r\n<section id=\"specialParagraph\"><p><strong>Vorname Nachname<\/strong><\/p> <p>Stra\u00dfe und Hausnummer<\/p> <p>PLZ Ort<\/p> <p>Telefonnummer<\/p> <p>E-Mail-Adresse<\/p> <p><strong>Firma<\/strong><\/p> <p>Ansprechpartner<\/p> <p>Stra\u00dfe und Hausnummer<\/p> <p>PLZ Ort<\/p> <p>Ort, Datum<\/p>  <p><strong>Bewerbung als [Position]<\/strong><\/p>  <p>Sehr geehrte Damen und Herren,<\/p>  <p>mit gro\u00dfem Interesse habe ich auf der Unternehmenswebsite gelesen, dass Sie eine Stelle als [Position] zu besetzen haben. Ich bin sehr an dieser Position interessiert und bewerbe mich hiermit um diese Stelle.<\/p>  <p>Derzeit befinde ich mich noch in einem ungek\u00fcndigten Arbeitsverh\u00e4ltnis bei der [aktueller Arbeitgeber] als [aktuelle Position]. Nach sorgf\u00e4ltiger Abw\u00e4gung habe ich mich entschieden, mich beruflich weiterzuentwickeln und in einem neuen Umfeld neue Herausforderungen anzunehmen.<\/p>  <p>W\u00e4hrend meiner bisherigen T\u00e4tigkeit konnte ich umfangreiche Erfahrungen in den Bereichen [Aufgabenbereiche] sammeln. Besonders sch\u00e4tze ich an meiner aktuellen Position die M\u00f6glichkeit, eigenverantwortlich zu arbeiten und in einem dynamischen Team zu agieren. Diese Erfahrungen und Kenntnisse w\u00fcrde ich gerne in Ihr Unternehmen einbringen und mich weiterentwickeln.<\/p>  <p>In Ihrem Unternehmen sehe ich gro\u00dfe Chancen, mich beruflich weiterzuentwickeln und meine F\u00e4higkeiten weiter auszubauen. Besonders beeindruckt mich [z.B. die innovative Unternehmenskultur\/Ihre Produktpalette\/Ihre Marktposition]. Ich bin \u00fcberzeugt, dass ich mit meiner Fachkompetenz und meiner Leistungsbereitschaft einen wertvollen Beitrag zum Erfolg Ihres Unternehmens leisten kann.<\/p>  <p>Gerne stehe ich Ihnen f\u00fcr weitere Fragen oder ein pers\u00f6nliches Gespr\u00e4ch zur Verf\u00fcgung. \u00dcber die Einladung zu einem Vorstellungsgespr\u00e4ch w\u00fcrde ich mich sehr freuen. Meine K\u00fcndigungsfrist betr\u00e4gt [K\u00fcndigungsfrist angeben].<\/p>  <p>Vielen Dank f\u00fcr Ihre Zeit und die Ber\u00fccksichtigung meiner Bewerbung.<\/p>  <p>Mit freundlichen Gr\u00fc\u00dfen<\/p>  <p>Vorname Nachname<\/p>  <dt><strong>Anlagen:<\/strong><\/dt> <dd>Lebenslauf<\/dd> <dd>Zertifikate und Zeugnisse<\/dd><\/section><\/div><\/div>\r\n\r\n&nbsp;\r\n\r\n\r\n\r\n\r\n\r\n\r\n<p class=\"has-text-align-center\">Vorlage und Muster f\u00fcr <strong> Bewerbungsanschreiben Noch Im Arbeitsverh\u00e4ltnis <\/strong> zur Erstellung und Anpassung im <strong>WORD<\/strong>\u2013 und <strong>PDF-Format<\/strong><\/p>\r\n\r\n\r\n<button id=\"generatePDF\">Erstellen (PDF &#8211; WORD)<\/button>\r\n\r\n\r\n\r\n<hr class=\"wp-block-separator has-alpha-channel-opacity\" \/>\r\n\r\n\r\n\r\n<p style=\"text-align: center;\"><strong>Bewerbungsanschreiben Noch Im Arbeitsverh\u00e4ltnis<\/strong><\/p>\r\n\r\n<div class=\"wp-block-columns is-layout-flex wp-container-core-columns-is-layout-9d6595d7 wp-block-columns-is-layout-flex\">\r\n\r\n\r\n<div class=\"wp-block-column is-layout-flow wp-block-column-is-layout-flow\"><div class=\"su-button-center\"><a href=\"http:\/\/www.i-bewerbung.de\/I-Bewerbung\/Bewerbungsmuster\/Muster\/Anschreiben%20Musterformulierungen.pdf\" class=\"su-button su-button-style-flat\" style=\"color:#FFFFFF;background-color:#144bb6;border-color:#103c92;border-radius:1px\" target=\"_self\"><span style=\"color:#FFFFFF;padding:0px 24px;font-size:18px;line-height:36px;border-color:#5b81cc;border-radius:1px;text-shadow:none\">   PDF <\/span><\/a><\/div>\n<\/div>\r\n\r\n\r\n\r\n<div class=\"wp-block-column is-layout-flow wp-block-column-is-layout-flow\"><div class=\"su-button-center\"><a href=\"https:\/\/www.vpv-startnow.de\/dokumente\/vor-dem-umzug\/Bewerbungsanschreiben-Muster.docx\" class=\"su-button su-button-style-flat\" style=\"color:#FFFFFF;background-color:#144bb6;border-color:#103c92;border-radius:1px\" target=\"_self\"><span style=\"color:#FFFFFF;padding:0px 24px;font-size:18px;line-height:36px;border-color:#5b81cc;border-radius:1px;text-shadow:none\">   DOC<\/span><\/a><\/div>\n<\/div>\r\n\r\n\r\n<\/div>\r\n\r\n\r\n\r\n<p style=\"text-align: center;\"><strong>Beispiele<\/strong><\/p>\r\n\r\n<div class=\"wp-block-columns is-layout-flex wp-container-core-columns-is-layout-9d6595d7 wp-block-columns-is-layout-flex\">\r\n\r\n\r\n<div class=\"wp-block-column is-layout-flow wp-block-column-is-layout-flow\"><div class=\"su-button-center\"><a href=\"http:\/\/www.i-bewerbung.de\/I-Bewerbung\/Bewerbungsmuster\/Muster\/Anschreiben%20Musterformulierungen.pdf\" class=\"su-button su-button-style-flat\" style=\"color:#FFFFFF;background-color:#144bb6;border-color:#103c92;border-radius:1px\" target=\"_self\"><span style=\"color:#FFFFFF;padding:0px 24px;font-size:18px;line-height:36px;border-color:#5b81cc;border-radius:1px;text-shadow:none\">  Beispiel &#8211; 1 <\/span><\/a><\/div>\n<\/div>\r\n\r\n\r\n\r\n<div class=\"wp-block-column is-layout-flow wp-block-column-is-layout-flow\"><div class=\"su-button-center\"><a href=\"https:\/\/www.dguv.de\/medien\/job\/dokumente\/bewerbungstipps_15042020.pdf\" class=\"su-button su-button-style-flat\" style=\"color:#FFFFFF;background-color:#144bb6;border-color:#103c92;border-radius:1px\" target=\"_self\"><span style=\"color:#FFFFFF;padding:0px 24px;font-size:18px;line-height:36px;border-color:#5b81cc;border-radius:1px;text-shadow:none\">  Beispiel &#8211; 2 <\/span><\/a><\/div>\n<\/div>\r\n\r\n\r\n<\/div>\r\n\r\n\r\n<hr class=\"wp-block-separator has-alpha-channel-opacity\" \/>\r\n\r\n\r\n\r\n<div class=\"wp-block-columns is-layout-flex wp-container-core-columns-is-layout-9d6595d7 wp-block-columns-is-layout-flex\">\r\n\r\n\r\n<div class=\"wp-block-column is-layout-flow wp-block-column-is-layout-flow\"><div class=\"su-button-center\"><a href=\"https:\/\/www.entwicklungsdienst.de\/fileadmin\/Redaktion\/ENGAGEMENT_WELTWEIT\/Publik_\/Nachw_F\/AA_Bewerbungen-bei-IO.pdf\" class=\"su-button su-button-style-flat\" style=\"color:#FFFFFF;background-color:#144bb6;border-color:#103c92;border-radius:1px\" target=\"_self\"><span style=\"color:#FFFFFF;padding:0px 24px;font-size:18px;line-height:36px;border-color:#5b81cc;border-radius:1px;text-shadow:none\">  Beispiel &#8211; 3 <\/span><\/a><\/div>\n<\/div>\r\n\r\n\r\n\r\n<div class=\"wp-block-column is-layout-flow wp-block-column-is-layout-flow\"><div class=\"su-button-center\"><a href=\"http:\/\/www.i-bewerbung.de\/I-Bewerbung\/Bewerbungsmuster\/Muster\/Anschreiben%20Musterformulierungen.pdf\" class=\"su-button su-button-style-flat\" style=\"color:#FFFFFF;background-color:#144bb6;border-color:#103c92;border-radius:1px\" target=\"_self\"><span style=\"color:#FFFFFF;padding:0px 24px;font-size:18px;line-height:36px;border-color:#5b81cc;border-radius:1px;text-shadow:none\">  Beispiel &#8211; 4 <\/span><\/a><\/div>\n<\/div>\r\n\r\n\r\n<\/div>\r\n\r\n\r\n<hr class=\"wp-block-separator has-alpha-channel-opacity\" \/>\r\n\r\n<!-- \/wp:post-content -->\r\n\r\n<!-- wp:table {\"align\":\"center\"} -->\r\n<figure class=\"wp-block-table aligncenter\">\r\n<table>\r\n<tbody>\r\n<tr>\r\n<td style=\"text-align: center;\">Bewerbungsanschreiben Noch Im Arbeitsverh\u00e4ltnis<\/td>\r\n<\/tr>\r\n<tr>\r\n<td style=\"text-align: center;\">PDF &#8211; WORD Datei<\/td>\r\n<\/tr>\r\n<tr>\r\n<td style=\"text-align: center;\">Bewertung: \u2b50\u2b50\u2b50\u2b50\u2b50 4.4<\/td>\r\n<\/tr>\r\n<tr>\r\n<td style=\"text-align: center;\">Ergebnisse &#8211; 7454<\/td>\r\n<\/tr>\r\n<\/tbody>\r\n<\/table>\r\n<\/figure>\r\n<!-- \/wp:table -->\r\n\r\n<!-- wp:separator -->\r\n\r\n<hr class=\"wp-block-separator has-alpha-channel-opacity\" \/>\r\n\r\n<!-- \/wp:separator -->\r\n\r\n<div class=\"su-note\"  style=\"border-color:#e5e5e5;border-radius:10px;-moz-border-radius:10px;-webkit-border-radius:10px;\"><div class=\"su-note-inner su-u-clearfix su-u-trim\" style=\"background-color:#FFFFFF;border-color:#ffffff;color:#333333;border-radius:10px;-moz-border-radius:10px;-webkit-border-radius:10px;\">\r\n\r\n<p>In dieser Anleitung erfahren Sie, wie Sie ein Bewerbungsanschreiben verfassen, w\u00e4hrend Sie noch in einem Arbeitsverh\u00e4ltnis stehen. Ein Bewerbungsanschreiben ist ein wesentlicher Bestandteil Ihrer Bewerbungsunterlagen und sollte interessant und \u00fcberzeugend sein. Die folgenden Tipps und Beispiele helfen Ihnen dabei, ein effektives Anschreiben zu erstellen.<\/p>  <h3>Einleitung<\/h3>  <p>Die Einleitung ist der erste Eindruck, den Sie beim Arbeitgeber hinterlassen. Hier ist es wichtig, Interesse zu wecken und sich von anderen Bewerbern abzuheben. Verwenden Sie starke Worte und betonen Sie Ihre Motivation.<\/p>  <p><strong>Tipp 1:<\/strong> Beginnen Sie mit einem pers\u00f6nlichen Ansprechpartner, um das Anschreiben pers\u00f6nlicher zu gestalten. Vermeiden Sie Floskeln wie &#8220;Sehr geehrte Damen und Herren&#8221;.<\/p>  <p><strong>Beispiel:<\/strong> <br> <i>Sehr geehrter Herr\/Frau [Nachname des Personalverantwortlichen],<\/i><\/p>  <h3>Hauptteil<\/h3>  <p>Im Hauptteil sollten Sie auf Ihre F\u00e4higkeiten, Erfahrungen und Erfolge eingehen. Zeigen Sie dem Arbeitgeber, dass Sie die Anforderungen der Stelle erf\u00fcllen und dass Sie einen Mehrwert f\u00fcr das Unternehmen bieten k\u00f6nnen. Vermeiden Sie es, Ihren aktuellen Arbeitgeber negativ zu erw\u00e4hnen.<\/p>  <p><strong>Tipp 2:<\/strong> Verwenden Sie eine \u00fcbersichtliche Gliederung, um Ihre Argumente klar darzustellen. Nutzen Sie Aufz\u00e4hlungszeichen oder Nummerierungen.<\/p>  <p><strong>Beispiel:<\/strong> <br> <i>&#8211; Meine langj\u00e4hrige Erfahrung als [aktuelle Position] hat mich in meinen F\u00e4higkeiten gest\u00e4rkt und mich zu einem Experten in [relevanter Bereich] gemacht.<\/i><br> <i>&#8211; In meiner aktuellen Position habe ich erfolgreich Projekte geleitet und dabei effektive L\u00f6sungen erarbeitet, die zu einer Steigerung der Unternehmensgewinne gef\u00fchrt haben.<\/i><\/p>  <h3>Schluss<\/h3>  <p>Im Schlussteil sollten Sie Ihr Interesse an der Stelle nochmals betonen und eine Handlungsaufforderung geben. Zeigen Sie, dass Sie bereit sind, weitere Schritte zu unternehmen oder sich pers\u00f6nlich vorzustellen.<\/p>  <p><strong>Tipp 3:<\/strong> Fassen Sie Ihre wichtigsten Argumente nochmals zusammen und vermeiden Sie es, sich zu wiederholen.<\/p>  <p><strong>Beispiel:<\/strong> <br> <i>Ich w\u00fcrde mich freuen, Sie von meinen F\u00e4higkeiten und meiner Leidenschaft f\u00fcr [Bereich] \u00fcberzeugen zu k\u00f6nnen. Gerne stehe ich f\u00fcr ein pers\u00f6nliches Gespr\u00e4ch zur Verf\u00fcgung. Ich bedanke mich im Voraus f\u00fcr Ihre Ber\u00fccksichtigung meiner Bewerbung.<\/i><\/p>  <h3>Formale Gestaltung und Aufbau<\/h3>  <p>Ein effektives Bewerbungsanschreiben sollte auch in seiner formalen Gestaltung \u00fcberzeugen. Hier sind einige wichtige Punkte zu beachten:<\/p>  <p><strong>Tipp 4:<\/strong> Halten Sie das Anschreiben kurz und pr\u00e4gnant. Vermeiden Sie unn\u00f6tige Wiederholungen oder lange Abs\u00e4tze.<\/p>  <p><strong>Tipp 5:<\/strong> Achten Sie auf eine ansprechende Formatierung. Verwenden Sie Abs\u00e4tze, um den Text zu strukturieren und nutzen Sie fettgedruckte oder kursiv geschriebene Textstellen, um wichtige Informationen hervorzuheben.<\/p>  <p><strong>Tipp 6:<\/strong> \u00dcberpr\u00fcfen Sie das Anschreiben auf Rechtschreib- und Grammatikfehler. Ein fehlerfreies Anschreiben ist ein Zeichen von Sorgfalt und Professionalit\u00e4t.<\/p>  <p><strong>Tipp 7:<\/strong> Verwenden Sie eine passende Schriftart und Schriftgr\u00f6\u00dfe, um das Anschreiben gut lesbar zu machen. Beliebte Schriftarten sind Arial, Times New Roman oder Calibri mit einer Schriftgr\u00f6\u00dfe von 11 oder 12.<\/p>  <p><strong>Tipp 8:<\/strong> Unterschreiben Sie das Anschreiben handschriftlich, wenn Sie es ausgedruckt versenden.<\/p>  <p><strong>Tipp 9:<\/strong> Verwenden Sie einen seri\u00f6sen und professionellen Ton. Vermeiden Sie informelle oder umgangssprachliche Ausdr\u00fccke.<\/p>  <p><strong>Tipp 10:<\/strong> Individualisieren Sie das Anschreiben f\u00fcr jede Bewerbung. Passen Sie den Text an die Anforderungen der Stelle und des Unternehmens an.<\/p>  <p>Indem Sie diese Tipps und Beispiele befolgen, werden Sie ein \u00fcberzeugendes Bewerbungsanschreiben verfassen k\u00f6nnen, w\u00e4hrend Sie noch in einem Arbeitsverh\u00e4ltnis stehen. Vergessen Sie nicht, das Anschreiben Lektorieren zu lassen und es an Ihre pers\u00f6nlichen Situationen anzupassen. Mit einem professionellen und aussagekr\u00e4ftigen Anschreiben haben Sie gute Chancen, Ihre Traumstelle zu bekommen.<\/p>\r\n\r\n<\/div><\/div>\r\n\r\n<!-- wp:separator -->\r\n\r\n<hr class=\"wp-block-separator has-alpha-channel-opacity\" \/>","protected":false},"excerpt":{"rendered":"<p>Vorlage und Muster f\u00fcr Bewerbungsanschreiben Noch Im Arbeitsverh\u00e4ltnis &#8211; Erstellung und Ausf\u00fcllen &#8211; \u00d6ffnen im PDF WORD Datei und Online &#8230; <\/p>\n<p class=\"read-more-container\"><a title=\"\u00d6ffnen &#8211; Bewerbungsanschreiben Noch Im Arbeitsverh\u00e4ltnis\" class=\"read-more button\" href=\"https:\/\/schreibenpro.com\/de\/bewerbungsanschreiben-noch-im-arbeitsverhaltnis-offnen\/#more-508\" aria-label=\"Mehr zu \u00d6ffnen &#8211; Bewerbungsanschreiben Noch Im Arbeitsverh\u00e4ltnis\">\u00d6FFNEN <\/a><\/p>\n","protected":false},"author":1,"featured_media":0,"parent":0,"menu_order":0,"comment_status":"closed","ping_status":"closed","template":"","meta":{"footnotes":""},"class_list":{"0":"post-508","1":"page","2":"type-page","3":"status-publish","5":"infinite-scroll-item"},"yoast_head":"<!-- This site is optimized with the Yoast SEO plugin v24.6 - https:\/\/yoast.com\/wordpress\/plugins\/seo\/ -->\n<title>\u00d6ffnen - Bewerbungsanschreiben Noch Im Arbeitsverh\u00e4ltnis - Schreiben PRO<\/title>\n<meta name=\"robots\" content=\"noindex, follow\" \/>\n<meta property=\"og:locale\" content=\"de_DE\" \/>\n<meta property=\"og:type\" content=\"article\" \/>\n<meta property=\"og:title\" content=\"\u00d6ffnen - Bewerbungsanschreiben Noch Im Arbeitsverh\u00e4ltnis - Schreiben PRO\" \/>\n<meta property=\"og:description\" content=\"Vorlage und Muster f\u00fcr Bewerbungsanschreiben Noch Im Arbeitsverh\u00e4ltnis &#8211; Erstellung und Ausf\u00fcllen &#8211; \u00d6ffnen im PDF WORD Datei und Online ... \u00d6FFNEN\" \/>\n<meta property=\"og:url\" content=\"https:\/\/schreibenpro.com\/de\/bewerbungsanschreiben-noch-im-arbeitsverhaltnis-offnen\/\" \/>\n<meta property=\"og:site_name\" content=\"Schreiben PRO\" \/>\n<meta property=\"og:image\" content=\"https:\/\/schreibenpro.com\/de\/wp-content\/uploads\/bewerbungsanschreiben-noch-im-arbeitsverhaltnis-muster-vorlage.jpg\" \/>\n<meta name=\"twitter:card\" content=\"summary_large_image\" \/>\n<meta name=\"twitter:label1\" content=\"Gesch\u00e4tzte Lesezeit\" \/>\n\t<meta name=\"twitter:data1\" content=\"1\u00a0Minute\" \/>\n<!-- \/ Yoast SEO plugin. -->","yoast_head_json":{"title":"\u00d6ffnen - Bewerbungsanschreiben Noch Im Arbeitsverh\u00e4ltnis - Schreiben PRO","robots":{"index":"noindex","follow":"follow"},"og_locale":"de_DE","og_type":"article","og_title":"\u00d6ffnen - Bewerbungsanschreiben Noch Im Arbeitsverh\u00e4ltnis - Schreiben PRO","og_description":"Vorlage und Muster f\u00fcr Bewerbungsanschreiben Noch Im Arbeitsverh\u00e4ltnis &#8211; Erstellung und Ausf\u00fcllen &#8211; \u00d6ffnen im PDF WORD Datei und Online ... \u00d6FFNEN","og_url":"https:\/\/schreibenpro.com\/de\/bewerbungsanschreiben-noch-im-arbeitsverhaltnis-offnen\/","og_site_name":"Schreiben PRO","og_image":[{"url":"https:\/\/schreibenpro.com\/de\/wp-content\/uploads\/bewerbungsanschreiben-noch-im-arbeitsverhaltnis-muster-vorlage.jpg","type":"","width":"","height":""}],"twitter_card":"summary_large_image","twitter_misc":{"Gesch\u00e4tzte Lesezeit":"1\u00a0Minute"},"schema":{"@context":"https:\/\/schema.org","@graph":[{"@type":"WebPage","@id":"https:\/\/schreibenpro.com\/de\/bewerbungsanschreiben-noch-im-arbeitsverhaltnis-offnen\/","url":"https:\/\/schreibenpro.com\/de\/bewerbungsanschreiben-noch-im-arbeitsverhaltnis-offnen\/","name":"\u00d6ffnen - Bewerbungsanschreiben Noch Im Arbeitsverh\u00e4ltnis - Schreiben PRO","isPartOf":{"@id":"https:\/\/schreibenpro.com\/de\/#website"},"primaryImageOfPage":{"@id":"https:\/\/schreibenpro.com\/de\/bewerbungsanschreiben-noch-im-arbeitsverhaltnis-offnen\/#primaryimage"},"image":{"@id":"https:\/\/schreibenpro.com\/de\/bewerbungsanschreiben-noch-im-arbeitsverhaltnis-offnen\/#primaryimage"},"thumbnailUrl":"https:\/\/schreibenpro.com\/de\/wp-content\/uploads\/bewerbungsanschreiben-noch-im-arbeitsverhaltnis-muster-vorlage.jpg","datePublished":"2023-12-18T08:24:13+00:00","breadcrumb":{"@id":"https:\/\/schreibenpro.com\/de\/bewerbungsanschreiben-noch-im-arbeitsverhaltnis-offnen\/#breadcrumb"},"inLanguage":"de","potentialAction":[{"@type":"ReadAction","target":["https:\/\/schreibenpro.com\/de\/bewerbungsanschreiben-noch-im-arbeitsverhaltnis-offnen\/"]}]},{"@type":"ImageObject","inLanguage":"de","@id":"https:\/\/schreibenpro.com\/de\/bewerbungsanschreiben-noch-im-arbeitsverhaltnis-offnen\/#primaryimage","url":"https:\/\/schreibenpro.com\/de\/wp-content\/uploads\/anschreiben-zum-angebot-muster-vorlage.jpg","contentUrl":"https:\/\/schreibenpro.com\/de\/wp-content\/uploads\/anschreiben-zum-angebot-muster-vorlage.jpg","width":1410,"height":2250},{"@type":"BreadcrumbList","@id":"https:\/\/schreibenpro.com\/de\/bewerbungsanschreiben-noch-im-arbeitsverhaltnis-offnen\/#breadcrumb","itemListElement":[{"@type":"ListItem","position":1,"name":"Portada","item":"https:\/\/schreibenpro.com\/de\/"},{"@type":"ListItem","position":2,"name":"\u00d6ffnen &#8211; Bewerbungsanschreiben Noch Im Arbeitsverh\u00e4ltnis"}]},{"@type":"WebSite","@id":"https:\/\/schreibenpro.com\/de\/#website","url":"https:\/\/schreibenpro.com\/de\/","name":"Schreiben PRO","description":"Muster und Vorlage","publisher":{"@id":"https:\/\/schreibenpro.com\/de\/#organization"},"potentialAction":[{"@type":"SearchAction","target":{"@type":"EntryPoint","urlTemplate":"https:\/\/schreibenpro.com\/de\/?s={search_term_string}"},"query-input":{"@type":"PropertyValueSpecification","valueRequired":true,"valueName":"search_term_string"}}],"inLanguage":"de"},{"@type":"Organization","@id":"https:\/\/schreibenpro.com\/de\/#organization","name":"Schreiben PRO","url":"https:\/\/schreibenpro.com\/de\/","logo":{"@type":"ImageObject","inLanguage":"de","@id":"https:\/\/schreibenpro.com\/de\/#\/schema\/logo\/image\/","url":"https:\/\/schreibenpro.com\/de\/wp-content\/uploads\/cropped-fav.png","contentUrl":"https:\/\/schreibenpro.com\/de\/wp-content\/uploads\/cropped-fav.png","width":512,"height":512,"caption":"Schreiben PRO"},"image":{"@id":"https:\/\/schreibenpro.com\/de\/#\/schema\/logo\/image\/"}}]}},"_links":{"self":[{"href":"https:\/\/schreibenpro.com\/de\/wp-json\/wp\/v2\/pages\/508","targetHints":{"allow":["GET"]}}],"collection":[{"href":"https:\/\/schreibenpro.com\/de\/wp-json\/wp\/v2\/pages"}],"about":[{"href":"https:\/\/schreibenpro.com\/de\/wp-json\/wp\/v2\/types\/page"}],"author":[{"embeddable":true,"href":"https:\/\/schreibenpro.com\/de\/wp-json\/wp\/v2\/users\/1"}],"replies":[{"embeddable":true,"href":"https:\/\/schreibenpro.com\/de\/wp-json\/wp\/v2\/comments?post=508"}],"version-history":[{"count":0,"href":"https:\/\/schreibenpro.com\/de\/wp-json\/wp\/v2\/pages\/508\/revisions"}],"wp:attachment":[{"href":"https:\/\/schreibenpro.com\/de\/wp-json\/wp\/v2\/media?parent=508"}],"curies":[{"name":"wp","href":"https:\/\/api.w.org\/{rel}","templated":true}]}}