{"id":510,"date":"2023-12-18T08:24:13","date_gmt":"2023-12-18T08:24:13","guid":{"rendered":"https:\/\/schreibenpro.com\/de\/rundschreiben-an-mitarbeiter-offnen\/"},"modified":"2023-12-18T08:24:13","modified_gmt":"2023-12-18T08:24:13","slug":"rundschreiben-an-mitarbeiter-offnen","status":"publish","type":"page","link":"https:\/\/schreibenpro.com\/de\/rundschreiben-an-mitarbeiter-offnen\/","title":{"rendered":"\u00d6ffnen &#8211; Rundschreiben An Mitarbeiter"},"content":{"rendered":"\r\n<p class=\"has-text-align-center\">Muster und Vorlage f\u00fcr <strong> Rundschreiben An Mitarbeiter<\/strong> &#8211; Ausf\u00fcllen und Erstellung  &#8211; \u00d6ffnen im <strong>PDF WORD<\/strong> Datei und Online<\/p>\r\n\r\n\r\n\r\n\r\n<div class=\"wp-block-image\">\r\n<figure class=\"aligncenter size-large is-resized\"><img loading=\"lazy\" decoding=\"async\" class=\"wp-image-215\" src=\"https:\/\/schreibenpro.com\/de\/wp-content\/uploads\/rundschreiben-an-mitarbeiter-muster-vorlage.jpg\" alt=\"\" width=\"245\" height=\"391\" \/><\/figure>\r\n<\/div>\r\n\r\n\r\n\r\n<hr class=\"wp-block-separator has-alpha-channel-opacity\" \/>\r\n\r\n\r\n\r\n\r\n\r\n<div class=\"su-note\"  style=\"border-color:#e5e5e5;border-radius:10px;-moz-border-radius:10px;-webkit-border-radius:10px;\"><div class=\"su-note-inner su-u-clearfix su-u-trim\" style=\"background-color:#FFFFFF;border-color:#ffffff;color:#333333;border-radius:10px;-moz-border-radius:10px;-webkit-border-radius:10px;\">\r\n\r\n<section id=\"specialParagraph\"><p><strong>Einf\u00fchrung:<\/strong><\/p> <p>Sehr geehrte Mitarbeiterinnen und Mitarbeiter,<\/p> <p>ich m\u00f6chte Ihnen heute einige wichtige Informationen mitteilen. Bitte lesen Sie dieses Rundschreiben aufmerksam durch, da es f\u00fcr Sie von gro\u00dfer Bedeutung sein k\u00f6nnte.<\/p>  <p><strong>Teil 1: Aktuelle Unternehmensentwicklung<\/strong><\/p> <p>Wir freuen uns, Ihnen mitteilen zu k\u00f6nnen, dass das Unternehmen im letzten Quartal einen erheblichen Umsatzanstieg verzeichnete. Dies war nur m\u00f6glich durch Ihr Engagement und Ihre harte Arbeit. Unser Dank gilt Ihnen allen f\u00fcr Ihre beeindruckenden Leistungen.<\/p>  <p><strong>Teil 2: Neue Projekte und Ziele<\/strong><\/p> <p>Wir stehen vor aufregenden Zeiten mit neuen Projekten und erweiterten Zielen. Jeder von Ihnen wird die M\u00f6glichkeit haben, an spannenden Initiativen teilzunehmen und neue F\u00e4higkeiten zu entwickeln. Bitte beachten Sie die beigef\u00fcgte Liste mit den bevorstehenden Projekten und informieren Sie sich \u00fcber diejenigen, die Sie interessieren.<\/p>  <p><strong>Teil 3: Wichtige termine<\/strong><\/p> <p>Es stehen einige wichtige Termine an, die Sie sich vormerken sollten:<\/p> <ul> <li>Team-Building-Veranstaltung am <strong>10. Mai 2023<\/strong><\/li> <li>Monatliche Mitarbeiterbesprechung am <strong>15. Mai 2023<\/strong><\/li> <li>Abteilungstreffen am <strong>20. Mai 2023<\/strong><\/li> <\/ul>  <p><strong>Teil 4: Verbesserung der Kommunikation<\/strong><\/p> <p>In den letzten Umfragen sind immer wieder Verbesserungsm\u00f6glichkeiten bei der internen Kommunikation hervorgehoben worden. Wir haben daher beschlossen, regelm\u00e4\u00dfige Feedback-Runden einzuf\u00fchren und Kommunikationsschulungen anzubieten. Bitte beachten Sie die detaillierten Informationen und Termine zu diesen Ma\u00dfnahmen in der beigef\u00fcgten Anlage.<\/p>  <p><strong>Teil 5: Mitarbeiter des Monats<\/strong><\/p> <p>Herzlichen Gl\u00fcckwunsch an Herrn\/Frau [Mitarbeiter\/in des Monats]. F\u00fcr seine\/ihre herausragenden Leistungen wird er\/sie als Mitarbeiter des Monats ausgezeichnet. Wir sind stolz darauf, solche motivierten und engagierten Mitarbeiter in unserem Team zu haben.<\/p>  <p><strong>Schlusswort<\/strong><\/p> <p>Noch einmal vielen Dank f\u00fcr Ihre hervorragende Arbeit. Wir sch\u00e4tzen Ihr Engagement und stehen Ihnen jederzeit f\u00fcr Fragen und Anliegen zur Verf\u00fcgung.<\/p>  <p>Mit freundlichen Gr\u00fc\u00dfen,<\/p> <p>Vorname Nachname<\/p> <p>Titel\/Rolle<\/p><\/section><\/div><\/div>\r\n\r\n&nbsp;\r\n\r\n\r\n\r\n\r\n\r\n\r\n<p class=\"has-text-align-center\">Muster und Vorlage f\u00fcr <strong> Rundschreiben An Mitarbeiter <\/strong> zur Anpassung und Erstellung  im <strong>WORD<\/strong>\u2013 und <strong>PDF-Format<\/strong><\/p>\r\n\r\n\r\n<button id=\"generatePDF\">Erstellen (PDF &#8211; WORD)<\/button>\r\n\r\n\r\n\r\n<hr class=\"wp-block-separator has-alpha-channel-opacity\" \/>\r\n\r\n\r\n\r\n<p style=\"text-align: center;\"><strong>Rundschreiben An Mitarbeiter<\/strong><\/p>\r\n\r\n<div class=\"wp-block-columns is-layout-flex wp-container-core-columns-is-layout-9d6595d7 wp-block-columns-is-layout-flex\">\r\n\r\n\r\n<div class=\"wp-block-column is-layout-flow wp-block-column-is-layout-flow\"><div class=\"su-button-center\"><a href=\"https:\/\/www.service-first-personal.de\/fileadmin\/user_upload\/Merkblatt_Mitarbeiter170714.pdf\" class=\"su-button su-button-style-flat\" style=\"color:#FFFFFF;background-color:#144bb6;border-color:#103c92;border-radius:1px\" target=\"_self\"><span style=\"color:#FFFFFF;padding:0px 24px;font-size:18px;line-height:36px;border-color:#5b81cc;border-radius:1px;text-shadow:none\">   PDF <\/span><\/a><\/div>\n<\/div>\r\n\r\n\r\n\r\n<div class=\"wp-block-column is-layout-flow wp-block-column-is-layout-flow\"><div class=\"su-button-center\"><a href=\"https:\/\/www.wko.at\/oe\/rundschreibenanmitarbeiter.docx\" class=\"su-button su-button-style-flat\" style=\"color:#FFFFFF;background-color:#144bb6;border-color:#103c92;border-radius:1px\" target=\"_self\"><span style=\"color:#FFFFFF;padding:0px 24px;font-size:18px;line-height:36px;border-color:#5b81cc;border-radius:1px;text-shadow:none\">   DOC<\/span><\/a><\/div>\n<\/div>\r\n\r\n\r\n<\/div>\r\n\r\n\r\n\r\n<p style=\"text-align: center;\"><strong>Beispiele<\/strong><\/p>\r\n\r\n<div class=\"wp-block-columns is-layout-flex wp-container-core-columns-is-layout-9d6595d7 wp-block-columns-is-layout-flex\">\r\n\r\n\r\n<div class=\"wp-block-column is-layout-flow wp-block-column-is-layout-flow\"><div class=\"su-button-center\"><a href=\"https:\/\/www.service-first-personal.de\/fileadmin\/user_upload\/Merkblatt_Mitarbeiter170714.pdf\" class=\"su-button su-button-style-flat\" style=\"color:#FFFFFF;background-color:#144bb6;border-color:#103c92;border-radius:1px\" target=\"_self\"><span style=\"color:#FFFFFF;padding:0px 24px;font-size:18px;line-height:36px;border-color:#5b81cc;border-radius:1px;text-shadow:none\">  Beispiel &#8211; 1 <\/span><\/a><\/div>\n<\/div>\r\n\r\n\r\n\r\n<div class=\"wp-block-column is-layout-flow wp-block-column-is-layout-flow\"><div class=\"su-button-center\"><a href=\"https:\/\/www.riskoo.de\/file_download\/6\/Mustervorlage_Rundschreiben_aushangpflichtige_Gesetze.pdf\" class=\"su-button su-button-style-flat\" style=\"color:#FFFFFF;background-color:#144bb6;border-color:#103c92;border-radius:1px\" target=\"_self\"><span style=\"color:#FFFFFF;padding:0px 24px;font-size:18px;line-height:36px;border-color:#5b81cc;border-radius:1px;text-shadow:none\">  Beispiel &#8211; 2 <\/span><\/a><\/div>\n<\/div>\r\n\r\n\r\n<\/div>\r\n\r\n\r\n<hr class=\"wp-block-separator has-alpha-channel-opacity\" \/>\r\n\r\n\r\n\r\n<div class=\"wp-block-columns is-layout-flex wp-container-core-columns-is-layout-9d6595d7 wp-block-columns-is-layout-flex\">\r\n\r\n\r\n<div class=\"wp-block-column is-layout-flow wp-block-column-is-layout-flow\"><div class=\"su-button-center\"><a href=\"https:\/\/www.kick-grosser.de\/fileadmin\/kick-grosser\/PDF\/Rundschreiben_fuer_Gutscheine_an_Arbeitnehmer.pdf\" class=\"su-button su-button-style-flat\" style=\"color:#FFFFFF;background-color:#144bb6;border-color:#103c92;border-radius:1px\" target=\"_self\"><span style=\"color:#FFFFFF;padding:0px 24px;font-size:18px;line-height:36px;border-color:#5b81cc;border-radius:1px;text-shadow:none\">  Beispiel &#8211; 3 <\/span><\/a><\/div>\n<\/div>\r\n\r\n\r\n\r\n<div class=\"wp-block-column is-layout-flow wp-block-column-is-layout-flow\"><div class=\"su-button-center\"><a href=\"https:\/\/www.service-first-personal.de\/fileadmin\/user_upload\/Merkblatt_Mitarbeiter170714.pdf\" class=\"su-button su-button-style-flat\" style=\"color:#FFFFFF;background-color:#144bb6;border-color:#103c92;border-radius:1px\" target=\"_self\"><span style=\"color:#FFFFFF;padding:0px 24px;font-size:18px;line-height:36px;border-color:#5b81cc;border-radius:1px;text-shadow:none\">  Beispiel &#8211; 4 <\/span><\/a><\/div>\n<\/div>\r\n\r\n\r\n<\/div>\r\n\r\n\r\n<hr class=\"wp-block-separator has-alpha-channel-opacity\" \/>\r\n\r\n<!-- \/wp:post-content -->\r\n\r\n<!-- wp:table {\"align\":\"center\"} -->\r\n<figure class=\"wp-block-table aligncenter\">\r\n<table>\r\n<tbody>\r\n<tr>\r\n<td style=\"text-align: center;\">Rundschreiben An Mitarbeiter<\/td>\r\n<\/tr>\r\n<tr>\r\n<td style=\"text-align: center;\">PDF &#8211; WORD Datei<\/td>\r\n<\/tr>\r\n<tr>\r\n<td style=\"text-align: center;\">Bewertung: \u2b50\u2b50\u2b50\u2b50\u2b50 4.53<\/td>\r\n<\/tr>\r\n<tr>\r\n<td style=\"text-align: center;\">Ergebnisse &#8211; 4203<\/td>\r\n<\/tr>\r\n<\/tbody>\r\n<\/table>\r\n<\/figure>\r\n<!-- \/wp:table -->\r\n\r\n<!-- wp:separator -->\r\n\r\n<hr class=\"wp-block-separator has-alpha-channel-opacity\" \/>\r\n\r\n<!-- \/wp:separator -->\r\n\r\n<div class=\"su-note\"  style=\"border-color:#e5e5e5;border-radius:10px;-moz-border-radius:10px;-webkit-border-radius:10px;\"><div class=\"su-note-inner su-u-clearfix su-u-trim\" style=\"background-color:#FFFFFF;border-color:#ffffff;color:#333333;border-radius:10px;-moz-border-radius:10px;-webkit-border-radius:10px;\">\r\n\r\n<p>Das Schreiben eines Rundschreibens an Mitarbeiter erfordert sorgf\u00e4ltige Planung und \u00dcberlegungen, um sicherzustellen, dass die Botschaft klar und effektiv kommuniziert wird. In dieser Anleitung werden wir die verschiedenen Schritte und Bestandteile des Briefschreibens ausf\u00fchrlich erl\u00e4utern und wichtige Tipps und Beispiele geben, die Ihnen dabei helfen, ein \u00fcberzeugendes Rundschreiben zu verfassen.<\/p>  <h3>Schritt 1: Zweck und Zielgruppe identifizieren<\/h3> <p>Der erste Schritt beim Verfassen eines Rundschreibens an Mitarbeiter ist die Identifizierung des Zwecks und der Zielgruppe. \u00dcberlegen Sie genau, welches Ziel Sie mit dem Rundschreiben erreichen m\u00f6chten und wer Ihre Zielgruppe ist. M\u00f6chten Sie Informationen mitteilen, Anweisungen geben oder Feedback einholen? Ist das Rundschreiben an alle Mitarbeiter gerichtet oder nur an eine bestimmte Abteilung?<\/p>  <h3>Schritt 2: Einleitung<\/h3> <p>Die Einleitung des Rundschreibens ist entscheidend, um das Interesse der Mitarbeiter zu wecken und ihre Aufmerksamkeit zu gewinnen. Stellen Sie sich kurz vor und erkl\u00e4ren Sie, warum Sie das Rundschreiben verfassen. Verwenden Sie einen ansprechenden und informativen Ton, um die Mitarbeiter dazu zu bringen, weiterzulesen.<\/p> <p>Beispiel:<\/p> <p><strong>Sehr geehrte Mitarbeiter,<\/strong><\/p> <p>ich schreibe Ihnen heute, um Ihnen wichtige Informationen \u00fcber die bevorstehenden \u00c4nderungen im Unternehmen mitzuteilen. Als Teil unseres Engagements, Sie auf dem Laufenden zu halten, m\u00f6chten wir Ihnen einige wichtige Updates mitteilen.<\/p>  <h3>Schritt 3: Hauptteil<\/h3> <p>Der Hauptteil des Rundschreibens enth\u00e4lt die wichtigsten Informationen, die Sie mit den Mitarbeitern teilen m\u00f6chten. Strukturieren Sie den Hauptteil in Abschnitte und verwenden Sie \u00dcberschriften, um die Lesbarkeit zu verbessern. Geben Sie klare Anweisungen und stellen Sie sicher, dass die Mitarbeiter alles Wesentliche verstehen.<\/p> <p>Beispiel:<\/p> <p><strong>1. \u00c4nderungen in der Arbeitszeit<\/strong><\/p> <p>Ab dem n\u00e4chsten Monat wird sich die Arbeitszeit f\u00fcr alle Mitarbeiter um eine Stunde verl\u00e4ngern. Die neuen Arbeitszeiten sind von Montag bis Freitag von 9:00 bis 18:00 Uhr. Bitte planen Sie Ihre Termine entsprechend und stellen Sie sicher, dass Sie rechtzeitig an Ihrem Arbeitsplatz sind.<\/p> <p><strong>2. Neuer Projektleiter<\/strong><\/p> <p>Wir freuen uns, Ihnen mitteilen zu k\u00f6nnen, dass Herr M\u00fcller unser neuer Projektleiter f\u00fcr das Projekt XYZ sein wird. Er wird ab dem 1. M\u00e4rz die Verantwortung f\u00fcr das Projekt \u00fcbernehmen. Bitte hei\u00dfen Sie Herrn M\u00fcller herzlich willkommen und unterst\u00fctzen Sie ihn bei seiner neuen Rolle.<\/p>  <h3>Schritt 4: Schluss<\/h3> <p>Der Schluss des Rundschreibens sollte eine der wichtigsten Punkte enthalten und die Mitarbeiter zum Handeln auffordern, falls erforderlich. Geben Sie klare Kontaktdaten oder weitere Anweisungen, um den Mitarbeitern zu helfen, aufkommende Fragen oder Bedenken zu kl\u00e4ren.<\/p> <p>Beispiel:<\/p> <p><strong>:<\/strong><\/p> <p>Ich hoffe, dass Ihnen diese Informationen weiterhelfen und dass Sie mit den bevorstehenden \u00c4nderungen zufrieden sind. Wenn Sie Fragen haben oder weitere Informationen ben\u00f6tigen, wenden Sie sich bitte an die Personalabteilung. Wir sind immer f\u00fcr Sie da.<\/p> <p><strong>Mit freundlichen Gr\u00fc\u00dfen,<\/strong><\/p> <p>Ihr Name<\/p>  <h3>Wichtige \u00dcberlegungen zur formalen Gestaltung und zum Aufbau eines effektiven Rundschreibens<\/h3>  <h4>1. Verwendung der richtigen Anrede<\/h4> <p>Verwenden Sie die richtige Anrede, um die Mitarbeiter angemessen anzusprechen. F\u00fcr ein Rundschreiben k\u00f6nnen Sie &#8220;Sehr geehrte Mitarbeiter&#8221; oder &#8220;Liebe Kollegen&#8221; verwenden.<\/p>  <h4>2. Klarer und pr\u00e4gnanter Schreibstil<\/h4> <p>Verwenden Sie kurze und pr\u00e4gnante S\u00e4tze, um Ihre Botschaft klar und verst\u00e4ndlich zu vermitteln. Vermeiden Sie lange Schachtels\u00e4tze und Fachjargon, um Missverst\u00e4ndnisse zu vermeiden.<\/p>  <h4>3. Nutzen Sie Formatierung und Struktur<\/h4> <p>Verwenden Sie Formatierung und Struktur, um die Lesbarkeit zu verbessern. Verwenden Sie \u00dcberschriften, Nummerierungen und Aufz\u00e4hlungszeichen, um Informationen klar zu gliedern. Verwenden Sie Abs\u00e4tze, um separate Themen voneinander abzugrenzen.<\/p>  <h4>4. Rechtschreibung und Grammatik \u00fcberpr\u00fcfen<\/h4> <p>\u00dcberpr\u00fcfen Sie das Rundschreiben auf Rechtschreib- und Grammatikfehler, um einen professionellen Eindruck zu hinterlassen. Lesen Sie das Rundschreiben mehrmals durch oder bitten Sie einen Kollegen, es zu \u00fcberpr\u00fcfen.<\/p>  <h4>5. Schaffen Sie eine positive und motivierende Atmosph\u00e4re<\/h4> <p>Versuchen Sie, eine positive und motivierende Atmosph\u00e4re in Ihrem Rundschreiben zu schaffen. Loben Sie die Mitarbeiter f\u00fcr ihre Leistungen und betonen Sie die Bedeutung ihrer Arbeit f\u00fcr das Unternehmen.<\/p>  <h4>6. Vermeiden Sie zu viele Informationen auf einmal<\/h4> <p>Geben Sie nicht zu viele Informationen auf einmal weiter, da dies zu Verwirrung f\u00fchren kann. Fokussieren Sie sich auf die wichtigsten Punkte und geben Sie den Mitarbeitern die M\u00f6glichkeit, bei Bedarf weitere Informationen anzufordern.<\/p>  <h4>7. Personalisierung<\/h4> <p>Versuchen Sie, das Rundschreiben zu personalisieren, indem Sie den Namen des Mitarbeiters oder spezifische Informationen erw\u00e4hnen, die f\u00fcr ihn relevant sind. Dies zeigt, dass Sie sich um die individuellen Bed\u00fcrfnisse und Interessen der Mitarbeiter k\u00fcmmern.<\/p>  <h4>8. F\u00fcgen Sie relevante Anh\u00e4nge hinzu<\/h4> <p>Wenn das Rundschreiben zus\u00e4tzliche Informationen enth\u00e4lt, die nicht im Text selbst enthalten sind, f\u00fcgen Sie relevante Anh\u00e4nge hinzu. Stellen Sie sicher, dass die Anh\u00e4nge klar gekennzeichnet und leicht zug\u00e4nglich sind.<\/p>  <h4>9. Feedback einholen<\/h4> <p>Holen Sie nach dem Versenden des Rundschreibens Feedback von den Mitarbeitern ein, um sicherzustellen, dass sie die Informationen verstanden haben und keine offenen Fragen oder Bedenken bestehen. Ber\u00fccksichtigen Sie das Feedback bei der Erstellung zuk\u00fcnftiger Rundschreiben.<\/p>  <p>Mit dieser detaillierten Anleitung k\u00f6nnen Sie effektive Rundschreiben an Mitarbeiter verfassen. Beachten Sie die verschiedenen Schritte und Bestandteile des Briefschreibens, sowie wichtige \u00dcberlegungen zur formalen Gestaltung und Struktur. Verwenden Sie Beispiele und passen Sie diese an Ihre spezifischen Anforderungen an, um eine professionelle und \u00fcberzeugende Botschaft zu vermitteln.<\/p>\r\n\r\n<\/div><\/div>\r\n\r\n<!-- wp:separator -->\r\n\r\n<hr class=\"wp-block-separator has-alpha-channel-opacity\" \/>","protected":false},"excerpt":{"rendered":"<p>Muster und Vorlage f\u00fcr Rundschreiben An Mitarbeiter &#8211; Ausf\u00fcllen und Erstellung &#8211; \u00d6ffnen im PDF WORD Datei und Online &nbsp; &#8230; <\/p>\n<p class=\"read-more-container\"><a title=\"\u00d6ffnen &#8211; Rundschreiben An Mitarbeiter\" class=\"read-more button\" href=\"https:\/\/schreibenpro.com\/de\/rundschreiben-an-mitarbeiter-offnen\/#more-510\" aria-label=\"Mehr zu \u00d6ffnen &#8211; Rundschreiben An Mitarbeiter\">\u00d6FFNEN <\/a><\/p>\n","protected":false},"author":1,"featured_media":0,"parent":0,"menu_order":0,"comment_status":"closed","ping_status":"closed","template":"","meta":{"footnotes":""},"class_list":{"0":"post-510","1":"page","2":"type-page","3":"status-publish","5":"infinite-scroll-item"},"yoast_head":"<!-- This site is optimized with the Yoast SEO plugin v24.6 - https:\/\/yoast.com\/wordpress\/plugins\/seo\/ -->\n<title>\u00d6ffnen - Rundschreiben An Mitarbeiter - Schreiben PRO<\/title>\n<meta name=\"robots\" content=\"noindex, follow\" \/>\n<meta property=\"og:locale\" content=\"de_DE\" \/>\n<meta property=\"og:type\" content=\"article\" \/>\n<meta property=\"og:title\" content=\"\u00d6ffnen - Rundschreiben An Mitarbeiter - Schreiben PRO\" \/>\n<meta property=\"og:description\" content=\"Muster und Vorlage f\u00fcr Rundschreiben An Mitarbeiter &#8211; Ausf\u00fcllen und Erstellung &#8211; \u00d6ffnen im PDF WORD Datei und Online &nbsp; ... \u00d6FFNEN\" \/>\n<meta property=\"og:url\" content=\"https:\/\/schreibenpro.com\/de\/rundschreiben-an-mitarbeiter-offnen\/\" \/>\n<meta property=\"og:site_name\" content=\"Schreiben PRO\" \/>\n<meta property=\"og:image\" content=\"https:\/\/schreibenpro.com\/de\/wp-content\/uploads\/rundschreiben-an-mitarbeiter-muster-vorlage.jpg\" \/>\n<meta name=\"twitter:card\" content=\"summary_large_image\" \/>\n<meta name=\"twitter:label1\" content=\"Gesch\u00e4tzte Lesezeit\" \/>\n\t<meta name=\"twitter:data1\" content=\"1\u00a0Minute\" \/>\n<!-- \/ Yoast SEO plugin. -->","yoast_head_json":{"title":"\u00d6ffnen - Rundschreiben An Mitarbeiter - Schreiben PRO","robots":{"index":"noindex","follow":"follow"},"og_locale":"de_DE","og_type":"article","og_title":"\u00d6ffnen - Rundschreiben An Mitarbeiter - Schreiben PRO","og_description":"Muster und Vorlage f\u00fcr Rundschreiben An Mitarbeiter &#8211; Ausf\u00fcllen und Erstellung &#8211; \u00d6ffnen im PDF WORD Datei und Online &nbsp; ... \u00d6FFNEN","og_url":"https:\/\/schreibenpro.com\/de\/rundschreiben-an-mitarbeiter-offnen\/","og_site_name":"Schreiben PRO","og_image":[{"url":"https:\/\/schreibenpro.com\/de\/wp-content\/uploads\/rundschreiben-an-mitarbeiter-muster-vorlage.jpg","type":"","width":"","height":""}],"twitter_card":"summary_large_image","twitter_misc":{"Gesch\u00e4tzte Lesezeit":"1\u00a0Minute"},"schema":{"@context":"https:\/\/schema.org","@graph":[{"@type":"WebPage","@id":"https:\/\/schreibenpro.com\/de\/rundschreiben-an-mitarbeiter-offnen\/","url":"https:\/\/schreibenpro.com\/de\/rundschreiben-an-mitarbeiter-offnen\/","name":"\u00d6ffnen - Rundschreiben An Mitarbeiter - Schreiben PRO","isPartOf":{"@id":"https:\/\/schreibenpro.com\/de\/#website"},"primaryImageOfPage":{"@id":"https:\/\/schreibenpro.com\/de\/rundschreiben-an-mitarbeiter-offnen\/#primaryimage"},"image":{"@id":"https:\/\/schreibenpro.com\/de\/rundschreiben-an-mitarbeiter-offnen\/#primaryimage"},"thumbnailUrl":"https:\/\/schreibenpro.com\/de\/wp-content\/uploads\/rundschreiben-an-mitarbeiter-muster-vorlage.jpg","datePublished":"2023-12-18T08:24:13+00:00","breadcrumb":{"@id":"https:\/\/schreibenpro.com\/de\/rundschreiben-an-mitarbeiter-offnen\/#breadcrumb"},"inLanguage":"de","potentialAction":[{"@type":"ReadAction","target":["https:\/\/schreibenpro.com\/de\/rundschreiben-an-mitarbeiter-offnen\/"]}]},{"@type":"ImageObject","inLanguage":"de","@id":"https:\/\/schreibenpro.com\/de\/rundschreiben-an-mitarbeiter-offnen\/#primaryimage","url":"https:\/\/schreibenpro.com\/de\/wp-content\/uploads\/anschreiben-zum-angebot-muster-vorlage.jpg","contentUrl":"https:\/\/schreibenpro.com\/de\/wp-content\/uploads\/anschreiben-zum-angebot-muster-vorlage.jpg","width":1410,"height":2250},{"@type":"BreadcrumbList","@id":"https:\/\/schreibenpro.com\/de\/rundschreiben-an-mitarbeiter-offnen\/#breadcrumb","itemListElement":[{"@type":"ListItem","position":1,"name":"Portada","item":"https:\/\/schreibenpro.com\/de\/"},{"@type":"ListItem","position":2,"name":"\u00d6ffnen &#8211; Rundschreiben An Mitarbeiter"}]},{"@type":"WebSite","@id":"https:\/\/schreibenpro.com\/de\/#website","url":"https:\/\/schreibenpro.com\/de\/","name":"Schreiben PRO","description":"Muster und Vorlage","publisher":{"@id":"https:\/\/schreibenpro.com\/de\/#organization"},"potentialAction":[{"@type":"SearchAction","target":{"@type":"EntryPoint","urlTemplate":"https:\/\/schreibenpro.com\/de\/?s={search_term_string}"},"query-input":{"@type":"PropertyValueSpecification","valueRequired":true,"valueName":"search_term_string"}}],"inLanguage":"de"},{"@type":"Organization","@id":"https:\/\/schreibenpro.com\/de\/#organization","name":"Schreiben PRO","url":"https:\/\/schreibenpro.com\/de\/","logo":{"@type":"ImageObject","inLanguage":"de","@id":"https:\/\/schreibenpro.com\/de\/#\/schema\/logo\/image\/","url":"https:\/\/schreibenpro.com\/de\/wp-content\/uploads\/cropped-fav.png","contentUrl":"https:\/\/schreibenpro.com\/de\/wp-content\/uploads\/cropped-fav.png","width":512,"height":512,"caption":"Schreiben PRO"},"image":{"@id":"https:\/\/schreibenpro.com\/de\/#\/schema\/logo\/image\/"}}]}},"_links":{"self":[{"href":"https:\/\/schreibenpro.com\/de\/wp-json\/wp\/v2\/pages\/510","targetHints":{"allow":["GET"]}}],"collection":[{"href":"https:\/\/schreibenpro.com\/de\/wp-json\/wp\/v2\/pages"}],"about":[{"href":"https:\/\/schreibenpro.com\/de\/wp-json\/wp\/v2\/types\/page"}],"author":[{"embeddable":true,"href":"https:\/\/schreibenpro.com\/de\/wp-json\/wp\/v2\/users\/1"}],"replies":[{"embeddable":true,"href":"https:\/\/schreibenpro.com\/de\/wp-json\/wp\/v2\/comments?post=510"}],"version-history":[{"count":0,"href":"https:\/\/schreibenpro.com\/de\/wp-json\/wp\/v2\/pages\/510\/revisions"}],"wp:attachment":[{"href":"https:\/\/schreibenpro.com\/de\/wp-json\/wp\/v2\/media?parent=510"}],"curies":[{"name":"wp","href":"https:\/\/api.w.org\/{rel}","templated":true}]}}