{"id":513,"date":"2023-12-18T08:24:15","date_gmt":"2023-12-18T08:24:15","guid":{"rendered":"https:\/\/schreibenpro.com\/de\/biografie-uber-sich-selbst-schreiben-offnen\/"},"modified":"2023-12-18T08:24:15","modified_gmt":"2023-12-18T08:24:15","slug":"biografie-uber-sich-selbst-schreiben-offnen","status":"publish","type":"page","link":"https:\/\/schreibenpro.com\/de\/biografie-uber-sich-selbst-schreiben-offnen\/","title":{"rendered":"\u00d6ffnen &#8211; Biografie \u00dcber Sich Selbst Schreiben"},"content":{"rendered":"\r\n<p class=\"has-text-align-center\">Vorlage und Muster f\u00fcr <strong> Biografie \u00dcber Sich Selbst Schreiben<\/strong> &#8211; Erstellung und Ausf\u00fcllen &#8211; \u00d6ffnen im <strong>PDF WORD<\/strong> Datei und Online<\/p>\r\n\r\n\r\n\r\n\r\n<div class=\"wp-block-image\">\r\n<figure class=\"aligncenter size-large is-resized\"><img loading=\"lazy\" decoding=\"async\" class=\"wp-image-215\" src=\"https:\/\/schreibenpro.com\/de\/wp-content\/uploads\/biografie-uber-sich-selbst-schreiben-muster-vorlage.jpg\" alt=\"\" width=\"245\" height=\"391\" \/><\/figure>\r\n<\/div>\r\n\r\n\r\n\r\n<hr class=\"wp-block-separator has-alpha-channel-opacity\" \/>\r\n\r\n\r\n\r\n\r\n\r\n<div class=\"su-note\"  style=\"border-color:#e5e5e5;border-radius:10px;-moz-border-radius:10px;-webkit-border-radius:10px;\"><div class=\"su-note-inner su-u-clearfix su-u-trim\" style=\"background-color:#FFFFFF;border-color:#ffffff;color:#333333;border-radius:10px;-moz-border-radius:10px;-webkit-border-radius:10px;\">\r\n\r\n<section id=\"specialParagraph\"><p><strong>Einleitung:<\/strong><\/p> <p>Mein Name ist Lisa M\u00fcller und ich wurde am 10. M\u00e4rz 1990 in Berlin geboren. Schon von klein auf war ich von Geschichten und dem Schreiben fasziniert. Diese Leidenschaft begleitete mich durch meine gesamte Schulzeit und f\u00fchrte schlie\u00dflich dazu, dass ich mich entschied, Schriftstellerin zu werden.<\/p>  <p><strong>Fr\u00fches Leben und Bildung:<\/strong><\/p> <p>Ich wuchs in einer kreativen Familie auf, in der das Schreiben und Lesen einen hohen Stellenwert hatten. Meine Eltern ermutigten mich immer, meine Fantasie auszuleben und eigene Geschichten zu erschaffen. In der Grundschule war Deutsch mein Lieblingsfach und ich konnte es kaum erwarten, meine Aufs\u00e4tze vorzulesen. Diese positive Erfahrung pr\u00e4gte meinen weiteren Werdegang.<\/p>  <p>Nach dem Abschluss der Realschule beschloss ich, das Fachabitur im Bereich Gestaltung &#038; Kommunikation zu absolvieren. W\u00e4hrend dieser Zeit nahm ich auch an Schreibworkshops teil und schrieb regelm\u00e4\u00dfig f\u00fcr die Sch\u00fclerzeitung. Diese Aktivit\u00e4ten halfen mir, mein Schreibhandwerk weiter zu verbessern und meine Stimme als Autorin zu finden.<\/p>  <p><strong>Ausbildung und berufliche Laufbahn:<\/strong><\/p> <p>Nach dem Abitur entschied ich mich daf\u00fcr, meine Leidenschaft f\u00fcr das Schreiben und die Literatur zu verfolgen und begann ein Studium der Germanistik und Literaturwissenschaft. W\u00e4hrend meines Studiums konnte ich mein Wissen \u00fcber verschiedene Literaturgenres vertiefen und erwarb umfangreiche Kenntnisse in literarischer Analyse und Textinterpretation.<\/p>  <p>Parallel zu meinem Studium arbeitete ich freiberuflich als Redakteurin f\u00fcr verschiedene Online-Magazine und schrieb Artikel zu literarischen Themen. Diese T\u00e4tigkeit gab mir die M\u00f6glichkeit, mein Wissen praktisch anzuwenden und mich weiter in meinem Fachgebiet zu entwickeln.<\/p>  <p>Nach meinem erfolgreichen Abschluss arbeitete ich mehrere Jahre als Lektorin in einem renommierten Verlag. In dieser Position hatte ich die M\u00f6glichkeit, mit talentierten Autoren zusammenzuarbeiten und ihre Manuskripte zu \u00fcberarbeiten und zu verbessern. Diese Erfahrung half mir dabei, meine F\u00e4higkeiten als Schriftstellerin weiter zu verfeinern und meine eigene Stimme als Autorin zu festigen.<\/p>  <p><strong>Pers\u00f6nliche Erfolge und Highlights:<\/strong><\/p> <p>Eines meiner gr\u00f6\u00dften pers\u00f6nlichen Erfolge war die Ver\u00f6ffentlichung meines ersten Romans &#8220;Im Schatten der Vergangenheit&#8221;. Das Buch wurde von Kritikern gelobt und erreichte einen Platz auf der Bestsellerliste. Diese Anerkennung best\u00e4tigte mir, dass ich den richtigen Weg gew\u00e4hlt hatte und ermutigte mich, weiterhin an meiner Karriere als Schriftstellerin festzuhalten.<\/p>  <p>Ein weiteres Highlight war die Teilnahme an internationalen Literaturfestivals und -konferenzen, bei denen ich die M\u00f6glichkeit hatte, mit anderen Autoren und Literaturbegeisterten aus der ganzen Welt in Kontakt zu treten. Diese Erfahrungen erweiterten meinen Horizont und inspirierten mich zu neuen Ideen und Geschichten.<\/p>  <p><strong>Zukunftspl\u00e4ne:<\/strong><\/p> <p>Mein Ziel f\u00fcr die Zukunft ist es, weiterhin B\u00fccher zu schreiben und meine Leserschaft zu erweitern. Ich m\u00f6chte auch mein Wissen und meine Erfahrungen als Schriftstellerin an junge Nachwuchsautoren weitergeben und plane daher, Schreibworkshops und -seminare anzubieten. Dar\u00fcber hinaus m\u00f6chte ich meine Kenntnisse im Bereich Drehbuchschreiben erweitern und mich auch im Film- und Fernsehbereich bet\u00e4tigen.<\/p>  <p><strong>Schluss:<\/strong><\/p> <p>Insgesamt bin ich dankbar f\u00fcr meine Reise als Schriftstellerin und die M\u00f6glichkeiten, die sich mir geboten haben. Ich habe viel gelernt und bin stolz auf das, was ich bisher erreicht habe. Die Liebe zum Schreiben treibt mich immer wieder an, neue Welten zu erkunden und Geschichten zu erz\u00e4hlen. Ich bin gespannt auf das, was die Zukunft f\u00fcr mich bereith\u00e4lt und freue mich darauf, meine Leser weiterhin zu begeistern.<\/p><\/section><\/div><\/div>\r\n\r\n&nbsp;\r\n\r\n\r\n\r\n\r\n\r\n\r\n<p class=\"has-text-align-center\">Muster und Vorlage f\u00fcr <strong> Biografie \u00dcber Sich Selbst Schreiben <\/strong> zur Anpassung und Erstellung  im <strong>WORD<\/strong>\u2013 und <strong>PDF-Format<\/strong><\/p>\r\n\r\n\r\n<button id=\"generatePDF\">Erstellen (PDF &#8211; WORD)<\/button>\r\n\r\n\r\n\r\n<hr class=\"wp-block-separator has-alpha-channel-opacity\" \/>\r\n\r\n\r\n\r\n<p style=\"text-align: center;\"><strong>Biografie \u00dcber Sich Selbst Schreiben<\/strong><\/p>\r\n\r\n<div class=\"wp-block-columns is-layout-flex wp-container-core-columns-is-layout-9d6595d7 wp-block-columns-is-layout-flex\">\r\n\r\n\r\n<div class=\"wp-block-column is-layout-flow wp-block-column-is-layout-flow\"><div class=\"su-button-center\"><a href=\"https:\/\/meminto.com\/de\/wp-content\/uploads\/sites\/2\/2021\/05\/Biografie-1.pdf\" class=\"su-button su-button-style-flat\" style=\"color:#FFFFFF;background-color:#144bb6;border-color:#103c92;border-radius:1px\" target=\"_self\"><span style=\"color:#FFFFFF;padding:0px 24px;font-size:18px;line-height:36px;border-color:#5b81cc;border-radius:1px;text-shadow:none\">   PDF <\/span><\/a><\/div>\n<\/div>\r\n\r\n\r\n\r\n<div class=\"wp-block-column is-layout-flow wp-block-column-is-layout-flow\"><div class=\"su-button-center\"><a href=\"http:\/\/www.financial-career.de\/content\/stipendien\/Beispiel_Lebenslauf_1.docx\" class=\"su-button su-button-style-flat\" style=\"color:#FFFFFF;background-color:#144bb6;border-color:#103c92;border-radius:1px\" target=\"_self\"><span style=\"color:#FFFFFF;padding:0px 24px;font-size:18px;line-height:36px;border-color:#5b81cc;border-radius:1px;text-shadow:none\">   DOC<\/span><\/a><\/div>\n<\/div>\r\n\r\n\r\n<\/div>\r\n\r\n\r\n\r\n<p style=\"text-align: center;\"><strong>Beispiele<\/strong><\/p>\r\n\r\n<div class=\"wp-block-columns is-layout-flex wp-container-core-columns-is-layout-9d6595d7 wp-block-columns-is-layout-flex\">\r\n\r\n\r\n<div class=\"wp-block-column is-layout-flow wp-block-column-is-layout-flow\"><div class=\"su-button-center\"><a href=\"https:\/\/meminto.com\/de\/wp-content\/uploads\/sites\/2\/2021\/05\/Biografie-1.pdf\" class=\"su-button su-button-style-flat\" style=\"color:#FFFFFF;background-color:#144bb6;border-color:#103c92;border-radius:1px\" target=\"_self\"><span style=\"color:#FFFFFF;padding:0px 24px;font-size:18px;line-height:36px;border-color:#5b81cc;border-radius:1px;text-shadow:none\">  Beispiel &#8211; 1 <\/span><\/a><\/div>\n<\/div>\r\n\r\n\r\n\r\n<div class=\"wp-block-column is-layout-flow wp-block-column-is-layout-flow\"><div class=\"su-button-center\"><a href=\"https:\/\/www.persen.de\/media\/ntx\/persen\/sample\/20355DA4_Musterseite.pdf\" class=\"su-button su-button-style-flat\" style=\"color:#FFFFFF;background-color:#144bb6;border-color:#103c92;border-radius:1px\" target=\"_self\"><span style=\"color:#FFFFFF;padding:0px 24px;font-size:18px;line-height:36px;border-color:#5b81cc;border-radius:1px;text-shadow:none\">  Beispiel &#8211; 2 <\/span><\/a><\/div>\n<\/div>\r\n\r\n\r\n<\/div>\r\n\r\n\r\n<hr class=\"wp-block-separator has-alpha-channel-opacity\" \/>\r\n\r\n\r\n\r\n<div class=\"wp-block-columns is-layout-flex wp-container-core-columns-is-layout-9d6595d7 wp-block-columns-is-layout-flex\">\r\n\r\n\r\n<div class=\"wp-block-column is-layout-flow wp-block-column-is-layout-flow\"><div class=\"su-button-center\"><a href=\"https:\/\/www.meine-biographie.com\/wp-content\/uploads\/2012\/08\/Maeckler_Biographiebrief_001.pdf\" class=\"su-button su-button-style-flat\" style=\"color:#FFFFFF;background-color:#144bb6;border-color:#103c92;border-radius:1px\" target=\"_self\"><span style=\"color:#FFFFFF;padding:0px 24px;font-size:18px;line-height:36px;border-color:#5b81cc;border-radius:1px;text-shadow:none\">  Beispiel &#8211; 3 <\/span><\/a><\/div>\n<\/div>\r\n\r\n\r\n\r\n<div class=\"wp-block-column is-layout-flow wp-block-column-is-layout-flow\"><div class=\"su-button-center\"><a href=\"https:\/\/meminto.com\/de\/wp-content\/uploads\/sites\/2\/2021\/05\/Biografie-1.pdf\" class=\"su-button su-button-style-flat\" style=\"color:#FFFFFF;background-color:#144bb6;border-color:#103c92;border-radius:1px\" target=\"_self\"><span style=\"color:#FFFFFF;padding:0px 24px;font-size:18px;line-height:36px;border-color:#5b81cc;border-radius:1px;text-shadow:none\">  Beispiel &#8211; 4 <\/span><\/a><\/div>\n<\/div>\r\n\r\n\r\n<\/div>\r\n\r\n\r\n<hr class=\"wp-block-separator has-alpha-channel-opacity\" \/>\r\n\r\n<!-- \/wp:post-content -->\r\n\r\n<!-- wp:table {\"align\":\"center\"} -->\r\n<figure class=\"wp-block-table aligncenter\">\r\n<table>\r\n<tbody>\r\n<tr>\r\n<td style=\"text-align: center;\">Biografie \u00dcber Sich Selbst Schreiben<\/td>\r\n<\/tr>\r\n<tr>\r\n<td style=\"text-align: center;\">PDF &#8211; WORD Datei<\/td>\r\n<\/tr>\r\n<tr>\r\n<td style=\"text-align: center;\">Bewertung: \u2b50\u2b50\u2b50\u2b50\u2b50 4.83<\/td>\r\n<\/tr>\r\n<tr>\r\n<td style=\"text-align: center;\">Ergebnisse &#8211; 5492<\/td>\r\n<\/tr>\r\n<\/tbody>\r\n<\/table>\r\n<\/figure>\r\n<!-- \/wp:table -->\r\n\r\n<!-- wp:separator -->\r\n\r\n<hr class=\"wp-block-separator has-alpha-channel-opacity\" \/>\r\n\r\n<!-- \/wp:separator -->\r\n\r\n<div class=\"su-note\"  style=\"border-color:#e5e5e5;border-radius:10px;-moz-border-radius:10px;-webkit-border-radius:10px;\"><div class=\"su-note-inner su-u-clearfix su-u-trim\" style=\"background-color:#FFFFFF;border-color:#ffffff;color:#333333;border-radius:10px;-moz-border-radius:10px;-webkit-border-radius:10px;\">\r\n\r\n<p>Das Schreiben einer Biografie \u00fcber sich selbst kann eine spannende und herausfordernde Aufgabe sein. Es gibt viele Aspekte zu beachten, angefangen von der Auswahl der relevanten Informationen bis hin zur Strukturierung des Textes. In dieser Anleitung werden wir Ihnen einige Tipps und Beispiele geben, wie Sie eine \u00fcberzeugende Biografie \u00fcber sich selbst verfassen k\u00f6nnen.<\/p>  <h3>Schritt 1: Informationen sammeln<\/h3>  <p>Bevor Sie mit dem eigentlichen Schreiben beginnen, ist es wichtig, gen\u00fcgend Informationen \u00fcber Ihr Leben zu sammeln. \u00dcberlegen Sie, welche Aspekte Sie in Ihrer Biografie hervorheben m\u00f6chten. Hier sind einige Fragen, die Ihnen dabei helfen k\u00f6nnen:<\/p>  <dl> <dt>1. Kindheit und Jugend<\/dt> <dd>&#8211; Wo sind Sie aufgewachsen?<\/dd> <dd>&#8211; Welche besonderen Ereignisse oder Erfahrungen haben Sie in dieser Zeit gemacht?<\/dd>  <dt>2. Bildung und Karriere<\/dt> <dd>&#8211; Welche Schulen oder Universit\u00e4ten haben Sie besucht?<\/dd> <dd>&#8211; Welche Ausbildungen oder Qualifikationen haben Sie erworben?<\/dd> <dd>&#8211; Welche beruflichen Erfahrungen haben Sie gemacht und welche Erfolge haben Sie erzielt?<\/dd>  <dt>3. Pers\u00f6nliche Interessen und Hobbys<\/dt> <dd>&#8211; Welche Hobbys oder Freizeitaktivit\u00e4ten haben Sie?<\/dd> <dd>&#8211; Welche Leidenschaften oder Talente haben Sie?<\/dd>  <dt>4. Pers\u00f6nliche Herausforderungen oder R\u00fcckschl\u00e4ge<\/dt> <dd>&#8211; Welche Schwierigkeiten haben Sie in Ihrem Leben \u00fcberwunden?<\/dd> <dd>&#8211; Welche Misserfolge haben Sie erlebt und wie sind Sie damit umgegangen?<\/dd>  <dt>5. Erfolge und Auszeichnungen<\/dt> <dd>&#8211; Welche Erfolge haben Sie erreicht?<\/dd> <dd>&#8211; Haben Sie f\u00fcr Ihre Leistungen besondere Anerkennungen oder Auszeichnungen erhalten?<\/dd> <\/dl>  <p>Notieren Sie sich alle relevanten Informationen zu diesen Themenbereichen. Je mehr Details Sie sammeln, desto besser k\u00f6nnen Sie Ihre Biografie gestalten.<\/p>  <h3>Schritt 2: Strukturierung der Biografie<\/h3>  <p>Eine gute Biografie hat eine klare Struktur. Hier ist eine m\u00f6gliche Gliederung, die Sie verwenden k\u00f6nnen:<\/p>  <ol> <li>Einleitung<\/li> <li>Kindheit und Jugend<\/li> <li>Bildung und Karriere<\/li> <li>Pers\u00f6nliche Interessen und Hobbys<\/li> <li>Pers\u00f6nliche Herausforderungen oder R\u00fcckschl\u00e4ge<\/li> <li>Erfolge und Auszeichnungen<\/li> <li>Schluss<\/li> <\/ol>  <p>In der Einleitung sollten Sie kurz beschreiben, wer Sie sind und warum Sie eine Biografie \u00fcber sich selbst schreiben.<\/p>  <p>In den darauf folgenden Abschnitten k\u00f6nnen Sie Ihre Informationen strukturiert darstellen. Beachten Sie dabei die chronologische Reihenfolge und halten Sie sich an die oben genannten Fragen.<\/p>  <p>Im Schlussteil k\u00f6nnen Sie Ihre Biografie zusammenfassen und beispielsweise auf Ihre zuk\u00fcnftigen Ziele oder Pl\u00e4ne eingehen.<\/p>  <h3>Schritt 3: Stil und Sprache<\/h3>  <p>Beim Schreiben Ihrer Biografie ist es wichtig, einen angemessenen Stil und eine klare Sprache zu verwenden. Hier sind einige Tipps, die Ihnen dabei helfen k\u00f6nnen:<\/p>  <ul> <li>Verwenden Sie eine Ich-Perspektive, da es um Ihre eigene Biografie geht.<\/li> <li>Halten Sie den Schreibstil formell und sachlich.<\/li> <li>Vermeiden Sie zu lange S\u00e4tze und komplexe Satzstrukturen.<\/li> <li>Beschreiben Sie Ihre Erfahrungen und Erfolge detailliert, aber vermeiden Sie \u00dcbertreibungen.<\/li> <li>Verwenden Sie aktive Verben, um Ihre T\u00e4tigkeiten und Leistungen zu beschreiben.<\/li> <li>\u00dcberpr\u00fcfen Sie Ihre Biografie auf Rechtschreib- und Grammatikfehler.<\/li> <\/ul>  <h3>Schritt 4: Formale Gestaltung<\/h3>  <p>Neben dem Inhalt ist auch die formale Gestaltung Ihrer Biografie wichtig. Hier sind einige Punkte, die Sie beachten sollten:<\/p>  <ul> <li>Verwenden Sie eine lesbare Schriftart, wie zum Beispiel Arial oder Times New Roman.<\/li> <li>W\u00e4hlen Sie eine angemessene Schriftgr\u00f6\u00dfe, die gut lesbar ist.<\/li> <li>Verwenden Sie Abs\u00e4tze, um Ihren Text \u00fcbersichtlich zu strukturieren.<\/li> <li>Setzen Sie \u00dcberschriften und Zwischen\u00fcberschriften, um verschiedene Abschnitte zu kennzeichnen.<\/li> <li>F\u00fcgen Sie gegebenenfalls Bilder oder grafische Elemente hinzu, um Ihre Biografie interessanter zu gestalten.<\/li> <\/ul>  <h3>Schritt 5: Beispiel einer Biografie<\/h3>  <p>Hier ist ein Beispiel, wie eine Biografie \u00fcber sich selbst aussehen k\u00f6nnte:<\/p>  <hr>  <h4>Einleitung<\/h4>  <p>Mein Name ist Max Mustermann und ich schreibe diese Biografie, um meine Erfahrungen und Leistungen mit anderen zu teilen. Ich bin 1985 in Berlin geboren und habe mein ganzes Leben in dieser aufregenden Stadt verbracht.<\/p>  <h4>Kindheit und Jugend<\/h4>  <p>Ich wuchs als Einzelkind in einer liebevollen Familie auf. Schon fr\u00fch entwickelte ich eine Leidenschaft f\u00fcr das Lesen und die Natur. In meiner Jugend engagierte ich mich in verschiedenen Umweltschutzprojekten und gewann einen regionalen Preis f\u00fcr mein Engagement.<\/p>  <h4>Bildung und Karriere<\/h4>  <p>Nach meinem Abitur studierte ich Biologie an der Universit\u00e4t Berlin. W\u00e4hrend meines Studiums spezialisierte ich mich auf den Bereich des Naturschutzes und absolvierte ein Praktikum bei einer Umweltschutzorganisation. Nach meinem Abschluss arbeitete ich mehrere Jahre als Naturschutzberater und betreute verschiedene Projektteams.<\/p>  <h4>Pers\u00f6nliche Interessen und Hobbys<\/h4>  <p>Neben meiner beruflichen T\u00e4tigkeit habe ich eine gro\u00dfe Leidenschaft f\u00fcr das Wandern und die Fotografie. Ich verbringe jedes Wochenende in der Natur und dokumentiere die einzigartige Sch\u00f6nheit der Landschaften in meiner Umgebung. Meine Fotografien wurden bereits in einigen lokalen Ausstellungen gezeigt.<\/p>  <h4>Pers\u00f6nliche Herausforderungen oder R\u00fcckschl\u00e4ge<\/h4>  <p>Obwohl ich viele Erfolge in meinem Leben feiern konnte, gab es auch schwierige Zeiten. Vor einigen Jahren musste ich einen R\u00fcckschlag in meiner Karriere hinnehmen und meinen Traumjob aufgeben. Doch anstatt aufzugeben, nutzte ich diese Erfahrung als Chance zur pers\u00f6nlichen Weiterentwicklung und begann ein neues Kapitel in meinem Leben.<\/p>  <h4>Erfolge und Auszeichnungen<\/h4>  <p>In Anerkennung meiner Arbeit und meines Engagements erhielt ich den Umweltschutzpreis meiner Stadt sowie eine Auszeichnung f\u00fcr mein fotografisches Talent. Diese Erfolge haben mich motiviert, meinen Weg fortzusetzen und weiterhin f\u00fcr den Schutz der Natur zu k\u00e4mpfen.<\/p>  <h4>Schluss<\/h4>  <p>Ich hoffe, dass Ihnen meine Biografie einen Einblick in mein Leben und meine Leidenschaften gegeben hat. Ich bin gespannt auf die n\u00e4chsten Kapitel meines Lebens und freue mich darauf, neue Herausforderungen anzunehmen und weitere Erfolge zu feiern.<\/p>  <hr>  <p>Verwenden Sie dieses Beispiel als Inspiration f\u00fcr Ihre eigene Biografie und passen Sie es entsprechend an Ihre pers\u00f6nlichen Erfahrungen und Ziele an.<\/p>\r\n\r\n<\/div><\/div>\r\n\r\n<!-- wp:separator -->\r\n\r\n<hr class=\"wp-block-separator has-alpha-channel-opacity\" \/>","protected":false},"excerpt":{"rendered":"<p>Vorlage und Muster f\u00fcr Biografie \u00dcber Sich Selbst Schreiben &#8211; Erstellung und Ausf\u00fcllen &#8211; \u00d6ffnen im PDF WORD Datei und &#8230; <\/p>\n<p class=\"read-more-container\"><a title=\"\u00d6ffnen &#8211; Biografie \u00dcber Sich Selbst Schreiben\" class=\"read-more button\" href=\"https:\/\/schreibenpro.com\/de\/biografie-uber-sich-selbst-schreiben-offnen\/#more-513\" aria-label=\"Mehr zu \u00d6ffnen &#8211; Biografie \u00dcber Sich Selbst Schreiben\">\u00d6FFNEN <\/a><\/p>\n","protected":false},"author":1,"featured_media":0,"parent":0,"menu_order":0,"comment_status":"closed","ping_status":"closed","template":"","meta":{"footnotes":""},"class_list":{"0":"post-513","1":"page","2":"type-page","3":"status-publish","5":"infinite-scroll-item"},"yoast_head":"<!-- This site is optimized with the Yoast SEO plugin v24.6 - https:\/\/yoast.com\/wordpress\/plugins\/seo\/ -->\n<title>\u00d6ffnen - Biografie \u00dcber Sich Selbst Schreiben - Schreiben PRO<\/title>\n<meta name=\"robots\" content=\"noindex, follow\" \/>\n<meta property=\"og:locale\" content=\"de_DE\" \/>\n<meta property=\"og:type\" content=\"article\" \/>\n<meta property=\"og:title\" content=\"\u00d6ffnen - Biografie \u00dcber Sich Selbst Schreiben - Schreiben PRO\" \/>\n<meta property=\"og:description\" content=\"Vorlage und Muster f\u00fcr Biografie \u00dcber Sich Selbst Schreiben &#8211; Erstellung und Ausf\u00fcllen &#8211; \u00d6ffnen im PDF WORD Datei und ... \u00d6FFNEN\" \/>\n<meta property=\"og:url\" content=\"https:\/\/schreibenpro.com\/de\/biografie-uber-sich-selbst-schreiben-offnen\/\" \/>\n<meta property=\"og:site_name\" content=\"Schreiben PRO\" \/>\n<meta property=\"og:image\" content=\"https:\/\/schreibenpro.com\/de\/wp-content\/uploads\/biografie-uber-sich-selbst-schreiben-muster-vorlage.jpg\" \/>\n<meta name=\"twitter:card\" content=\"summary_large_image\" \/>\n<meta name=\"twitter:label1\" content=\"Gesch\u00e4tzte Lesezeit\" \/>\n\t<meta name=\"twitter:data1\" content=\"1\u00a0Minute\" \/>\n<!-- \/ Yoast SEO plugin. -->","yoast_head_json":{"title":"\u00d6ffnen - Biografie \u00dcber Sich Selbst Schreiben - Schreiben PRO","robots":{"index":"noindex","follow":"follow"},"og_locale":"de_DE","og_type":"article","og_title":"\u00d6ffnen - Biografie \u00dcber Sich Selbst Schreiben - Schreiben PRO","og_description":"Vorlage und Muster f\u00fcr Biografie \u00dcber Sich Selbst Schreiben &#8211; Erstellung und Ausf\u00fcllen &#8211; \u00d6ffnen im PDF WORD Datei und ... \u00d6FFNEN","og_url":"https:\/\/schreibenpro.com\/de\/biografie-uber-sich-selbst-schreiben-offnen\/","og_site_name":"Schreiben PRO","og_image":[{"url":"https:\/\/schreibenpro.com\/de\/wp-content\/uploads\/biografie-uber-sich-selbst-schreiben-muster-vorlage.jpg","type":"","width":"","height":""}],"twitter_card":"summary_large_image","twitter_misc":{"Gesch\u00e4tzte Lesezeit":"1\u00a0Minute"},"schema":{"@context":"https:\/\/schema.org","@graph":[{"@type":"WebPage","@id":"https:\/\/schreibenpro.com\/de\/biografie-uber-sich-selbst-schreiben-offnen\/","url":"https:\/\/schreibenpro.com\/de\/biografie-uber-sich-selbst-schreiben-offnen\/","name":"\u00d6ffnen - Biografie \u00dcber Sich Selbst Schreiben - Schreiben PRO","isPartOf":{"@id":"https:\/\/schreibenpro.com\/de\/#website"},"primaryImageOfPage":{"@id":"https:\/\/schreibenpro.com\/de\/biografie-uber-sich-selbst-schreiben-offnen\/#primaryimage"},"image":{"@id":"https:\/\/schreibenpro.com\/de\/biografie-uber-sich-selbst-schreiben-offnen\/#primaryimage"},"thumbnailUrl":"https:\/\/schreibenpro.com\/de\/wp-content\/uploads\/biografie-uber-sich-selbst-schreiben-muster-vorlage.jpg","datePublished":"2023-12-18T08:24:15+00:00","breadcrumb":{"@id":"https:\/\/schreibenpro.com\/de\/biografie-uber-sich-selbst-schreiben-offnen\/#breadcrumb"},"inLanguage":"de","potentialAction":[{"@type":"ReadAction","target":["https:\/\/schreibenpro.com\/de\/biografie-uber-sich-selbst-schreiben-offnen\/"]}]},{"@type":"ImageObject","inLanguage":"de","@id":"https:\/\/schreibenpro.com\/de\/biografie-uber-sich-selbst-schreiben-offnen\/#primaryimage","url":"https:\/\/schreibenpro.com\/de\/wp-content\/uploads\/anschreiben-zum-angebot-muster-vorlage.jpg","contentUrl":"https:\/\/schreibenpro.com\/de\/wp-content\/uploads\/anschreiben-zum-angebot-muster-vorlage.jpg","width":1410,"height":2250},{"@type":"BreadcrumbList","@id":"https:\/\/schreibenpro.com\/de\/biografie-uber-sich-selbst-schreiben-offnen\/#breadcrumb","itemListElement":[{"@type":"ListItem","position":1,"name":"Portada","item":"https:\/\/schreibenpro.com\/de\/"},{"@type":"ListItem","position":2,"name":"\u00d6ffnen &#8211; Biografie \u00dcber Sich Selbst Schreiben"}]},{"@type":"WebSite","@id":"https:\/\/schreibenpro.com\/de\/#website","url":"https:\/\/schreibenpro.com\/de\/","name":"Schreiben PRO","description":"Muster und Vorlage","publisher":{"@id":"https:\/\/schreibenpro.com\/de\/#organization"},"potentialAction":[{"@type":"SearchAction","target":{"@type":"EntryPoint","urlTemplate":"https:\/\/schreibenpro.com\/de\/?s={search_term_string}"},"query-input":{"@type":"PropertyValueSpecification","valueRequired":true,"valueName":"search_term_string"}}],"inLanguage":"de"},{"@type":"Organization","@id":"https:\/\/schreibenpro.com\/de\/#organization","name":"Schreiben PRO","url":"https:\/\/schreibenpro.com\/de\/","logo":{"@type":"ImageObject","inLanguage":"de","@id":"https:\/\/schreibenpro.com\/de\/#\/schema\/logo\/image\/","url":"https:\/\/schreibenpro.com\/de\/wp-content\/uploads\/cropped-fav.png","contentUrl":"https:\/\/schreibenpro.com\/de\/wp-content\/uploads\/cropped-fav.png","width":512,"height":512,"caption":"Schreiben PRO"},"image":{"@id":"https:\/\/schreibenpro.com\/de\/#\/schema\/logo\/image\/"}}]}},"_links":{"self":[{"href":"https:\/\/schreibenpro.com\/de\/wp-json\/wp\/v2\/pages\/513","targetHints":{"allow":["GET"]}}],"collection":[{"href":"https:\/\/schreibenpro.com\/de\/wp-json\/wp\/v2\/pages"}],"about":[{"href":"https:\/\/schreibenpro.com\/de\/wp-json\/wp\/v2\/types\/page"}],"author":[{"embeddable":true,"href":"https:\/\/schreibenpro.com\/de\/wp-json\/wp\/v2\/users\/1"}],"replies":[{"embeddable":true,"href":"https:\/\/schreibenpro.com\/de\/wp-json\/wp\/v2\/comments?post=513"}],"version-history":[{"count":0,"href":"https:\/\/schreibenpro.com\/de\/wp-json\/wp\/v2\/pages\/513\/revisions"}],"wp:attachment":[{"href":"https:\/\/schreibenpro.com\/de\/wp-json\/wp\/v2\/media?parent=513"}],"curies":[{"name":"wp","href":"https:\/\/api.w.org\/{rel}","templated":true}]}}