{"id":524,"date":"2023-12-18T08:24:20","date_gmt":"2023-12-18T08:24:20","guid":{"rendered":"https:\/\/schreibenpro.com\/de\/brief-an-kind-schreiben-offnen\/"},"modified":"2023-12-18T08:24:20","modified_gmt":"2023-12-18T08:24:20","slug":"brief-an-kind-schreiben-offnen","status":"publish","type":"page","link":"https:\/\/schreibenpro.com\/de\/brief-an-kind-schreiben-offnen\/","title":{"rendered":"\u00d6ffnen &#8211; Brief An Kind Schreiben"},"content":{"rendered":"\r\n<p class=\"has-text-align-center\">Vorlage und Muster f\u00fcr <strong> Brief An Kind Schreiben<\/strong> &#8211; Erstellung und Ausf\u00fcllen &#8211; \u00d6ffnen im <strong>WORD und PDF<\/strong> Datei und Online<\/p>\r\n\r\n\r\n\r\n\r\n<div class=\"wp-block-image\">\r\n<figure class=\"aligncenter size-large is-resized\"><img loading=\"lazy\" decoding=\"async\" class=\"wp-image-215\" src=\"https:\/\/schreibenpro.com\/de\/wp-content\/uploads\/brief-an-kind-schreiben-muster-vorlage.jpg\" alt=\"\" width=\"245\" height=\"391\" \/><\/figure>\r\n<\/div>\r\n\r\n\r\n\r\n<hr class=\"wp-block-separator has-alpha-channel-opacity\" \/>\r\n\r\n\r\n\r\n\r\n\r\n<div class=\"su-note\"  style=\"border-color:#e5e5e5;border-radius:10px;-moz-border-radius:10px;-webkit-border-radius:10px;\"><div class=\"su-note-inner su-u-clearfix su-u-trim\" style=\"background-color:#FFFFFF;border-color:#ffffff;color:#333333;border-radius:10px;-moz-border-radius:10px;-webkit-border-radius:10px;\">\r\n\r\n<section id=\"specialParagraph\"><p><b>Einf\u00fchrung:<\/b><\/p> <p>Liebes [Name des Kindes],<\/p> <p>Ich hoffe, dieser Brief findet dich gesund und munter. Es freut mich sehr, dir heute diesen Brief schreiben zu k\u00f6nnen. Ich m\u00f6chte dir ein paar Dinge mitteilen und hoffe, dass du meine Worte gut aufnimmst.<\/p>  <p><b>Absatz 1: Pers\u00f6nliche Erfahrungen:<\/b><\/p> <p>Ich erinnere mich noch gut daran, wie es war, in deinem Alter zu sein. Es ist eine aufregende Zeit voller neuer Erfahrungen und spannender Entdeckungen. Ich m\u00f6chte dir erz\u00e4hlen, welche Erfahrungen ich in deinem Alter gemacht habe und wie sie mich gepr\u00e4gt haben. Zum Beispiel erinnere ich mich an meine ersten Tage in der Schule und wie aufregend es war, neue Freunde zu finden.<\/p>  <p><b>Absatz 2: Ratschl\u00e4ge f\u00fcr das Leben:<\/b><\/p> <p>Es gibt einige wichtige Lektionen, die ich im Laufe meines Lebens gelernt habe und die ich gerne mit dir teilen m\u00f6chte. Zum Beispiel ist es wichtig, immer ehrlich zu sein und sich selbst treu zu bleiben. Du wirst immer wieder mit Herausforderungen konfrontiert werden, aber ich versichere dir, dass du sie meistern kannst, wenn du an dich selbst glaubst und hart arbeitest.<\/p>  <p><b>Absatz 3: Unterst\u00fctzung und Vertrauen:<\/b><\/p> <p>Es ist mir wichtig, dass du wei\u00dft, dass du immer auf meine Unterst\u00fctzung z\u00e4hlen kannst. Egal, welche Entscheidungen du triffst oder welche Wege du einschl\u00e4gst, ich werde immer an deiner Seite stehen und dich unterst\u00fctzen. Vertraue dir selbst und h\u00f6re auf dein Herz.<\/p>  <p><b>Absatz 4: Ermutigung zum Weitermachen:<\/b><\/p> <p>Manchmal kann das Leben schwierig sein und du k\u00f6nntest vor Herausforderungen stehen, die dir \u00fcberw\u00e4ltigend erscheinen. Aber lass dich nicht entmutigen! Du hast bereits so viel erreicht und ich bin stolz auf dich. Gib niemals auf und halte immer an deinen Tr\u00e4umen fest. Du bist in der Lage, alles zu erreichen, was du m\u00f6chtest.<\/p>  <p><b>Absatz 5: Schlussworte:<\/b><\/p> <p>Ich hoffe, dass dir dieser Brief ein wenig Inspiration und Motivation gegeben hat. Denke daran, dass du einzigartig bist und dass du die Welt auf deine eigene besondere Weise bereichern kannst. Z\u00f6gere nicht, mich zu kontaktieren, wenn du jemanden zum Reden brauchst oder wenn du Ratschl\u00e4ge oder Hilfe ben\u00f6tigst.<\/p>  <p><b>Fazit:<\/b><\/p> <p>Noch einmal, liebes [Name des Kindes], ich bin so dankbar, dass ich diesen Brief an dich schreiben kann. Du bist ein wunderbarer und talentierter Mensch und ich bin \u00fcberzeugt, dass du in der Lage bist, alles zu erreichen, was du dir vornimmst. Glaube an dich selbst und gehe mit Zuversicht und Mut in die Welt. Ich w\u00fcnsche dir alles Gute f\u00fcr deine Zukunft.<\/p>  <p>Mit ganz viel Liebe und Zuneigung,<\/p> [Dein Name]  <footer> <p>\u00a9 2022 Beispielbriefe.com. Alle Rechte vorbehalten.<\/p> <\/footer><\/section><\/div><\/div>\r\n\r\n&nbsp;\r\n\r\n\r\n\r\n\r\n\r\n\r\n<p class=\"has-text-align-center\">Muster und Vorlage f\u00fcr <strong> Brief An Kind Schreiben <\/strong> zur Anpassung und Erstellung  im <strong>WORD<\/strong>\u2013 und <strong>PDF-Format<\/strong><\/p>\r\n\r\n\r\n<button id=\"generatePDF\">Erstellen (PDF &#8211; WORD)<\/button>\r\n\r\n\r\n\r\n<hr class=\"wp-block-separator has-alpha-channel-opacity\" \/>\r\n\r\n\r\n\r\n<p style=\"text-align: center;\"><strong>Brief An Kind Schreiben<\/strong><\/p>\r\n\r\n<div class=\"wp-block-columns is-layout-flex wp-container-core-columns-is-layout-9d6595d7 wp-block-columns-is-layout-flex\">\r\n\r\n\r\n<div class=\"wp-block-column is-layout-flow wp-block-column-is-layout-flow\"><div class=\"su-button-center\"><a href=\"https:\/\/leben-lieben-lassen.de\/wp-content\/uploads\/2022\/04\/Brief-an-das-innere-Kind.pdf\" class=\"su-button su-button-style-flat\" style=\"color:#FFFFFF;background-color:#144bb6;border-color:#103c92;border-radius:1px\" target=\"_self\"><span style=\"color:#FFFFFF;padding:0px 24px;font-size:18px;line-height:36px;border-color:#5b81cc;border-radius:1px;text-shadow:none\">   PDF <\/span><\/a><\/div>\n<\/div>\r\n\r\n\r\n\r\n<div class=\"wp-block-column is-layout-flow wp-block-column-is-layout-flow\"><div class=\"su-button-center\"><a href=\"https:\/\/www.beltz.de\/fileadmin\/beltz\/kostenlose-downloads\/4019172100209.docx\" class=\"su-button su-button-style-flat\" style=\"color:#FFFFFF;background-color:#144bb6;border-color:#103c92;border-radius:1px\" target=\"_self\"><span style=\"color:#FFFFFF;padding:0px 24px;font-size:18px;line-height:36px;border-color:#5b81cc;border-radius:1px;text-shadow:none\">   DOC<\/span><\/a><\/div>\n<\/div>\r\n\r\n\r\n<\/div>\r\n\r\n\r\n\r\n<p style=\"text-align: center;\"><strong>Beispiele<\/strong><\/p>\r\n\r\n<div class=\"wp-block-columns is-layout-flex wp-container-core-columns-is-layout-9d6595d7 wp-block-columns-is-layout-flex\">\r\n\r\n\r\n<div class=\"wp-block-column is-layout-flow wp-block-column-is-layout-flow\"><div class=\"su-button-center\"><a href=\"https:\/\/leben-lieben-lassen.de\/wp-content\/uploads\/2022\/04\/Brief-an-das-innere-Kind.pdf\" class=\"su-button su-button-style-flat\" style=\"color:#FFFFFF;background-color:#144bb6;border-color:#103c92;border-radius:1px\" target=\"_self\"><span style=\"color:#FFFFFF;padding:0px 24px;font-size:18px;line-height:36px;border-color:#5b81cc;border-radius:1px;text-shadow:none\">  Beispiel &#8211; 1 <\/span><\/a><\/div>\n<\/div>\r\n\r\n\r\n\r\n<div class=\"wp-block-column is-layout-flow wp-block-column-is-layout-flow\"><div class=\"su-button-center\"><a href=\"https:\/\/www.vaterfreuden.de\/sites\/default\/files\/LiebesbriefanmeinKind-wiemacheichdas.pdf\" class=\"su-button su-button-style-flat\" style=\"color:#FFFFFF;background-color:#144bb6;border-color:#103c92;border-radius:1px\" target=\"_self\"><span style=\"color:#FFFFFF;padding:0px 24px;font-size:18px;line-height:36px;border-color:#5b81cc;border-radius:1px;text-shadow:none\">  Beispiel &#8211; 2 <\/span><\/a><\/div>\n<\/div>\r\n\r\n\r\n<\/div>\r\n\r\n\r\n<hr class=\"wp-block-separator has-alpha-channel-opacity\" \/>\r\n\r\n\r\n\r\n<div class=\"wp-block-columns is-layout-flex wp-container-core-columns-is-layout-9d6595d7 wp-block-columns-is-layout-flex\">\r\n\r\n\r\n<div class=\"wp-block-column is-layout-flow wp-block-column-is-layout-flow\"><div class=\"su-button-center\"><a href=\"https:\/\/stadt.muenchen.de\/dam\/jcr:d5127277-5787-44ff-8d91-b09ba24f62ec\/26_Brief.pdf\" class=\"su-button su-button-style-flat\" style=\"color:#FFFFFF;background-color:#144bb6;border-color:#103c92;border-radius:1px\" target=\"_self\"><span style=\"color:#FFFFFF;padding:0px 24px;font-size:18px;line-height:36px;border-color:#5b81cc;border-radius:1px;text-shadow:none\">  Beispiel &#8211; 3 <\/span><\/a><\/div>\n<\/div>\r\n\r\n\r\n\r\n<div class=\"wp-block-column is-layout-flow wp-block-column-is-layout-flow\"><div class=\"su-button-center\"><a href=\"https:\/\/leben-lieben-lassen.de\/wp-content\/uploads\/2022\/04\/Brief-an-das-innere-Kind.pdf\" class=\"su-button su-button-style-flat\" style=\"color:#FFFFFF;background-color:#144bb6;border-color:#103c92;border-radius:1px\" target=\"_self\"><span style=\"color:#FFFFFF;padding:0px 24px;font-size:18px;line-height:36px;border-color:#5b81cc;border-radius:1px;text-shadow:none\">  Beispiel &#8211; 4 <\/span><\/a><\/div>\n<\/div>\r\n\r\n\r\n<\/div>\r\n\r\n\r\n<hr class=\"wp-block-separator has-alpha-channel-opacity\" \/>\r\n\r\n<!-- \/wp:post-content -->\r\n\r\n<!-- wp:table {\"align\":\"center\"} -->\r\n<figure class=\"wp-block-table aligncenter\">\r\n<table>\r\n<tbody>\r\n<tr>\r\n<td style=\"text-align: center;\">Brief An Kind Schreiben<\/td>\r\n<\/tr>\r\n<tr>\r\n<td style=\"text-align: center;\">PDF &#8211; WORD Datei<\/td>\r\n<\/tr>\r\n<tr>\r\n<td style=\"text-align: center;\">Bewertung: \u2b50\u2b50\u2b50\u2b50\u2b50 4.82<\/td>\r\n<\/tr>\r\n<tr>\r\n<td style=\"text-align: center;\">Ergebnisse &#8211; 6537<\/td>\r\n<\/tr>\r\n<\/tbody>\r\n<\/table>\r\n<\/figure>\r\n<!-- \/wp:table -->\r\n\r\n<!-- wp:separator -->\r\n\r\n<hr class=\"wp-block-separator has-alpha-channel-opacity\" \/>\r\n\r\n<!-- \/wp:separator -->\r\n\r\n<div class=\"su-note\"  style=\"border-color:#e5e5e5;border-radius:10px;-moz-border-radius:10px;-webkit-border-radius:10px;\"><div class=\"su-note-inner su-u-clearfix su-u-trim\" style=\"background-color:#FFFFFF;border-color:#ffffff;color:#333333;border-radius:10px;-moz-border-radius:10px;-webkit-border-radius:10px;\">\r\n\r\n<p><strong>Einf\u00fchrung:<\/strong><\/p>  <p>Das Verfassen eines Briefes an ein Kind kann eine wunderbare M\u00f6glichkeit sein, um eine Verbindung herzustellen und wichtige Botschaften zu \u00fcbermitteln. In dieser Anleitung erfahren Sie, wie Sie einen Brief an ein Kind schreiben k\u00f6nnen. Wir werden die einzelnen Schritte und Bestandteile des Briefschreibens ausf\u00fchrlich erl\u00e4utern, von der Einleitung \u00fcber den Hauptteil bis hin zum Schluss, sowie wichtige \u00dcberlegungen zur formalen Gestaltung und zum Aufbau eines effektiven Briefes.<\/p>  <p><strong>Einleitung:<\/strong><\/p>  <p>Ihre Einleitung ist der erste Eindruck, den der Brief beim Kind hinterl\u00e4sst. Sie sollten daher freundlich und einladend beginnen. Eine M\u00f6glichkeit, eine Einleitung zu beginnen, ist, das Kind direkt anzusprechen, z. B. mit &#8220;Liebes [Name des Kindes],&#8221; oder &#8220;Hallo [Name des Kindes],&#8221;. Dies zeigt dem Kind, dass der Brief speziell an es gerichtet ist.<\/p>  <p><strong>Hauptteil:<\/strong><\/p>  <p>Der Hauptteil des Briefes ist der Ort, an dem Sie Ihre Botschaft vermitteln und mit dem Kind in Kommunikation treten k\u00f6nnen. Versuchen Sie, Ihr Anliegen in kurzen und verst\u00e4ndlichen S\u00e4tzen zu formulieren. Sie k\u00f6nnen auch Beispiele oder Geschichten verwenden, um Ihre Botschaft zu veranschaulichen. Denken Sie daran, dass Kinder oft bildhafte Sprache bevorzugen.<\/p>  <p>Wenn Sie einen Rat geben oder etwas lehren m\u00f6chten, stellen Sie sicher, dass Ihre Botschaft positiv und ermutigend ist. Vermeiden Sie negative Formulierungen wie &#8220;Du solltest das nicht tun&#8221; und verwenden Sie stattdessen positivere Ausdr\u00fccke wie &#8220;Es w\u00e4re toll, wenn du dies versuchst&#8221;.<\/p>  <p>Ein weiterer wichtiger Aspekt des Hauptteils ist die emotionale Verbindung. Versuchen Sie, Ihre Beziehung zum Kind zu st\u00e4rken, indem Sie pers\u00f6nliche Geschichten oder Erinnerungen teilen. Dies zeigt dem Kind, dass Sie sich um seine Gef\u00fchle k\u00fcmmern und es unterst\u00fctzen.<\/p>  <p><strong>Schluss:<\/strong><\/p>  <p>Der Schlussteil des Briefes hat die Aufgabe, den Brief auf eine positive und ermutigende Weise abzuschlie\u00dfen. Sie k\u00f6nnen dem Kind sagen, wie stolz Sie auf es sind oder wie sehr Sie es vermissen, wenn Sie weit voneinander entfernt sind. Nutzen Sie die Gelegenheit, dem Kind Ihre Liebe und Unterst\u00fctzung zu zeigen.<\/p>  <p><strong>Formale Gestaltung:<\/strong><\/p>  <p>Wenn es um die formale Gestaltung geht, gibt es einige grundlegende Richtlinien, die Sie beachten sollten. Verwenden Sie eine leserliche Schriftart und entsprechende Schriftgr\u00f6\u00dfe, damit das Kind den Brief leicht lesen kann. \u00dcberlegen Sie auch, ob Sie den Brief von Hand schreiben oder am Computer tippen m\u00f6chten. Ein handgeschriebener Brief kann pers\u00f6nlicher wirken, w\u00e4hrend ein getippter Brief professioneller aussieht.<\/p>  <p>Wenn der Brief mehrere Seiten hat, denken Sie daran, die Seiten zu nummerieren und Ihren Namen oder Ihre Unterschrift am Ende jeder Seite anzuf\u00fcgen. Dies ist besonders wichtig, wenn der Brief per Post verschickt wird, um sicherzustellen, dass keine Seiten verloren gehen.<\/p>  <p><strong>Aufbau eines effektiven Briefes:<\/strong><\/p>  <p>Ein effektiver Brief sollte klar strukturiert sein und eine klare Botschaft vermitteln. Denken Sie daran, Ihren Brief in Abschnitte oder Abs\u00e4tze zu unterteilen, um den Lesefluss zu erleichtern. Verwenden Sie \u00dcberschriften oder Zwischen\u00fcberschriften, um verschiedene Themen oder Abschnitte zu kennzeichnen.<\/p>  <p>Sie k\u00f6nnen auch Aufz\u00e4hlungszeichen oder nummerierte Listen verwenden, um wichtige Punkte hervorzuheben. Dies kann dem Kind helfen, den Inhalt besser zu verstehen und sich leichter daran zu erinnern.<\/p>  <p><strong>Beispiele:<\/strong><\/p>  <p>Hier sind zwei Beispiele f\u00fcr Briefe an ein Kind:<\/p>  <dl> <dt>Beispiel 1: Geburtstagsw\u00fcnsche<\/dt> <dd>Liebes [Name des Kindes],<\/dd> <dd> Ich w\u00fcnsche dir alles Gute zum Geburtstag! Ich kann es kaum glauben, dass du schon [Alter des Kindes] Jahre alt wirst. Ich erinnere mich noch, wie du als kleines Baby in meinen Armen gelegen hast. Du bist so schnell gewachsen und ich bin unglaublich stolz auf dich. <\/dd> <dd> Ich hoffe, dein Geburtstag wird genauso besonders wie du es bist. Genie\u00dfe deinen Tag und lass dich reichlich beschenken. Du verdienst nur das Beste. Denk immer daran, wie sehr ich dich liebe und dich unterst\u00fctze, egal was passiert. <\/dd> <dd> Alles Liebe zum Geburtstag! [Ihr Name] <\/dd>  <dt>Beispiel 2: Ermutigende Worte<\/dt> <dd>Liebes [Name des Kindes],<\/dd> <dd> Ich wollte dir nur sagen, wie stolz ich auf dich bin. Du hast in letzter Zeit so hart gearbeitet und du hast dich wirklich verbessert. Du hast gezeigt, dass du Ausdauer und Durchhalteverm\u00f6gen hast, und das ist eine gro\u00dfartige Eigenschaft. Ich bin sicher, dass du alles erreichen kannst, was du dir vornimmst. <\/dd> <dd> Denk immer daran, dass du einzigartig und wundervoll bist. Du hast so viele F\u00e4higkeiten und Talente, die die Welt bereichern. Lass dich nicht von R\u00fcckschl\u00e4gen entmutigen, sondern nutze sie als Ansporn, um noch besser zu werden. <\/dd> <dd> Ich glaube an dich! [Ihr Name] <\/dd> <\/dl>  <p><strong>:<\/strong><\/p>  <p>Das Verfassen eines Briefes an ein Kind er\u00f6ffnet eine wunderbare M\u00f6glichkeit, um eine Verbindung herzustellen und wichtige Botschaften zu \u00fcbermitteln. In dieser Anleitung haben wir die verschiedenen Schritte und Bestandteile des Briefschreibens ausf\u00fchrlich erl\u00e4utert, von der Einleitung \u00fcber den Hauptteil bis hin zum Schluss. Wir haben auch wichtige \u00dcberlegungen zur formalen Gestaltung und zum Aufbau eines effektiven Briefes besprochen. Nutzen Sie diese Anleitung, um einen liebevollen und unterst\u00fctzenden Brief an ein Kind zu schreiben.<\/p>\r\n\r\n<\/div><\/div>\r\n\r\n<!-- wp:separator -->\r\n\r\n<hr class=\"wp-block-separator has-alpha-channel-opacity\" \/>","protected":false},"excerpt":{"rendered":"<p>Vorlage und Muster f\u00fcr Brief An Kind Schreiben &#8211; Erstellung und Ausf\u00fcllen &#8211; \u00d6ffnen im WORD und PDF Datei und &#8230; <\/p>\n<p class=\"read-more-container\"><a title=\"\u00d6ffnen &#8211; Brief An Kind Schreiben\" class=\"read-more button\" href=\"https:\/\/schreibenpro.com\/de\/brief-an-kind-schreiben-offnen\/#more-524\" aria-label=\"Mehr zu \u00d6ffnen &#8211; Brief An Kind Schreiben\">\u00d6FFNEN <\/a><\/p>\n","protected":false},"author":1,"featured_media":0,"parent":0,"menu_order":0,"comment_status":"closed","ping_status":"closed","template":"","meta":{"footnotes":""},"class_list":{"0":"post-524","1":"page","2":"type-page","3":"status-publish","5":"infinite-scroll-item"},"yoast_head":"<!-- This site is optimized with the Yoast SEO plugin v24.6 - https:\/\/yoast.com\/wordpress\/plugins\/seo\/ -->\n<title>\u00d6ffnen - Brief An Kind Schreiben - Schreiben PRO<\/title>\n<meta name=\"robots\" content=\"noindex, follow\" \/>\n<meta property=\"og:locale\" content=\"de_DE\" \/>\n<meta property=\"og:type\" content=\"article\" \/>\n<meta property=\"og:title\" content=\"\u00d6ffnen - Brief An Kind Schreiben - Schreiben PRO\" \/>\n<meta property=\"og:description\" content=\"Vorlage und Muster f\u00fcr Brief An Kind Schreiben &#8211; Erstellung und Ausf\u00fcllen &#8211; \u00d6ffnen im WORD und PDF Datei und ... \u00d6FFNEN\" \/>\n<meta property=\"og:url\" content=\"https:\/\/schreibenpro.com\/de\/brief-an-kind-schreiben-offnen\/\" \/>\n<meta property=\"og:site_name\" content=\"Schreiben PRO\" \/>\n<meta property=\"og:image\" content=\"https:\/\/schreibenpro.com\/de\/wp-content\/uploads\/brief-an-kind-schreiben-muster-vorlage.jpg\" \/>\n<meta name=\"twitter:card\" content=\"summary_large_image\" \/>\n<meta name=\"twitter:label1\" content=\"Gesch\u00e4tzte Lesezeit\" \/>\n\t<meta name=\"twitter:data1\" content=\"1\u00a0Minute\" \/>\n<!-- \/ Yoast SEO plugin. -->","yoast_head_json":{"title":"\u00d6ffnen - Brief An Kind Schreiben - Schreiben PRO","robots":{"index":"noindex","follow":"follow"},"og_locale":"de_DE","og_type":"article","og_title":"\u00d6ffnen - Brief An Kind Schreiben - Schreiben PRO","og_description":"Vorlage und Muster f\u00fcr Brief An Kind Schreiben &#8211; Erstellung und Ausf\u00fcllen &#8211; \u00d6ffnen im WORD und PDF Datei und ... \u00d6FFNEN","og_url":"https:\/\/schreibenpro.com\/de\/brief-an-kind-schreiben-offnen\/","og_site_name":"Schreiben PRO","og_image":[{"url":"https:\/\/schreibenpro.com\/de\/wp-content\/uploads\/brief-an-kind-schreiben-muster-vorlage.jpg","type":"","width":"","height":""}],"twitter_card":"summary_large_image","twitter_misc":{"Gesch\u00e4tzte Lesezeit":"1\u00a0Minute"},"schema":{"@context":"https:\/\/schema.org","@graph":[{"@type":"WebPage","@id":"https:\/\/schreibenpro.com\/de\/brief-an-kind-schreiben-offnen\/","url":"https:\/\/schreibenpro.com\/de\/brief-an-kind-schreiben-offnen\/","name":"\u00d6ffnen - Brief An Kind Schreiben - Schreiben PRO","isPartOf":{"@id":"https:\/\/schreibenpro.com\/de\/#website"},"primaryImageOfPage":{"@id":"https:\/\/schreibenpro.com\/de\/brief-an-kind-schreiben-offnen\/#primaryimage"},"image":{"@id":"https:\/\/schreibenpro.com\/de\/brief-an-kind-schreiben-offnen\/#primaryimage"},"thumbnailUrl":"https:\/\/schreibenpro.com\/de\/wp-content\/uploads\/brief-an-kind-schreiben-muster-vorlage.jpg","datePublished":"2023-12-18T08:24:20+00:00","breadcrumb":{"@id":"https:\/\/schreibenpro.com\/de\/brief-an-kind-schreiben-offnen\/#breadcrumb"},"inLanguage":"de","potentialAction":[{"@type":"ReadAction","target":["https:\/\/schreibenpro.com\/de\/brief-an-kind-schreiben-offnen\/"]}]},{"@type":"ImageObject","inLanguage":"de","@id":"https:\/\/schreibenpro.com\/de\/brief-an-kind-schreiben-offnen\/#primaryimage","url":"https:\/\/schreibenpro.com\/de\/wp-content\/uploads\/anschreiben-zum-angebot-muster-vorlage.jpg","contentUrl":"https:\/\/schreibenpro.com\/de\/wp-content\/uploads\/anschreiben-zum-angebot-muster-vorlage.jpg","width":1410,"height":2250},{"@type":"BreadcrumbList","@id":"https:\/\/schreibenpro.com\/de\/brief-an-kind-schreiben-offnen\/#breadcrumb","itemListElement":[{"@type":"ListItem","position":1,"name":"Portada","item":"https:\/\/schreibenpro.com\/de\/"},{"@type":"ListItem","position":2,"name":"\u00d6ffnen &#8211; Brief An Kind Schreiben"}]},{"@type":"WebSite","@id":"https:\/\/schreibenpro.com\/de\/#website","url":"https:\/\/schreibenpro.com\/de\/","name":"Schreiben PRO","description":"Muster und Vorlage","publisher":{"@id":"https:\/\/schreibenpro.com\/de\/#organization"},"potentialAction":[{"@type":"SearchAction","target":{"@type":"EntryPoint","urlTemplate":"https:\/\/schreibenpro.com\/de\/?s={search_term_string}"},"query-input":{"@type":"PropertyValueSpecification","valueRequired":true,"valueName":"search_term_string"}}],"inLanguage":"de"},{"@type":"Organization","@id":"https:\/\/schreibenpro.com\/de\/#organization","name":"Schreiben PRO","url":"https:\/\/schreibenpro.com\/de\/","logo":{"@type":"ImageObject","inLanguage":"de","@id":"https:\/\/schreibenpro.com\/de\/#\/schema\/logo\/image\/","url":"https:\/\/schreibenpro.com\/de\/wp-content\/uploads\/cropped-fav.png","contentUrl":"https:\/\/schreibenpro.com\/de\/wp-content\/uploads\/cropped-fav.png","width":512,"height":512,"caption":"Schreiben PRO"},"image":{"@id":"https:\/\/schreibenpro.com\/de\/#\/schema\/logo\/image\/"}}]}},"_links":{"self":[{"href":"https:\/\/schreibenpro.com\/de\/wp-json\/wp\/v2\/pages\/524","targetHints":{"allow":["GET"]}}],"collection":[{"href":"https:\/\/schreibenpro.com\/de\/wp-json\/wp\/v2\/pages"}],"about":[{"href":"https:\/\/schreibenpro.com\/de\/wp-json\/wp\/v2\/types\/page"}],"author":[{"embeddable":true,"href":"https:\/\/schreibenpro.com\/de\/wp-json\/wp\/v2\/users\/1"}],"replies":[{"embeddable":true,"href":"https:\/\/schreibenpro.com\/de\/wp-json\/wp\/v2\/comments?post=524"}],"version-history":[{"count":0,"href":"https:\/\/schreibenpro.com\/de\/wp-json\/wp\/v2\/pages\/524\/revisions"}],"wp:attachment":[{"href":"https:\/\/schreibenpro.com\/de\/wp-json\/wp\/v2\/media?parent=524"}],"curies":[{"name":"wp","href":"https:\/\/api.w.org\/{rel}","templated":true}]}}