{"id":528,"date":"2023-12-18T08:24:22","date_gmt":"2023-12-18T08:24:22","guid":{"rendered":"https:\/\/schreibenpro.com\/de\/bewerbungsschreiben-medizinische-fachangestellte-offnen\/"},"modified":"2023-12-18T08:24:22","modified_gmt":"2023-12-18T08:24:22","slug":"bewerbungsschreiben-medizinische-fachangestellte-offnen","status":"publish","type":"page","link":"https:\/\/schreibenpro.com\/de\/bewerbungsschreiben-medizinische-fachangestellte-offnen\/","title":{"rendered":"\u00d6ffnen &#8211; Bewerbungsschreiben Medizinische Fachangestellte"},"content":{"rendered":"\r\n<p class=\"has-text-align-center\">Muster und Vorlage f\u00fcr <strong> Bewerbungsschreiben Medizinische Fachangestellte<\/strong> &#8211; Ausf\u00fcllen und Erstellung  &#8211; \u00d6ffnen im <strong>WORD und PDF<\/strong> Datei und Online<\/p>\r\n\r\n\r\n\r\n\r\n<div class=\"wp-block-image\">\r\n<figure class=\"aligncenter size-large is-resized\"><img loading=\"lazy\" decoding=\"async\" class=\"wp-image-215\" src=\"https:\/\/schreibenpro.com\/de\/wp-content\/uploads\/bewerbungsschreiben-medizinische-fachangestellte-muster-vorlage.jpg\" alt=\"\" width=\"245\" height=\"391\" \/><\/figure>\r\n<\/div>\r\n\r\n\r\n\r\n<hr class=\"wp-block-separator has-alpha-channel-opacity\" \/>\r\n\r\n\r\n\r\n\r\n\r\n<div class=\"su-note\"  style=\"border-color:#e5e5e5;border-radius:10px;-moz-border-radius:10px;-webkit-border-radius:10px;\"><div class=\"su-note-inner su-u-clearfix su-u-trim\" style=\"background-color:#FFFFFF;border-color:#ffffff;color:#333333;border-radius:10px;-moz-border-radius:10px;-webkit-border-radius:10px;\">\r\n\r\n<section id=\"specialParagraph\"><p><strong>An:<\/strong><\/p> <p><strong>Frau\/Herr [Name des Ansprechpartners]<\/strong><\/p> <p><strong>[Name der Praxis\/Klinik]<\/strong><\/p> <p><strong>[Stra\u00dfe und Hausnummer]<\/strong><\/p> <p><strong>[Postleitzahl] [Stadt]<\/strong><\/p>  <p><strong>Betreff: Bewerbung als Medizinische Fachangestellte<\/strong><\/p>  <p><strong>[Stadt], [Datum]<\/strong><\/p>  <p><strong>Sehr geehrte\/r Frau\/Herr [Name des Ansprechpartners],<\/strong><\/p>  <p>hiermit bewerbe ich mich bei Ihnen um eine Stelle als Medizinische Fachangestellte in Ihrer Praxis\/Klinik. Durch meine erfolgreich abgeschlossene Ausbildung zur Medizinischen Fachangestellten und meine bisherigen Berufserfahrungen bin ich bestens f\u00fcr diese Position qualifiziert.<\/p>  <p><strong><u>Warum ich mich bewerbe:<\/u><\/strong><\/p>  <p>Die medizinische Arbeit hat mich schon immer fasziniert und ich habe w\u00e4hrend meiner Ausbildung und bisherigen T\u00e4tigkeit als MFA gro\u00dfe Freude daran gefunden, Patienten in ihrem Genesungsprozess zu unterst\u00fctzen. Besonders ansprechend finde ich die vielf\u00e4ltigen Aufgaben einer Medizinischen Fachangestellten, von der Patientenbetreuung \u00fcber die Administration bis hin zur Assistenz bei medizinischen Eingriffen. Da Ihre Praxis\/Klinik einen ausgezeichneten Ruf hat und ich bereits viel Gutes \u00fcber Sie geh\u00f6rt habe, bin ich sehr daran interessiert, Teil Ihres Teams zu werden.<\/p>  <p><strong><u>Meine Qualifikationen:<\/u><\/strong><\/p>  <p>W\u00e4hrend meiner Ausbildung zur Medizinischen Fachangestellten habe ich umfangreiche Kenntnisse in verschiedenen medizinischen Bereichen erworben. Ich bin mit den g\u00e4ngigen medizinischen Terminologien vertraut und kann eigenst\u00e4ndig Patientendokumentationen erstellen. Durch meine T\u00e4tigkeit in einer Facharztpraxis habe ich Erfahrungen in den Bereichen Terminplanung, Empfang und Verwaltung gesammelt. Zudem beherrsche ich die g\u00e4ngigen Softwareprogramme zur medizinischen Dokumentation und Abrechnung. Ich bin eine zuverl\u00e4ssige, organisierte und teamf\u00e4hige Mitarbeiterin, die sich schnell in neue Aufgaben und Abl\u00e4ufe einarbeiten kann.<\/p>  <p><strong><u>Warum ich zu Ihnen passe:<\/u><\/strong><\/p>  <p>Ich bin \u00fcberzeugt, dass ich sehr gut in Ihr Team passe, da ich mich durch meine freundliche und empathische Art gut auf Patienten einstellen kann. Mein h\u00f6fliches und professionelles Auftreten gegen\u00fcber Patienten und Kollegen ist f\u00fcr mich selbstverst\u00e4ndlich. Als engagierte und verantwortungsbewusste Person bin ich stets darum bem\u00fcht, meinen Aufgabenbereich bestm\u00f6glich zu erf\u00fcllen und mich kontinuierlich weiterzubilden.<\/p>  <p>Ich freue mich darauf, mein Wissen und meine F\u00e4higkeiten in Ihrem Team einzubringen und den Arbeitsalltag mitzugestalten. Aufgrund meiner bisherigen Erfahrungen w\u00fcrde ich es sehr begr\u00fc\u00dfen, wenn ich die M\u00f6glichkeit h\u00e4tte, mich in einem pers\u00f6nlichen Gespr\u00e4ch n\u00e4her vorzustellen.<\/p>  <p>Gerne stehe ich Ihnen f\u00fcr weitere Fragen zur Verf\u00fcgung und freue mich auf Ihre positive R\u00fcckmeldung.<\/p>  <p><strong>Mit freundlichen Gr\u00fc\u00dfen<\/strong><\/p>  <p><strong>[Ihr Name]<\/strong><\/p>  [Kontaktdaten]<\/section><\/div><\/div>\r\n\r\n&nbsp;\r\n\r\n\r\n\r\n\r\n\r\n\r\n<p class=\"has-text-align-center\">Muster und Vorlage f\u00fcr <strong> Bewerbungsschreiben Medizinische Fachangestellte <\/strong> zur Anpassung und Erstellung  im <strong>WORD<\/strong>\u2013 und <strong>PDF-Format<\/strong><\/p>\r\n\r\n\r\n<button id=\"generatePDF\">Erstellen (PDF &#8211; WORD)<\/button>\r\n\r\n\r\n\r\n<hr class=\"wp-block-separator has-alpha-channel-opacity\" \/>\r\n\r\n\r\n\r\n<p style=\"text-align: center;\"><strong>Bewerbungsschreiben Medizinische Fachangestellte<\/strong><\/p>\r\n\r\n<div class=\"wp-block-columns is-layout-flex wp-container-core-columns-is-layout-9d6595d7 wp-block-columns-is-layout-flex\">\r\n\r\n\r\n<div class=\"wp-block-column is-layout-flow wp-block-column-is-layout-flow\"><div class=\"su-button-center\"><a href=\"https:\/\/www.aubi-plus.de\/downloads\/bewerbung\/musterbewerbung\/med-fachangestellte.pdf\" class=\"su-button su-button-style-flat\" style=\"color:#FFFFFF;background-color:#144bb6;border-color:#103c92;border-radius:1px\" target=\"_self\"><span style=\"color:#FFFFFF;padding:0px 24px;font-size:18px;line-height:36px;border-color:#5b81cc;border-radius:1px;text-shadow:none\">   PDF <\/span><\/a><\/div>\n<\/div>\r\n\r\n\r\n\r\n<div class=\"wp-block-column is-layout-flow wp-block-column-is-layout-flow\"><div class=\"su-button-center\"><a href=\"https:\/\/www.azubiyo.de\/media\/6286\/bewerbungsanschreiben_medizinischer-fachangestellter.docx\" class=\"su-button su-button-style-flat\" style=\"color:#FFFFFF;background-color:#144bb6;border-color:#103c92;border-radius:1px\" target=\"_self\"><span style=\"color:#FFFFFF;padding:0px 24px;font-size:18px;line-height:36px;border-color:#5b81cc;border-radius:1px;text-shadow:none\">   DOC<\/span><\/a><\/div>\n<\/div>\r\n\r\n\r\n<\/div>\r\n\r\n\r\n\r\n<p style=\"text-align: center;\"><strong>Beispiele<\/strong><\/p>\r\n\r\n<div class=\"wp-block-columns is-layout-flex wp-container-core-columns-is-layout-9d6595d7 wp-block-columns-is-layout-flex\">\r\n\r\n\r\n<div class=\"wp-block-column is-layout-flow wp-block-column-is-layout-flow\"><div class=\"su-button-center\"><a href=\"https:\/\/www.aubi-plus.de\/downloads\/bewerbung\/musterbewerbung\/med-fachangestellte.pdf\" class=\"su-button su-button-style-flat\" style=\"color:#FFFFFF;background-color:#144bb6;border-color:#103c92;border-radius:1px\" target=\"_self\"><span style=\"color:#FFFFFF;padding:0px 24px;font-size:18px;line-height:36px;border-color:#5b81cc;border-radius:1px;text-shadow:none\">  Beispiel &#8211; 1 <\/span><\/a><\/div>\n<\/div>\r\n\r\n\r\n\r\n<div class=\"wp-block-column is-layout-flow wp-block-column-is-layout-flow\"><div class=\"su-button-center\"><a href=\"https:\/\/awo-ha-mk.de\/sites\/default\/files\/7\/dokumente\/familien\/Bewerbung_1-Arbeitsstelle.pdf\" class=\"su-button su-button-style-flat\" style=\"color:#FFFFFF;background-color:#144bb6;border-color:#103c92;border-radius:1px\" target=\"_self\"><span style=\"color:#FFFFFF;padding:0px 24px;font-size:18px;line-height:36px;border-color:#5b81cc;border-radius:1px;text-shadow:none\">  Beispiel &#8211; 2 <\/span><\/a><\/div>\n<\/div>\r\n\r\n\r\n<\/div>\r\n\r\n\r\n<hr class=\"wp-block-separator has-alpha-channel-opacity\" \/>\r\n\r\n\r\n\r\n<div class=\"wp-block-columns is-layout-flex wp-container-core-columns-is-layout-9d6595d7 wp-block-columns-is-layout-flex\">\r\n\r\n\r\n<div class=\"wp-block-column is-layout-flow wp-block-column-is-layout-flow\"><div class=\"su-button-center\"><a href=\"https:\/\/bewerbung.co\/wp-content\/uploads\/2015\/12\/bewerbungsschreiben-medizinische-fachangestellte-medizinischer-fachangestellter.pdf\" class=\"su-button su-button-style-flat\" style=\"color:#FFFFFF;background-color:#144bb6;border-color:#103c92;border-radius:1px\" target=\"_self\"><span style=\"color:#FFFFFF;padding:0px 24px;font-size:18px;line-height:36px;border-color:#5b81cc;border-radius:1px;text-shadow:none\">  Beispiel &#8211; 3 <\/span><\/a><\/div>\n<\/div>\r\n\r\n\r\n\r\n<div class=\"wp-block-column is-layout-flow wp-block-column-is-layout-flow\"><div class=\"su-button-center\"><a href=\"https:\/\/www.aubi-plus.de\/downloads\/bewerbung\/musterbewerbung\/med-fachangestellte.pdf\" class=\"su-button su-button-style-flat\" style=\"color:#FFFFFF;background-color:#144bb6;border-color:#103c92;border-radius:1px\" target=\"_self\"><span style=\"color:#FFFFFF;padding:0px 24px;font-size:18px;line-height:36px;border-color:#5b81cc;border-radius:1px;text-shadow:none\">  Beispiel &#8211; 4 <\/span><\/a><\/div>\n<\/div>\r\n\r\n\r\n<\/div>\r\n\r\n\r\n<hr class=\"wp-block-separator has-alpha-channel-opacity\" \/>\r\n\r\n<!-- \/wp:post-content -->\r\n\r\n<!-- wp:table {\"align\":\"center\"} -->\r\n<figure class=\"wp-block-table aligncenter\">\r\n<table>\r\n<tbody>\r\n<tr>\r\n<td style=\"text-align: center;\">Bewerbungsschreiben Medizinische Fachangestellte<\/td>\r\n<\/tr>\r\n<tr>\r\n<td style=\"text-align: center;\">PDF &#8211; WORD Datei<\/td>\r\n<\/tr>\r\n<tr>\r\n<td style=\"text-align: center;\">Bewertung: \u2b50\u2b50\u2b50\u2b50\u2b50 4.6<\/td>\r\n<\/tr>\r\n<tr>\r\n<td style=\"text-align: center;\">Ergebnisse &#8211; 7176<\/td>\r\n<\/tr>\r\n<\/tbody>\r\n<\/table>\r\n<\/figure>\r\n<!-- \/wp:table -->\r\n\r\n<!-- wp:separator -->\r\n\r\n<hr class=\"wp-block-separator has-alpha-channel-opacity\" \/>\r\n\r\n<!-- \/wp:separator -->\r\n\r\n<div class=\"su-note\"  style=\"border-color:#e5e5e5;border-radius:10px;-moz-border-radius:10px;-webkit-border-radius:10px;\"><div class=\"su-note-inner su-u-clearfix su-u-trim\" style=\"background-color:#FFFFFF;border-color:#ffffff;color:#333333;border-radius:10px;-moz-border-radius:10px;-webkit-border-radius:10px;\">\r\n\r\n<p>Ein Bewerbungsschreiben ist eine wichtige Dokumentation, um sich f\u00fcr eine Stelle als Medizinische Fachangestellte zu bewerben. Es ist entscheidend, dass der Brief gut strukturiert, professionell und \u00fcberzeugend verfasst ist. In dieser Anleitung werden die Schritte und Bestandteile eines Bewerbungsschreibens f\u00fcr eine Position als Medizinische Fachangestellte ausf\u00fchrlich erl\u00e4utert.<\/p>  <h3>Schritt 1: Betreffzeile<\/h3>  <p>Die Betreffzeile gibt an, um welche Position Sie sich bewerben. Es ist wichtig, klar und pr\u00e4zise zu sein, um das Interesse des Arbeitgebers zu wecken. Beispiel:<\/p>  <pre> <strong>Bewerbung als Medizinische Fachangestellte<\/strong> <\/pre>  <h3>Schritt 2: Absenderadresse<\/h3>  <p>Die Absenderadresse enth\u00e4lt Ihren Namen, Ihre Adresse, Ihre Telefonnummer und Ihre E-Mail-Adresse. Beispiel:<\/p>  <pre> <b>Max Mustermann<\/b> <b>Musterstra\u00dfe 1<\/b> <b>12345 Musterstadt<\/b> <b>Tel: 0123456789<\/b> <b>E-Mail: max.mustermann@example.com<\/b> <\/pre>  <h3>Schritt 3: Empf\u00e4ngeradresse<\/h3>  <p>Die Empf\u00e4ngeradresse enth\u00e4lt den Namen und die Adresse des Arbeitgebers. Beispiel:<\/p>  <pre> <b>Klinik Musterstadt<\/b> <b>Z.Hd. Frau Dr. M\u00fcller<\/b> <b>Musterstra\u00dfe 2<\/b> <b>12345 Musterstadt<\/b> <\/pre>  <h3>Schritt 4: Datum<\/h3>  <p>Das Datum wird unter der Empf\u00e4ngeradresse angegeben. Beispiel:<\/p>  <pre> <b>15. Mai 2021<\/b> <\/pre>  <h3>Schritt 5: Anrede<\/h3>  <p>Die Anrede sollte pers\u00f6nlich und respektvoll sein. Wenn m\u00f6glich, versuchen Sie, den Namen des zust\u00e4ndigen Ansprechpartners herauszufinden. Beispiel:<\/p>  <pre> <b>Sehr geehrte Frau Dr. M\u00fcller,<\/b> <\/pre>  <h3>Schritt 6: Einleitung<\/h3>  <p>Die Einleitung sollte den Grund f\u00fcr Ihre Bewerbung klar darlegen. Geben Sie an, wie Sie auf die Stellenausschreibung aufmerksam geworden sind und warum Sie sich f\u00fcr die Position als Medizinische Fachangestellte interessieren. Beispiel:<\/p>  <pre> <b>mit gro\u00dfem Interesse habe ich Ihre Stellenausschreibung f\u00fcr die Position als Medizinische Fachangestellte gelesen und m\u00f6chte mich hiermit gerne bewerben.<\/b> <\/pre>  <h3>Schritt 7: Hauptteil<\/h3>  <p>Im Hauptteil k\u00f6nnen Sie Ihre Erfahrungen, F\u00e4higkeiten und Qualifikationen hervorheben, die Sie f\u00fcr die Stelle als Medizinische Fachangestellte qualifizieren. Gehen Sie auf relevante Ausbildungen, Praktika oder besondere Kenntnisse ein. Verkn\u00fcpfen Sie diese Informationen mit den Anforderungen, die in der Stellenausschreibung genannt werden. Beispiel:<\/p>  <pre> <b>In meiner Ausbildung zur Medizinischen Fachangestellten konnte ich umfangreiche Kenntnisse in den Bereichen Patientenbetreuung, Terminvergabe und medizinische Dokumentation erlangen. Durch meine Praktika in verschiedenen medizinischen Einrichtungen konnte ich meine F\u00e4higkeiten in der Blutentnahme, Befundung von Laborproben und assistierenden T\u00e4tigkeiten bei medizinischen Untersuchungen weiterentwickeln.<\/b>  <b>Ich bin vertraut mit dem Umgang von medizinischen Ger\u00e4ten und besitze gute Kenntnisse in der Hygienevorschrift. Dar\u00fcber hinaus bin ich teamorientiert, zuverl\u00e4ssig und kommunikationsstark. Ich bin an einer langfristigen Zusammenarbeit und Weiterentwicklung interessiert und sehe mich durch meine Erfahrungen und Motivation gut auf die Position als Medizinische Fachangestellte in Ihrer Klinik vorbereitet.<\/b> <\/pre>  <h3>Schritt 8: Schluss<\/h3>  <p>Im Schlussteil k\u00f6nnen Sie nochmals Ihr Interesse f\u00fcr die Stelle bekunden und auf eine positive R\u00fcckmeldung hoffen. Geben Sie an, dass Sie bei R\u00fcckfragen gerne zur Verf\u00fcgung stehen und sich \u00fcber eine Einladung zu einem pers\u00f6nlichen Gespr\u00e4ch freuen w\u00fcrden. Beispiel:<\/p>  <pre> <b>\u00dcber eine Einladung zu einem pers\u00f6nlichen Gespr\u00e4ch w\u00fcrde ich mich sehr freuen. Gerne stehe ich Ihnen f\u00fcr weitere Fragen und Informationen zur Verf\u00fcgung. Vielen Dank f\u00fcr Ihre Zeit und die Ber\u00fccksichtigung meiner Bewerbung.<\/b> <\/pre>  <h3>Schritt 9: Gru\u00dfformel<\/h3>  <p>Die Gru\u00dfformel sollte h\u00f6flich und respektvoll sein. Beispiel:<\/p>  <pre> <b>Mit freundlichen Gr\u00fc\u00dfen,<\/b> <\/pre>  <h3>Schritt 10: Unterschrift<\/h3>  <p>Unter der Gru\u00dfformel sollten Sie Ihre Unterschrift setzen. Beispiel:<\/p>  <pre> <b>Max Mustermann<\/b> <\/pre>  <h3>Schritt 11: Anlagen<\/h3>  <p>Unter dem eigentlichen Brief k\u00f6nnen Sie noch angeben, welche Dokumente Sie der Bewerbung beilegen. Beispiel:<\/p>  <pre> <b>Anlagen:<\/b> <b>Lebenslauf<\/b> <b>Abschlusszeugnis<\/b> <b>Praktikumsbescheinigungen<\/b> <\/pre>  <h3>Schritt 12: Korrekturlesen<\/h3>  <p>Bevor Sie den Brief abschicken, sollten Sie ihn gr\u00fcndlich auf Rechtschreib- und Grammatikfehler sowie auf eine klare und pr\u00e4zise Formulierung \u00fcberpr\u00fcfen. Lesen Sie ihn mehrmals gr\u00fcndlich durch oder lassen Sie ihn von einer anderen Person korrekturlesen, um m\u00f6gliche Fehler zu eliminieren.<\/p>  <h3>Zusammenfassung<\/h3>  <p>Eine Bewerbung als Medizinische Fachangestellte erfordert ein gut strukturiertes, professionelles und \u00fcberzeugendes Bewerbungsschreiben. Die optimale Gliederung umfasst Betreffzeile, Absenderadresse, Empf\u00e4ngeradresse, Datum, Anrede, Einleitung, Hauptteil, Schluss, Gru\u00dfformel, Unterschrift, Anlagen und Korrekturlesen. Beachten Sie, dass dieses Muster nur als Orientierung dient und Sie den Brief entsprechend Ihrer pers\u00f6nlichen Erfahrungen und Qualifikationen anpassen sollten.<\/p>\r\n\r\n<\/div><\/div>\r\n\r\n<!-- wp:separator -->\r\n\r\n<hr class=\"wp-block-separator has-alpha-channel-opacity\" \/>","protected":false},"excerpt":{"rendered":"<p>Muster und Vorlage f\u00fcr Bewerbungsschreiben Medizinische Fachangestellte &#8211; Ausf\u00fcllen und Erstellung &#8211; \u00d6ffnen im WORD und PDF Datei und Online &#8230; <\/p>\n<p class=\"read-more-container\"><a title=\"\u00d6ffnen &#8211; Bewerbungsschreiben Medizinische Fachangestellte\" class=\"read-more button\" href=\"https:\/\/schreibenpro.com\/de\/bewerbungsschreiben-medizinische-fachangestellte-offnen\/#more-528\" aria-label=\"Mehr zu \u00d6ffnen &#8211; Bewerbungsschreiben Medizinische Fachangestellte\">\u00d6FFNEN <\/a><\/p>\n","protected":false},"author":1,"featured_media":0,"parent":0,"menu_order":0,"comment_status":"closed","ping_status":"closed","template":"","meta":{"footnotes":""},"class_list":{"0":"post-528","1":"page","2":"type-page","3":"status-publish","5":"infinite-scroll-item"},"yoast_head":"<!-- This site is optimized with the Yoast SEO plugin v24.6 - https:\/\/yoast.com\/wordpress\/plugins\/seo\/ -->\n<title>\u00d6ffnen - Bewerbungsschreiben Medizinische Fachangestellte - Schreiben PRO<\/title>\n<meta name=\"robots\" content=\"noindex, follow\" \/>\n<meta property=\"og:locale\" content=\"de_DE\" \/>\n<meta property=\"og:type\" content=\"article\" \/>\n<meta property=\"og:title\" content=\"\u00d6ffnen - Bewerbungsschreiben Medizinische Fachangestellte - Schreiben PRO\" \/>\n<meta property=\"og:description\" content=\"Muster und Vorlage f\u00fcr Bewerbungsschreiben Medizinische Fachangestellte &#8211; Ausf\u00fcllen und Erstellung &#8211; \u00d6ffnen im WORD und PDF Datei und Online ... \u00d6FFNEN\" \/>\n<meta property=\"og:url\" content=\"https:\/\/schreibenpro.com\/de\/bewerbungsschreiben-medizinische-fachangestellte-offnen\/\" \/>\n<meta property=\"og:site_name\" content=\"Schreiben PRO\" \/>\n<meta property=\"og:image\" content=\"https:\/\/schreibenpro.com\/de\/wp-content\/uploads\/bewerbungsschreiben-medizinische-fachangestellte-muster-vorlage.jpg\" \/>\n<meta name=\"twitter:card\" content=\"summary_large_image\" \/>\n<meta name=\"twitter:label1\" content=\"Gesch\u00e4tzte Lesezeit\" \/>\n\t<meta name=\"twitter:data1\" content=\"1\u00a0Minute\" \/>\n<!-- \/ Yoast SEO plugin. -->","yoast_head_json":{"title":"\u00d6ffnen - Bewerbungsschreiben Medizinische Fachangestellte - Schreiben PRO","robots":{"index":"noindex","follow":"follow"},"og_locale":"de_DE","og_type":"article","og_title":"\u00d6ffnen - Bewerbungsschreiben Medizinische Fachangestellte - Schreiben PRO","og_description":"Muster und Vorlage f\u00fcr Bewerbungsschreiben Medizinische Fachangestellte &#8211; Ausf\u00fcllen und Erstellung &#8211; \u00d6ffnen im WORD und PDF Datei und Online ... \u00d6FFNEN","og_url":"https:\/\/schreibenpro.com\/de\/bewerbungsschreiben-medizinische-fachangestellte-offnen\/","og_site_name":"Schreiben PRO","og_image":[{"url":"https:\/\/schreibenpro.com\/de\/wp-content\/uploads\/bewerbungsschreiben-medizinische-fachangestellte-muster-vorlage.jpg","type":"","width":"","height":""}],"twitter_card":"summary_large_image","twitter_misc":{"Gesch\u00e4tzte Lesezeit":"1\u00a0Minute"},"schema":{"@context":"https:\/\/schema.org","@graph":[{"@type":"WebPage","@id":"https:\/\/schreibenpro.com\/de\/bewerbungsschreiben-medizinische-fachangestellte-offnen\/","url":"https:\/\/schreibenpro.com\/de\/bewerbungsschreiben-medizinische-fachangestellte-offnen\/","name":"\u00d6ffnen - Bewerbungsschreiben Medizinische Fachangestellte - Schreiben PRO","isPartOf":{"@id":"https:\/\/schreibenpro.com\/de\/#website"},"primaryImageOfPage":{"@id":"https:\/\/schreibenpro.com\/de\/bewerbungsschreiben-medizinische-fachangestellte-offnen\/#primaryimage"},"image":{"@id":"https:\/\/schreibenpro.com\/de\/bewerbungsschreiben-medizinische-fachangestellte-offnen\/#primaryimage"},"thumbnailUrl":"https:\/\/schreibenpro.com\/de\/wp-content\/uploads\/bewerbungsschreiben-medizinische-fachangestellte-muster-vorlage.jpg","datePublished":"2023-12-18T08:24:22+00:00","breadcrumb":{"@id":"https:\/\/schreibenpro.com\/de\/bewerbungsschreiben-medizinische-fachangestellte-offnen\/#breadcrumb"},"inLanguage":"de","potentialAction":[{"@type":"ReadAction","target":["https:\/\/schreibenpro.com\/de\/bewerbungsschreiben-medizinische-fachangestellte-offnen\/"]}]},{"@type":"ImageObject","inLanguage":"de","@id":"https:\/\/schreibenpro.com\/de\/bewerbungsschreiben-medizinische-fachangestellte-offnen\/#primaryimage","url":"https:\/\/schreibenpro.com\/de\/wp-content\/uploads\/anschreiben-zum-angebot-muster-vorlage.jpg","contentUrl":"https:\/\/schreibenpro.com\/de\/wp-content\/uploads\/anschreiben-zum-angebot-muster-vorlage.jpg","width":1410,"height":2250},{"@type":"BreadcrumbList","@id":"https:\/\/schreibenpro.com\/de\/bewerbungsschreiben-medizinische-fachangestellte-offnen\/#breadcrumb","itemListElement":[{"@type":"ListItem","position":1,"name":"Portada","item":"https:\/\/schreibenpro.com\/de\/"},{"@type":"ListItem","position":2,"name":"\u00d6ffnen &#8211; Bewerbungsschreiben Medizinische Fachangestellte"}]},{"@type":"WebSite","@id":"https:\/\/schreibenpro.com\/de\/#website","url":"https:\/\/schreibenpro.com\/de\/","name":"Schreiben PRO","description":"Muster und Vorlage","publisher":{"@id":"https:\/\/schreibenpro.com\/de\/#organization"},"potentialAction":[{"@type":"SearchAction","target":{"@type":"EntryPoint","urlTemplate":"https:\/\/schreibenpro.com\/de\/?s={search_term_string}"},"query-input":{"@type":"PropertyValueSpecification","valueRequired":true,"valueName":"search_term_string"}}],"inLanguage":"de"},{"@type":"Organization","@id":"https:\/\/schreibenpro.com\/de\/#organization","name":"Schreiben PRO","url":"https:\/\/schreibenpro.com\/de\/","logo":{"@type":"ImageObject","inLanguage":"de","@id":"https:\/\/schreibenpro.com\/de\/#\/schema\/logo\/image\/","url":"https:\/\/schreibenpro.com\/de\/wp-content\/uploads\/cropped-fav.png","contentUrl":"https:\/\/schreibenpro.com\/de\/wp-content\/uploads\/cropped-fav.png","width":512,"height":512,"caption":"Schreiben PRO"},"image":{"@id":"https:\/\/schreibenpro.com\/de\/#\/schema\/logo\/image\/"}}]}},"_links":{"self":[{"href":"https:\/\/schreibenpro.com\/de\/wp-json\/wp\/v2\/pages\/528","targetHints":{"allow":["GET"]}}],"collection":[{"href":"https:\/\/schreibenpro.com\/de\/wp-json\/wp\/v2\/pages"}],"about":[{"href":"https:\/\/schreibenpro.com\/de\/wp-json\/wp\/v2\/types\/page"}],"author":[{"embeddable":true,"href":"https:\/\/schreibenpro.com\/de\/wp-json\/wp\/v2\/users\/1"}],"replies":[{"embeddable":true,"href":"https:\/\/schreibenpro.com\/de\/wp-json\/wp\/v2\/comments?post=528"}],"version-history":[{"count":0,"href":"https:\/\/schreibenpro.com\/de\/wp-json\/wp\/v2\/pages\/528\/revisions"}],"wp:attachment":[{"href":"https:\/\/schreibenpro.com\/de\/wp-json\/wp\/v2\/media?parent=528"}],"curies":[{"name":"wp","href":"https:\/\/api.w.org\/{rel}","templated":true}]}}