{"id":531,"date":"2023-12-18T08:24:23","date_gmt":"2023-12-18T08:24:23","guid":{"rendered":"https:\/\/schreibenpro.com\/de\/bewerbungsschreiben-wiedereinstieg-in-erlernten-beruf-offnen\/"},"modified":"2023-12-18T08:24:23","modified_gmt":"2023-12-18T08:24:23","slug":"bewerbungsschreiben-wiedereinstieg-in-erlernten-beruf-offnen","status":"publish","type":"page","link":"https:\/\/schreibenpro.com\/de\/bewerbungsschreiben-wiedereinstieg-in-erlernten-beruf-offnen\/","title":{"rendered":"\u00d6ffnen &#8211; Bewerbungsschreiben Wiedereinstieg In Erlernten Beruf"},"content":{"rendered":"\r\n<p class=\"has-text-align-center\">Muster und Vorlage f\u00fcr <strong> Bewerbungsschreiben Wiedereinstieg In Erlernten Beruf<\/strong> &#8211; Erstellung und Ausf\u00fcllen &#8211; \u00d6ffnen im <strong>WORD und PDF<\/strong> Datei und Online<\/p>\r\n\r\n\r\n\r\n\r\n<div class=\"wp-block-image\">\r\n<figure class=\"aligncenter size-large is-resized\"><img loading=\"lazy\" decoding=\"async\" class=\"wp-image-215\" src=\"https:\/\/schreibenpro.com\/de\/wp-content\/uploads\/bewerbungsschreiben-wiedereinstieg-in-erlernten-beruf-muster-vorlage.jpg\" alt=\"\" width=\"245\" height=\"391\" \/><\/figure>\r\n<\/div>\r\n\r\n\r\n\r\n<hr class=\"wp-block-separator has-alpha-channel-opacity\" \/>\r\n\r\n\r\n\r\n\r\n\r\n<div class=\"su-note\"  style=\"border-color:#e5e5e5;border-radius:10px;-moz-border-radius:10px;-webkit-border-radius:10px;\"><div class=\"su-note-inner su-u-clearfix su-u-trim\" style=\"background-color:#FFFFFF;border-color:#ffffff;color:#333333;border-radius:10px;-moz-border-radius:10px;-webkit-border-radius:10px;\">\r\n\r\n<section id=\"specialParagraph\"><p><strong>Ihre Adresse<\/strong><br> Vorname Nachname<br> Stra\u00dfe Nr.<br> PLZ Ort<br> Telefonnummer<br> E-Mail-Adresse<\/p>  <p><strong>Unternehmensadresse<\/strong><br> Unternehmen XY<br> Ansprechpartner<br> Stra\u00dfe Nr.<br> PLZ Ort<\/p>  <p><strong>Bewerbung als [gew\u00fcnschte Stelle]<\/strong><\/p>  <p>Sehr geehrte Damen und Herren, <\/p>  <p>mit gro\u00dfem Interesse habe ich Ihre Stellenanzeige f\u00fcr die Position [gew\u00fcnschte Stelle] gelesen. Sehr gerne bewerbe ich mich hiermit um diese Stelle in Ihrem Unternehmen.<\/p>  <p><strong>Einleitung:<\/strong><\/p>  <p>Nach einer l\u00e4ngeren Pause, bedingt durch meine Elternzeit, beabsichtige ich nun, wieder in meinen erlernten Beruf einzusteigen. Durch meine vorherige T\u00e4tigkeit als [berufliche T\u00e4tigkeit] konnte ich bereits umfangreiche Erfahrungen sammeln und bin motiviert, meine Kenntnisse und F\u00e4higkeiten wieder einzusetzen. Ihr Unternehmen ist f\u00fcr mich besonders interessant, da es in [branche] spezialisiert ist und ich mir vorstellen kann, einen wertvollen Beitrag zu leisten.<\/p>  <p><strong>Hauptteil:<\/strong><\/p>  <p>Im folgenden Abschnitt m\u00f6chte ich Ihnen meine Qualifikationen und Erfahrungen n\u00e4her vorstellen:<\/p>  <dl> <dt>Berufliche Erfahrungen:<\/dt> <dd>W\u00e4hrend meiner vorherigen T\u00e4tigkeit als [berufliche T\u00e4tigkeit] war ich f\u00fcr [Aufgabenbereich] verantwortlich. Dabei konnte ich umfassende Kenntnisse in [spezifische F\u00e4higkeiten] erwerben und mich in [branche] weiterentwickeln.<\/dd> <dt>Einleitung neuer Technologien:<\/dt> <dd>In meiner Elternzeit habe ich aktiv an Weiterbildungen teilgenommen und mich \u00fcber die neuesten Entwicklungen in meiner Branche informiert. So konnte ich meine Kenntnisse in den Bereichen [spezifische Kenntnisse] erweitern und bin bereit, diese auch in der Praxis einzusetzen.<\/dd> <dt>Teamarbeit und F\u00fchrung:<\/dt> <dd>In meiner vorherigen Position hatte ich die M\u00f6glichkeit, ein Team von [Anzahl] Mitarbeitern zu leiten und erfolgreich zu motivieren. Ich zeichne mich durch eine ausgepr\u00e4gte Teamf\u00e4higkeit aus und kann sowohl eigenverantwortlich als auch im Team effektiv arbeiten.<\/dd> <dt>Kommunikation:<\/dt> <dd>Ein weiterer wichtiger Aspekt meiner Arbeit war die Kommunikation mit Kunden und Gesch\u00e4ftspartnern. Dabei konnte ich meine guten kommunikativen F\u00e4higkeiten unter Beweis stellen und erfolgreich Verhandlungen f\u00fchren.<\/dd> <\/dl>  <p><strong>Schluss:<\/strong><\/p>  <p>Ich bin davon \u00fcberzeugt, dass meine langj\u00e4hrigen Berufserfahrungen, mein Wissen in [branche] und meine Motivation einen guten Beitrag zu Ihrem Unternehmen leisten k\u00f6nnen. \u00dcber die M\u00f6glichkeit, meine F\u00e4higkeiten in einem pers\u00f6nlichen Gespr\u00e4ch weiter zu erl\u00e4utern, w\u00fcrde ich mich sehr freuen. Gerne stehe ich Ihnen f\u00fcr R\u00fcckfragen zur Verf\u00fcgung.<\/p>  <p>Mit freundlichen Gr\u00fc\u00dfen<br> Vorname Nachname<\/p><\/section><\/div><\/div>\r\n\r\n&nbsp;\r\n\r\n\r\n\r\n\r\n\r\n\r\n<p class=\"has-text-align-center\">Vorlage und Muster f\u00fcr <strong> Bewerbungsschreiben Wiedereinstieg In Erlernten Beruf <\/strong> zur Erstellung und Anpassung im <strong>WORD<\/strong>\u2013 und <strong>PDF-Format<\/strong><\/p>\r\n\r\n\r\n<button id=\"generatePDF\">Erstellen (PDF &#8211; WORD)<\/button>\r\n\r\n\r\n\r\n<hr class=\"wp-block-separator has-alpha-channel-opacity\" \/>\r\n\r\n\r\n\r\n<p style=\"text-align: center;\"><strong>Bewerbungsschreiben Wiedereinstieg In Erlernten Beruf<\/strong><\/p>\r\n\r\n<div class=\"wp-block-columns is-layout-flex wp-container-core-columns-is-layout-9d6595d7 wp-block-columns-is-layout-flex\">\r\n\r\n\r\n<div class=\"wp-block-column is-layout-flow wp-block-column-is-layout-flow\"><div class=\"su-button-center\"><a href=\"https:\/\/www.jobcenterkaiserslautern.de\/wp-content\/uploads\/Bewerbungstipps-fuer-Frauen-Oktober-2015.pdf\" class=\"su-button su-button-style-flat\" style=\"color:#FFFFFF;background-color:#144bb6;border-color:#103c92;border-radius:1px\" target=\"_self\"><span style=\"color:#FFFFFF;padding:0px 24px;font-size:18px;line-height:36px;border-color:#5b81cc;border-radius:1px;text-shadow:none\">   PDF <\/span><\/a><\/div>\n<\/div>\r\n\r\n\r\n\r\n<div class=\"wp-block-column is-layout-flow wp-block-column-is-layout-flow\"><div class=\"su-button-center\"><a href=\"https:\/\/www.jobcenterkaiserslautern.de\/wp-content\/uploads\/Bewerbungstipps-fuer-Frauen-Oktober-2015.pdf\" class=\"su-button su-button-style-flat\" style=\"color:#FFFFFF;background-color:#144bb6;border-color:#103c92;border-radius:1px\" target=\"_self\"><span style=\"color:#FFFFFF;padding:0px 24px;font-size:18px;line-height:36px;border-color:#5b81cc;border-radius:1px;text-shadow:none\">   DOC<\/span><\/a><\/div>\n<\/div>\r\n\r\n\r\n<\/div>\r\n\r\n\r\n\r\n<p style=\"text-align: center;\"><strong>Beispiele<\/strong><\/p>\r\n\r\n<div class=\"wp-block-columns is-layout-flex wp-container-core-columns-is-layout-9d6595d7 wp-block-columns-is-layout-flex\">\r\n\r\n\r\n<div class=\"wp-block-column is-layout-flow wp-block-column-is-layout-flow\"><div class=\"su-button-center\"><a href=\"https:\/\/www.domino1.stuttgart.de\/web\/ob-icg\/wiedereinstieg.nsf\/f8ee7f5e63890749c1257093002e9c8e\/db4b5fc9651a76e6c1257b6b00457c08\/$FILE\/WN-Wiedereinstiegsberaterin.pdf\" class=\"su-button su-button-style-flat\" style=\"color:#FFFFFF;background-color:#144bb6;border-color:#103c92;border-radius:1px\" target=\"_self\"><span style=\"color:#FFFFFF;padding:0px 24px;font-size:18px;line-height:36px;border-color:#5b81cc;border-radius:1px;text-shadow:none\">  Beispiel &#8211; 1 <\/span><\/a><\/div>\n<\/div>\r\n\r\n\r\n\r\n<div class=\"wp-block-column is-layout-flow wp-block-column-is-layout-flow\"><div class=\"su-button-center\"><a href=\"https:\/\/www.arbeitsagentur.de\/vor-ort\/datei\/bca-wiedereinstieg-r_ba123657.pdf\" class=\"su-button su-button-style-flat\" style=\"color:#FFFFFF;background-color:#144bb6;border-color:#103c92;border-radius:1px\" target=\"_self\"><span style=\"color:#FFFFFF;padding:0px 24px;font-size:18px;line-height:36px;border-color:#5b81cc;border-radius:1px;text-shadow:none\">  Beispiel &#8211; 2 <\/span><\/a><\/div>\n<\/div>\r\n\r\n\r\n<\/div>\r\n\r\n\r\n<hr class=\"wp-block-separator has-alpha-channel-opacity\" \/>\r\n\r\n\r\n\r\n<div class=\"wp-block-columns is-layout-flex wp-container-core-columns-is-layout-9d6595d7 wp-block-columns-is-layout-flex\">\r\n\r\n\r\n<div class=\"wp-block-column is-layout-flow wp-block-column-is-layout-flow\"><div class=\"su-button-center\"><a href=\"https:\/\/www.bmfsfj.de\/resource\/blob\/186338\/c3c06f5f4f6def26726bd63bc8953fbc\/perspektive-wiedereinstieg-abschlussveroeffentlichung-data.pdf\" class=\"su-button su-button-style-flat\" style=\"color:#FFFFFF;background-color:#144bb6;border-color:#103c92;border-radius:1px\" target=\"_self\"><span style=\"color:#FFFFFF;padding:0px 24px;font-size:18px;line-height:36px;border-color:#5b81cc;border-radius:1px;text-shadow:none\">  Beispiel &#8211; 3 <\/span><\/a><\/div>\n<\/div>\r\n\r\n\r\n\r\n<div class=\"wp-block-column is-layout-flow wp-block-column-is-layout-flow\"><div class=\"su-button-center\"><a href=\"https:\/\/www.jobcenterkaiserslautern.de\/wp-content\/uploads\/Bewerbungstipps-fuer-Frauen-Oktober-2015.pdf\" class=\"su-button su-button-style-flat\" style=\"color:#FFFFFF;background-color:#144bb6;border-color:#103c92;border-radius:1px\" target=\"_self\"><span style=\"color:#FFFFFF;padding:0px 24px;font-size:18px;line-height:36px;border-color:#5b81cc;border-radius:1px;text-shadow:none\">  Beispiel &#8211; 4 <\/span><\/a><\/div>\n<\/div>\r\n\r\n\r\n<\/div>\r\n\r\n\r\n<hr class=\"wp-block-separator has-alpha-channel-opacity\" \/>\r\n\r\n<!-- \/wp:post-content -->\r\n\r\n<!-- wp:table {\"align\":\"center\"} -->\r\n<figure class=\"wp-block-table aligncenter\">\r\n<table>\r\n<tbody>\r\n<tr>\r\n<td style=\"text-align: center;\">Bewerbungsschreiben Wiedereinstieg In Erlernten Beruf<\/td>\r\n<\/tr>\r\n<tr>\r\n<td style=\"text-align: center;\">PDF &#8211; WORD Datei<\/td>\r\n<\/tr>\r\n<tr>\r\n<td style=\"text-align: center;\">Bewertung: \u2b50\u2b50\u2b50\u2b50\u2b50 4.17<\/td>\r\n<\/tr>\r\n<tr>\r\n<td style=\"text-align: center;\">Ergebnisse &#8211; 6753<\/td>\r\n<\/tr>\r\n<\/tbody>\r\n<\/table>\r\n<\/figure>\r\n<!-- \/wp:table -->\r\n\r\n<!-- wp:separator -->\r\n\r\n<hr class=\"wp-block-separator has-alpha-channel-opacity\" \/>\r\n\r\n<!-- \/wp:separator -->\r\n\r\n<div class=\"su-note\"  style=\"border-color:#e5e5e5;border-radius:10px;-moz-border-radius:10px;-webkit-border-radius:10px;\"><div class=\"su-note-inner su-u-clearfix su-u-trim\" style=\"background-color:#FFFFFF;border-color:#ffffff;color:#333333;border-radius:10px;-moz-border-radius:10px;-webkit-border-radius:10px;\">\r\n\r\n<p>Ein Bewerbungsschreiben f\u00fcr den Wiedereinstieg in den erlernten Beruf erfordert sorgf\u00e4ltige Planung und Vorbereitung. Ein gut geschriebenes Bewerbungsschreiben kann den Unterschied machen und Ihre Chancen erh\u00f6hen, zu einem Vorstellungsgespr\u00e4ch eingeladen zu werden. In dieser Anleitung werden wir die verschiedenen Schritte und Bestandteile eines effektiven Bewerbungsschreibens erl\u00e4utern und Ihnen Tipps und Beispiele geben, wie Sie Ihr Schreiben optimieren k\u00f6nnen.<\/p>  <h3>Einleitung<\/h3>  <p>Die Einleitung ist der erste Abschnitt Ihres Bewerbungsschreibens und sollte das Interesse des Lesers wecken. Hier sollten Sie angeben, wie Sie von der Stellenausschreibung erfahren haben und warum Sie sich f\u00fcr die Position interessieren.<\/p>  <p><strong>Tipp:<\/strong> Vermeiden Sie lange Einleitungen und kommen Sie direkt auf den Punkt. Der Leser m\u00f6chte wissen, warum Sie sich bewerben und was Sie von anderen Bewerbern unterscheidet.<\/p>  <h4>Beispiel f\u00fcr die Einleitung:<\/h4>  <p><b>Sehr geehrter Herr\/Frau [Nachname des Ansprechpartners],<\/b><\/p>  <p>Ich habe mit gro\u00dfem Interesse Ihre Stellenausschreibung f\u00fcr die Position als [Position] gelesen, die am [Datum] auf [Quelle] ver\u00f6ffentlicht wurde. Als erfahrene [Berufsbezeichnung] mit einer Leidenschaft f\u00fcr [Fachgebiet] bin ich sehr daran interessiert, meine Karriere in diesem Bereich fortzusetzen und meine F\u00e4higkeiten in Ihrem Unternehmen einzubringen.<\/p>  <h3>Hauptteil<\/h3>  <p>Der Hauptteil Ihres Bewerbungsschreibens bietet Ihnen die M\u00f6glichkeit, Ihre relevanten F\u00e4higkeiten, Erfahrungen und Erfolge hervorzuheben. Hier sollten Sie die Anforderungen der Stellenanzeige mit Ihren eigenen Qualifikationen abgleichen und darauf eingehen, wie Sie diese erf\u00fcllen.<\/p>  <p><strong>Tipp:<\/strong> Verwenden Sie klare und pr\u00e4gnante S\u00e4tze, um Ihre Punkte zu vermitteln. Vermeiden Sie es, zu sehr ins Detail zu gehen und bleiben Sie auf den Punkt. \u00dcberpr\u00fcfen Sie Ihre Rechtschreibung und Grammatik sorgf\u00e4ltig.<\/p>  <h4>Beispiel f\u00fcr den Hauptteil:<\/h4>  <p><b>Im Laufe meiner [Anzahl Jahre] Jahre Erfahrung als [Berufsbezeichnung] habe ich umfangreiche Kenntnisse in [F\u00e4higkeit 1], [F\u00e4higkeit 2] und [F\u00e4higkeit 3] entwickelt. W\u00e4hrend meiner letzten Anstellung bei [vorheriges Unternehmen] war ich verantwortlich f\u00fcr [Aufgaben und Verantwortlichkeiten], bei denen ich erfolgreich [Erfolg 1], [Erfolg 2] und [Erfolg 3] erreicht habe.<\/b><\/p>  <p>Ich bin besonders stolz darauf, dass ich w\u00e4hrend meiner Karriere eine nachgewiesene Erfolgsbilanz in [spezifische Leistung] erreicht habe. Meine F\u00e4higkeit, [besondere F\u00e4higkeit] einzusetzen, hat es mir erm\u00f6glicht, [spezifisches Ergebnis] zu erzielen, was zu [positives Ergebnis] gef\u00fchrt hat.<\/p>  <h3>Schluss<\/h3>  <p>Der Schluss Ihres Bewerbungsschreibens sollte eine kurze Ihrer Motivation und Ihres Interesses an der Stelle bieten. Hier k\u00f6nnen Sie auch angeben, dass Sie sich \u00fcber die M\u00f6glichkeit freuen, in einem pers\u00f6nlichen Gespr\u00e4ch mehr \u00fcber die Position und das Unternehmen zu erfahren.<\/p>  <p><strong>Tipp:<\/strong> Seien Sie h\u00f6flich und dankbar f\u00fcr die Gelegenheit, sich zu bewerben. Geben Sie Ihre Kontaktdaten an, damit der Arbeitgeber Sie erreichen kann.<\/p>  <h4>Beispiel f\u00fcr den Schluss:<\/h4>  <p><b>Ihre Stellenanzeige hat mein Interesse geweckt, da meine Erfahrungen und F\u00e4higkeiten gut zu den Anforderungen der Position passen. Ich bin \u00fcberzeugt, dass ich einen wertvollen Beitrag zum Erfolg Ihres Unternehmens leisten kann und w\u00fcrde mich sehr freuen, die Gelegenheit zu einem pers\u00f6nlichen Gespr\u00e4ch zu erhalten, um mehr \u00fcber die Position und Ihr Unternehmen zu erfahren.<\/b><\/p>  <p>Vielen Dank f\u00fcr Ihre Zeit und Ber\u00fccksichtigung meiner Bewerbung. Ich stehe Ihnen gerne f\u00fcr weitere Informationen zur Verf\u00fcgung.<\/p>  <p><b>Mit freundlichen Gr\u00fc\u00dfen,<\/b><\/p> <p><b>[Ihr Name]<\/b><\/p>  <h3>Formale Gestaltung und Aufbau<\/h3>  <p>Die formale Gestaltung und der Aufbau Ihres Bewerbungsschreibens sind ebenfalls wichtige Aspekte, die ber\u00fccksichtigt werden sollten. Hier sind einige Richtlinien:<\/p>  <dl> <dt>1. Formatierung:<\/dt> <dd>Verwenden Sie eine professionelle Schriftart, wie z.B. Arial oder Times New Roman, und eine Schriftgr\u00f6\u00dfe von 11 oder 12 Punkt.<\/dd>  <dt>2. Briefkopf:<\/dt> <dd>F\u00fcgen Sie Ihren Namen, Ihre Adresse, Telefonnummer und E-Mail-Adresse oben auf dem Bewerbungsschreiben ein.<\/dd>  <dt>3. Adressat:<\/dt> <dd>Geben Sie den Namen, die Position und die Adresse des Empf\u00e4ngers an.<\/dd>  <dt>4. Betreffzeile:<\/dt> <dd>Verwenden Sie eine aussagekr\u00e4ftige Betreffzeile, z.B. &#8220;Bewerbung als [Position]&#8221;.<\/dd>  <dt>5. Abs\u00e4tze:<\/dt> <dd>Gliedern Sie Ihr Bewerbungsschreiben in Abs\u00e4tze, um es \u00fcbersichtlich zu gestalten.<\/dd>  <dt>6. Unterschrift:<\/dt> <dd>Unterzeichnen Sie das Bewerbungsschreiben handschriftlich, wenn Sie es ausdrucken und per Post versenden.<\/dd> <\/dl>  <p><strong>Tipp:<\/strong> \u00dcberpr\u00fcfen Sie Ihre Bewerbungsunterlagen sorgf\u00e4ltig auf Rechtschreib- und Grammatikfehler. Lassen Sie sie idealerweise auch von einer anderen Person \u00fcberpr\u00fcfen, um sicherzustellen, dass keine Fehler \u00fcbersehen wurden.<\/p>\r\n\r\n<\/div><\/div>\r\n\r\n<!-- wp:separator -->\r\n\r\n<hr class=\"wp-block-separator has-alpha-channel-opacity\" \/>","protected":false},"excerpt":{"rendered":"<p>Muster und Vorlage f\u00fcr Bewerbungsschreiben Wiedereinstieg In Erlernten Beruf &#8211; Erstellung und Ausf\u00fcllen &#8211; \u00d6ffnen im WORD und PDF Datei &#8230; <\/p>\n<p class=\"read-more-container\"><a title=\"\u00d6ffnen &#8211; Bewerbungsschreiben Wiedereinstieg In Erlernten Beruf\" class=\"read-more button\" href=\"https:\/\/schreibenpro.com\/de\/bewerbungsschreiben-wiedereinstieg-in-erlernten-beruf-offnen\/#more-531\" aria-label=\"Mehr zu \u00d6ffnen &#8211; Bewerbungsschreiben Wiedereinstieg In Erlernten Beruf\">\u00d6FFNEN <\/a><\/p>\n","protected":false},"author":1,"featured_media":0,"parent":0,"menu_order":0,"comment_status":"closed","ping_status":"closed","template":"","meta":{"footnotes":""},"class_list":{"0":"post-531","1":"page","2":"type-page","3":"status-publish","5":"infinite-scroll-item"},"yoast_head":"<!-- This site is optimized with the Yoast SEO plugin v24.6 - https:\/\/yoast.com\/wordpress\/plugins\/seo\/ -->\n<title>\u00d6ffnen - Bewerbungsschreiben Wiedereinstieg In Erlernten Beruf - Schreiben PRO<\/title>\n<meta name=\"robots\" content=\"noindex, follow\" \/>\n<meta property=\"og:locale\" content=\"de_DE\" \/>\n<meta property=\"og:type\" content=\"article\" \/>\n<meta property=\"og:title\" content=\"\u00d6ffnen - Bewerbungsschreiben Wiedereinstieg In Erlernten Beruf - Schreiben PRO\" \/>\n<meta property=\"og:description\" content=\"Muster und Vorlage f\u00fcr Bewerbungsschreiben Wiedereinstieg In Erlernten Beruf &#8211; Erstellung und Ausf\u00fcllen &#8211; \u00d6ffnen im WORD und PDF Datei ... \u00d6FFNEN\" \/>\n<meta property=\"og:url\" content=\"https:\/\/schreibenpro.com\/de\/bewerbungsschreiben-wiedereinstieg-in-erlernten-beruf-offnen\/\" \/>\n<meta property=\"og:site_name\" content=\"Schreiben PRO\" \/>\n<meta property=\"og:image\" content=\"https:\/\/schreibenpro.com\/de\/wp-content\/uploads\/bewerbungsschreiben-wiedereinstieg-in-erlernten-beruf-muster-vorlage.jpg\" \/>\n<meta name=\"twitter:card\" content=\"summary_large_image\" \/>\n<meta name=\"twitter:label1\" content=\"Gesch\u00e4tzte Lesezeit\" \/>\n\t<meta name=\"twitter:data1\" content=\"1\u00a0Minute\" \/>\n<!-- \/ Yoast SEO plugin. -->","yoast_head_json":{"title":"\u00d6ffnen - Bewerbungsschreiben Wiedereinstieg In Erlernten Beruf - Schreiben PRO","robots":{"index":"noindex","follow":"follow"},"og_locale":"de_DE","og_type":"article","og_title":"\u00d6ffnen - Bewerbungsschreiben Wiedereinstieg In Erlernten Beruf - Schreiben PRO","og_description":"Muster und Vorlage f\u00fcr Bewerbungsschreiben Wiedereinstieg In Erlernten Beruf &#8211; Erstellung und Ausf\u00fcllen &#8211; \u00d6ffnen im WORD und PDF Datei ... \u00d6FFNEN","og_url":"https:\/\/schreibenpro.com\/de\/bewerbungsschreiben-wiedereinstieg-in-erlernten-beruf-offnen\/","og_site_name":"Schreiben PRO","og_image":[{"url":"https:\/\/schreibenpro.com\/de\/wp-content\/uploads\/bewerbungsschreiben-wiedereinstieg-in-erlernten-beruf-muster-vorlage.jpg","type":"","width":"","height":""}],"twitter_card":"summary_large_image","twitter_misc":{"Gesch\u00e4tzte Lesezeit":"1\u00a0Minute"},"schema":{"@context":"https:\/\/schema.org","@graph":[{"@type":"WebPage","@id":"https:\/\/schreibenpro.com\/de\/bewerbungsschreiben-wiedereinstieg-in-erlernten-beruf-offnen\/","url":"https:\/\/schreibenpro.com\/de\/bewerbungsschreiben-wiedereinstieg-in-erlernten-beruf-offnen\/","name":"\u00d6ffnen - Bewerbungsschreiben Wiedereinstieg In Erlernten Beruf - Schreiben PRO","isPartOf":{"@id":"https:\/\/schreibenpro.com\/de\/#website"},"primaryImageOfPage":{"@id":"https:\/\/schreibenpro.com\/de\/bewerbungsschreiben-wiedereinstieg-in-erlernten-beruf-offnen\/#primaryimage"},"image":{"@id":"https:\/\/schreibenpro.com\/de\/bewerbungsschreiben-wiedereinstieg-in-erlernten-beruf-offnen\/#primaryimage"},"thumbnailUrl":"https:\/\/schreibenpro.com\/de\/wp-content\/uploads\/bewerbungsschreiben-wiedereinstieg-in-erlernten-beruf-muster-vorlage.jpg","datePublished":"2023-12-18T08:24:23+00:00","breadcrumb":{"@id":"https:\/\/schreibenpro.com\/de\/bewerbungsschreiben-wiedereinstieg-in-erlernten-beruf-offnen\/#breadcrumb"},"inLanguage":"de","potentialAction":[{"@type":"ReadAction","target":["https:\/\/schreibenpro.com\/de\/bewerbungsschreiben-wiedereinstieg-in-erlernten-beruf-offnen\/"]}]},{"@type":"ImageObject","inLanguage":"de","@id":"https:\/\/schreibenpro.com\/de\/bewerbungsschreiben-wiedereinstieg-in-erlernten-beruf-offnen\/#primaryimage","url":"https:\/\/schreibenpro.com\/de\/wp-content\/uploads\/anschreiben-zum-angebot-muster-vorlage.jpg","contentUrl":"https:\/\/schreibenpro.com\/de\/wp-content\/uploads\/anschreiben-zum-angebot-muster-vorlage.jpg","width":1410,"height":2250},{"@type":"BreadcrumbList","@id":"https:\/\/schreibenpro.com\/de\/bewerbungsschreiben-wiedereinstieg-in-erlernten-beruf-offnen\/#breadcrumb","itemListElement":[{"@type":"ListItem","position":1,"name":"Portada","item":"https:\/\/schreibenpro.com\/de\/"},{"@type":"ListItem","position":2,"name":"\u00d6ffnen &#8211; Bewerbungsschreiben Wiedereinstieg In Erlernten Beruf"}]},{"@type":"WebSite","@id":"https:\/\/schreibenpro.com\/de\/#website","url":"https:\/\/schreibenpro.com\/de\/","name":"Schreiben PRO","description":"Muster und Vorlage","publisher":{"@id":"https:\/\/schreibenpro.com\/de\/#organization"},"potentialAction":[{"@type":"SearchAction","target":{"@type":"EntryPoint","urlTemplate":"https:\/\/schreibenpro.com\/de\/?s={search_term_string}"},"query-input":{"@type":"PropertyValueSpecification","valueRequired":true,"valueName":"search_term_string"}}],"inLanguage":"de"},{"@type":"Organization","@id":"https:\/\/schreibenpro.com\/de\/#organization","name":"Schreiben PRO","url":"https:\/\/schreibenpro.com\/de\/","logo":{"@type":"ImageObject","inLanguage":"de","@id":"https:\/\/schreibenpro.com\/de\/#\/schema\/logo\/image\/","url":"https:\/\/schreibenpro.com\/de\/wp-content\/uploads\/cropped-fav.png","contentUrl":"https:\/\/schreibenpro.com\/de\/wp-content\/uploads\/cropped-fav.png","width":512,"height":512,"caption":"Schreiben PRO"},"image":{"@id":"https:\/\/schreibenpro.com\/de\/#\/schema\/logo\/image\/"}}]}},"_links":{"self":[{"href":"https:\/\/schreibenpro.com\/de\/wp-json\/wp\/v2\/pages\/531","targetHints":{"allow":["GET"]}}],"collection":[{"href":"https:\/\/schreibenpro.com\/de\/wp-json\/wp\/v2\/pages"}],"about":[{"href":"https:\/\/schreibenpro.com\/de\/wp-json\/wp\/v2\/types\/page"}],"author":[{"embeddable":true,"href":"https:\/\/schreibenpro.com\/de\/wp-json\/wp\/v2\/users\/1"}],"replies":[{"embeddable":true,"href":"https:\/\/schreibenpro.com\/de\/wp-json\/wp\/v2\/comments?post=531"}],"version-history":[{"count":0,"href":"https:\/\/schreibenpro.com\/de\/wp-json\/wp\/v2\/pages\/531\/revisions"}],"wp:attachment":[{"href":"https:\/\/schreibenpro.com\/de\/wp-json\/wp\/v2\/media?parent=531"}],"curies":[{"name":"wp","href":"https:\/\/api.w.org\/{rel}","templated":true}]}}