{"id":534,"date":"2023-12-18T08:24:24","date_gmt":"2023-12-18T08:24:24","guid":{"rendered":"https:\/\/schreibenpro.com\/de\/bewerbungsschreiben-sozialer-bereich-offnen\/"},"modified":"2023-12-18T08:24:24","modified_gmt":"2023-12-18T08:24:24","slug":"bewerbungsschreiben-sozialer-bereich-offnen","status":"publish","type":"page","link":"https:\/\/schreibenpro.com\/de\/bewerbungsschreiben-sozialer-bereich-offnen\/","title":{"rendered":"\u00d6ffnen &#8211; Bewerbungsschreiben Sozialer Bereich"},"content":{"rendered":"\r\n<p class=\"has-text-align-center\">Muster und Vorlage f\u00fcr <strong> Bewerbungsschreiben Sozialer Bereich<\/strong> &#8211; Ausf\u00fcllen und Erstellung  &#8211; \u00d6ffnen im <strong>WORD  PDF<\/strong> Datei und Online<\/p>\r\n\r\n\r\n\r\n\r\n<div class=\"wp-block-image\">\r\n<figure class=\"aligncenter size-large is-resized\"><img loading=\"lazy\" decoding=\"async\" class=\"wp-image-215\" src=\"https:\/\/schreibenpro.com\/de\/wp-content\/uploads\/bewerbungsschreiben-sozialer-bereich-muster-vorlage.jpg\" alt=\"\" width=\"245\" height=\"391\" \/><\/figure>\r\n<\/div>\r\n\r\n\r\n\r\n<hr class=\"wp-block-separator has-alpha-channel-opacity\" \/>\r\n\r\n\r\n\r\n\r\n\r\n<div class=\"su-note\"  style=\"border-color:#e5e5e5;border-radius:10px;-moz-border-radius:10px;-webkit-border-radius:10px;\"><div class=\"su-note-inner su-u-clearfix su-u-trim\" style=\"background-color:#FFFFFF;border-color:#ffffff;color:#333333;border-radius:10px;-moz-border-radius:10px;-webkit-border-radius:10px;\">\r\n\r\n<section id=\"specialParagraph\"><p><strong>Einleitung:<\/strong><\/p> <p>Sehr geehrte Damen und Herren,<\/p> <p>mit gro\u00dfem Interesse habe ich von der freien Stelle als Sozialarbeiter\/in in Ihrer Einrichtung erfahren und bewerbe mich hiermit um diese Position.<\/p> <p>Als ausgebildeter Sozialarbeiter mit langj\u00e4hriger Erfahrung in der Betreuung und Unterst\u00fctzung von benachteiligten Menschen bin ich davon \u00fcberzeugt, dass meine F\u00e4higkeiten und Kenntnisse f\u00fcr diese Stelle gut geeignet sind. In meiner bisherigen beruflichen Laufbahn konnte ich bereits umfangreiche Erfahrungen in verschiedenen sozialen Organisationen und Projekten sammeln.<\/p>  <p><strong>Hauptteil:<\/strong><\/p> <p>Im Folgenden m\u00f6chte ich Ihnen einen \u00dcberblick \u00fcber meine Erfahrungen und Qualifikationen geben:<\/p>  <dt><strong>Ausbildung:<\/strong><\/dt> <dd> <ul> <li>Bachelor in Sozialer Arbeit an der XYZ Universit\u00e4t<\/li> <li>Erfolgreicher Abschluss des Praktikums im Bereich Jugendhilfe<\/li> <li>Weiterbildung in Traumap\u00e4dagogik<\/li> <\/ul> <\/dd>  <dt><strong>Berufserfahrung:<\/strong><\/dt> <dd> <ul> <li>Vier Jahre als Sozialarbeiter bei der ABC Gemeinschaftsorganisation f\u00fcr benachteiligte Jugendliche<\/li> <li>Betreuung und Unterst\u00fctzung von Kindern und Jugendlichen in schwierigen Lebenssituationen<\/li> <li>Planung und Durchf\u00fchrung von Gruppenaktivit\u00e4ten zur F\u00f6rderung der sozialen Integration<\/li> <li>Enge Zusammenarbeit mit Familien, Schulen und anderen Institutionen<\/li> <\/ul> <\/dd>  <dt><strong>Kenntnisse und F\u00e4higkeiten:<\/strong><\/dt> <dd> <ul> <li>Umfassende Kenntnisse des Jugendhilfegesetzes und anderer relevanter rechtlicher Rahmenbedingungen<\/li> <li>Erfahrung in der Krisenintervention und Konfliktl\u00f6sung<\/li> <li>Gute Kommunikations- und Teamf\u00e4higkeiten<\/li> <li>Einf\u00fchlungsverm\u00f6gen und Empathie im Umgang mit Menschen in schwierigen Lebenssituationen<\/li> <li>Organisations- und Zeitmanagementf\u00e4higkeiten<\/li> <\/ul> <\/dd>  <p>Des Weiteren bin ich vertraut mit verschiedenen Softwareprogrammen zur Verwaltung von Kundendaten und habe Erfahrung in der Berichterstattung und Dokumentation.<\/p>  <p><strong>Schluss:<\/strong><\/p> <p>Ihre Einrichtung hat einen hervorragenden Ruf im Bereich der sozialen Arbeit und ich bin sehr daran interessiert, Teil Ihres engagierten Teams zu sein. Es w\u00e4re mir eine Ehre, mein Wissen und meine Erfahrung zum Wohle Ihrer Klienten und des Unternehmens einzusetzen.<\/p> <p>Gerne stehe ich Ihnen f\u00fcr weitere Fragen oder ein pers\u00f6nliches Gespr\u00e4ch zur Verf\u00fcgung. \u00dcber die M\u00f6glichkeit eines Vorstellungsgespr\u00e4chs w\u00fcrde ich mich sehr freuen.<\/p>  <p>Vielen Dank f\u00fcr Ihre Aufmerksamkeit.<\/p>  <p>Mit freundlichen Gr\u00fc\u00dfen,<\/p> <p>Ihr Name<\/p><\/section><\/div><\/div>\r\n\r\n&nbsp;\r\n\r\n\r\n\r\n\r\n\r\n\r\n<p class=\"has-text-align-center\">Muster und Vorlage f\u00fcr <strong> Bewerbungsschreiben Sozialer Bereich <\/strong> zur Erstellung und Anpassung im <strong>WORD<\/strong>\u2013 und <strong>PDF-Format<\/strong><\/p>\r\n\r\n\r\n<button id=\"generatePDF\">Erstellen (PDF &#8211; WORD)<\/button>\r\n\r\n\r\n\r\n<hr class=\"wp-block-separator has-alpha-channel-opacity\" \/>\r\n\r\n\r\n\r\n<p style=\"text-align: center;\"><strong>Bewerbungsschreiben Sozialer Bereich<\/strong><\/p>\r\n\r\n<div class=\"wp-block-columns is-layout-flex wp-container-core-columns-is-layout-9d6595d7 wp-block-columns-is-layout-flex\">\r\n\r\n\r\n<div class=\"wp-block-column is-layout-flow wp-block-column-is-layout-flow\"><div class=\"su-button-center\"><a href=\"https:\/\/www.arbeit.swiss\/dam\/secoalv\/de\/dokumente\/publikationen\/broschueren\/bewerbung\/BBL_Bewerben_de.pdf.download.pdf\/BBL_Bewerben_de.pdf\" class=\"su-button su-button-style-flat\" style=\"color:#FFFFFF;background-color:#144bb6;border-color:#103c92;border-radius:1px\" target=\"_self\"><span style=\"color:#FFFFFF;padding:0px 24px;font-size:18px;line-height:36px;border-color:#5b81cc;border-radius:1px;text-shadow:none\">   PDF <\/span><\/a><\/div>\n<\/div>\r\n\r\n\r\n\r\n<div class=\"wp-block-column is-layout-flow wp-block-column-is-layout-flow\"><div class=\"su-button-center\"><a href=\"https:\/\/s45e5831ae967b2f3.jimcontent.com\/download\/version\/1519889957\/module\/11251321693\/name\/Bewerbung%20Textbausteine.docx\" class=\"su-button su-button-style-flat\" style=\"color:#FFFFFF;background-color:#144bb6;border-color:#103c92;border-radius:1px\" target=\"_self\"><span style=\"color:#FFFFFF;padding:0px 24px;font-size:18px;line-height:36px;border-color:#5b81cc;border-radius:1px;text-shadow:none\">   DOC<\/span><\/a><\/div>\n<\/div>\r\n\r\n\r\n<\/div>\r\n\r\n\r\n\r\n<p style=\"text-align: center;\"><strong>Beispiele<\/strong><\/p>\r\n\r\n<div class=\"wp-block-columns is-layout-flex wp-container-core-columns-is-layout-9d6595d7 wp-block-columns-is-layout-flex\">\r\n\r\n\r\n<div class=\"wp-block-column is-layout-flow wp-block-column-is-layout-flow\"><div class=\"su-button-center\"><a href=\"https:\/\/arnesboken-schule.de\/city_info\/display\/dokument\/show.cfm?region_id=5&#038;id=22\" class=\"su-button su-button-style-flat\" style=\"color:#FFFFFF;background-color:#144bb6;border-color:#103c92;border-radius:1px\" target=\"_self\"><span style=\"color:#FFFFFF;padding:0px 24px;font-size:18px;line-height:36px;border-color:#5b81cc;border-radius:1px;text-shadow:none\">  Beispiel &#8211; 1 <\/span><\/a><\/div>\n<\/div>\r\n\r\n\r\n\r\n<div class=\"wp-block-column is-layout-flow wp-block-column-is-layout-flow\"><div class=\"su-button-center\"><a href=\"https:\/\/at.trenkwalder.com\/media\/etchbqvh\/beispielsaetze-motivationsschreiben.pdf\" class=\"su-button su-button-style-flat\" style=\"color:#FFFFFF;background-color:#144bb6;border-color:#103c92;border-radius:1px\" target=\"_self\"><span style=\"color:#FFFFFF;padding:0px 24px;font-size:18px;line-height:36px;border-color:#5b81cc;border-radius:1px;text-shadow:none\">  Beispiel &#8211; 2 <\/span><\/a><\/div>\n<\/div>\r\n\r\n\r\n<\/div>\r\n\r\n\r\n<hr class=\"wp-block-separator has-alpha-channel-opacity\" \/>\r\n\r\n\r\n\r\n<div class=\"wp-block-columns is-layout-flex wp-container-core-columns-is-layout-9d6595d7 wp-block-columns-is-layout-flex\">\r\n\r\n\r\n<div class=\"wp-block-column is-layout-flow wp-block-column-is-layout-flow\"><div class=\"su-button-center\"><a href=\"https:\/\/www.arbeit.swiss\/dam\/secoalv\/de\/dokumente\/publikationen\/broschueren\/bewerbung\/BBL_Bewerben_de.pdf.download.pdf\/BBL_Bewerben_de.pdf\" class=\"su-button su-button-style-flat\" style=\"color:#FFFFFF;background-color:#144bb6;border-color:#103c92;border-radius:1px\" target=\"_self\"><span style=\"color:#FFFFFF;padding:0px 24px;font-size:18px;line-height:36px;border-color:#5b81cc;border-radius:1px;text-shadow:none\">  Beispiel &#8211; 3 <\/span><\/a><\/div>\n<\/div>\r\n\r\n\r\n\r\n<div class=\"wp-block-column is-layout-flow wp-block-column-is-layout-flow\"><div class=\"su-button-center\"><a href=\"https:\/\/www.arbeit.swiss\/dam\/secoalv\/de\/dokumente\/publikationen\/broschueren\/bewerbung\/BBL_Bewerben_de.pdf.download.pdf\/BBL_Bewerben_de.pdf\" class=\"su-button su-button-style-flat\" style=\"color:#FFFFFF;background-color:#144bb6;border-color:#103c92;border-radius:1px\" target=\"_self\"><span style=\"color:#FFFFFF;padding:0px 24px;font-size:18px;line-height:36px;border-color:#5b81cc;border-radius:1px;text-shadow:none\">  Beispiel &#8211; 4 <\/span><\/a><\/div>\n<\/div>\r\n\r\n\r\n<\/div>\r\n\r\n\r\n<hr class=\"wp-block-separator has-alpha-channel-opacity\" \/>\r\n\r\n<!-- \/wp:post-content -->\r\n\r\n<!-- wp:table {\"align\":\"center\"} -->\r\n<figure class=\"wp-block-table aligncenter\">\r\n<table>\r\n<tbody>\r\n<tr>\r\n<td style=\"text-align: center;\">Bewerbungsschreiben Sozialer Bereich<\/td>\r\n<\/tr>\r\n<tr>\r\n<td style=\"text-align: center;\">PDF &#8211; WORD Datei<\/td>\r\n<\/tr>\r\n<tr>\r\n<td style=\"text-align: center;\">Bewertung: \u2b50\u2b50\u2b50\u2b50\u2b50 4.80<\/td>\r\n<\/tr>\r\n<tr>\r\n<td style=\"text-align: center;\">Ergebnisse &#8211; 1904<\/td>\r\n<\/tr>\r\n<\/tbody>\r\n<\/table>\r\n<\/figure>\r\n<!-- \/wp:table -->\r\n\r\n<!-- wp:separator -->\r\n\r\n<hr class=\"wp-block-separator has-alpha-channel-opacity\" \/>\r\n\r\n<!-- \/wp:separator -->\r\n\r\n<div class=\"su-note\"  style=\"border-color:#e5e5e5;border-radius:10px;-moz-border-radius:10px;-webkit-border-radius:10px;\"><div class=\"su-note-inner su-u-clearfix su-u-trim\" style=\"background-color:#FFFFFF;border-color:#ffffff;color:#333333;border-radius:10px;-moz-border-radius:10px;-webkit-border-radius:10px;\">\r\n\r\n<p>Ein Bewerbungsschreiben ist oft der erste Eindruck, den ein potenzieller Arbeitgeber von Ihnen erh\u00e4lt. Es ist daher wichtig, dass der Brief professionell, pr\u00e4zise und gut strukturiert ist. Im sozialen Bereich, in dem Empathie und zwischenmenschliche F\u00e4higkeiten besonders wichtig sind, sollte der Brief dies auch widerspiegeln. In dieser Anleitung finden Sie Tipps und Beispiele, wie Sie ein \u00fcberzeugendes Bewerbungsschreiben f\u00fcr den sozialen Bereich verfassen k\u00f6nnen.<\/p>  <h3>1. Einleitung<\/h3>  <p>Die Einleitung des Bewerbungsschreibens ist der erste Kontakt mit dem potenziellen Arbeitgeber. Hier sollten Sie sich kurz vorstellen und angeben, f\u00fcr welche Position Sie sich bewerben. Vermeiden Sie es, allgemeine Phrasen zu verwenden. Stattdessen sollten Sie Ihre Motivation und Begeisterung f\u00fcr die Position zum Ausdruck bringen.<\/p>  <blockquote> <p><strong>Beispiel:<\/strong><\/p> <p>Sehr geehrte Frau M\u00fcller,<\/p> <p>mit gro\u00dfem Interesse habe ich Ihre Stellenanzeige f\u00fcr die Position als Sozialarbeiterin im Bereich der Kinderbetreuung gelesen. Als engagierte und motivierte Sozialarbeiterin mit umfangreicher Erfahrung in der Arbeit mit Kindern und Jugendlichen bin ich \u00fcberzeugt, dass ich zu Ihrem Team passen w\u00fcrde und einen wertvollen Beitrag leisten kann.<\/p> <\/blockquote>  <h3>2. Hauptteil<\/h3>  <p>Der Hauptteil des Bewerbungsschreibens ist die Gelegenheit, Ihre Qualifikationen und Erfahrungen im Detail zu pr\u00e4sentieren. Stellen Sie sicher, dass Sie die Anforderungen der Stellenanzeige genau lesen und Ihre relevanten F\u00e4higkeiten hervorheben. Sie k\u00f6nnen auch konkrete Beispiele oder Erfolgsgeschichten anf\u00fchren, um Ihre Aussagen zu untermauern.<\/p>  <blockquote> <p><strong>Beispiel:<\/strong><\/p> <p>In meiner bisherigen beruflichen Laufbahn konnte ich umfangreiche Erfahrungen in der Arbeit mit Kindern und Jugendlichen sammeln. Als Sozialarbeiterin bei XYZ-Organisation betreute ich erfolgreich eine Gruppe von 15 Jugendlichen aus schwierigen famili\u00e4ren Verh\u00e4ltnissen und half ihnen bei der Bew\u00e4ltigung ihrer pers\u00f6nlichen Herausforderungen. Durch meine einf\u00fchlsame Art und meine F\u00e4higkeit, individuell auf die Bed\u00fcrfnisse der Jugendlichen einzugehen, konnte ich positive Ver\u00e4nderungen in ihren Leben bewirken.<\/p> <\/blockquote>  <p>Es ist auch wichtig, Ihre Soft Skills zu erw\u00e4hnen, insbesondere solche, die f\u00fcr den sozialen Bereich relevant sind. Zum Beispiel:<\/p>  <dl> <dt><strong>Empathie:<\/strong><\/dt> <dd>Einf\u00fchlungsverm\u00f6gen und die F\u00e4higkeit, sich in die Lage anderer Menschen zu versetzen, sind f\u00fcr die Arbeit im sozialen Bereich von entscheidender Bedeutung.<\/dd> <dt><strong>Kommunikationsf\u00e4higkeiten:<\/strong><\/dt> <dd>Die F\u00e4higkeit, effektiv und klar zu kommunizieren, sowohl schriftlich als auch m\u00fcndlich, ist wichtig, um mit unterschiedlichen Zielgruppen zu arbeiten und Informationen zu vermitteln.<\/dd> <dt><strong>Teamf\u00e4higkeit:<\/strong><\/dt> <dd>Die F\u00e4higkeit, gut mit anderen zusammenzuarbeiten und in einem Team zu arbeiten, ist in vielen sozialen Bereichen unerl\u00e4sslich.<\/dd> <\/dl>  <h3>3. Schluss<\/h3>  <p>Der Schlussteil des Bewerbungsschreibens bietet Ihnen die M\u00f6glichkeit, nochmals Ihre Begeisterung f\u00fcr die Position zum Ausdruck zu bringen und Ihre Kontaktdaten anzugeben. Bedanken Sie sich f\u00fcr die Zeit und die Ber\u00fccksichtigung Ihrer Bewerbung.<\/p>  <blockquote> <p><strong>Beispiel:<\/strong><\/p> <p>Ich w\u00fcrde mich sehr freuen, Teil Ihres Teams zu werden und zur positiven Entwicklung von benachteiligten Kindern und Jugendlichen beizutragen. F\u00fcr weitere Informationen stehe ich Ihnen gerne zur Verf\u00fcgung und freue mich auf ein pers\u00f6nliches Gespr\u00e4ch. Vielen Dank im Voraus f\u00fcr Ihre Ber\u00fccksichtigung.<\/p> <p>Mit freundlichen Gr\u00fc\u00dfen,<\/p> <p>Ihr Name<\/p> <\/blockquote>  <h3>4. Formale Gestaltung<\/h3>  <p>Bei der formalen Gestaltung des Bewerbungsschreibens sollten Sie Folgendes beachten:<\/p>  <ul> <li>Verwenden Sie einen professionellen Schreibstil und einen angemessenen Ton.<\/li> <li>Das Schreiben sollte in einem gut lesbaren Schrifttyp und einer angemessenen Schriftgr\u00f6\u00dfe verfasst sein.<\/li> <li>Verwenden Sie Abs\u00e4tze, um den Text \u00fcbersichtlich zu strukturieren.<\/li> <li>Ein Bewerbungsschreiben sollte in der Regel nicht l\u00e4nger als eine Seite sein.<\/li> <\/ul>  <p>Bitte denken Sie daran, das Bewerbungsschreiben vor dem Absenden sorgf\u00e4ltig zu \u00fcberpr\u00fcfen, um Fehler zu vermeiden.<\/p>\r\n\r\n<\/div><\/div>\r\n\r\n<!-- wp:separator -->\r\n\r\n<hr class=\"wp-block-separator has-alpha-channel-opacity\" \/>","protected":false},"excerpt":{"rendered":"<p>Muster und Vorlage f\u00fcr Bewerbungsschreiben Sozialer Bereich &#8211; Ausf\u00fcllen und Erstellung &#8211; \u00d6ffnen im WORD PDF Datei und Online &nbsp; &#8230; <\/p>\n<p class=\"read-more-container\"><a title=\"\u00d6ffnen &#8211; Bewerbungsschreiben Sozialer Bereich\" class=\"read-more button\" href=\"https:\/\/schreibenpro.com\/de\/bewerbungsschreiben-sozialer-bereich-offnen\/#more-534\" aria-label=\"Mehr zu \u00d6ffnen &#8211; Bewerbungsschreiben Sozialer Bereich\">\u00d6FFNEN <\/a><\/p>\n","protected":false},"author":1,"featured_media":0,"parent":0,"menu_order":0,"comment_status":"closed","ping_status":"closed","template":"","meta":{"footnotes":""},"class_list":{"0":"post-534","1":"page","2":"type-page","3":"status-publish","5":"infinite-scroll-item"},"yoast_head":"<!-- This site is optimized with the Yoast SEO plugin v24.6 - https:\/\/yoast.com\/wordpress\/plugins\/seo\/ -->\n<title>\u00d6ffnen - Bewerbungsschreiben Sozialer Bereich - Schreiben PRO<\/title>\n<meta name=\"robots\" content=\"noindex, follow\" \/>\n<meta property=\"og:locale\" content=\"de_DE\" \/>\n<meta property=\"og:type\" content=\"article\" \/>\n<meta property=\"og:title\" content=\"\u00d6ffnen - Bewerbungsschreiben Sozialer Bereich - Schreiben PRO\" \/>\n<meta property=\"og:description\" content=\"Muster und Vorlage f\u00fcr Bewerbungsschreiben Sozialer Bereich &#8211; Ausf\u00fcllen und Erstellung &#8211; \u00d6ffnen im WORD PDF Datei und Online &nbsp; ... \u00d6FFNEN\" \/>\n<meta property=\"og:url\" content=\"https:\/\/schreibenpro.com\/de\/bewerbungsschreiben-sozialer-bereich-offnen\/\" \/>\n<meta property=\"og:site_name\" content=\"Schreiben PRO\" \/>\n<meta property=\"og:image\" content=\"https:\/\/schreibenpro.com\/de\/wp-content\/uploads\/bewerbungsschreiben-sozialer-bereich-muster-vorlage.jpg\" \/>\n<meta name=\"twitter:card\" content=\"summary_large_image\" \/>\n<meta name=\"twitter:label1\" content=\"Gesch\u00e4tzte Lesezeit\" \/>\n\t<meta name=\"twitter:data1\" content=\"1\u00a0Minute\" \/>\n<!-- \/ Yoast SEO plugin. -->","yoast_head_json":{"title":"\u00d6ffnen - Bewerbungsschreiben Sozialer Bereich - Schreiben PRO","robots":{"index":"noindex","follow":"follow"},"og_locale":"de_DE","og_type":"article","og_title":"\u00d6ffnen - Bewerbungsschreiben Sozialer Bereich - Schreiben PRO","og_description":"Muster und Vorlage f\u00fcr Bewerbungsschreiben Sozialer Bereich &#8211; Ausf\u00fcllen und Erstellung &#8211; \u00d6ffnen im WORD PDF Datei und Online &nbsp; ... \u00d6FFNEN","og_url":"https:\/\/schreibenpro.com\/de\/bewerbungsschreiben-sozialer-bereich-offnen\/","og_site_name":"Schreiben PRO","og_image":[{"url":"https:\/\/schreibenpro.com\/de\/wp-content\/uploads\/bewerbungsschreiben-sozialer-bereich-muster-vorlage.jpg","type":"","width":"","height":""}],"twitter_card":"summary_large_image","twitter_misc":{"Gesch\u00e4tzte Lesezeit":"1\u00a0Minute"},"schema":{"@context":"https:\/\/schema.org","@graph":[{"@type":"WebPage","@id":"https:\/\/schreibenpro.com\/de\/bewerbungsschreiben-sozialer-bereich-offnen\/","url":"https:\/\/schreibenpro.com\/de\/bewerbungsschreiben-sozialer-bereich-offnen\/","name":"\u00d6ffnen - Bewerbungsschreiben Sozialer Bereich - Schreiben PRO","isPartOf":{"@id":"https:\/\/schreibenpro.com\/de\/#website"},"primaryImageOfPage":{"@id":"https:\/\/schreibenpro.com\/de\/bewerbungsschreiben-sozialer-bereich-offnen\/#primaryimage"},"image":{"@id":"https:\/\/schreibenpro.com\/de\/bewerbungsschreiben-sozialer-bereich-offnen\/#primaryimage"},"thumbnailUrl":"https:\/\/schreibenpro.com\/de\/wp-content\/uploads\/bewerbungsschreiben-sozialer-bereich-muster-vorlage.jpg","datePublished":"2023-12-18T08:24:24+00:00","breadcrumb":{"@id":"https:\/\/schreibenpro.com\/de\/bewerbungsschreiben-sozialer-bereich-offnen\/#breadcrumb"},"inLanguage":"de","potentialAction":[{"@type":"ReadAction","target":["https:\/\/schreibenpro.com\/de\/bewerbungsschreiben-sozialer-bereich-offnen\/"]}]},{"@type":"ImageObject","inLanguage":"de","@id":"https:\/\/schreibenpro.com\/de\/bewerbungsschreiben-sozialer-bereich-offnen\/#primaryimage","url":"https:\/\/schreibenpro.com\/de\/wp-content\/uploads\/anschreiben-zum-angebot-muster-vorlage.jpg","contentUrl":"https:\/\/schreibenpro.com\/de\/wp-content\/uploads\/anschreiben-zum-angebot-muster-vorlage.jpg","width":1410,"height":2250},{"@type":"BreadcrumbList","@id":"https:\/\/schreibenpro.com\/de\/bewerbungsschreiben-sozialer-bereich-offnen\/#breadcrumb","itemListElement":[{"@type":"ListItem","position":1,"name":"Portada","item":"https:\/\/schreibenpro.com\/de\/"},{"@type":"ListItem","position":2,"name":"\u00d6ffnen &#8211; Bewerbungsschreiben Sozialer Bereich"}]},{"@type":"WebSite","@id":"https:\/\/schreibenpro.com\/de\/#website","url":"https:\/\/schreibenpro.com\/de\/","name":"Schreiben PRO","description":"Muster und Vorlage","publisher":{"@id":"https:\/\/schreibenpro.com\/de\/#organization"},"potentialAction":[{"@type":"SearchAction","target":{"@type":"EntryPoint","urlTemplate":"https:\/\/schreibenpro.com\/de\/?s={search_term_string}"},"query-input":{"@type":"PropertyValueSpecification","valueRequired":true,"valueName":"search_term_string"}}],"inLanguage":"de"},{"@type":"Organization","@id":"https:\/\/schreibenpro.com\/de\/#organization","name":"Schreiben PRO","url":"https:\/\/schreibenpro.com\/de\/","logo":{"@type":"ImageObject","inLanguage":"de","@id":"https:\/\/schreibenpro.com\/de\/#\/schema\/logo\/image\/","url":"https:\/\/schreibenpro.com\/de\/wp-content\/uploads\/cropped-fav.png","contentUrl":"https:\/\/schreibenpro.com\/de\/wp-content\/uploads\/cropped-fav.png","width":512,"height":512,"caption":"Schreiben PRO"},"image":{"@id":"https:\/\/schreibenpro.com\/de\/#\/schema\/logo\/image\/"}}]}},"_links":{"self":[{"href":"https:\/\/schreibenpro.com\/de\/wp-json\/wp\/v2\/pages\/534","targetHints":{"allow":["GET"]}}],"collection":[{"href":"https:\/\/schreibenpro.com\/de\/wp-json\/wp\/v2\/pages"}],"about":[{"href":"https:\/\/schreibenpro.com\/de\/wp-json\/wp\/v2\/types\/page"}],"author":[{"embeddable":true,"href":"https:\/\/schreibenpro.com\/de\/wp-json\/wp\/v2\/users\/1"}],"replies":[{"embeddable":true,"href":"https:\/\/schreibenpro.com\/de\/wp-json\/wp\/v2\/comments?post=534"}],"version-history":[{"count":0,"href":"https:\/\/schreibenpro.com\/de\/wp-json\/wp\/v2\/pages\/534\/revisions"}],"wp:attachment":[{"href":"https:\/\/schreibenpro.com\/de\/wp-json\/wp\/v2\/media?parent=534"}],"curies":[{"name":"wp","href":"https:\/\/api.w.org\/{rel}","templated":true}]}}