{"id":536,"date":"2023-12-18T08:24:25","date_gmt":"2023-12-18T08:24:25","guid":{"rendered":"https:\/\/schreibenpro.com\/de\/schreiben-an-betriebsrat-offnen\/"},"modified":"2023-12-18T08:24:25","modified_gmt":"2023-12-18T08:24:25","slug":"schreiben-an-betriebsrat-offnen","status":"publish","type":"page","link":"https:\/\/schreibenpro.com\/de\/schreiben-an-betriebsrat-offnen\/","title":{"rendered":"\u00d6ffnen &#8211; Schreiben An Betriebsrat"},"content":{"rendered":"\r\n<p class=\"has-text-align-center\">Vorlage und Muster f\u00fcr <strong> Schreiben An Betriebsrat<\/strong> &#8211; Ausf\u00fcllen und Erstellung  &#8211; \u00d6ffnen im <strong>WORD PDF<\/strong> Datei und Online<\/p>\r\n\r\n\r\n\r\n\r\n<div class=\"wp-block-image\">\r\n<figure class=\"aligncenter size-large is-resized\"><img loading=\"lazy\" decoding=\"async\" class=\"wp-image-215\" src=\"https:\/\/schreibenpro.com\/de\/wp-content\/uploads\/schreiben-an-betriebsrat-muster-vorlage.jpg\" alt=\"\" width=\"245\" height=\"391\" \/><\/figure>\r\n<\/div>\r\n\r\n\r\n\r\n<hr class=\"wp-block-separator has-alpha-channel-opacity\" \/>\r\n\r\n\r\n\r\n\r\n\r\n<div class=\"su-note\"  style=\"border-color:#e5e5e5;border-radius:10px;-moz-border-radius:10px;-webkit-border-radius:10px;\"><div class=\"su-note-inner su-u-clearfix su-u-trim\" style=\"background-color:#FFFFFF;border-color:#ffffff;color:#333333;border-radius:10px;-moz-border-radius:10px;-webkit-border-radius:10px;\">\r\n\r\n<section id=\"specialParagraph\"><p>Sehr geehrter Betriebsrat,<\/p>  <p>ich wende mich heute an Sie, um Ihnen einige Anliegen und Vorschl\u00e4ge zu unterbreiten, die f\u00fcr die gesamte Belegschaft von gro\u00dfer Bedeutung sind. Als Mitarbeiterin und Vertreterin meiner Kollegen bin ich der festen \u00dcberzeugung, dass wir gemeinsam dazu beitragen k\u00f6nnen, die Arbeitsbedingungen und das Arbeitsklima in unserem Unternehmen zu verbessern.<\/p>  <p>Im Folgenden m\u00f6chte ich Ihnen detailliert darlegen, welche Themen mir und vielen anderen Mitarbeitern am Herzen liegen und wie wir der Meinung sind, dass der Betriebsrat uns dabei unterst\u00fctzen kann.<\/p>  <h3>Einleitung<\/h3>  <p>Ich m\u00f6chte diese Gelegenheit nutzen, um mich kurz vorzustellen und meine Motivation hinter diesem Schreiben zu erl\u00e4utern. Mein Name ist Anna Mustermann und ich bin seit drei Jahren als Teamleiterin in der Abteilung Marketing t\u00e4tig. W\u00e4hrend meiner Zeit hier habe ich viele positive Aspekte des Unternehmens kennengelernt, aber auch einige Herausforderungen wahrgenommen, die wir als Team bew\u00e4ltigen k\u00f6nnen.<\/p>  <p>Durch regelm\u00e4\u00dfige Gespr\u00e4che mit meinen Kollegen und Mitarbeiterbefragungen habe ich festgestellt, dass es bestimmte Punkte gibt, die das Arbeitsumfeld belasten und den Arbeitsablauf negativ beeinflussen. Aus diesem Grund m\u00f6chte ich diese Punkte im Detail ansprechen und L\u00f6sungen vorschlagen, bei denen der Betriebsrat eine entscheidende Rolle spielen kann.<\/p>  <h3>Gesundheit und Sicherheit am Arbeitsplatz<\/h3>  <p>Ein Thema, das vielen Mitarbeitern am Herzen liegt, ist die Gesundheit und Sicherheit am Arbeitsplatz. Wir haben in den letzten Monaten vermehrt F\u00e4lle von Arbeitsunf\u00e4llen und -verletzungen erlebt, die auf mangelnde Sicherheitsvorkehrungen zur\u00fcckzuf\u00fchren sind. Ich schlage vor, dass der Betriebsrat ein Ma\u00dfnahmenpaket erarbeitet, um die Sicherheit am Arbeitsplatz zu verbessern. Dazu geh\u00f6ren Schulungen, \u00dcberpr\u00fcfung der Sicherheitsstandards und die Einrichtung einer Hotline f\u00fcr Mitarbeiter, um Vorf\u00e4lle zu melden.<\/p>  <h3>Arbeitszeiten und \u00dcberstunden<\/h3>  <p>Ein weiterer wichtiger Punkt, der vielen Mitarbeitern Sorge bereitet, sind die Arbeitszeiten und \u00dcberstunden. In unserer Abteilung ist es \u00fcblich, dass \u00dcberstunden geleistet werden. Allerdings gibt es keine einheitliche Regelung bez\u00fcglich der Kompensation oder des Ausgleichs dieser \u00dcberstunden. Ich schlage vor, dass der Betriebsrat gemeinsam mit der Gesch\u00e4ftsleitung eine klare Richtlinie festlegt, die \u00dcberstunden angemessen verg\u00fctet und den Mitarbeitern die M\u00f6glichkeit bietet, diese abzubauen.<\/p>  <h3>Mitarbeiterentwicklung und Weiterbildung<\/h3>  <p>Die kontinuierliche Weiterbildung und Mitarbeiterentwicklung ist ein Thema, das vielen Mitarbeitern wichtig ist. Einige von uns w\u00fcnschen sich die M\u00f6glichkeit, neue F\u00e4higkeiten zu erlernen oder ihre vorhandenen Kenntnisse auszubauen. Ich schlage vor, dass der Betriebsrat in Zusammenarbeit mit der Personalabteilung ein Weiterbildungsprogramm entwickelt, das Mitarbeitern verschiedene Schulungen und Fortbildungen erm\u00f6glicht.<\/p>  <h3>Kommunikation und Transparenz<\/h3>  <p>Ein weiterer Punkt, der oft von Mitarbeitern angemerkt wird, ist die Kommunikation und Transparenz innerhalb des Unternehmens. Oft f\u00fchlen sich Mitarbeiter nicht ausreichend informiert \u00fcber Entscheidungen, die sie betreffen. Ich schlage vor, dass der Betriebsrat sich daf\u00fcr einsetzt, dass Informationen transparent und zeitnah an die Mitarbeiter kommuniziert werden. Dies kann durch regelm\u00e4\u00dfige Meetings, Rundschreiben oder die Einrichtung einer internen Informationsplattform erreicht werden.<\/p>  <h3>Zusammenfassung und Abschluss<\/h3>  <p>Um das Arbeitsklima und die Arbeitsbedingungen in unserem Unternehmen zu verbessern, ist es entscheidend, dass der Betriebsrat die Anliegen der Mitarbeiter ernst nimmt und sich aktiv f\u00fcr positive Ver\u00e4nderungen einsetzt. Ich hoffe, dass meine Vorschl\u00e4ge und Anliegen Ihr Interesse geweckt haben und wir gemeinsam daran arbeiten k\u00f6nnen, diese umzusetzen. Gerne stehe ich Ihnen f\u00fcr weitere Informationen oder Gespr\u00e4che zur Verf\u00fcgung.<\/p>  <p>Ich danke Ihnen im Voraus f\u00fcr Ihre Aufmerksamkeit und Ihre Bem\u00fchungen, unsere Arbeitsbedingungen zu verbessern.<\/p>  <p>Mit freundlichen Gr\u00fc\u00dfen,<\/p>  <p>Anna Mustermann<\/p><\/section><\/div><\/div>\r\n\r\n&nbsp;\r\n\r\n\r\n\r\n\r\n\r\n\r\n<p class=\"has-text-align-center\">Muster und Vorlage f\u00fcr <strong> Schreiben An Betriebsrat <\/strong> zur Anpassung und Erstellung  im <strong>WORD<\/strong>\u2013 und <strong>PDF-Format<\/strong><\/p>\r\n\r\n\r\n<button id=\"generatePDF\">Erstellen (PDF &#8211; WORD)<\/button>\r\n\r\n\r\n\r\n<hr class=\"wp-block-separator has-alpha-channel-opacity\" \/>\r\n\r\n\r\n\r\n<p style=\"text-align: center;\"><strong>Schreiben An Betriebsrat<\/strong><\/p>\r\n\r\n<div class=\"wp-block-columns is-layout-flex wp-container-core-columns-is-layout-9d6595d7 wp-block-columns-is-layout-flex\">\r\n\r\n\r\n<div class=\"wp-block-column is-layout-flow wp-block-column-is-layout-flow\"><div class=\"su-button-center\"><a href=\"http:\/\/www.soliserv.de\/pdf\/Musterschreiben-Betriebsraete.pdf\" class=\"su-button su-button-style-flat\" style=\"color:#FFFFFF;background-color:#144bb6;border-color:#103c92;border-radius:1px\" target=\"_self\"><span style=\"color:#FFFFFF;padding:0px 24px;font-size:18px;line-height:36px;border-color:#5b81cc;border-radius:1px;text-shadow:none\">   PDF <\/span><\/a><\/div>\n<\/div>\r\n\r\n\r\n\r\n<div class=\"wp-block-column is-layout-flow wp-block-column-is-layout-flow\"><div class=\"su-button-center\"><a href=\"https:\/\/praktimedia.de\/wp-content\/uploads\/2021\/06\/Muster-Vollmacht-Betriebsratsvorsitzender-BET-14.2021.docx\" class=\"su-button su-button-style-flat\" style=\"color:#FFFFFF;background-color:#144bb6;border-color:#103c92;border-radius:1px\" target=\"_self\"><span style=\"color:#FFFFFF;padding:0px 24px;font-size:18px;line-height:36px;border-color:#5b81cc;border-radius:1px;text-shadow:none\">   DOC<\/span><\/a><\/div>\n<\/div>\r\n\r\n\r\n<\/div>\r\n\r\n\r\n\r\n<p style=\"text-align: center;\"><strong>Beispiele<\/strong><\/p>\r\n\r\n<div class=\"wp-block-columns is-layout-flex wp-container-core-columns-is-layout-9d6595d7 wp-block-columns-is-layout-flex\">\r\n\r\n\r\n<div class=\"wp-block-column is-layout-flow wp-block-column-is-layout-flow\"><div class=\"su-button-center\"><a href=\"http:\/\/www.soliserv.de\/pdf\/Musterschreiben-Betriebsraete.pdf\" class=\"su-button su-button-style-flat\" style=\"color:#FFFFFF;background-color:#144bb6;border-color:#103c92;border-radius:1px\" target=\"_self\"><span style=\"color:#FFFFFF;padding:0px 24px;font-size:18px;line-height:36px;border-color:#5b81cc;border-radius:1px;text-shadow:none\">  Beispiel &#8211; 1 <\/span><\/a><\/div>\n<\/div>\r\n\r\n\r\n\r\n<div class=\"wp-block-column is-layout-flow wp-block-column-is-layout-flow\"><div class=\"su-button-center\"><a href=\"https:\/\/www.betriebsrat.de\/news\/pdf\/-protokoll-schreiben-im-betriebsrat-19927\" class=\"su-button su-button-style-flat\" style=\"color:#FFFFFF;background-color:#144bb6;border-color:#103c92;border-radius:1px\" target=\"_self\"><span style=\"color:#FFFFFF;padding:0px 24px;font-size:18px;line-height:36px;border-color:#5b81cc;border-radius:1px;text-shadow:none\">  Beispiel &#8211; 2 <\/span><\/a><\/div>\n<\/div>\r\n\r\n\r\n<\/div>\r\n\r\n\r\n<hr class=\"wp-block-separator has-alpha-channel-opacity\" \/>\r\n\r\n\r\n\r\n<div class=\"wp-block-columns is-layout-flex wp-container-core-columns-is-layout-9d6595d7 wp-block-columns-is-layout-flex\">\r\n\r\n\r\n<div class=\"wp-block-column is-layout-flow wp-block-column-is-layout-flow\"><div class=\"su-button-center\"><a href=\"https:\/\/www.juristische-fachbuchhandlung.de\/media\/products\/9783766371942_Inhaltsverzeichnis.pdf\" class=\"su-button su-button-style-flat\" style=\"color:#FFFFFF;background-color:#144bb6;border-color:#103c92;border-radius:1px\" target=\"_self\"><span style=\"color:#FFFFFF;padding:0px 24px;font-size:18px;line-height:36px;border-color:#5b81cc;border-radius:1px;text-shadow:none\">  Beispiel &#8211; 3 <\/span><\/a><\/div>\n<\/div>\r\n\r\n\r\n\r\n<div class=\"wp-block-column is-layout-flow wp-block-column-is-layout-flow\"><div class=\"su-button-center\"><a href=\"http:\/\/www.soliserv.de\/pdf\/Musterschreiben-Betriebsraete.pdf\" class=\"su-button su-button-style-flat\" style=\"color:#FFFFFF;background-color:#144bb6;border-color:#103c92;border-radius:1px\" target=\"_self\"><span style=\"color:#FFFFFF;padding:0px 24px;font-size:18px;line-height:36px;border-color:#5b81cc;border-radius:1px;text-shadow:none\">  Beispiel &#8211; 4 <\/span><\/a><\/div>\n<\/div>\r\n\r\n\r\n<\/div>\r\n\r\n\r\n<hr class=\"wp-block-separator has-alpha-channel-opacity\" \/>\r\n\r\n<!-- \/wp:post-content -->\r\n\r\n<!-- wp:table {\"align\":\"center\"} -->\r\n<figure class=\"wp-block-table aligncenter\">\r\n<table>\r\n<tbody>\r\n<tr>\r\n<td style=\"text-align: center;\">Schreiben An Betriebsrat<\/td>\r\n<\/tr>\r\n<tr>\r\n<td style=\"text-align: center;\">PDF &#8211; WORD Datei<\/td>\r\n<\/tr>\r\n<tr>\r\n<td style=\"text-align: center;\">Bewertung: \u2b50\u2b50\u2b50\u2b50\u2b50 4.74<\/td>\r\n<\/tr>\r\n<tr>\r\n<td style=\"text-align: center;\">Ergebnisse &#8211; 5750<\/td>\r\n<\/tr>\r\n<\/tbody>\r\n<\/table>\r\n<\/figure>\r\n<!-- \/wp:table -->\r\n\r\n<!-- wp:separator -->\r\n\r\n<hr class=\"wp-block-separator has-alpha-channel-opacity\" \/>\r\n\r\n<!-- \/wp:separator -->\r\n\r\n<div class=\"su-note\"  style=\"border-color:#e5e5e5;border-radius:10px;-moz-border-radius:10px;-webkit-border-radius:10px;\"><div class=\"su-note-inner su-u-clearfix su-u-trim\" style=\"background-color:#FFFFFF;border-color:#ffffff;color:#333333;border-radius:10px;-moz-border-radius:10px;-webkit-border-radius:10px;\">\r\n\r\n<p>Ein Brief an den Betriebsrat kann aus verschiedenen Gr\u00fcnden verfasst werden, sei es um ein Anliegen vorzutragen, eine Beschwerde einzureichen oder um Informationen einzuholen. Es ist wichtig, dass der Brief klar strukturiert, pr\u00e4zise und h\u00f6flich formuliert ist. In dieser Anleitung werden wir die verschiedenen Schritte und Bestandteile des Briefschreibens ausf\u00fchrlich erkl\u00e4ren und wichtige \u00dcberlegungen zur formalen Gestaltung und zum Aufbau eines effektiven Briefes geben.<\/p>  <h3>1. Einleitung<\/h3> <p>In der Einleitung des Briefes m\u00fcssen Sie den Zweck Ihres Schreibens klar und deutlich formulieren. Sie k\u00f6nnen in einem kurzen Satz erw\u00e4hnen, wer Sie sind und warum Sie den Brief schreiben. Wenn Sie z.B. ein Anliegen haben, k\u00f6nnen Sie dies hier kurz erw\u00e4hnen. Es ist wichtig, dass Sie h\u00f6flich und respektvoll bleiben und einen positiven Ton beibehalten.<\/p>  <p><strong>Beispiel:<\/strong><\/p> <p>Sehr geehrte Mitglieder des Betriebsrates,<\/p> <p>ich schreibe Ihnen diesen Brief, um Ihnen mein Anliegen bez\u00fcglich der Arbeitsbedingungen in unserer Abteilung mitzuteilen. Als langj\u00e4hriges Mitglied des Teams bin ich sehr besorgt \u00fcber&#8230;<\/p>  <h3>2. Hauptteil<\/h3> <p>Der Hauptteil des Briefes ist der l\u00e4ngste Teil und sollte ausf\u00fchrliche Informationen zu Ihrem Anliegen enthalten. Hier haben Sie die M\u00f6glichkeit, Ihre Gr\u00fcnde und Argumente darzulegen und gegebenenfalls Beweise oder Beispiele anzuf\u00fchren. Stellen Sie sicher, dass Sie alle relevanten Informationen geben und alle Fragen beantworten, die der Betriebsrat stellen k\u00f6nnte.<\/p>  <h4>2.1 Hintergrundinformationen<\/h4> <p>In diesem Abschnitt k\u00f6nnen Sie Informationen \u00fcber den aktuellen Zustand, Probleme oder Schwierigkeiten in Ihrer Abteilung geben. Geben Sie gen\u00fcgend Details, um die Situation zu verdeutlichen, aber vermeiden Sie zu lange Ausf\u00fchrungen. Verwenden Sie Abs\u00e4tze, um Ihre Informationen zu strukturieren und benutzen Sie \u00dcberschriften, um die verschiedenen Abschnitte zu kennzeichnen.<\/p>  <p><strong>Beispiel:<\/strong><\/p> <p>Momentan haben wir in unserer Abteilung gro\u00dfe Schwierigkeiten, die gesteckten Ziele aufgrund von Personalmangel zu erreichen. Dies f\u00fchrt zu \u00dcberlastung bei den Mitarbeitern, Stress und Unzufriedenheit. Eine langfristige L\u00f6sung muss gefunden werden, um das Problem zu beheben und die Arbeitsbedingungen zu verbessern.<\/p>  <h4>2.2 Vorschl\u00e4ge und L\u00f6sungen<\/h4> <p>In diesem Abschnitt k\u00f6nnen Sie m\u00f6gliche L\u00f6sungen oder Verbesserungsvorschl\u00e4ge f\u00fcr die Probleme in Ihrer Abteilung vorschlagen. Seien Sie konkret und geben Sie klare Handlungsempfehlungen. Es ist wichtig, dass Ihre Vorschl\u00e4ge realistisch und umsetzbar sind.<\/p>  <p><strong>Beispiel:<\/strong><\/p> <p>Um das Problem des Personalmangels in unserer Abteilung zu beheben, schlage ich vor, zus\u00e4tzliche Mitarbeiter einzustellen oder tempor\u00e4re Arbeitskr\u00e4fte zu engagieren. Durch eine angemessene Personalausstattung k\u00f6nnen wir sicherstellen, dass alle Aufgaben rechtzeitig erledigt werden und die Mitarbeiter in einem gesunden und produktiven Arbeitsumfeld arbeiten k\u00f6nnen.<\/p>  <h3>3. Schluss<\/h3> <p>Im Schluss des Briefes fassen Sie Ihre Argumente noch einmal zusammen und geben Sie eine klare Schlussfolgerung. Bedanken Sie sich f\u00fcr die Aufmerksamkeit des Betriebsrats und bieten Sie Ihre Unterst\u00fctzung bei der Umsetzung der vorgeschlagenen L\u00f6sungen an. Zeigen Sie Ihre Bereitschaft zur weiteren Zusammenarbeit und bleiben Sie h\u00f6flich.<\/p>  <p><strong>Beispiel:<\/strong><\/p> <p>Abschlie\u00dfend m\u00f6chte ich mich nochmals f\u00fcr Ihre Aufmerksamkeit bedanken und hoffe, dass meine Vorschl\u00e4ge in Betracht gezogen werden k\u00f6nnen. Gerne stehe ich Ihnen f\u00fcr weitere Informationen oder Diskussionen zur Verf\u00fcgung. Zusammen k\u00f6nnen wir eine L\u00f6sung finden, um die Situation in unserer Abteilung zu verbessern.<\/p>  <h3>4. Formale Gestaltung und Aufbau<\/h3> <p>Um sicherzustellen, dass Ihr Brief professionell wirkt, sollten Sie die folgenden Punkte bei der formalen Gestaltung und beim Aufbau beachten:<\/p>  <dl> <dt>a) Betreffzeile<\/dt> <dd>Verwenden Sie eine klare und pr\u00e4zise Betreffzeile, um den Zweck Ihres Schreibens deutlich zu machen.<\/dd>  <dt>b) H\u00f6fliche Anrede<\/dt> <dd>Beginnen Sie den Brief mit einer h\u00f6flichen Anrede, in der Sie den Betriebsrat angemessen ansprechen.<\/dd>  <dt>c) Verst\u00e4ndlicher Text<\/dt> <dd>Formulieren Sie Ihren Text pr\u00e4zise und klar. Verwenden Sie kurze S\u00e4tze und vermeiden Sie Fachjargon, es sei denn, Sie sind sicher, dass der Betriebsrat mit den entsprechenden Begriffen vertraut ist.<\/dd>  <dt>d) \u00dcberschriften und Abs\u00e4tze<\/dt> <dd>Verwenden Sie \u00dcberschriften und Abs\u00e4tze, um Ihren Text zu strukturieren und die Lesbarkeit zu verbessern.<\/dd>  <dt>e) H\u00f6flicher Schluss<\/dt> <dd>Beenden Sie den Brief mit einer h\u00f6flichen und respektvollen Schlussformel, in der Sie Ihre Bereitschaft zur weiteren Zusammenarbeit ausdr\u00fccken.<\/dd>  <dt>f) Unterschrift<\/dt> <dd>Unterschreiben Sie den Brief per Hand unterhalb Ihres Namens.<\/dd> <\/dl>\r\n\r\n<\/div><\/div>\r\n\r\n<!-- wp:separator -->\r\n\r\n<hr class=\"wp-block-separator has-alpha-channel-opacity\" \/>","protected":false},"excerpt":{"rendered":"<p>Vorlage und Muster f\u00fcr Schreiben An Betriebsrat &#8211; Ausf\u00fcllen und Erstellung &#8211; \u00d6ffnen im WORD PDF Datei und Online &nbsp; &#8230; <\/p>\n<p class=\"read-more-container\"><a title=\"\u00d6ffnen &#8211; Schreiben An Betriebsrat\" class=\"read-more button\" href=\"https:\/\/schreibenpro.com\/de\/schreiben-an-betriebsrat-offnen\/#more-536\" aria-label=\"Mehr zu \u00d6ffnen &#8211; Schreiben An Betriebsrat\">\u00d6FFNEN <\/a><\/p>\n","protected":false},"author":1,"featured_media":0,"parent":0,"menu_order":0,"comment_status":"closed","ping_status":"closed","template":"","meta":{"footnotes":""},"class_list":{"0":"post-536","1":"page","2":"type-page","3":"status-publish","5":"infinite-scroll-item"},"yoast_head":"<!-- This site is optimized with the Yoast SEO plugin v24.6 - https:\/\/yoast.com\/wordpress\/plugins\/seo\/ -->\n<title>\u00d6ffnen - Schreiben An Betriebsrat - Schreiben PRO<\/title>\n<meta name=\"robots\" content=\"noindex, follow\" \/>\n<meta property=\"og:locale\" content=\"de_DE\" \/>\n<meta property=\"og:type\" content=\"article\" \/>\n<meta property=\"og:title\" content=\"\u00d6ffnen - Schreiben An Betriebsrat - Schreiben PRO\" \/>\n<meta property=\"og:description\" content=\"Vorlage und Muster f\u00fcr Schreiben An Betriebsrat &#8211; Ausf\u00fcllen und Erstellung &#8211; \u00d6ffnen im WORD PDF Datei und Online &nbsp; ... \u00d6FFNEN\" \/>\n<meta property=\"og:url\" content=\"https:\/\/schreibenpro.com\/de\/schreiben-an-betriebsrat-offnen\/\" \/>\n<meta property=\"og:site_name\" content=\"Schreiben PRO\" \/>\n<meta property=\"og:image\" content=\"https:\/\/schreibenpro.com\/de\/wp-content\/uploads\/schreiben-an-betriebsrat-muster-vorlage.jpg\" \/>\n<meta name=\"twitter:card\" content=\"summary_large_image\" \/>\n<meta name=\"twitter:label1\" content=\"Gesch\u00e4tzte Lesezeit\" \/>\n\t<meta name=\"twitter:data1\" content=\"1\u00a0Minute\" \/>\n<!-- \/ Yoast SEO plugin. -->","yoast_head_json":{"title":"\u00d6ffnen - Schreiben An Betriebsrat - Schreiben PRO","robots":{"index":"noindex","follow":"follow"},"og_locale":"de_DE","og_type":"article","og_title":"\u00d6ffnen - Schreiben An Betriebsrat - Schreiben PRO","og_description":"Vorlage und Muster f\u00fcr Schreiben An Betriebsrat &#8211; Ausf\u00fcllen und Erstellung &#8211; \u00d6ffnen im WORD PDF Datei und Online &nbsp; ... \u00d6FFNEN","og_url":"https:\/\/schreibenpro.com\/de\/schreiben-an-betriebsrat-offnen\/","og_site_name":"Schreiben PRO","og_image":[{"url":"https:\/\/schreibenpro.com\/de\/wp-content\/uploads\/schreiben-an-betriebsrat-muster-vorlage.jpg","type":"","width":"","height":""}],"twitter_card":"summary_large_image","twitter_misc":{"Gesch\u00e4tzte Lesezeit":"1\u00a0Minute"},"schema":{"@context":"https:\/\/schema.org","@graph":[{"@type":"WebPage","@id":"https:\/\/schreibenpro.com\/de\/schreiben-an-betriebsrat-offnen\/","url":"https:\/\/schreibenpro.com\/de\/schreiben-an-betriebsrat-offnen\/","name":"\u00d6ffnen - Schreiben An Betriebsrat - Schreiben PRO","isPartOf":{"@id":"https:\/\/schreibenpro.com\/de\/#website"},"primaryImageOfPage":{"@id":"https:\/\/schreibenpro.com\/de\/schreiben-an-betriebsrat-offnen\/#primaryimage"},"image":{"@id":"https:\/\/schreibenpro.com\/de\/schreiben-an-betriebsrat-offnen\/#primaryimage"},"thumbnailUrl":"https:\/\/schreibenpro.com\/de\/wp-content\/uploads\/schreiben-an-betriebsrat-muster-vorlage.jpg","datePublished":"2023-12-18T08:24:25+00:00","breadcrumb":{"@id":"https:\/\/schreibenpro.com\/de\/schreiben-an-betriebsrat-offnen\/#breadcrumb"},"inLanguage":"de","potentialAction":[{"@type":"ReadAction","target":["https:\/\/schreibenpro.com\/de\/schreiben-an-betriebsrat-offnen\/"]}]},{"@type":"ImageObject","inLanguage":"de","@id":"https:\/\/schreibenpro.com\/de\/schreiben-an-betriebsrat-offnen\/#primaryimage","url":"https:\/\/schreibenpro.com\/de\/wp-content\/uploads\/anschreiben-zum-angebot-muster-vorlage.jpg","contentUrl":"https:\/\/schreibenpro.com\/de\/wp-content\/uploads\/anschreiben-zum-angebot-muster-vorlage.jpg","width":1410,"height":2250},{"@type":"BreadcrumbList","@id":"https:\/\/schreibenpro.com\/de\/schreiben-an-betriebsrat-offnen\/#breadcrumb","itemListElement":[{"@type":"ListItem","position":1,"name":"Portada","item":"https:\/\/schreibenpro.com\/de\/"},{"@type":"ListItem","position":2,"name":"\u00d6ffnen &#8211; Schreiben An Betriebsrat"}]},{"@type":"WebSite","@id":"https:\/\/schreibenpro.com\/de\/#website","url":"https:\/\/schreibenpro.com\/de\/","name":"Schreiben PRO","description":"Muster und Vorlage","publisher":{"@id":"https:\/\/schreibenpro.com\/de\/#organization"},"potentialAction":[{"@type":"SearchAction","target":{"@type":"EntryPoint","urlTemplate":"https:\/\/schreibenpro.com\/de\/?s={search_term_string}"},"query-input":{"@type":"PropertyValueSpecification","valueRequired":true,"valueName":"search_term_string"}}],"inLanguage":"de"},{"@type":"Organization","@id":"https:\/\/schreibenpro.com\/de\/#organization","name":"Schreiben PRO","url":"https:\/\/schreibenpro.com\/de\/","logo":{"@type":"ImageObject","inLanguage":"de","@id":"https:\/\/schreibenpro.com\/de\/#\/schema\/logo\/image\/","url":"https:\/\/schreibenpro.com\/de\/wp-content\/uploads\/cropped-fav.png","contentUrl":"https:\/\/schreibenpro.com\/de\/wp-content\/uploads\/cropped-fav.png","width":512,"height":512,"caption":"Schreiben PRO"},"image":{"@id":"https:\/\/schreibenpro.com\/de\/#\/schema\/logo\/image\/"}}]}},"_links":{"self":[{"href":"https:\/\/schreibenpro.com\/de\/wp-json\/wp\/v2\/pages\/536","targetHints":{"allow":["GET"]}}],"collection":[{"href":"https:\/\/schreibenpro.com\/de\/wp-json\/wp\/v2\/pages"}],"about":[{"href":"https:\/\/schreibenpro.com\/de\/wp-json\/wp\/v2\/types\/page"}],"author":[{"embeddable":true,"href":"https:\/\/schreibenpro.com\/de\/wp-json\/wp\/v2\/users\/1"}],"replies":[{"embeddable":true,"href":"https:\/\/schreibenpro.com\/de\/wp-json\/wp\/v2\/comments?post=536"}],"version-history":[{"count":0,"href":"https:\/\/schreibenpro.com\/de\/wp-json\/wp\/v2\/pages\/536\/revisions"}],"wp:attachment":[{"href":"https:\/\/schreibenpro.com\/de\/wp-json\/wp\/v2\/media?parent=536"}],"curies":[{"name":"wp","href":"https:\/\/api.w.org\/{rel}","templated":true}]}}