{"id":539,"date":"2023-12-18T08:24:26","date_gmt":"2023-12-18T08:24:26","guid":{"rendered":"https:\/\/schreibenpro.com\/de\/bem-anschreiben-haufe-offnen\/"},"modified":"2023-12-18T08:24:26","modified_gmt":"2023-12-18T08:24:26","slug":"bem-anschreiben-haufe-offnen","status":"publish","type":"page","link":"https:\/\/schreibenpro.com\/de\/bem-anschreiben-haufe-offnen\/","title":{"rendered":"\u00d6ffnen &#8211; Bem-Anschreiben Haufe"},"content":{"rendered":"\r\n<p class=\"has-text-align-center\">Muster und Vorlage f\u00fcr <strong> Bem-Anschreiben Haufe<\/strong> &#8211; Erstellung und Ausf\u00fcllen &#8211; \u00d6ffnen im <strong>PDF  WORD<\/strong> Datei und Online<\/p>\r\n\r\n\r\n\r\n\r\n<div class=\"wp-block-image\">\r\n<figure class=\"aligncenter size-large is-resized\"><img loading=\"lazy\" decoding=\"async\" class=\"wp-image-215\" src=\"https:\/\/schreibenpro.com\/de\/wp-content\/uploads\/bem-anschreiben-haufe-muster-vorlage.jpg\" alt=\"\" width=\"245\" height=\"391\" \/><\/figure>\r\n<\/div>\r\n\r\n\r\n\r\n<hr class=\"wp-block-separator has-alpha-channel-opacity\" \/>\r\n\r\n\r\n\r\n\r\n\r\n<div class=\"su-note\"  style=\"border-color:#e5e5e5;border-radius:10px;-moz-border-radius:10px;-webkit-border-radius:10px;\"><div class=\"su-note-inner su-u-clearfix su-u-trim\" style=\"background-color:#FFFFFF;border-color:#ffffff;color:#333333;border-radius:10px;-moz-border-radius:10px;-webkit-border-radius:10px;\">\r\n\r\n<section id=\"specialParagraph\"><style> h1 { color: blue; font-size: 24px; text-align: center; } p { font-size: 12px; text-align: justify; } strong { font-weight: bold; } b { font-weight: bold; } dt { font-weight: bold; } <\/style>    <p>Sehr geehrte\/r [Empf\u00e4ngername],<\/p>  <p>ich schreibe Ihnen dieses Bem-Anschreiben Haufe, um mich als potenzieller Kandidat f\u00fcr die ausgeschriebene Stelle bei Ihrem Unternehmen vorzustellen. Ich habe von der Stellenausschreibung erfahren und bin sehr daran interessiert, bei Haufe zu arbeiten.<\/p>  <p><strong>Einleitung:<\/strong><\/p> <p>Im ersten Absatz Ihres Bem-Anschreibens Haufe sollten Sie den Zweck des Schreibens klarstellen und den Empf\u00e4nger dar\u00fcber informieren, wie Sie von der ausgeschriebenen Stelle erfahren haben.<\/p>  <p><strong>Motivation:<\/strong><\/p> <p>Im n\u00e4chsten Absatz sollten Sie Ihre Motivation f\u00fcr eine Anstellung bei Haufe erl\u00e4utern. Erw\u00e4hnen Sie verschiedene Aspekte des Unternehmens, die Sie anziehend finden, wie beispielsweise die gute Unternehmenskultur oder die M\u00f6glichkeiten zur beruflichen Weiterentwicklung.<\/p>  <p><strong>Qualifikationen:<\/strong><\/p> <p>Im darauf folgenden Absatz sollten Sie Ihre relevanten Qualifikationen und Erfahrungen hervorheben. Beschreiben Sie Ihre fachlichen F\u00e4higkeiten und wie diese zur ausgeschriebenen Stelle passen. Verweisen Sie auf Ihre bisherige Berufserfahrung und geben Sie konkrete Beispiele f\u00fcr Erfolge und Leistungen an.<\/p>  <p><strong>Warum ich ein guter Kandidat bin:<\/strong><\/p> <p>In diesem Absatz sollten Sie erkl\u00e4ren, warum Sie eine gute Erg\u00e4nzung f\u00fcr das Team bei Haufe w\u00e4ren. Heben Sie besondere F\u00e4higkeiten, Soft Skills oder Eigenschaften hervor, die Sie auszeichnen und die f\u00fcr die Anforderungen der Stelle relevant sind.<\/p>  <p><strong>Schluss:<\/strong><\/p> <p>Im Schlussabsatz sollten Sie nochmals Ihre Begeisterung f\u00fcr die Stelle und das Unternehmen zum Ausdruck bringen. Bedanken Sie sich f\u00fcr die Ber\u00fccksichtigung Ihrer Bewerbung und geben Sie an, dass Sie sich \u00fcber eine Einladung zu einem pers\u00f6nlichen Vorstellungsgespr\u00e4ch freuen w\u00fcrden. Geben Sie auch Ihre Kontaktdaten an, falls weitere Informationen ben\u00f6tigt werden.<\/p>  <p>Ich freue mich sehr \u00fcber eine positive R\u00fcckmeldung und stehe Ihnen gerne zur Verf\u00fcgung, wenn Sie weitere Informationen ben\u00f6tigen.<\/p>  <p>Mit freundlichen Gr\u00fc\u00dfen,<\/p>  [Ihr Name]<\/section><\/div><\/div>\r\n\r\n&nbsp;\r\n\r\n\r\n\r\n\r\n\r\n\r\n<p class=\"has-text-align-center\">Muster und Vorlage f\u00fcr <strong> Bem-Anschreiben Haufe <\/strong> zur Anpassung und Erstellung  im <strong>WORD<\/strong>\u2013 und <strong>PDF-Format<\/strong><\/p>\r\n\r\n\r\n<button id=\"generatePDF\">Erstellen (PDF &#8211; WORD)<\/button>\r\n\r\n\r\n\r\n<hr class=\"wp-block-separator has-alpha-channel-opacity\" \/>\r\n\r\n\r\n\r\n<p style=\"text-align: center;\"><strong>Bem-Anschreiben Haufe<\/strong><\/p>\r\n\r\n<div class=\"wp-block-columns is-layout-flex wp-container-core-columns-is-layout-9d6595d7 wp-block-columns-is-layout-flex\">\r\n\r\n\r\n<div class=\"wp-block-column is-layout-flow wp-block-column-is-layout-flow\"><div class=\"su-button-center\"><a href=\"https:\/\/betriebsrat-ad.site36.net\/files\/2019\/11\/BEM-Anh%C3%A4nge-u.-Vorgangs%C3%BCbersicht-gesamt-2013_1.0_11.09.13.pdf\" class=\"su-button su-button-style-flat\" style=\"color:#FFFFFF;background-color:#144bb6;border-color:#103c92;border-radius:1px\" target=\"_self\"><span style=\"color:#FFFFFF;padding:0px 24px;font-size:18px;line-height:36px;border-color:#5b81cc;border-radius:1px;text-shadow:none\">   PDF <\/span><\/a><\/div>\n<\/div>\r\n\r\n\r\n\r\n<div class=\"wp-block-column is-layout-flow wp-block-column-is-layout-flow\"><div class=\"su-button-center\"><a href=\"https:\/\/betriebsrat-ad.site36.net\/files\/2019\/11\/BEM-Anh%C3%A4nge-u.-Vorgangs%C3%BCbersicht-gesamt-2013_1.0_11.09.13.pdf\" class=\"su-button su-button-style-flat\" style=\"color:#FFFFFF;background-color:#144bb6;border-color:#103c92;border-radius:1px\" target=\"_self\"><span style=\"color:#FFFFFF;padding:0px 24px;font-size:18px;line-height:36px;border-color:#5b81cc;border-radius:1px;text-shadow:none\">   DOC<\/span><\/a><\/div>\n<\/div>\r\n\r\n\r\n<\/div>\r\n\r\n\r\n\r\n<p style=\"text-align: center;\"><strong>Beispiele<\/strong><\/p>\r\n\r\n<div class=\"wp-block-columns is-layout-flex wp-container-core-columns-is-layout-9d6595d7 wp-block-columns-is-layout-flex\">\r\n\r\n\r\n<div class=\"wp-block-column is-layout-flow wp-block-column-is-layout-flow\"><div class=\"su-button-center\"><a href=\"https:\/\/betriebsrat-ad.site36.net\/files\/2019\/11\/BEM-Anh%C3%A4nge-u.-Vorgangs%C3%BCbersicht-gesamt-2013_1.0_11.09.13.pdf\" class=\"su-button su-button-style-flat\" style=\"color:#FFFFFF;background-color:#144bb6;border-color:#103c92;border-radius:1px\" target=\"_self\"><span style=\"color:#FFFFFF;padding:0px 24px;font-size:18px;line-height:36px;border-color:#5b81cc;border-radius:1px;text-shadow:none\">  Beispiel &#8211; 1 <\/span><\/a><\/div>\n<\/div>\r\n\r\n\r\n\r\n<div class=\"wp-block-column is-layout-flow wp-block-column-is-layout-flow\"><div class=\"su-button-center\"><a href=\"https:\/\/www.transparenz.bremen.de\/sixcms\/media.php\/176\/VVHB-VVHB000002810_VVHB-RS-2018-12-20180829-SF-A001.pdf\" class=\"su-button su-button-style-flat\" style=\"color:#FFFFFF;background-color:#144bb6;border-color:#103c92;border-radius:1px\" target=\"_self\"><span style=\"color:#FFFFFF;padding:0px 24px;font-size:18px;line-height:36px;border-color:#5b81cc;border-radius:1px;text-shadow:none\">  Beispiel &#8211; 2 <\/span><\/a><\/div>\n<\/div>\r\n\r\n\r\n<\/div>\r\n\r\n\r\n<hr class=\"wp-block-separator has-alpha-channel-opacity\" \/>\r\n\r\n\r\n\r\n<div class=\"wp-block-columns is-layout-flex wp-container-core-columns-is-layout-9d6595d7 wp-block-columns-is-layout-flex\">\r\n\r\n\r\n<div class=\"wp-block-column is-layout-flow wp-block-column-is-layout-flow\"><div class=\"su-button-center\"><a href=\"https:\/\/www.deutsche-rentenversicherung.de\/SharedDocs\/Downloads\/DE\/Experten\/Arbeitgeber-und-Steuerberater\/BEM\/bem_leitfaden.pdf?__blob=publicationFile&#038;v=3\" class=\"su-button su-button-style-flat\" style=\"color:#FFFFFF;background-color:#144bb6;border-color:#103c92;border-radius:1px\" target=\"_self\"><span style=\"color:#FFFFFF;padding:0px 24px;font-size:18px;line-height:36px;border-color:#5b81cc;border-radius:1px;text-shadow:none\">  Beispiel &#8211; 3 <\/span><\/a><\/div>\n<\/div>\r\n\r\n\r\n\r\n<div class=\"wp-block-column is-layout-flow wp-block-column-is-layout-flow\"><div class=\"su-button-center\"><a href=\"https:\/\/betriebsrat-ad.site36.net\/files\/2019\/11\/BEM-Anh%C3%A4nge-u.-Vorgangs%C3%BCbersicht-gesamt-2013_1.0_11.09.13.pdf\" class=\"su-button su-button-style-flat\" style=\"color:#FFFFFF;background-color:#144bb6;border-color:#103c92;border-radius:1px\" target=\"_self\"><span style=\"color:#FFFFFF;padding:0px 24px;font-size:18px;line-height:36px;border-color:#5b81cc;border-radius:1px;text-shadow:none\">  Beispiel &#8211; 4 <\/span><\/a><\/div>\n<\/div>\r\n\r\n\r\n<\/div>\r\n\r\n\r\n<hr class=\"wp-block-separator has-alpha-channel-opacity\" \/>\r\n\r\n<!-- \/wp:post-content -->\r\n\r\n<!-- wp:table {\"align\":\"center\"} -->\r\n<figure class=\"wp-block-table aligncenter\">\r\n<table>\r\n<tbody>\r\n<tr>\r\n<td style=\"text-align: center;\">Bem-Anschreiben Haufe<\/td>\r\n<\/tr>\r\n<tr>\r\n<td style=\"text-align: center;\">PDF &#8211; WORD Datei<\/td>\r\n<\/tr>\r\n<tr>\r\n<td style=\"text-align: center;\">Bewertung: \u2b50\u2b50\u2b50\u2b50\u2b50 4.78<\/td>\r\n<\/tr>\r\n<tr>\r\n<td style=\"text-align: center;\">Ergebnisse &#8211; 3173<\/td>\r\n<\/tr>\r\n<\/tbody>\r\n<\/table>\r\n<\/figure>\r\n<!-- \/wp:table -->\r\n\r\n<!-- wp:separator -->\r\n\r\n<hr class=\"wp-block-separator has-alpha-channel-opacity\" \/>\r\n\r\n<!-- \/wp:separator -->\r\n\r\n<div class=\"su-note\"  style=\"border-color:#e5e5e5;border-radius:10px;-moz-border-radius:10px;-webkit-border-radius:10px;\"><div class=\"su-note-inner su-u-clearfix su-u-trim\" style=\"background-color:#FFFFFF;border-color:#ffffff;color:#333333;border-radius:10px;-moz-border-radius:10px;-webkit-border-radius:10px;\">\r\n\r\n<p>Ein BEM-Anschreiben ist ein offizielles Schreiben, das verwendet wird, um eine Bewerbung zu begleiten. Es wird verwendet, um dem potenziellen Arbeitgeber weitere Informationen \u00fcber den Bewerber zu geben und seine Eignung f\u00fcr die ausgeschriebene Stelle zu unterstreichen. In dieser Anleitung erfahren Sie, wie Sie ein effektives BEM-Anschreiben verfassen k\u00f6nnen.<\/p>  <h3>Einf\u00fchrung<\/h3>  <p>Die Einleitung ist der erste Teil des BEM-Anschreibens und dient dazu, dem Leser zu vermitteln, wer Sie sind und welchen Zweck der Brief hat. Hier sind einige wichtige Punkte, die Sie in der Einleitung beachten sollten:<\/p>  <ol> <li><strong>Briefkopf:<\/strong> Geben Sie hier Ihre Kontaktdaten an, einschlie\u00dflich Ihres Namens, Ihrer Adresse, Ihrer Telefonnummer und Ihrer E-Mail-Adresse. Platzieren Sie diese Informationen oben auf der Seite.<\/li> <li><strong>Datum:<\/strong> Geben Sie das aktuelle Datum an.<\/li> <li><strong>Empf\u00e4ngeradresse:<\/strong> Geben Sie den Namen, den Titel und die Adresse des Empf\u00e4ngers an.<\/li> <li><strong>Betreff:<\/strong> Geben Sie eine kurze Beschreibung des Anliegens an. Verwenden Sie ein starkes Verb und machen Sie deutlich, worum es in Ihrem Anschreiben geht.<\/li> <li><strong>Anrede:<\/strong> Verwenden Sie eine formelle Anrede wie &#8220;Sehr geehrte(r) Herr\/Frau [Nachname]&#8221;.<\/li> <\/ol>  <h3>Hauptteil<\/h3>  <p>Der Hauptteil des BEM-Anschreibens ist der l\u00e4ngste Teil und enth\u00e4lt die wichtigsten Informationen \u00fcber Ihre Qualifikationen, Erfahrungen und F\u00e4higkeiten. Hier sind einige Tipps, wie Sie den Hauptteil strukturieren k\u00f6nnen:<\/p>  <ol> <li><strong>Auftakt:<\/strong> Beginnen Sie mit einer kurzen Ihrer beruflichen Laufbahn und Ihrer Absichten in Bezug auf die ausgeschriebene Stelle. Zeigen Sie Ihr Interesse an der Stelle und erkl\u00e4ren Sie, wie Sie auf die Stellenausschreibung aufmerksam geworden sind.<\/li> <li><strong>Ihr Profil:<\/strong> Beschreiben Sie Ihre relevanten F\u00e4higkeiten, Qualifikationen und Erfahrungen. Verwenden Sie Beispiele, um Ihre Aussagen zu untermauern und zeigen Sie, wie diese Eigenschaften zu den Anforderungen der Stelle passen.<\/li> <li><strong>Unternehmensbezug:<\/strong> Zeigen Sie, dass Sie das Unternehmen und seine Werte verstehen. Erw\u00e4hnen Sie bestimmte Projekte, die das Unternehmen durchgef\u00fchrt hat, und erkl\u00e4ren Sie, wie Ihre F\u00e4higkeiten und Erfahrungen zu diesen Projekten passen.<\/li> <li><strong>Ausblick:<\/strong> Geben Sie an, warum Sie glauben, dass Sie ein wertvoller Beitrag f\u00fcr das Unternehmen sein k\u00f6nnen. Stellen Sie Ihre Motivation, Ihre Teamf\u00e4higkeit und Ihre F\u00e4higkeit zur Probleml\u00f6sung heraus.<\/li> <\/ol>  <h3>Schluss<\/h3>  <p>Der Abschluss des BEM-Anschreibens ist der letzte Teil und sollte den Leser dazu ermutigen, Sie zu einem Vorstellungsgespr\u00e4ch einzuladen. Hier sind einige wichtige Punkte, die Sie im Abschluss beachten sollten:<\/p>  <ol> <li><strong>Dankbarkeit:<\/strong> Bedanken Sie sich f\u00fcr die Zeit und die Aufmerksamkeit, die der Leser Ihrem Anschreiben gewidmet hat.<\/li> <li><strong>Erwartung:<\/strong> Zeigen Sie Ihre Bereitschaft, weitere Informationen bereitzustellen und sich pers\u00f6nlich vorzustellen.<\/li> <li><strong>Kontaktdaten:<\/strong> Geben Sie erneut Ihre Kontaktdaten an und machen Sie deutlich, wie der Arbeitgeber Sie erreichen kann.<\/li> <li><strong>Gru\u00dfformel:<\/strong> Verwenden Sie eine formelle Gru\u00dfformel wie &#8220;Mit freundlichen Gr\u00fc\u00dfen&#8221; und unterschreiben Sie dann den Brief von Hand.<\/li> <\/ol>  <h3>Formale Gestaltung und Aufbau<\/h3>  <p>Abgesehen von den inhaltlichen Bestandteilen gibt es auch einige wichtige Aspekte zur formalen Gestaltung und zum Aufbau eines effektiven BEM-Anschreibens, die Sie beachten sollten:<\/p>  <dl> <dt><strong>L\u00e4nge:<\/strong><\/dt> <dd>Halten Sie das Anschreiben auf etwa eine Seite beschr\u00e4nkt, um sicherzustellen, dass der Leser nicht \u00fcberfordert wird.<\/dd> <dt><strong>Formatierung:<\/strong><\/dt> <dd>Verwenden Sie einen professionellen Schriftstil und stellen Sie sicher, dass der Brief gut strukturiert ist, sodass er leicht lesbar ist.<\/dd> <dt><strong>Rechtschreibung und Grammatik:<\/strong><\/dt> <dd>\u00dcberpr\u00fcfen Sie den Brief sorgf\u00e4ltig auf Rechtschreib- und Grammatikfehler. Verwenden Sie zur \u00dcberpr\u00fcfung auch Rechtschreib- und Grammatikpr\u00fcfungsprogramme.<\/dd> <dt><strong>Anlagen:<\/strong><\/dt> <dd>Listen Sie alle Anlagen am Ende des Briefes auf. Geben Sie an, wie viele Anlagen Sie beif\u00fcgen, z. B. &#8220;Anlagen: Lebenslauf, Zeugnisse&#8221;.<\/dd> <\/dl>\r\n\r\n<\/div><\/div>\r\n\r\n<!-- wp:separator -->\r\n\r\n<hr class=\"wp-block-separator has-alpha-channel-opacity\" \/>","protected":false},"excerpt":{"rendered":"<p>Muster und Vorlage f\u00fcr Bem-Anschreiben Haufe &#8211; Erstellung und Ausf\u00fcllen &#8211; \u00d6ffnen im PDF WORD Datei und Online &nbsp; Muster &#8230; <\/p>\n<p class=\"read-more-container\"><a title=\"\u00d6ffnen &#8211; Bem-Anschreiben Haufe\" class=\"read-more button\" href=\"https:\/\/schreibenpro.com\/de\/bem-anschreiben-haufe-offnen\/#more-539\" aria-label=\"Mehr zu \u00d6ffnen &#8211; Bem-Anschreiben Haufe\">\u00d6FFNEN <\/a><\/p>\n","protected":false},"author":1,"featured_media":0,"parent":0,"menu_order":0,"comment_status":"closed","ping_status":"closed","template":"","meta":{"footnotes":""},"class_list":{"0":"post-539","1":"page","2":"type-page","3":"status-publish","5":"infinite-scroll-item"},"yoast_head":"<!-- This site is optimized with the Yoast SEO plugin v24.6 - https:\/\/yoast.com\/wordpress\/plugins\/seo\/ -->\n<title>\u00d6ffnen - Bem-Anschreiben Haufe - Schreiben PRO<\/title>\n<meta name=\"robots\" content=\"noindex, follow\" \/>\n<meta property=\"og:locale\" content=\"de_DE\" \/>\n<meta property=\"og:type\" content=\"article\" \/>\n<meta property=\"og:title\" content=\"\u00d6ffnen - Bem-Anschreiben Haufe - Schreiben PRO\" \/>\n<meta property=\"og:description\" content=\"Muster und Vorlage f\u00fcr Bem-Anschreiben Haufe &#8211; Erstellung und Ausf\u00fcllen &#8211; \u00d6ffnen im PDF WORD Datei und Online &nbsp; Muster ... \u00d6FFNEN\" \/>\n<meta property=\"og:url\" content=\"https:\/\/schreibenpro.com\/de\/bem-anschreiben-haufe-offnen\/\" \/>\n<meta property=\"og:site_name\" content=\"Schreiben PRO\" \/>\n<meta property=\"og:image\" content=\"https:\/\/schreibenpro.com\/de\/wp-content\/uploads\/bem-anschreiben-haufe-muster-vorlage.jpg\" \/>\n<meta name=\"twitter:card\" content=\"summary_large_image\" \/>\n<meta name=\"twitter:label1\" content=\"Gesch\u00e4tzte Lesezeit\" \/>\n\t<meta name=\"twitter:data1\" content=\"1\u00a0Minute\" \/>\n<!-- \/ Yoast SEO plugin. -->","yoast_head_json":{"title":"\u00d6ffnen - Bem-Anschreiben Haufe - Schreiben PRO","robots":{"index":"noindex","follow":"follow"},"og_locale":"de_DE","og_type":"article","og_title":"\u00d6ffnen - Bem-Anschreiben Haufe - Schreiben PRO","og_description":"Muster und Vorlage f\u00fcr Bem-Anschreiben Haufe &#8211; Erstellung und Ausf\u00fcllen &#8211; \u00d6ffnen im PDF WORD Datei und Online &nbsp; Muster ... \u00d6FFNEN","og_url":"https:\/\/schreibenpro.com\/de\/bem-anschreiben-haufe-offnen\/","og_site_name":"Schreiben PRO","og_image":[{"url":"https:\/\/schreibenpro.com\/de\/wp-content\/uploads\/bem-anschreiben-haufe-muster-vorlage.jpg","type":"","width":"","height":""}],"twitter_card":"summary_large_image","twitter_misc":{"Gesch\u00e4tzte Lesezeit":"1\u00a0Minute"},"schema":{"@context":"https:\/\/schema.org","@graph":[{"@type":"WebPage","@id":"https:\/\/schreibenpro.com\/de\/bem-anschreiben-haufe-offnen\/","url":"https:\/\/schreibenpro.com\/de\/bem-anschreiben-haufe-offnen\/","name":"\u00d6ffnen - Bem-Anschreiben Haufe - Schreiben PRO","isPartOf":{"@id":"https:\/\/schreibenpro.com\/de\/#website"},"primaryImageOfPage":{"@id":"https:\/\/schreibenpro.com\/de\/bem-anschreiben-haufe-offnen\/#primaryimage"},"image":{"@id":"https:\/\/schreibenpro.com\/de\/bem-anschreiben-haufe-offnen\/#primaryimage"},"thumbnailUrl":"https:\/\/schreibenpro.com\/de\/wp-content\/uploads\/bem-anschreiben-haufe-muster-vorlage.jpg","datePublished":"2023-12-18T08:24:26+00:00","breadcrumb":{"@id":"https:\/\/schreibenpro.com\/de\/bem-anschreiben-haufe-offnen\/#breadcrumb"},"inLanguage":"de","potentialAction":[{"@type":"ReadAction","target":["https:\/\/schreibenpro.com\/de\/bem-anschreiben-haufe-offnen\/"]}]},{"@type":"ImageObject","inLanguage":"de","@id":"https:\/\/schreibenpro.com\/de\/bem-anschreiben-haufe-offnen\/#primaryimage","url":"https:\/\/schreibenpro.com\/de\/wp-content\/uploads\/anschreiben-zum-angebot-muster-vorlage.jpg","contentUrl":"https:\/\/schreibenpro.com\/de\/wp-content\/uploads\/anschreiben-zum-angebot-muster-vorlage.jpg","width":1410,"height":2250},{"@type":"BreadcrumbList","@id":"https:\/\/schreibenpro.com\/de\/bem-anschreiben-haufe-offnen\/#breadcrumb","itemListElement":[{"@type":"ListItem","position":1,"name":"Portada","item":"https:\/\/schreibenpro.com\/de\/"},{"@type":"ListItem","position":2,"name":"\u00d6ffnen &#8211; Bem-Anschreiben Haufe"}]},{"@type":"WebSite","@id":"https:\/\/schreibenpro.com\/de\/#website","url":"https:\/\/schreibenpro.com\/de\/","name":"Schreiben PRO","description":"Muster und Vorlage","publisher":{"@id":"https:\/\/schreibenpro.com\/de\/#organization"},"potentialAction":[{"@type":"SearchAction","target":{"@type":"EntryPoint","urlTemplate":"https:\/\/schreibenpro.com\/de\/?s={search_term_string}"},"query-input":{"@type":"PropertyValueSpecification","valueRequired":true,"valueName":"search_term_string"}}],"inLanguage":"de"},{"@type":"Organization","@id":"https:\/\/schreibenpro.com\/de\/#organization","name":"Schreiben PRO","url":"https:\/\/schreibenpro.com\/de\/","logo":{"@type":"ImageObject","inLanguage":"de","@id":"https:\/\/schreibenpro.com\/de\/#\/schema\/logo\/image\/","url":"https:\/\/schreibenpro.com\/de\/wp-content\/uploads\/cropped-fav.png","contentUrl":"https:\/\/schreibenpro.com\/de\/wp-content\/uploads\/cropped-fav.png","width":512,"height":512,"caption":"Schreiben PRO"},"image":{"@id":"https:\/\/schreibenpro.com\/de\/#\/schema\/logo\/image\/"}}]}},"_links":{"self":[{"href":"https:\/\/schreibenpro.com\/de\/wp-json\/wp\/v2\/pages\/539","targetHints":{"allow":["GET"]}}],"collection":[{"href":"https:\/\/schreibenpro.com\/de\/wp-json\/wp\/v2\/pages"}],"about":[{"href":"https:\/\/schreibenpro.com\/de\/wp-json\/wp\/v2\/types\/page"}],"author":[{"embeddable":true,"href":"https:\/\/schreibenpro.com\/de\/wp-json\/wp\/v2\/users\/1"}],"replies":[{"embeddable":true,"href":"https:\/\/schreibenpro.com\/de\/wp-json\/wp\/v2\/comments?post=539"}],"version-history":[{"count":0,"href":"https:\/\/schreibenpro.com\/de\/wp-json\/wp\/v2\/pages\/539\/revisions"}],"wp:attachment":[{"href":"https:\/\/schreibenpro.com\/de\/wp-json\/wp\/v2\/media?parent=539"}],"curies":[{"name":"wp","href":"https:\/\/api.w.org\/{rel}","templated":true}]}}