{"id":543,"date":"2023-12-18T08:24:28","date_gmt":"2023-12-18T08:24:28","guid":{"rendered":"https:\/\/schreibenpro.com\/de\/bewerbungsschreiben-kfz-mechatroniker-offnen\/"},"modified":"2023-12-18T08:24:28","modified_gmt":"2023-12-18T08:24:28","slug":"bewerbungsschreiben-kfz-mechatroniker-offnen","status":"publish","type":"page","link":"https:\/\/schreibenpro.com\/de\/bewerbungsschreiben-kfz-mechatroniker-offnen\/","title":{"rendered":"\u00d6ffnen &#8211; Bewerbungsschreiben Kfz Mechatroniker"},"content":{"rendered":"\r\n<p class=\"has-text-align-center\">Muster und Vorlage f\u00fcr <strong> Bewerbungsschreiben Kfz Mechatroniker<\/strong> &#8211; Erstellung und Ausf\u00fcllen &#8211; \u00d6ffnen im <strong>PDF WORD<\/strong> Datei und Online<\/p>\r\n\r\n\r\n\r\n\r\n<div class=\"wp-block-image\">\r\n<figure class=\"aligncenter size-large is-resized\"><img loading=\"lazy\" decoding=\"async\" class=\"wp-image-215\" src=\"https:\/\/schreibenpro.com\/de\/wp-content\/uploads\/bewerbungsschreiben-kfz-mechatroniker-muster-vorlage.jpg\" alt=\"\" width=\"245\" height=\"391\" \/><\/figure>\r\n<\/div>\r\n\r\n\r\n\r\n<hr class=\"wp-block-separator has-alpha-channel-opacity\" \/>\r\n\r\n\r\n\r\n\r\n\r\n<div class=\"su-note\"  style=\"border-color:#e5e5e5;border-radius:10px;-moz-border-radius:10px;-webkit-border-radius:10px;\"><div class=\"su-note-inner su-u-clearfix su-u-trim\" style=\"background-color:#FFFFFF;border-color:#ffffff;color:#333333;border-radius:10px;-moz-border-radius:10px;-webkit-border-radius:10px;\">\r\n\r\n<section id=\"specialParagraph\"><p><strong>Ihre Anschrift:<\/strong><\/p> <p>Vorname Nachname<br> Stra\u00dfe, Hausnummer<br> PLZ, Ort<\/p>  <p><strong>Empf\u00e4nger Anschrift:<\/strong><\/p> <p>Firma XYZ<br> Ansprechpartner: Herr\/Frau XYZ<br> Stra\u00dfe, Hausnummer<br> PLZ, Ort<\/p>  <p><strong>Ihre Stadt, Datum<\/strong><\/p>  <p><strong>Betreff:<\/strong> Bewerbung um eine Stelle als Kfz Mechatroniker<\/p>  <p><strong>Sehr geehrte\/r Herr\/Frau XYZ,<\/strong><\/p>  <p>mit gro\u00dfem Interesse habe ich auf Ihrer Unternehmenswebsite gelesen, dass Sie aktuell eine offene Stelle als Kfz Mechatroniker zu besetzen haben. Da ich \u00fcberzeugt bin, dass meine F\u00e4higkeiten und Erfahrungen bestens zu Ihrem Unternehmen passen, m\u00f6chte ich mich hiermit um diese Stelle bewerben.<\/p>  <p><strong>Einleitung:<\/strong><\/p>  <p>Ich habe im Jahr 2010 meine Ausbildung zum Kfz Mechatroniker bei der Firma ABC erfolgreich abgeschlossen und seitdem kontinuierlich in diesem Beruf gearbeitet. W\u00e4hrend meiner Ausbildung konnte ich umfangreiche Kenntnisse und F\u00e4higkeiten in den Bereichen Fahrzeugwartung, Diagnose, Reparatur sowie Kundenbetreuung erwerben. Nach meiner Ausbildung habe ich bei verschiedenen namhaften Autoh\u00e4usern Erfahrungen gesammelt und mein Wissen in diesem Bereich stets erweitert.<\/p>  <p><strong>Hauptteil:<\/strong><\/p>  <p>Um Ihnen einen \u00dcberblick \u00fcber meine F\u00e4higkeiten und Erfahrungen zu geben, m\u00f6chte ich Ihnen einige meiner wichtigsten T\u00e4tigkeiten w\u00e4hrend meiner bisherigen T\u00e4tigkeiten als Kfz Mechatroniker vorstellen:<\/p>  <dt><strong>1. Fahrzeugwartung:<\/strong><\/dt> <dd>&#8211; Durchf\u00fchrung regelm\u00e4\u00dfiger Inspektionen und Wartungsarbeiten an Fahrzeugen<\/dd> <dd>&#8211; \u00d6lwechsel, Filterwechsel und Reifenwechsel<\/dd> <dd>&#8211; \u00dcberpr\u00fcfung der Bremsen, Sto\u00dfd\u00e4mpfer und anderer sicherheitsrelevanter Bauteile<\/dd>  <dt><strong>2. Diagnose und Reparatur:<\/strong><\/dt> <dd>&#8211; Fehlerdiagnose an Fahrzeugen mittels moderner Diagnoseger\u00e4te<\/dd> <dd>&#8211; Behebung von elektronischen, mechanischen und hydraulischen Defekten<\/dd> <dd>&#8211; Austausch von defekten Bauteilen und Komponenten<\/dd>  <dt><strong>3. Kundenbetreuung:<\/strong><\/dt> <dd>&#8211; Beratung und Betreuung der Kunden bei Fragen und Anliegen<\/dd> <dd>&#8211; Erstellung von transparenten Kostenvoranschl\u00e4gen und Durchf\u00fchrung von Reparaturauftr\u00e4gen<\/dd> <dd>&#8211; Durchf\u00fchrung von Probefahrten und \u00dcbergabe der reparierten Fahrzeuge an die Kunden<\/dd>  <p>In meiner bisherigen Karriere habe ich meine F\u00e4higkeiten und Kenntnisse stets weiterentwickelt und bin mit den neuesten Technologien und Entwicklungen in der Kfz-Branche vertraut. Ich bin au\u00dferdem sehr teamorientiert und arbeite gerne in einem motivierten und engagierten Team.<\/p>  <p><strong>Schluss:<\/strong><\/p>  <p>Es w\u00fcrde mich sehr freuen, Teil Ihres Unternehmens zu werden und mich mit meinen F\u00e4higkeiten und meiner Erfahrung einzubringen. Gerne m\u00f6chte ich Sie in einem pers\u00f6nlichen Gespr\u00e4ch von meiner Motivation und meinen F\u00e4higkeiten \u00fcberzeugen. \u00dcber eine Einladung zu einem Vorstellungsgespr\u00e4ch freue ich mich daher sehr.<\/p>  <p>Vielen Dank f\u00fcr die Ber\u00fccksichtigung meiner Bewerbung. Mit freundlichen Gr\u00fc\u00dfen<\/p>  <p>Vorname Nachname<\/p><\/section><\/div><\/div>\r\n\r\n&nbsp;\r\n\r\n\r\n\r\n\r\n\r\n\r\n<p class=\"has-text-align-center\">Vorlage und Muster f\u00fcr <strong> Bewerbungsschreiben Kfz Mechatroniker <\/strong> zur Anpassung und Erstellung  im <strong>WORD<\/strong>\u2013 und <strong>PDF-Format<\/strong><\/p>\r\n\r\n\r\n<button id=\"generatePDF\">Erstellen (PDF &#8211; WORD)<\/button>\r\n\r\n\r\n\r\n<hr class=\"wp-block-separator has-alpha-channel-opacity\" \/>\r\n\r\n\r\n\r\n<p style=\"text-align: center;\"><strong>Bewerbungsschreiben Kfz Mechatroniker<\/strong><\/p>\r\n\r\n<div class=\"wp-block-columns is-layout-flex wp-container-core-columns-is-layout-9d6595d7 wp-block-columns-is-layout-flex\">\r\n\r\n\r\n<div class=\"wp-block-column is-layout-flow wp-block-column-is-layout-flow\"><div class=\"su-button-center\"><a href=\"https:\/\/www.kfz-innung.hamburg\/files\/seiteninhalt\/pdf\/ausserbetriebliche-ausbildung\/musterbewerbung.pdf\" class=\"su-button su-button-style-flat\" style=\"color:#FFFFFF;background-color:#144bb6;border-color:#103c92;border-radius:1px\" target=\"_self\"><span style=\"color:#FFFFFF;padding:0px 24px;font-size:18px;line-height:36px;border-color:#5b81cc;border-radius:1px;text-shadow:none\">   PDF <\/span><\/a><\/div>\n<\/div>\r\n\r\n\r\n\r\n<div class=\"wp-block-column is-layout-flow wp-block-column-is-layout-flow\"><div class=\"su-button-center\"><a href=\"https:\/\/karrierebibel.de\/wp-content\/uploads\/2021\/03\/Bewerbung-Kfz-Mechatroniker-Anschreiben.docx\" class=\"su-button su-button-style-flat\" style=\"color:#FFFFFF;background-color:#144bb6;border-color:#103c92;border-radius:1px\" target=\"_self\"><span style=\"color:#FFFFFF;padding:0px 24px;font-size:18px;line-height:36px;border-color:#5b81cc;border-radius:1px;text-shadow:none\">   DOC<\/span><\/a><\/div>\n<\/div>\r\n\r\n\r\n<\/div>\r\n\r\n\r\n\r\n<p style=\"text-align: center;\"><strong>Beispiele<\/strong><\/p>\r\n\r\n<div class=\"wp-block-columns is-layout-flex wp-container-core-columns-is-layout-9d6595d7 wp-block-columns-is-layout-flex\">\r\n\r\n\r\n<div class=\"wp-block-column is-layout-flow wp-block-column-is-layout-flow\"><div class=\"su-button-center\"><a href=\"https:\/\/www.azubiyo.de\/media\/6274\/bewerbungsanschreiben_kfz-mechatroniker_anleitung.pdf\" class=\"su-button su-button-style-flat\" style=\"color:#FFFFFF;background-color:#144bb6;border-color:#103c92;border-radius:1px\" target=\"_self\"><span style=\"color:#FFFFFF;padding:0px 24px;font-size:18px;line-height:36px;border-color:#5b81cc;border-radius:1px;text-shadow:none\">  Beispiel &#8211; 1 <\/span><\/a><\/div>\n<\/div>\r\n\r\n\r\n\r\n<div class=\"wp-block-column is-layout-flow wp-block-column-is-layout-flow\"><div class=\"su-button-center\"><a href=\"https:\/\/www.kfz-innung.hamburg\/files\/seiteninhalt\/pdf\/ausserbetriebliche-ausbildung\/musterbewerbung.pdf\" class=\"su-button su-button-style-flat\" style=\"color:#FFFFFF;background-color:#144bb6;border-color:#103c92;border-radius:1px\" target=\"_self\"><span style=\"color:#FFFFFF;padding:0px 24px;font-size:18px;line-height:36px;border-color:#5b81cc;border-radius:1px;text-shadow:none\">  Beispiel &#8211; 2 <\/span><\/a><\/div>\n<\/div>\r\n\r\n\r\n<\/div>\r\n\r\n\r\n<hr class=\"wp-block-separator has-alpha-channel-opacity\" \/>\r\n\r\n\r\n\r\n<div class=\"wp-block-columns is-layout-flex wp-container-core-columns-is-layout-9d6595d7 wp-block-columns-is-layout-flex\">\r\n\r\n\r\n<div class=\"wp-block-column is-layout-flow wp-block-column-is-layout-flow\"><div class=\"su-button-center\"><a href=\"https:\/\/karrierebibel.de\/wp-content\/uploads\/2020\/03\/Bewerbung-Kfz-Mechatroniker-nach-Ausbildung-Anschreiben-Muster-Vorlage-Beispiel-PDF-Word.pdf\" class=\"su-button su-button-style-flat\" style=\"color:#FFFFFF;background-color:#144bb6;border-color:#103c92;border-radius:1px\" target=\"_self\"><span style=\"color:#FFFFFF;padding:0px 24px;font-size:18px;line-height:36px;border-color:#5b81cc;border-radius:1px;text-shadow:none\">  Beispiel &#8211; 3 <\/span><\/a><\/div>\n<\/div>\r\n\r\n\r\n\r\n<div class=\"wp-block-column is-layout-flow wp-block-column-is-layout-flow\"><div class=\"su-button-center\"><a href=\"https:\/\/www.kfz-innung.hamburg\/files\/seiteninhalt\/pdf\/ausserbetriebliche-ausbildung\/musterbewerbung.pdf\" class=\"su-button su-button-style-flat\" style=\"color:#FFFFFF;background-color:#144bb6;border-color:#103c92;border-radius:1px\" target=\"_self\"><span style=\"color:#FFFFFF;padding:0px 24px;font-size:18px;line-height:36px;border-color:#5b81cc;border-radius:1px;text-shadow:none\">  Beispiel &#8211; 4 <\/span><\/a><\/div>\n<\/div>\r\n\r\n\r\n<\/div>\r\n\r\n\r\n<hr class=\"wp-block-separator has-alpha-channel-opacity\" \/>\r\n\r\n<!-- \/wp:post-content -->\r\n\r\n<!-- wp:table {\"align\":\"center\"} -->\r\n<figure class=\"wp-block-table aligncenter\">\r\n<table>\r\n<tbody>\r\n<tr>\r\n<td style=\"text-align: center;\">Bewerbungsschreiben Kfz Mechatroniker<\/td>\r\n<\/tr>\r\n<tr>\r\n<td style=\"text-align: center;\">PDF &#8211; WORD Datei<\/td>\r\n<\/tr>\r\n<tr>\r\n<td style=\"text-align: center;\">Bewertung: \u2b50\u2b50\u2b50\u2b50\u2b50 4.35<\/td>\r\n<\/tr>\r\n<tr>\r\n<td style=\"text-align: center;\">Ergebnisse &#8211; 4611<\/td>\r\n<\/tr>\r\n<\/tbody>\r\n<\/table>\r\n<\/figure>\r\n<!-- \/wp:table -->\r\n\r\n<!-- wp:separator -->\r\n\r\n<hr class=\"wp-block-separator has-alpha-channel-opacity\" \/>\r\n\r\n<!-- \/wp:separator -->\r\n\r\n<div class=\"su-note\"  style=\"border-color:#e5e5e5;border-radius:10px;-moz-border-radius:10px;-webkit-border-radius:10px;\"><div class=\"su-note-inner su-u-clearfix su-u-trim\" style=\"background-color:#FFFFFF;border-color:#ffffff;color:#333333;border-radius:10px;-moz-border-radius:10px;-webkit-border-radius:10px;\">\r\n\r\n<p>Ein Bewerbungsschreiben ist ein wichtiger Teil einer erfolgreichen Bewerbung f\u00fcr eine Stelle als Kfz Mechatroniker. Es ist Ihre erste Gelegenheit, potenziellen Arbeitgebern zu zeigen, wer Sie sind und warum Sie f\u00fcr die Stelle geeignet sind. In diesem Handbuch erfahren Sie, wie Sie ein effektives Bewerbungsschreiben verfassen k\u00f6nnen.<\/p>  <h3>1. Einleitung<\/h3>  <p>Die Einleitung ist der erste Abschnitt Ihres Bewerbungsschreibens und dient dazu, das Interesse des Lesers zu wecken. Hier sollten Sie Ihren Namen, die Stelle, auf die Sie sich bewerben, und wo Sie die Stellenausschreibung gefunden haben, angeben. Sie k\u00f6nnen auch eine kurze Ihrer relevanten Erfahrungen und F\u00e4higkeiten geben.<\/p>  <p>Beispiel:<\/p> <p><strong>Sehr geehrter Herr\/Frau [Nachname des Ansprechpartners],<\/strong><\/p> <p>Ich schreibe Ihnen, um mich als Kfz Mechatroniker bei [Name des Unternehmens] zu bewerben, wie ich es in der Stellenanzeige auf Ihrer Website gesehen habe. Mit meiner Erfahrung in der Fahrzeugwartung und -reparatur bin ich \u00fcberzeugt, dass ich eine wertvolle Erg\u00e4nzung f\u00fcr Ihr Team sein kann.<\/p>  <h3>2. Hauptteil<\/h3>  <p>Der Hauptteil Ihres Bewerbungsschreibens ist der wichtigste Teil, da er Ihre relevanten Erfahrungen, F\u00e4higkeiten und Leistungen hervorhebt. Hier sollten Sie auf die Anforderungen der Stellenausschreibung eingehen und Beispiele aus Ihrer Berufserfahrung geben, die zeigen, wie Sie diese erf\u00fcllen.<\/p>  <p>Beispiel:<\/p> <p><strong>Als gelernter Kfz Mechatroniker mit drei Jahren Berufserfahrung bringe ich umfangreiche Kenntnisse in der Diagnose und Reparatur von Fahrzeugen mit. In meiner letzten Position bei [Name des Unternehmens] war ich f\u00fcr die regelm\u00e4\u00dfige Wartung, Fehlersuche und Reparatur von Pkw zust\u00e4ndig. Ich habe auch Erfahrung mit der Verwendung von Diagnoseger\u00e4ten und bin in der Lage, komplexe Probleme effizient zu l\u00f6sen.<\/strong><\/p>  <h3>3. Schluss<\/h3>  <p>Der Schluss Ihres Bewerbungsschreibens dient dazu, den Leser zu motivieren, Sie zu einem Vorstellungsgespr\u00e4ch einzuladen. Hier sollten Sie Ihr Interesse an der Stelle zeigen und darauf hinweisen, dass Sie f\u00fcr ein pers\u00f6nliches Gespr\u00e4ch zur Verf\u00fcgung stehen. Sie k\u00f6nnen auch Ihren Lebenslauf und andere relevante Dokumente anbieten.<\/p>  <p>Beispiel:<\/p> <p><strong>Ich w\u00fcrde mich sehr freuen, Teil Ihres Teams zu werden und mein Fachwissen als Kfz Mechatroniker einzubringen. Gerne stehe ich Ihnen f\u00fcr ein pers\u00f6nliches Gespr\u00e4ch oder weitere Fragen zur Verf\u00fcgung. Mein aktualisierter Lebenslauf ist im Anhang beigef\u00fcgt.<\/strong><\/p>  <h3>4. Formal Gestaltung und Aufbau<\/h3>  <p>Ein Bewerbungsschreiben sollte formal und gut strukturiert sein. Hier sind einige wichtige \u00dcberlegungen zur formalen Gestaltung und zum Aufbau:<\/p>  <dl> <dt>Datei-Format:<\/dt> <dd>Speichern Sie Ihr Bewerbungsschreiben als PDF, um sicherzustellen, dass das Format und die Formatierung beibehalten werden.<\/dd>  <dt>Schriftart:<\/dt> <dd>Verwenden Sie eine professionelle Schriftart wie Arial, Times New Roman oder Calibri. Die Schriftgr\u00f6\u00dfe sollte zwischen 10 und 12 Pt liegen.<\/dd>  <dt>Layout:<\/dt> <dd>Ihr Bewerbungsschreiben sollte in Abs\u00e4tze unterteilt sein, um die Lesbarkeit zu verbessern. Jeder Abschnitt sollte klar und pr\u00e4zise sein.<\/dd>  <dt>Unterschrift:<\/dt> <dd>Unterschreiben Sie Ihr Bewerbungsschreiben von Hand, um einen pers\u00f6nlichen Touch zu verleihen.<\/dd>  <dt>Anlagen:<\/dt> <dd>Weisen Sie in Ihrem Schlussabschnitt auf beigef\u00fcgte Unterlagen hin, wie Ihren Lebenslauf, Zeugnisse oder Zertifikate.<\/dd> <\/dl>  <h3><\/h3>  <p>Das Verfassen eines Bewerbungsschreibens als Kfz Mechatroniker erfordert Zeit und Sorgfalt. Indem Sie die oben genannten Tipps befolgen und Beispiele aus Ihrer Berufserfahrung geben, k\u00f6nnen Sie ein \u00fcberzeugendes Bewerbungsschreiben erstellen. Vergessen Sie nicht, Ihre Dokumente zu \u00fcberpr\u00fcfen und sicherzustellen, dass sie fehlerfrei sind, bevor Sie sie absenden. Viel Gl\u00fcck bei Ihrer Bewerbung!<\/p>\r\n\r\n<\/div><\/div>\r\n\r\n<!-- wp:separator -->\r\n\r\n<hr class=\"wp-block-separator has-alpha-channel-opacity\" \/>","protected":false},"excerpt":{"rendered":"<p>Muster und Vorlage f\u00fcr Bewerbungsschreiben Kfz Mechatroniker &#8211; Erstellung und Ausf\u00fcllen &#8211; \u00d6ffnen im PDF WORD Datei und Online &nbsp; &#8230; <\/p>\n<p class=\"read-more-container\"><a title=\"\u00d6ffnen &#8211; Bewerbungsschreiben Kfz Mechatroniker\" class=\"read-more button\" href=\"https:\/\/schreibenpro.com\/de\/bewerbungsschreiben-kfz-mechatroniker-offnen\/#more-543\" aria-label=\"Mehr zu \u00d6ffnen &#8211; Bewerbungsschreiben Kfz Mechatroniker\">\u00d6FFNEN <\/a><\/p>\n","protected":false},"author":1,"featured_media":0,"parent":0,"menu_order":0,"comment_status":"closed","ping_status":"closed","template":"","meta":{"footnotes":""},"class_list":{"0":"post-543","1":"page","2":"type-page","3":"status-publish","5":"infinite-scroll-item"},"yoast_head":"<!-- This site is optimized with the Yoast SEO plugin v24.6 - https:\/\/yoast.com\/wordpress\/plugins\/seo\/ -->\n<title>\u00d6ffnen - Bewerbungsschreiben Kfz Mechatroniker - Schreiben PRO<\/title>\n<meta name=\"robots\" content=\"noindex, follow\" \/>\n<meta property=\"og:locale\" content=\"de_DE\" \/>\n<meta property=\"og:type\" content=\"article\" \/>\n<meta property=\"og:title\" content=\"\u00d6ffnen - Bewerbungsschreiben Kfz Mechatroniker - Schreiben PRO\" \/>\n<meta property=\"og:description\" content=\"Muster und Vorlage f\u00fcr Bewerbungsschreiben Kfz Mechatroniker &#8211; Erstellung und Ausf\u00fcllen &#8211; \u00d6ffnen im PDF WORD Datei und Online &nbsp; ... \u00d6FFNEN\" \/>\n<meta property=\"og:url\" content=\"https:\/\/schreibenpro.com\/de\/bewerbungsschreiben-kfz-mechatroniker-offnen\/\" \/>\n<meta property=\"og:site_name\" content=\"Schreiben PRO\" \/>\n<meta property=\"og:image\" content=\"https:\/\/schreibenpro.com\/de\/wp-content\/uploads\/bewerbungsschreiben-kfz-mechatroniker-muster-vorlage.jpg\" \/>\n<meta name=\"twitter:card\" content=\"summary_large_image\" \/>\n<meta name=\"twitter:label1\" content=\"Gesch\u00e4tzte Lesezeit\" \/>\n\t<meta name=\"twitter:data1\" content=\"1\u00a0Minute\" \/>\n<!-- \/ Yoast SEO plugin. -->","yoast_head_json":{"title":"\u00d6ffnen - Bewerbungsschreiben Kfz Mechatroniker - Schreiben PRO","robots":{"index":"noindex","follow":"follow"},"og_locale":"de_DE","og_type":"article","og_title":"\u00d6ffnen - Bewerbungsschreiben Kfz Mechatroniker - Schreiben PRO","og_description":"Muster und Vorlage f\u00fcr Bewerbungsschreiben Kfz Mechatroniker &#8211; Erstellung und Ausf\u00fcllen &#8211; \u00d6ffnen im PDF WORD Datei und Online &nbsp; ... \u00d6FFNEN","og_url":"https:\/\/schreibenpro.com\/de\/bewerbungsschreiben-kfz-mechatroniker-offnen\/","og_site_name":"Schreiben PRO","og_image":[{"url":"https:\/\/schreibenpro.com\/de\/wp-content\/uploads\/bewerbungsschreiben-kfz-mechatroniker-muster-vorlage.jpg","type":"","width":"","height":""}],"twitter_card":"summary_large_image","twitter_misc":{"Gesch\u00e4tzte Lesezeit":"1\u00a0Minute"},"schema":{"@context":"https:\/\/schema.org","@graph":[{"@type":"WebPage","@id":"https:\/\/schreibenpro.com\/de\/bewerbungsschreiben-kfz-mechatroniker-offnen\/","url":"https:\/\/schreibenpro.com\/de\/bewerbungsschreiben-kfz-mechatroniker-offnen\/","name":"\u00d6ffnen - Bewerbungsschreiben Kfz Mechatroniker - Schreiben PRO","isPartOf":{"@id":"https:\/\/schreibenpro.com\/de\/#website"},"primaryImageOfPage":{"@id":"https:\/\/schreibenpro.com\/de\/bewerbungsschreiben-kfz-mechatroniker-offnen\/#primaryimage"},"image":{"@id":"https:\/\/schreibenpro.com\/de\/bewerbungsschreiben-kfz-mechatroniker-offnen\/#primaryimage"},"thumbnailUrl":"https:\/\/schreibenpro.com\/de\/wp-content\/uploads\/bewerbungsschreiben-kfz-mechatroniker-muster-vorlage.jpg","datePublished":"2023-12-18T08:24:28+00:00","breadcrumb":{"@id":"https:\/\/schreibenpro.com\/de\/bewerbungsschreiben-kfz-mechatroniker-offnen\/#breadcrumb"},"inLanguage":"de","potentialAction":[{"@type":"ReadAction","target":["https:\/\/schreibenpro.com\/de\/bewerbungsschreiben-kfz-mechatroniker-offnen\/"]}]},{"@type":"ImageObject","inLanguage":"de","@id":"https:\/\/schreibenpro.com\/de\/bewerbungsschreiben-kfz-mechatroniker-offnen\/#primaryimage","url":"https:\/\/schreibenpro.com\/de\/wp-content\/uploads\/anschreiben-zum-angebot-muster-vorlage.jpg","contentUrl":"https:\/\/schreibenpro.com\/de\/wp-content\/uploads\/anschreiben-zum-angebot-muster-vorlage.jpg","width":1410,"height":2250},{"@type":"BreadcrumbList","@id":"https:\/\/schreibenpro.com\/de\/bewerbungsschreiben-kfz-mechatroniker-offnen\/#breadcrumb","itemListElement":[{"@type":"ListItem","position":1,"name":"Portada","item":"https:\/\/schreibenpro.com\/de\/"},{"@type":"ListItem","position":2,"name":"\u00d6ffnen &#8211; Bewerbungsschreiben Kfz Mechatroniker"}]},{"@type":"WebSite","@id":"https:\/\/schreibenpro.com\/de\/#website","url":"https:\/\/schreibenpro.com\/de\/","name":"Schreiben PRO","description":"Muster und Vorlage","publisher":{"@id":"https:\/\/schreibenpro.com\/de\/#organization"},"potentialAction":[{"@type":"SearchAction","target":{"@type":"EntryPoint","urlTemplate":"https:\/\/schreibenpro.com\/de\/?s={search_term_string}"},"query-input":{"@type":"PropertyValueSpecification","valueRequired":true,"valueName":"search_term_string"}}],"inLanguage":"de"},{"@type":"Organization","@id":"https:\/\/schreibenpro.com\/de\/#organization","name":"Schreiben PRO","url":"https:\/\/schreibenpro.com\/de\/","logo":{"@type":"ImageObject","inLanguage":"de","@id":"https:\/\/schreibenpro.com\/de\/#\/schema\/logo\/image\/","url":"https:\/\/schreibenpro.com\/de\/wp-content\/uploads\/cropped-fav.png","contentUrl":"https:\/\/schreibenpro.com\/de\/wp-content\/uploads\/cropped-fav.png","width":512,"height":512,"caption":"Schreiben PRO"},"image":{"@id":"https:\/\/schreibenpro.com\/de\/#\/schema\/logo\/image\/"}}]}},"_links":{"self":[{"href":"https:\/\/schreibenpro.com\/de\/wp-json\/wp\/v2\/pages\/543","targetHints":{"allow":["GET"]}}],"collection":[{"href":"https:\/\/schreibenpro.com\/de\/wp-json\/wp\/v2\/pages"}],"about":[{"href":"https:\/\/schreibenpro.com\/de\/wp-json\/wp\/v2\/types\/page"}],"author":[{"embeddable":true,"href":"https:\/\/schreibenpro.com\/de\/wp-json\/wp\/v2\/users\/1"}],"replies":[{"embeddable":true,"href":"https:\/\/schreibenpro.com\/de\/wp-json\/wp\/v2\/comments?post=543"}],"version-history":[{"count":0,"href":"https:\/\/schreibenpro.com\/de\/wp-json\/wp\/v2\/pages\/543\/revisions"}],"wp:attachment":[{"href":"https:\/\/schreibenpro.com\/de\/wp-json\/wp\/v2\/media?parent=543"}],"curies":[{"name":"wp","href":"https:\/\/api.w.org\/{rel}","templated":true}]}}