{"id":548,"date":"2023-12-18T08:24:30","date_gmt":"2023-12-18T08:24:30","guid":{"rendered":"https:\/\/schreibenpro.com\/de\/bewerbungsschreiben-wenn-man-noch-arbeit-hat-offnen\/"},"modified":"2023-12-18T08:24:30","modified_gmt":"2023-12-18T08:24:30","slug":"bewerbungsschreiben-wenn-man-noch-arbeit-hat-offnen","status":"publish","type":"page","link":"https:\/\/schreibenpro.com\/de\/bewerbungsschreiben-wenn-man-noch-arbeit-hat-offnen\/","title":{"rendered":"\u00d6ffnen &#8211; Bewerbungsschreiben Wenn Man Noch Arbeit Hat"},"content":{"rendered":"\r\n<p class=\"has-text-align-center\">Muster und Vorlage f\u00fcr <strong> Bewerbungsschreiben Wenn Man Noch Arbeit Hat<\/strong> &#8211; Erstellung und Ausf\u00fcllen &#8211; \u00d6ffnen im <strong>WORD PDF<\/strong> Datei und Online<\/p>\r\n\r\n\r\n\r\n\r\n<div class=\"wp-block-image\">\r\n<figure class=\"aligncenter size-large is-resized\"><img loading=\"lazy\" decoding=\"async\" class=\"wp-image-215\" src=\"https:\/\/schreibenpro.com\/de\/wp-content\/uploads\/bewerbungsschreiben-wenn-man-noch-arbeit-hat-muster-vorlage.jpg\" alt=\"\" width=\"245\" height=\"391\" \/><\/figure>\r\n<\/div>\r\n\r\n\r\n\r\n<hr class=\"wp-block-separator has-alpha-channel-opacity\" \/>\r\n\r\n\r\n\r\n\r\n\r\n<div class=\"su-note\"  style=\"border-color:#e5e5e5;border-radius:10px;-moz-border-radius:10px;-webkit-border-radius:10px;\"><div class=\"su-note-inner su-u-clearfix su-u-trim\" style=\"background-color:#FFFFFF;border-color:#ffffff;color:#333333;border-radius:10px;-moz-border-radius:10px;-webkit-border-radius:10px;\">\r\n\r\n<section id=\"specialParagraph\"><p> <strong>Bewerbungsschreiben<\/strong> <\/p>  <p> <b>Ihre Kontaktdaten:<\/b><br> Vorname Nachname<br> Stra\u00dfe und Hausnummer<br> PLZ Ort<br> Telefonnummer<br> E-Mail-Adresse <\/p>  <p> <b>Datum:<\/b><br> [aktuelles Datum] <\/p>  <p> <b>Empf\u00e4nger:<\/b><br> Firma XYZ<br> Ansprechpartner\/in<br> Stra\u00dfe und Hausnummer<br> PLZ Ort <\/p>  <p> <b>Betreff:<\/b> Bewerbung als [Stellenbezeichnung] <\/p>  <p> Sehr geehrte\/r [Ansprechpartner\/in], [KOMMA] <\/p>  <p> <strong>Einleitung<\/strong><br> Als [aktuelle T\u00e4tigkeit] bei [aktueller Arbeitgeber] habe ich erfahren, dass Ihr Unternehmen eine Stelle als [Stellenbezeichnung] zu besetzen hat. Aus diesem Grund bewerbe ich mich hiermit um diese Position und m\u00f6chte mein Interesse an einer Zusammenarbeit mit Ihrem Unternehmen zum Ausdruck bringen. <\/p>  <p> <strong>Motivation<\/strong><br> W\u00e4hrend meiner aktuellen T\u00e4tigkeit habe ich wertvolle Erfahrungen in [relevanten F\u00e4higkeiten] gesammelt und mein berufliches Profil kontinuierlich weiterentwickelt. Dennoch sehe ich in Ihrer Firma XYZ ein Potential, meine F\u00e4higkeiten und Kenntnisse weiter auszubauen und mich neuen Herausforderungen zu stellen. Besonders beeindruckt hat mich [Aspekt des Unternehmens], welcher mich dazu motiviert, mich bei Ihnen zu bewerben. <\/p>  <p> <strong>Qualifikationen<\/strong><br> Im Bereich [relevantes Fachgebiet] habe ich umfangreiche Kenntnisse und Erfahrungen vorzuweisen. Meine Ausbildung, berufliche Weiterbildungen und praktische Erfahrungen haben mich in die Lage versetzt, [spezifische Aufgabenbereiche] eigenst\u00e4ndig und erfolgreich zu bew\u00e4ltigen. Zu meinen St\u00e4rken z\u00e4hlen insbesondere [St\u00e4rke 1], [St\u00e4rke 2] und [St\u00e4rke 3]. Diese F\u00e4higkeiten m\u00f6chte ich gerne in Ihr Unternehmen einbringen und gemeinsam mit Ihrem Team an Projekten arbeiten. <\/p>  <p> <strong>Interesse am Unternehmen<\/strong><br> Ihr Unternehmen zeichnet sich durch [Aspekt des Unternehmens] aus, was mich darin best\u00e4rkt, dass ich mich bei Ihnen bewerben m\u00f6chte. Insbesondere Ihre innovative Herangehensweise und Ihr Fokus auf [relevantes Thema] haben mein Interesse geweckt. Ich bin \u00fcberzeugt, dass mein Fachwissen und meine bisherigen Erfahrungen einen Mehrwert f\u00fcr Ihr Unternehmen darstellen k\u00f6nnen. <\/p>  <p> <strong>Schluss<\/strong><br> Mit meiner Bewerbung verfolge ich das Ziel, Teil Ihres Teams zu werden und zu Ihrem Erfolg beizutragen. Ich stehe Ihnen f\u00fcr ein pers\u00f6nliches Gespr\u00e4ch sowie zur Verf\u00fcgung, um weitere Fragen zu beantworten oder Unterlagen nachzureichen. \u00dcber eine Einladung zu einem Vorstellungsgespr\u00e4ch w\u00fcrde ich mich sehr freuen. <\/p>  <p> Abschlie\u00dfend bedanke ich mich f\u00fcr Ihre Zeit und Aufmerksamkeit und verbleibe mit freundlichen Gr\u00fc\u00dfen, <\/p>  <p> <b>Ihre Unterschrift<\/b><br> Vorname Nachname <\/p><\/section><\/div><\/div>\r\n\r\n&nbsp;\r\n\r\n\r\n\r\n\r\n\r\n\r\n<p class=\"has-text-align-center\">Vorlage und Muster f\u00fcr <strong> Bewerbungsschreiben Wenn Man Noch Arbeit Hat <\/strong> zur Erstellung und Anpassung im <strong>WORD<\/strong>\u2013 und <strong>PDF-Format<\/strong><\/p>\r\n\r\n\r\n<button id=\"generatePDF\">Erstellen (PDF &#8211; WORD)<\/button>\r\n\r\n\r\n\r\n<hr class=\"wp-block-separator has-alpha-channel-opacity\" \/>\r\n\r\n\r\n\r\n<p style=\"text-align: center;\"><strong>Bewerbungsschreiben Wenn Man Noch Arbeit Hat<\/strong><\/p>\r\n\r\n<div class=\"wp-block-columns is-layout-flex wp-container-core-columns-is-layout-9d6595d7 wp-block-columns-is-layout-flex\">\r\n\r\n\r\n<div class=\"wp-block-column is-layout-flow wp-block-column-is-layout-flow\"><div class=\"su-button-center\"><a href=\"https:\/\/at.trenkwalder.com\/media\/etchbqvh\/beispielsaetze-motivationsschreiben.pdf\" class=\"su-button su-button-style-flat\" style=\"color:#FFFFFF;background-color:#144bb6;border-color:#103c92;border-radius:1px\" target=\"_self\"><span style=\"color:#FFFFFF;padding:0px 24px;font-size:18px;line-height:36px;border-color:#5b81cc;border-radius:1px;text-shadow:none\">   PDF <\/span><\/a><\/div>\n<\/div>\r\n\r\n\r\n\r\n<div class=\"wp-block-column is-layout-flow wp-block-column-is-layout-flow\"><div class=\"su-button-center\"><a href=\"https:\/\/s45e5831ae967b2f3.jimcontent.com\/download\/version\/1519889957\/module\/11251321693\/name\/Bewerbung%20Textbausteine.docx\" class=\"su-button su-button-style-flat\" style=\"color:#FFFFFF;background-color:#144bb6;border-color:#103c92;border-radius:1px\" target=\"_self\"><span style=\"color:#FFFFFF;padding:0px 24px;font-size:18px;line-height:36px;border-color:#5b81cc;border-radius:1px;text-shadow:none\">   DOC<\/span><\/a><\/div>\n<\/div>\r\n\r\n\r\n<\/div>\r\n\r\n\r\n\r\n<p style=\"text-align: center;\"><strong>Beispiele<\/strong><\/p>\r\n\r\n<div class=\"wp-block-columns is-layout-flex wp-container-core-columns-is-layout-9d6595d7 wp-block-columns-is-layout-flex\">\r\n\r\n\r\n<div class=\"wp-block-column is-layout-flow wp-block-column-is-layout-flow\"><div class=\"su-button-center\"><a href=\"https:\/\/sequoya.de\/wp-content\/uploads\/Handout-Satzbausteine_Anschreiben.pdf\" class=\"su-button su-button-style-flat\" style=\"color:#FFFFFF;background-color:#144bb6;border-color:#103c92;border-radius:1px\" target=\"_self\"><span style=\"color:#FFFFFF;padding:0px 24px;font-size:18px;line-height:36px;border-color:#5b81cc;border-radius:1px;text-shadow:none\">  Beispiel &#8211; 1 <\/span><\/a><\/div>\n<\/div>\r\n\r\n\r\n\r\n<div class=\"wp-block-column is-layout-flow wp-block-column-is-layout-flow\"><div class=\"su-button-center\"><a href=\"https:\/\/www.fh-muenster.de\/studium\/downloads\/Manual_Starke_Bewerbung_mit_Matching-Tabelle.pdf\" class=\"su-button su-button-style-flat\" style=\"color:#FFFFFF;background-color:#144bb6;border-color:#103c92;border-radius:1px\" target=\"_self\"><span style=\"color:#FFFFFF;padding:0px 24px;font-size:18px;line-height:36px;border-color:#5b81cc;border-radius:1px;text-shadow:none\">  Beispiel &#8211; 2 <\/span><\/a><\/div>\n<\/div>\r\n\r\n\r\n<\/div>\r\n\r\n\r\n<hr class=\"wp-block-separator has-alpha-channel-opacity\" \/>\r\n\r\n\r\n\r\n<div class=\"wp-block-columns is-layout-flex wp-container-core-columns-is-layout-9d6595d7 wp-block-columns-is-layout-flex\">\r\n\r\n\r\n<div class=\"wp-block-column is-layout-flow wp-block-column-is-layout-flow\"><div class=\"su-button-center\"><a href=\"https:\/\/www.stuck-verband.de\/wp-content\/uploads\/2015\/10\/11_Vorlagen_Lehrer-x9-Vorlagen.pdf\" class=\"su-button su-button-style-flat\" style=\"color:#FFFFFF;background-color:#144bb6;border-color:#103c92;border-radius:1px\" target=\"_self\"><span style=\"color:#FFFFFF;padding:0px 24px;font-size:18px;line-height:36px;border-color:#5b81cc;border-radius:1px;text-shadow:none\">  Beispiel &#8211; 3 <\/span><\/a><\/div>\n<\/div>\r\n\r\n\r\n\r\n<div class=\"wp-block-column is-layout-flow wp-block-column-is-layout-flow\"><div class=\"su-button-center\"><a href=\"https:\/\/at.trenkwalder.com\/media\/etchbqvh\/beispielsaetze-motivationsschreiben.pdf\" class=\"su-button su-button-style-flat\" style=\"color:#FFFFFF;background-color:#144bb6;border-color:#103c92;border-radius:1px\" target=\"_self\"><span style=\"color:#FFFFFF;padding:0px 24px;font-size:18px;line-height:36px;border-color:#5b81cc;border-radius:1px;text-shadow:none\">  Beispiel &#8211; 4 <\/span><\/a><\/div>\n<\/div>\r\n\r\n\r\n<\/div>\r\n\r\n\r\n<hr class=\"wp-block-separator has-alpha-channel-opacity\" \/>\r\n\r\n<!-- \/wp:post-content -->\r\n\r\n<!-- wp:table {\"align\":\"center\"} -->\r\n<figure class=\"wp-block-table aligncenter\">\r\n<table>\r\n<tbody>\r\n<tr>\r\n<td style=\"text-align: center;\">Bewerbungsschreiben Wenn Man Noch Arbeit Hat<\/td>\r\n<\/tr>\r\n<tr>\r\n<td style=\"text-align: center;\">PDF &#8211; WORD Datei<\/td>\r\n<\/tr>\r\n<tr>\r\n<td style=\"text-align: center;\">Bewertung: \u2b50\u2b50\u2b50\u2b50\u2b50 4.3<\/td>\r\n<\/tr>\r\n<tr>\r\n<td style=\"text-align: center;\">Ergebnisse &#8211; 2534<\/td>\r\n<\/tr>\r\n<\/tbody>\r\n<\/table>\r\n<\/figure>\r\n<!-- \/wp:table -->\r\n\r\n<!-- wp:separator -->\r\n\r\n<hr class=\"wp-block-separator has-alpha-channel-opacity\" \/>\r\n\r\n<!-- \/wp:separator -->\r\n\r\n<div class=\"su-note\"  style=\"border-color:#e5e5e5;border-radius:10px;-moz-border-radius:10px;-webkit-border-radius:10px;\"><div class=\"su-note-inner su-u-clearfix su-u-trim\" style=\"background-color:#FFFFFF;border-color:#ffffff;color:#333333;border-radius:10px;-moz-border-radius:10px;-webkit-border-radius:10px;\">\r\n\r\n<p>Ein Bewerbungsschreiben ist ein wichtiges Dokument, das Sie ben\u00f6tigen, um sich f\u00fcr eine neue Stelle zu bewerben. Aber was ist, wenn Sie bereits eine Arbeit haben und diskret nach einer neuen Herausforderung suchen? In diesem Leitfaden werden wir Ihnen Tipps und Beispiele geben, wie Sie ein Bewerbungsschreiben verfassen k\u00f6nnen, wenn Sie bereits eine Anstellung haben.<\/p>  <h3>Einf\u00fchrung<\/h3>  <p>Beginnen Sie das Bewerbungsschreiben mit einer h\u00f6flichen und professionellen Anrede. Vermeiden Sie die Ansprache Ihres aktuellen Vorgesetzten und verwenden Sie stattdessen den allgemeinen Begriff &#8220;Sehr geehrtes Unternehmen&#8221; oder &#8220;Sehr geehrtes Team&#8221;. Stellen Sie sicher, dass Sie den Grund Ihrer Bewerbung klar und pr\u00e4zise kommunizieren.<\/p>  <p><strong>Beispiel:<\/strong><\/p>  <blockquote> <p>Sehr geehrtes Unternehmen,<\/p> <p>Ich schreibe Ihnen, um mich f\u00fcr die Position des Marketing Managers zu bewerben, die Sie k\u00fcrzlich ausgeschrieben haben. Ich arbeite derzeit in einer \u00e4hnlichen Position bei einer anderen Firma, bin jedoch auf der Suche nach neuen beruflichen Herausforderungen.<\/p> <\/blockquote>  <h3>Hauptteil<\/h3>  <p>Im Hauptteil des Bewerbungsschreibens sollten Sie Ihre F\u00e4higkeiten, Erfahrungen und Leistungen hervorheben. Erkl\u00e4ren Sie, warum Sie f\u00fcr die Position qualifiziert sind und wie Ihre aktuellen F\u00e4higkeiten zu der Stelle passen. Verwenden Sie starke und \u00fcberzeugende Worte, um Ihr Interesse an der Position zum Ausdruck zu bringen.<\/p>  <p><strong>Beispiel:<\/strong><\/p>  <blockquote> <p>Meine bisherige Berufserfahrung in der Marketingbranche hat mir wertvolle Kenntnisse und F\u00e4higkeiten vermittelt, die mich zu einem idealen Kandidaten f\u00fcr die Position des Marketing Managers machen. Meine Erfolge in der Entwicklung und Umsetzung von Marketingstrategien haben zu signifikanten Umsatzsteigerungen gef\u00fchrt. Ich bin hoch motiviert und habe eine Leidenschaft f\u00fcr innovative Marketingkonzepte.<\/p> <\/blockquote>  <h3>Schluss<\/h3>  <p>Im Schlussteil des Bewerbungsschreibens k\u00f6nnen Sie nochmals Ihr Interesse an der Stelle betonen und Ihre Kontaktdaten angeben. Bedanken Sie sich f\u00fcr die Ber\u00fccksichtigung Ihrer Bewerbung und schreiben Sie, dass Sie gerne zu einem pers\u00f6nlichen Gespr\u00e4ch bereit sind.<\/p>  <p><strong>Beispiel:<\/strong><\/p>  <blockquote> <p>Ich w\u00e4re begeistert, Teil Ihres dynamischen Teams zu werden und meine F\u00e4higkeiten weiterentwickeln zu k\u00f6nnen. Bitte finden Sie meinen beigef\u00fcgten Lebenslauf und weitere relevante Unterlagen. Vielen Dank f\u00fcr Ihre Aufmerksamkeit und ich freue mich darauf, von Ihnen zu h\u00f6ren.<\/p> <p>Mit freundlichen Gr\u00fc\u00dfen,<\/p> <p>Ihr Name<\/p> <\/blockquote>  <h3>Wichtige \u00dcberlegungen zur formalen Gestaltung<\/h3>  <p>Die formale Gestaltung eines Bewerbungsschreibens ist entscheidend, um einen professionellen Eindruck zu hinterlassen. Hier sind einige wichtige \u00dcberlegungen, die Sie beachten sollten:<\/p>  <dl> <dt>1. Verwenden Sie ein einheitliches Design:<\/dt> <dd>W\u00e4hlen Sie eine klare Schriftart und verwenden Sie ein einheitliches Layout f\u00fcr Ihr Bewerbungsschreiben.<\/dd>  <dt>2. Begrenzen Sie die L\u00e4nge des Briefes:<\/dt> <dd>Halten Sie das Bewerbungsschreiben auf eine Seite, um sicherzustellen, dass es gut lesbar ist.<\/dd>  <dt>3. Korrekte Grammatik und Rechtschreibung:<\/dt> <dd>\u00dcberpr\u00fcfen Sie das Bewerbungsschreiben auf Rechtschreib- und Grammatikfehler. Verwenden Sie ggf. die Hilfe einer Rechtschreibpr\u00fcfung.<\/dd>  <dt>4. Passen Sie den Ton an:<\/dt> <dd>Passen Sie den Ton des Bewerbungsschreibens an das Unternehmen an, bei dem Sie sich bewerben. Vermeiden Sie zu formelle oder zu informelle Sprache.<\/dd>  <dt>5. Heben Sie relevante Erfahrungen hervor:<\/dt> <dd>Betonen Sie die Erfahrungen und Qualifikationen, die f\u00fcr die Stelle am relevantesten sind. Beschreiben Sie Ihre Erfolge und Leistungen auf eine pr\u00e4zise und \u00fcberzeugende Weise.<\/dd> <\/dl>  <h3>Aufbau eines effektiven Briefes<\/h3>  <p>Ein effektives Bewerbungsschreiben sollte die folgenden Elemente enthalten:<\/p>  <ol> <li>Eine professionelle Anrede<\/li> <li>Eine klare Einleitung, in der Ihr Interesse an der Stelle dargelegt wird<\/li> <li>Einen gut strukturierten Hauptteil mit relevanten Erfahrungen und Qualifikationen<\/li> <li>Eine \u00fcberzeugende Schlussbemerkung mit Kontaktdaten und Bereitschaft zu einem pers\u00f6nlichen Gespr\u00e4ch<\/li> <\/ol>  <p>Indem Sie diese Elemente in Ihrem Bewerbungsschreiben ber\u00fccksichtigen und die oben genannten Tipps befolgen, k\u00f6nnen Sie ein \u00fcberzeugendes und professionelles Bewerbungsschreiben verfassen, auch wenn Sie bereits eine Arbeit haben.<\/p>\r\n\r\n<\/div><\/div>\r\n\r\n<!-- wp:separator -->\r\n\r\n<hr class=\"wp-block-separator has-alpha-channel-opacity\" \/>","protected":false},"excerpt":{"rendered":"<p>Muster und Vorlage f\u00fcr Bewerbungsschreiben Wenn Man Noch Arbeit Hat &#8211; Erstellung und Ausf\u00fcllen &#8211; \u00d6ffnen im WORD PDF Datei &#8230; <\/p>\n<p class=\"read-more-container\"><a title=\"\u00d6ffnen &#8211; Bewerbungsschreiben Wenn Man Noch Arbeit Hat\" class=\"read-more button\" href=\"https:\/\/schreibenpro.com\/de\/bewerbungsschreiben-wenn-man-noch-arbeit-hat-offnen\/#more-548\" aria-label=\"Mehr zu \u00d6ffnen &#8211; Bewerbungsschreiben Wenn Man Noch Arbeit Hat\">\u00d6FFNEN <\/a><\/p>\n","protected":false},"author":1,"featured_media":0,"parent":0,"menu_order":0,"comment_status":"closed","ping_status":"closed","template":"","meta":{"footnotes":""},"class_list":{"0":"post-548","1":"page","2":"type-page","3":"status-publish","5":"infinite-scroll-item"},"yoast_head":"<!-- This site is optimized with the Yoast SEO plugin v24.6 - https:\/\/yoast.com\/wordpress\/plugins\/seo\/ -->\n<title>\u00d6ffnen - Bewerbungsschreiben Wenn Man Noch Arbeit Hat - Schreiben PRO<\/title>\n<meta name=\"robots\" content=\"noindex, follow\" \/>\n<meta property=\"og:locale\" content=\"de_DE\" \/>\n<meta property=\"og:type\" content=\"article\" \/>\n<meta property=\"og:title\" content=\"\u00d6ffnen - Bewerbungsschreiben Wenn Man Noch Arbeit Hat - Schreiben PRO\" \/>\n<meta property=\"og:description\" content=\"Muster und Vorlage f\u00fcr Bewerbungsschreiben Wenn Man Noch Arbeit Hat &#8211; Erstellung und Ausf\u00fcllen &#8211; \u00d6ffnen im WORD PDF Datei ... \u00d6FFNEN\" \/>\n<meta property=\"og:url\" content=\"https:\/\/schreibenpro.com\/de\/bewerbungsschreiben-wenn-man-noch-arbeit-hat-offnen\/\" \/>\n<meta property=\"og:site_name\" content=\"Schreiben PRO\" \/>\n<meta property=\"og:image\" content=\"https:\/\/schreibenpro.com\/de\/wp-content\/uploads\/bewerbungsschreiben-wenn-man-noch-arbeit-hat-muster-vorlage.jpg\" \/>\n<meta name=\"twitter:card\" content=\"summary_large_image\" \/>\n<meta name=\"twitter:label1\" content=\"Gesch\u00e4tzte Lesezeit\" \/>\n\t<meta name=\"twitter:data1\" content=\"1\u00a0Minute\" \/>\n<!-- \/ Yoast SEO plugin. -->","yoast_head_json":{"title":"\u00d6ffnen - Bewerbungsschreiben Wenn Man Noch Arbeit Hat - Schreiben PRO","robots":{"index":"noindex","follow":"follow"},"og_locale":"de_DE","og_type":"article","og_title":"\u00d6ffnen - Bewerbungsschreiben Wenn Man Noch Arbeit Hat - Schreiben PRO","og_description":"Muster und Vorlage f\u00fcr Bewerbungsschreiben Wenn Man Noch Arbeit Hat &#8211; Erstellung und Ausf\u00fcllen &#8211; \u00d6ffnen im WORD PDF Datei ... \u00d6FFNEN","og_url":"https:\/\/schreibenpro.com\/de\/bewerbungsschreiben-wenn-man-noch-arbeit-hat-offnen\/","og_site_name":"Schreiben PRO","og_image":[{"url":"https:\/\/schreibenpro.com\/de\/wp-content\/uploads\/bewerbungsschreiben-wenn-man-noch-arbeit-hat-muster-vorlage.jpg","type":"","width":"","height":""}],"twitter_card":"summary_large_image","twitter_misc":{"Gesch\u00e4tzte Lesezeit":"1\u00a0Minute"},"schema":{"@context":"https:\/\/schema.org","@graph":[{"@type":"WebPage","@id":"https:\/\/schreibenpro.com\/de\/bewerbungsschreiben-wenn-man-noch-arbeit-hat-offnen\/","url":"https:\/\/schreibenpro.com\/de\/bewerbungsschreiben-wenn-man-noch-arbeit-hat-offnen\/","name":"\u00d6ffnen - Bewerbungsschreiben Wenn Man Noch Arbeit Hat - Schreiben PRO","isPartOf":{"@id":"https:\/\/schreibenpro.com\/de\/#website"},"primaryImageOfPage":{"@id":"https:\/\/schreibenpro.com\/de\/bewerbungsschreiben-wenn-man-noch-arbeit-hat-offnen\/#primaryimage"},"image":{"@id":"https:\/\/schreibenpro.com\/de\/bewerbungsschreiben-wenn-man-noch-arbeit-hat-offnen\/#primaryimage"},"thumbnailUrl":"https:\/\/schreibenpro.com\/de\/wp-content\/uploads\/bewerbungsschreiben-wenn-man-noch-arbeit-hat-muster-vorlage.jpg","datePublished":"2023-12-18T08:24:30+00:00","breadcrumb":{"@id":"https:\/\/schreibenpro.com\/de\/bewerbungsschreiben-wenn-man-noch-arbeit-hat-offnen\/#breadcrumb"},"inLanguage":"de","potentialAction":[{"@type":"ReadAction","target":["https:\/\/schreibenpro.com\/de\/bewerbungsschreiben-wenn-man-noch-arbeit-hat-offnen\/"]}]},{"@type":"ImageObject","inLanguage":"de","@id":"https:\/\/schreibenpro.com\/de\/bewerbungsschreiben-wenn-man-noch-arbeit-hat-offnen\/#primaryimage","url":"https:\/\/schreibenpro.com\/de\/wp-content\/uploads\/anschreiben-zum-angebot-muster-vorlage.jpg","contentUrl":"https:\/\/schreibenpro.com\/de\/wp-content\/uploads\/anschreiben-zum-angebot-muster-vorlage.jpg","width":1410,"height":2250},{"@type":"BreadcrumbList","@id":"https:\/\/schreibenpro.com\/de\/bewerbungsschreiben-wenn-man-noch-arbeit-hat-offnen\/#breadcrumb","itemListElement":[{"@type":"ListItem","position":1,"name":"Portada","item":"https:\/\/schreibenpro.com\/de\/"},{"@type":"ListItem","position":2,"name":"\u00d6ffnen &#8211; Bewerbungsschreiben Wenn Man Noch Arbeit Hat"}]},{"@type":"WebSite","@id":"https:\/\/schreibenpro.com\/de\/#website","url":"https:\/\/schreibenpro.com\/de\/","name":"Schreiben PRO","description":"Muster und Vorlage","publisher":{"@id":"https:\/\/schreibenpro.com\/de\/#organization"},"potentialAction":[{"@type":"SearchAction","target":{"@type":"EntryPoint","urlTemplate":"https:\/\/schreibenpro.com\/de\/?s={search_term_string}"},"query-input":{"@type":"PropertyValueSpecification","valueRequired":true,"valueName":"search_term_string"}}],"inLanguage":"de"},{"@type":"Organization","@id":"https:\/\/schreibenpro.com\/de\/#organization","name":"Schreiben PRO","url":"https:\/\/schreibenpro.com\/de\/","logo":{"@type":"ImageObject","inLanguage":"de","@id":"https:\/\/schreibenpro.com\/de\/#\/schema\/logo\/image\/","url":"https:\/\/schreibenpro.com\/de\/wp-content\/uploads\/cropped-fav.png","contentUrl":"https:\/\/schreibenpro.com\/de\/wp-content\/uploads\/cropped-fav.png","width":512,"height":512,"caption":"Schreiben PRO"},"image":{"@id":"https:\/\/schreibenpro.com\/de\/#\/schema\/logo\/image\/"}}]}},"_links":{"self":[{"href":"https:\/\/schreibenpro.com\/de\/wp-json\/wp\/v2\/pages\/548","targetHints":{"allow":["GET"]}}],"collection":[{"href":"https:\/\/schreibenpro.com\/de\/wp-json\/wp\/v2\/pages"}],"about":[{"href":"https:\/\/schreibenpro.com\/de\/wp-json\/wp\/v2\/types\/page"}],"author":[{"embeddable":true,"href":"https:\/\/schreibenpro.com\/de\/wp-json\/wp\/v2\/users\/1"}],"replies":[{"embeddable":true,"href":"https:\/\/schreibenpro.com\/de\/wp-json\/wp\/v2\/comments?post=548"}],"version-history":[{"count":0,"href":"https:\/\/schreibenpro.com\/de\/wp-json\/wp\/v2\/pages\/548\/revisions"}],"wp:attachment":[{"href":"https:\/\/schreibenpro.com\/de\/wp-json\/wp\/v2\/media?parent=548"}],"curies":[{"name":"wp","href":"https:\/\/api.w.org\/{rel}","templated":true}]}}