{"id":560,"date":"2023-12-18T08:24:36","date_gmt":"2023-12-18T08:24:36","guid":{"rendered":"https:\/\/schreibenpro.com\/de\/dankschreiben-spende-verein-offnen\/"},"modified":"2023-12-18T08:24:36","modified_gmt":"2023-12-18T08:24:36","slug":"dankschreiben-spende-verein-offnen","status":"publish","type":"page","link":"https:\/\/schreibenpro.com\/de\/dankschreiben-spende-verein-offnen\/","title":{"rendered":"\u00d6ffnen &#8211; Dankschreiben Spende Verein"},"content":{"rendered":"\r\n<p class=\"has-text-align-center\">Muster und Vorlage f\u00fcr <strong> Dankschreiben Spende Verein<\/strong> &#8211; Ausf\u00fcllen und Erstellung  &#8211; \u00d6ffnen im <strong>PDF und WORD<\/strong> Datei und Online<\/p>\r\n\r\n\r\n\r\n\r\n<div class=\"wp-block-image\">\r\n<figure class=\"aligncenter size-large is-resized\"><img loading=\"lazy\" decoding=\"async\" class=\"wp-image-215\" src=\"https:\/\/schreibenpro.com\/de\/wp-content\/uploads\/dankschreiben-spende-verein-muster-vorlage.jpg\" alt=\"\" width=\"245\" height=\"391\" \/><\/figure>\r\n<\/div>\r\n\r\n\r\n\r\n<hr class=\"wp-block-separator has-alpha-channel-opacity\" \/>\r\n\r\n\r\n\r\n\r\n\r\n<div class=\"su-note\"  style=\"border-color:#e5e5e5;border-radius:10px;-moz-border-radius:10px;-webkit-border-radius:10px;\"><div class=\"su-note-inner su-u-clearfix su-u-trim\" style=\"background-color:#FFFFFF;border-color:#ffffff;color:#333333;border-radius:10px;-moz-border-radius:10px;-webkit-border-radius:10px;\">\r\n\r\n<section id=\"specialParagraph\"><p>Sehr geehrte Damen und Herren,<\/p>  <p>im Namen des Vereins [Vereinsname] m\u00f6chte ich mich herzlich f\u00fcr Ihre gro\u00dfz\u00fcgige Spende bedanken. Wir sind begeistert von Ihrem Engagement und der Unterst\u00fctzung, die Sie unserem Verein entgegenbringen.<\/p>  <p><strong>Einleitung:<\/strong><\/p>  <p>In der Einleitung eines Dankschreibens f\u00fcr eine Spende ist es wichtig, den Spender pers\u00f6nlich anzusprechen und zu w\u00fcrdigen. Bedanken Sie sich f\u00fcr die Spende und betonen Sie die Bedeutung und den Einfluss, den die Spende auf den Verein haben wird.<\/p>  <p><strong>Hauptteil:<\/strong><\/p>  <p>Im Hauptteil des Briefes sollten Sie detaillierter auf die Verwendung der Spende eingehen. Erl\u00e4utern Sie, wie die Spende den Verein unterst\u00fctzen wird und welche konkreten Projekte oder Ma\u00dfnahmen damit finanziert werden k\u00f6nnen. Stellen Sie sicher, dass der Spender genau wei\u00df, wie sein Beitrag eingesetzt wird.<\/p>  <p>Beispielhaft k\u00f6nnte der Hauptteil wie folgt aussehen:<\/p>  <dt>1. Verwendung der Spende f\u00fcr [Projekt 1]<\/dt> <dd>[Erl\u00e4uterung zu Projekt 1, wie es den Verein f\u00f6rdert und welche Ziele damit verfolgt werden]<\/dd>  <dt>2. Verwendung der Spende f\u00fcr [Projekt 2]<\/dt> <dd>[Erl\u00e4uterung zu Projekt 2, wie es den Verein f\u00f6rdert und welche Ziele damit verfolgt werden]<\/dd>  <p><strong>Schluss:<\/strong><\/p>  <p>Im Schlussteil des Briefes sollten Sie dem Spender nochmals herzlich f\u00fcr seine gro\u00dfz\u00fcgige Spende danken und betonen, wie wichtig seine Unterst\u00fctzung f\u00fcr den Verein ist. Geben Sie auch an, dass der Verein \u00fcber den Fortschritt der Projekte oder Ma\u00dfnahmen regelm\u00e4\u00dfig informieren wird. Schlie\u00dfen Sie den Brief mit einem freundlichen Gru\u00df ab.<\/p>  <p>Beispielhaft k\u00f6nnte der Schlussteil wie folgt aussehen:<\/p>  <p>Nochmals m\u00f6chten wir Ihnen von ganzem Herzen f\u00fcr Ihre gro\u00dfz\u00fcgige Spende danken. Durch Ihr Engagement unterst\u00fctzen Sie unsere wichtige Arbeit und erm\u00f6glichen es uns, unsere Projekte voranzutreiben. Wir werden Sie regelm\u00e4\u00dfig \u00fcber den Fortschritt und die Ergebnisse unserer Ma\u00dfnahmen auf dem Laufenden halten.<\/p>  <p>Nochmals vielen Dank f\u00fcr Ihre gro\u00dfz\u00fcgige Spende.<\/p>  <p>Mit freundlichen Gr\u00fc\u00dfen,<\/p>  [Ihr Name]<br> [Vereinsname]<br> [Kontaktdaten]<\/section><\/div><\/div>\r\n\r\n&nbsp;\r\n\r\n\r\n\r\n\r\n\r\n\r\n<p class=\"has-text-align-center\">Vorlage und Muster f\u00fcr <strong> Dankschreiben Spende Verein <\/strong> zur Erstellung und Anpassung im <strong>WORD<\/strong>\u2013 und <strong>PDF-Format<\/strong><\/p>\r\n\r\n\r\n<button id=\"generatePDF\">Erstellen (PDF &#8211; WORD)<\/button>\r\n\r\n\r\n\r\n<hr class=\"wp-block-separator has-alpha-channel-opacity\" \/>\r\n\r\n\r\n\r\n<p style=\"text-align: center;\"><strong>Dankschreiben Spende Verein<\/strong><\/p>\r\n\r\n<div class=\"wp-block-columns is-layout-flex wp-container-core-columns-is-layout-9d6595d7 wp-block-columns-is-layout-flex\">\r\n\r\n\r\n<div class=\"wp-block-column is-layout-flow wp-block-column-is-layout-flow\"><div class=\"su-button-center\"><a href=\"https:\/\/www.dicvfreiburg.caritas.de\/cms\/contents\/dicvfreiburg.caritas\/medien\/dokumente\/service\/sammlungsmaterialien\/musterbrief-dank-an\/musterbrief_dankschreiben.doc%3Fd%3Da%26f%3Dpdf\" class=\"su-button su-button-style-flat\" style=\"color:#FFFFFF;background-color:#144bb6;border-color:#103c92;border-radius:1px\" target=\"_self\"><span style=\"color:#FFFFFF;padding:0px 24px;font-size:18px;line-height:36px;border-color:#5b81cc;border-radius:1px;text-shadow:none\">   PDF <\/span><\/a><\/div>\n<\/div>\r\n\r\n\r\n\r\n<div class=\"wp-block-column is-layout-flow wp-block-column-is-layout-flow\"><div class=\"su-button-center\"><a href=\"https:\/\/www.bsvw.org\/dokumente\/upload\/e2ec8_Endversion_Festschrift_zum_35jaehrigen_Bestehen_des_Westfaelischen_Blindenvereins_April_1956.docx\" class=\"su-button su-button-style-flat\" style=\"color:#FFFFFF;background-color:#144bb6;border-color:#103c92;border-radius:1px\" target=\"_self\"><span style=\"color:#FFFFFF;padding:0px 24px;font-size:18px;line-height:36px;border-color:#5b81cc;border-radius:1px;text-shadow:none\">   DOC<\/span><\/a><\/div>\n<\/div>\r\n\r\n\r\n<\/div>\r\n\r\n\r\n\r\n<p style=\"text-align: center;\"><strong>Beispiele<\/strong><\/p>\r\n\r\n<div class=\"wp-block-columns is-layout-flex wp-container-core-columns-is-layout-9d6595d7 wp-block-columns-is-layout-flex\">\r\n\r\n\r\n<div class=\"wp-block-column is-layout-flow wp-block-column-is-layout-flow\"><div class=\"su-button-center\"><a href=\"https:\/\/www.dicvfreiburg.caritas.de\/cms\/contents\/dicvfreiburg.caritas\/medien\/dokumente\/service\/sammlungsmaterialien\/musterbrief-dank-an\/musterbrief_dankschreiben.doc%3Fd%3Da%26f%3Dpdf\" class=\"su-button su-button-style-flat\" style=\"color:#FFFFFF;background-color:#144bb6;border-color:#103c92;border-radius:1px\" target=\"_self\"><span style=\"color:#FFFFFF;padding:0px 24px;font-size:18px;line-height:36px;border-color:#5b81cc;border-radius:1px;text-shadow:none\">  Beispiel &#8211; 1 <\/span><\/a><\/div>\n<\/div>\r\n\r\n\r\n\r\n<div class=\"wp-block-column is-layout-flow wp-block-column-is-layout-flow\"><div class=\"su-button-center\"><a href=\"https:\/\/www.grundschule-am-margaretenplatz.de\/wp-content\/uploads\/2014\/10\/dankschreiben_sommerfest_150120.pdf\" class=\"su-button su-button-style-flat\" style=\"color:#FFFFFF;background-color:#144bb6;border-color:#103c92;border-radius:1px\" target=\"_self\"><span style=\"color:#FFFFFF;padding:0px 24px;font-size:18px;line-height:36px;border-color:#5b81cc;border-radius:1px;text-shadow:none\">  Beispiel &#8211; 2 <\/span><\/a><\/div>\n<\/div>\r\n\r\n\r\n<\/div>\r\n\r\n\r\n<hr class=\"wp-block-separator has-alpha-channel-opacity\" \/>\r\n\r\n\r\n\r\n<div class=\"wp-block-columns is-layout-flex wp-container-core-columns-is-layout-9d6595d7 wp-block-columns-is-layout-flex\">\r\n\r\n\r\n<div class=\"wp-block-column is-layout-flow wp-block-column-is-layout-flow\"><div class=\"su-button-center\"><a href=\"https:\/\/www.directpoint.ch\/-\/media\/post-maxisites\/directpoint\/dokumente\/Musterbrief-Dankesbrief-Non-Profit-Organisation.pdf?\" class=\"su-button su-button-style-flat\" style=\"color:#FFFFFF;background-color:#144bb6;border-color:#103c92;border-radius:1px\" target=\"_self\"><span style=\"color:#FFFFFF;padding:0px 24px;font-size:18px;line-height:36px;border-color:#5b81cc;border-radius:1px;text-shadow:none\">  Beispiel &#8211; 3 <\/span><\/a><\/div>\n<\/div>\r\n\r\n\r\n\r\n<div class=\"wp-block-column is-layout-flow wp-block-column-is-layout-flow\"><div class=\"su-button-center\"><a href=\"https:\/\/www.dicvfreiburg.caritas.de\/cms\/contents\/dicvfreiburg.caritas\/medien\/dokumente\/service\/sammlungsmaterialien\/musterbrief-dank-an\/musterbrief_dankschreiben.doc%3Fd%3Da%26f%3Dpdf\" class=\"su-button su-button-style-flat\" style=\"color:#FFFFFF;background-color:#144bb6;border-color:#103c92;border-radius:1px\" target=\"_self\"><span style=\"color:#FFFFFF;padding:0px 24px;font-size:18px;line-height:36px;border-color:#5b81cc;border-radius:1px;text-shadow:none\">  Beispiel &#8211; 4 <\/span><\/a><\/div>\n<\/div>\r\n\r\n\r\n<\/div>\r\n\r\n\r\n<hr class=\"wp-block-separator has-alpha-channel-opacity\" \/>\r\n\r\n<!-- \/wp:post-content -->\r\n\r\n<!-- wp:table {\"align\":\"center\"} -->\r\n<figure class=\"wp-block-table aligncenter\">\r\n<table>\r\n<tbody>\r\n<tr>\r\n<td style=\"text-align: center;\">Dankschreiben Spende Verein<\/td>\r\n<\/tr>\r\n<tr>\r\n<td style=\"text-align: center;\">PDF &#8211; WORD Datei<\/td>\r\n<\/tr>\r\n<tr>\r\n<td style=\"text-align: center;\">Bewertung: \u2b50\u2b50\u2b50\u2b50\u2b50 4.69<\/td>\r\n<\/tr>\r\n<tr>\r\n<td style=\"text-align: center;\">Ergebnisse &#8211; 616<\/td>\r\n<\/tr>\r\n<\/tbody>\r\n<\/table>\r\n<\/figure>\r\n<!-- \/wp:table -->\r\n\r\n<!-- wp:separator -->\r\n\r\n<hr class=\"wp-block-separator has-alpha-channel-opacity\" \/>\r\n\r\n<!-- \/wp:separator -->\r\n\r\n<div class=\"su-note\"  style=\"border-color:#e5e5e5;border-radius:10px;-moz-border-radius:10px;-webkit-border-radius:10px;\"><div class=\"su-note-inner su-u-clearfix su-u-trim\" style=\"background-color:#FFFFFF;border-color:#ffffff;color:#333333;border-radius:10px;-moz-border-radius:10px;-webkit-border-radius:10px;\">\r\n\r\n<p>Ein Dankschreiben ist eine wichtige Art und Weise, um den Spendern eines Vereins f\u00fcr ihre Gro\u00dfz\u00fcgigkeit und Unterst\u00fctzung zu danken. Es ist eine M\u00f6glichkeit, die Wertsch\u00e4tzung des Vereins zu zeigen und die Verbundenheit zu st\u00e4rken. In dieser Anleitung werden wir die verschiedenen Schritte und Bestandteile des Dankschreibens ausf\u00fchrlich erl\u00e4utern und wichtige \u00dcberlegungen zur formalen Gestaltung und zum Aufbau eines effektiven Briefes geben.<\/p>  <h3>1. Einleitung<\/h3>  <p>Die Einleitung ist der erste Teil des Dankschreibens und sollte positiv und freundlich formuliert sein. Hier ist es wichtig, den Grund f\u00fcr das Schreiben des Briefes zu nennen, n\u00e4mlich die Spende des Empf\u00e4ngers. Verwenden Sie in der Einleitung auch den Namen des Spenders und des Vereins, um eine pers\u00f6nliche Note zu vermitteln. Beispiel:<\/p>  <blockquote> <p><strong>Sehr geehrter Herr\/Frau [Nachname des Spenders],<\/strong><\/p> <p><strong>im Namen des [Vereinsname] m\u00f6chte ich Ihnen herzlich f\u00fcr Ihre gro\u00dfz\u00fcgige Spende danken.<\/strong><\/p> <\/blockquote>  <h3>2. Hauptteil<\/h3>  <p>Der Hauptteil des Dankschreibens ist der l\u00e4ngste Teil und bietet die M\u00f6glichkeit, den Spender \u00fcber die Auswirkungen seiner Spende zu informieren. Hier k\u00f6nnen Sie detaillierter auf die Verwendung der Spende sowie auf aktuelle Projekte oder Programme des Vereins eingehen. Beispiel:<\/p>  <blockquote> <p><strong>Ihre gro\u00dfz\u00fcgige Spende wird direkt dazu beitragen, unser neues Bildungsprogramm f\u00fcr benachteiligte Jugendliche zu erweitern. Wir haben bereits mit der Umsetzung begonnen und konnten dank Ihrer Unterst\u00fctzung bereits 50 Jugendlichen Zugang zu qualitativ hochwertiger Bildung verschaffen.<\/strong><\/p> <\/blockquote>  <h3>3. Pers\u00f6nliche Note und Wertsch\u00e4tzung<\/h3>  <p>Im n\u00e4chsten Abschnitt des Dankschreibens ist es wichtig, dem Spender pers\u00f6nlich zu danken und seine Gro\u00dfz\u00fcgigkeit zu w\u00fcrdigen. Zeigen Sie dem Spender, dass Sie sich \u00fcber seine Unterst\u00fctzung freuen und wie wichtig sie f\u00fcr den Verein ist. Hier k\u00f6nnen Sie auch Ihre Wertsch\u00e4tzung f\u00fcr den Spender zum Ausdruck bringen. Beispiel:<\/p>  <blockquote> <p><strong>Nochmals m\u00f6chten wir Ihnen unseren aufrichtigen Dank f\u00fcr Ihre gro\u00dfz\u00fcgige Spende aussprechen. Ihre Unterst\u00fctzung ist f\u00fcr unseren Verein von unsch\u00e4tzbarem Wert und erm\u00f6glicht es uns, unsere Mission fortzuf\u00fchren und positive Ver\u00e4nderungen in der Gemeinschaft zu bewirken.<\/strong><\/p> <\/blockquote>  <h3>4. Ausdruck von Zukunftshoffnungen<\/h3>  <p>Nach der Wertsch\u00e4tzung k\u00f6nnen Sie im n\u00e4chsten Abschnitt des Dankschreibens Ihre Hoffnungen f\u00fcr die Zukunft des Vereins und die weitere Zusammenarbeit mit dem Spender zum Ausdruck bringen. Zeigen Sie dem Spender, dass seine Unterst\u00fctzung langfristige Auswirkungen hat und dass Sie auch in Zukunft auf seine Hilfe hoffen. Beispiel:<\/p>  <blockquote> <p><strong>Wir hoffen, dass Sie weiterhin an unserem Verein interessiert sind und dass wir auch zuk\u00fcnftig auf Ihre gro\u00dfz\u00fcgige Unterst\u00fctzung z\u00e4hlen k\u00f6nnen. Ihre Spende wird es uns erm\u00f6glichen, noch mehr Jugendliche zu erreichen und unsere Programme weiter auszubauen.<\/strong><\/p> <\/blockquote>  <h3>5. Schluss<\/h3>  <p>Der Schlussteil des Dankschreibens sollte eine positive und freundliche Abschlussnote haben. Bedanken Sie sich erneut beim Spender und bieten Sie Ihre Unterst\u00fctzung an, falls er weitere Fragen oder Anliegen hat. Beispiel:<\/p>  <blockquote> <p><strong>Nochmals vielen Dank f\u00fcr Ihre gro\u00dfz\u00fcgige Spende. Sollten Sie weitere Fragen haben oder m\u00f6chten Sie weitere Informationen \u00fcber unsere Arbeit, z\u00f6gern Sie nicht, sich mit uns in Verbindung zu setzen. Wir freuen uns \u00fcber jede weitere Gelegenheit, mit Ihnen in Kontakt zu treten.<\/strong><\/p> <\/blockquote>  <h3>6. Formaler Aufbau<\/h3>  <p>Bei der formalen Gestaltung des Dankschreibens ist es wichtig, professionell und ordentlich zu wirken. Verwenden Sie ein passendes Briefpapier und platzieren Sie das Vereinslogo sowie Ihre Kontaktdaten im Briefkopf. Setzen Sie den Text des Dankschreibens in einen gut lesbaren Schrifttyp und achten Sie auf eine angemessene Formatierung und den Einsatz von Abs\u00e4tzen. Beispiel:<\/p>  <blockquote> <p><strong>[Vereinslogo]<\/strong><\/p> <p>123 Beispielstra\u00dfe<\/p> <p>12345 Musterstadt<\/p> <p>Tel: 01234\/56789<\/p> <p>E-Mail: info@verein.de<\/p> <\/blockquote>  <h3><\/h3>  <p>Das Verfassen eines Dankschreibens f\u00fcr eine Spende ist eine M\u00f6glichkeit, den Spendern eines Vereins Wertsch\u00e4tzung und Verbundenheit zu zeigen. Indem Sie die verschiedenen Schritte und Bestandteile des Dankschreibens beachten und wichtige \u00dcberlegungen zur formalen Gestaltung und zum Aufbau eines effektiven Briefes ber\u00fccksichtigen, k\u00f6nnen Sie ein aussagekr\u00e4ftiges und dankbares Dankschreiben verfassen. Vergessen Sie nicht, den Spender pers\u00f6nlich anzusprechen und die Auswirkungen seiner Spende zu betonen. Mit einer gut durchdachten Dankschreiben k\u00f6nnen Sie die Bindung zu Ihren Spendern st\u00e4rken und Ihre Wertsch\u00e4tzung zum Ausdruck bringen.<\/p>\r\n\r\n<\/div><\/div>\r\n\r\n<!-- wp:separator -->\r\n\r\n<hr class=\"wp-block-separator has-alpha-channel-opacity\" \/>","protected":false},"excerpt":{"rendered":"<p>Muster und Vorlage f\u00fcr Dankschreiben Spende Verein &#8211; Ausf\u00fcllen und Erstellung &#8211; \u00d6ffnen im PDF und WORD Datei und Online &#8230; <\/p>\n<p class=\"read-more-container\"><a title=\"\u00d6ffnen &#8211; Dankschreiben Spende Verein\" class=\"read-more button\" href=\"https:\/\/schreibenpro.com\/de\/dankschreiben-spende-verein-offnen\/#more-560\" aria-label=\"Mehr zu \u00d6ffnen &#8211; Dankschreiben Spende Verein\">\u00d6FFNEN <\/a><\/p>\n","protected":false},"author":1,"featured_media":0,"parent":0,"menu_order":0,"comment_status":"closed","ping_status":"closed","template":"","meta":{"footnotes":""},"class_list":{"0":"post-560","1":"page","2":"type-page","3":"status-publish","5":"infinite-scroll-item"},"yoast_head":"<!-- This site is optimized with the Yoast SEO plugin v24.6 - https:\/\/yoast.com\/wordpress\/plugins\/seo\/ -->\n<title>\u00d6ffnen - Dankschreiben Spende Verein - Schreiben PRO<\/title>\n<meta name=\"robots\" content=\"noindex, follow\" \/>\n<meta property=\"og:locale\" content=\"de_DE\" \/>\n<meta property=\"og:type\" content=\"article\" \/>\n<meta property=\"og:title\" content=\"\u00d6ffnen - Dankschreiben Spende Verein - Schreiben PRO\" \/>\n<meta property=\"og:description\" content=\"Muster und Vorlage f\u00fcr Dankschreiben Spende Verein &#8211; Ausf\u00fcllen und Erstellung &#8211; \u00d6ffnen im PDF und WORD Datei und Online ... \u00d6FFNEN\" \/>\n<meta property=\"og:url\" content=\"https:\/\/schreibenpro.com\/de\/dankschreiben-spende-verein-offnen\/\" \/>\n<meta property=\"og:site_name\" content=\"Schreiben PRO\" \/>\n<meta property=\"og:image\" content=\"https:\/\/schreibenpro.com\/de\/wp-content\/uploads\/dankschreiben-spende-verein-muster-vorlage.jpg\" \/>\n<meta name=\"twitter:card\" content=\"summary_large_image\" \/>\n<meta name=\"twitter:label1\" content=\"Gesch\u00e4tzte Lesezeit\" \/>\n\t<meta name=\"twitter:data1\" content=\"1\u00a0Minute\" \/>\n<!-- \/ Yoast SEO plugin. -->","yoast_head_json":{"title":"\u00d6ffnen - Dankschreiben Spende Verein - Schreiben PRO","robots":{"index":"noindex","follow":"follow"},"og_locale":"de_DE","og_type":"article","og_title":"\u00d6ffnen - Dankschreiben Spende Verein - Schreiben PRO","og_description":"Muster und Vorlage f\u00fcr Dankschreiben Spende Verein &#8211; Ausf\u00fcllen und Erstellung &#8211; \u00d6ffnen im PDF und WORD Datei und Online ... \u00d6FFNEN","og_url":"https:\/\/schreibenpro.com\/de\/dankschreiben-spende-verein-offnen\/","og_site_name":"Schreiben PRO","og_image":[{"url":"https:\/\/schreibenpro.com\/de\/wp-content\/uploads\/dankschreiben-spende-verein-muster-vorlage.jpg","type":"","width":"","height":""}],"twitter_card":"summary_large_image","twitter_misc":{"Gesch\u00e4tzte Lesezeit":"1\u00a0Minute"},"schema":{"@context":"https:\/\/schema.org","@graph":[{"@type":"WebPage","@id":"https:\/\/schreibenpro.com\/de\/dankschreiben-spende-verein-offnen\/","url":"https:\/\/schreibenpro.com\/de\/dankschreiben-spende-verein-offnen\/","name":"\u00d6ffnen - Dankschreiben Spende Verein - Schreiben PRO","isPartOf":{"@id":"https:\/\/schreibenpro.com\/de\/#website"},"primaryImageOfPage":{"@id":"https:\/\/schreibenpro.com\/de\/dankschreiben-spende-verein-offnen\/#primaryimage"},"image":{"@id":"https:\/\/schreibenpro.com\/de\/dankschreiben-spende-verein-offnen\/#primaryimage"},"thumbnailUrl":"https:\/\/schreibenpro.com\/de\/wp-content\/uploads\/dankschreiben-spende-verein-muster-vorlage.jpg","datePublished":"2023-12-18T08:24:36+00:00","breadcrumb":{"@id":"https:\/\/schreibenpro.com\/de\/dankschreiben-spende-verein-offnen\/#breadcrumb"},"inLanguage":"de","potentialAction":[{"@type":"ReadAction","target":["https:\/\/schreibenpro.com\/de\/dankschreiben-spende-verein-offnen\/"]}]},{"@type":"ImageObject","inLanguage":"de","@id":"https:\/\/schreibenpro.com\/de\/dankschreiben-spende-verein-offnen\/#primaryimage","url":"https:\/\/schreibenpro.com\/de\/wp-content\/uploads\/anschreiben-zum-angebot-muster-vorlage.jpg","contentUrl":"https:\/\/schreibenpro.com\/de\/wp-content\/uploads\/anschreiben-zum-angebot-muster-vorlage.jpg","width":1410,"height":2250},{"@type":"BreadcrumbList","@id":"https:\/\/schreibenpro.com\/de\/dankschreiben-spende-verein-offnen\/#breadcrumb","itemListElement":[{"@type":"ListItem","position":1,"name":"Portada","item":"https:\/\/schreibenpro.com\/de\/"},{"@type":"ListItem","position":2,"name":"\u00d6ffnen &#8211; Dankschreiben Spende Verein"}]},{"@type":"WebSite","@id":"https:\/\/schreibenpro.com\/de\/#website","url":"https:\/\/schreibenpro.com\/de\/","name":"Schreiben PRO","description":"Muster und Vorlage","publisher":{"@id":"https:\/\/schreibenpro.com\/de\/#organization"},"potentialAction":[{"@type":"SearchAction","target":{"@type":"EntryPoint","urlTemplate":"https:\/\/schreibenpro.com\/de\/?s={search_term_string}"},"query-input":{"@type":"PropertyValueSpecification","valueRequired":true,"valueName":"search_term_string"}}],"inLanguage":"de"},{"@type":"Organization","@id":"https:\/\/schreibenpro.com\/de\/#organization","name":"Schreiben PRO","url":"https:\/\/schreibenpro.com\/de\/","logo":{"@type":"ImageObject","inLanguage":"de","@id":"https:\/\/schreibenpro.com\/de\/#\/schema\/logo\/image\/","url":"https:\/\/schreibenpro.com\/de\/wp-content\/uploads\/cropped-fav.png","contentUrl":"https:\/\/schreibenpro.com\/de\/wp-content\/uploads\/cropped-fav.png","width":512,"height":512,"caption":"Schreiben PRO"},"image":{"@id":"https:\/\/schreibenpro.com\/de\/#\/schema\/logo\/image\/"}}]}},"_links":{"self":[{"href":"https:\/\/schreibenpro.com\/de\/wp-json\/wp\/v2\/pages\/560","targetHints":{"allow":["GET"]}}],"collection":[{"href":"https:\/\/schreibenpro.com\/de\/wp-json\/wp\/v2\/pages"}],"about":[{"href":"https:\/\/schreibenpro.com\/de\/wp-json\/wp\/v2\/types\/page"}],"author":[{"embeddable":true,"href":"https:\/\/schreibenpro.com\/de\/wp-json\/wp\/v2\/users\/1"}],"replies":[{"embeddable":true,"href":"https:\/\/schreibenpro.com\/de\/wp-json\/wp\/v2\/comments?post=560"}],"version-history":[{"count":0,"href":"https:\/\/schreibenpro.com\/de\/wp-json\/wp\/v2\/pages\/560\/revisions"}],"wp:attachment":[{"href":"https:\/\/schreibenpro.com\/de\/wp-json\/wp\/v2\/media?parent=560"}],"curies":[{"name":"wp","href":"https:\/\/api.w.org\/{rel}","templated":true}]}}