{"id":565,"date":"2023-12-18T08:24:38","date_gmt":"2023-12-18T08:24:38","guid":{"rendered":"https:\/\/schreibenpro.com\/de\/bewerbungsanschreiben-nach-elternzeit-offnen\/"},"modified":"2023-12-18T08:24:38","modified_gmt":"2023-12-18T08:24:38","slug":"bewerbungsanschreiben-nach-elternzeit-offnen","status":"publish","type":"page","link":"https:\/\/schreibenpro.com\/de\/bewerbungsanschreiben-nach-elternzeit-offnen\/","title":{"rendered":"\u00d6ffnen &#8211; Bewerbungsanschreiben Nach Elternzeit"},"content":{"rendered":"\r\n<p class=\"has-text-align-center\">Muster und Vorlage f\u00fcr <strong> Bewerbungsanschreiben Nach Elternzeit<\/strong> &#8211; Erstellung und Ausf\u00fcllen &#8211; \u00d6ffnen im <strong>WORD  PDF<\/strong> Datei und Online<\/p>\r\n\r\n\r\n\r\n\r\n<div class=\"wp-block-image\">\r\n<figure class=\"aligncenter size-large is-resized\"><img loading=\"lazy\" decoding=\"async\" class=\"wp-image-215\" src=\"https:\/\/schreibenpro.com\/de\/wp-content\/uploads\/bewerbungsanschreiben-nach-elternzeit-muster-vorlage.jpg\" alt=\"\" width=\"245\" height=\"391\" \/><\/figure>\r\n<\/div>\r\n\r\n\r\n\r\n<hr class=\"wp-block-separator has-alpha-channel-opacity\" \/>\r\n\r\n\r\n\r\n\r\n\r\n<div class=\"su-note\"  style=\"border-color:#e5e5e5;border-radius:10px;-moz-border-radius:10px;-webkit-border-radius:10px;\"><div class=\"su-note-inner su-u-clearfix su-u-trim\" style=\"background-color:#FFFFFF;border-color:#ffffff;color:#333333;border-radius:10px;-moz-border-radius:10px;-webkit-border-radius:10px;\">\r\n\r\n<section id=\"specialParagraph\"><p>Sehr geehrte\/r [Name des Empf\u00e4ngers],<\/p>  <p>ich hoffe, dass diese Bewerbung Sie in bester Gesundheit erreicht. Mit diesem Schreiben m\u00f6chte ich mein Interesse an der Stelle als [Position] in Ihrem Unternehmen ausdr\u00fccken. Nach meiner Elternzeit bin ich nun bereit, wieder ins Berufsleben einzusteigen und sehe Ihre offene Stelle als ideale M\u00f6glichkeit, meine Erfahrungen und F\u00e4higkeiten einzubringen.<\/p>  <h3>Einleitung<\/h3>  <p>Mein Name ist [Ihr Name] und ich habe [Anzahl der Jahre] lang als [fr\u00fchere Position] bei [fr\u00fcheres Unternehmen] gearbeitet. W\u00e4hrend meiner Elternzeit habe ich mich intensiv weitergebildet und bin nun motiviert, meine Karriere fortzusetzen. Von der Stellenausschreibung habe ich erfahren, dass Sie eine engagierte und erfahrene Mitarbeiter\/in suchen, um Ihr Team zu bereichern. Aufgrund meiner bisherigen Erfahrungen in der Branche bin ich \u00fcberzeugt, dass ich diese Anforderungen erf\u00fcllen kann.<\/p>  <h3>Begr\u00fcndung der Bewerbung<\/h3>  <p>W\u00e4hrend meiner Elternzeit habe ich mein Wissen durch Fortbildungen im Bereich [relevantes Thema] erweitert und meine Kompetenzen in [spezifische F\u00e4higkeiten] weiterentwickelt. Ich habe auch meine Zeit genutzt, um meine Netzwerke zu pflegen und mich \u00fcber aktuelle Trends und Entwicklungen in unserer Branche auf dem Laufenden zu halten.<\/p>  <p>Ich bin \u00fcberzeugt, dass meine Erfahrungen in [besondere Kenntnisse oder F\u00e4higkeiten] und meine F\u00e4higkeit, [spezifischen Mehrwert f\u00fcr das Unternehmen] zu schaffen, mich zu einer wertvollen Erg\u00e4nzung Ihres Teams machen. W\u00e4hrend meiner fr\u00fcheren T\u00e4tigkeit als [fr\u00fchere Position] war ich verantwortlich f\u00fcr [erfolgreiches Projekt oder Ergebnis], bei dem ich meine analytischen F\u00e4higkeiten und mein Organisationstalent unter Beweis stellen konnte.<\/p>  <h3>Anpassung an die Stelle<\/h3>  <p>Ich habe mir die Stellenbeschreibung f\u00fcr die ausgeschriebene Position genau angesehen und bin \u00fcberzeugt, dass meine F\u00e4higkeiten und Erfahrungen gut zu den Anforderungen passen. Besonders fand ich die Herausforderungen in [spezifischer T\u00e4tigkeitsbereich] interessant, da ich bereits in meiner fr\u00fcheren T\u00e4tigkeit umfangreiche Erfahrungen sammeln durfte. Ich bin mir sicher, dass ich mit meiner Fachkompetenz und meiner F\u00fchrungserfahrung einen wertvollen Beitrag in Ihrem Unternehmen leisten kann.<\/p>  <h3>Fazit und Schluss<\/h3>  <p>Ich bin hochmotiviert, nach meiner Elternzeit in das Berufsleben zur\u00fcckzukehren und wieder aktiv am Erfolg eines Unternehmens mitzuwirken. Die ausgeschriebene Position bei Ihnen ist f\u00fcr mich eine einmalige Gelegenheit, meine St\u00e4rken und F\u00e4higkeiten voll einzubringen und mich weiterzuentwickeln. Ich bin mir sicher, dass ich eine Bereicherung f\u00fcr Ihr Team sein werde.<\/p>  <p>Vielen Dank f\u00fcr Ihre Aufmerksamkeit und die M\u00f6glichkeit, mich auf diese Stelle zu bewerben. Ich freue mich darauf, von Ihnen zu h\u00f6ren und weitere Einzelheiten zu besprechen.<\/p>  <p>Mit freundlichen Gr\u00fc\u00dfen<\/p> [Ihr Name]<\/section><\/div><\/div>\r\n\r\n&nbsp;\r\n\r\n\r\n\r\n\r\n\r\n\r\n<p class=\"has-text-align-center\">Muster und Vorlage f\u00fcr <strong> Bewerbungsanschreiben Nach Elternzeit <\/strong> zur Erstellung und Anpassung im <strong>WORD<\/strong>\u2013 und <strong>PDF-Format<\/strong><\/p>\r\n\r\n\r\n<button id=\"generatePDF\">Erstellen (PDF &#8211; WORD)<\/button>\r\n\r\n\r\n\r\n<hr class=\"wp-block-separator has-alpha-channel-opacity\" \/>\r\n\r\n\r\n\r\n<p style=\"text-align: center;\"><strong>Bewerbungsanschreiben Nach Elternzeit<\/strong><\/p>\r\n\r\n<div class=\"wp-block-columns is-layout-flex wp-container-core-columns-is-layout-9d6595d7 wp-block-columns-is-layout-flex\">\r\n\r\n\r\n<div class=\"wp-block-column is-layout-flow wp-block-column-is-layout-flow\"><div class=\"su-button-center\"><a href=\"https:\/\/www.arbeitsagentur.de\/vor-ort\/datei\/bewerbungskompass_arbeitsstellen_ba095357.pdf\" class=\"su-button su-button-style-flat\" style=\"color:#FFFFFF;background-color:#144bb6;border-color:#103c92;border-radius:1px\" target=\"_self\"><span style=\"color:#FFFFFF;padding:0px 24px;font-size:18px;line-height:36px;border-color:#5b81cc;border-radius:1px;text-shadow:none\">   PDF <\/span><\/a><\/div>\n<\/div>\r\n\r\n\r\n\r\n<div class=\"wp-block-column is-layout-flow wp-block-column-is-layout-flow\"><div class=\"su-button-center\"><a href=\"https:\/\/kubsau.ru\/upload\/iblock\/99a\/99aa07bc5cce554a70cdca41e1ae2f96.docx\" class=\"su-button su-button-style-flat\" style=\"color:#FFFFFF;background-color:#144bb6;border-color:#103c92;border-radius:1px\" target=\"_self\"><span style=\"color:#FFFFFF;padding:0px 24px;font-size:18px;line-height:36px;border-color:#5b81cc;border-radius:1px;text-shadow:none\">   DOC<\/span><\/a><\/div>\n<\/div>\r\n\r\n\r\n<\/div>\r\n\r\n\r\n\r\n<p style=\"text-align: center;\"><strong>Beispiele<\/strong><\/p>\r\n\r\n<div class=\"wp-block-columns is-layout-flex wp-container-core-columns-is-layout-9d6595d7 wp-block-columns-is-layout-flex\">\r\n\r\n\r\n<div class=\"wp-block-column is-layout-flow wp-block-column-is-layout-flow\"><div class=\"su-button-center\"><a href=\"https:\/\/www.bmfsfj.de\/resource\/blob\/186338\/c3c06f5f4f6def26726bd63bc8953fbc\/perspektive-wiedereinstieg-abschlussveroeffentlichung-data.pdf\" class=\"su-button su-button-style-flat\" style=\"color:#FFFFFF;background-color:#144bb6;border-color:#103c92;border-radius:1px\" target=\"_self\"><span style=\"color:#FFFFFF;padding:0px 24px;font-size:18px;line-height:36px;border-color:#5b81cc;border-radius:1px;text-shadow:none\">  Beispiel &#8211; 1 <\/span><\/a><\/div>\n<\/div>\r\n\r\n\r\n\r\n<div class=\"wp-block-column is-layout-flow wp-block-column-is-layout-flow\"><div class=\"su-button-center\"><a href=\"https:\/\/www.arbeitsagentur.de\/vor-ort\/datei\/bewerbungskompass_arbeitsstellen_ba095357.pdf\" class=\"su-button su-button-style-flat\" style=\"color:#FFFFFF;background-color:#144bb6;border-color:#103c92;border-radius:1px\" target=\"_self\"><span style=\"color:#FFFFFF;padding:0px 24px;font-size:18px;line-height:36px;border-color:#5b81cc;border-radius:1px;text-shadow:none\">  Beispiel &#8211; 2 <\/span><\/a><\/div>\n<\/div>\r\n\r\n\r\n<\/div>\r\n\r\n\r\n<hr class=\"wp-block-separator has-alpha-channel-opacity\" \/>\r\n\r\n\r\n\r\n<div class=\"wp-block-columns is-layout-flex wp-container-core-columns-is-layout-9d6595d7 wp-block-columns-is-layout-flex\">\r\n\r\n\r\n<div class=\"wp-block-column is-layout-flow wp-block-column-is-layout-flow\"><div class=\"su-button-center\"><a href=\"https:\/\/www.arbeitsagentur.de\/vor-ort\/datei\/biz-broschuere-bewerbungstipps-fuer-frauen_ba089177.pdf\" class=\"su-button su-button-style-flat\" style=\"color:#FFFFFF;background-color:#144bb6;border-color:#103c92;border-radius:1px\" target=\"_self\"><span style=\"color:#FFFFFF;padding:0px 24px;font-size:18px;line-height:36px;border-color:#5b81cc;border-radius:1px;text-shadow:none\">  Beispiel &#8211; 3 <\/span><\/a><\/div>\n<\/div>\r\n\r\n\r\n\r\n<div class=\"wp-block-column is-layout-flow wp-block-column-is-layout-flow\"><div class=\"su-button-center\"><a href=\"https:\/\/www.arbeitsagentur.de\/vor-ort\/datei\/bewerbungskompass_arbeitsstellen_ba095357.pdf\" class=\"su-button su-button-style-flat\" style=\"color:#FFFFFF;background-color:#144bb6;border-color:#103c92;border-radius:1px\" target=\"_self\"><span style=\"color:#FFFFFF;padding:0px 24px;font-size:18px;line-height:36px;border-color:#5b81cc;border-radius:1px;text-shadow:none\">  Beispiel &#8211; 4 <\/span><\/a><\/div>\n<\/div>\r\n\r\n\r\n<\/div>\r\n\r\n\r\n<hr class=\"wp-block-separator has-alpha-channel-opacity\" \/>\r\n\r\n<!-- \/wp:post-content -->\r\n\r\n<!-- wp:table {\"align\":\"center\"} -->\r\n<figure class=\"wp-block-table aligncenter\">\r\n<table>\r\n<tbody>\r\n<tr>\r\n<td style=\"text-align: center;\">Bewerbungsanschreiben Nach Elternzeit<\/td>\r\n<\/tr>\r\n<tr>\r\n<td style=\"text-align: center;\">PDF &#8211; WORD Datei<\/td>\r\n<\/tr>\r\n<tr>\r\n<td style=\"text-align: center;\">Bewertung: \u2b50\u2b50\u2b50\u2b50\u2b50 4.7<\/td>\r\n<\/tr>\r\n<tr>\r\n<td style=\"text-align: center;\">Ergebnisse &#8211; 1096<\/td>\r\n<\/tr>\r\n<\/tbody>\r\n<\/table>\r\n<\/figure>\r\n<!-- \/wp:table -->\r\n\r\n<!-- wp:separator -->\r\n\r\n<hr class=\"wp-block-separator has-alpha-channel-opacity\" \/>\r\n\r\n<!-- \/wp:separator -->\r\n\r\n<div class=\"su-note\"  style=\"border-color:#e5e5e5;border-radius:10px;-moz-border-radius:10px;-webkit-border-radius:10px;\"><div class=\"su-note-inner su-u-clearfix su-u-trim\" style=\"background-color:#FFFFFF;border-color:#ffffff;color:#333333;border-radius:10px;-moz-border-radius:10px;-webkit-border-radius:10px;\">\r\n\r\n<p>Ein Bewerbungsanschreiben nach der Elternzeit ist ein wichtiger Schritt, um wieder in das Berufsleben einzusteigen. Es ist entscheidend, einen \u00fcberzeugenden und gut strukturierten Brief zu verfassen, um potenzielle Arbeitgeber von Ihren F\u00e4higkeiten und Ihrer Motivation zu \u00fcberzeugen. In dieser Anleitung werden wir Ihnen Schritt f\u00fcr Schritt zeigen, wie Sie ein erfolgreiches Bewerbungsanschreiben nach der Elternzeit verfassen k\u00f6nnen.<\/p>  <h3>Schritt 1: Die Einleitung<\/h3>  <p>Die Einleitung ist der erste Eindruck, den Sie bei Ihrem potenziellen Arbeitgeber hinterlassen. Sie sollten in dieser Einleitung kurz erw\u00e4hnen, dass Sie in Elternzeit waren und nun wieder ins Berufsleben zur\u00fcckkehren m\u00f6chten. Es ist wichtig, Ihre Motivation f\u00fcr die Stelle zu betonen und warum Sie der perfekte Kandidat f\u00fcr die Position sind. Hier ist ein Beispiel f\u00fcr die Einleitung:<\/p>  <blockquote> <p>Sehr geehrte\/r [Name des Ansprechpartners],<\/p> <p>mit gro\u00dfem Interesse habe ich Ihre Stellenausschreibung f\u00fcr [Stellenbezeichnung] gelesen und m\u00f6chte mich hiermit gerne darauf bewerben. Nach meiner Elternzeit bin ich hochmotiviert, wieder in das Berufsleben einzusteigen und meine Erfahrungen und F\u00e4higkeiten in Ihrem Unternehmen einzusetzen.<\/p> <\/blockquote>  <h3>Schritt 2: Der Hauptteil<\/h3>  <p>Im Hauptteil des Bewerbungsanschreibens sollten Sie Ihre Erfahrungen, F\u00e4higkeiten und Erfolge hervorheben. Es ist wichtig, Ihre beruflichen St\u00e4rken zu betonen und wie Sie diese in der vergangenen Zeit weiterentwickelt haben. Achten Sie darauf, relevante Beispiele anzuf\u00fchren und Ihre Aussagen mit konkreten Ergebnissen zu untermauern. Hier ist ein Beispiel f\u00fcr den Hauptteil:<\/p>  <blockquote> <p>In meiner vorherigen Position als [Ihre vorherige Position] bei [Ihrem vorherigen Arbeitgeber] war ich f\u00fcr [Ihre Aufgaben und Verantwortlichkeiten] zust\u00e4ndig. In dieser Zeit konnte ich meine organisatorischen F\u00e4higkeiten st\u00e4rken und erfolgreich [ein bestimmtes Projekt oder eine Aufgabe] abschlie\u00dfen. Durch meine Flexibilit\u00e4t und meine F\u00e4higkeit, in einem stressigen Umfeld zu arbeiten, konnte ich auch schwierige Situationen erfolgreich bew\u00e4ltigen und L\u00f6sungen finden.<\/p> <p>W\u00e4hrend meiner Elternzeit habe ich auch die Gelegenheit genutzt, mich weiterzubilden und neue F\u00e4higkeiten zu erlernen. Ich habe an verschiedenen Weiterbildungen und Kursen teilgenommen, um meine Kenntnisse auf dem [relevantes Fachgebiet] zu erweitern. Diese Weiterbildungen haben meine Leidenschaft f\u00fcr das [Ihr berufliches Interessengebiet] nur noch verst\u00e4rkt und meine F\u00e4higkeiten auf ein noch h\u00f6heres Niveau gebracht.<\/p> <\/blockquote>  <h3>Schritt 3: Der Schluss<\/h3>  <p>Der Schluss des Bewerbungsanschreibens ist der letzte Eindruck, den Sie hinterlassen. Sie sollten noch einmal Ihre Motivation und Ihr Interesse an der Stelle betonen und Ihre Kontaktdaten angeben. Bedanken Sie sich f\u00fcr die Zeit und die Aufmerksamkeit des Lesers und dr\u00fccken Sie Ihre Hoffnung auf ein pers\u00f6nliches Gespr\u00e4ch aus. Hier ist ein Beispiel f\u00fcr den Schluss:<\/p>  <blockquote> <p>Ich bin \u00fcberzeugt, dass meine Erfahrungen, F\u00e4higkeiten und mein Engagement mich zu einem wertvollen Mitglied Ihres Teams machen w\u00fcrden. Gerne m\u00f6chte ich Sie in einem pers\u00f6nlichen Gespr\u00e4ch von meinen F\u00e4higkeiten \u00fcberzeugen. F\u00fcr weitere Informationen stehe ich Ihnen gerne zur Verf\u00fcgung und freue mich auf Ihre R\u00fcckmeldung.<\/p> <p>Mit freundlichen Gr\u00fc\u00dfen,<\/p> [Ihr Name] [Ihre Kontaktdaten] <\/blockquote>  <h3>Wichtige \u00dcberlegungen zur formalen Gestaltung und zum Aufbau eines effektiven Briefes<\/h3>  <p>Um einen effektiven Brief zu verfassen, sollten Sie auch die formalen Gestaltungsregeln beachten. Hier sind einige wichtige \u00dcberlegungen:<\/p>  <dl> <dt>1. L\u00e4nge des Briefes:<\/dt> <dd>Halten Sie den Brief auf etwa eine Seite. Seien Sie pr\u00e4zise und fokussiert, um die Aufmerksamkeit des Lesers zu behalten.<\/dd>  <dt>2. Struktur:<\/dt> <dd>Gliedern Sie Ihren Brief in Abs\u00e4tze und verwenden Sie klare \u00dcberschriften, um den Text \u00fcbersichtlich zu gestalten.<\/dd>  <dt>3. Sprache und Ton:<\/dt> <dd>Verwenden Sie eine formelle und professionelle Sprache. Seien Sie positiv und selbstbewusst, aber vermeiden Sie arrogantes Auftreten.<\/dd>  <dt>4. Rechtschreibung und Grammatik:<\/dt> <dd>\u00dcberpr\u00fcfen Sie Ihren Brief sorgf\u00e4ltig auf Rechtschreib- und Grammatikfehler. Verwenden Sie ggf. Rechtschreibpr\u00fcfungssoftware oder lassen Sie den Brief von einer anderen Person Korrektur lesen.<\/dd>  <dt>5. Anpassung an die Stellenanzeige:<\/dt> <dd>Passen Sie den Inhalt Ihres Briefes an die Anforderungen der Stellenanzeige an. Betonen Sie Ihre relevanten Erfahrungen und F\u00e4higkeiten, die f\u00fcr die Position wichtig sind.<\/dd>  <dt>6. Pers\u00f6nlicher Bezug:<\/dt> <dd>Versuchen Sie, im Brief einen pers\u00f6nlichen Bezug herzustellen, indem Sie sich \u00fcber das Unternehmen und die Stelle informieren. Zeigen Sie, dass Sie sich mit dem Unternehmen und seiner Kultur identifizieren k\u00f6nnen.<\/dd>  <dt>7. Referenz und Anh\u00e4nge:<\/dt> <dd>Geben Sie im Brief an, wenn Sie Referenzen oder andere Dokumente beif\u00fcgen. Erw\u00e4hnen Sie diese jedoch nur, wenn sie ausdr\u00fccklich in der Stellenanzeige gefordert werden oder Sie der Meinung sind, dass diese zus\u00e4tzlichen Informationen hilfreich sind.<\/dd> <\/dl>  <p>Mit dieser Anleitung sollten Sie nun in der Lage sein, ein \u00fcberzeugendes Bewerbungsanschreiben nach der Elternzeit zu verfassen. Denken Sie daran, dass es wichtig ist, sich Zeit zu nehmen, um den Brief sorgf\u00e4ltig zu gestalten und sicherzustellen, dass er Ihre St\u00e4rken und Motivation effektiv zum Ausdruck bringt. Viel Erfolg bei Ihrer Bewerbung!<\/p>\r\n\r\n<\/div><\/div>\r\n\r\n<!-- wp:separator -->\r\n\r\n<hr class=\"wp-block-separator has-alpha-channel-opacity\" \/>","protected":false},"excerpt":{"rendered":"<p>Muster und Vorlage f\u00fcr Bewerbungsanschreiben Nach Elternzeit &#8211; Erstellung und Ausf\u00fcllen &#8211; \u00d6ffnen im WORD PDF Datei und Online &nbsp; &#8230; <\/p>\n<p class=\"read-more-container\"><a title=\"\u00d6ffnen &#8211; Bewerbungsanschreiben Nach Elternzeit\" class=\"read-more button\" href=\"https:\/\/schreibenpro.com\/de\/bewerbungsanschreiben-nach-elternzeit-offnen\/#more-565\" aria-label=\"Mehr zu \u00d6ffnen &#8211; Bewerbungsanschreiben Nach Elternzeit\">\u00d6FFNEN <\/a><\/p>\n","protected":false},"author":1,"featured_media":0,"parent":0,"menu_order":0,"comment_status":"closed","ping_status":"closed","template":"","meta":{"footnotes":""},"class_list":{"0":"post-565","1":"page","2":"type-page","3":"status-publish","5":"infinite-scroll-item"},"yoast_head":"<!-- This site is optimized with the Yoast SEO plugin v24.6 - https:\/\/yoast.com\/wordpress\/plugins\/seo\/ -->\n<title>\u00d6ffnen - Bewerbungsanschreiben Nach Elternzeit - Schreiben PRO<\/title>\n<meta name=\"robots\" content=\"noindex, follow\" \/>\n<meta property=\"og:locale\" content=\"de_DE\" \/>\n<meta property=\"og:type\" content=\"article\" \/>\n<meta property=\"og:title\" content=\"\u00d6ffnen - Bewerbungsanschreiben Nach Elternzeit - Schreiben PRO\" \/>\n<meta property=\"og:description\" content=\"Muster und Vorlage f\u00fcr Bewerbungsanschreiben Nach Elternzeit &#8211; Erstellung und Ausf\u00fcllen &#8211; \u00d6ffnen im WORD PDF Datei und Online &nbsp; ... \u00d6FFNEN\" \/>\n<meta property=\"og:url\" content=\"https:\/\/schreibenpro.com\/de\/bewerbungsanschreiben-nach-elternzeit-offnen\/\" \/>\n<meta property=\"og:site_name\" content=\"Schreiben PRO\" \/>\n<meta property=\"og:image\" content=\"https:\/\/schreibenpro.com\/de\/wp-content\/uploads\/bewerbungsanschreiben-nach-elternzeit-muster-vorlage.jpg\" \/>\n<meta name=\"twitter:card\" content=\"summary_large_image\" \/>\n<meta name=\"twitter:label1\" content=\"Gesch\u00e4tzte Lesezeit\" \/>\n\t<meta name=\"twitter:data1\" content=\"1\u00a0Minute\" \/>\n<!-- \/ Yoast SEO plugin. -->","yoast_head_json":{"title":"\u00d6ffnen - Bewerbungsanschreiben Nach Elternzeit - Schreiben PRO","robots":{"index":"noindex","follow":"follow"},"og_locale":"de_DE","og_type":"article","og_title":"\u00d6ffnen - Bewerbungsanschreiben Nach Elternzeit - Schreiben PRO","og_description":"Muster und Vorlage f\u00fcr Bewerbungsanschreiben Nach Elternzeit &#8211; Erstellung und Ausf\u00fcllen &#8211; \u00d6ffnen im WORD PDF Datei und Online &nbsp; ... \u00d6FFNEN","og_url":"https:\/\/schreibenpro.com\/de\/bewerbungsanschreiben-nach-elternzeit-offnen\/","og_site_name":"Schreiben PRO","og_image":[{"url":"https:\/\/schreibenpro.com\/de\/wp-content\/uploads\/bewerbungsanschreiben-nach-elternzeit-muster-vorlage.jpg","type":"","width":"","height":""}],"twitter_card":"summary_large_image","twitter_misc":{"Gesch\u00e4tzte Lesezeit":"1\u00a0Minute"},"schema":{"@context":"https:\/\/schema.org","@graph":[{"@type":"WebPage","@id":"https:\/\/schreibenpro.com\/de\/bewerbungsanschreiben-nach-elternzeit-offnen\/","url":"https:\/\/schreibenpro.com\/de\/bewerbungsanschreiben-nach-elternzeit-offnen\/","name":"\u00d6ffnen - Bewerbungsanschreiben Nach Elternzeit - Schreiben PRO","isPartOf":{"@id":"https:\/\/schreibenpro.com\/de\/#website"},"primaryImageOfPage":{"@id":"https:\/\/schreibenpro.com\/de\/bewerbungsanschreiben-nach-elternzeit-offnen\/#primaryimage"},"image":{"@id":"https:\/\/schreibenpro.com\/de\/bewerbungsanschreiben-nach-elternzeit-offnen\/#primaryimage"},"thumbnailUrl":"https:\/\/schreibenpro.com\/de\/wp-content\/uploads\/bewerbungsanschreiben-nach-elternzeit-muster-vorlage.jpg","datePublished":"2023-12-18T08:24:38+00:00","breadcrumb":{"@id":"https:\/\/schreibenpro.com\/de\/bewerbungsanschreiben-nach-elternzeit-offnen\/#breadcrumb"},"inLanguage":"de","potentialAction":[{"@type":"ReadAction","target":["https:\/\/schreibenpro.com\/de\/bewerbungsanschreiben-nach-elternzeit-offnen\/"]}]},{"@type":"ImageObject","inLanguage":"de","@id":"https:\/\/schreibenpro.com\/de\/bewerbungsanschreiben-nach-elternzeit-offnen\/#primaryimage","url":"https:\/\/schreibenpro.com\/de\/wp-content\/uploads\/anschreiben-zum-angebot-muster-vorlage.jpg","contentUrl":"https:\/\/schreibenpro.com\/de\/wp-content\/uploads\/anschreiben-zum-angebot-muster-vorlage.jpg","width":1410,"height":2250},{"@type":"BreadcrumbList","@id":"https:\/\/schreibenpro.com\/de\/bewerbungsanschreiben-nach-elternzeit-offnen\/#breadcrumb","itemListElement":[{"@type":"ListItem","position":1,"name":"Portada","item":"https:\/\/schreibenpro.com\/de\/"},{"@type":"ListItem","position":2,"name":"\u00d6ffnen &#8211; Bewerbungsanschreiben Nach Elternzeit"}]},{"@type":"WebSite","@id":"https:\/\/schreibenpro.com\/de\/#website","url":"https:\/\/schreibenpro.com\/de\/","name":"Schreiben PRO","description":"Muster und Vorlage","publisher":{"@id":"https:\/\/schreibenpro.com\/de\/#organization"},"potentialAction":[{"@type":"SearchAction","target":{"@type":"EntryPoint","urlTemplate":"https:\/\/schreibenpro.com\/de\/?s={search_term_string}"},"query-input":{"@type":"PropertyValueSpecification","valueRequired":true,"valueName":"search_term_string"}}],"inLanguage":"de"},{"@type":"Organization","@id":"https:\/\/schreibenpro.com\/de\/#organization","name":"Schreiben PRO","url":"https:\/\/schreibenpro.com\/de\/","logo":{"@type":"ImageObject","inLanguage":"de","@id":"https:\/\/schreibenpro.com\/de\/#\/schema\/logo\/image\/","url":"https:\/\/schreibenpro.com\/de\/wp-content\/uploads\/cropped-fav.png","contentUrl":"https:\/\/schreibenpro.com\/de\/wp-content\/uploads\/cropped-fav.png","width":512,"height":512,"caption":"Schreiben PRO"},"image":{"@id":"https:\/\/schreibenpro.com\/de\/#\/schema\/logo\/image\/"}}]}},"_links":{"self":[{"href":"https:\/\/schreibenpro.com\/de\/wp-json\/wp\/v2\/pages\/565","targetHints":{"allow":["GET"]}}],"collection":[{"href":"https:\/\/schreibenpro.com\/de\/wp-json\/wp\/v2\/pages"}],"about":[{"href":"https:\/\/schreibenpro.com\/de\/wp-json\/wp\/v2\/types\/page"}],"author":[{"embeddable":true,"href":"https:\/\/schreibenpro.com\/de\/wp-json\/wp\/v2\/users\/1"}],"replies":[{"embeddable":true,"href":"https:\/\/schreibenpro.com\/de\/wp-json\/wp\/v2\/comments?post=565"}],"version-history":[{"count":0,"href":"https:\/\/schreibenpro.com\/de\/wp-json\/wp\/v2\/pages\/565\/revisions"}],"wp:attachment":[{"href":"https:\/\/schreibenpro.com\/de\/wp-json\/wp\/v2\/media?parent=565"}],"curies":[{"name":"wp","href":"https:\/\/api.w.org\/{rel}","templated":true}]}}