{"id":567,"date":"2023-12-18T08:24:39","date_gmt":"2023-12-18T08:24:39","guid":{"rendered":"https:\/\/schreibenpro.com\/de\/brief-schreiben-kundigung-offnen\/"},"modified":"2023-12-18T08:24:39","modified_gmt":"2023-12-18T08:24:39","slug":"brief-schreiben-kundigung-offnen","status":"publish","type":"page","link":"https:\/\/schreibenpro.com\/de\/brief-schreiben-kundigung-offnen\/","title":{"rendered":"\u00d6ffnen &#8211; Brief Schreiben K\u00fcndigung"},"content":{"rendered":"\r\n<p class=\"has-text-align-center\">Vorlage und Muster f\u00fcr <strong> Brief Schreiben K\u00fcndigung<\/strong> &#8211; Ausf\u00fcllen und Erstellung  &#8211; \u00d6ffnen im <strong>WORD  PDF<\/strong> Datei und Online<\/p>\r\n\r\n\r\n\r\n\r\n<div class=\"wp-block-image\">\r\n<figure class=\"aligncenter size-large is-resized\"><img loading=\"lazy\" decoding=\"async\" class=\"wp-image-215\" src=\"https:\/\/schreibenpro.com\/de\/wp-content\/uploads\/brief-schreiben-kundigung-muster-vorlage.jpg\" alt=\"\" width=\"245\" height=\"391\" \/><\/figure>\r\n<\/div>\r\n\r\n\r\n\r\n<hr class=\"wp-block-separator has-alpha-channel-opacity\" \/>\r\n\r\n\r\n\r\n\r\n\r\n<div class=\"su-note\"  style=\"border-color:#e5e5e5;border-radius:10px;-moz-border-radius:10px;-webkit-border-radius:10px;\"><div class=\"su-note-inner su-u-clearfix su-u-trim\" style=\"background-color:#FFFFFF;border-color:#ffffff;color:#333333;border-radius:10px;-moz-border-radius:10px;-webkit-border-radius:10px;\">\r\n\r\n<section id=\"specialParagraph\"><p><strong>An:<\/strong><\/p> <p>Vorname Nachname<\/p> <p>Stra\u00dfe und Hausnummer<\/p> <p>PLZ Ort<\/p> <p>Land<\/p>  <p><strong>Von:<\/strong><\/p> <p>Ihr Vorname Nachname<\/p> <p>Ihre Adresse<\/p> <p>Ihre PLZ und Ort<\/p> <p>Ihr Land<\/p>  <p><strong>Datum:<\/strong><\/p> <p>Aktuelles Datum<\/p>  <p><strong>Betreff:<\/strong> K\u00fcndigung meines Arbeitsvertrags<\/p>  <p>Sehr geehrte(r) Herr\/Frau Vorname Nachname,<\/p>  <p>mit diesem Schreiben m\u00f6chte ich meinen Arbeitsvertrag bei der Firma [Firmenname] k\u00fcndigen. Ich habe diese Entscheidung gr\u00fcndlich durchdacht und bin zu dem Schluss gekommen, dass es f\u00fcr meine pers\u00f6nliche und berufliche Weiterentwicklung notwendig ist, mich anderweitig zu orientieren.<\/p>  <p><strong>Einleitung<\/strong><\/p>  <p>Zun\u00e4chst m\u00f6chte ich mich bei Ihnen bedanken f\u00fcr die Gelegenheit, bei [Firmenname] t\u00e4tig gewesen zu sein. Die Erfahrungen und F\u00e4higkeiten, die ich w\u00e4hrend meiner Zeit in Ihrem Unternehmen gewonnen habe, sind von unsch\u00e4tzbarem Wert f\u00fcr meine berufliche Laufbahn. Ich sch\u00e4tze die Zusammenarbeit mit meinen Kollegen und Vorgesetzten sehr und werde meine Zeit bei Ihnen in guter Erinnerung behalten.<\/p>  <p><strong>Gr\u00fcnde f\u00fcr die K\u00fcndigung<\/strong><\/p>  <p>Der Hauptgrund f\u00fcr meine Entscheidung, meinen Arbeitsvertrag zu k\u00fcndigen, liegt darin, dass ich neue berufliche Herausforderungen und Wachstumsm\u00f6glichkeiten suchen m\u00f6chte. Ich habe das Gef\u00fchl, dass ich mein volles Potenzial erreicht habe und dass es an der Zeit ist, mich neuen Aufgaben zu stellen.<\/p>  <p>Zus\u00e4tzlich zu meinen pers\u00f6nlichen Zielen habe ich auch einige Bedenken in Bezug auf die aktuelle Situation in der Firma. Es gab einige Ver\u00e4nderungen in der Unternehmensstruktur und Organisationskultur, mit denen ich mich nicht vollst\u00e4ndig identifizieren kann. Ich glaube, dass es f\u00fcr mich die richtige Entscheidung ist, nach neuen M\u00f6glichkeiten Ausschau zu halten, die besser zu mir passen.<\/p>  <p><strong>K\u00fcndigungsfrist und letzter Arbeitstag<\/strong><\/p>  <p>Gem\u00e4\u00df meinem Arbeitsvertrag betr\u00e4gt die K\u00fcndigungsfrist [Anzahl der Wochen\/Monate]. Mein letzter Arbeitstag wird demzufolge der [Datum] sein. Ich bin bereit, meinen Verpflichtungen w\u00e4hrend dieser Zeit nachzukommen und bei der \u00dcbergabe meiner Aufgaben behilflich zu sein.<\/p>  <p><strong>Weitere Informationen<\/strong><\/p>  <p>Bitte lassen Sie mich wissen, wenn Sie weitere Informationen oder Unterlagen von mir ben\u00f6tigen, um den Austrittsprozess zu erleichtern. Ich bin bereit, an einem Gespr\u00e4ch teilzunehmen, um offene Fragen zu kl\u00e4ren und alle erforderlichen Formalit\u00e4ten im Zusammenhang mit meiner K\u00fcndigung zu erledigen.<\/p>  <p><strong>Abschluss<\/strong><\/p>  <p>Nochmals m\u00f6chte ich betonen, dass ich meine Zeit bei [Firmenname] sch\u00e4tze und dass ich stolz bin auf das, was wir gemeinsam erreicht haben. Ich w\u00fcnsche Ihnen und dem Unternehmen weiterhin viel Erfolg. Ich hoffe auch, dass wir in Kontakt bleiben k\u00f6nnen und dass sich unsere Wege in der Zukunft wieder kreuzen werden.<\/p>  <p>Vielen Dank f\u00fcr Ihr Verst\u00e4ndnis und Ihre Unterst\u00fctzung w\u00e4hrend des K\u00fcndigungsprozesses.<\/p>  <p>Mit freundlichen Gr\u00fc\u00dfen,<\/p>  <p>Ihr Vorname Nachname<\/p><\/section><\/div><\/div>\r\n\r\n&nbsp;\r\n\r\n\r\n\r\n\r\n\r\n\r\n<p class=\"has-text-align-center\">Muster und Vorlage f\u00fcr <strong> Brief Schreiben K\u00fcndigung <\/strong> zur Anpassung und Erstellung  im <strong>WORD<\/strong>\u2013 und <strong>PDF-Format<\/strong><\/p>\r\n\r\n\r\n<button id=\"generatePDF\">Erstellen (PDF &#8211; WORD)<\/button>\r\n\r\n\r\n\r\n<hr class=\"wp-block-separator has-alpha-channel-opacity\" \/>\r\n\r\n\r\n\r\n<p style=\"text-align: center;\"><strong>Brief Schreiben K\u00fcndigung<\/strong><\/p>\r\n\r\n<div class=\"wp-block-columns is-layout-flex wp-container-core-columns-is-layout-9d6595d7 wp-block-columns-is-layout-flex\">\r\n\r\n\r\n<div class=\"wp-block-column is-layout-flow wp-block-column-is-layout-flow\"><div class=\"su-button-center\"><a href=\"https:\/\/www.verbraucherzentrale.de\/sites\/default\/files\/migration_files\/media241557A.pdf\" class=\"su-button su-button-style-flat\" style=\"color:#FFFFFF;background-color:#144bb6;border-color:#103c92;border-radius:1px\" target=\"_self\"><span style=\"color:#FFFFFF;padding:0px 24px;font-size:18px;line-height:36px;border-color:#5b81cc;border-radius:1px;text-shadow:none\">   PDF <\/span><\/a><\/div>\n<\/div>\r\n\r\n\r\n\r\n<div class=\"wp-block-column is-layout-flow wp-block-column-is-layout-flow\"><div class=\"su-button-center\"><a href=\"https:\/\/www.arbeiterkammer.at\/infopool\/Musterschreiben_Kuendigung_des_Mieters.docx\" class=\"su-button su-button-style-flat\" style=\"color:#FFFFFF;background-color:#144bb6;border-color:#103c92;border-radius:1px\" target=\"_self\"><span style=\"color:#FFFFFF;padding:0px 24px;font-size:18px;line-height:36px;border-color:#5b81cc;border-radius:1px;text-shadow:none\">   DOC<\/span><\/a><\/div>\n<\/div>\r\n\r\n\r\n<\/div>\r\n\r\n\r\n\r\n<p style=\"text-align: center;\"><strong>Beispiele<\/strong><\/p>\r\n\r\n<div class=\"wp-block-columns is-layout-flex wp-container-core-columns-is-layout-9d6595d7 wp-block-columns-is-layout-flex\">\r\n\r\n\r\n<div class=\"wp-block-column is-layout-flow wp-block-column-is-layout-flow\"><div class=\"su-button-center\"><a href=\"https:\/\/www.verbraucherzentrale.nrw\/sites\/default\/files\/2018-04\/musterbrief_kuendigung_eines_kostenpflichtigen_onlinevertrags.pdf\" class=\"su-button su-button-style-flat\" style=\"color:#FFFFFF;background-color:#144bb6;border-color:#103c92;border-radius:1px\" target=\"_self\"><span style=\"color:#FFFFFF;padding:0px 24px;font-size:18px;line-height:36px;border-color:#5b81cc;border-radius:1px;text-shadow:none\">  Beispiel &#8211; 1 <\/span><\/a><\/div>\n<\/div>\r\n\r\n\r\n\r\n<div class=\"wp-block-column is-layout-flow wp-block-column-is-layout-flow\"><div class=\"su-button-center\"><a href=\"https:\/\/root.die-wirtschaftsexperten.de\/upload\/mediapool\/musterbrief-kuendigung-zeitschriftenabo-zeitungs-abo-abonnement.pdf\" class=\"su-button su-button-style-flat\" style=\"color:#FFFFFF;background-color:#144bb6;border-color:#103c92;border-radius:1px\" target=\"_self\"><span style=\"color:#FFFFFF;padding:0px 24px;font-size:18px;line-height:36px;border-color:#5b81cc;border-radius:1px;text-shadow:none\">  Beispiel &#8211; 2 <\/span><\/a><\/div>\n<\/div>\r\n\r\n\r\n<\/div>\r\n\r\n\r\n<hr class=\"wp-block-separator has-alpha-channel-opacity\" \/>\r\n\r\n\r\n\r\n<div class=\"wp-block-columns is-layout-flex wp-container-core-columns-is-layout-9d6595d7 wp-block-columns-is-layout-flex\">\r\n\r\n\r\n<div class=\"wp-block-column is-layout-flow wp-block-column-is-layout-flow\"><div class=\"su-button-center\"><a href=\"https:\/\/www.verbraucherzentrale.de\/sites\/default\/files\/migration_files\/media241557A.pdf\" class=\"su-button su-button-style-flat\" style=\"color:#FFFFFF;background-color:#144bb6;border-color:#103c92;border-radius:1px\" target=\"_self\"><span style=\"color:#FFFFFF;padding:0px 24px;font-size:18px;line-height:36px;border-color:#5b81cc;border-radius:1px;text-shadow:none\">  Beispiel &#8211; 3 <\/span><\/a><\/div>\n<\/div>\r\n\r\n\r\n\r\n<div class=\"wp-block-column is-layout-flow wp-block-column-is-layout-flow\"><div class=\"su-button-center\"><a href=\"https:\/\/www.verbraucherzentrale.de\/sites\/default\/files\/migration_files\/media241557A.pdf\" class=\"su-button su-button-style-flat\" style=\"color:#FFFFFF;background-color:#144bb6;border-color:#103c92;border-radius:1px\" target=\"_self\"><span style=\"color:#FFFFFF;padding:0px 24px;font-size:18px;line-height:36px;border-color:#5b81cc;border-radius:1px;text-shadow:none\">  Beispiel &#8211; 4 <\/span><\/a><\/div>\n<\/div>\r\n\r\n\r\n<\/div>\r\n\r\n\r\n<hr class=\"wp-block-separator has-alpha-channel-opacity\" \/>\r\n\r\n<!-- \/wp:post-content -->\r\n\r\n<!-- wp:table {\"align\":\"center\"} -->\r\n<figure class=\"wp-block-table aligncenter\">\r\n<table>\r\n<tbody>\r\n<tr>\r\n<td style=\"text-align: center;\">Brief Schreiben K\u00fcndigung<\/td>\r\n<\/tr>\r\n<tr>\r\n<td style=\"text-align: center;\">PDF &#8211; WORD Datei<\/td>\r\n<\/tr>\r\n<tr>\r\n<td style=\"text-align: center;\">Bewertung: \u2b50\u2b50\u2b50\u2b50\u2b50 4.34<\/td>\r\n<\/tr>\r\n<tr>\r\n<td style=\"text-align: center;\">Ergebnisse &#8211; 6461<\/td>\r\n<\/tr>\r\n<\/tbody>\r\n<\/table>\r\n<\/figure>\r\n<!-- \/wp:table -->\r\n\r\n<!-- wp:separator -->\r\n\r\n<hr class=\"wp-block-separator has-alpha-channel-opacity\" \/>\r\n\r\n<!-- \/wp:separator -->\r\n\r\n<div class=\"su-note\"  style=\"border-color:#e5e5e5;border-radius:10px;-moz-border-radius:10px;-webkit-border-radius:10px;\"><div class=\"su-note-inner su-u-clearfix su-u-trim\" style=\"background-color:#FFFFFF;border-color:#ffffff;color:#333333;border-radius:10px;-moz-border-radius:10px;-webkit-border-radius:10px;\">\r\n\r\n<p>Das Verfassen einer K\u00fcndigung ist ein wichtiger Schritt, sowohl f\u00fcr den Arbeitnehmer als auch f\u00fcr den Arbeitgeber. Eine K\u00fcndigung sollte klar formuliert und gut strukturiert sein, um Missverst\u00e4ndnisse zu vermeiden. In dieser Anleitung werden die verschiedenen Schritte und Bestandteile des K\u00fcndigungsschreibens ausf\u00fchrlich erl\u00e4utert.<\/p>  <h3>1. Einleitung<\/h3>  <p>Die Einleitung des K\u00fcndigungsschreibens sollte den Zweck des Schreibens klar kommunizieren. Beginnen Sie mit einer h\u00f6flichen Anrede und stellen Sie sicher, dass der Empf\u00e4nger die K\u00fcndigung als solche erkennt. Geben Sie Ihren vollst\u00e4ndigen Namen und Ihre Kontaktdaten an.<\/p>  <p><strong>Beispiel:<\/strong><\/p>  <blockquote> <p>Sehr geehrte\/r [Name des Vorgesetzten oder Arbeitgebers],<\/p> <p>hiermit k\u00fcndige ich meinen Arbeitsvertrag mit der [Firmenname] fristgerecht zum [Datum der K\u00fcndigung].<\/p> <p>Ich m\u00f6chte Sie bitten, diese K\u00fcndigung zu best\u00e4tigen und mir eine Best\u00e4tigung zukommen zu lassen.<\/p> <p>Mein Name ist [Ihr Name] und ich bin unter der folgenden Telefonnummer und E-Mail-Adresse erreichbar: [Kontaktdaten].<\/p> <\/blockquote>  <h3>2. Hauptteil<\/h3>  <p>Der Hauptteil des K\u00fcndigungsschreibens sollte alle relevanten Informationen und Gr\u00fcnde f\u00fcr die K\u00fcndigung enthalten. Seien Sie pr\u00e4zise und vermeiden Sie lange Erkl\u00e4rungen. Geben Sie Ihren letzten Arbeitstag an und erw\u00e4hnen Sie gegebenenfalls wichtige K\u00fcndigungsfristen.<\/p>  <p><strong>Beispiel:<\/strong><\/p>  <blockquote> <p>Ich habe diese Entscheidung sorgf\u00e4ltig \u00fcberdacht und aus pers\u00f6nlichen Gr\u00fcnden getroffen. Mein letzter Arbeitstag wird der [Datum des letzten Arbeitstags] sein, um m\u00f6gliche \u00dcbergabeaufgaben zu erledigen.<\/p> <p>Ich m\u00f6chte betonen, dass ich meine Aufgaben weiterhin gewissenhaft erf\u00fcllen werde und bereit bin, einen geordneten \u00dcbergabeprozess zu gew\u00e4hrleisten.<\/p> <p>Bitte lassen Sie mich wissen, ob Sie weitere Informationen oder Unterst\u00fctzung von mir ben\u00f6tigen.<\/p> <\/blockquote>  <h3>3. Schluss<\/h3>  <p>Der Schlussteil des K\u00fcndigungsschreibens sollte freundlich und respektvoll sein. Bedanken Sie sich f\u00fcr die bisherige Zusammenarbeit und dr\u00fccken Sie Ihr Bedauern \u00fcber das Ausscheiden aus. Bieten Sie an, bei der Suche nach einem Ersatz oder bei anderen Aspekten des \u00dcbergangs behilflich zu sein.<\/p>  <p><strong>Beispiel:<\/strong><\/p>  <blockquote> <p>Ich bedaure es, das Unternehmen zu verlassen, da ich in den vergangenen Jahren viele positive Erfahrungen gesammelt habe. Ich sch\u00e4tze die Zusammenarbeit mit meinen Kollegen und Vorgesetzten sehr.<\/p> <p>Gerne stehe ich Ihnen zur Verf\u00fcgung, um den \u00dcbergang so reibungslos wie m\u00f6glich zu gestalten. Falls erforderlich, bin ich bereit, meine Nachfolge einzuarbeiten oder bei der Auswahl und Einarbeitung einer neuen Mitarbeiterin\/eines neuen Mitarbeiters behilflich zu sein.<\/p> <p>Nochmals vielen Dank f\u00fcr die bisherige M\u00f6glichkeit, in diesem Unternehmen t\u00e4tig zu sein.<\/p> <p>Mit freundlichen Gr\u00fc\u00dfen,<\/p> [Ihr Name] <\/blockquote>  <h3>4. Formale Gestaltung<\/h3>  <p>Die formale Gestaltung des K\u00fcndigungsschreibens ist ebenfalls wichtig. Stellen Sie sicher, dass der Brief professionell wirkt und alle relevanten Informationen enth\u00e4lt. Beachten Sie die folgenden Punkte:<\/p>  <dl> <dt><b>1. Betreffzeile:<\/b><\/dt> <dd>Verwenden Sie eine pr\u00e4zise Betreffzeile, z.B. &#8220;K\u00fcndigung&#8221; oder &#8220;K\u00fcndigungsschreiben&#8221;.<\/dd>  <dt><b>2. Formatierung:<\/b><\/dt> <dd>Verwenden Sie eine gut lesbare Schriftart und -gr\u00f6\u00dfe. Eine einfache und professionelle Formatierung ist empfehlenswert.<\/dd>  <dt><b>3. Abs\u00e4tze:<\/b><\/dt> <dd>Trennen Sie Ihre Gedanken in \u00fcbersichtliche Abs\u00e4tze, um die Lesbarkeit zu verbessern. Vermeiden Sie zu lange Abs\u00e4tze.<\/dd>  <dt><b>4. Unterschrift:<\/b><\/dt> <dd>Unterzeichnen Sie das K\u00fcndigungsschreiben handschriftlich, wenn m\u00f6glich.<\/dd> <\/dl>  <h3>5. Effektiver Briefaufbau<\/h3>  <p>Um sicherzustellen, dass Ihr K\u00fcndigungsschreiben effektiv ist, beachten Sie die folgenden Tipps:<\/p>  <dl> <dt><b>1. K\u00fcrze:<\/b><\/dt> <dd>Halten Sie das Schreiben m\u00f6glichst kurz und pr\u00e4gnant. Vermeiden Sie unn\u00f6tige Details.<\/dd>  <dt><b>2. Konsequenz:<\/b><\/dt> <dd>Seien Sie konsequent in Ihrer Entscheidung und vermeiden Sie Zweifel oder Unsicherheiten.<\/dd>  <dt><b>3. H\u00f6flichkeit:<\/b><\/dt> <dd>Behalten Sie einen h\u00f6flichen Ton bei und vermeiden Sie negative Bemerkungen.<\/dd>  <dt><b>4. Aktives Sprachgebrauch:<\/b><\/dt> <dd>Verwenden Sie den aktiven Sprachgebrauch, um Ihre K\u00fcndigung klar und deutlich zu machen.<\/dd>  <dt><b>5. \u00dcberpr\u00fcfung:<\/b><\/dt> <dd>Lesen Sie das K\u00fcndigungsschreiben sorgf\u00e4ltig durch, um Fehler oder Ungenauigkeiten zu vermeiden.<\/dd> <\/dl>    <p>Viel Erfolg bei Ihrem K\u00fcndigungsschreiben!<\/p>\r\n\r\n<\/div><\/div>\r\n\r\n<!-- wp:separator -->\r\n\r\n<hr class=\"wp-block-separator has-alpha-channel-opacity\" \/>","protected":false},"excerpt":{"rendered":"<p>Vorlage und Muster f\u00fcr Brief Schreiben K\u00fcndigung &#8211; Ausf\u00fcllen und Erstellung &#8211; \u00d6ffnen im WORD PDF Datei und Online &nbsp; &#8230; <\/p>\n<p class=\"read-more-container\"><a title=\"\u00d6ffnen &#8211; Brief Schreiben K\u00fcndigung\" class=\"read-more button\" href=\"https:\/\/schreibenpro.com\/de\/brief-schreiben-kundigung-offnen\/#more-567\" aria-label=\"Mehr zu \u00d6ffnen &#8211; Brief Schreiben K\u00fcndigung\">\u00d6FFNEN <\/a><\/p>\n","protected":false},"author":1,"featured_media":0,"parent":0,"menu_order":0,"comment_status":"closed","ping_status":"closed","template":"","meta":{"footnotes":""},"class_list":{"0":"post-567","1":"page","2":"type-page","3":"status-publish","5":"infinite-scroll-item"},"yoast_head":"<!-- This site is optimized with the Yoast SEO plugin v24.6 - https:\/\/yoast.com\/wordpress\/plugins\/seo\/ -->\n<title>\u00d6ffnen - Brief Schreiben K\u00fcndigung - Schreiben PRO<\/title>\n<meta name=\"robots\" content=\"noindex, follow\" \/>\n<meta property=\"og:locale\" content=\"de_DE\" \/>\n<meta property=\"og:type\" content=\"article\" \/>\n<meta property=\"og:title\" content=\"\u00d6ffnen - Brief Schreiben K\u00fcndigung - Schreiben PRO\" \/>\n<meta property=\"og:description\" content=\"Vorlage und Muster f\u00fcr Brief Schreiben K\u00fcndigung &#8211; Ausf\u00fcllen und Erstellung &#8211; \u00d6ffnen im WORD PDF Datei und Online &nbsp; ... \u00d6FFNEN\" \/>\n<meta property=\"og:url\" content=\"https:\/\/schreibenpro.com\/de\/brief-schreiben-kundigung-offnen\/\" \/>\n<meta property=\"og:site_name\" content=\"Schreiben PRO\" \/>\n<meta property=\"og:image\" content=\"https:\/\/schreibenpro.com\/de\/wp-content\/uploads\/brief-schreiben-kundigung-muster-vorlage.jpg\" \/>\n<meta name=\"twitter:card\" content=\"summary_large_image\" \/>\n<meta name=\"twitter:label1\" content=\"Gesch\u00e4tzte Lesezeit\" \/>\n\t<meta name=\"twitter:data1\" content=\"1\u00a0Minute\" \/>\n<!-- \/ Yoast SEO plugin. -->","yoast_head_json":{"title":"\u00d6ffnen - Brief Schreiben K\u00fcndigung - Schreiben PRO","robots":{"index":"noindex","follow":"follow"},"og_locale":"de_DE","og_type":"article","og_title":"\u00d6ffnen - Brief Schreiben K\u00fcndigung - Schreiben PRO","og_description":"Vorlage und Muster f\u00fcr Brief Schreiben K\u00fcndigung &#8211; Ausf\u00fcllen und Erstellung &#8211; \u00d6ffnen im WORD PDF Datei und Online &nbsp; ... \u00d6FFNEN","og_url":"https:\/\/schreibenpro.com\/de\/brief-schreiben-kundigung-offnen\/","og_site_name":"Schreiben PRO","og_image":[{"url":"https:\/\/schreibenpro.com\/de\/wp-content\/uploads\/brief-schreiben-kundigung-muster-vorlage.jpg","type":"","width":"","height":""}],"twitter_card":"summary_large_image","twitter_misc":{"Gesch\u00e4tzte Lesezeit":"1\u00a0Minute"},"schema":{"@context":"https:\/\/schema.org","@graph":[{"@type":"WebPage","@id":"https:\/\/schreibenpro.com\/de\/brief-schreiben-kundigung-offnen\/","url":"https:\/\/schreibenpro.com\/de\/brief-schreiben-kundigung-offnen\/","name":"\u00d6ffnen - Brief Schreiben K\u00fcndigung - Schreiben PRO","isPartOf":{"@id":"https:\/\/schreibenpro.com\/de\/#website"},"primaryImageOfPage":{"@id":"https:\/\/schreibenpro.com\/de\/brief-schreiben-kundigung-offnen\/#primaryimage"},"image":{"@id":"https:\/\/schreibenpro.com\/de\/brief-schreiben-kundigung-offnen\/#primaryimage"},"thumbnailUrl":"https:\/\/schreibenpro.com\/de\/wp-content\/uploads\/brief-schreiben-kundigung-muster-vorlage.jpg","datePublished":"2023-12-18T08:24:39+00:00","breadcrumb":{"@id":"https:\/\/schreibenpro.com\/de\/brief-schreiben-kundigung-offnen\/#breadcrumb"},"inLanguage":"de","potentialAction":[{"@type":"ReadAction","target":["https:\/\/schreibenpro.com\/de\/brief-schreiben-kundigung-offnen\/"]}]},{"@type":"ImageObject","inLanguage":"de","@id":"https:\/\/schreibenpro.com\/de\/brief-schreiben-kundigung-offnen\/#primaryimage","url":"https:\/\/schreibenpro.com\/de\/wp-content\/uploads\/anschreiben-zum-angebot-muster-vorlage.jpg","contentUrl":"https:\/\/schreibenpro.com\/de\/wp-content\/uploads\/anschreiben-zum-angebot-muster-vorlage.jpg","width":1410,"height":2250},{"@type":"BreadcrumbList","@id":"https:\/\/schreibenpro.com\/de\/brief-schreiben-kundigung-offnen\/#breadcrumb","itemListElement":[{"@type":"ListItem","position":1,"name":"Portada","item":"https:\/\/schreibenpro.com\/de\/"},{"@type":"ListItem","position":2,"name":"\u00d6ffnen &#8211; Brief Schreiben K\u00fcndigung"}]},{"@type":"WebSite","@id":"https:\/\/schreibenpro.com\/de\/#website","url":"https:\/\/schreibenpro.com\/de\/","name":"Schreiben PRO","description":"Muster und Vorlage","publisher":{"@id":"https:\/\/schreibenpro.com\/de\/#organization"},"potentialAction":[{"@type":"SearchAction","target":{"@type":"EntryPoint","urlTemplate":"https:\/\/schreibenpro.com\/de\/?s={search_term_string}"},"query-input":{"@type":"PropertyValueSpecification","valueRequired":true,"valueName":"search_term_string"}}],"inLanguage":"de"},{"@type":"Organization","@id":"https:\/\/schreibenpro.com\/de\/#organization","name":"Schreiben PRO","url":"https:\/\/schreibenpro.com\/de\/","logo":{"@type":"ImageObject","inLanguage":"de","@id":"https:\/\/schreibenpro.com\/de\/#\/schema\/logo\/image\/","url":"https:\/\/schreibenpro.com\/de\/wp-content\/uploads\/cropped-fav.png","contentUrl":"https:\/\/schreibenpro.com\/de\/wp-content\/uploads\/cropped-fav.png","width":512,"height":512,"caption":"Schreiben PRO"},"image":{"@id":"https:\/\/schreibenpro.com\/de\/#\/schema\/logo\/image\/"}}]}},"_links":{"self":[{"href":"https:\/\/schreibenpro.com\/de\/wp-json\/wp\/v2\/pages\/567","targetHints":{"allow":["GET"]}}],"collection":[{"href":"https:\/\/schreibenpro.com\/de\/wp-json\/wp\/v2\/pages"}],"about":[{"href":"https:\/\/schreibenpro.com\/de\/wp-json\/wp\/v2\/types\/page"}],"author":[{"embeddable":true,"href":"https:\/\/schreibenpro.com\/de\/wp-json\/wp\/v2\/users\/1"}],"replies":[{"embeddable":true,"href":"https:\/\/schreibenpro.com\/de\/wp-json\/wp\/v2\/comments?post=567"}],"version-history":[{"count":0,"href":"https:\/\/schreibenpro.com\/de\/wp-json\/wp\/v2\/pages\/567\/revisions"}],"wp:attachment":[{"href":"https:\/\/schreibenpro.com\/de\/wp-json\/wp\/v2\/media?parent=567"}],"curies":[{"name":"wp","href":"https:\/\/api.w.org\/{rel}","templated":true}]}}