{"id":573,"date":"2023-12-18T08:24:41","date_gmt":"2023-12-18T08:24:41","guid":{"rendered":"https:\/\/schreibenpro.com\/de\/testament-selbst-schreiben-offnen\/"},"modified":"2023-12-18T08:24:41","modified_gmt":"2023-12-18T08:24:41","slug":"testament-selbst-schreiben-offnen","status":"publish","type":"page","link":"https:\/\/schreibenpro.com\/de\/testament-selbst-schreiben-offnen\/","title":{"rendered":"\u00d6ffnen &#8211; Testament Selbst Schreiben"},"content":{"rendered":"\r\n<p class=\"has-text-align-center\">Muster und Vorlage f\u00fcr <strong> Testament Selbst Schreiben<\/strong> &#8211; Ausf\u00fcllen und Erstellung  &#8211; \u00d6ffnen im <strong>WORD  PDF<\/strong> Datei und Online<\/p>\r\n\r\n\r\n\r\n\r\n<div class=\"wp-block-image\">\r\n<figure class=\"aligncenter size-large is-resized\"><img loading=\"lazy\" decoding=\"async\" class=\"wp-image-215\" src=\"https:\/\/schreibenpro.com\/de\/wp-content\/uploads\/testament-selbst-schreiben-muster-vorlage.jpg\" alt=\"\" width=\"245\" height=\"391\" \/><\/figure>\r\n<\/div>\r\n\r\n\r\n\r\n<hr class=\"wp-block-separator has-alpha-channel-opacity\" \/>\r\n\r\n\r\n\r\n\r\n\r\n<div class=\"su-note\"  style=\"border-color:#e5e5e5;border-radius:10px;-moz-border-radius:10px;-webkit-border-radius:10px;\"><div class=\"su-note-inner su-u-clearfix su-u-trim\" style=\"background-color:#FFFFFF;border-color:#ffffff;color:#333333;border-radius:10px;-moz-border-radius:10px;-webkit-border-radius:10px;\">\r\n\r\n<section id=\"specialParagraph\"><h3>Einleitung<\/h3> <p> Liebe\/r Erbe\/r, <\/p> <p> ich, [Vorname Nachname], geboren am [Geburtsdatum], wohnhaft in [Adresse], setze hiermit mein pers\u00f6nliches Testament auf. Nachfolgend sind meine letzten Willensbekundungen und Verm\u00f6gensverteilungen niedergeschrieben. Diese Anweisungen sind g\u00fcltig f\u00fcr den Fall meines Todes. <\/p>  <h3>Verm\u00f6gensaufstellung<\/h3> <p> Im Folgenden gebe ich eine \u00dcbersicht meines Verm\u00f6gens zum Zeitpunkt der Abfassung dieses Testaments: <\/p>  <dl> <dt>Verm\u00f6gen:<\/dt> <dd>&#8211; Bargeld: [Betrag]<\/dd> <dd>&#8211; Bankguthaben: [Betrag]<\/dd> <dd>&#8211; Immobilien: [Liste der Immobilien mit Informationen]<\/dd> <dd>&#8211; Fahrzeuge: [Liste der Fahrzeuge mit Informationen]<\/dd> <dd>&#8211; Wertgegenst\u00e4nde: [Liste der Wertgegenst\u00e4nde mit Informationen]<\/dd> <\/dl>  <h3>Bestimmung der Erben<\/h3> <p> Ich habe meine Erben wie folgt festgelegt: <\/p>  <ol> <li>Erbe 1: [Name, Verwandtschaftsgrad]<\/li> <li>Erbe 2: [Name, Verwandtschaftsgrad]<\/li> <li>Erbe 3: [Name, Verwandtschaftsgrad]<\/li> <li>&#8230;<\/li> <\/ol>  <h3>Verm\u00f6gensverteilung<\/h3> <p> Ich w\u00fcnsche, dass mein Verm\u00f6gen wie folgt unter meinen Erben aufgeteilt wird: <\/p> <ol> <li>[Betrag\/Prozentsatz] f\u00fcr Erbe 1<\/li> <li>[Betrag\/Prozentsatz] f\u00fcr Erbe 2<\/li> <li>[Betrag\/Prozentsatz] f\u00fcr Erbe 3<\/li> <li>&#8230;<\/li> <\/ol>  <p> Sollte einer der Erben vor mir versterben, so soll das Erbe auf seine\/n Nachkommen gleichen Grades \u00fcbergehen. <\/p>  <h3>Erbverwalter<\/h3> <p> Ich ernenne [Name des Erbverwalters] als meinen Erbverwalter. Er oder sie ist verantwortlich f\u00fcr die Umsetzung meiner testamentarischen Anweisungen und die ordnungsgem\u00e4\u00dfe Verteilung meines Verm\u00f6gens an die Erben. <\/p>  <h3>Identifikation wichtiger Dokumente<\/h3> <p> Ich habe wichtige Dokumente, die im Falle meines Todes ben\u00f6tigt werden, wie meinen Personalausweis, meine Geburtsurkunde, meinen Heirats- oder Scheidungsnachweis etc., in einem [Aufbewahrungsort] aufbewahrt. Bitte kontaktieren Sie [Kontaktperson] unter der Telefonnummer [Telefonnummer], um Zugang zu diesen Dokumenten zu erhalten. <\/p>  <h3>Schlussbemerkungen<\/h3> <p> Mit diesem Testament setze ich meine letzten Willensbekundungen auf. Ich m\u00f6chte sicherstellen, dass mein Verm\u00f6gen gem\u00e4\u00df meinen Anweisungen verteilt wird und meine Erben klar identifiziert sind. Ich widerrufe hiermit alle vorherigen Testamente und letztwilligen Verf\u00fcgungen. <\/p>  <p> [Ort], den [Datum]<br> <br> [Unterschrift]<br> [Vorname Nachname] <\/p><\/section><\/div><\/div>\r\n\r\n&nbsp;\r\n\r\n\r\n\r\n\r\n\r\n\r\n<p class=\"has-text-align-center\">Muster und Vorlage f\u00fcr <strong> Testament Selbst Schreiben <\/strong> zur Anpassung und Erstellung  im <strong>WORD<\/strong>\u2013 und <strong>PDF-Format<\/strong><\/p>\r\n\r\n\r\n<button id=\"generatePDF\">Erstellen (PDF &#8211; WORD)<\/button>\r\n\r\n\r\n\r\n<hr class=\"wp-block-separator has-alpha-channel-opacity\" \/>\r\n\r\n\r\n\r\n<p style=\"text-align: center;\"><strong>Testament Selbst Schreiben<\/strong><\/p>\r\n\r\n<div class=\"wp-block-columns is-layout-flex wp-container-core-columns-is-layout-9d6595d7 wp-block-columns-is-layout-flex\">\r\n\r\n\r\n<div class=\"wp-block-column is-layout-flow wp-block-column-is-layout-flow\"><div class=\"su-button-center\"><a href=\"https:\/\/www.krebsliga.ch\/fileadmin\/downloads\/helfen-sie\/testament-erstellen-vorlage-zum-abschreiben.pdf\" class=\"su-button su-button-style-flat\" style=\"color:#FFFFFF;background-color:#144bb6;border-color:#103c92;border-radius:1px\" target=\"_self\"><span style=\"color:#FFFFFF;padding:0px 24px;font-size:18px;line-height:36px;border-color:#5b81cc;border-radius:1px;text-shadow:none\">   PDF <\/span><\/a><\/div>\n<\/div>\r\n\r\n\r\n\r\n<div class=\"wp-block-column is-layout-flow wp-block-column-is-layout-flow\"><div class=\"su-button-center\"><a href=\"https:\/\/notfall-ordner.de\/wp-content\/uploads\/Testament-und-Bestattungsverf%C3%BCgung.docx\" class=\"su-button su-button-style-flat\" style=\"color:#FFFFFF;background-color:#144bb6;border-color:#103c92;border-radius:1px\" target=\"_self\"><span style=\"color:#FFFFFF;padding:0px 24px;font-size:18px;line-height:36px;border-color:#5b81cc;border-radius:1px;text-shadow:none\">   DOC<\/span><\/a><\/div>\n<\/div>\r\n\r\n\r\n<\/div>\r\n\r\n\r\n\r\n<p style=\"text-align: center;\"><strong>Beispiele<\/strong><\/p>\r\n\r\n<div class=\"wp-block-columns is-layout-flex wp-container-core-columns-is-layout-9d6595d7 wp-block-columns-is-layout-flex\">\r\n\r\n\r\n<div class=\"wp-block-column is-layout-flow wp-block-column-is-layout-flow\"><div class=\"su-button-center\"><a href=\"https:\/\/www.krebsliga.ch\/fileadmin\/downloads\/helfen-sie\/testament-erstellen-vorlage-zum-abschreiben.pdf\" class=\"su-button su-button-style-flat\" style=\"color:#FFFFFF;background-color:#144bb6;border-color:#103c92;border-radius:1px\" target=\"_self\"><span style=\"color:#FFFFFF;padding:0px 24px;font-size:18px;line-height:36px;border-color:#5b81cc;border-radius:1px;text-shadow:none\">  Beispiel &#8211; 1 <\/span><\/a><\/div>\n<\/div>\r\n\r\n\r\n\r\n<div class=\"wp-block-column is-layout-flow wp-block-column-is-layout-flow\"><div class=\"su-button-center\"><a href=\"https:\/\/www.mein-erbe-tut-gutes.de\/wp-content\/uploads\/2017\/07\/MEtG_TESTAMENT_DRUCK.pdf\" class=\"su-button su-button-style-flat\" style=\"color:#FFFFFF;background-color:#144bb6;border-color:#103c92;border-radius:1px\" target=\"_self\"><span style=\"color:#FFFFFF;padding:0px 24px;font-size:18px;line-height:36px;border-color:#5b81cc;border-radius:1px;text-shadow:none\">  Beispiel &#8211; 2 <\/span><\/a><\/div>\n<\/div>\r\n\r\n\r\n<\/div>\r\n\r\n\r\n<hr class=\"wp-block-separator has-alpha-channel-opacity\" \/>\r\n\r\n\r\n\r\n<div class=\"wp-block-columns is-layout-flex wp-container-core-columns-is-layout-9d6595d7 wp-block-columns-is-layout-flex\">\r\n\r\n\r\n<div class=\"wp-block-column is-layout-flow wp-block-column-is-layout-flow\"><div class=\"su-button-center\"><a href=\"https:\/\/www.anwalt-erbrecht.de\/wp-content\/uploads\/2016\/11\/testament-schreiben-erstellen-vorlage.pdf\" class=\"su-button su-button-style-flat\" style=\"color:#FFFFFF;background-color:#144bb6;border-color:#103c92;border-radius:1px\" target=\"_self\"><span style=\"color:#FFFFFF;padding:0px 24px;font-size:18px;line-height:36px;border-color:#5b81cc;border-radius:1px;text-shadow:none\">  Beispiel &#8211; 3 <\/span><\/a><\/div>\n<\/div>\r\n\r\n\r\n\r\n<div class=\"wp-block-column is-layout-flow wp-block-column-is-layout-flow\"><div class=\"su-button-center\"><a href=\"https:\/\/www.krebsliga.ch\/fileadmin\/downloads\/helfen-sie\/testament-erstellen-vorlage-zum-abschreiben.pdf\" class=\"su-button su-button-style-flat\" style=\"color:#FFFFFF;background-color:#144bb6;border-color:#103c92;border-radius:1px\" target=\"_self\"><span style=\"color:#FFFFFF;padding:0px 24px;font-size:18px;line-height:36px;border-color:#5b81cc;border-radius:1px;text-shadow:none\">  Beispiel &#8211; 4 <\/span><\/a><\/div>\n<\/div>\r\n\r\n\r\n<\/div>\r\n\r\n\r\n<hr class=\"wp-block-separator has-alpha-channel-opacity\" \/>\r\n\r\n<!-- \/wp:post-content -->\r\n\r\n<!-- wp:table {\"align\":\"center\"} -->\r\n<figure class=\"wp-block-table aligncenter\">\r\n<table>\r\n<tbody>\r\n<tr>\r\n<td style=\"text-align: center;\">Testament Selbst Schreiben<\/td>\r\n<\/tr>\r\n<tr>\r\n<td style=\"text-align: center;\">PDF &#8211; WORD Datei<\/td>\r\n<\/tr>\r\n<tr>\r\n<td style=\"text-align: center;\">Bewertung: \u2b50\u2b50\u2b50\u2b50\u2b50 4.75<\/td>\r\n<\/tr>\r\n<tr>\r\n<td style=\"text-align: center;\">Ergebnisse &#8211; 5073<\/td>\r\n<\/tr>\r\n<\/tbody>\r\n<\/table>\r\n<\/figure>\r\n<!-- \/wp:table -->\r\n\r\n<!-- wp:separator -->\r\n\r\n<hr class=\"wp-block-separator has-alpha-channel-opacity\" \/>\r\n\r\n<!-- \/wp:separator -->\r\n\r\n<div class=\"su-note\"  style=\"border-color:#e5e5e5;border-radius:10px;-moz-border-radius:10px;-webkit-border-radius:10px;\"><div class=\"su-note-inner su-u-clearfix su-u-trim\" style=\"background-color:#FFFFFF;border-color:#ffffff;color:#333333;border-radius:10px;-moz-border-radius:10px;-webkit-border-radius:10px;\">\r\n\r\n<p>Ein Testament zu verfassen ist eine wichtige Angelegenheit, die sorgf\u00e4ltige \u00dcberlegung erfordert. In diesem Leitfaden wird erkl\u00e4rt, wie Sie Ihr Testament selbst verfassen k\u00f6nnen. Es werden Tipps und Beispiele gegeben, um Ihnen den Prozess zu erleichtern.<\/p>  <h3>1. Einf\u00fchrung<\/h3>  <p>Die Einleitung Ihres Testaments sollte kurz und pr\u00e4gnant sein. Sie sollten Ihren vollst\u00e4ndigen Namen, Ihr Geburtsdatum und Ihren aktuellen Wohnsitz angeben. Sie k\u00f6nnen auch erw\u00e4hnen, dass Sie bei klarem Verstand sind und dieses Dokument freiwillig erstellen.<\/p>  <p>Beispiel:<\/p>  <blockquote> <p>Ich, John Doe, geboren am 1. Januar 1970, wohnhaft in Musterstra\u00dfe 123, 12345 Musterstadt, erstelle dieses Testament freiwillig und bei klarem Verstand.<\/p> <\/blockquote>  <h3>2. Hauptteil<\/h3>  <p>Im Hauptteil Ihres Testaments k\u00f6nnen Sie Ihre Verm\u00f6gensverh\u00e4ltnisse darlegen und angeben, wie Sie diese verteilen m\u00f6chten. Sie k\u00f6nnen auch spezifische Anweisungen zu bestimmten Verm\u00f6genswerten oder Besitzt\u00fcmern geben.<\/p>  <p>Beispiel:<\/p>  <blockquote> <p>Ich hinterlasse mein gesamtes Barverm\u00f6gen sowie meine Immobilie in Musterstadt meinem Sohn, James Doe. Meine Schmuckkollektion m\u00f6chte ich meiner Tochter, Jane Doe, vererben. Weiterhin sollen meine Wertpapiere an meine Frau, Mary Doe, gehen.<\/p> <\/blockquote>  <p>Sie k\u00f6nnen auch Vormundschaftsregelungen f\u00fcr minderj\u00e4hrige Kinder treffen, falls Sie welche haben. Es ist wichtig, klare Anweisungen zu geben, wer das Sorgerecht f\u00fcr Ihre Kinder \u00fcbernehmen soll und wie deren finanzielle Sicherheit gew\u00e4hrleistet werden soll. Wenden Sie sich am besten an einen Anwalt oder Notar, um sicherzustellen, dass diese Regelungen rechtskr\u00e4ftig sind.<\/p>  <h3>3. Schluss<\/h3>  <p>Der Schlussteil Ihres Testaments sollte Ihren letzten Willen und Ihre Unterschrift enthalten. Hier sollten Sie angeben, dass Sie das Testament als Ihren letzten Willen betrachten und dass Sie alle vorherigen Testamente und Verf\u00fcgungen aufheben.<\/p>  <p>Beispiel:<\/p>  <blockquote> <p>Das ist mein letzter Wille, der alle vorherigen Testamente und Verf\u00fcgungen aufhebt. Ich habe dieses Testament eigenh\u00e4ndig geschrieben und unterzeichne es hiermit.<\/p> [Ihre Unterschrift] <p>Datum: [Datum der Unterzeichnung] <\/blockquote>  <p>Es ist auch hilfreich, zwei Zeugen anzuf\u00fchren, die Ihr Testament bezeugen. Diese Zeugen sollten vollj\u00e4hrig sein und Sie pers\u00f6nlich kennen. Sie sollten ihre Unterschriften ebenfalls am Ende des Testaments anbringen.<\/p>  <h3>4. Formale Gestaltung und Aufbau<\/h3>  <p>Ein Testament sollte klar und gut strukturiert sein, um Missverst\u00e4ndnisse zu vermeiden. Hier sind einige wichtige \u00dcberlegungen zur formalen Gestaltung:<\/p>  <dl> <dt><strong>Titel:<\/strong><\/dt> <dd>Verwenden Sie einen aussagekr\u00e4ftigen Titel, um den Inhalt des Testaments zusammenzufassen.<\/dd> <dt><strong>\u00dcberschriften:<\/strong><\/dt> <dd>Verwenden Sie \u00dcberschriften, um die verschiedenen Abschnitte des Testaments zu kennzeichnen, zum Beispiel &#8220;Einleitung&#8221;, &#8220;Hauptteil&#8221; und &#8220;Schluss&#8221;.<\/dd> <dt><strong>Nummerierung oder Aufz\u00e4hlungszeichen:<\/strong><\/dt> <dd>Verwenden Sie Nummerierung oder Aufz\u00e4hlungszeichen, um Ihre Anweisungen klar und strukturiert zu pr\u00e4sentieren.<\/dd> <\/dl>  <p>Denken Sie daran, dass es wichtig ist, Ihr Testament regelm\u00e4\u00dfig zu \u00fcberpr\u00fcfen und bei Bedarf zu aktualisieren. Wenn sich Ihre pers\u00f6nlichen oder finanziellen Umst\u00e4nde \u00e4ndern, sollten Sie Ihr Testament entsprechend anpassen.<\/p>  <p>Es ist ratsam, sich rechtlichen Rat einzuholen, um die Rechtm\u00e4\u00dfigkeit und Wirksamkeit Ihres Testaments sicherzustellen. Ein Anwalt oder Notar kann Ihnen helfen, Ihre spezifischen Bed\u00fcrfnisse und W\u00fcnsche zu ber\u00fccksichtigen und sicherzustellen, dass Ihr Testament rechtskr\u00e4ftig ist.<\/p>  <p>Das Verfassen eines Testaments ist eine wichtige Aufgabe, die Zeit und Sorgfalt erfordert. Mit dieser Anleitung und den bereitgestellten Beispielen sollten Sie in der Lage sein, Ihr Testament selbst zu verfassen.<\/p>\r\n\r\n<\/div><\/div>\r\n\r\n<!-- wp:separator -->\r\n\r\n<hr class=\"wp-block-separator has-alpha-channel-opacity\" \/>","protected":false},"excerpt":{"rendered":"<p>Muster und Vorlage f\u00fcr Testament Selbst Schreiben &#8211; Ausf\u00fcllen und Erstellung &#8211; \u00d6ffnen im WORD PDF Datei und Online &nbsp; &#8230; <\/p>\n<p class=\"read-more-container\"><a title=\"\u00d6ffnen &#8211; Testament Selbst Schreiben\" class=\"read-more button\" href=\"https:\/\/schreibenpro.com\/de\/testament-selbst-schreiben-offnen\/#more-573\" aria-label=\"Mehr zu \u00d6ffnen &#8211; Testament Selbst Schreiben\">\u00d6FFNEN <\/a><\/p>\n","protected":false},"author":1,"featured_media":0,"parent":0,"menu_order":0,"comment_status":"closed","ping_status":"closed","template":"","meta":{"footnotes":""},"class_list":{"0":"post-573","1":"page","2":"type-page","3":"status-publish","5":"infinite-scroll-item"},"yoast_head":"<!-- This site is optimized with the Yoast SEO plugin v24.6 - https:\/\/yoast.com\/wordpress\/plugins\/seo\/ -->\n<title>\u00d6ffnen - Testament Selbst Schreiben - Schreiben PRO<\/title>\n<meta name=\"robots\" content=\"noindex, follow\" \/>\n<meta property=\"og:locale\" content=\"de_DE\" \/>\n<meta property=\"og:type\" content=\"article\" \/>\n<meta property=\"og:title\" content=\"\u00d6ffnen - Testament Selbst Schreiben - Schreiben PRO\" \/>\n<meta property=\"og:description\" content=\"Muster und Vorlage f\u00fcr Testament Selbst Schreiben &#8211; Ausf\u00fcllen und Erstellung &#8211; \u00d6ffnen im WORD PDF Datei und Online &nbsp; ... \u00d6FFNEN\" \/>\n<meta property=\"og:url\" content=\"https:\/\/schreibenpro.com\/de\/testament-selbst-schreiben-offnen\/\" \/>\n<meta property=\"og:site_name\" content=\"Schreiben PRO\" \/>\n<meta property=\"og:image\" content=\"https:\/\/schreibenpro.com\/de\/wp-content\/uploads\/testament-selbst-schreiben-muster-vorlage.jpg\" \/>\n<meta name=\"twitter:card\" content=\"summary_large_image\" \/>\n<meta name=\"twitter:label1\" content=\"Gesch\u00e4tzte Lesezeit\" \/>\n\t<meta name=\"twitter:data1\" content=\"1\u00a0Minute\" \/>\n<!-- \/ Yoast SEO plugin. -->","yoast_head_json":{"title":"\u00d6ffnen - Testament Selbst Schreiben - Schreiben PRO","robots":{"index":"noindex","follow":"follow"},"og_locale":"de_DE","og_type":"article","og_title":"\u00d6ffnen - Testament Selbst Schreiben - Schreiben PRO","og_description":"Muster und Vorlage f\u00fcr Testament Selbst Schreiben &#8211; Ausf\u00fcllen und Erstellung &#8211; \u00d6ffnen im WORD PDF Datei und Online &nbsp; ... \u00d6FFNEN","og_url":"https:\/\/schreibenpro.com\/de\/testament-selbst-schreiben-offnen\/","og_site_name":"Schreiben PRO","og_image":[{"url":"https:\/\/schreibenpro.com\/de\/wp-content\/uploads\/testament-selbst-schreiben-muster-vorlage.jpg","type":"","width":"","height":""}],"twitter_card":"summary_large_image","twitter_misc":{"Gesch\u00e4tzte Lesezeit":"1\u00a0Minute"},"schema":{"@context":"https:\/\/schema.org","@graph":[{"@type":"WebPage","@id":"https:\/\/schreibenpro.com\/de\/testament-selbst-schreiben-offnen\/","url":"https:\/\/schreibenpro.com\/de\/testament-selbst-schreiben-offnen\/","name":"\u00d6ffnen - Testament Selbst Schreiben - Schreiben PRO","isPartOf":{"@id":"https:\/\/schreibenpro.com\/de\/#website"},"primaryImageOfPage":{"@id":"https:\/\/schreibenpro.com\/de\/testament-selbst-schreiben-offnen\/#primaryimage"},"image":{"@id":"https:\/\/schreibenpro.com\/de\/testament-selbst-schreiben-offnen\/#primaryimage"},"thumbnailUrl":"https:\/\/schreibenpro.com\/de\/wp-content\/uploads\/testament-selbst-schreiben-muster-vorlage.jpg","datePublished":"2023-12-18T08:24:41+00:00","breadcrumb":{"@id":"https:\/\/schreibenpro.com\/de\/testament-selbst-schreiben-offnen\/#breadcrumb"},"inLanguage":"de","potentialAction":[{"@type":"ReadAction","target":["https:\/\/schreibenpro.com\/de\/testament-selbst-schreiben-offnen\/"]}]},{"@type":"ImageObject","inLanguage":"de","@id":"https:\/\/schreibenpro.com\/de\/testament-selbst-schreiben-offnen\/#primaryimage","url":"https:\/\/schreibenpro.com\/de\/wp-content\/uploads\/anschreiben-zum-angebot-muster-vorlage.jpg","contentUrl":"https:\/\/schreibenpro.com\/de\/wp-content\/uploads\/anschreiben-zum-angebot-muster-vorlage.jpg","width":1410,"height":2250},{"@type":"BreadcrumbList","@id":"https:\/\/schreibenpro.com\/de\/testament-selbst-schreiben-offnen\/#breadcrumb","itemListElement":[{"@type":"ListItem","position":1,"name":"Portada","item":"https:\/\/schreibenpro.com\/de\/"},{"@type":"ListItem","position":2,"name":"\u00d6ffnen &#8211; Testament Selbst Schreiben"}]},{"@type":"WebSite","@id":"https:\/\/schreibenpro.com\/de\/#website","url":"https:\/\/schreibenpro.com\/de\/","name":"Schreiben PRO","description":"Muster und Vorlage","publisher":{"@id":"https:\/\/schreibenpro.com\/de\/#organization"},"potentialAction":[{"@type":"SearchAction","target":{"@type":"EntryPoint","urlTemplate":"https:\/\/schreibenpro.com\/de\/?s={search_term_string}"},"query-input":{"@type":"PropertyValueSpecification","valueRequired":true,"valueName":"search_term_string"}}],"inLanguage":"de"},{"@type":"Organization","@id":"https:\/\/schreibenpro.com\/de\/#organization","name":"Schreiben PRO","url":"https:\/\/schreibenpro.com\/de\/","logo":{"@type":"ImageObject","inLanguage":"de","@id":"https:\/\/schreibenpro.com\/de\/#\/schema\/logo\/image\/","url":"https:\/\/schreibenpro.com\/de\/wp-content\/uploads\/cropped-fav.png","contentUrl":"https:\/\/schreibenpro.com\/de\/wp-content\/uploads\/cropped-fav.png","width":512,"height":512,"caption":"Schreiben PRO"},"image":{"@id":"https:\/\/schreibenpro.com\/de\/#\/schema\/logo\/image\/"}}]}},"_links":{"self":[{"href":"https:\/\/schreibenpro.com\/de\/wp-json\/wp\/v2\/pages\/573","targetHints":{"allow":["GET"]}}],"collection":[{"href":"https:\/\/schreibenpro.com\/de\/wp-json\/wp\/v2\/pages"}],"about":[{"href":"https:\/\/schreibenpro.com\/de\/wp-json\/wp\/v2\/types\/page"}],"author":[{"embeddable":true,"href":"https:\/\/schreibenpro.com\/de\/wp-json\/wp\/v2\/users\/1"}],"replies":[{"embeddable":true,"href":"https:\/\/schreibenpro.com\/de\/wp-json\/wp\/v2\/comments?post=573"}],"version-history":[{"count":0,"href":"https:\/\/schreibenpro.com\/de\/wp-json\/wp\/v2\/pages\/573\/revisions"}],"wp:attachment":[{"href":"https:\/\/schreibenpro.com\/de\/wp-json\/wp\/v2\/media?parent=573"}],"curies":[{"name":"wp","href":"https:\/\/api.w.org\/{rel}","templated":true}]}}