{"id":576,"date":"2023-12-18T08:24:43","date_gmt":"2023-12-18T08:24:43","guid":{"rendered":"https:\/\/schreibenpro.com\/de\/brief-an-oma-und-opa-schreiben-offnen\/"},"modified":"2023-12-18T08:24:43","modified_gmt":"2023-12-18T08:24:43","slug":"brief-an-oma-und-opa-schreiben-offnen","status":"publish","type":"page","link":"https:\/\/schreibenpro.com\/de\/brief-an-oma-und-opa-schreiben-offnen\/","title":{"rendered":"\u00d6ffnen &#8211; Brief An Oma Und Opa Schreiben"},"content":{"rendered":"\r\n<p class=\"has-text-align-center\">Muster und Vorlage f\u00fcr <strong> Brief An Oma Und Opa Schreiben<\/strong> &#8211; Ausf\u00fcllen und Erstellung  &#8211; \u00d6ffnen im <strong>PDF WORD<\/strong> Datei und Online<\/p>\r\n\r\n\r\n\r\n\r\n<div class=\"wp-block-image\">\r\n<figure class=\"aligncenter size-large is-resized\"><img loading=\"lazy\" decoding=\"async\" class=\"wp-image-215\" src=\"https:\/\/schreibenpro.com\/de\/wp-content\/uploads\/brief-an-oma-und-opa-schreiben-muster-vorlage.jpg\" alt=\"\" width=\"245\" height=\"391\" \/><\/figure>\r\n<\/div>\r\n\r\n\r\n\r\n<hr class=\"wp-block-separator has-alpha-channel-opacity\" \/>\r\n\r\n\r\n\r\n\r\n\r\n<div class=\"su-note\"  style=\"border-color:#e5e5e5;border-radius:10px;-moz-border-radius:10px;-webkit-border-radius:10px;\"><div class=\"su-note-inner su-u-clearfix su-u-trim\" style=\"background-color:#FFFFFF;border-color:#ffffff;color:#333333;border-radius:10px;-moz-border-radius:10px;-webkit-border-radius:10px;\">\r\n\r\n<section id=\"specialParagraph\"><p><strong>Liebe Oma und lieber Opa,<\/strong><\/p>  <p>ich hoffe, dass es euch beiden gut geht. Es ist schon viel zu lange her, seitdem ich das letzte Mal von euch geh\u00f6rt habe. Deshalb m\u00f6chte ich die Gelegenheit nutzen, um euch einen ausf\u00fchrlichen Brief zu schreiben und euch \u00fcber mein Leben zu berichten.<\/p>  <p><strong>Einleitung:<\/strong><\/p> <p>Als erstes m\u00f6chte ich euch mitteilen, dass ich mich sehr gut f\u00fchle. Mein Beruf als Softwareentwicklerin macht mir nach wie vor viel Spa\u00df und ich habe vor Kurzem sogar eine Bef\u00f6rderung erhalten. Ich kann es noch immer kaum glauben und freue mich sehr \u00fcber diese positive Entwicklung.<\/p>  <p><strong>Erster Abschnitt:<\/strong><\/p> <p>Ich erinnere mich noch gut an unsere gemeinsamen Ferien in den Bergen vor ein paar Jahren. Wir haben so viele tolle Erinnerungen geschaffen und ich vermisse diese Zeiten sehr. Ich hoffe, dass wir bald wieder die M\u00f6glichkeit haben, solch sch\u00f6ne Momente miteinander zu teilen.<\/p>  <p><strong>Zweiter Abschnitt:<\/strong><\/p> <p>Geschrieben von einem der Gro\u00dfeltern.Sample: Ich hoffe, euch beiden geht es gut und dass ihr immer noch Freude daran habt, Marmelade zu machen. Die letzte Ladung, die ihr mir geschickt habt, war so lecker und ich konnte sie gar nicht schnell genug essen. Ich hoffe, ihr k\u00f6nnt mir in der Zukunft noch mehr schicken, sobald ihr wieder Zeit habt.<\/p>  <p><strong>Dritter Abschnitt:<\/strong><\/p> <p>Ihr habt sicherlich bemerkt, dass ich in den letzten Jahren viel gereist bin. Ich hatte die Gelegenheit, verschiedene L\u00e4nder zu besuchen und neue Kulturen kennenzulernen. Besonders beeindruckt hat mich meine Reise nach Japan. Die Menschen dort waren so freundlich und hilfsbereit, und das Essen war einfach unglaublich. Ich habe auch viel Zeit damit verbracht, Tempel zu besichtigen und die wundersch\u00f6ne Landschaft zu erkunden.<\/p>  <p><strong>Vierter Abschnitt:<\/strong><\/p> <p>Es tut mir leid zu h\u00f6ren, dass Opa vor Kurzem eine Operation hatte. Ich hoffe, dass es dir mittlerweile besser geht und du dich gut erholst. Bitte pass gut auf dich auf und lass dich von Oma verw\u00f6hnen. Ich denke oft an euch beide und hoffe, dass ich euch bald besuchen kann, um nach dem Rechten zu sehen und euch bei allem zu unterst\u00fctzen, was ihr braucht.<\/p>  <p><strong>Schluss:<\/strong><\/p> <p>Ich vermisse euch beide sehr und hoffe, euch bald wiederzusehen. Bitte passt gut auf euch auf und bleibt gesund. Schickt mir doch bitte auch wieder ein paar Fotos von euch, damit ich sehe, wie ihr aussieht. Ich denke oft an die sch\u00f6nen Zeiten, die wir zusammen verbracht haben und freue mich auf weitere Erinnerungen, die wir gemeinsam schaffen werden.<\/p>  <p>Mit viel Liebe,<\/p> <p><strong>Dein(e) Enkel(in)<\/strong><\/p><\/section><\/div><\/div>\r\n\r\n&nbsp;\r\n\r\n\r\n\r\n\r\n\r\n\r\n<p class=\"has-text-align-center\">Muster und Vorlage f\u00fcr <strong> Brief An Oma Und Opa Schreiben <\/strong> zur Anpassung und Erstellung  im <strong>WORD<\/strong>\u2013 und <strong>PDF-Format<\/strong><\/p>\r\n\r\n\r\n<button id=\"generatePDF\">Erstellen (PDF &#8211; WORD)<\/button>\r\n\r\n\r\n\r\n<hr class=\"wp-block-separator has-alpha-channel-opacity\" \/>\r\n\r\n\r\n\r\n<p style=\"text-align: center;\"><strong>Brief An Oma Und Opa Schreiben<\/strong><\/p>\r\n\r\n<div class=\"wp-block-columns is-layout-flex wp-container-core-columns-is-layout-9d6595d7 wp-block-columns-is-layout-flex\">\r\n\r\n\r\n<div class=\"wp-block-column is-layout-flow wp-block-column-is-layout-flow\"><div class=\"su-button-center\"><a href=\"https:\/\/www.aau.at\/wp-content\/uploads\/2019\/10\/Frey-Stefanie-Titel-Brief-an-den-Opa.pdf\" class=\"su-button su-button-style-flat\" style=\"color:#FFFFFF;background-color:#144bb6;border-color:#103c92;border-radius:1px\" target=\"_self\"><span style=\"color:#FFFFFF;padding:0px 24px;font-size:18px;line-height:36px;border-color:#5b81cc;border-radius:1px;text-shadow:none\">   PDF <\/span><\/a><\/div>\n<\/div>\r\n\r\n\r\n\r\n<div class=\"wp-block-column is-layout-flow wp-block-column-is-layout-flow\"><div class=\"su-button-center\"><a href=\"https:\/\/asset.klett.de\/assets\/a1f78b4bcb7aff28afa6f00e4cf12e91a03eb44b7ef63ef49eb1fec9cebc60b7\/Piri1_AH_PLUS_Jahresplanung_mit_Anoki.docx\" class=\"su-button su-button-style-flat\" style=\"color:#FFFFFF;background-color:#144bb6;border-color:#103c92;border-radius:1px\" target=\"_self\"><span style=\"color:#FFFFFF;padding:0px 24px;font-size:18px;line-height:36px;border-color:#5b81cc;border-radius:1px;text-shadow:none\">   DOC<\/span><\/a><\/div>\n<\/div>\r\n\r\n\r\n<\/div>\r\n\r\n\r\n\r\n<p style=\"text-align: center;\"><strong>Beispiele<\/strong><\/p>\r\n\r\n<div class=\"wp-block-columns is-layout-flex wp-container-core-columns-is-layout-9d6595d7 wp-block-columns-is-layout-flex\">\r\n\r\n\r\n<div class=\"wp-block-column is-layout-flow wp-block-column-is-layout-flow\"><div class=\"su-button-center\"><a href=\"https:\/\/www.aau.at\/wp-content\/uploads\/2019\/10\/Frey-Stefanie-Titel-Brief-an-den-Opa.pdf\" class=\"su-button su-button-style-flat\" style=\"color:#FFFFFF;background-color:#144bb6;border-color:#103c92;border-radius:1px\" target=\"_self\"><span style=\"color:#FFFFFF;padding:0px 24px;font-size:18px;line-height:36px;border-color:#5b81cc;border-radius:1px;text-shadow:none\">  Beispiel &#8211; 1 <\/span><\/a><\/div>\n<\/div>\r\n\r\n\r\n\r\n<div class=\"wp-block-column is-layout-flow wp-block-column-is-layout-flow\"><div class=\"su-button-center\"><a href=\"https:\/\/www.suessen.de\/site\/Suessen-Internet\/get\/params_E52594250_Dattachment\/16922659\/Anleitung%20Briefumschlag.pdf\" class=\"su-button su-button-style-flat\" style=\"color:#FFFFFF;background-color:#144bb6;border-color:#103c92;border-radius:1px\" target=\"_self\"><span style=\"color:#FFFFFF;padding:0px 24px;font-size:18px;line-height:36px;border-color:#5b81cc;border-radius:1px;text-shadow:none\">  Beispiel &#8211; 2 <\/span><\/a><\/div>\n<\/div>\r\n\r\n\r\n<\/div>\r\n\r\n\r\n<hr class=\"wp-block-separator has-alpha-channel-opacity\" \/>\r\n\r\n\r\n\r\n<div class=\"wp-block-columns is-layout-flex wp-container-core-columns-is-layout-9d6595d7 wp-block-columns-is-layout-flex\">\r\n\r\n\r\n<div class=\"wp-block-column is-layout-flow wp-block-column-is-layout-flow\"><div class=\"su-button-center\"><a href=\"https:\/\/www.grundschule-tannenhausen.de\/app\/download\/5815079208\/Brief+Homepage.pdf\" class=\"su-button su-button-style-flat\" style=\"color:#FFFFFF;background-color:#144bb6;border-color:#103c92;border-radius:1px\" target=\"_self\"><span style=\"color:#FFFFFF;padding:0px 24px;font-size:18px;line-height:36px;border-color:#5b81cc;border-radius:1px;text-shadow:none\">  Beispiel &#8211; 3 <\/span><\/a><\/div>\n<\/div>\r\n\r\n\r\n\r\n<div class=\"wp-block-column is-layout-flow wp-block-column-is-layout-flow\"><div class=\"su-button-center\"><a href=\"https:\/\/www.aau.at\/wp-content\/uploads\/2019\/10\/Frey-Stefanie-Titel-Brief-an-den-Opa.pdf\" class=\"su-button su-button-style-flat\" style=\"color:#FFFFFF;background-color:#144bb6;border-color:#103c92;border-radius:1px\" target=\"_self\"><span style=\"color:#FFFFFF;padding:0px 24px;font-size:18px;line-height:36px;border-color:#5b81cc;border-radius:1px;text-shadow:none\">  Beispiel &#8211; 4 <\/span><\/a><\/div>\n<\/div>\r\n\r\n\r\n<\/div>\r\n\r\n\r\n<hr class=\"wp-block-separator has-alpha-channel-opacity\" \/>\r\n\r\n<!-- \/wp:post-content -->\r\n\r\n<!-- wp:table {\"align\":\"center\"} -->\r\n<figure class=\"wp-block-table aligncenter\">\r\n<table>\r\n<tbody>\r\n<tr>\r\n<td style=\"text-align: center;\">Brief An Oma Und Opa Schreiben<\/td>\r\n<\/tr>\r\n<tr>\r\n<td style=\"text-align: center;\">PDF &#8211; WORD Datei<\/td>\r\n<\/tr>\r\n<tr>\r\n<td style=\"text-align: center;\">Bewertung: \u2b50\u2b50\u2b50\u2b50\u2b50 4.22<\/td>\r\n<\/tr>\r\n<tr>\r\n<td style=\"text-align: center;\">Ergebnisse &#8211; 2848<\/td>\r\n<\/tr>\r\n<\/tbody>\r\n<\/table>\r\n<\/figure>\r\n<!-- \/wp:table -->\r\n\r\n<!-- wp:separator -->\r\n\r\n<hr class=\"wp-block-separator has-alpha-channel-opacity\" \/>\r\n\r\n<!-- \/wp:separator -->\r\n\r\n<div class=\"su-note\"  style=\"border-color:#e5e5e5;border-radius:10px;-moz-border-radius:10px;-webkit-border-radius:10px;\"><div class=\"su-note-inner su-u-clearfix su-u-trim\" style=\"background-color:#FFFFFF;border-color:#ffffff;color:#333333;border-radius:10px;-moz-border-radius:10px;-webkit-border-radius:10px;\">\r\n\r\n<p>Das Verfassen eines Briefes an Oma und Opa ist eine wunderbare M\u00f6glichkeit, um Ihre Gedanken und Gef\u00fchle zu teilen und ihnen zu zeigen, wie sehr Sie sie lieben und sch\u00e4tzen. In dieser Anleitung erfahren Sie, wie Sie einen Brief an Ihre Gro\u00dfeltern schreiben und einige Tipps und Beispiele finden, die Ihnen dabei helfen.<\/p>  <h3>Inhalt:<\/h3> <ol> <li>Einleitung<\/li> <li>Hauptteil<\/li> <li>Schluss<\/li> <li>Formale Gestaltung<\/li> <li>Aufbau eines effektiven Briefes<\/li> <\/ol>  <h3>Einleitung<\/h3>  <p>Beginnen Sie Ihren Brief mit einer herzlichen Begr\u00fc\u00dfung. Verwenden Sie die Anrede &#8220;Liebe Oma&#8221; oder &#8220;Liebe(r) Opa&#8221;, um eine pers\u00f6nliche und liebevolle Atmosph\u00e4re zu schaffen. Erw\u00e4hnen Sie, wie sehr Sie sich freuen, diesen Brief zu schreiben.<\/p>  <p>Beispiel:<\/p> <blockquote> <p>Liebe Oma und lieber Opa,<\/p> <p>ich hoffe, dass es euch beiden gut geht. Ich freue mich so sehr, diesen Brief an euch zu schreiben und euch ein bisschen von meinem Leben zu erz\u00e4hlen.<\/p> <\/blockquote>  <h3>Hauptteil<\/h3>  <p>Im Hauptteil des Briefes k\u00f6nnen Sie verschiedene Themen ansprechen. Erz\u00e4hlen Sie Ihren Gro\u00dfeltern von Ihren aktuellen Aktivit\u00e4ten, Ihren Hobbys, Ihren Erfahrungen oder einfach von Ihrem Alltag. Schildern Sie ihnen, was Sie in letzter Zeit erlebt haben und welche Ereignisse Ihnen wichtig sind. Gehen Sie ins Detail und machen Sie Ihren Brief pers\u00f6nlich.<\/p>  <p>Beispiel:<\/p> <blockquote> <p>Die Schule l\u00e4uft gut f\u00fcr mich, und ich habe gerade mein Zeugnis bekommen. Es war ein toller Moment, als ich gesehen habe, dass ich in allen F\u00e4chern gute Noten habe. Besonders stolz bin ich auf meine Mathematiknote, da ich in diesem Fach immer flei\u00dfig lerne.<\/p> <\/blockquote>  <p>Mit Beispielen und Geschichten aus Ihrem Leben k\u00f6nnen Sie Ihre Gro\u00dfeltern besser an Ihrem Leben teilhaben lassen. Erz\u00e4hlen Sie ihnen von Ihren Freunden, Ihren Lieblingsb\u00fcchern oder Filmen oder von besonderen Ereignissen, an denen Sie teilgenommen haben.<\/p>  <h3>Schluss<\/h3>  <p>Schlie\u00dfen Sie Ihren Brief mit warmen Gr\u00fc\u00dfen und einem liebevollen Abschied. Bedanken Sie sich bei Ihren Gro\u00dfeltern f\u00fcr ihre Liebe und Unterst\u00fctzung und sagen Sie ihnen, wie wichtig sie Ihnen sind.<\/p>  <p>Beispiel:<\/p> <blockquote> <p>Ich m\u00f6chte euch beiden danken f\u00fcr all die Liebe, die ihr mir schenkt. Ihr seid die besten Gro\u00dfeltern der Welt, und ich bin so dankbar, euch zu haben. Ich vermisse euch und hoffe, dass wir uns bald wiedersehen.<\/p> <p>Alles Liebe,<\/p> <p>Dein\/Deine [Ihr Name] <\/blockquote>  <h3>Formale Gestaltung<\/h3>  <p>Ein Brief an Oma und Opa sollte in einem freundlichen und pers\u00f6nlichen Ton verfasst sein. Verwenden Sie einfache und klare Sprache, um sicherzustellen, dass Ihre Gro\u00dfeltern den Inhalt leicht verstehen k\u00f6nnen.<\/p>  <blockquote> <p><strong>Ich vermisse euch so sehr.<\/strong> Es ist nicht dasselbe ohne euch hier zu Hause.<\/p> <\/blockquote>  <blockquote> <dl> <dt>Schule<\/dt> <dd>Ich bin momentan in der dritten Klasse und lerne viele neue Dinge.<\/dd> <dt>Hobbys<\/dt> <dd>Meine Hobbys sind Lesen, Malen und Fu\u00dfballspielen.<\/dd> <dt>Urlaub<\/dt> <dd>Letzten Sommer waren wir am Strand und hatten eine fantastische Zeit.<\/dd> <\/dl> <\/blockquote>  <h3>Aufbau eines effektiven Briefes<\/h3>  <p>Ein gut strukturierter Brief ist leichter zu lesen und zu verstehen. Beachten Sie die folgenden Punkte, um einen effektiven Brief an Oma und Opa zu verfassen:<\/p>  <ol> <li><strong>Eine klare Einleitung:<\/strong> Sagen Sie Ihren Gro\u00dfeltern, dass Sie ihnen schreiben und warum. Begr\u00fc\u00dfen Sie sie herzlich und zeigen Sie Ihre Freude.<\/li> <li><strong>Einen strukturierten Hauptteil:<\/strong> Teilen Sie Ihre Gedanken und Erlebnisse mit. Gliedern Sie den Hauptteil in Abschnitte, um verschiedene Themen zu behandeln.<\/li> <li><strong>Einen liebevollen Schluss:<\/strong> Bedanken Sie sich bei Ihren Gro\u00dfeltern und dr\u00fccken Sie Ihre Zuneigung aus. Verabschieden Sie sich herzlich und hoffen Sie auf ein baldiges Wiedersehen.<\/li> <\/ol>  <p>Indem Sie diese Struktur befolgen, werden Sie einen gut organisierten und inhaltsreichen Brief erstellen.<\/p>\r\n\r\n<\/div><\/div>\r\n\r\n<!-- wp:separator -->\r\n\r\n<hr class=\"wp-block-separator has-alpha-channel-opacity\" \/>","protected":false},"excerpt":{"rendered":"<p>Muster und Vorlage f\u00fcr Brief An Oma Und Opa Schreiben &#8211; Ausf\u00fcllen und Erstellung &#8211; \u00d6ffnen im PDF WORD Datei &#8230; <\/p>\n<p class=\"read-more-container\"><a title=\"\u00d6ffnen &#8211; Brief An Oma Und Opa Schreiben\" class=\"read-more button\" href=\"https:\/\/schreibenpro.com\/de\/brief-an-oma-und-opa-schreiben-offnen\/#more-576\" aria-label=\"Mehr zu \u00d6ffnen &#8211; Brief An Oma Und Opa Schreiben\">\u00d6FFNEN <\/a><\/p>\n","protected":false},"author":1,"featured_media":0,"parent":0,"menu_order":0,"comment_status":"closed","ping_status":"closed","template":"","meta":{"footnotes":""},"class_list":{"0":"post-576","1":"page","2":"type-page","3":"status-publish","5":"infinite-scroll-item"},"yoast_head":"<!-- This site is optimized with the Yoast SEO plugin v24.6 - https:\/\/yoast.com\/wordpress\/plugins\/seo\/ -->\n<title>\u00d6ffnen - Brief An Oma Und Opa Schreiben - Schreiben PRO<\/title>\n<meta name=\"robots\" content=\"noindex, follow\" \/>\n<meta property=\"og:locale\" content=\"de_DE\" \/>\n<meta property=\"og:type\" content=\"article\" \/>\n<meta property=\"og:title\" content=\"\u00d6ffnen - Brief An Oma Und Opa Schreiben - Schreiben PRO\" \/>\n<meta property=\"og:description\" content=\"Muster und Vorlage f\u00fcr Brief An Oma Und Opa Schreiben &#8211; Ausf\u00fcllen und Erstellung &#8211; \u00d6ffnen im PDF WORD Datei ... \u00d6FFNEN\" \/>\n<meta property=\"og:url\" content=\"https:\/\/schreibenpro.com\/de\/brief-an-oma-und-opa-schreiben-offnen\/\" \/>\n<meta property=\"og:site_name\" content=\"Schreiben PRO\" \/>\n<meta property=\"og:image\" content=\"https:\/\/schreibenpro.com\/de\/wp-content\/uploads\/brief-an-oma-und-opa-schreiben-muster-vorlage.jpg\" \/>\n<meta name=\"twitter:card\" content=\"summary_large_image\" \/>\n<meta name=\"twitter:label1\" content=\"Gesch\u00e4tzte Lesezeit\" \/>\n\t<meta name=\"twitter:data1\" content=\"1\u00a0Minute\" \/>\n<!-- \/ Yoast SEO plugin. -->","yoast_head_json":{"title":"\u00d6ffnen - Brief An Oma Und Opa Schreiben - Schreiben PRO","robots":{"index":"noindex","follow":"follow"},"og_locale":"de_DE","og_type":"article","og_title":"\u00d6ffnen - Brief An Oma Und Opa Schreiben - Schreiben PRO","og_description":"Muster und Vorlage f\u00fcr Brief An Oma Und Opa Schreiben &#8211; Ausf\u00fcllen und Erstellung &#8211; \u00d6ffnen im PDF WORD Datei ... \u00d6FFNEN","og_url":"https:\/\/schreibenpro.com\/de\/brief-an-oma-und-opa-schreiben-offnen\/","og_site_name":"Schreiben PRO","og_image":[{"url":"https:\/\/schreibenpro.com\/de\/wp-content\/uploads\/brief-an-oma-und-opa-schreiben-muster-vorlage.jpg","type":"","width":"","height":""}],"twitter_card":"summary_large_image","twitter_misc":{"Gesch\u00e4tzte Lesezeit":"1\u00a0Minute"},"schema":{"@context":"https:\/\/schema.org","@graph":[{"@type":"WebPage","@id":"https:\/\/schreibenpro.com\/de\/brief-an-oma-und-opa-schreiben-offnen\/","url":"https:\/\/schreibenpro.com\/de\/brief-an-oma-und-opa-schreiben-offnen\/","name":"\u00d6ffnen - Brief An Oma Und Opa Schreiben - Schreiben PRO","isPartOf":{"@id":"https:\/\/schreibenpro.com\/de\/#website"},"primaryImageOfPage":{"@id":"https:\/\/schreibenpro.com\/de\/brief-an-oma-und-opa-schreiben-offnen\/#primaryimage"},"image":{"@id":"https:\/\/schreibenpro.com\/de\/brief-an-oma-und-opa-schreiben-offnen\/#primaryimage"},"thumbnailUrl":"https:\/\/schreibenpro.com\/de\/wp-content\/uploads\/brief-an-oma-und-opa-schreiben-muster-vorlage.jpg","datePublished":"2023-12-18T08:24:43+00:00","breadcrumb":{"@id":"https:\/\/schreibenpro.com\/de\/brief-an-oma-und-opa-schreiben-offnen\/#breadcrumb"},"inLanguage":"de","potentialAction":[{"@type":"ReadAction","target":["https:\/\/schreibenpro.com\/de\/brief-an-oma-und-opa-schreiben-offnen\/"]}]},{"@type":"ImageObject","inLanguage":"de","@id":"https:\/\/schreibenpro.com\/de\/brief-an-oma-und-opa-schreiben-offnen\/#primaryimage","url":"https:\/\/schreibenpro.com\/de\/wp-content\/uploads\/anschreiben-zum-angebot-muster-vorlage.jpg","contentUrl":"https:\/\/schreibenpro.com\/de\/wp-content\/uploads\/anschreiben-zum-angebot-muster-vorlage.jpg","width":1410,"height":2250},{"@type":"BreadcrumbList","@id":"https:\/\/schreibenpro.com\/de\/brief-an-oma-und-opa-schreiben-offnen\/#breadcrumb","itemListElement":[{"@type":"ListItem","position":1,"name":"Portada","item":"https:\/\/schreibenpro.com\/de\/"},{"@type":"ListItem","position":2,"name":"\u00d6ffnen &#8211; Brief An Oma Und Opa Schreiben"}]},{"@type":"WebSite","@id":"https:\/\/schreibenpro.com\/de\/#website","url":"https:\/\/schreibenpro.com\/de\/","name":"Schreiben PRO","description":"Muster und Vorlage","publisher":{"@id":"https:\/\/schreibenpro.com\/de\/#organization"},"potentialAction":[{"@type":"SearchAction","target":{"@type":"EntryPoint","urlTemplate":"https:\/\/schreibenpro.com\/de\/?s={search_term_string}"},"query-input":{"@type":"PropertyValueSpecification","valueRequired":true,"valueName":"search_term_string"}}],"inLanguage":"de"},{"@type":"Organization","@id":"https:\/\/schreibenpro.com\/de\/#organization","name":"Schreiben PRO","url":"https:\/\/schreibenpro.com\/de\/","logo":{"@type":"ImageObject","inLanguage":"de","@id":"https:\/\/schreibenpro.com\/de\/#\/schema\/logo\/image\/","url":"https:\/\/schreibenpro.com\/de\/wp-content\/uploads\/cropped-fav.png","contentUrl":"https:\/\/schreibenpro.com\/de\/wp-content\/uploads\/cropped-fav.png","width":512,"height":512,"caption":"Schreiben PRO"},"image":{"@id":"https:\/\/schreibenpro.com\/de\/#\/schema\/logo\/image\/"}}]}},"_links":{"self":[{"href":"https:\/\/schreibenpro.com\/de\/wp-json\/wp\/v2\/pages\/576","targetHints":{"allow":["GET"]}}],"collection":[{"href":"https:\/\/schreibenpro.com\/de\/wp-json\/wp\/v2\/pages"}],"about":[{"href":"https:\/\/schreibenpro.com\/de\/wp-json\/wp\/v2\/types\/page"}],"author":[{"embeddable":true,"href":"https:\/\/schreibenpro.com\/de\/wp-json\/wp\/v2\/users\/1"}],"replies":[{"embeddable":true,"href":"https:\/\/schreibenpro.com\/de\/wp-json\/wp\/v2\/comments?post=576"}],"version-history":[{"count":0,"href":"https:\/\/schreibenpro.com\/de\/wp-json\/wp\/v2\/pages\/576\/revisions"}],"wp:attachment":[{"href":"https:\/\/schreibenpro.com\/de\/wp-json\/wp\/v2\/media?parent=576"}],"curies":[{"name":"wp","href":"https:\/\/api.w.org\/{rel}","templated":true}]}}