{"id":577,"date":"2023-12-18T08:24:43","date_gmt":"2023-12-18T08:24:43","guid":{"rendered":"https:\/\/schreibenpro.com\/de\/vertrag-umschreiben-todesfall-offnen\/"},"modified":"2023-12-18T08:24:43","modified_gmt":"2023-12-18T08:24:43","slug":"vertrag-umschreiben-todesfall-offnen","status":"publish","type":"page","link":"https:\/\/schreibenpro.com\/de\/vertrag-umschreiben-todesfall-offnen\/","title":{"rendered":"\u00d6ffnen &#8211; Vertrag Umschreiben Todesfall"},"content":{"rendered":"\r\n<p class=\"has-text-align-center\">Muster und Vorlage f\u00fcr <strong> Vertrag Umschreiben Todesfall<\/strong> &#8211; Erstellung und Ausf\u00fcllen &#8211; \u00d6ffnen im <strong>WORD und PDF<\/strong> Datei und Online<\/p>\r\n\r\n\r\n\r\n\r\n<div class=\"wp-block-image\">\r\n<figure class=\"aligncenter size-large is-resized\"><img loading=\"lazy\" decoding=\"async\" class=\"wp-image-215\" src=\"https:\/\/schreibenpro.com\/de\/wp-content\/uploads\/vertrag-umschreiben-todesfall-muster-vorlage.jpg\" alt=\"\" width=\"245\" height=\"391\" \/><\/figure>\r\n<\/div>\r\n\r\n\r\n\r\n<hr class=\"wp-block-separator has-alpha-channel-opacity\" \/>\r\n\r\n\r\n\r\n\r\n\r\n<div class=\"su-note\"  style=\"border-color:#e5e5e5;border-radius:10px;-moz-border-radius:10px;-webkit-border-radius:10px;\"><div class=\"su-note-inner su-u-clearfix su-u-trim\" style=\"background-color:#FFFFFF;border-color:#ffffff;color:#333333;border-radius:10px;-moz-border-radius:10px;-webkit-border-radius:10px;\">\r\n\r\n<section id=\"specialParagraph\"><style> h1 { font-weight: bold; text-align: center; } p { text-indent: 50px; margin-top: 10px; margin-bottom: 10px; } strong { font-weight: bold; } dt { font-weight: bold; } dd { margin-bottom: 10px; } <\/style>     <p>Sehr geehrter Herr\/Frau [Name des Versicherungsunternehmens],<\/p>  <p>hiermit m\u00f6chte ich Ihnen mitteilen, dass mein [Familienmitglied\/Freund\/Angeh\u00f6riger] [Vor- und Nachname des Verstorbenen] am [Todesdatum] verstorben ist. Gem\u00e4\u00df dem bestehenden Vertrag [Vertragsnummer] bitte ich um die Umschreibung des Vertrags auf meinen Namen.<\/p>  <p>Bitte beachten Sie die folgenden Punkte bei der Umschreibung des Vertrags:<\/p>  <p><strong>1. Dokumente einreichen:<\/strong><\/p> <p>Um die Umschreibung korrekt durchf\u00fchren zu k\u00f6nnen, bitte ich um die Zusendung einer Liste der erforderlichen Dokumente. Ich werde diese Dokumente umgehend einreichen, um den Umschreibungsprozess zu beschleunigen.<\/p>  <p><strong>2. \u00c4nderungen der Vertragsbedingungen:<\/strong><\/p> <p>Ich bitte Sie, mir eine aktualisierte Fassung der Vertragsbedingungen zukommen zu lassen, um sicherzustellen, dass ich mit den ge\u00e4nderten Bedingungen einverstanden bin. Bitte markieren Sie die \u00c4nderungen deutlich, damit ich sie leicht identifizieren kann.<\/p>  <p><strong>3. Umschreibungsdauer:<\/strong><\/p> <p>Ich m\u00f6chte Sie bitten, die gesch\u00e4tzte Dauer f\u00fcr die Umschreibung des Vertrags anzugeben. Es ist f\u00fcr mich wichtig zu wissen, wie lange dieser Prozess in Anspruch nehmen wird, um entsprechende Vorkehrungen treffen zu k\u00f6nnen.<\/p>  <p><strong>4. Beg\u00fcnstigter des Vertrags:<\/strong><\/p> <p>Bitte geben Sie mir auch Auskunft dar\u00fcber, ob der bisherige beg\u00fcnstigte Empf\u00e4nger des Vertrags weiterhin bestehen bleibt oder ob ich einen neuen benennen muss.<\/p>  <p><strong>5. Kontaktdaten:<\/strong><\/p> <p>Hier finden Sie meine Kontaktdaten:<\/p> <dl> <dt>Name:<\/dt> <dd>[Mein vollst\u00e4ndiger Name]<\/dd> <dt>Adresse:<\/dt> <dd>[Meine vollst\u00e4ndige Adresse]<\/dd> <dt>Telefonnummer:<\/dt> <dd>[Meine Telefonnummer]<\/dd> <dt>E-Mail-Adresse:<\/dt> <dd>[Meine E-Mail-Adresse]<\/dd> <\/dl>  <p><strong>6. Informationsaustausch:<\/strong><\/p> <p>Ich bitte Sie, mich regelm\u00e4\u00dfig \u00fcber den Fortschritt der Umschreibung zu informieren. Es ist f\u00fcr mich wichtig, \u00fcber alle Schritte und \u00c4nderungen auf dem Laufenden zu sein. Bitte teilen Sie mir auch mit, wenn weitere Informationen oder Dokumente von meiner Seite ben\u00f6tigt werden.<\/p>  <p><strong>7. Notwendige Geb\u00fchren:<\/strong><\/p> <p>Bitte teilen Sie mir mit, ob f\u00fcr die Umschreibung des Vertrags zus\u00e4tzliche Geb\u00fchren anfallen. Ich bin bereit, die erforderlichen Kosten zu \u00fcbernehmen, sofern diese angemessen sind.<\/p>  <p>Ich danke Ihnen im Voraus f\u00fcr Ihre Unterst\u00fctzung bei der Umschreibung des Vertrags. Ich hoffe auf eine reibungslose Abwicklung und stehe Ihnen bei Fragen gern zur Verf\u00fcgung.<\/p>  <p>Mit freundlichen Gr\u00fc\u00dfen,<\/p>  [Ihr vollst\u00e4ndiger Name]<\/section><\/div><\/div>\r\n\r\n&nbsp;\r\n\r\n\r\n\r\n\r\n\r\n\r\n<p class=\"has-text-align-center\">Vorlage und Muster f\u00fcr <strong> Vertrag Umschreiben Todesfall <\/strong> zur Anpassung und Erstellung  im <strong>WORD<\/strong>\u2013 und <strong>PDF-Format<\/strong><\/p>\r\n\r\n\r\n<button id=\"generatePDF\">Erstellen (PDF &#8211; WORD)<\/button>\r\n\r\n\r\n\r\n<hr class=\"wp-block-separator has-alpha-channel-opacity\" \/>\r\n\r\n\r\n\r\n<p style=\"text-align: center;\"><strong>Vertrag Umschreiben Todesfall<\/strong><\/p>\r\n\r\n<div class=\"wp-block-columns is-layout-flex wp-container-core-columns-is-layout-9d6595d7 wp-block-columns-is-layout-flex\">\r\n\r\n\r\n<div class=\"wp-block-column is-layout-flow wp-block-column-is-layout-flow\"><div class=\"su-button-center\"><a href=\"https:\/\/www.vodafone.de\/media\/downloads\/pdf\/cable_nrw_bw_h\/Formular-Vertragsuebernahme-Sterbefall.pdf\" class=\"su-button su-button-style-flat\" style=\"color:#FFFFFF;background-color:#144bb6;border-color:#103c92;border-radius:1px\" target=\"_self\"><span style=\"color:#FFFFFF;padding:0px 24px;font-size:18px;line-height:36px;border-color:#5b81cc;border-radius:1px;text-shadow:none\">   PDF <\/span><\/a><\/div>\n<\/div>\r\n\r\n\r\n\r\n<div class=\"wp-block-column is-layout-flow wp-block-column-is-layout-flow\"><div class=\"su-button-center\"><a href=\"https:\/\/so.ch\/fileadmin\/internet\/vwd\/vwd-agem\/doc\/DGO_Juni_2023.docx\" class=\"su-button su-button-style-flat\" style=\"color:#FFFFFF;background-color:#144bb6;border-color:#103c92;border-radius:1px\" target=\"_self\"><span style=\"color:#FFFFFF;padding:0px 24px;font-size:18px;line-height:36px;border-color:#5b81cc;border-radius:1px;text-shadow:none\">   DOC<\/span><\/a><\/div>\n<\/div>\r\n\r\n\r\n<\/div>\r\n\r\n\r\n\r\n<p style=\"text-align: center;\"><strong>Beispiele<\/strong><\/p>\r\n\r\n<div class=\"wp-block-columns is-layout-flex wp-container-core-columns-is-layout-9d6595d7 wp-block-columns-is-layout-flex\">\r\n\r\n\r\n<div class=\"wp-block-column is-layout-flow wp-block-column-is-layout-flow\"><div class=\"su-button-center\"><a href=\"https:\/\/www.vodafone.de\/media\/downloads\/pdf\/cable_nrw_bw_h\/Formular-Vertragsuebernahme-Sterbefall.pdf\" class=\"su-button su-button-style-flat\" style=\"color:#FFFFFF;background-color:#144bb6;border-color:#103c92;border-radius:1px\" target=\"_self\"><span style=\"color:#FFFFFF;padding:0px 24px;font-size:18px;line-height:36px;border-color:#5b81cc;border-radius:1px;text-shadow:none\">  Beispiel &#8211; 1 <\/span><\/a><\/div>\n<\/div>\r\n\r\n\r\n\r\n<div class=\"wp-block-column is-layout-flow wp-block-column-is-layout-flow\"><div class=\"su-button-center\"><a href=\"https:\/\/www.vodafone.de\/media\/downloads\/pdf\/cable_nrw_bw_h\/formular-zur-vertragsuebernahme-im-sterbefall.pdf\" class=\"su-button su-button-style-flat\" style=\"color:#FFFFFF;background-color:#144bb6;border-color:#103c92;border-radius:1px\" target=\"_self\"><span style=\"color:#FFFFFF;padding:0px 24px;font-size:18px;line-height:36px;border-color:#5b81cc;border-radius:1px;text-shadow:none\">  Beispiel &#8211; 2 <\/span><\/a><\/div>\n<\/div>\r\n\r\n\r\n<\/div>\r\n\r\n\r\n<hr class=\"wp-block-separator has-alpha-channel-opacity\" \/>\r\n\r\n\r\n\r\n<div class=\"wp-block-columns is-layout-flex wp-container-core-columns-is-layout-9d6595d7 wp-block-columns-is-layout-flex\">\r\n\r\n\r\n<div class=\"wp-block-column is-layout-flow wp-block-column-is-layout-flow\"><div class=\"su-button-center\"><a href=\"https:\/\/assets.ctfassets.net\/x8qxvl1mbqig\/5QXasT7x8FfJanRy9lZ0pr\/afd61dfb9c88389ef476cc45ea532f39\/Vertragsumschreibung_nach_Todesfall.pdf\" class=\"su-button su-button-style-flat\" style=\"color:#FFFFFF;background-color:#144bb6;border-color:#103c92;border-radius:1px\" target=\"_self\"><span style=\"color:#FFFFFF;padding:0px 24px;font-size:18px;line-height:36px;border-color:#5b81cc;border-radius:1px;text-shadow:none\">  Beispiel &#8211; 3 <\/span><\/a><\/div>\n<\/div>\r\n\r\n\r\n\r\n<div class=\"wp-block-column is-layout-flow wp-block-column-is-layout-flow\"><div class=\"su-button-center\"><a href=\"https:\/\/www.vodafone.de\/media\/downloads\/pdf\/cable_nrw_bw_h\/Formular-Vertragsuebernahme-Sterbefall.pdf\" class=\"su-button su-button-style-flat\" style=\"color:#FFFFFF;background-color:#144bb6;border-color:#103c92;border-radius:1px\" target=\"_self\"><span style=\"color:#FFFFFF;padding:0px 24px;font-size:18px;line-height:36px;border-color:#5b81cc;border-radius:1px;text-shadow:none\">  Beispiel &#8211; 4 <\/span><\/a><\/div>\n<\/div>\r\n\r\n\r\n<\/div>\r\n\r\n\r\n<hr class=\"wp-block-separator has-alpha-channel-opacity\" \/>\r\n\r\n<!-- \/wp:post-content -->\r\n\r\n<!-- wp:table {\"align\":\"center\"} -->\r\n<figure class=\"wp-block-table aligncenter\">\r\n<table>\r\n<tbody>\r\n<tr>\r\n<td style=\"text-align: center;\">Vertrag Umschreiben Todesfall<\/td>\r\n<\/tr>\r\n<tr>\r\n<td style=\"text-align: center;\">PDF &#8211; WORD Datei<\/td>\r\n<\/tr>\r\n<tr>\r\n<td style=\"text-align: center;\">Bewertung: \u2b50\u2b50\u2b50\u2b50\u2b50 4.41<\/td>\r\n<\/tr>\r\n<tr>\r\n<td style=\"text-align: center;\">Ergebnisse &#8211; 6756<\/td>\r\n<\/tr>\r\n<\/tbody>\r\n<\/table>\r\n<\/figure>\r\n<!-- \/wp:table -->\r\n\r\n<!-- wp:separator -->\r\n\r\n<hr class=\"wp-block-separator has-alpha-channel-opacity\" \/>\r\n\r\n<!-- \/wp:separator -->\r\n\r\n<div class=\"su-note\"  style=\"border-color:#e5e5e5;border-radius:10px;-moz-border-radius:10px;-webkit-border-radius:10px;\"><div class=\"su-note-inner su-u-clearfix su-u-trim\" style=\"background-color:#FFFFFF;border-color:#ffffff;color:#333333;border-radius:10px;-moz-border-radius:10px;-webkit-border-radius:10px;\">\r\n\r\n<p>Ein Vertrag um den Todesfall zu regeln, ist ein wichtiger rechtlicher Dokument, um sicherzustellen, dass Ihre Angelegenheiten in einer Weise behandelt werden, die Ihren W\u00fcnschen entsprechen. In dieser Anleitung werden wir Ihnen Schritt f\u00fcr Schritt erkl\u00e4ren, wie Sie einen solchen Vertrag verfassen k\u00f6nnen. Wir werden Ihnen auch wichtige Tipps und Beispiele geben, um sicherzustellen, dass Ihr Vertrag alle erforderlichen Bestandteile enth\u00e4lt.<\/p>  <h3>Einf\u00fchrung<\/h3>  <p>Die Einleitung des Vertrages um den Todesfall sollte mit einer klaren und pr\u00e4zisen Erkl\u00e4rung beginnen, dass dies ein rechtsg\u00fcltiges Dokument ist, das Ihre W\u00fcnsche im Zusammenhang mit Ihrem Tod oder Unf\u00e4higkeit regelt. Sie sollten Ihren vollen Namen angeben und deutlich machen, dass Sie bei voller geistiger Gesundheit sind und den Vertrag freiwillig unterzeichnen.<\/p>  <p><strong>Beispiel:<\/strong><\/p>  <p>Ich, [Ihr vollst\u00e4ndiger Name], erkl\u00e4re hiermit, dass dieser Vertrag um meinen Todesfall von mir freiwillig und in voller geistiger Gesundheit unterzeichnet wurde.<\/p>  <h3>Hauptteil<\/h3>  <p>Der Hauptteil des Vertrages um den Todesfall sollte die verschiedenen Punkte enthalten, die Sie regeln m\u00f6chten. Es ist wichtig, dass Sie jeden Punkt klar und pr\u00e4zise formulieren und keine mehrdeutigen Aussagen verwenden.<\/p>  <h4>Verm\u00f6genswerte und Hinterlassenschaften<\/h4>  <p>In diesem Abschnitt sollten Sie angeben, wie Ihre Verm\u00f6genswerte und Hinterlassenschaften nach Ihrem Tod aufgeteilt werden sollen. Dies kann die Verteilung von Immobilien, Bargeld, Investitionen, Kunstgegenst\u00e4nden und anderen Verm\u00f6genswerten umfassen.<\/p>  <p><strong>Beispiel:<\/strong><\/p>  <p>Meine Immobilie, die sich in [Adresse] befindet, soll an [Name der Person] \u00fcbergehen. Meine Bargeldbest\u00e4nde sollen zu gleichen Teilen an meine Kinder aufgeteilt werden.<\/p>  <h4>Vormundschaft f\u00fcr Minderj\u00e4hrige Kinder<\/h4>  <p>Wenn Sie minderj\u00e4hrige Kinder haben, sollten Sie in diesem Abschnitt angeben, wer das Sorgerecht f\u00fcr Ihre Kinder \u00fcbernehmen soll, falls Sie sterben sollten.<\/p>  <p><strong>Beispiel:<\/strong><\/p>  <p>Falls beide Elternteile versterben, soll [Name der Person] das Sorgerecht f\u00fcr meine minderj\u00e4hrigen Kinder \u00fcbernehmen.<\/p>  <h4>Spenden und wohlt\u00e4tige Zwecke<\/h4>  <p>Wenn Sie bestimmte Geldbetr\u00e4ge oder Verm\u00f6genswerte f\u00fcr wohlt\u00e4tige Zwecke spenden m\u00f6chten, sollten Sie dies in diesem Abschnitt angeben.<\/p>  <p><strong>Beispiel:<\/strong><\/p>  <p>Ein Betrag von [Betrag] soll an [Name der Wohlt\u00e4tigkeitsorganisation] gespendet werden, um ihre Arbeit im Bereich [Bereich] zu unterst\u00fctzen.<\/p>  <h4>Bestattungsvorkehrungen<\/h4>  <p>In diesem Abschnitt sollten Sie Ihre W\u00fcnsche in Bezug auf Ihre Bestattung und Beerdigung festhalten. Dies kann die Wahl zwischen einer Beerdigung, Ein\u00e4scherung oder anderen Bestattungsarten umfassen.<\/p>  <p><strong>Beispiel:<\/strong><\/p>  <p>Ich w\u00fcnsche eine traditionelle Beerdigung mit anschlie\u00dfender Beisetzung auf dem Friedhof [Name des Friedhofs].<\/p>  <h3>Schluss<\/h3>  <p>Am Ende des Vertrages sollten Sie Ihren vollen Namen erneut angeben und das Dokument mit Datum und Unterschrift versehen. Es ist wichtig, dass Sie das Dokument von mindestens zwei Zeugen unterzeichnen lassen, um seine G\u00fcltigkeit zu gew\u00e4hrleisten.<\/p>  <p><strong>Beispiel:<\/strong><\/p>  <p>Ich, [Ihr vollst\u00e4ndiger Name], habe diesen Vertrag um meinen Todesfall am [Datum] vor Zeugen meiner Unterschrift unterzeichnet.<\/p>  <h3>Wichtige \u00dcberlegungen zur formalen Gestaltung<\/h3>  <p>Es ist wichtig, dass der Vertrag um den Todesfall klar und gut strukturiert ist. Verwenden Sie daher geeignete \u00dcberschriften und Abs\u00e4tze, um den Text \u00fcbersichtlich zu gestalten.<\/p>  <p>Achten Sie darauf, dass Sie wichtige Informationen fett oder fett und kursiv hervorheben, um sicherzustellen, dass sie leicht erkennbar sind.<\/p>  <p>Vermeiden Sie es, mehrdeutige oder vage Aussagen zu machen. Jeder Punkt sollte klar und eindeutig formuliert sein.<\/p>  <h3>Aufbau eines effektiven Vertrages<\/h3>  <p>Ein effektiver Vertrag um den Todesfall sollte folgende Merkmale aufweisen:<\/p>  <dl> <dt>Pr\u00e4zise Sprache<\/dt> <dd>Verwenden Sie klare und pr\u00e4zise Sprache, um sicherzustellen, dass Ihre Intentionen eindeutig verstanden werden.<\/dd>  <dt>Relevante Inhalte<\/dt> <dd>Behandeln Sie alle wichtigen Punkte, die im Zusammenhang mit Ihrem Todesfall geregelt werden m\u00fcssen.<\/dd>  <dt>Angemessene Formatierung<\/dt> <dd>Gestalten Sie den Vertrag \u00fcbersichtlich und gut strukturiert, um sicherzustellen, dass er leicht lesbar ist.<\/dd>  <dt>Zeugen<\/dt> <dd>Lassen Sie das Dokument von mindestens zwei Zeugen unterzeichnen, um seine G\u00fcltigkeit zu best\u00e4tigen.<\/dd> <\/dl>\r\n\r\n<\/div><\/div>\r\n\r\n<!-- wp:separator -->\r\n\r\n<hr class=\"wp-block-separator has-alpha-channel-opacity\" \/>","protected":false},"excerpt":{"rendered":"<p>Muster und Vorlage f\u00fcr Vertrag Umschreiben Todesfall &#8211; Erstellung und Ausf\u00fcllen &#8211; \u00d6ffnen im WORD und PDF Datei und Online &#8230; <\/p>\n<p class=\"read-more-container\"><a title=\"\u00d6ffnen &#8211; Vertrag Umschreiben Todesfall\" class=\"read-more button\" href=\"https:\/\/schreibenpro.com\/de\/vertrag-umschreiben-todesfall-offnen\/#more-577\" aria-label=\"Mehr zu \u00d6ffnen &#8211; Vertrag Umschreiben Todesfall\">\u00d6FFNEN <\/a><\/p>\n","protected":false},"author":1,"featured_media":0,"parent":0,"menu_order":0,"comment_status":"closed","ping_status":"closed","template":"","meta":{"footnotes":""},"class_list":{"0":"post-577","1":"page","2":"type-page","3":"status-publish","5":"infinite-scroll-item"},"yoast_head":"<!-- This site is optimized with the Yoast SEO plugin v24.6 - https:\/\/yoast.com\/wordpress\/plugins\/seo\/ -->\n<title>\u00d6ffnen - Vertrag Umschreiben Todesfall - Schreiben PRO<\/title>\n<meta name=\"robots\" content=\"noindex, follow\" \/>\n<meta property=\"og:locale\" content=\"de_DE\" \/>\n<meta property=\"og:type\" content=\"article\" \/>\n<meta property=\"og:title\" content=\"\u00d6ffnen - Vertrag Umschreiben Todesfall - Schreiben PRO\" \/>\n<meta property=\"og:description\" content=\"Muster und Vorlage f\u00fcr Vertrag Umschreiben Todesfall &#8211; Erstellung und Ausf\u00fcllen &#8211; \u00d6ffnen im WORD und PDF Datei und Online ... \u00d6FFNEN\" \/>\n<meta property=\"og:url\" content=\"https:\/\/schreibenpro.com\/de\/vertrag-umschreiben-todesfall-offnen\/\" \/>\n<meta property=\"og:site_name\" content=\"Schreiben PRO\" \/>\n<meta property=\"og:image\" content=\"https:\/\/schreibenpro.com\/de\/wp-content\/uploads\/vertrag-umschreiben-todesfall-muster-vorlage.jpg\" \/>\n<meta name=\"twitter:card\" content=\"summary_large_image\" \/>\n<meta name=\"twitter:label1\" content=\"Gesch\u00e4tzte Lesezeit\" \/>\n\t<meta name=\"twitter:data1\" content=\"1\u00a0Minute\" \/>\n<!-- \/ Yoast SEO plugin. -->","yoast_head_json":{"title":"\u00d6ffnen - Vertrag Umschreiben Todesfall - Schreiben PRO","robots":{"index":"noindex","follow":"follow"},"og_locale":"de_DE","og_type":"article","og_title":"\u00d6ffnen - Vertrag Umschreiben Todesfall - Schreiben PRO","og_description":"Muster und Vorlage f\u00fcr Vertrag Umschreiben Todesfall &#8211; Erstellung und Ausf\u00fcllen &#8211; \u00d6ffnen im WORD und PDF Datei und Online ... \u00d6FFNEN","og_url":"https:\/\/schreibenpro.com\/de\/vertrag-umschreiben-todesfall-offnen\/","og_site_name":"Schreiben PRO","og_image":[{"url":"https:\/\/schreibenpro.com\/de\/wp-content\/uploads\/vertrag-umschreiben-todesfall-muster-vorlage.jpg","type":"","width":"","height":""}],"twitter_card":"summary_large_image","twitter_misc":{"Gesch\u00e4tzte Lesezeit":"1\u00a0Minute"},"schema":{"@context":"https:\/\/schema.org","@graph":[{"@type":"WebPage","@id":"https:\/\/schreibenpro.com\/de\/vertrag-umschreiben-todesfall-offnen\/","url":"https:\/\/schreibenpro.com\/de\/vertrag-umschreiben-todesfall-offnen\/","name":"\u00d6ffnen - Vertrag Umschreiben Todesfall - Schreiben PRO","isPartOf":{"@id":"https:\/\/schreibenpro.com\/de\/#website"},"primaryImageOfPage":{"@id":"https:\/\/schreibenpro.com\/de\/vertrag-umschreiben-todesfall-offnen\/#primaryimage"},"image":{"@id":"https:\/\/schreibenpro.com\/de\/vertrag-umschreiben-todesfall-offnen\/#primaryimage"},"thumbnailUrl":"https:\/\/schreibenpro.com\/de\/wp-content\/uploads\/vertrag-umschreiben-todesfall-muster-vorlage.jpg","datePublished":"2023-12-18T08:24:43+00:00","breadcrumb":{"@id":"https:\/\/schreibenpro.com\/de\/vertrag-umschreiben-todesfall-offnen\/#breadcrumb"},"inLanguage":"de","potentialAction":[{"@type":"ReadAction","target":["https:\/\/schreibenpro.com\/de\/vertrag-umschreiben-todesfall-offnen\/"]}]},{"@type":"ImageObject","inLanguage":"de","@id":"https:\/\/schreibenpro.com\/de\/vertrag-umschreiben-todesfall-offnen\/#primaryimage","url":"https:\/\/schreibenpro.com\/de\/wp-content\/uploads\/anschreiben-zum-angebot-muster-vorlage.jpg","contentUrl":"https:\/\/schreibenpro.com\/de\/wp-content\/uploads\/anschreiben-zum-angebot-muster-vorlage.jpg","width":1410,"height":2250},{"@type":"BreadcrumbList","@id":"https:\/\/schreibenpro.com\/de\/vertrag-umschreiben-todesfall-offnen\/#breadcrumb","itemListElement":[{"@type":"ListItem","position":1,"name":"Portada","item":"https:\/\/schreibenpro.com\/de\/"},{"@type":"ListItem","position":2,"name":"\u00d6ffnen &#8211; Vertrag Umschreiben Todesfall"}]},{"@type":"WebSite","@id":"https:\/\/schreibenpro.com\/de\/#website","url":"https:\/\/schreibenpro.com\/de\/","name":"Schreiben PRO","description":"Muster und Vorlage","publisher":{"@id":"https:\/\/schreibenpro.com\/de\/#organization"},"potentialAction":[{"@type":"SearchAction","target":{"@type":"EntryPoint","urlTemplate":"https:\/\/schreibenpro.com\/de\/?s={search_term_string}"},"query-input":{"@type":"PropertyValueSpecification","valueRequired":true,"valueName":"search_term_string"}}],"inLanguage":"de"},{"@type":"Organization","@id":"https:\/\/schreibenpro.com\/de\/#organization","name":"Schreiben PRO","url":"https:\/\/schreibenpro.com\/de\/","logo":{"@type":"ImageObject","inLanguage":"de","@id":"https:\/\/schreibenpro.com\/de\/#\/schema\/logo\/image\/","url":"https:\/\/schreibenpro.com\/de\/wp-content\/uploads\/cropped-fav.png","contentUrl":"https:\/\/schreibenpro.com\/de\/wp-content\/uploads\/cropped-fav.png","width":512,"height":512,"caption":"Schreiben PRO"},"image":{"@id":"https:\/\/schreibenpro.com\/de\/#\/schema\/logo\/image\/"}}]}},"_links":{"self":[{"href":"https:\/\/schreibenpro.com\/de\/wp-json\/wp\/v2\/pages\/577","targetHints":{"allow":["GET"]}}],"collection":[{"href":"https:\/\/schreibenpro.com\/de\/wp-json\/wp\/v2\/pages"}],"about":[{"href":"https:\/\/schreibenpro.com\/de\/wp-json\/wp\/v2\/types\/page"}],"author":[{"embeddable":true,"href":"https:\/\/schreibenpro.com\/de\/wp-json\/wp\/v2\/users\/1"}],"replies":[{"embeddable":true,"href":"https:\/\/schreibenpro.com\/de\/wp-json\/wp\/v2\/comments?post=577"}],"version-history":[{"count":0,"href":"https:\/\/schreibenpro.com\/de\/wp-json\/wp\/v2\/pages\/577\/revisions"}],"wp:attachment":[{"href":"https:\/\/schreibenpro.com\/de\/wp-json\/wp\/v2\/media?parent=577"}],"curies":[{"name":"wp","href":"https:\/\/api.w.org\/{rel}","templated":true}]}}