{"id":580,"date":"2023-12-18T08:24:44","date_gmt":"2023-12-18T08:24:44","guid":{"rendered":"https:\/\/schreibenpro.com\/de\/kundigungsschreiben-kundigung-mit-resturlaub-offnen\/"},"modified":"2023-12-18T08:24:44","modified_gmt":"2023-12-18T08:24:44","slug":"kundigungsschreiben-kundigung-mit-resturlaub-offnen","status":"publish","type":"page","link":"https:\/\/schreibenpro.com\/de\/kundigungsschreiben-kundigung-mit-resturlaub-offnen\/","title":{"rendered":"\u00d6ffnen &#8211; K\u00fcndigungsschreiben K\u00fcndigung Mit Resturlaub"},"content":{"rendered":"\r\n<p class=\"has-text-align-center\">Muster und Vorlage f\u00fcr <strong> K\u00fcndigungsschreiben K\u00fcndigung Mit Resturlaub<\/strong> &#8211; Erstellung und Ausf\u00fcllen &#8211; \u00d6ffnen im <strong>WORD PDF<\/strong> Datei und Online<\/p>\r\n\r\n\r\n\r\n\r\n<div class=\"wp-block-image\">\r\n<figure class=\"aligncenter size-large is-resized\"><img loading=\"lazy\" decoding=\"async\" class=\"wp-image-215\" src=\"https:\/\/schreibenpro.com\/de\/wp-content\/uploads\/kundigungsschreiben-kundigung-mit-resturlaub-muster-vorlage.jpg\" alt=\"\" width=\"245\" height=\"391\" \/><\/figure>\r\n<\/div>\r\n\r\n\r\n\r\n<hr class=\"wp-block-separator has-alpha-channel-opacity\" \/>\r\n\r\n\r\n\r\n\r\n\r\n<div class=\"su-note\"  style=\"border-color:#e5e5e5;border-radius:10px;-moz-border-radius:10px;-webkit-border-radius:10px;\"><div class=\"su-note-inner su-u-clearfix su-u-trim\" style=\"background-color:#FFFFFF;border-color:#ffffff;color:#333333;border-radius:10px;-moz-border-radius:10px;-webkit-border-radius:10px;\">\r\n\r\n<section id=\"specialParagraph\"><p><strong>Ihre Firma<\/strong><\/p> <p><strong>Anschrift der Firma<\/strong><\/p> <p><strong>PLZ Ort<\/strong><\/p> <p><strong>Ihr Name<\/strong><\/p> <p><strong>Ihre Adresse<\/strong><\/p> <p><strong>PLZ Ort<\/strong><\/p> <p><strong>Datum<\/strong><\/p>  <p><strong>Betreff: K\u00fcndigung meines Arbeitsverh\u00e4ltnisses mit Resturlaub<\/strong><\/p>  <p>Sehr geehrte Damen und Herren,<\/p>  <p>hiermit k\u00fcndige ich mein Arbeitsverh\u00e4ltnis bei <strong>Ihre Firma<\/strong> fristgerecht zum n\u00e4chstm\u00f6glichen Termin. Ich bitte Sie, diese K\u00fcndigung zum [Datum] zu best\u00e4tigen oder mir den endg\u00fcltigen K\u00fcndigungstermin mitzuteilen.<\/p>  <p><strong>Grund f\u00fcr die K\u00fcndigung:<\/strong><\/p> <dl> <dt>1. Zeitpunkt der K\u00fcndigung:<\/dt> <dd>Ich habe mich dazu entschlossen, mein Arbeitsverh\u00e4ltnis zu k\u00fcndigen, da ich mich beruflich neu orientieren m\u00f6chte und eine neue Herausforderung suche.<\/dd> <dt>2. Resturlaub:<\/dt> <dd>Ich m\u00f6chte Sie auch darauf hinweisen, dass ich zum Zeitpunkt der K\u00fcndigung noch einen Resturlaubsanspruch von [Anzahl] Tagen habe. Bitte teilen Sie mir mit, wie mit diesem Resturlaub verfahren wird.<\/dd> <dt>3. \u00dcbergabe meiner Aufgaben:<\/dt> <dd>Um einen reibungslosen \u00dcbergang zu gew\u00e4hrleisten, stehe ich selbstverst\u00e4ndlich zur Verf\u00fcgung, um meine Aufgaben an einen Nachfolger oder eine Nachfolgerin zu \u00fcbergeben und bei der Einarbeitung zu unterst\u00fctzen.<\/dd> <\/dl>  <p><strong>Formalit\u00e4ten:<\/strong><\/p> <p>Ich werde meine Arbeitspapiere, Firmenunterlagen und sonstiges Eigentum von <strong>Ihre Firma<\/strong> rechtzeitig vor meinem Ausscheiden zur\u00fcckgeben.<\/p>  <p><strong>Arbeitszeugnis:<\/strong><\/p> <p>Ich bitte Sie au\u00dferdem, mir ein qualifiziertes Arbeitszeugnis auszustellen. Im Idealfall w\u00fcrde ich mich \u00fcber eine positive Beurteilung meiner beruflichen Leistungen freuen.<\/p>  <p>Ich bedanke mich f\u00fcr die zusammenarbeit und die Erfahrungen, die ich w\u00e4hrend meiner Zeit bei <strong>Ihre Firma<\/strong> sammeln durfte. Ich schaue auf eine wertvolle und lehrreiche Zeit zur\u00fcck.<\/p>  <p>Bitte best\u00e4tigen Sie den Erhalt dieser K\u00fcndigung und das Datum meines Ausscheidens schriftlich.<\/p>  <p>Mit freundlichen Gr\u00fc\u00dfen,<\/p>  <p>Ihr Name<\/p><\/section><\/div><\/div>\r\n\r\n&nbsp;\r\n\r\n\r\n\r\n\r\n\r\n\r\n<p class=\"has-text-align-center\">Vorlage und Muster f\u00fcr <strong> K\u00fcndigungsschreiben K\u00fcndigung Mit Resturlaub <\/strong> zur Erstellung und Anpassung im <strong>WORD<\/strong>\u2013 und <strong>PDF-Format<\/strong><\/p>\r\n\r\n\r\n<button id=\"generatePDF\">Erstellen (PDF &#8211; WORD)<\/button>\r\n\r\n\r\n\r\n<hr class=\"wp-block-separator has-alpha-channel-opacity\" \/>\r\n\r\n\r\n\r\n<p style=\"text-align: center;\"><strong>K\u00fcndigungsschreiben K\u00fcndigung Mit Resturlaub<\/strong><\/p>\r\n\r\n<div class=\"wp-block-columns is-layout-flex wp-container-core-columns-is-layout-9d6595d7 wp-block-columns-is-layout-flex\">\r\n\r\n\r\n<div class=\"wp-block-column is-layout-flow wp-block-column-is-layout-flow\"><div class=\"su-button-center\"><a href=\"https:\/\/www.anwaltssuche.de\/aws\/formular\/muster-kuendigungsschreiben-arbeitgeber.pdf\" class=\"su-button su-button-style-flat\" style=\"color:#FFFFFF;background-color:#144bb6;border-color:#103c92;border-radius:1px\" target=\"_self\"><span style=\"color:#FFFFFF;padding:0px 24px;font-size:18px;line-height:36px;border-color:#5b81cc;border-radius:1px;text-shadow:none\">   PDF <\/span><\/a><\/div>\n<\/div>\r\n\r\n\r\n\r\n<div class=\"wp-block-column is-layout-flow wp-block-column-is-layout-flow\"><div class=\"su-button-center\"><a href=\"https:\/\/karrierebibel.de\/wp-content\/uploads\/2018\/08\/Musterkuendigung-Kuendigungsschreiben-Vorlage-Arbeitnehmer.docx\" class=\"su-button su-button-style-flat\" style=\"color:#FFFFFF;background-color:#144bb6;border-color:#103c92;border-radius:1px\" target=\"_self\"><span style=\"color:#FFFFFF;padding:0px 24px;font-size:18px;line-height:36px;border-color:#5b81cc;border-radius:1px;text-shadow:none\">   DOC<\/span><\/a><\/div>\n<\/div>\r\n\r\n\r\n<\/div>\r\n\r\n\r\n\r\n<p style=\"text-align: center;\"><strong>Beispiele<\/strong><\/p>\r\n\r\n<div class=\"wp-block-columns is-layout-flex wp-container-core-columns-is-layout-9d6595d7 wp-block-columns-is-layout-flex\">\r\n\r\n\r\n<div class=\"wp-block-column is-layout-flow wp-block-column-is-layout-flow\"><div class=\"su-button-center\"><a href=\"https:\/\/www.verbraucherzentrale-niedersachsen.de\/sites\/default\/files\/medien\/140\/dokumente\/r-f-1-fitnessvertrag-ausserordentliche-kuendigung.pdf\" class=\"su-button su-button-style-flat\" style=\"color:#FFFFFF;background-color:#144bb6;border-color:#103c92;border-radius:1px\" target=\"_self\"><span style=\"color:#FFFFFF;padding:0px 24px;font-size:18px;line-height:36px;border-color:#5b81cc;border-radius:1px;text-shadow:none\">  Beispiel &#8211; 1 <\/span><\/a><\/div>\n<\/div>\r\n\r\n\r\n\r\n<div class=\"wp-block-column is-layout-flow wp-block-column-is-layout-flow\"><div class=\"su-button-center\"><a href=\"https:\/\/www.hwk-rhein-main.de\/adbimage\/16345\/asset-original\/\/kuendigung-ausserordentliche-kuendigung.pdf\" class=\"su-button su-button-style-flat\" style=\"color:#FFFFFF;background-color:#144bb6;border-color:#103c92;border-radius:1px\" target=\"_self\"><span style=\"color:#FFFFFF;padding:0px 24px;font-size:18px;line-height:36px;border-color:#5b81cc;border-radius:1px;text-shadow:none\">  Beispiel &#8211; 2 <\/span><\/a><\/div>\n<\/div>\r\n\r\n\r\n<\/div>\r\n\r\n\r\n<hr class=\"wp-block-separator has-alpha-channel-opacity\" \/>\r\n\r\n\r\n\r\n<div class=\"wp-block-columns is-layout-flex wp-container-core-columns-is-layout-9d6595d7 wp-block-columns-is-layout-flex\">\r\n\r\n\r\n<div class=\"wp-block-column is-layout-flow wp-block-column-is-layout-flow\"><div class=\"su-button-center\"><a href=\"https:\/\/www.rueden.de\/wp-content\/uploads\/2021\/10\/kuendigungsschreiben-kuendigung-Arbeitnehmer-lang.pdf\" class=\"su-button su-button-style-flat\" style=\"color:#FFFFFF;background-color:#144bb6;border-color:#103c92;border-radius:1px\" target=\"_self\"><span style=\"color:#FFFFFF;padding:0px 24px;font-size:18px;line-height:36px;border-color:#5b81cc;border-radius:1px;text-shadow:none\">  Beispiel &#8211; 3 <\/span><\/a><\/div>\n<\/div>\r\n\r\n\r\n\r\n<div class=\"wp-block-column is-layout-flow wp-block-column-is-layout-flow\"><div class=\"su-button-center\"><a href=\"https:\/\/www.anwaltssuche.de\/aws\/formular\/muster-kuendigungsschreiben-arbeitgeber.pdf\" class=\"su-button su-button-style-flat\" style=\"color:#FFFFFF;background-color:#144bb6;border-color:#103c92;border-radius:1px\" target=\"_self\"><span style=\"color:#FFFFFF;padding:0px 24px;font-size:18px;line-height:36px;border-color:#5b81cc;border-radius:1px;text-shadow:none\">  Beispiel &#8211; 4 <\/span><\/a><\/div>\n<\/div>\r\n\r\n\r\n<\/div>\r\n\r\n\r\n<hr class=\"wp-block-separator has-alpha-channel-opacity\" \/>\r\n\r\n<!-- \/wp:post-content -->\r\n\r\n<!-- wp:table {\"align\":\"center\"} -->\r\n<figure class=\"wp-block-table aligncenter\">\r\n<table>\r\n<tbody>\r\n<tr>\r\n<td style=\"text-align: center;\">K\u00fcndigungsschreiben K\u00fcndigung Mit Resturlaub<\/td>\r\n<\/tr>\r\n<tr>\r\n<td style=\"text-align: center;\">PDF &#8211; WORD Datei<\/td>\r\n<\/tr>\r\n<tr>\r\n<td style=\"text-align: center;\">Bewertung: \u2b50\u2b50\u2b50\u2b50\u2b50 4.65<\/td>\r\n<\/tr>\r\n<tr>\r\n<td style=\"text-align: center;\">Ergebnisse &#8211; 6734<\/td>\r\n<\/tr>\r\n<\/tbody>\r\n<\/table>\r\n<\/figure>\r\n<!-- \/wp:table -->\r\n\r\n<!-- wp:separator -->\r\n\r\n<hr class=\"wp-block-separator has-alpha-channel-opacity\" \/>\r\n\r\n<!-- \/wp:separator -->\r\n\r\n<div class=\"su-note\"  style=\"border-color:#e5e5e5;border-radius:10px;-moz-border-radius:10px;-webkit-border-radius:10px;\"><div class=\"su-note-inner su-u-clearfix su-u-trim\" style=\"background-color:#FFFFFF;border-color:#ffffff;color:#333333;border-radius:10px;-moz-border-radius:10px;-webkit-border-radius:10px;\">\r\n\r\n<h3>Einf\u00fchrung<\/h3> <p>Ein K\u00fcndigungsschreiben ist ein wichtiges Dokument, das den Arbeitnehmer dazu bef\u00e4higt, seine berufliche T\u00e4tigkeit zu beenden und einen reibungslosen \u00dcbergang zu gew\u00e4hrleisten. Wenn Sie Resturlaub haben, m\u00fcssen Sie dies in Ihrem K\u00fcndigungsschreiben ber\u00fccksichtigen und angeben, wie Sie mit diesem umgehen m\u00f6chten.<\/p>  <h3>1. Einleitung<\/h3> <p>Der erste Abschnitt Ihres K\u00fcndigungsschreibens sollte eine klare und deutliche Aussage \u00fcber Ihren Entschluss, das Unternehmen zu verlassen, enthalten. Verwenden Sie einen formellen Ton und vermeiden Sie Emotionen oder negative Ausdr\u00fccke. Nennen Sie das genaue Datum und geben Sie Ihre Personalnummer und Position an, um Ihre Identifikation sicherzustellen.<\/p> <code> Beispiel: <p>Sehr geehrter Herr\/Frau [Vorname Nachname],<\/p> <p>mit diesem Schreiben m\u00f6chte ich meinen Arbeitsvertrag mit [Unternehmensname] zum [Datum] k\u00fcndigen. Als [Ihre Position] betr\u00e4gt meine Personalnummer [Personalnummer].<\/p> <\/code>  <h3>2. Hauptteil<\/h3> <p>Im Hauptteil Ihres Briefes sollten Sie Ihre Entscheidung begr\u00fcnden und erl\u00e4utern. Sie k\u00f6nnen auf die Gr\u00fcnde f\u00fcr Ihre K\u00fcndigung eingehen, jedoch ist es wichtig, dabei sachlich zu bleiben und keine negativen oder beleidigenden Bemerkungen zu machen. Geben Sie klare und pr\u00e4zise Informationen \u00fcber Ihren Resturlaub und wie Sie damit umgehen m\u00f6chten.<\/p> <code> Beispiel: <p>Ich habe diese Entscheidung nach sorgf\u00e4ltiger \u00dcberlegung getroffen und denke, dass es f\u00fcr meine berufliche Weiterentwicklung und pers\u00f6nliche Ziele an der Zeit ist, eine neue Herausforderung anzunehmen. Die Zusammenarbeit mit dem gesamten Team hat mir immer viel Freude bereitet und ich bin dankbar f\u00fcr die Erfahrungen, die ich hier sammeln durfte.<\/p>  <p>Ich habe noch [Anzahl der Resturlaubstage] Tage Resturlaub. Ich schlage vor, diesen Resturlaub bis zum Ende meines Arbeitsvertrages zu nehmen. Ich stehe Ihnen jedoch auch offen gegen\u00fcber, alternative Regelungen zu treffen, um den Resturlaub abzugelten oder zu \u00fcbertragen.<\/p> <\/code>  <h3>3. Schluss<\/h3> <p>Ihr Schreiben sollte mit einem positiven und respektvollen Schlusssatz enden. Sagen Sie Danke f\u00fcr die M\u00f6glichkeit, in dem Unternehmen zu arbeiten und dr\u00fccken Sie Ihre Bereitschaft aus, w\u00e4hrend der verbleibenden Zeit Ihren Beitrag zu leisten. Geben Sie auch Ihren letzten Arbeitstag an und bitten Sie um eine schriftliche Best\u00e4tigung Ihres K\u00fcndigungsschreibens.<\/p> <code> Beispiel: <p>Nochmals vielen Dank f\u00fcr die Chance, Teil des Teams von [Unternehmensname] zu sein. Ich werde mein Bestes tun, um w\u00e4hrend meiner verbleibenden Zeit einen reibungslosen \u00dcbergang zu gew\u00e4hrleisten. Mein letzter Arbeitstag wird der [Datum] sein.<\/p>  <p>Ich bitte Sie h\u00f6flich, mir eine schriftliche Best\u00e4tigung meines K\u00fcndigungsschreibens zukommen zu lassen, um formelle Angelegenheiten zu kl\u00e4ren.<\/p>  <p>Mit freundlichen Gr\u00fc\u00dfen,<\/p> [Ihr vollst\u00e4ndiger Name] <\/code>  <h3>4. Formale Gestaltung<\/h3> <p>Ein K\u00fcndigungsschreiben sollte einen professionellen Stil haben und auf Papier gedruckt oder als E-Mail versendet werden. Verwenden Sie eine klare und gut lesbare Schriftart, wie beispielsweise Arial oder Times New Roman, in angemessener Schriftgr\u00f6\u00dfe (12pt). F\u00fcgen Sie Ihren Namen und Ihre Adresse oben rechts hinzu und das Datum rechts darunter. Platzieren Sie den Empf\u00e4ngernamen, die Position und die Adresse linkb\u00fcndig darunter.<\/p>  <h3>5. Aufbau eines effektiven Briefes<\/h3> <p>Ein effektiver Brief sollte klar strukturiert sein und die wichtigsten Informationen pr\u00e4zise darstellen. Verwenden Sie Abs\u00e4tze, um verschiedene Abschnitte zu kennzeichnen und beachten Sie die korrekte Verwendung von Abs\u00e4tzen, um den Text \u00fcbersichtlich und leicht verst\u00e4ndlich zu gestalten.<\/p>  <p>Vermeiden Sie zu komplexe S\u00e4tze und verwenden Sie klare und einfache Formulierungen. \u00dcberpr\u00fcfen Sie Ihre Rechtschreibung und Grammatik sorgf\u00e4ltig, um Fehler zu vermeiden. Lesen Sie den Brief mehrmals, um sicherzustellen, dass er logisch aufgebaut ist und den gew\u00fcnschten Zweck erf\u00fcllt.<\/p>  <h3>6. <\/h3> <p>Das Verfassen eines K\u00fcndigungsschreibens mit Resturlaub erfordert Sorgfalt und eine klare Strukturierung. Verfolgen Sie eine formale und professionelle Herangehensweise und ber\u00fccksichtigen Sie die oben genannten Tipps und Beispiele, um ein effektives K\u00fcndigungsschreiben zu erstellen. Denken Sie daran, dass ein gut geschriebenes K\u00fcndigungsschreiben dazu beitr\u00e4gt, den \u00dcbergang reibungslos zu gestalten und einen guten Eindruck bei Ihrem Arbeitgeber zu hinterlassen.<\/p>\r\n\r\n<\/div><\/div>\r\n\r\n<!-- wp:separator -->\r\n\r\n<hr class=\"wp-block-separator has-alpha-channel-opacity\" \/>","protected":false},"excerpt":{"rendered":"<p>Muster und Vorlage f\u00fcr K\u00fcndigungsschreiben K\u00fcndigung Mit Resturlaub &#8211; Erstellung und Ausf\u00fcllen &#8211; \u00d6ffnen im WORD PDF Datei und Online &#8230; <\/p>\n<p class=\"read-more-container\"><a title=\"\u00d6ffnen &#8211; K\u00fcndigungsschreiben K\u00fcndigung Mit Resturlaub\" class=\"read-more button\" href=\"https:\/\/schreibenpro.com\/de\/kundigungsschreiben-kundigung-mit-resturlaub-offnen\/#more-580\" aria-label=\"Mehr zu \u00d6ffnen &#8211; K\u00fcndigungsschreiben K\u00fcndigung Mit Resturlaub\">\u00d6FFNEN <\/a><\/p>\n","protected":false},"author":1,"featured_media":0,"parent":0,"menu_order":0,"comment_status":"closed","ping_status":"closed","template":"","meta":{"footnotes":""},"class_list":{"0":"post-580","1":"page","2":"type-page","3":"status-publish","5":"infinite-scroll-item"},"yoast_head":"<!-- This site is optimized with the Yoast SEO plugin v24.6 - https:\/\/yoast.com\/wordpress\/plugins\/seo\/ -->\n<title>\u00d6ffnen - K\u00fcndigungsschreiben K\u00fcndigung Mit Resturlaub - Schreiben PRO<\/title>\n<meta name=\"robots\" content=\"noindex, follow\" \/>\n<meta property=\"og:locale\" content=\"de_DE\" \/>\n<meta property=\"og:type\" content=\"article\" \/>\n<meta property=\"og:title\" content=\"\u00d6ffnen - K\u00fcndigungsschreiben K\u00fcndigung Mit Resturlaub - Schreiben PRO\" \/>\n<meta property=\"og:description\" content=\"Muster und Vorlage f\u00fcr K\u00fcndigungsschreiben K\u00fcndigung Mit Resturlaub &#8211; Erstellung und Ausf\u00fcllen &#8211; \u00d6ffnen im WORD PDF Datei und Online ... \u00d6FFNEN\" \/>\n<meta property=\"og:url\" content=\"https:\/\/schreibenpro.com\/de\/kundigungsschreiben-kundigung-mit-resturlaub-offnen\/\" \/>\n<meta property=\"og:site_name\" content=\"Schreiben PRO\" \/>\n<meta property=\"og:image\" content=\"https:\/\/schreibenpro.com\/de\/wp-content\/uploads\/kundigungsschreiben-kundigung-mit-resturlaub-muster-vorlage.jpg\" \/>\n<meta name=\"twitter:card\" content=\"summary_large_image\" \/>\n<meta name=\"twitter:label1\" content=\"Gesch\u00e4tzte Lesezeit\" \/>\n\t<meta name=\"twitter:data1\" content=\"1\u00a0Minute\" \/>\n<!-- \/ Yoast SEO plugin. -->","yoast_head_json":{"title":"\u00d6ffnen - K\u00fcndigungsschreiben K\u00fcndigung Mit Resturlaub - Schreiben PRO","robots":{"index":"noindex","follow":"follow"},"og_locale":"de_DE","og_type":"article","og_title":"\u00d6ffnen - K\u00fcndigungsschreiben K\u00fcndigung Mit Resturlaub - Schreiben PRO","og_description":"Muster und Vorlage f\u00fcr K\u00fcndigungsschreiben K\u00fcndigung Mit Resturlaub &#8211; Erstellung und Ausf\u00fcllen &#8211; \u00d6ffnen im WORD PDF Datei und Online ... \u00d6FFNEN","og_url":"https:\/\/schreibenpro.com\/de\/kundigungsschreiben-kundigung-mit-resturlaub-offnen\/","og_site_name":"Schreiben PRO","og_image":[{"url":"https:\/\/schreibenpro.com\/de\/wp-content\/uploads\/kundigungsschreiben-kundigung-mit-resturlaub-muster-vorlage.jpg","type":"","width":"","height":""}],"twitter_card":"summary_large_image","twitter_misc":{"Gesch\u00e4tzte Lesezeit":"1\u00a0Minute"},"schema":{"@context":"https:\/\/schema.org","@graph":[{"@type":"WebPage","@id":"https:\/\/schreibenpro.com\/de\/kundigungsschreiben-kundigung-mit-resturlaub-offnen\/","url":"https:\/\/schreibenpro.com\/de\/kundigungsschreiben-kundigung-mit-resturlaub-offnen\/","name":"\u00d6ffnen - K\u00fcndigungsschreiben K\u00fcndigung Mit Resturlaub - Schreiben PRO","isPartOf":{"@id":"https:\/\/schreibenpro.com\/de\/#website"},"primaryImageOfPage":{"@id":"https:\/\/schreibenpro.com\/de\/kundigungsschreiben-kundigung-mit-resturlaub-offnen\/#primaryimage"},"image":{"@id":"https:\/\/schreibenpro.com\/de\/kundigungsschreiben-kundigung-mit-resturlaub-offnen\/#primaryimage"},"thumbnailUrl":"https:\/\/schreibenpro.com\/de\/wp-content\/uploads\/kundigungsschreiben-kundigung-mit-resturlaub-muster-vorlage.jpg","datePublished":"2023-12-18T08:24:44+00:00","breadcrumb":{"@id":"https:\/\/schreibenpro.com\/de\/kundigungsschreiben-kundigung-mit-resturlaub-offnen\/#breadcrumb"},"inLanguage":"de","potentialAction":[{"@type":"ReadAction","target":["https:\/\/schreibenpro.com\/de\/kundigungsschreiben-kundigung-mit-resturlaub-offnen\/"]}]},{"@type":"ImageObject","inLanguage":"de","@id":"https:\/\/schreibenpro.com\/de\/kundigungsschreiben-kundigung-mit-resturlaub-offnen\/#primaryimage","url":"https:\/\/schreibenpro.com\/de\/wp-content\/uploads\/anschreiben-zum-angebot-muster-vorlage.jpg","contentUrl":"https:\/\/schreibenpro.com\/de\/wp-content\/uploads\/anschreiben-zum-angebot-muster-vorlage.jpg","width":1410,"height":2250},{"@type":"BreadcrumbList","@id":"https:\/\/schreibenpro.com\/de\/kundigungsschreiben-kundigung-mit-resturlaub-offnen\/#breadcrumb","itemListElement":[{"@type":"ListItem","position":1,"name":"Portada","item":"https:\/\/schreibenpro.com\/de\/"},{"@type":"ListItem","position":2,"name":"\u00d6ffnen &#8211; K\u00fcndigungsschreiben K\u00fcndigung Mit Resturlaub"}]},{"@type":"WebSite","@id":"https:\/\/schreibenpro.com\/de\/#website","url":"https:\/\/schreibenpro.com\/de\/","name":"Schreiben PRO","description":"Muster und Vorlage","publisher":{"@id":"https:\/\/schreibenpro.com\/de\/#organization"},"potentialAction":[{"@type":"SearchAction","target":{"@type":"EntryPoint","urlTemplate":"https:\/\/schreibenpro.com\/de\/?s={search_term_string}"},"query-input":{"@type":"PropertyValueSpecification","valueRequired":true,"valueName":"search_term_string"}}],"inLanguage":"de"},{"@type":"Organization","@id":"https:\/\/schreibenpro.com\/de\/#organization","name":"Schreiben PRO","url":"https:\/\/schreibenpro.com\/de\/","logo":{"@type":"ImageObject","inLanguage":"de","@id":"https:\/\/schreibenpro.com\/de\/#\/schema\/logo\/image\/","url":"https:\/\/schreibenpro.com\/de\/wp-content\/uploads\/cropped-fav.png","contentUrl":"https:\/\/schreibenpro.com\/de\/wp-content\/uploads\/cropped-fav.png","width":512,"height":512,"caption":"Schreiben PRO"},"image":{"@id":"https:\/\/schreibenpro.com\/de\/#\/schema\/logo\/image\/"}}]}},"_links":{"self":[{"href":"https:\/\/schreibenpro.com\/de\/wp-json\/wp\/v2\/pages\/580","targetHints":{"allow":["GET"]}}],"collection":[{"href":"https:\/\/schreibenpro.com\/de\/wp-json\/wp\/v2\/pages"}],"about":[{"href":"https:\/\/schreibenpro.com\/de\/wp-json\/wp\/v2\/types\/page"}],"author":[{"embeddable":true,"href":"https:\/\/schreibenpro.com\/de\/wp-json\/wp\/v2\/users\/1"}],"replies":[{"embeddable":true,"href":"https:\/\/schreibenpro.com\/de\/wp-json\/wp\/v2\/comments?post=580"}],"version-history":[{"count":0,"href":"https:\/\/schreibenpro.com\/de\/wp-json\/wp\/v2\/pages\/580\/revisions"}],"wp:attachment":[{"href":"https:\/\/schreibenpro.com\/de\/wp-json\/wp\/v2\/media?parent=580"}],"curies":[{"name":"wp","href":"https:\/\/api.w.org\/{rel}","templated":true}]}}