{"id":581,"date":"2023-12-18T08:24:45","date_gmt":"2023-12-18T08:24:45","guid":{"rendered":"https:\/\/schreibenpro.com\/de\/bewerbungsschreiben-zoll-mittlerer-dienst-offnen\/"},"modified":"2023-12-18T08:24:45","modified_gmt":"2023-12-18T08:24:45","slug":"bewerbungsschreiben-zoll-mittlerer-dienst-offnen","status":"publish","type":"page","link":"https:\/\/schreibenpro.com\/de\/bewerbungsschreiben-zoll-mittlerer-dienst-offnen\/","title":{"rendered":"\u00d6ffnen &#8211; Bewerbungsschreiben Zoll Mittlerer Dienst"},"content":{"rendered":"\r\n<p class=\"has-text-align-center\">Muster und Vorlage f\u00fcr <strong> Bewerbungsschreiben Zoll Mittlerer Dienst<\/strong> &#8211; Erstellung und Ausf\u00fcllen &#8211; \u00d6ffnen im <strong>WORD  PDF<\/strong> Datei und Online<\/p>\r\n\r\n\r\n\r\n\r\n<div class=\"wp-block-image\">\r\n<figure class=\"aligncenter size-large is-resized\"><img loading=\"lazy\" decoding=\"async\" class=\"wp-image-215\" src=\"https:\/\/schreibenpro.com\/de\/wp-content\/uploads\/bewerbungsschreiben-zoll-mittlerer-dienst-muster-vorlage.jpg\" alt=\"\" width=\"245\" height=\"391\" \/><\/figure>\r\n<\/div>\r\n\r\n\r\n\r\n<hr class=\"wp-block-separator has-alpha-channel-opacity\" \/>\r\n\r\n\r\n\r\n\r\n\r\n<div class=\"su-note\"  style=\"border-color:#e5e5e5;border-radius:10px;-moz-border-radius:10px;-webkit-border-radius:10px;\"><div class=\"su-note-inner su-u-clearfix su-u-trim\" style=\"background-color:#FFFFFF;border-color:#ffffff;color:#333333;border-radius:10px;-moz-border-radius:10px;-webkit-border-radius:10px;\">\r\n\r\n<section id=\"specialParagraph\"><p><strong>An:<\/strong><\/p> <p>Zollbeh\u00f6rde<\/p> <p>Musterstra\u00dfe 123<\/p> <p>12345 Musterstadt<\/p>  <p><strong>Von:<\/strong><\/p> <p>Vorname Nachname<\/p> <p>Musterstra\u00dfe 456<\/p> <p>12345 Musterstadt<\/p> <p>Email: vorname.nachname@email.com<\/p> <p>Telefon: 01234\/567890<\/p>  <p><strong>Bewerbung um eine Stelle im mittleren Zolldienst<\/strong><\/p> <p>Sehr geehrte Damen und Herren,<\/p>  <p>mit gro\u00dfem Interesse habe ich Ihre Stellenausschreibung f\u00fcr den mittleren Zolldienst gelesen und bewerbe mich hiermit um diese Position. Der berufliche Werdegang im Bereich des Zolls hat mich bereits seit meiner Schulzeit fasziniert und ich bin fest davon \u00fcberzeugt, dass meine F\u00e4higkeiten und Erfahrungen eine wertvolle Bereicherung f\u00fcr Ihr Team darstellen.<\/p>  <p>Derzeit absolviere ich eine Ausbildung zum\/zur Steuerfachangestellten, die mir fundierte Kenntnisse \u00fcber das Steuerrecht und den Umgang mit Zolldokumenten vermittelt hat. Durch meine Ausbildung habe ich bereits Einblick in die Arbeit des Zolls erhalten und konnte feststellen, dass meine Interessen und F\u00e4higkeiten in diesem Bereich optimal zum Einsatz kommen.<\/p>  <dt><strong>Ausbildung und Praktika<\/strong><\/dt> <dd> <ul> <li>Ausbildung zum\/zur Steuerfachangestellten bei der Musterfirma GmbH (2018-2021)<\/li> <li>Praktikum im Bereich Zoll und Au\u00dfenhandel bei der XYZ GmbH (2017)<\/li> <li>Praktikum im Finanzamt Musterstadt (2016)<\/li> <\/ul> <\/dd>  <dt><strong>Sprachkenntnisse<\/strong><\/dt> <dd> <ul> <li>Deutsch (Muttersprache)<\/li> <li>Englisch (flie\u00dfend)<\/li> <li>Franz\u00f6sisch (Grundkenntnisse)<\/li> <\/ul> <\/dd>  <p>Ihr Unternehmen zeichnet sich durch Professionalit\u00e4t, Vielfalt und Teamarbeit aus \u2013 Werte, die auch f\u00fcr mich von gro\u00dfer Bedeutung sind. Ich bin ein kommunikativer Teamplayer und kann mich schnell in neue Aufgaben und Arbeitsabl\u00e4ufe einfinden. Zudem arbeitet der Zoll eng mit anderen Beh\u00f6rden und Institutionen zusammen, wodurch ich die M\u00f6glichkeit h\u00e4tte, mein Netzwerk zu erweitern und meine F\u00e4higkeiten weiter auszubauen.<\/p>  <dt><strong>St\u00e4rken<\/strong><\/dt> <dd> <ul> <li>Zuverl\u00e4ssigkeit<\/li> <li>Teamf\u00e4higkeit<\/li> <li>Kommunikationsst\u00e4rke<\/li> <li>Organisationstalent<\/li> <\/ul> <\/dd>  <p>Gerne erl\u00e4utere ich Ihnen meine Beweggr\u00fcnde auch in einem pers\u00f6nlichen Gespr\u00e4ch. \u00dcber eine Einladung zu einem Vorstellungsgespr\u00e4ch freue ich mich daher sehr.<\/p>  <p>Mit freundlichen Gr\u00fc\u00dfen<\/p>  <p>Vorname Nachname<\/p><\/section><\/div><\/div>\r\n\r\n&nbsp;\r\n\r\n\r\n\r\n\r\n\r\n\r\n<p class=\"has-text-align-center\">Vorlage und Muster f\u00fcr <strong> Bewerbungsschreiben Zoll Mittlerer Dienst <\/strong> zur Anpassung und Erstellung  im <strong>WORD<\/strong>\u2013 und <strong>PDF-Format<\/strong><\/p>\r\n\r\n\r\n<button id=\"generatePDF\">Erstellen (PDF &#8211; WORD)<\/button>\r\n\r\n\r\n\r\n<hr class=\"wp-block-separator has-alpha-channel-opacity\" \/>\r\n\r\n\r\n\r\n<p style=\"text-align: center;\"><strong>Bewerbungsschreiben Zoll Mittlerer Dienst<\/strong><\/p>\r\n\r\n<div class=\"wp-block-columns is-layout-flex wp-container-core-columns-is-layout-9d6595d7 wp-block-columns-is-layout-flex\">\r\n\r\n\r\n<div class=\"wp-block-column is-layout-flow wp-block-column-is-layout-flow\"><div class=\"su-button-center\"><a href=\"https:\/\/zollkarriere.de\/wp-content\/uploads\/sites\/7\/2021\/09\/Zoll-Anschreiben-mittlerer-Dienst-1.pdf\" class=\"su-button su-button-style-flat\" style=\"color:#FFFFFF;background-color:#144bb6;border-color:#103c92;border-radius:1px\" target=\"_self\"><span style=\"color:#FFFFFF;padding:0px 24px;font-size:18px;line-height:36px;border-color:#5b81cc;border-radius:1px;text-shadow:none\">   PDF <\/span><\/a><\/div>\n<\/div>\r\n\r\n\r\n\r\n<div class=\"wp-block-column is-layout-flow wp-block-column-is-layout-flow\"><div class=\"su-button-center\"><a href=\"https:\/\/karrierebibel.de\/wp-content\/uploads\/2018\/07\/Bewerbung-Zoll-Anschreiben-Vorlage-Muster-WORD.docx\" class=\"su-button su-button-style-flat\" style=\"color:#FFFFFF;background-color:#144bb6;border-color:#103c92;border-radius:1px\" target=\"_self\"><span style=\"color:#FFFFFF;padding:0px 24px;font-size:18px;line-height:36px;border-color:#5b81cc;border-radius:1px;text-shadow:none\">   DOC<\/span><\/a><\/div>\n<\/div>\r\n\r\n\r\n<\/div>\r\n\r\n\r\n\r\n<p style=\"text-align: center;\"><strong>Beispiele<\/strong><\/p>\r\n\r\n<div class=\"wp-block-columns is-layout-flex wp-container-core-columns-is-layout-9d6595d7 wp-block-columns-is-layout-flex\">\r\n\r\n\r\n<div class=\"wp-block-column is-layout-flow wp-block-column-is-layout-flow\"><div class=\"su-button-center\"><a href=\"https:\/\/zollkarriere.de\/wp-content\/uploads\/sites\/7\/2021\/09\/Zoll-Anschreiben-mittlerer-Dienst-1.pdf\" class=\"su-button su-button-style-flat\" style=\"color:#FFFFFF;background-color:#144bb6;border-color:#103c92;border-radius:1px\" target=\"_self\"><span style=\"color:#FFFFFF;padding:0px 24px;font-size:18px;line-height:36px;border-color:#5b81cc;border-radius:1px;text-shadow:none\">  Beispiel &#8211; 1 <\/span><\/a><\/div>\n<\/div>\r\n\r\n\r\n\r\n<div class=\"wp-block-column is-layout-flow wp-block-column-is-layout-flow\"><div class=\"su-button-center\"><a href=\"https:\/\/www.zoll-ausbildung.de\/files11\/anschreiben_zoll-bewerbung.pdf\" class=\"su-button su-button-style-flat\" style=\"color:#FFFFFF;background-color:#144bb6;border-color:#103c92;border-radius:1px\" target=\"_self\"><span style=\"color:#FFFFFF;padding:0px 24px;font-size:18px;line-height:36px;border-color:#5b81cc;border-radius:1px;text-shadow:none\">  Beispiel &#8211; 2 <\/span><\/a><\/div>\n<\/div>\r\n\r\n\r\n<\/div>\r\n\r\n\r\n<hr class=\"wp-block-separator has-alpha-channel-opacity\" \/>\r\n\r\n\r\n\r\n<div class=\"wp-block-columns is-layout-flex wp-container-core-columns-is-layout-9d6595d7 wp-block-columns-is-layout-flex\">\r\n\r\n\r\n<div class=\"wp-block-column is-layout-flow wp-block-column-is-layout-flow\"><div class=\"su-button-center\"><a href=\"https:\/\/www.bildungsmesse-schwandorf.de\/fileadmin\/\/messe\/usr_35\/bobbel\/ausbildung_studium.pdf\" class=\"su-button su-button-style-flat\" style=\"color:#FFFFFF;background-color:#144bb6;border-color:#103c92;border-radius:1px\" target=\"_self\"><span style=\"color:#FFFFFF;padding:0px 24px;font-size:18px;line-height:36px;border-color:#5b81cc;border-radius:1px;text-shadow:none\">  Beispiel &#8211; 3 <\/span><\/a><\/div>\n<\/div>\r\n\r\n\r\n\r\n<div class=\"wp-block-column is-layout-flow wp-block-column-is-layout-flow\"><div class=\"su-button-center\"><a href=\"https:\/\/zollkarriere.de\/wp-content\/uploads\/sites\/7\/2021\/09\/Zoll-Anschreiben-mittlerer-Dienst-1.pdf\" class=\"su-button su-button-style-flat\" style=\"color:#FFFFFF;background-color:#144bb6;border-color:#103c92;border-radius:1px\" target=\"_self\"><span style=\"color:#FFFFFF;padding:0px 24px;font-size:18px;line-height:36px;border-color:#5b81cc;border-radius:1px;text-shadow:none\">  Beispiel &#8211; 4 <\/span><\/a><\/div>\n<\/div>\r\n\r\n\r\n<\/div>\r\n\r\n\r\n<hr class=\"wp-block-separator has-alpha-channel-opacity\" \/>\r\n\r\n<!-- \/wp:post-content -->\r\n\r\n<!-- wp:table {\"align\":\"center\"} -->\r\n<figure class=\"wp-block-table aligncenter\">\r\n<table>\r\n<tbody>\r\n<tr>\r\n<td style=\"text-align: center;\">Bewerbungsschreiben Zoll Mittlerer Dienst<\/td>\r\n<\/tr>\r\n<tr>\r\n<td style=\"text-align: center;\">PDF &#8211; WORD Datei<\/td>\r\n<\/tr>\r\n<tr>\r\n<td style=\"text-align: center;\">Bewertung: \u2b50\u2b50\u2b50\u2b50\u2b50 4.72<\/td>\r\n<\/tr>\r\n<tr>\r\n<td style=\"text-align: center;\">Ergebnisse &#8211; 1782<\/td>\r\n<\/tr>\r\n<\/tbody>\r\n<\/table>\r\n<\/figure>\r\n<!-- \/wp:table -->\r\n\r\n<!-- wp:separator -->\r\n\r\n<hr class=\"wp-block-separator has-alpha-channel-opacity\" \/>\r\n\r\n<!-- \/wp:separator -->\r\n\r\n<div class=\"su-note\"  style=\"border-color:#e5e5e5;border-radius:10px;-moz-border-radius:10px;-webkit-border-radius:10px;\"><div class=\"su-note-inner su-u-clearfix su-u-trim\" style=\"background-color:#FFFFFF;border-color:#ffffff;color:#333333;border-radius:10px;-moz-border-radius:10px;-webkit-border-radius:10px;\">\r\n\r\n<p>Eine Bewerbung f\u00fcr den mittleren Dienst beim Zoll erfordert sorgf\u00e4ltige Planung und Vorbereitung. Ein Bewerbungsschreiben spielt eine wichtige Rolle, um den potenziellen Arbeitgeber zu \u00fcberzeugen, dass Sie die richtige Person f\u00fcr den Job sind. In dieser Anleitung erfahren Sie, wie Sie ein effektives Bewerbungsschreiben f\u00fcr den mittleren Dienst beim Zoll verfassen k\u00f6nnen.<\/p>  <h3>Schritt 1: Adressat und Betreff<\/h3>  <p>Beginnen Sie Ihren Brief mit den Kontaktinformationen des Adressaten. F\u00fcgen Sie den Namen des Empf\u00e4ngers, die Position und die Adresse des Unternehmens hinzu. Darunter schreiben Sie den Betreff, in dem Sie angeben, worum es in Ihrem Brief geht, z.B. &#8220;Bewerbung um eine Stelle im mittleren Dienst beim Zoll&#8221;.<\/p>  <p><strong>Beispiel:<\/strong><\/p>  <blockquote> <p>Zollamt Musterstadt<br> Herr\/Frau Mustermann<br> Musterstra\u00dfe 1<br> 12345 Musterstadt<br><br> Betreff: Bewerbung um eine Stelle im mittleren Dienst beim Zoll<\/p> <\/blockquote>  <h3>Schritt 2: Einleitung<\/h3>  <p>In der Einleitung stellen Sie sich selbst vor und erkl\u00e4ren, warum Sie sich f\u00fcr die Stelle im mittleren Dienst beim Zoll interessieren. Nennen Sie den Anlass, der Sie dazu motiviert, sich zu bewerben, z.B. eine Empfehlung oder ein besonderes Interesse an der Arbeit beim Zoll.<\/p>  <p><strong>Beispiel:<\/strong><\/p>  <blockquote> <p>Sehr geehrter Herr\/Frau Mustermann,<br><br>  ich schreibe Ihnen, um mich um eine Stelle im mittleren Dienst beim Zoll zu bewerben. Ihre Beh\u00f6rde hat mich schon immer fasziniert und ich bin fest davon \u00fcberzeugt, dass ich durch meine F\u00e4higkeiten und Erfahrungen einen wertvollen Beitrag leisten kann. Mein Interesse f\u00fcr den Zolldienst wurde durch meine j\u00fcngsten Erfahrungen im internationalen Handel geweckt, und ich bin davon \u00fcberzeugt, dass ich ideal auf die Anforderungen dieser Position zugeschnitten bin.<\/p> <\/blockquote>  <h3>Schritt 3: Hauptteil<\/h3>  <p>Der Hauptteil Ihres Bewerbungsschreibens ist der Ort, an dem Sie Ihre F\u00e4higkeiten, Erfahrungen und Qualifikationen hervorheben. Gehen Sie auf die vom Zoll geforderten Qualifikationen ein und erkl\u00e4ren Sie, warum Sie \u00fcber diese verf\u00fcgen. Verwenden Sie konkrete Beispiele und Erfolge aus Ihrer beruflichen Laufbahn, um zu verdeutlichen, dass Sie die Anforderungen erf\u00fcllen. Gehen Sie auch auf Ihre Motivation ein und erl\u00e4utern Sie, warum Sie glauben, dass Sie gut in das Team passen.<\/p>  <p><strong>Beispiel:<\/strong><\/p>  <blockquote> <p>Zu meinen St\u00e4rken z\u00e4hlen eine ausgepr\u00e4gte analytische Denkweise, die F\u00e4higkeit, komplexe Sachverhalte zu durchdringen und schnelle, fundierte Entscheidungen zu treffen. In meiner bisherigen T\u00e4tigkeit als Import- und Exportmanager bei XYZ Company war ich verantwortlich f\u00fcr die Durchf\u00fchrung von Zollabwicklungen und die Anwendung der zollrechtlichen Bestimmungen. Dabei konnte ich sowohl meine Kenntnisse im internationalen Handel als auch meine F\u00e4higkeit zur Zusammenarbeit mit internationalen Gesch\u00e4ftspartnern unter Beweis stellen. Ich bin zudem \u00e4u\u00dferst belastbar und in der Lage, auch unter Druck effektiv zu arbeiten.<\/p>  <p>Ihre Beh\u00f6rde legt gro\u00dfen Wert auf Teamarbeit und Zusammenarbeit. Ich bin \u00fcberzeugt davon, dass ich gut in Ihre Organisation passe, da ich in vorherigen Positionen erfolgreich in einem teamorientierten Umfeld gearbeitet habe. Meine Kommunikationsf\u00e4higkeiten und mein Engagement f\u00fcr exzellente Kundenservicequalit\u00e4t haben mich zu einem gesch\u00e4tzten Teammitglied gemacht.<\/p> <\/blockquote>  <h3>Schritt 4: Schluss<\/h3>  <p>Im Schlussteil Ihres Bewerbungsschreibens fassen Sie noch einmal zusammen, warum Sie die richtige Wahl f\u00fcr die Position im mittleren Dienst beim Zoll sind. Bedanken Sie sich f\u00fcr die Ber\u00fccksichtigung Ihrer Bewerbung und dr\u00fccken Sie Ihre Hoffnung aus, bald von der Beh\u00f6rde zu h\u00f6ren.<\/p>  <p><strong>Beispiel:<\/strong><\/p>  <blockquote> <p>Ich bin \u00fcberzeugt, dass meine Kenntnisse und Erfahrungen mich zu einer wertvollen Erg\u00e4nzung f\u00fcr Ihr Team machen. Vielen Dank f\u00fcr die Ber\u00fccksichtigung meiner Bewerbung. Ich freue mich darauf, mehr \u00fcber die ausgeschriebene Stelle zu erfahren und stehe Ihnen f\u00fcr weitere Informationen zur Verf\u00fcgung. Gerne bin ich bereit, meine F\u00e4higkeiten und meine Motivation in einem pers\u00f6nlichen Gespr\u00e4ch unter Beweis zu stellen.<\/p>  <p>Mit freundlichen Gr\u00fc\u00dfen<br> Ihr Name<\/p> <\/blockquote>  <h3>Wichtige \u00dcberlegungen zur formalen Gestaltung und zum Aufbau<\/h3>  <p>Bei der formalen Gestaltung Ihres Bewerbungsschreibens sollten Sie ein paar wichtige \u00dcberlegungen beachten:<\/p>  <dl> <dt><strong>1. Struktur:<\/strong><\/dt> <dd>Verwenden Sie klare Abs\u00e4tze f\u00fcr jede Sektion Ihres Bewerbungsschreibens. Ein klarer Aufbau erleichtert dem Leser die Orientierung.<\/dd> <dt><strong>2. Sprache:<\/strong><\/dt> <dd>W\u00e4hlen Sie eine formelle und professionelle Sprache, die zu Ihrem Anliegen passt.<\/dd> <dt><strong>3. L\u00e4nge:<\/strong><\/dt> <dd>Halten Sie sich an die L\u00e4nge von maximal einer Seite. Zu lange Bewerbungsschreiben werden oft \u00fcberflogen oder gar nicht gelesen.<\/dd> <dt><strong>4. Rechtschreibung und Grammatik:<\/strong><\/dt> <dd>\u00dcberpr\u00fcfen Sie Ihr Bewerbungsschreiben auf Rechtschreib- und Grammatikfehler. Achten Sie besonders auf die korrekte Schreibweise der Namen und Adressen.<\/dd> <dt><strong>5. Pers\u00f6nlicher Touch:<\/strong><\/dt> <dd>F\u00fcgen Sie Ihren eigenen pers\u00f6nlichen Touch hinzu, um sich von anderen Bewerbern abzuheben. Seien Sie authentisch und zeigen Sie, warum Sie die beste Wahl sind.<\/dd> <\/dl>\r\n\r\n<\/div><\/div>\r\n\r\n<!-- wp:separator -->\r\n\r\n<hr class=\"wp-block-separator has-alpha-channel-opacity\" \/>","protected":false},"excerpt":{"rendered":"<p>Muster und Vorlage f\u00fcr Bewerbungsschreiben Zoll Mittlerer Dienst &#8211; Erstellung und Ausf\u00fcllen &#8211; \u00d6ffnen im WORD PDF Datei und Online &#8230; <\/p>\n<p class=\"read-more-container\"><a title=\"\u00d6ffnen &#8211; Bewerbungsschreiben Zoll Mittlerer Dienst\" class=\"read-more button\" href=\"https:\/\/schreibenpro.com\/de\/bewerbungsschreiben-zoll-mittlerer-dienst-offnen\/#more-581\" aria-label=\"Mehr zu \u00d6ffnen &#8211; Bewerbungsschreiben Zoll Mittlerer Dienst\">\u00d6FFNEN <\/a><\/p>\n","protected":false},"author":1,"featured_media":0,"parent":0,"menu_order":0,"comment_status":"closed","ping_status":"closed","template":"","meta":{"footnotes":""},"class_list":{"0":"post-581","1":"page","2":"type-page","3":"status-publish","5":"infinite-scroll-item"},"yoast_head":"<!-- This site is optimized with the Yoast SEO plugin v24.6 - https:\/\/yoast.com\/wordpress\/plugins\/seo\/ -->\n<title>\u00d6ffnen - Bewerbungsschreiben Zoll Mittlerer Dienst - Schreiben PRO<\/title>\n<meta name=\"robots\" content=\"noindex, follow\" \/>\n<meta property=\"og:locale\" content=\"de_DE\" \/>\n<meta property=\"og:type\" content=\"article\" \/>\n<meta property=\"og:title\" content=\"\u00d6ffnen - Bewerbungsschreiben Zoll Mittlerer Dienst - Schreiben PRO\" \/>\n<meta property=\"og:description\" content=\"Muster und Vorlage f\u00fcr Bewerbungsschreiben Zoll Mittlerer Dienst &#8211; Erstellung und Ausf\u00fcllen &#8211; \u00d6ffnen im WORD PDF Datei und Online ... \u00d6FFNEN\" \/>\n<meta property=\"og:url\" content=\"https:\/\/schreibenpro.com\/de\/bewerbungsschreiben-zoll-mittlerer-dienst-offnen\/\" \/>\n<meta property=\"og:site_name\" content=\"Schreiben PRO\" \/>\n<meta property=\"og:image\" content=\"https:\/\/schreibenpro.com\/de\/wp-content\/uploads\/bewerbungsschreiben-zoll-mittlerer-dienst-muster-vorlage.jpg\" \/>\n<meta name=\"twitter:card\" content=\"summary_large_image\" \/>\n<meta name=\"twitter:label1\" content=\"Gesch\u00e4tzte Lesezeit\" \/>\n\t<meta name=\"twitter:data1\" content=\"1\u00a0Minute\" \/>\n<!-- \/ Yoast SEO plugin. -->","yoast_head_json":{"title":"\u00d6ffnen - Bewerbungsschreiben Zoll Mittlerer Dienst - Schreiben PRO","robots":{"index":"noindex","follow":"follow"},"og_locale":"de_DE","og_type":"article","og_title":"\u00d6ffnen - Bewerbungsschreiben Zoll Mittlerer Dienst - Schreiben PRO","og_description":"Muster und Vorlage f\u00fcr Bewerbungsschreiben Zoll Mittlerer Dienst &#8211; Erstellung und Ausf\u00fcllen &#8211; \u00d6ffnen im WORD PDF Datei und Online ... \u00d6FFNEN","og_url":"https:\/\/schreibenpro.com\/de\/bewerbungsschreiben-zoll-mittlerer-dienst-offnen\/","og_site_name":"Schreiben PRO","og_image":[{"url":"https:\/\/schreibenpro.com\/de\/wp-content\/uploads\/bewerbungsschreiben-zoll-mittlerer-dienst-muster-vorlage.jpg","type":"","width":"","height":""}],"twitter_card":"summary_large_image","twitter_misc":{"Gesch\u00e4tzte Lesezeit":"1\u00a0Minute"},"schema":{"@context":"https:\/\/schema.org","@graph":[{"@type":"WebPage","@id":"https:\/\/schreibenpro.com\/de\/bewerbungsschreiben-zoll-mittlerer-dienst-offnen\/","url":"https:\/\/schreibenpro.com\/de\/bewerbungsschreiben-zoll-mittlerer-dienst-offnen\/","name":"\u00d6ffnen - Bewerbungsschreiben Zoll Mittlerer Dienst - Schreiben PRO","isPartOf":{"@id":"https:\/\/schreibenpro.com\/de\/#website"},"primaryImageOfPage":{"@id":"https:\/\/schreibenpro.com\/de\/bewerbungsschreiben-zoll-mittlerer-dienst-offnen\/#primaryimage"},"image":{"@id":"https:\/\/schreibenpro.com\/de\/bewerbungsschreiben-zoll-mittlerer-dienst-offnen\/#primaryimage"},"thumbnailUrl":"https:\/\/schreibenpro.com\/de\/wp-content\/uploads\/bewerbungsschreiben-zoll-mittlerer-dienst-muster-vorlage.jpg","datePublished":"2023-12-18T08:24:45+00:00","breadcrumb":{"@id":"https:\/\/schreibenpro.com\/de\/bewerbungsschreiben-zoll-mittlerer-dienst-offnen\/#breadcrumb"},"inLanguage":"de","potentialAction":[{"@type":"ReadAction","target":["https:\/\/schreibenpro.com\/de\/bewerbungsschreiben-zoll-mittlerer-dienst-offnen\/"]}]},{"@type":"ImageObject","inLanguage":"de","@id":"https:\/\/schreibenpro.com\/de\/bewerbungsschreiben-zoll-mittlerer-dienst-offnen\/#primaryimage","url":"https:\/\/schreibenpro.com\/de\/wp-content\/uploads\/anschreiben-zum-angebot-muster-vorlage.jpg","contentUrl":"https:\/\/schreibenpro.com\/de\/wp-content\/uploads\/anschreiben-zum-angebot-muster-vorlage.jpg","width":1410,"height":2250},{"@type":"BreadcrumbList","@id":"https:\/\/schreibenpro.com\/de\/bewerbungsschreiben-zoll-mittlerer-dienst-offnen\/#breadcrumb","itemListElement":[{"@type":"ListItem","position":1,"name":"Portada","item":"https:\/\/schreibenpro.com\/de\/"},{"@type":"ListItem","position":2,"name":"\u00d6ffnen &#8211; Bewerbungsschreiben Zoll Mittlerer Dienst"}]},{"@type":"WebSite","@id":"https:\/\/schreibenpro.com\/de\/#website","url":"https:\/\/schreibenpro.com\/de\/","name":"Schreiben PRO","description":"Muster und Vorlage","publisher":{"@id":"https:\/\/schreibenpro.com\/de\/#organization"},"potentialAction":[{"@type":"SearchAction","target":{"@type":"EntryPoint","urlTemplate":"https:\/\/schreibenpro.com\/de\/?s={search_term_string}"},"query-input":{"@type":"PropertyValueSpecification","valueRequired":true,"valueName":"search_term_string"}}],"inLanguage":"de"},{"@type":"Organization","@id":"https:\/\/schreibenpro.com\/de\/#organization","name":"Schreiben PRO","url":"https:\/\/schreibenpro.com\/de\/","logo":{"@type":"ImageObject","inLanguage":"de","@id":"https:\/\/schreibenpro.com\/de\/#\/schema\/logo\/image\/","url":"https:\/\/schreibenpro.com\/de\/wp-content\/uploads\/cropped-fav.png","contentUrl":"https:\/\/schreibenpro.com\/de\/wp-content\/uploads\/cropped-fav.png","width":512,"height":512,"caption":"Schreiben PRO"},"image":{"@id":"https:\/\/schreibenpro.com\/de\/#\/schema\/logo\/image\/"}}]}},"_links":{"self":[{"href":"https:\/\/schreibenpro.com\/de\/wp-json\/wp\/v2\/pages\/581","targetHints":{"allow":["GET"]}}],"collection":[{"href":"https:\/\/schreibenpro.com\/de\/wp-json\/wp\/v2\/pages"}],"about":[{"href":"https:\/\/schreibenpro.com\/de\/wp-json\/wp\/v2\/types\/page"}],"author":[{"embeddable":true,"href":"https:\/\/schreibenpro.com\/de\/wp-json\/wp\/v2\/users\/1"}],"replies":[{"embeddable":true,"href":"https:\/\/schreibenpro.com\/de\/wp-json\/wp\/v2\/comments?post=581"}],"version-history":[{"count":0,"href":"https:\/\/schreibenpro.com\/de\/wp-json\/wp\/v2\/pages\/581\/revisions"}],"wp:attachment":[{"href":"https:\/\/schreibenpro.com\/de\/wp-json\/wp\/v2\/media?parent=581"}],"curies":[{"name":"wp","href":"https:\/\/api.w.org\/{rel}","templated":true}]}}