{"id":587,"date":"2023-12-18T08:24:47","date_gmt":"2023-12-18T08:24:47","guid":{"rendered":"https:\/\/schreibenpro.com\/de\/schreiben-an-krankenkasse-kostenubernahme-offnen\/"},"modified":"2023-12-18T08:24:47","modified_gmt":"2023-12-18T08:24:47","slug":"schreiben-an-krankenkasse-kostenubernahme-offnen","status":"publish","type":"page","link":"https:\/\/schreibenpro.com\/de\/schreiben-an-krankenkasse-kostenubernahme-offnen\/","title":{"rendered":"\u00d6ffnen &#8211; Schreiben An Krankenkasse Kosten\u00fcbernahme"},"content":{"rendered":"\r\n<p class=\"has-text-align-center\">Muster und Vorlage f\u00fcr <strong> Schreiben An Krankenkasse Kosten\u00fcbernahme<\/strong> &#8211; Ausf\u00fcllen und Erstellung  &#8211; \u00d6ffnen im <strong>PDF WORD<\/strong> Datei und Online<\/p>\r\n\r\n\r\n\r\n\r\n<div class=\"wp-block-image\">\r\n<figure class=\"aligncenter size-large is-resized\"><img loading=\"lazy\" decoding=\"async\" class=\"wp-image-215\" src=\"https:\/\/schreibenpro.com\/de\/wp-content\/uploads\/schreiben-an-krankenkasse-kostenubernahme-muster-vorlage.jpg\" alt=\"\" width=\"245\" height=\"391\" \/><\/figure>\r\n<\/div>\r\n\r\n\r\n\r\n<hr class=\"wp-block-separator has-alpha-channel-opacity\" \/>\r\n\r\n\r\n\r\n\r\n\r\n<div class=\"su-note\"  style=\"border-color:#e5e5e5;border-radius:10px;-moz-border-radius:10px;-webkit-border-radius:10px;\"><div class=\"su-note-inner su-u-clearfix su-u-trim\" style=\"background-color:#FFFFFF;border-color:#ffffff;color:#333333;border-radius:10px;-moz-border-radius:10px;-webkit-border-radius:10px;\">\r\n\r\n<section id=\"specialParagraph\"><p><strong>An: <\/strong> Krankenkasse XYZ<br> Adresse<br> Ort, PLZ<br> Deutschland <\/p>  <p><strong>Von: <\/strong> Max Mustermann<br> Musterstra\u00dfe 123<br> Ort, PLZ<br> Deutschland<br> Datum: <?php echo date('d.m.Y'); ?> <\/p>  <p><strong>Betreff: Kosten\u00fcbernahmeantrag<\/strong><\/p>  <p>Sehr geehrte Damen und Herren,<\/p>  <p>hiermit m\u00f6chte ich einen Antrag auf Kosten\u00fcbernahme f\u00fcr meine medizinische Behandlung stellen. Ich bin seit vielen Jahren bei Ihrer Krankenkasse versichert und habe bis jetzt immer eine gute Erfahrung gemacht. Daher hoffe ich, dass mein Antrag sorgf\u00e4ltig gepr\u00fcft wird.<\/p>  <p>Im Folgenden finden Sie eine detaillierte Aufstellung der Kosten, die ich gerne erstattet haben m\u00f6chte:<\/p>  <dl> <dt>Behandlung:<\/dt> <dd>Art der Behandlung<\/dd>  <dt>Behandlungszeitraum:<\/dt> <dd>Startdatum &#8211; Enddatum<\/dd>  <dt>Anzahl der Sitzungen:<\/dt> <dd>Anzahl<\/dd>  <dt>Behandlungskosten:<\/dt> <dd>Summe<\/dd> <\/dl>  <p>Ich habe bereits alle notwendigen Unterlagen und Rechnungen beigef\u00fcgt, um meine Ausgaben zu belegen. Bitte stellen Sie sicher, dass diese vollst\u00e4ndig sind und alle erforderlichen Informationen enthalten.<\/p>  <p>Des Weiteren m\u00f6chte ich Sie bitten, mir mitzuteilen, welche Unterlagen oder Informationen Sie m\u00f6glicherweise zus\u00e4tzlich ben\u00f6tigen, um meinen Antrag zu bearbeiten.<\/p>  <p>Sollten Sie noch Fragen oder Anmerkungen haben, stehe ich Ihnen gerne zur Verf\u00fcgung. Sie k\u00f6nnen mich unter der Telefonnummer 0123456789 oder per E-Mail unter max.mustermann@example.com erreichen.<\/p>  <p>Ich bedanke mich im Voraus f\u00fcr Ihre sorgf\u00e4ltige Pr\u00fcfung meines Antrags und hoffe auf eine positive R\u00fcckmeldung.<\/p>  <p>Mit freundlichen Gr\u00fc\u00dfen,<\/p>  <p><strong>Max Mustermann<\/strong><\/p><\/section><\/div><\/div>\r\n\r\n&nbsp;\r\n\r\n\r\n\r\n\r\n\r\n\r\n<p class=\"has-text-align-center\">Vorlage und Muster f\u00fcr <strong> Schreiben An Krankenkasse Kosten\u00fcbernahme <\/strong> zur Erstellung und Anpassung im <strong>WORD<\/strong>\u2013 und <strong>PDF-Format<\/strong><\/p>\r\n\r\n\r\n<button id=\"generatePDF\">Erstellen (PDF &#8211; WORD)<\/button>\r\n\r\n\r\n\r\n<hr class=\"wp-block-separator has-alpha-channel-opacity\" \/>\r\n\r\n\r\n\r\n<p style=\"text-align: center;\"><strong>Schreiben An Krankenkasse Kosten\u00fcbernahme<\/strong><\/p>\r\n\r\n<div class=\"wp-block-columns is-layout-flex wp-container-core-columns-is-layout-9d6595d7 wp-block-columns-is-layout-flex\">\r\n\r\n\r\n<div class=\"wp-block-column is-layout-flow wp-block-column-is-layout-flow\"><div class=\"su-button-center\"><a href=\"https:\/\/www.rawenzel.de\/files\/rawenzel.de\/dokumente\/downloads\/mustervorlage-kostenuebernahmeantrag.pdf\" class=\"su-button su-button-style-flat\" style=\"color:#FFFFFF;background-color:#144bb6;border-color:#103c92;border-radius:1px\" target=\"_self\"><span style=\"color:#FFFFFF;padding:0px 24px;font-size:18px;line-height:36px;border-color:#5b81cc;border-radius:1px;text-shadow:none\">   PDF <\/span><\/a><\/div>\n<\/div>\r\n\r\n\r\n\r\n<div class=\"wp-block-column is-layout-flow wp-block-column-is-layout-flow\"><div class=\"su-button-center\"><a href=\"https:\/\/medicalofficeberlin.de\/wp-content\/uploads\/2020\/12\/Musterschreiben_Kostenerstattung.docx\" class=\"su-button su-button-style-flat\" style=\"color:#FFFFFF;background-color:#144bb6;border-color:#103c92;border-radius:1px\" target=\"_self\"><span style=\"color:#FFFFFF;padding:0px 24px;font-size:18px;line-height:36px;border-color:#5b81cc;border-radius:1px;text-shadow:none\">   DOC<\/span><\/a><\/div>\n<\/div>\r\n\r\n\r\n<\/div>\r\n\r\n\r\n\r\n<p style=\"text-align: center;\"><strong>Beispiele<\/strong><\/p>\r\n\r\n<div class=\"wp-block-columns is-layout-flex wp-container-core-columns-is-layout-9d6595d7 wp-block-columns-is-layout-flex\">\r\n\r\n\r\n<div class=\"wp-block-column is-layout-flow wp-block-column-is-layout-flow\"><div class=\"su-button-center\"><a href=\"https:\/\/www.rawenzel.de\/files\/rawenzel.de\/dokumente\/downloads\/mustervorlage-kostenuebernahmeantrag.pdf\" class=\"su-button su-button-style-flat\" style=\"color:#FFFFFF;background-color:#144bb6;border-color:#103c92;border-radius:1px\" target=\"_self\"><span style=\"color:#FFFFFF;padding:0px 24px;font-size:18px;line-height:36px;border-color:#5b81cc;border-radius:1px;text-shadow:none\">  Beispiel &#8211; 1 <\/span><\/a><\/div>\n<\/div>\r\n\r\n\r\n\r\n<div class=\"wp-block-column is-layout-flow wp-block-column-is-layout-flow\"><div class=\"su-button-center\"><a href=\"https:\/\/capa-verein.com\/wp-content\/uploads\/2021\/07\/Musterschreiben-an-die-Krankenkasse-zur-Kostenuebernahme-von-Cannabis-bzw.-cannabisbasierten.pdf\" class=\"su-button su-button-style-flat\" style=\"color:#FFFFFF;background-color:#144bb6;border-color:#103c92;border-radius:1px\" target=\"_self\"><span style=\"color:#FFFFFF;padding:0px 24px;font-size:18px;line-height:36px;border-color:#5b81cc;border-radius:1px;text-shadow:none\">  Beispiel &#8211; 2 <\/span><\/a><\/div>\n<\/div>\r\n\r\n\r\n<\/div>\r\n\r\n\r\n<hr class=\"wp-block-separator has-alpha-channel-opacity\" \/>\r\n\r\n\r\n\r\n<div class=\"wp-block-columns is-layout-flex wp-container-core-columns-is-layout-9d6595d7 wp-block-columns-is-layout-flex\">\r\n\r\n\r\n<div class=\"wp-block-column is-layout-flow wp-block-column-is-layout-flow\"><div class=\"su-button-center\"><a href=\"https:\/\/rechtecheck.de\/vorlagen\/musterbriefe\/musterbrief-kostenuebernahme-praevention.pdf\" class=\"su-button su-button-style-flat\" style=\"color:#FFFFFF;background-color:#144bb6;border-color:#103c92;border-radius:1px\" target=\"_self\"><span style=\"color:#FFFFFF;padding:0px 24px;font-size:18px;line-height:36px;border-color:#5b81cc;border-radius:1px;text-shadow:none\">  Beispiel &#8211; 3 <\/span><\/a><\/div>\n<\/div>\r\n\r\n\r\n\r\n<div class=\"wp-block-column is-layout-flow wp-block-column-is-layout-flow\"><div class=\"su-button-center\"><a href=\"https:\/\/www.rawenzel.de\/files\/rawenzel.de\/dokumente\/downloads\/mustervorlage-kostenuebernahmeantrag.pdf\" class=\"su-button su-button-style-flat\" style=\"color:#FFFFFF;background-color:#144bb6;border-color:#103c92;border-radius:1px\" target=\"_self\"><span style=\"color:#FFFFFF;padding:0px 24px;font-size:18px;line-height:36px;border-color:#5b81cc;border-radius:1px;text-shadow:none\">  Beispiel &#8211; 4 <\/span><\/a><\/div>\n<\/div>\r\n\r\n\r\n<\/div>\r\n\r\n\r\n<hr class=\"wp-block-separator has-alpha-channel-opacity\" \/>\r\n\r\n<!-- \/wp:post-content -->\r\n\r\n<!-- wp:table {\"align\":\"center\"} -->\r\n<figure class=\"wp-block-table aligncenter\">\r\n<table>\r\n<tbody>\r\n<tr>\r\n<td style=\"text-align: center;\">Schreiben An Krankenkasse Kosten\u00fcbernahme<\/td>\r\n<\/tr>\r\n<tr>\r\n<td style=\"text-align: center;\">PDF &#8211; WORD Datei<\/td>\r\n<\/tr>\r\n<tr>\r\n<td style=\"text-align: center;\">Bewertung: \u2b50\u2b50\u2b50\u2b50\u2b50 4.76<\/td>\r\n<\/tr>\r\n<tr>\r\n<td style=\"text-align: center;\">Ergebnisse &#8211; 2233<\/td>\r\n<\/tr>\r\n<\/tbody>\r\n<\/table>\r\n<\/figure>\r\n<!-- \/wp:table -->\r\n\r\n<!-- wp:separator -->\r\n\r\n<hr class=\"wp-block-separator has-alpha-channel-opacity\" \/>\r\n\r\n<!-- \/wp:separator -->\r\n\r\n<div class=\"su-note\"  style=\"border-color:#e5e5e5;border-radius:10px;-moz-border-radius:10px;-webkit-border-radius:10px;\"><div class=\"su-note-inner su-u-clearfix su-u-trim\" style=\"background-color:#FFFFFF;border-color:#ffffff;color:#333333;border-radius:10px;-moz-border-radius:10px;-webkit-border-radius:10px;\">\r\n\r\n<p>Ein Schreiben an die Krankenkasse zu verfassen, um eine Kosten\u00fcbernahme zu beantragen, erfordert eine klare und formale Struktur. In dieser Anleitung geben wir Ihnen Tipps und Beispiele, wie Sie ein solches Schreiben verfassen k\u00f6nnen.<\/p>  <h3>Inhaltsverzeichnis:<\/h3> <ol> <li>Einf\u00fchrung<\/li> <li>Einleitung<\/li> <li>Hauptteil <ol> <li>Begr\u00fcndung der Kosten\u00fcbernahme<\/li> <li>Belegunterlagen und Nachweise<\/li> <li>Angaben zur Behandlung und Kosten<\/li> <\/ol> <\/li> <li>Schluss<\/li> <li>Formale Gestaltung<\/li> <li>Aufbau eines effektiven Briefes<\/li> <\/ol>  <h3>1. Einf\u00fchrung<\/h3>  <p>Vor dem eigentlichen Verfassen des Schreibens ist es wichtig, sich gut vorzubereiten. Informieren Sie sich \u00fcber die genauen Anforderungen und Richtlinien der Krankenkasse f\u00fcr eine Kosten\u00fcbernahme. Sammeln Sie alle relevanten Informationen, Belege und Nachweise, die Sie f\u00fcr Ihren Antrag ben\u00f6tigen.<\/p>  <h3>2. Einleitung<\/h3>  <p>In der Einleitung stellen Sie sich und Ihr Anliegen kurz vor. Nennen Sie Ihre pers\u00f6nlichen Daten wie Namen, Anschrift und Versicherungsnummer. Erl\u00e4utern Sie knapp, warum Sie sich schriftlich an die Krankenkasse wenden und welches Anliegen Sie haben. Halten Sie die Einleitung pr\u00e4gnant und auf den Punkt gebracht.<\/p>  <p><strong>Beispiel:<\/strong><\/p>  <p>Sehr geehrte Damen und Herren,<\/p>  <p>mit diesem Schreiben m\u00f6chte ich einen Antrag auf Kosten\u00fcbernahme f\u00fcr eine bevorstehende medizinische Behandlung stellen. Mein Name ist [Ihr Name] und meine Versicherungsnummer lautet [Versicherungsnummer]. Die Behandlung ist notwendig, um [Grund f\u00fcr die Behandlung]. Daher bitte ich um Ihre Unterst\u00fctzung bei der Kosten\u00fcbernahme.<\/p>  <h3>3. Hauptteil<\/h3>  <p>Im Hauptteil des Schreibens erl\u00e4utern Sie ausf\u00fchrlich die Begr\u00fcndung f\u00fcr die Kosten\u00fcbernahme. Gehen Sie detailliert auf die medizinische Situation ein und erl\u00e4utern Sie, warum die Behandlung erforderlich ist. Verwenden Sie klare und pr\u00e4zise Argumente, um Ihre Notwendigkeit zu unterstreichen. Geben Sie an, warum andere Behandlungsmethoden nicht ausreichend sind oder nicht den gew\u00fcnschten Erfolg erzielen w\u00fcrden.<\/p>  <h4>3.1 Begr\u00fcndung der Kosten\u00fcbernahme<\/h4>  <p><strong>Beispiel:<\/strong><\/p>  <p>Mein behandelnder Arzt hat eine umfassende medizinische Untersuchung durchgef\u00fchrt und mir dringend zur Behandlung mit [Name der Behandlung] geraten. Alle Alternativbehandlungen und konservativen Therapien wurden bereits ausgesch\u00f6pft, aber keine hat den gew\u00fcnschten Erfolg gebracht. Die Behandlung mit [Name der Behandlung] ist die einzige verbleibende Option, um meine Gesundheit wiederherzustellen und eine dauerhafte Verbesserung meines Zustands zu erreichen.<\/p>  <h4>3.2 Belegunterlagen und Nachweise<\/h4>  <p>F\u00fcgen Sie dem Schreiben alle relevanten Belege, Nachweise und Gutachten bei, die Ihre medizinische Notwendigkeit unterstreichen. Dazu geh\u00f6ren Arztberichte, Diagnosen, medizinische Gutachten, Behandlungspl\u00e4ne und \u00e4hnliches. Stellen Sie sicher, dass alle beigef\u00fcgten Dokumente gut lesbar und vollst\u00e4ndig sind.<\/p>  <p><strong>Beispiel:<\/strong><\/p>  <p>Bitte finden Sie anbei alle relevanten Unterlagen, die meine medizinische Notwendigkeit f\u00fcr die Behandlung mit [Name der Behandlung] belegen. Es sind beigef\u00fcgt: mein Arztbericht vom [Datum], eine Kopie des Gutachtens von [Name des Gutachters] vom [Datum], sowie der aktuellen Diagnosebericht.<\/p>  <h4>3.3 Angaben zur Behandlung und Kosten<\/h4>  <p>Geben Sie im Schreiben Informationen zur geplanten Behandlung an. Nennen Sie den Zeitraum, die Dauer und den Ort der Behandlung. F\u00fcgen Sie au\u00dferdem eine detaillierte Kostenaufstellung hinzu, die alle relevanten Kostenposten und deren Betr\u00e4ge enth\u00e4lt. Seien Sie transparent und pr\u00e4zise in Ihren Angaben.<\/p>  <p><strong>Beispiel:<\/strong><\/p>  <p>Die Behandlung mit [Name der Behandlung] ist im Zeitraum vom [Datum] bis [Datum] geplant. Die Behandlung wird voraussichtlich [Anzahl der Sitzungen] Sitzungen umfassen, welche im [Name der Klinik\/Praxis] durchgef\u00fchrt werden. Die Gesamtkosten belaufen sich auf [Betrag]. Eine detaillierte Kostenaufstellung finden Sie in der beigef\u00fcgten Anlage.<\/p>  <h3>4. Schluss<\/h3>  <p>Im Schlussteil des Schreibens bedanken Sie sich f\u00fcr die Pr\u00fcfung Ihres Antrags und bitten Sie h\u00f6flich um eine zeitnahe R\u00fcckmeldung. Geben Sie an, wie Sie bevorzugt kontaktiert werden m\u00f6chten (per Telefon, E-Mail oder Post) und nennen Sie Ihre aktuellen Kontaktdaten. Beenden Sie das Schreiben mit einem h\u00f6flichen Gru\u00df.<\/p>  <p><strong>Beispiel:<\/strong><\/p>  <p>Ich bedanke mich im Voraus f\u00fcr die Pr\u00fcfung meines Antrags und stehe Ihnen f\u00fcr weitere Fragen oder Informationen gerne zur Verf\u00fcgung. Sie k\u00f6nnen mich telefonisch unter [Telefonnummer] oder per E-Mail unter [E-Mail-Adresse] erreichen. Ich freue mich auf Ihre baldige R\u00fcckmeldung.<\/p>  <p>Mit freundlichen Gr\u00fc\u00dfen,<\/p>  [Ihr Name]  <h3>5. Formale Gestaltung<\/h3>  <p>Beachten Sie beim Schreiben des Briefes die formale Gestaltung. Verwenden Sie eine angemessene Schriftart wie Arial oder Times New Roman und eine Schriftgr\u00f6\u00dfe von 12 Punkt. Formatieren Sie den Brief mit Abs\u00e4tzen und Zeilenumbr\u00fcchen f\u00fcr eine gute Lesbarkeit. Setzen Sie wichtige Informationen wie \u00dcberschriften, Namen oder Datum fett oder kursiv, um sie hervorzuheben.<\/p>  <h3>6. Aufbau eines effektiven Briefes<\/h3>  <p>Um einen effektiven Brief zu verfassen, halten Sie sich an die folgenden Tipps:<\/p>  <dl> <dt><b>Klare und pr\u00e4zise Sprache:<\/b><\/dt> <dd>Verwenden Sie eine klare und pr\u00e4zise Sprache, um Ihre Botschaft verst\u00e4ndlich zu vermitteln.<\/dd>  <dt><b>Strukturierter Aufbau:<\/b><\/dt> <dd>Gliedern Sie den Brief in Abschnitte und verwenden Sie \u00dcberschriften, um eine klare Struktur zu schaffen.<\/dd>  <dt><b>Betonung der wichtigsten Argumente:<\/b><\/dt> <dd>Heben Sie die wichtigsten Argumente und Informationen hervor, um Ihre Begr\u00fcndung zu unterst\u00fctzen.<\/dd>  <dt><b>Sachliche und h\u00f6fliche Ausdrucksweise:<\/b><\/dt> <dd>Verwenden Sie eine sachliche und h\u00f6fliche Ausdrucksweise, um einen professionellen Eindruck zu hinterlassen.<\/dd>  <dt><b>Rechtschreib- und Grammatikpr\u00fcfung:<\/b><\/dt> <dd>\u00dcberpr\u00fcfen Sie den Brief auf Rechtschreib- und Grammatikfehler, um einen fehlerfreien Text abzugeben.<\/dd> <\/dl>\r\n\r\n<\/div><\/div>\r\n\r\n<!-- wp:separator -->\r\n\r\n<hr class=\"wp-block-separator has-alpha-channel-opacity\" \/>","protected":false},"excerpt":{"rendered":"<p>Muster und Vorlage f\u00fcr Schreiben An Krankenkasse Kosten\u00fcbernahme &#8211; Ausf\u00fcllen und Erstellung &#8211; \u00d6ffnen im PDF WORD Datei und Online &#8230; <\/p>\n<p class=\"read-more-container\"><a title=\"\u00d6ffnen &#8211; Schreiben An Krankenkasse Kosten\u00fcbernahme\" class=\"read-more button\" href=\"https:\/\/schreibenpro.com\/de\/schreiben-an-krankenkasse-kostenubernahme-offnen\/#more-587\" aria-label=\"Mehr zu \u00d6ffnen &#8211; Schreiben An Krankenkasse Kosten\u00fcbernahme\">\u00d6FFNEN <\/a><\/p>\n","protected":false},"author":1,"featured_media":0,"parent":0,"menu_order":0,"comment_status":"closed","ping_status":"closed","template":"","meta":{"footnotes":""},"class_list":{"0":"post-587","1":"page","2":"type-page","3":"status-publish","5":"infinite-scroll-item"},"yoast_head":"<!-- This site is optimized with the Yoast SEO plugin v24.6 - https:\/\/yoast.com\/wordpress\/plugins\/seo\/ -->\n<title>\u00d6ffnen - Schreiben An Krankenkasse Kosten\u00fcbernahme - Schreiben PRO<\/title>\n<meta name=\"robots\" content=\"noindex, follow\" \/>\n<meta property=\"og:locale\" content=\"de_DE\" \/>\n<meta property=\"og:type\" content=\"article\" \/>\n<meta property=\"og:title\" content=\"\u00d6ffnen - Schreiben An Krankenkasse Kosten\u00fcbernahme - Schreiben PRO\" \/>\n<meta property=\"og:description\" content=\"Muster und Vorlage f\u00fcr Schreiben An Krankenkasse Kosten\u00fcbernahme &#8211; Ausf\u00fcllen und Erstellung &#8211; \u00d6ffnen im PDF WORD Datei und Online ... \u00d6FFNEN\" \/>\n<meta property=\"og:url\" content=\"https:\/\/schreibenpro.com\/de\/schreiben-an-krankenkasse-kostenubernahme-offnen\/\" \/>\n<meta property=\"og:site_name\" content=\"Schreiben PRO\" \/>\n<meta property=\"og:image\" content=\"https:\/\/schreibenpro.com\/de\/wp-content\/uploads\/schreiben-an-krankenkasse-kostenubernahme-muster-vorlage.jpg\" \/>\n<meta name=\"twitter:card\" content=\"summary_large_image\" \/>\n<meta name=\"twitter:label1\" content=\"Gesch\u00e4tzte Lesezeit\" \/>\n\t<meta name=\"twitter:data1\" content=\"1\u00a0Minute\" \/>\n<!-- \/ Yoast SEO plugin. -->","yoast_head_json":{"title":"\u00d6ffnen - Schreiben An Krankenkasse Kosten\u00fcbernahme - Schreiben PRO","robots":{"index":"noindex","follow":"follow"},"og_locale":"de_DE","og_type":"article","og_title":"\u00d6ffnen - Schreiben An Krankenkasse Kosten\u00fcbernahme - Schreiben PRO","og_description":"Muster und Vorlage f\u00fcr Schreiben An Krankenkasse Kosten\u00fcbernahme &#8211; Ausf\u00fcllen und Erstellung &#8211; \u00d6ffnen im PDF WORD Datei und Online ... \u00d6FFNEN","og_url":"https:\/\/schreibenpro.com\/de\/schreiben-an-krankenkasse-kostenubernahme-offnen\/","og_site_name":"Schreiben PRO","og_image":[{"url":"https:\/\/schreibenpro.com\/de\/wp-content\/uploads\/schreiben-an-krankenkasse-kostenubernahme-muster-vorlage.jpg","type":"","width":"","height":""}],"twitter_card":"summary_large_image","twitter_misc":{"Gesch\u00e4tzte Lesezeit":"1\u00a0Minute"},"schema":{"@context":"https:\/\/schema.org","@graph":[{"@type":"WebPage","@id":"https:\/\/schreibenpro.com\/de\/schreiben-an-krankenkasse-kostenubernahme-offnen\/","url":"https:\/\/schreibenpro.com\/de\/schreiben-an-krankenkasse-kostenubernahme-offnen\/","name":"\u00d6ffnen - Schreiben An Krankenkasse Kosten\u00fcbernahme - Schreiben PRO","isPartOf":{"@id":"https:\/\/schreibenpro.com\/de\/#website"},"primaryImageOfPage":{"@id":"https:\/\/schreibenpro.com\/de\/schreiben-an-krankenkasse-kostenubernahme-offnen\/#primaryimage"},"image":{"@id":"https:\/\/schreibenpro.com\/de\/schreiben-an-krankenkasse-kostenubernahme-offnen\/#primaryimage"},"thumbnailUrl":"https:\/\/schreibenpro.com\/de\/wp-content\/uploads\/schreiben-an-krankenkasse-kostenubernahme-muster-vorlage.jpg","datePublished":"2023-12-18T08:24:47+00:00","breadcrumb":{"@id":"https:\/\/schreibenpro.com\/de\/schreiben-an-krankenkasse-kostenubernahme-offnen\/#breadcrumb"},"inLanguage":"de","potentialAction":[{"@type":"ReadAction","target":["https:\/\/schreibenpro.com\/de\/schreiben-an-krankenkasse-kostenubernahme-offnen\/"]}]},{"@type":"ImageObject","inLanguage":"de","@id":"https:\/\/schreibenpro.com\/de\/schreiben-an-krankenkasse-kostenubernahme-offnen\/#primaryimage","url":"https:\/\/schreibenpro.com\/de\/wp-content\/uploads\/anschreiben-zum-angebot-muster-vorlage.jpg","contentUrl":"https:\/\/schreibenpro.com\/de\/wp-content\/uploads\/anschreiben-zum-angebot-muster-vorlage.jpg","width":1410,"height":2250},{"@type":"BreadcrumbList","@id":"https:\/\/schreibenpro.com\/de\/schreiben-an-krankenkasse-kostenubernahme-offnen\/#breadcrumb","itemListElement":[{"@type":"ListItem","position":1,"name":"Portada","item":"https:\/\/schreibenpro.com\/de\/"},{"@type":"ListItem","position":2,"name":"\u00d6ffnen &#8211; Schreiben An Krankenkasse Kosten\u00fcbernahme"}]},{"@type":"WebSite","@id":"https:\/\/schreibenpro.com\/de\/#website","url":"https:\/\/schreibenpro.com\/de\/","name":"Schreiben PRO","description":"Muster und Vorlage","publisher":{"@id":"https:\/\/schreibenpro.com\/de\/#organization"},"potentialAction":[{"@type":"SearchAction","target":{"@type":"EntryPoint","urlTemplate":"https:\/\/schreibenpro.com\/de\/?s={search_term_string}"},"query-input":{"@type":"PropertyValueSpecification","valueRequired":true,"valueName":"search_term_string"}}],"inLanguage":"de"},{"@type":"Organization","@id":"https:\/\/schreibenpro.com\/de\/#organization","name":"Schreiben PRO","url":"https:\/\/schreibenpro.com\/de\/","logo":{"@type":"ImageObject","inLanguage":"de","@id":"https:\/\/schreibenpro.com\/de\/#\/schema\/logo\/image\/","url":"https:\/\/schreibenpro.com\/de\/wp-content\/uploads\/cropped-fav.png","contentUrl":"https:\/\/schreibenpro.com\/de\/wp-content\/uploads\/cropped-fav.png","width":512,"height":512,"caption":"Schreiben PRO"},"image":{"@id":"https:\/\/schreibenpro.com\/de\/#\/schema\/logo\/image\/"}}]}},"_links":{"self":[{"href":"https:\/\/schreibenpro.com\/de\/wp-json\/wp\/v2\/pages\/587","targetHints":{"allow":["GET"]}}],"collection":[{"href":"https:\/\/schreibenpro.com\/de\/wp-json\/wp\/v2\/pages"}],"about":[{"href":"https:\/\/schreibenpro.com\/de\/wp-json\/wp\/v2\/types\/page"}],"author":[{"embeddable":true,"href":"https:\/\/schreibenpro.com\/de\/wp-json\/wp\/v2\/users\/1"}],"replies":[{"embeddable":true,"href":"https:\/\/schreibenpro.com\/de\/wp-json\/wp\/v2\/comments?post=587"}],"version-history":[{"count":0,"href":"https:\/\/schreibenpro.com\/de\/wp-json\/wp\/v2\/pages\/587\/revisions"}],"wp:attachment":[{"href":"https:\/\/schreibenpro.com\/de\/wp-json\/wp\/v2\/media?parent=587"}],"curies":[{"name":"wp","href":"https:\/\/api.w.org\/{rel}","templated":true}]}}