{"id":588,"date":"2023-12-18T08:24:48","date_gmt":"2023-12-18T08:24:48","guid":{"rendered":"https:\/\/schreibenpro.com\/de\/letzte-mahnung-schreiben-offnen\/"},"modified":"2023-12-18T08:24:48","modified_gmt":"2023-12-18T08:24:48","slug":"letzte-mahnung-schreiben-offnen","status":"publish","type":"page","link":"https:\/\/schreibenpro.com\/de\/letzte-mahnung-schreiben-offnen\/","title":{"rendered":"\u00d6ffnen &#8211; Letzte Mahnung Schreiben"},"content":{"rendered":"\r\n<p class=\"has-text-align-center\">Vorlage und Muster f\u00fcr <strong> Letzte Mahnung Schreiben<\/strong> &#8211; Erstellung und Ausf\u00fcllen &#8211; \u00d6ffnen im <strong>PDF WORD<\/strong> Datei und Online<\/p>\r\n\r\n\r\n\r\n\r\n<div class=\"wp-block-image\">\r\n<figure class=\"aligncenter size-large is-resized\"><img loading=\"lazy\" decoding=\"async\" class=\"wp-image-215\" src=\"https:\/\/schreibenpro.com\/de\/wp-content\/uploads\/letzte-mahnung-schreiben-muster-vorlage.jpg\" alt=\"\" width=\"245\" height=\"391\" \/><\/figure>\r\n<\/div>\r\n\r\n\r\n\r\n<hr class=\"wp-block-separator has-alpha-channel-opacity\" \/>\r\n\r\n\r\n\r\n\r\n\r\n<div class=\"su-note\"  style=\"border-color:#e5e5e5;border-radius:10px;-moz-border-radius:10px;-webkit-border-radius:10px;\"><div class=\"su-note-inner su-u-clearfix su-u-trim\" style=\"background-color:#FFFFFF;border-color:#ffffff;color:#333333;border-radius:10px;-moz-border-radius:10px;-webkit-border-radius:10px;\">\r\n\r\n<section id=\"specialParagraph\"><p> Sehr geehrte\/r [Name des Empf\u00e4ngers], <\/p>  <p> <strong>Betreff: Letzte Mahnung zur offenen Zahlung<\/strong> <\/p>  <p> Wir wollen Sie daran erinnern, dass Ihre Zahlung f\u00fcr die Rechnung mit der Nummer [Rechnungsnummer] in H\u00f6he von [Betrag] Euro immer noch aussteht. Trotz fr\u00fcherer Mahnungen haben wir bis heute keinen Zahlungseingang von Ihnen feststellen k\u00f6nnen. <\/p>  <p> Als Kund\/in unseres Unternehmens sind Sie verpflichtet, Ihre offenen Zahlungen fristgerecht zu begleichen. Wir m\u00f6chten betonen, dass wir viel Wert auf eine gute Gesch\u00e4ftsbeziehung legen und hoffen daher, dass Sie Ihr Zahlungsversprechen einhalten werden. <\/p>  <p> <strong>Bitte beachten Sie:<\/strong> <\/p>  <ol> <li> Innerhalb der n\u00e4chsten sieben Tage sollten Sie den ausstehenden Betrag auf unser Konto \u00fcberweisen. Die Bankverbindung finden Sie am Ende dieses Schreibens. <\/li> <li> Sollten Sie die Zahlung bereits get\u00e4tigt haben, betrachten Sie bitte dieses Schreiben als gegenstandslos und ignorieren Sie es. Kontaktieren Sie uns jedoch umgehend, falls ein Missverst\u00e4ndnis vorliegt. <\/li> <li> Bitte beachten Sie, dass eine Nichtzahlung rechtliche Schritte und zus\u00e4tzliche Kosten f\u00fcr Sie nach sich ziehen kann. Wir m\u00f6chten jedoch gerne eine au\u00dfergerichtliche Einigung erzielen und hoffen darauf, dass es nicht so weit kommen muss. <\/li> <\/ol>  <p> Wir m\u00f6chten Sie auch daran erinnern, dass wir uns jederzeit gerne mit Ihnen in Verbindung setzen, um etwaige Unklarheiten oder Schwierigkeiten zu kl\u00e4ren. Bitte nehmen Sie Kontakt mit unserem Kundenservice auf, falls Sie Fragen haben oder Hilfe ben\u00f6tigen. <\/p>  <p> <strong>Bankverbindung:<\/strong> <\/p>  <dl> <dt>Bank:<\/dt> <dd>Musterbank<\/dd> <dt>Kontoinhaber:<\/dt> <dd>[Ihr Name]<\/dd> <dt>IBAN:<\/dt> <dd>[Ihre IBAN]<\/dd> <dt>BIC:<\/dt> <dd>[Ihre BIC]<\/dd> <\/dl>  <p> Wir hoffen auf Ihre baldige Zahlung und gr\u00fc\u00dfen Sie freundlich. <\/p>  <p> Mit freundlichen Gr\u00fc\u00dfen, <br> [Ihr Name] <br> [Ihre Position im Unternehmen] <\/p><\/section><\/div><\/div>\r\n\r\n&nbsp;\r\n\r\n\r\n\r\n\r\n\r\n\r\n<p class=\"has-text-align-center\">Muster und Vorlage f\u00fcr <strong> Letzte Mahnung Schreiben <\/strong> zur Anpassung und Erstellung  im <strong>WORD<\/strong>\u2013 und <strong>PDF-Format<\/strong><\/p>\r\n\r\n\r\n<button id=\"generatePDF\">Erstellen (PDF &#8211; WORD)<\/button>\r\n\r\n\r\n\r\n<hr class=\"wp-block-separator has-alpha-channel-opacity\" \/>\r\n\r\n\r\n\r\n<p style=\"text-align: center;\"><strong>Letzte Mahnung Schreiben<\/strong><\/p>\r\n\r\n<div class=\"wp-block-columns is-layout-flex wp-container-core-columns-is-layout-9d6595d7 wp-block-columns-is-layout-flex\">\r\n\r\n\r\n<div class=\"wp-block-column is-layout-flow wp-block-column-is-layout-flow\"><div class=\"su-button-center\"><a href=\"https:\/\/www.mahnalarm.de\/wp-content\/uploads\/2020\/05\/Letzte-Mahnung-als-Zahlungserinnerung-Vorlage-Muster-Mai-2020.pdf\" class=\"su-button su-button-style-flat\" style=\"color:#FFFFFF;background-color:#144bb6;border-color:#103c92;border-radius:1px\" target=\"_self\"><span style=\"color:#FFFFFF;padding:0px 24px;font-size:18px;line-height:36px;border-color:#5b81cc;border-radius:1px;text-shadow:none\">   PDF <\/span><\/a><\/div>\n<\/div>\r\n\r\n\r\n\r\n<div class=\"wp-block-column is-layout-flow wp-block-column-is-layout-flow\"><div class=\"su-button-center\"><a href=\"https:\/\/www.unternehmerheld.de\/fileadmin\/Muster\/Vorlage-dritte-Mahnung-Unternehmerheldde.docx\" class=\"su-button su-button-style-flat\" style=\"color:#FFFFFF;background-color:#144bb6;border-color:#103c92;border-radius:1px\" target=\"_self\"><span style=\"color:#FFFFFF;padding:0px 24px;font-size:18px;line-height:36px;border-color:#5b81cc;border-radius:1px;text-shadow:none\">   DOC<\/span><\/a><\/div>\n<\/div>\r\n\r\n\r\n<\/div>\r\n\r\n\r\n\r\n<p style=\"text-align: center;\"><strong>Beispiele<\/strong><\/p>\r\n\r\n<div class=\"wp-block-columns is-layout-flex wp-container-core-columns-is-layout-9d6595d7 wp-block-columns-is-layout-flex\">\r\n\r\n\r\n<div class=\"wp-block-column is-layout-flow wp-block-column-is-layout-flow\"><div class=\"su-button-center\"><a href=\"https:\/\/www.mahnalarm.de\/wp-content\/uploads\/2020\/05\/Letzte-Mahnung-als-Zahlungserinnerung-Vorlage-Muster-Mai-2020.pdf\" class=\"su-button su-button-style-flat\" style=\"color:#FFFFFF;background-color:#144bb6;border-color:#103c92;border-radius:1px\" target=\"_self\"><span style=\"color:#FFFFFF;padding:0px 24px;font-size:18px;line-height:36px;border-color:#5b81cc;border-radius:1px;text-shadow:none\">  Beispiel &#8211; 1 <\/span><\/a><\/div>\n<\/div>\r\n\r\n\r\n\r\n<div class=\"wp-block-column is-layout-flow wp-block-column-is-layout-flow\"><div class=\"su-button-center\"><a href=\"https:\/\/abilita.de\/wp-content\/uploads\/2022\/06\/abilita-Muster-letzte-Mahnung.pdf\" class=\"su-button su-button-style-flat\" style=\"color:#FFFFFF;background-color:#144bb6;border-color:#103c92;border-radius:1px\" target=\"_self\"><span style=\"color:#FFFFFF;padding:0px 24px;font-size:18px;line-height:36px;border-color:#5b81cc;border-radius:1px;text-shadow:none\">  Beispiel &#8211; 2 <\/span><\/a><\/div>\n<\/div>\r\n\r\n\r\n<\/div>\r\n\r\n\r\n<hr class=\"wp-block-separator has-alpha-channel-opacity\" \/>\r\n\r\n\r\n\r\n<div class=\"wp-block-columns is-layout-flex wp-container-core-columns-is-layout-9d6595d7 wp-block-columns-is-layout-flex\">\r\n\r\n\r\n<div class=\"wp-block-column is-layout-flow wp-block-column-is-layout-flow\"><div class=\"su-button-center\"><a href=\"https:\/\/www.hwk-oldenburg.de\/_Resources\/Persistent\/b\/0\/8\/7\/b087f80010398d1369c61ddd30bbc160006c6bb4\/Mahnen_aber_richtig.pdf\" class=\"su-button su-button-style-flat\" style=\"color:#FFFFFF;background-color:#144bb6;border-color:#103c92;border-radius:1px\" target=\"_self\"><span style=\"color:#FFFFFF;padding:0px 24px;font-size:18px;line-height:36px;border-color:#5b81cc;border-radius:1px;text-shadow:none\">  Beispiel &#8211; 3 <\/span><\/a><\/div>\n<\/div>\r\n\r\n\r\n\r\n<div class=\"wp-block-column is-layout-flow wp-block-column-is-layout-flow\"><div class=\"su-button-center\"><a href=\"https:\/\/www.mahnalarm.de\/wp-content\/uploads\/2020\/05\/Letzte-Mahnung-als-Zahlungserinnerung-Vorlage-Muster-Mai-2020.pdf\" class=\"su-button su-button-style-flat\" style=\"color:#FFFFFF;background-color:#144bb6;border-color:#103c92;border-radius:1px\" target=\"_self\"><span style=\"color:#FFFFFF;padding:0px 24px;font-size:18px;line-height:36px;border-color:#5b81cc;border-radius:1px;text-shadow:none\">  Beispiel &#8211; 4 <\/span><\/a><\/div>\n<\/div>\r\n\r\n\r\n<\/div>\r\n\r\n\r\n<hr class=\"wp-block-separator has-alpha-channel-opacity\" \/>\r\n\r\n<!-- \/wp:post-content -->\r\n\r\n<!-- wp:table {\"align\":\"center\"} -->\r\n<figure class=\"wp-block-table aligncenter\">\r\n<table>\r\n<tbody>\r\n<tr>\r\n<td style=\"text-align: center;\">Letzte Mahnung Schreiben<\/td>\r\n<\/tr>\r\n<tr>\r\n<td style=\"text-align: center;\">PDF &#8211; WORD Datei<\/td>\r\n<\/tr>\r\n<tr>\r\n<td style=\"text-align: center;\">Bewertung: \u2b50\u2b50\u2b50\u2b50\u2b50 4.77<\/td>\r\n<\/tr>\r\n<tr>\r\n<td style=\"text-align: center;\">Ergebnisse &#8211; 6706<\/td>\r\n<\/tr>\r\n<\/tbody>\r\n<\/table>\r\n<\/figure>\r\n<!-- \/wp:table -->\r\n\r\n<!-- wp:separator -->\r\n\r\n<hr class=\"wp-block-separator has-alpha-channel-opacity\" \/>\r\n\r\n<!-- \/wp:separator -->\r\n\r\n<div class=\"su-note\"  style=\"border-color:#e5e5e5;border-radius:10px;-moz-border-radius:10px;-webkit-border-radius:10px;\"><div class=\"su-note-inner su-u-clearfix su-u-trim\" style=\"background-color:#FFFFFF;border-color:#ffffff;color:#333333;border-radius:10px;-moz-border-radius:10px;-webkit-border-radius:10px;\">\r\n\r\n<p>Das Verfassen eines letzten Mahnungsschreibens kann eine schwierige Aufgabe sein, da es wichtig ist, den richtigen Ton zu treffen und rechtlich korrekt zu sein. In dieser Anleitung werden wir Ihnen Schritt f\u00fcr Schritt erkl\u00e4ren, wie Sie ein effektives letztes Mahnungsschreiben verfassen k\u00f6nnen.<\/p>  <h3>Schritt 1: Einleitung<\/h3>  <p>Die Einleitung des letzten Mahnungsschreibens sollte h\u00f6flich und professionell sein. Beginnen Sie mit einer h\u00f6flichen Anrede und stellen Sie sicher, dass Sie die korrekten Kontaktdaten des Schuldners angeben. Geben Sie auch Ihre eigenen Kontaktdaten an, einschlie\u00dflich Ihrer vollst\u00e4ndigen postalischen Adresse, Telefonnummer und E-Mail-Adresse.<\/p>  <p><strong>Beispiel:<\/strong><\/p>  <blockquote> <p>Sehr geehrter Herr\/Frau [Name des Schuldners],<\/p>  <p>ich hoffe, dass diese Nachricht Sie im besten Wohl erreicht. Mein Name ist [Ihr Name], und ich vertrete [Name Ihres Unternehmens oder Ihrer Organisation]. Ich kontaktiere Sie in Bezug auf die ausstehende Zahlung in H\u00f6he von [Betrag], die am [F\u00e4lligkeitsdatum] f\u00e4llig war.<\/p>  <p>Bitte beachten Sie, dass diese Mahnung das letzte Schreiben ist, das Sie in Bezug auf diese Zahlung erhalten werden.<\/p>  <p>Mit freundlichen Gr\u00fc\u00dfen,<\/p>  [Ihr Name] <\/blockquote>  <h3>Schritt 2: Hauptteil<\/h3>  <p>Im Hauptteil des letzten Mahnungsschreibens sollten Sie klar und pr\u00e4zise auf die ausstehende Zahlung hinweisen. Stellen Sie sicher, dass Sie den genauen Betrag, das F\u00e4lligkeitsdatum und den Grund f\u00fcr die Zahlung angeben. Geben Sie au\u00dferdem an, dass dies das letzte Mahnungsschreiben ist und dass rechtliche Schritte eingeleitet werden, wenn die Zahlung nicht innerhalb einer bestimmten Frist erfolgt.<\/p>  <p><strong>Beispiel:<\/strong><\/p>  <blockquote> <p>Wir m\u00f6chten Sie h\u00f6flich daran erinnern, dass die Zahlung in H\u00f6he von [Betrag] f\u00fcr die Rechnung Nr. [Rechnungsnummer] am [F\u00e4lligkeitsdatum] f\u00e4llig war. Bis heute haben wir noch keine Zahlung von Ihnen erhalten.<\/p>  <p>Dieses Mahnungsschreiben ist das letzte, das wir Ihnen senden werden. Wenn wir innerhalb von [Anzahl der Tage] Tagen keine Zahlung von Ihnen erhalten, sind wir gezwungen, rechtliche Schritte einzuleiten, um die Schuld einzufordern.<\/p>  <p>Wir bitten Sie dringend, diese Angelegenheit ernst zu nehmen und die Zahlung umgehend zu leisten.<\/p>  <p>Mit freundlichen Gr\u00fc\u00dfen,<\/p>  [Ihr Name] <\/blockquote>  <h3>Schritt 3: Schluss<\/h3>  <p>Der Schluss des letzten Mahnungsschreibens sollte h\u00f6flich, aber bestimmt sein. Betonen Sie nochmals die Konsequenzen, wenn die Zahlung nicht innerhalb der festgelegten Frist erfolgt. Geben Sie au\u00dferdem an, wie der Schuldner die Zahlung leisten kann und dass er sich bei Fragen oder Unklarheiten gerne an Sie wenden kann.<\/p>  <p><strong>Beispiel:<\/strong><\/p>  <blockquote> <p>Wir m\u00f6chten Sie daran erinnern, dass eine Nichtzahlung dieser ausstehenden Rechnung rechtliche Konsequenzen nach sich ziehen kann, darunter die Einschaltung eines Inkassounternehmens oder die Einleitung rechtlicher Schritte.<\/p>  <p>Bitte z\u00f6gern Sie nicht, sich bei Fragen oder Unklarheiten an uns zu wenden. Die Zahlung kann auf folgendes Konto \u00fcberwiesen werden:<\/p>  <dl> <dt>[Name der Bank]<\/dt> <dd>[Bankkontonummer]<\/dd> <dd>[Bankleitzahl]<\/dd> <dd>[Name des Kontoinhabers]<\/dd> <\/dl>  <p>Wir bitten Sie erneut, Ihre offene Rechnung zu begleichen, um weitere rechtliche Schritte zu vermeiden. Wir hoffen auf eine umgehende Zahlung.<\/p>  <p>Mit freundlichen Gr\u00fc\u00dfen,<\/p>  [Ihr Name] <\/blockquote>  <h3>Wichtige \u00dcberlegungen zur formalen Gestaltung<\/h3>  <p>Beachten Sie beim Verfassen eines letzten Mahnungsschreibens die folgenden wichtigen \u00dcberlegungen zur formalen Gestaltung:<\/p>  <ol> <li>Verwenden Sie einen seri\u00f6sen Briefkopf, der den Namen Ihres Unternehmens oder Ihrer Organisation enth\u00e4lt.<\/li> <li>F\u00fcgen Sie das aktuelle Datum hinzu.<\/li> <li>Geben Sie einen aussagekr\u00e4ftigen Betreff an, z.B. &#8220;Letzte Mahnung: Ausstehende Zahlung f\u00fcr Rechnung Nr. [Rechnungsnummer]&#8221;.<\/li> <li>Nutzen Sie eine professionelle Schriftart wie Arial oder Times New Roman und verwenden Sie Fettdruck oder Kursivschrift, um wichtige Informationen hervorzuheben.<\/li> <li>Unterzeichnen Sie das Schreiben handschriftlich, wenn m\u00f6glich.<\/li> <li>F\u00fcgen Sie alle relevanten Dokumente wie Rechnungen oder Zahlungserinnerungen als Anhang bei.<\/li> <\/ol>  <p>Mit diesen \u00dcberlegungen zur formalen Gestaltung stellen Sie sicher, dass Ihr letztes Mahnungsschreiben professionell und seri\u00f6s wirkt.<\/p>  <p>Nachdem Sie alle Schritte befolgt haben und das letzte Mahnungsschreiben verfasst haben, lesen Sie es sorgf\u00e4ltig durch und \u00fcberpr\u00fcfen Sie auf Fehler oder Unklarheiten. Senden Sie das Schreiben dann per Einschreiben oder anderen nachverfolgbaren Versandmethoden, um sicherzustellen, dass es den Schuldner erreicht.<\/p>  <p>Wenn der Schuldner immer noch nicht zahlt, k\u00f6nnen Sie weitere rechtliche Schritte einleiten, z.B. die Einschaltung eines Inkassounternehmens oder die Klage vor Gericht.<\/p>  <p>Wir hoffen, dass Ihnen diese Anleitung geholfen hat, ein effektives letztes Mahnungsschreiben zu verfassen. Denken Sie daran, h\u00f6flich, aber bestimmt zu bleiben und rechtliche Konsequenzen klar zu kommunizieren.<\/p>\r\n\r\n<\/div><\/div>\r\n\r\n<!-- wp:separator -->\r\n\r\n<hr class=\"wp-block-separator has-alpha-channel-opacity\" \/>","protected":false},"excerpt":{"rendered":"<p>Vorlage und Muster f\u00fcr Letzte Mahnung Schreiben &#8211; Erstellung und Ausf\u00fcllen &#8211; \u00d6ffnen im PDF WORD Datei und Online &nbsp; &#8230; <\/p>\n<p class=\"read-more-container\"><a title=\"\u00d6ffnen &#8211; Letzte Mahnung Schreiben\" class=\"read-more button\" href=\"https:\/\/schreibenpro.com\/de\/letzte-mahnung-schreiben-offnen\/#more-588\" aria-label=\"Mehr zu \u00d6ffnen &#8211; Letzte Mahnung Schreiben\">\u00d6FFNEN <\/a><\/p>\n","protected":false},"author":1,"featured_media":0,"parent":0,"menu_order":0,"comment_status":"closed","ping_status":"closed","template":"","meta":{"footnotes":""},"class_list":{"0":"post-588","1":"page","2":"type-page","3":"status-publish","5":"infinite-scroll-item"},"yoast_head":"<!-- This site is optimized with the Yoast SEO plugin v24.6 - https:\/\/yoast.com\/wordpress\/plugins\/seo\/ -->\n<title>\u00d6ffnen - Letzte Mahnung Schreiben - Schreiben PRO<\/title>\n<meta name=\"robots\" content=\"noindex, follow\" \/>\n<meta property=\"og:locale\" content=\"de_DE\" \/>\n<meta property=\"og:type\" content=\"article\" \/>\n<meta property=\"og:title\" content=\"\u00d6ffnen - Letzte Mahnung Schreiben - Schreiben PRO\" \/>\n<meta property=\"og:description\" content=\"Vorlage und Muster f\u00fcr Letzte Mahnung Schreiben &#8211; Erstellung und Ausf\u00fcllen &#8211; \u00d6ffnen im PDF WORD Datei und Online &nbsp; ... \u00d6FFNEN\" \/>\n<meta property=\"og:url\" content=\"https:\/\/schreibenpro.com\/de\/letzte-mahnung-schreiben-offnen\/\" \/>\n<meta property=\"og:site_name\" content=\"Schreiben PRO\" \/>\n<meta property=\"og:image\" content=\"https:\/\/schreibenpro.com\/de\/wp-content\/uploads\/letzte-mahnung-schreiben-muster-vorlage.jpg\" \/>\n<meta name=\"twitter:card\" content=\"summary_large_image\" \/>\n<meta name=\"twitter:label1\" content=\"Gesch\u00e4tzte Lesezeit\" \/>\n\t<meta name=\"twitter:data1\" content=\"1\u00a0Minute\" \/>\n<!-- \/ Yoast SEO plugin. -->","yoast_head_json":{"title":"\u00d6ffnen - Letzte Mahnung Schreiben - Schreiben PRO","robots":{"index":"noindex","follow":"follow"},"og_locale":"de_DE","og_type":"article","og_title":"\u00d6ffnen - Letzte Mahnung Schreiben - Schreiben PRO","og_description":"Vorlage und Muster f\u00fcr Letzte Mahnung Schreiben &#8211; Erstellung und Ausf\u00fcllen &#8211; \u00d6ffnen im PDF WORD Datei und Online &nbsp; ... \u00d6FFNEN","og_url":"https:\/\/schreibenpro.com\/de\/letzte-mahnung-schreiben-offnen\/","og_site_name":"Schreiben PRO","og_image":[{"url":"https:\/\/schreibenpro.com\/de\/wp-content\/uploads\/letzte-mahnung-schreiben-muster-vorlage.jpg","type":"","width":"","height":""}],"twitter_card":"summary_large_image","twitter_misc":{"Gesch\u00e4tzte Lesezeit":"1\u00a0Minute"},"schema":{"@context":"https:\/\/schema.org","@graph":[{"@type":"WebPage","@id":"https:\/\/schreibenpro.com\/de\/letzte-mahnung-schreiben-offnen\/","url":"https:\/\/schreibenpro.com\/de\/letzte-mahnung-schreiben-offnen\/","name":"\u00d6ffnen - Letzte Mahnung Schreiben - Schreiben PRO","isPartOf":{"@id":"https:\/\/schreibenpro.com\/de\/#website"},"primaryImageOfPage":{"@id":"https:\/\/schreibenpro.com\/de\/letzte-mahnung-schreiben-offnen\/#primaryimage"},"image":{"@id":"https:\/\/schreibenpro.com\/de\/letzte-mahnung-schreiben-offnen\/#primaryimage"},"thumbnailUrl":"https:\/\/schreibenpro.com\/de\/wp-content\/uploads\/letzte-mahnung-schreiben-muster-vorlage.jpg","datePublished":"2023-12-18T08:24:48+00:00","breadcrumb":{"@id":"https:\/\/schreibenpro.com\/de\/letzte-mahnung-schreiben-offnen\/#breadcrumb"},"inLanguage":"de","potentialAction":[{"@type":"ReadAction","target":["https:\/\/schreibenpro.com\/de\/letzte-mahnung-schreiben-offnen\/"]}]},{"@type":"ImageObject","inLanguage":"de","@id":"https:\/\/schreibenpro.com\/de\/letzte-mahnung-schreiben-offnen\/#primaryimage","url":"https:\/\/schreibenpro.com\/de\/wp-content\/uploads\/anschreiben-zum-angebot-muster-vorlage.jpg","contentUrl":"https:\/\/schreibenpro.com\/de\/wp-content\/uploads\/anschreiben-zum-angebot-muster-vorlage.jpg","width":1410,"height":2250},{"@type":"BreadcrumbList","@id":"https:\/\/schreibenpro.com\/de\/letzte-mahnung-schreiben-offnen\/#breadcrumb","itemListElement":[{"@type":"ListItem","position":1,"name":"Portada","item":"https:\/\/schreibenpro.com\/de\/"},{"@type":"ListItem","position":2,"name":"\u00d6ffnen &#8211; Letzte Mahnung Schreiben"}]},{"@type":"WebSite","@id":"https:\/\/schreibenpro.com\/de\/#website","url":"https:\/\/schreibenpro.com\/de\/","name":"Schreiben PRO","description":"Muster und Vorlage","publisher":{"@id":"https:\/\/schreibenpro.com\/de\/#organization"},"potentialAction":[{"@type":"SearchAction","target":{"@type":"EntryPoint","urlTemplate":"https:\/\/schreibenpro.com\/de\/?s={search_term_string}"},"query-input":{"@type":"PropertyValueSpecification","valueRequired":true,"valueName":"search_term_string"}}],"inLanguage":"de"},{"@type":"Organization","@id":"https:\/\/schreibenpro.com\/de\/#organization","name":"Schreiben PRO","url":"https:\/\/schreibenpro.com\/de\/","logo":{"@type":"ImageObject","inLanguage":"de","@id":"https:\/\/schreibenpro.com\/de\/#\/schema\/logo\/image\/","url":"https:\/\/schreibenpro.com\/de\/wp-content\/uploads\/cropped-fav.png","contentUrl":"https:\/\/schreibenpro.com\/de\/wp-content\/uploads\/cropped-fav.png","width":512,"height":512,"caption":"Schreiben PRO"},"image":{"@id":"https:\/\/schreibenpro.com\/de\/#\/schema\/logo\/image\/"}}]}},"_links":{"self":[{"href":"https:\/\/schreibenpro.com\/de\/wp-json\/wp\/v2\/pages\/588","targetHints":{"allow":["GET"]}}],"collection":[{"href":"https:\/\/schreibenpro.com\/de\/wp-json\/wp\/v2\/pages"}],"about":[{"href":"https:\/\/schreibenpro.com\/de\/wp-json\/wp\/v2\/types\/page"}],"author":[{"embeddable":true,"href":"https:\/\/schreibenpro.com\/de\/wp-json\/wp\/v2\/users\/1"}],"replies":[{"embeddable":true,"href":"https:\/\/schreibenpro.com\/de\/wp-json\/wp\/v2\/comments?post=588"}],"version-history":[{"count":0,"href":"https:\/\/schreibenpro.com\/de\/wp-json\/wp\/v2\/pages\/588\/revisions"}],"wp:attachment":[{"href":"https:\/\/schreibenpro.com\/de\/wp-json\/wp\/v2\/media?parent=588"}],"curies":[{"name":"wp","href":"https:\/\/api.w.org\/{rel}","templated":true}]}}