{"id":591,"date":"2023-12-18T08:24:49","date_gmt":"2023-12-18T08:24:49","guid":{"rendered":"https:\/\/schreibenpro.com\/de\/besichtigungstermin-vereinbaren-anschreiben-wohnungsbesichtigung-offnen\/"},"modified":"2023-12-18T08:24:49","modified_gmt":"2023-12-18T08:24:49","slug":"besichtigungstermin-vereinbaren-anschreiben-wohnungsbesichtigung-offnen","status":"publish","type":"page","link":"https:\/\/schreibenpro.com\/de\/besichtigungstermin-vereinbaren-anschreiben-wohnungsbesichtigung-offnen\/","title":{"rendered":"\u00d6ffnen &#8211; Besichtigungstermin Vereinbaren Anschreiben Wohnungsbesichtigung"},"content":{"rendered":"\r\n<p class=\"has-text-align-center\">Vorlage und Muster f\u00fcr <strong> Besichtigungstermin Vereinbaren Anschreiben Wohnungsbesichtigung<\/strong> &#8211; Ausf\u00fcllen und Erstellung  &#8211; \u00d6ffnen im <strong>WORD PDF<\/strong> Datei und Online<\/p>\r\n\r\n\r\n\r\n\r\n<div class=\"wp-block-image\">\r\n<figure class=\"aligncenter size-large is-resized\"><img loading=\"lazy\" decoding=\"async\" class=\"wp-image-215\" src=\"https:\/\/schreibenpro.com\/de\/wp-content\/uploads\/besichtigungstermin-vereinbaren-anschreiben-wohnungsbesichtigung-muster-vorlage.jpg\" alt=\"\" width=\"245\" height=\"391\" \/><\/figure>\r\n<\/div>\r\n\r\n\r\n\r\n<hr class=\"wp-block-separator has-alpha-channel-opacity\" \/>\r\n\r\n\r\n\r\n\r\n\r\n<div class=\"su-note\"  style=\"border-color:#e5e5e5;border-radius:10px;-moz-border-radius:10px;-webkit-border-radius:10px;\"><div class=\"su-note-inner su-u-clearfix su-u-trim\" style=\"background-color:#FFFFFF;border-color:#ffffff;color:#333333;border-radius:10px;-moz-border-radius:10px;-webkit-border-radius:10px;\">\r\n\r\n<section id=\"specialParagraph\"><p>Sehr geehrte\/r [Vermieter\/in],<\/p>  <p>ich habe gro\u00dfes Interesse an der von Ihnen angebotenen Wohnung in [Adresse]. Gerne w\u00fcrde ich einen Besichtigungstermin vereinbaren, um mich pers\u00f6nlich von den R\u00e4umlichkeiten und der Umgebung zu \u00fcberzeugen.<\/p>  <p><strong>1. Einleitung:<\/strong><\/p> <p>In diesem Teil des Anschreibens stellen Sie sich kurz vor und geben an, warum Sie an der Wohnung interessiert sind. Geben Sie auch an, wo Sie von der Wohnung erfahren haben.<\/p>  <p>Mein Name ist [Vorname Nachname] und ich bin auf der Suche nach einer neuen Wohnung in [Stadt]. Die Lage der Wohnung in [Stadtteil] und die Beschreibung in der Anzeige haben mich besonders angesprochen. Ich habe von der Wohnung durch die Anzeige auf [Immobilienplattform] erfahren und bin davon \u00fcberzeugt, dass dies ein idealer Wohnort f\u00fcr mich ist.<\/p>  <p><strong>2. Vorstellung:<\/strong><\/p> <p>In diesem Abschnitt k\u00f6nnen Sie Informationen \u00fcber sich selbst geben, um dem Vermieter einen Eindruck von Ihnen zu vermitteln. Erw\u00e4hnen Sie Ihren Beruf, Ihr Einkommen und Ihre Interessen.<\/p>  <p>Ich bin derzeit als [Beruf] t\u00e4tig und verdiene ein regelm\u00e4\u00dfiges Einkommen. Ich bin Nichtraucher und habe keine Haustiere. In meiner Freizeit spiele ich gerne Tennis und engagiere mich ehrenamtlich bei [Organisation]. Ich bin eine ruhige Mieterin und achte stets auf Sauberkeit und Ordnung.<\/p>  <p><strong>3. Anfrage f\u00fcr einen Besichtigungstermin:<\/strong><\/p> <p>Zeigen Sie Ihrem potenziellen Vermieter, dass Sie ernsthaft an der Miete der Wohnung interessiert sind, indem Sie nach einem Besichtigungstermin fragen.<\/p>  <p>Da ich ein pers\u00f6nliches Bild von der Wohnung bekommen m\u00f6chte, w\u00fcrde ich mich sehr freuen, einen Besichtigungstermin vereinbaren zu k\u00f6nnen. Ich stehe Ihnen gerne zur Verf\u00fcgung, um einen geeigneten Termin zu finden.<\/p>  <p><strong>4. Flexibilit\u00e4t beim Terminangebot:<\/strong><\/p> <p>Geben Sie an, dass Sie flexibel sind und bereit sind, Ihre Zeitpl\u00e4ne anzupassen, um den Vermieter zu treffen.<\/p>  <p>Ich bin zeitlich flexibel und kann mich Ihren Verf\u00fcgbarkeiten anpassen. Es w\u00e4re f\u00fcr mich auch m\u00f6glich, tags\u00fcber w\u00e4hrend der Woche Zeit f\u00fcr eine Besichtigung einzurichten, falls dies f\u00fcr Sie besser passt.<\/p>  <p><strong>5. Danksagung und Abschluss:<\/strong><\/p> <p>Bedanken Sie sich h\u00f6flich f\u00fcr die Ber\u00fccksichtigung Ihrer Anfrage und geben Sie an, dass Sie auf eine positive R\u00fcckmeldung hoffen.<\/p>  <p>Ich bedanke mich im Voraus f\u00fcr Ihre Aufmerksamkeit und hoffe auf eine positive R\u00fcckmeldung. Falls noch weitere Unterlagen oder Informationen von meiner Seite ben\u00f6tigt werden, stehe ich Ihnen gerne zur Verf\u00fcgung.<\/p>  <p>Mit freundlichen Gr\u00fc\u00dfen,<\/p>  [Ihr Name]<\/section><\/div><\/div>\r\n\r\n&nbsp;\r\n\r\n\r\n\r\n\r\n\r\n\r\n<p class=\"has-text-align-center\">Vorlage und Muster f\u00fcr <strong> Besichtigungstermin Vereinbaren Anschreiben Wohnungsbesichtigung <\/strong> zur Anpassung und Erstellung  im <strong>WORD<\/strong>\u2013 und <strong>PDF-Format<\/strong><\/p>\r\n\r\n\r\n<button id=\"generatePDF\">Erstellen (PDF &#8211; WORD)<\/button>\r\n\r\n\r\n\r\n<hr class=\"wp-block-separator has-alpha-channel-opacity\" \/>\r\n\r\n\r\n\r\n<p style=\"text-align: center;\"><strong>Besichtigungstermin Vereinbaren Anschreiben Wohnungsbesichtigung<\/strong><\/p>\r\n\r\n<div class=\"wp-block-columns is-layout-flex wp-container-core-columns-is-layout-9d6595d7 wp-block-columns-is-layout-flex\">\r\n\r\n\r\n<div class=\"wp-block-column is-layout-flow wp-block-column-is-layout-flow\"><div class=\"su-button-center\"><a href=\"https:\/\/www.mhb-fontane.de\/files\/Dateien\/Aktuelles\/2023\/leitfaden-wohnungssuche.pdf\" class=\"su-button su-button-style-flat\" style=\"color:#FFFFFF;background-color:#144bb6;border-color:#103c92;border-radius:1px\" target=\"_self\"><span style=\"color:#FFFFFF;padding:0px 24px;font-size:18px;line-height:36px;border-color:#5b81cc;border-radius:1px;text-shadow:none\">   PDF <\/span><\/a><\/div>\n<\/div>\r\n\r\n\r\n\r\n<div class=\"wp-block-column is-layout-flow wp-block-column-is-layout-flow\"><div class=\"su-button-center\"><a href=\"https:\/\/www.immoverkauf24.de\/download\/muster_ankuendigung_wohnungsbesichtigung.docx\" class=\"su-button su-button-style-flat\" style=\"color:#FFFFFF;background-color:#144bb6;border-color:#103c92;border-radius:1px\" target=\"_self\"><span style=\"color:#FFFFFF;padding:0px 24px;font-size:18px;line-height:36px;border-color:#5b81cc;border-radius:1px;text-shadow:none\">   DOC<\/span><\/a><\/div>\n<\/div>\r\n\r\n\r\n<\/div>\r\n\r\n\r\n\r\n<p style=\"text-align: center;\"><strong>Beispiele<\/strong><\/p>\r\n\r\n<div class=\"wp-block-columns is-layout-flex wp-container-core-columns-is-layout-9d6595d7 wp-block-columns-is-layout-flex\">\r\n\r\n\r\n<div class=\"wp-block-column is-layout-flow wp-block-column-is-layout-flow\"><div class=\"su-button-center\"><a href=\"https:\/\/www.mieterverein-dortmund.de\/fileadmin\/dateien\/russisch\/Musterbrief_Neuer_Besichtigungstermin_russisch.pdf\" class=\"su-button su-button-style-flat\" style=\"color:#FFFFFF;background-color:#144bb6;border-color:#103c92;border-radius:1px\" target=\"_self\"><span style=\"color:#FFFFFF;padding:0px 24px;font-size:18px;line-height:36px;border-color:#5b81cc;border-radius:1px;text-shadow:none\">  Beispiel &#8211; 1 <\/span><\/a><\/div>\n<\/div>\r\n\r\n\r\n\r\n<div class=\"wp-block-column is-layout-flow wp-block-column-is-layout-flow\"><div class=\"su-button-center\"><a href=\"https:\/\/www.mhb-fontane.de\/files\/Dateien\/Aktuelles\/2023\/leitfaden-wohnungssuche.pdf\" class=\"su-button su-button-style-flat\" style=\"color:#FFFFFF;background-color:#144bb6;border-color:#103c92;border-radius:1px\" target=\"_self\"><span style=\"color:#FFFFFF;padding:0px 24px;font-size:18px;line-height:36px;border-color:#5b81cc;border-radius:1px;text-shadow:none\">  Beispiel &#8211; 2 <\/span><\/a><\/div>\n<\/div>\r\n\r\n\r\n<\/div>\r\n\r\n\r\n<hr class=\"wp-block-separator has-alpha-channel-opacity\" \/>\r\n\r\n\r\n\r\n<div class=\"wp-block-columns is-layout-flex wp-container-core-columns-is-layout-9d6595d7 wp-block-columns-is-layout-flex\">\r\n\r\n\r\n<div class=\"wp-block-column is-layout-flow wp-block-column-is-layout-flow\"><div class=\"su-button-center\"><a href=\"https:\/\/expose-api.vonovia.de\/api\/v1\/Public\/Pdf\/1060110019?shortExpose=false\" class=\"su-button su-button-style-flat\" style=\"color:#FFFFFF;background-color:#144bb6;border-color:#103c92;border-radius:1px\" target=\"_self\"><span style=\"color:#FFFFFF;padding:0px 24px;font-size:18px;line-height:36px;border-color:#5b81cc;border-radius:1px;text-shadow:none\">  Beispiel &#8211; 3 <\/span><\/a><\/div>\n<\/div>\r\n\r\n\r\n\r\n<div class=\"wp-block-column is-layout-flow wp-block-column-is-layout-flow\"><div class=\"su-button-center\"><a href=\"https:\/\/www.mhb-fontane.de\/files\/Dateien\/Aktuelles\/2023\/leitfaden-wohnungssuche.pdf\" class=\"su-button su-button-style-flat\" style=\"color:#FFFFFF;background-color:#144bb6;border-color:#103c92;border-radius:1px\" target=\"_self\"><span style=\"color:#FFFFFF;padding:0px 24px;font-size:18px;line-height:36px;border-color:#5b81cc;border-radius:1px;text-shadow:none\">  Beispiel &#8211; 4 <\/span><\/a><\/div>\n<\/div>\r\n\r\n\r\n<\/div>\r\n\r\n\r\n<hr class=\"wp-block-separator has-alpha-channel-opacity\" \/>\r\n\r\n<!-- \/wp:post-content -->\r\n\r\n<!-- wp:table {\"align\":\"center\"} -->\r\n<figure class=\"wp-block-table aligncenter\">\r\n<table>\r\n<tbody>\r\n<tr>\r\n<td style=\"text-align: center;\">Besichtigungstermin Vereinbaren Anschreiben Wohnungsbesichtigung<\/td>\r\n<\/tr>\r\n<tr>\r\n<td style=\"text-align: center;\">PDF &#8211; WORD Datei<\/td>\r\n<\/tr>\r\n<tr>\r\n<td style=\"text-align: center;\">Bewertung: \u2b50\u2b50\u2b50\u2b50\u2b50 4.73<\/td>\r\n<\/tr>\r\n<tr>\r\n<td style=\"text-align: center;\">Ergebnisse &#8211; 4027<\/td>\r\n<\/tr>\r\n<\/tbody>\r\n<\/table>\r\n<\/figure>\r\n<!-- \/wp:table -->\r\n\r\n<!-- wp:separator -->\r\n\r\n<hr class=\"wp-block-separator has-alpha-channel-opacity\" \/>\r\n\r\n<!-- \/wp:separator -->\r\n\r\n<div class=\"su-note\"  style=\"border-color:#e5e5e5;border-radius:10px;-moz-border-radius:10px;-webkit-border-radius:10px;\"><div class=\"su-note-inner su-u-clearfix su-u-trim\" style=\"background-color:#FFFFFF;border-color:#ffffff;color:#333333;border-radius:10px;-moz-border-radius:10px;-webkit-border-radius:10px;\">\r\n\r\n<p>Ein Anschreiben zur Vereinbarung eines Besichtigungstermins f\u00fcr eine Wohnungsbesichtigung ist eine wichtige M\u00f6glichkeit, um Ihre Interessen an einer Wohnung zu kommunizieren und einen ersten Eindruck beim Vermieter zu hinterlassen. In diesem Artikel erfahren Sie, wie Sie ein effektives Anschreiben verfassen k\u00f6nnen. <\/p>  <h3>Schritt 1: Der richtige Briefkopf<\/h3> <p>Beginnen Sie Ihr Anschreiben mit Ihrem eigenen Namen und Ihrer Adresse als Briefkopf. Dies sollte in der Regel oben links auf der Seite platziert werden. <\/p>  <p><strong>Beispiel:<\/strong><\/p> <p><strong>Ihr Name<\/strong><\/p> <p><strong>Ihre Adresse<\/strong><\/p> <p><strong>Ihre Stadt, PLZ<\/strong><\/p>  <h3>Schritt 2: Das Datum<\/h3> <p>Das Datum sollte direkt unter Ihrem Briefkopf eingef\u00fcgt werden. Verwenden Sie das Format Tag, Monat, Jahr. <\/p>  <p><strong>Beispiel:<\/strong><\/p> <p><strong>Datum: 01. Januar 2022<\/strong><\/p>  <h3>Schritt 3: Der richtige Empf\u00e4nger<\/h3> <p>Der Empf\u00e4nger des Anschreibens sollte klar und korrekt angegeben werden. Geben Sie den Namen und die Adresse des Vermieters oder der Wohnungsverwaltung an. <\/p>  <p><strong>Beispiel:<\/strong><\/p> <p><strong>Name des Vermieters<\/strong><\/p> <p><strong>Adresse des Vermieters<\/strong><\/p> <p><strong>PLZ, Stadt des Vermieters<\/strong><\/p>  <h3>Schritt 4: Die richtige Anrede<\/h3> <p>Verwenden Sie eine formelle Anrede wie &#8220;Sehr geehrter Herr\/Frau [Nachname]&#8221; oder &#8220;Sehr geehrte Damen und Herren&#8221;. <\/p>  <p><strong>Beispiel:<\/strong><\/p> <p><strong>Sehr geehrter Herr M\u00fcller,<\/strong><\/p>  <h3>Schritt 5: Die Einleitung<\/h3> <p>In der Einleitung sollten Sie Ihren Zweck f\u00fcr das Anschreiben klar und pr\u00e4zise formulieren. Geben Sie an, dass Sie an einer Besichtigung der Wohnung interessiert sind und einen Termin vereinbaren m\u00f6chten. <\/p> <p>Erw\u00e4hnen Sie dabei auch, wie Sie auf die Wohnung aufmerksam geworden sind (z.B. durch eine Anzeige, einen Makler oder eine Empfehlung). <\/p>  <p><strong>Beispiel:<\/strong><\/p> <p><strong>Ich habe Ihre Anzeige f\u00fcr die Wohnung in der [Name der Zeitung\/Internetseite] gesehen und bin sehr interessiert. Ich w\u00fcrde gerne einen Termin f\u00fcr eine Besichtigung vereinbaren.<\/strong><\/p>  <h3>Schritt 6: Der Hauptteil<\/h3> <p>Der Hauptteil des Anschreibens sollte Ihre Interessen und Qualifikationen f\u00fcr die Wohnung deutlich machen. Beschreiben Sie Ihre aktuelle Wohnsituation, Ihren Beruf und Ihre finanzielle Stabilit\u00e4t. Erw\u00e4hnen Sie auch, warum Ihnen die Wohnung gef\u00e4llt und wie Sie sich in die Umgebung integrieren m\u00f6chten. <\/p>  <p><strong>Beispiel:<\/strong><\/p> <p><strong>Derzeit wohne ich in einer kleinen Wohnung in der N\u00e4he und bin auf der Suche nach einer gr\u00f6\u00dferen Wohnung. Ich bin berufst\u00e4tig als [Beruf] und kann mir die Miete problemlos leisten. Die Lage der Wohnung spricht mich besonders an, da sie zentral gelegen ist und gute Verkehrsanbindungen bietet. Ich bin zuverl\u00e4ssig und ordentlich und w\u00fcrde mich gerne in das bestehende Mieterumfeld integrieren.<\/strong><\/p>  <h3>Schritt 7: Der Abschluss<\/h3> <p>Im Abschluss sollten Sie Ihren Wunsch nach einem Besichtigungstermin nochmals deutlich machen und Ihre Kontaktdaten angeben. Bedanken Sie sich f\u00fcr die Aufmerksamkeit und geben Sie an, dass Sie auf eine positive R\u00fcckmeldung freuen. <\/p>  <p><strong>Beispiel:<\/strong><\/p> <p><strong>Ich w\u00fcrde mich sehr freuen, wenn Sie mir einen Besichtigungstermin zur Verf\u00fcgung stellen k\u00f6nnten. Sie erreichen mich unter der Telefonnummer [Telefonnummer] oder per E-Mail unter [E-Mail-Adresse]. Vielen Dank f\u00fcr Ihre Aufmerksamkeit und ich freue mich auf Ihre R\u00fcckmeldung.<\/strong><\/p>  <h3>Schritt 8: Die richtige Schlussformel<\/h3> <p>Verwenden Sie eine passende Schlussformel wie &#8220;Mit freundlichen Gr\u00fc\u00dfen&#8221; oder &#8220;Mit besten Gr\u00fc\u00dfen&#8221;, gefolgt von Ihrer Unterschrift. <\/p>  <p><strong>Beispiel:<\/strong><\/p> <p><strong>Mit freundlichen Gr\u00fc\u00dfen,<\/strong><\/p> <p><strong>Ihr Name<\/strong><\/p>  <h3>Schritt 9: \u00dcberpr\u00fcfen Sie Ihre Angaben<\/h3> <p>Vergessen Sie nicht, Ihre Angaben zu \u00fcberpr\u00fcfen, bevor Sie das Anschreiben abschicken. Stellen Sie sicher, dass Ihr Brief alle erforderlichen Informationen enth\u00e4lt und frei von Rechtschreib- und Grammatikfehlern ist. <\/p>  <h3><\/h3> <p>Das Verfassen eines Anschreibens zur Vereinbarung eines Besichtigungstermins f\u00fcr eine Wohnungsbesichtigung erfordert einige \u00dcberlegungen und die richtige Struktur. Beginnen Sie mit Ihrem Briefkopf und dem Datum, geben Sie den richtigen Empf\u00e4nger an und w\u00e4hlen Sie eine formelle Anrede. Kl\u00e4ren Sie in der Einleitung Ihren Zweck und Interesse, geben Sie im Hauptteil Ihre Qualifikationen an und formulieren Sie im Abschluss Ihren Wunsch nach einem Besichtigungstermin. Beenden Sie das Anschreiben mit einer passenden Schlussformel und Ihrer Unterschrift. \u00dcberpr\u00fcfen Sie Ihre Angaben und versenden Sie den Brief erst, wenn Sie sicher sind, dass er fehlerfrei ist.<\/p>\r\n\r\n<\/div><\/div>\r\n\r\n<!-- wp:separator -->\r\n\r\n<hr class=\"wp-block-separator has-alpha-channel-opacity\" \/>","protected":false},"excerpt":{"rendered":"<p>Vorlage und Muster f\u00fcr Besichtigungstermin Vereinbaren Anschreiben Wohnungsbesichtigung &#8211; Ausf\u00fcllen und Erstellung &#8211; \u00d6ffnen im WORD PDF Datei und Online &#8230; <\/p>\n<p class=\"read-more-container\"><a title=\"\u00d6ffnen &#8211; Besichtigungstermin Vereinbaren Anschreiben Wohnungsbesichtigung\" class=\"read-more button\" href=\"https:\/\/schreibenpro.com\/de\/besichtigungstermin-vereinbaren-anschreiben-wohnungsbesichtigung-offnen\/#more-591\" aria-label=\"Mehr zu \u00d6ffnen &#8211; Besichtigungstermin Vereinbaren Anschreiben Wohnungsbesichtigung\">\u00d6FFNEN <\/a><\/p>\n","protected":false},"author":1,"featured_media":0,"parent":0,"menu_order":0,"comment_status":"closed","ping_status":"closed","template":"","meta":{"footnotes":""},"class_list":{"0":"post-591","1":"page","2":"type-page","3":"status-publish","5":"infinite-scroll-item"},"yoast_head":"<!-- This site is optimized with the Yoast SEO plugin v24.6 - https:\/\/yoast.com\/wordpress\/plugins\/seo\/ -->\n<title>\u00d6ffnen - Besichtigungstermin Vereinbaren Anschreiben Wohnungsbesichtigung - Schreiben PRO<\/title>\n<meta name=\"robots\" content=\"noindex, follow\" \/>\n<meta property=\"og:locale\" content=\"de_DE\" \/>\n<meta property=\"og:type\" content=\"article\" \/>\n<meta property=\"og:title\" content=\"\u00d6ffnen - Besichtigungstermin Vereinbaren Anschreiben Wohnungsbesichtigung - Schreiben PRO\" \/>\n<meta property=\"og:description\" content=\"Vorlage und Muster f\u00fcr Besichtigungstermin Vereinbaren Anschreiben Wohnungsbesichtigung &#8211; Ausf\u00fcllen und Erstellung &#8211; \u00d6ffnen im WORD PDF Datei und Online ... \u00d6FFNEN\" \/>\n<meta property=\"og:url\" content=\"https:\/\/schreibenpro.com\/de\/besichtigungstermin-vereinbaren-anschreiben-wohnungsbesichtigung-offnen\/\" \/>\n<meta property=\"og:site_name\" content=\"Schreiben PRO\" \/>\n<meta property=\"og:image\" content=\"https:\/\/schreibenpro.com\/de\/wp-content\/uploads\/besichtigungstermin-vereinbaren-anschreiben-wohnungsbesichtigung-muster-vorlage.jpg\" \/>\n<meta name=\"twitter:card\" content=\"summary_large_image\" \/>\n<meta name=\"twitter:label1\" content=\"Gesch\u00e4tzte Lesezeit\" \/>\n\t<meta name=\"twitter:data1\" content=\"1\u00a0Minute\" \/>\n<!-- \/ Yoast SEO plugin. -->","yoast_head_json":{"title":"\u00d6ffnen - Besichtigungstermin Vereinbaren Anschreiben Wohnungsbesichtigung - Schreiben PRO","robots":{"index":"noindex","follow":"follow"},"og_locale":"de_DE","og_type":"article","og_title":"\u00d6ffnen - Besichtigungstermin Vereinbaren Anschreiben Wohnungsbesichtigung - Schreiben PRO","og_description":"Vorlage und Muster f\u00fcr Besichtigungstermin Vereinbaren Anschreiben Wohnungsbesichtigung &#8211; Ausf\u00fcllen und Erstellung &#8211; \u00d6ffnen im WORD PDF Datei und Online ... \u00d6FFNEN","og_url":"https:\/\/schreibenpro.com\/de\/besichtigungstermin-vereinbaren-anschreiben-wohnungsbesichtigung-offnen\/","og_site_name":"Schreiben PRO","og_image":[{"url":"https:\/\/schreibenpro.com\/de\/wp-content\/uploads\/besichtigungstermin-vereinbaren-anschreiben-wohnungsbesichtigung-muster-vorlage.jpg","type":"","width":"","height":""}],"twitter_card":"summary_large_image","twitter_misc":{"Gesch\u00e4tzte Lesezeit":"1\u00a0Minute"},"schema":{"@context":"https:\/\/schema.org","@graph":[{"@type":"WebPage","@id":"https:\/\/schreibenpro.com\/de\/besichtigungstermin-vereinbaren-anschreiben-wohnungsbesichtigung-offnen\/","url":"https:\/\/schreibenpro.com\/de\/besichtigungstermin-vereinbaren-anschreiben-wohnungsbesichtigung-offnen\/","name":"\u00d6ffnen - Besichtigungstermin Vereinbaren Anschreiben Wohnungsbesichtigung - Schreiben PRO","isPartOf":{"@id":"https:\/\/schreibenpro.com\/de\/#website"},"primaryImageOfPage":{"@id":"https:\/\/schreibenpro.com\/de\/besichtigungstermin-vereinbaren-anschreiben-wohnungsbesichtigung-offnen\/#primaryimage"},"image":{"@id":"https:\/\/schreibenpro.com\/de\/besichtigungstermin-vereinbaren-anschreiben-wohnungsbesichtigung-offnen\/#primaryimage"},"thumbnailUrl":"https:\/\/schreibenpro.com\/de\/wp-content\/uploads\/besichtigungstermin-vereinbaren-anschreiben-wohnungsbesichtigung-muster-vorlage.jpg","datePublished":"2023-12-18T08:24:49+00:00","breadcrumb":{"@id":"https:\/\/schreibenpro.com\/de\/besichtigungstermin-vereinbaren-anschreiben-wohnungsbesichtigung-offnen\/#breadcrumb"},"inLanguage":"de","potentialAction":[{"@type":"ReadAction","target":["https:\/\/schreibenpro.com\/de\/besichtigungstermin-vereinbaren-anschreiben-wohnungsbesichtigung-offnen\/"]}]},{"@type":"ImageObject","inLanguage":"de","@id":"https:\/\/schreibenpro.com\/de\/besichtigungstermin-vereinbaren-anschreiben-wohnungsbesichtigung-offnen\/#primaryimage","url":"https:\/\/schreibenpro.com\/de\/wp-content\/uploads\/anschreiben-zum-angebot-muster-vorlage.jpg","contentUrl":"https:\/\/schreibenpro.com\/de\/wp-content\/uploads\/anschreiben-zum-angebot-muster-vorlage.jpg","width":1410,"height":2250},{"@type":"BreadcrumbList","@id":"https:\/\/schreibenpro.com\/de\/besichtigungstermin-vereinbaren-anschreiben-wohnungsbesichtigung-offnen\/#breadcrumb","itemListElement":[{"@type":"ListItem","position":1,"name":"Portada","item":"https:\/\/schreibenpro.com\/de\/"},{"@type":"ListItem","position":2,"name":"\u00d6ffnen &#8211; Besichtigungstermin Vereinbaren Anschreiben Wohnungsbesichtigung"}]},{"@type":"WebSite","@id":"https:\/\/schreibenpro.com\/de\/#website","url":"https:\/\/schreibenpro.com\/de\/","name":"Schreiben PRO","description":"Muster und Vorlage","publisher":{"@id":"https:\/\/schreibenpro.com\/de\/#organization"},"potentialAction":[{"@type":"SearchAction","target":{"@type":"EntryPoint","urlTemplate":"https:\/\/schreibenpro.com\/de\/?s={search_term_string}"},"query-input":{"@type":"PropertyValueSpecification","valueRequired":true,"valueName":"search_term_string"}}],"inLanguage":"de"},{"@type":"Organization","@id":"https:\/\/schreibenpro.com\/de\/#organization","name":"Schreiben PRO","url":"https:\/\/schreibenpro.com\/de\/","logo":{"@type":"ImageObject","inLanguage":"de","@id":"https:\/\/schreibenpro.com\/de\/#\/schema\/logo\/image\/","url":"https:\/\/schreibenpro.com\/de\/wp-content\/uploads\/cropped-fav.png","contentUrl":"https:\/\/schreibenpro.com\/de\/wp-content\/uploads\/cropped-fav.png","width":512,"height":512,"caption":"Schreiben PRO"},"image":{"@id":"https:\/\/schreibenpro.com\/de\/#\/schema\/logo\/image\/"}}]}},"_links":{"self":[{"href":"https:\/\/schreibenpro.com\/de\/wp-json\/wp\/v2\/pages\/591","targetHints":{"allow":["GET"]}}],"collection":[{"href":"https:\/\/schreibenpro.com\/de\/wp-json\/wp\/v2\/pages"}],"about":[{"href":"https:\/\/schreibenpro.com\/de\/wp-json\/wp\/v2\/types\/page"}],"author":[{"embeddable":true,"href":"https:\/\/schreibenpro.com\/de\/wp-json\/wp\/v2\/users\/1"}],"replies":[{"embeddable":true,"href":"https:\/\/schreibenpro.com\/de\/wp-json\/wp\/v2\/comments?post=591"}],"version-history":[{"count":0,"href":"https:\/\/schreibenpro.com\/de\/wp-json\/wp\/v2\/pages\/591\/revisions"}],"wp:attachment":[{"href":"https:\/\/schreibenpro.com\/de\/wp-json\/wp\/v2\/media?parent=591"}],"curies":[{"name":"wp","href":"https:\/\/api.w.org\/{rel}","templated":true}]}}