{"id":594,"date":"2023-12-18T08:24:51","date_gmt":"2023-12-18T08:24:51","guid":{"rendered":"https:\/\/schreibenpro.com\/de\/anschreiben-rucksendung-vertrag-offnen\/"},"modified":"2023-12-18T08:24:51","modified_gmt":"2023-12-18T08:24:51","slug":"anschreiben-rucksendung-vertrag-offnen","status":"publish","type":"page","link":"https:\/\/schreibenpro.com\/de\/anschreiben-rucksendung-vertrag-offnen\/","title":{"rendered":"\u00d6ffnen &#8211; Anschreiben R\u00fccksendung Vertrag"},"content":{"rendered":"\r\n<p class=\"has-text-align-center\">Muster und Vorlage f\u00fcr <strong> Anschreiben R\u00fccksendung Vertrag<\/strong> &#8211; Erstellung und Ausf\u00fcllen &#8211; \u00d6ffnen im <strong>WORD PDF<\/strong> Datei und Online<\/p>\r\n\r\n\r\n\r\n\r\n<div class=\"wp-block-image\">\r\n<figure class=\"aligncenter size-large is-resized\"><img loading=\"lazy\" decoding=\"async\" class=\"wp-image-215\" src=\"https:\/\/schreibenpro.com\/de\/wp-content\/uploads\/anschreiben-rucksendung-vertrag-muster-vorlage.jpg\" alt=\"\" width=\"245\" height=\"391\" \/><\/figure>\r\n<\/div>\r\n\r\n\r\n\r\n<hr class=\"wp-block-separator has-alpha-channel-opacity\" \/>\r\n\r\n\r\n\r\n\r\n\r\n<div class=\"su-note\"  style=\"border-color:#e5e5e5;border-radius:10px;-moz-border-radius:10px;-webkit-border-radius:10px;\"><div class=\"su-note-inner su-u-clearfix su-u-trim\" style=\"background-color:#FFFFFF;border-color:#ffffff;color:#333333;border-radius:10px;-moz-border-radius:10px;-webkit-border-radius:10px;\">\r\n\r\n<section id=\"specialParagraph\"><p><strong>An<\/strong><\/p> <p>Firma XYZ<\/p> <p>Stra\u00dfe 123<\/p> <p>12345 Stadt<\/p> <p><\/p> <p><strong>Absender<\/strong><\/p> <p>Ihr Name<\/p> <p>Ihre Adresse<\/p> <p>Ihre Stadt und PLZ<\/p> <p>Ihre E-Mail-Adresse<\/p> <p><\/p> <p><strong>Datum<\/strong><\/p> <p><\/p> <p>Betreff: R\u00fccksendung Vertrag<\/p>  <p><strong>Sehr geehrte Damen und Herren,<\/strong><\/p>  <p>hiermit m\u00f6chte ich den mit Ihrer Firma abgeschlossenen Vertrag vom <strong>Datum des Vertragsabschlusses<\/strong> widerrufen und Ihnen fristgerecht innerhalb der gesetzlichen Frist von 14 Tagen die R\u00fccksendung des Vertragsformulars zukommen lassen.<\/p>  <p>Bitte best\u00e4tigen Sie mir schriftlich den Eingang dieses Schreibens und teilen Sie mir mit, wie ich den Vertrag an Sie zur\u00fccksenden kann.<\/p>  <p>Im Folgenden finden Sie eine Auflistung der Vertragsunterlagen:<\/p>  <dt>1. Vertragsformular<\/dt> <dd>&#8211; Beschreiben Sie hier das Vertragsformular oder geben Sie eine kurze Beschreibung des Vertragsinhalts.<\/dd> <dt>2. Anlagen<\/dt> <dd>&#8211; Auflistung weiterer Dokumente oder Unterlagen, die Bestandteil des Vertrags sind.<\/dd>  <p>Bitte best\u00e4tigen Sie, dass die R\u00fccksendung des Vertragsformulars die Wirksamkeit der Vertragsk\u00fcndigung bewirkt und dass alle geleisteten Zahlungen innerhalb von 14 Tagen nach Eingang der Vertragsr\u00fccksendung auf meinem Konto zur\u00fcckerstattet werden.<\/p>  <p>Im Falle von Fragen oder Unklarheiten stehe ich Ihnen gerne zur Verf\u00fcgung. Sie erreichen mich unter der oben angegebenen E-Mail-Adresse oder telefonisch unter <strong>Ihre Telefonnummer<\/strong>.<\/p>  <p>Vielen Dank im Voraus f\u00fcr Ihre Unterst\u00fctzung und eine zeitnahe Erledigung der R\u00fcckabwicklung des Vertrags.<\/p>  <p>Mit freundlichen Gr\u00fc\u00dfen,<\/p>  <p>Ihr Name<\/p>  <p><strong>Anlagen:<\/strong><\/P>  <p>&#8211; Vertragsformular<\/p> <p>&#8211; Weitere Anlagen<\/p><\/section><\/div><\/div>\r\n\r\n&nbsp;\r\n\r\n\r\n\r\n\r\n\r\n\r\n<p class=\"has-text-align-center\">Vorlage und Muster f\u00fcr <strong> Anschreiben R\u00fccksendung Vertrag <\/strong> zur Anpassung und Erstellung  im <strong>WORD<\/strong>\u2013 und <strong>PDF-Format<\/strong><\/p>\r\n\r\n\r\n<button id=\"generatePDF\">Erstellen (PDF &#8211; WORD)<\/button>\r\n\r\n\r\n\r\n<hr class=\"wp-block-separator has-alpha-channel-opacity\" \/>\r\n\r\n\r\n\r\n<p style=\"text-align: center;\"><strong>Anschreiben R\u00fccksendung Vertrag<\/strong><\/p>\r\n\r\n<div class=\"wp-block-columns is-layout-flex wp-container-core-columns-is-layout-9d6595d7 wp-block-columns-is-layout-flex\">\r\n\r\n\r\n<div class=\"wp-block-column is-layout-flow wp-block-column-is-layout-flow\"><div class=\"su-button-center\"><a href=\"https:\/\/www.verbraucherzentrale.de\/sites\/default\/files\/2019-09\/Musterbrief_Widerruf%20gekaufte%20Ware%20oder%20bestellte%20Dienstleistung.pdf\" class=\"su-button su-button-style-flat\" style=\"color:#FFFFFF;background-color:#144bb6;border-color:#103c92;border-radius:1px\" target=\"_self\"><span style=\"color:#FFFFFF;padding:0px 24px;font-size:18px;line-height:36px;border-color:#5b81cc;border-radius:1px;text-shadow:none\">   PDF <\/span><\/a><\/div>\n<\/div>\r\n\r\n\r\n\r\n<div class=\"wp-block-column is-layout-flow wp-block-column-is-layout-flow\"><div class=\"su-button-center\"><a href=\"https:\/\/www.stmb.bayern.de\/assets\/stmi\/buw\/bauthemen\/vergabeundvertragswesen\/vhf\/iii-21_begleitschreiben_zum_gegengezeichneten_vertrag_0219.docx\" class=\"su-button su-button-style-flat\" style=\"color:#FFFFFF;background-color:#144bb6;border-color:#103c92;border-radius:1px\" target=\"_self\"><span style=\"color:#FFFFFF;padding:0px 24px;font-size:18px;line-height:36px;border-color:#5b81cc;border-radius:1px;text-shadow:none\">   DOC<\/span><\/a><\/div>\n<\/div>\r\n\r\n\r\n<\/div>\r\n\r\n\r\n\r\n<p style=\"text-align: center;\"><strong>Beispiele<\/strong><\/p>\r\n\r\n<div class=\"wp-block-columns is-layout-flex wp-container-core-columns-is-layout-9d6595d7 wp-block-columns-is-layout-flex\">\r\n\r\n\r\n<div class=\"wp-block-column is-layout-flow wp-block-column-is-layout-flow\"><div class=\"su-button-center\"><a href=\"https:\/\/www.verbraucherzentrale.de\/sites\/default\/files\/2020-12\/Musterbrief%20Onlinekauf-Widerruf%20PS5.pdf\" class=\"su-button su-button-style-flat\" style=\"color:#FFFFFF;background-color:#144bb6;border-color:#103c92;border-radius:1px\" target=\"_self\"><span style=\"color:#FFFFFF;padding:0px 24px;font-size:18px;line-height:36px;border-color:#5b81cc;border-radius:1px;text-shadow:none\">  Beispiel &#8211; 1 <\/span><\/a><\/div>\n<\/div>\r\n\r\n\r\n\r\n<div class=\"wp-block-column is-layout-flow wp-block-column-is-layout-flow\"><div class=\"su-button-center\"><a href=\"https:\/\/www.verbraucherzentrale.de\/sites\/default\/files\/2019-09\/Musterbrief_Widerruf%20gekaufte%20Ware%20oder%20bestellte%20Dienstleistung.pdf\" class=\"su-button su-button-style-flat\" style=\"color:#FFFFFF;background-color:#144bb6;border-color:#103c92;border-radius:1px\" target=\"_self\"><span style=\"color:#FFFFFF;padding:0px 24px;font-size:18px;line-height:36px;border-color:#5b81cc;border-radius:1px;text-shadow:none\">  Beispiel &#8211; 2 <\/span><\/a><\/div>\n<\/div>\r\n\r\n\r\n<\/div>\r\n\r\n\r\n<hr class=\"wp-block-separator has-alpha-channel-opacity\" \/>\r\n\r\n\r\n\r\n<div class=\"wp-block-columns is-layout-flex wp-container-core-columns-is-layout-9d6595d7 wp-block-columns-is-layout-flex\">\r\n\r\n\r\n<div class=\"wp-block-column is-layout-flow wp-block-column-is-layout-flow\"><div class=\"su-button-center\"><a href=\"https:\/\/www.verbraucherzentrale.nrw\/sites\/default\/files\/migration_files\/media45591A.pdf\" class=\"su-button su-button-style-flat\" style=\"color:#FFFFFF;background-color:#144bb6;border-color:#103c92;border-radius:1px\" target=\"_self\"><span style=\"color:#FFFFFF;padding:0px 24px;font-size:18px;line-height:36px;border-color:#5b81cc;border-radius:1px;text-shadow:none\">  Beispiel &#8211; 3 <\/span><\/a><\/div>\n<\/div>\r\n\r\n\r\n\r\n<div class=\"wp-block-column is-layout-flow wp-block-column-is-layout-flow\"><div class=\"su-button-center\"><a href=\"https:\/\/www.verbraucherzentrale.de\/sites\/default\/files\/2019-09\/Musterbrief_Widerruf%20gekaufte%20Ware%20oder%20bestellte%20Dienstleistung.pdf\" class=\"su-button su-button-style-flat\" style=\"color:#FFFFFF;background-color:#144bb6;border-color:#103c92;border-radius:1px\" target=\"_self\"><span style=\"color:#FFFFFF;padding:0px 24px;font-size:18px;line-height:36px;border-color:#5b81cc;border-radius:1px;text-shadow:none\">  Beispiel &#8211; 4 <\/span><\/a><\/div>\n<\/div>\r\n\r\n\r\n<\/div>\r\n\r\n\r\n<hr class=\"wp-block-separator has-alpha-channel-opacity\" \/>\r\n\r\n<!-- \/wp:post-content -->\r\n\r\n<!-- wp:table {\"align\":\"center\"} -->\r\n<figure class=\"wp-block-table aligncenter\">\r\n<table>\r\n<tbody>\r\n<tr>\r\n<td style=\"text-align: center;\">Anschreiben R\u00fccksendung Vertrag<\/td>\r\n<\/tr>\r\n<tr>\r\n<td style=\"text-align: center;\">PDF &#8211; WORD Datei<\/td>\r\n<\/tr>\r\n<tr>\r\n<td style=\"text-align: center;\">Bewertung: \u2b50\u2b50\u2b50\u2b50\u2b50 4.25<\/td>\r\n<\/tr>\r\n<tr>\r\n<td style=\"text-align: center;\">Ergebnisse &#8211; 681<\/td>\r\n<\/tr>\r\n<\/tbody>\r\n<\/table>\r\n<\/figure>\r\n<!-- \/wp:table -->\r\n\r\n<!-- wp:separator -->\r\n\r\n<hr class=\"wp-block-separator has-alpha-channel-opacity\" \/>\r\n\r\n<!-- \/wp:separator -->\r\n\r\n<div class=\"su-note\"  style=\"border-color:#e5e5e5;border-radius:10px;-moz-border-radius:10px;-webkit-border-radius:10px;\"><div class=\"su-note-inner su-u-clearfix su-u-trim\" style=\"background-color:#FFFFFF;border-color:#ffffff;color:#333333;border-radius:10px;-moz-border-radius:10px;-webkit-border-radius:10px;\">\r\n\r\n<p>Ein Anschreiben zur R\u00fccksendung eines Vertrags ist eine wichtige Kommunikation zwischen zwei Parteien, in der der eine Vertragspartner den Vertrag k\u00fcndigt und zur\u00fccksendet. Um sicherzustellen, dass Ihr Anschreiben effektiv ist und Ihren Standpunkt klar vermittelt, sollten Sie die folgenden Schritte und Bestandteile ber\u00fccksichtigen.<\/p>  <h3>Schritt 1: Betreffzeile<\/h3> <p>Der Betreff sollte klar und pr\u00e4gnant sein und den Zweck Ihres Anschreibens deutlich machen. Verwenden Sie klare und direkte Sprache, um Ihre Absicht zu kommunizieren. Beispiel: &#8220;K\u00fcndigung und R\u00fccksendung des Vertrags.&#8221;<\/p>  <h3>Schritt 2: Absenderinformationen<\/h3> <p>Geben Sie Ihre vollst\u00e4ndigen Absenderinformationen am Anfang des Schreibens an. Dazu geh\u00f6ren Ihr Name, Ihre Adresse, Ihre Telefonnummer und Ihre E-Mail-Adresse. Stellen Sie sicher, dass diese Informationen gut lesbar und aktuell sind.<\/p>  <h3>Schritt 3: Empf\u00e4ngerinformationen<\/h3> <p>Geben Sie die vollst\u00e4ndigen Empf\u00e4ngerinformationen nach Ihrer Absenderinformation an. Dazu geh\u00f6ren der Name der Person oder Organisation, deren Adresse und Kontaktnummer. Wenn m\u00f6glich, finden Sie den Namen und die Position des Empf\u00e4ngers heraus, um das Anschreiben pers\u00f6nlicher zu gestalten.<\/p>  <h3>Schritt 4: Einleitung<\/h3> <p>In der Einleitung sollten Sie den Zweck Ihres Anschreibens klarstellen und den Vertrag nennen, den Sie k\u00fcndigen und zur\u00fccksenden m\u00f6chten. Geben Sie Ihre pers\u00f6nlichen oder gesch\u00e4ftlichen Gr\u00fcnde f\u00fcr die K\u00fcndigung an und stellen Sie sicher, dass Ihre Wortwahl h\u00f6flich und respektvoll ist.<\/p>  <h3>Schritt 5: Hauptteil<\/h3> <p>Der Hauptteil enth\u00e4lt weitere Informationen zur K\u00fcndigung und R\u00fccksendung des Vertrags. Erkl\u00e4ren Sie, warum Sie den Vertrag k\u00fcndigen m\u00f6chten und geben Sie gegebenenfalls an, ob es sich um einen unbefristeten oder befristeten Vertrag handelt. Erl\u00e4utern Sie auch die R\u00fcckgabeverfahren und geben Sie an, ob Sie eine R\u00fcckerstattung oder andere spezifische Forderungen haben.<\/p>  <h3>Schritt 6: Schluss<\/h3> <p>Der Schluss sollte h\u00f6flich gehalten sein und eine Abschlussaussage enthalten. Zeigen Sie Wertsch\u00e4tzung f\u00fcr die bisherige Zusammenarbeit und bedanken Sie sich f\u00fcr die bisherige Unterst\u00fctzung. Geben Sie auch Ihre Kontaktdaten an, falls der Empf\u00e4nger weitere Fragen hat oder zus\u00e4tzliche Informationen ben\u00f6tigt.<\/p>  <h3>Schritt 7: Formale Gestaltung<\/h3> <p>Die formale Gestaltung Ihres Anschreibens ist wichtig, um einen professionellen Eindruck zu hinterlassen. Verwenden Sie einen formalen Schreibstil und achten Sie auf Grammatik- und Rechtschreibfehler. Trennen Sie Abs\u00e4tze mit Hilfe von &#8220;<p><\/p>&#8221; und heben Sie wichtige Informationen mit &#8220;<strong><\/strong>&#8220;, &#8220;<b><\/b>&#8220;, &#8220;<dt><\/dt>&#8221; und &#8220;<dd><\/dd>&#8221; hervor.<\/p>  <h3>Schritt 8: Aufbau eines effektiven Briefes<\/h3> <p>Ein effektiver Brief besteht aus einer klaren Struktur und pr\u00e4gnanten Informationen. Halten Sie den Brief klar und pr\u00e4zise und verwenden Sie kurze S\u00e4tze und Abs\u00e4tze. Vermeiden Sie unn\u00f6tige Details und geben Sie nur relevante Informationen an. Stellen Sie sicher, dass Ihr Anschreiben gut organisiert ist und einen logischen Fluss hat.<\/p>  <h3>Beispielanleitung:<\/h3>  <p><b>Betreff:<\/b> K\u00fcndigung und R\u00fccksendung des Vertrags<\/p>  <p><b>Absender:<\/b> [Ihr Name] [Ihre Adresse] [Ihre Telefonnummer] [Ihre E-Mail-Adresse]  <p><b>Empf\u00e4nger:<\/b> [Name des Empf\u00e4ngers] [Adresse des Empf\u00e4ngers] [Kontaktnummer des Empf\u00e4ngers]  <p><b>Sehr geehrte(r) [Name des Empf\u00e4ngers],<\/b><\/p>  <p>Ich schreibe Ihnen, um meinen Vertrag mit [Name der Organisation] zu k\u00fcndigen und den Vertrag zur\u00fcckzusenden. Ich habe mich zu dieser K\u00fcndigung entschieden, da [Ihre pers\u00f6nlichen oder gesch\u00e4ftlichen Gr\u00fcnde].<\/p>  <p>Der Vertrag, den ich k\u00fcndigen und zur\u00fccksenden m\u00f6chte, ist [Name des Vertrags] und wurde am [Vertragsdatum] unterzeichnet. Es handelt sich um einen [unbefristeten\/befristeten] Vertrag, der am [Vertragsende] endet.<\/p>  <p>Ich werde den Vertrag gem\u00e4\u00df den R\u00fcckgabeverfahren zur\u00fccksenden und bitte um eine Best\u00e4tigung des Eingangs. Ich hoffe auf eine problemlose R\u00fcckabwicklung und gegebenenfalls auf eine R\u00fcckerstattung meines Betrags von [Betrag].<\/p>  <p>Ich m\u00f6chte mich bei Ihnen f\u00fcr die bisherige Zusammenarbeit bedanken und bin dankbar f\u00fcr Ihre bisherige Unterst\u00fctzung. Bei weiteren Fragen stehe ich Ihnen gerne zur Verf\u00fcgung. Sie k\u00f6nnen mich unter [Ihre Telefonnummer] oder per E-Mail unter [Ihre E-Mail-Adresse] erreichen.<\/p>  <p>Nochmals vielen Dank f\u00fcr Ihre Aufmerksamkeit und Unterst\u00fctzung.<\/p>  <p>Mit freundlichen Gr\u00fc\u00dfen,<\/p>  [Ihr Name]  <p><b>Hinweis:<\/b> Denken Sie daran, Ihre Absenderinformationen zu aktualisieren und das Beispiel an Ihre spezifischen Bed\u00fcrfnisse anzupassen.<\/p>\r\n\r\n<\/div><\/div>\r\n\r\n<!-- wp:separator -->\r\n\r\n<hr class=\"wp-block-separator has-alpha-channel-opacity\" \/>","protected":false},"excerpt":{"rendered":"<p>Muster und Vorlage f\u00fcr Anschreiben R\u00fccksendung Vertrag &#8211; Erstellung und Ausf\u00fcllen &#8211; \u00d6ffnen im WORD PDF Datei und Online &nbsp; &#8230; <\/p>\n<p class=\"read-more-container\"><a title=\"\u00d6ffnen &#8211; Anschreiben R\u00fccksendung Vertrag\" class=\"read-more button\" href=\"https:\/\/schreibenpro.com\/de\/anschreiben-rucksendung-vertrag-offnen\/#more-594\" aria-label=\"Mehr zu \u00d6ffnen &#8211; Anschreiben R\u00fccksendung Vertrag\">\u00d6FFNEN <\/a><\/p>\n","protected":false},"author":1,"featured_media":0,"parent":0,"menu_order":0,"comment_status":"closed","ping_status":"closed","template":"","meta":{"footnotes":""},"class_list":{"0":"post-594","1":"page","2":"type-page","3":"status-publish","5":"infinite-scroll-item"},"yoast_head":"<!-- This site is optimized with the Yoast SEO plugin v24.6 - https:\/\/yoast.com\/wordpress\/plugins\/seo\/ -->\n<title>\u00d6ffnen - Anschreiben R\u00fccksendung Vertrag - Schreiben PRO<\/title>\n<meta name=\"robots\" content=\"noindex, follow\" \/>\n<meta property=\"og:locale\" content=\"de_DE\" \/>\n<meta property=\"og:type\" content=\"article\" \/>\n<meta property=\"og:title\" content=\"\u00d6ffnen - Anschreiben R\u00fccksendung Vertrag - Schreiben PRO\" \/>\n<meta property=\"og:description\" content=\"Muster und Vorlage f\u00fcr Anschreiben R\u00fccksendung Vertrag &#8211; Erstellung und Ausf\u00fcllen &#8211; \u00d6ffnen im WORD PDF Datei und Online &nbsp; ... \u00d6FFNEN\" \/>\n<meta property=\"og:url\" content=\"https:\/\/schreibenpro.com\/de\/anschreiben-rucksendung-vertrag-offnen\/\" \/>\n<meta property=\"og:site_name\" content=\"Schreiben PRO\" \/>\n<meta property=\"og:image\" content=\"https:\/\/schreibenpro.com\/de\/wp-content\/uploads\/anschreiben-rucksendung-vertrag-muster-vorlage.jpg\" \/>\n<meta name=\"twitter:card\" content=\"summary_large_image\" \/>\n<meta name=\"twitter:label1\" content=\"Gesch\u00e4tzte Lesezeit\" \/>\n\t<meta name=\"twitter:data1\" content=\"1\u00a0Minute\" \/>\n<!-- \/ Yoast SEO plugin. -->","yoast_head_json":{"title":"\u00d6ffnen - Anschreiben R\u00fccksendung Vertrag - Schreiben PRO","robots":{"index":"noindex","follow":"follow"},"og_locale":"de_DE","og_type":"article","og_title":"\u00d6ffnen - Anschreiben R\u00fccksendung Vertrag - Schreiben PRO","og_description":"Muster und Vorlage f\u00fcr Anschreiben R\u00fccksendung Vertrag &#8211; Erstellung und Ausf\u00fcllen &#8211; \u00d6ffnen im WORD PDF Datei und Online &nbsp; ... \u00d6FFNEN","og_url":"https:\/\/schreibenpro.com\/de\/anschreiben-rucksendung-vertrag-offnen\/","og_site_name":"Schreiben PRO","og_image":[{"url":"https:\/\/schreibenpro.com\/de\/wp-content\/uploads\/anschreiben-rucksendung-vertrag-muster-vorlage.jpg","type":"","width":"","height":""}],"twitter_card":"summary_large_image","twitter_misc":{"Gesch\u00e4tzte Lesezeit":"1\u00a0Minute"},"schema":{"@context":"https:\/\/schema.org","@graph":[{"@type":"WebPage","@id":"https:\/\/schreibenpro.com\/de\/anschreiben-rucksendung-vertrag-offnen\/","url":"https:\/\/schreibenpro.com\/de\/anschreiben-rucksendung-vertrag-offnen\/","name":"\u00d6ffnen - Anschreiben R\u00fccksendung Vertrag - Schreiben PRO","isPartOf":{"@id":"https:\/\/schreibenpro.com\/de\/#website"},"primaryImageOfPage":{"@id":"https:\/\/schreibenpro.com\/de\/anschreiben-rucksendung-vertrag-offnen\/#primaryimage"},"image":{"@id":"https:\/\/schreibenpro.com\/de\/anschreiben-rucksendung-vertrag-offnen\/#primaryimage"},"thumbnailUrl":"https:\/\/schreibenpro.com\/de\/wp-content\/uploads\/anschreiben-rucksendung-vertrag-muster-vorlage.jpg","datePublished":"2023-12-18T08:24:51+00:00","breadcrumb":{"@id":"https:\/\/schreibenpro.com\/de\/anschreiben-rucksendung-vertrag-offnen\/#breadcrumb"},"inLanguage":"de","potentialAction":[{"@type":"ReadAction","target":["https:\/\/schreibenpro.com\/de\/anschreiben-rucksendung-vertrag-offnen\/"]}]},{"@type":"ImageObject","inLanguage":"de","@id":"https:\/\/schreibenpro.com\/de\/anschreiben-rucksendung-vertrag-offnen\/#primaryimage","url":"https:\/\/schreibenpro.com\/de\/wp-content\/uploads\/anschreiben-zum-angebot-muster-vorlage.jpg","contentUrl":"https:\/\/schreibenpro.com\/de\/wp-content\/uploads\/anschreiben-zum-angebot-muster-vorlage.jpg","width":1410,"height":2250},{"@type":"BreadcrumbList","@id":"https:\/\/schreibenpro.com\/de\/anschreiben-rucksendung-vertrag-offnen\/#breadcrumb","itemListElement":[{"@type":"ListItem","position":1,"name":"Portada","item":"https:\/\/schreibenpro.com\/de\/"},{"@type":"ListItem","position":2,"name":"\u00d6ffnen &#8211; Anschreiben R\u00fccksendung Vertrag"}]},{"@type":"WebSite","@id":"https:\/\/schreibenpro.com\/de\/#website","url":"https:\/\/schreibenpro.com\/de\/","name":"Schreiben PRO","description":"Muster und Vorlage","publisher":{"@id":"https:\/\/schreibenpro.com\/de\/#organization"},"potentialAction":[{"@type":"SearchAction","target":{"@type":"EntryPoint","urlTemplate":"https:\/\/schreibenpro.com\/de\/?s={search_term_string}"},"query-input":{"@type":"PropertyValueSpecification","valueRequired":true,"valueName":"search_term_string"}}],"inLanguage":"de"},{"@type":"Organization","@id":"https:\/\/schreibenpro.com\/de\/#organization","name":"Schreiben PRO","url":"https:\/\/schreibenpro.com\/de\/","logo":{"@type":"ImageObject","inLanguage":"de","@id":"https:\/\/schreibenpro.com\/de\/#\/schema\/logo\/image\/","url":"https:\/\/schreibenpro.com\/de\/wp-content\/uploads\/cropped-fav.png","contentUrl":"https:\/\/schreibenpro.com\/de\/wp-content\/uploads\/cropped-fav.png","width":512,"height":512,"caption":"Schreiben PRO"},"image":{"@id":"https:\/\/schreibenpro.com\/de\/#\/schema\/logo\/image\/"}}]}},"_links":{"self":[{"href":"https:\/\/schreibenpro.com\/de\/wp-json\/wp\/v2\/pages\/594","targetHints":{"allow":["GET"]}}],"collection":[{"href":"https:\/\/schreibenpro.com\/de\/wp-json\/wp\/v2\/pages"}],"about":[{"href":"https:\/\/schreibenpro.com\/de\/wp-json\/wp\/v2\/types\/page"}],"author":[{"embeddable":true,"href":"https:\/\/schreibenpro.com\/de\/wp-json\/wp\/v2\/users\/1"}],"replies":[{"embeddable":true,"href":"https:\/\/schreibenpro.com\/de\/wp-json\/wp\/v2\/comments?post=594"}],"version-history":[{"count":0,"href":"https:\/\/schreibenpro.com\/de\/wp-json\/wp\/v2\/pages\/594\/revisions"}],"wp:attachment":[{"href":"https:\/\/schreibenpro.com\/de\/wp-json\/wp\/v2\/media?parent=594"}],"curies":[{"name":"wp","href":"https:\/\/api.w.org\/{rel}","templated":true}]}}