{"id":596,"date":"2023-12-18T08:24:52","date_gmt":"2023-12-18T08:24:52","guid":{"rendered":"https:\/\/schreibenpro.com\/de\/schreiben-an-mieter-treppenhausreinigung-offnen\/"},"modified":"2023-12-18T08:24:52","modified_gmt":"2023-12-18T08:24:52","slug":"schreiben-an-mieter-treppenhausreinigung-offnen","status":"publish","type":"page","link":"https:\/\/schreibenpro.com\/de\/schreiben-an-mieter-treppenhausreinigung-offnen\/","title":{"rendered":"\u00d6ffnen &#8211; Schreiben An Mieter Treppenhausreinigung"},"content":{"rendered":"\r\n<p class=\"has-text-align-center\">Vorlage und Muster f\u00fcr <strong> Schreiben An Mieter Treppenhausreinigung<\/strong> &#8211; Erstellung und Ausf\u00fcllen &#8211; \u00d6ffnen im <strong>WORD und PDF<\/strong> Datei und Online<\/p>\r\n\r\n\r\n\r\n\r\n<div class=\"wp-block-image\">\r\n<figure class=\"aligncenter size-large is-resized\"><img loading=\"lazy\" decoding=\"async\" class=\"wp-image-215\" src=\"https:\/\/schreibenpro.com\/de\/wp-content\/uploads\/schreiben-an-mieter-treppenhausreinigung-muster-vorlage.jpg\" alt=\"\" width=\"245\" height=\"391\" \/><\/figure>\r\n<\/div>\r\n\r\n\r\n\r\n<hr class=\"wp-block-separator has-alpha-channel-opacity\" \/>\r\n\r\n\r\n\r\n\r\n\r\n<div class=\"su-note\"  style=\"border-color:#e5e5e5;border-radius:10px;-moz-border-radius:10px;-webkit-border-radius:10px;\"><div class=\"su-note-inner su-u-clearfix su-u-trim\" style=\"background-color:#FFFFFF;border-color:#ffffff;color:#333333;border-radius:10px;-moz-border-radius:10px;-webkit-border-radius:10px;\">\r\n\r\n<section id=\"specialParagraph\"><p><strong>Einleitung:<\/strong><\/p> <p>Sehr geehrte Mieterinnen und Mieter,<\/p>  <p>wir m\u00f6chten Sie in diesem Schreiben \u00fcber eine wichtige Angelegenheit informieren. Als Vermieter sind wir f\u00fcr die Sauberkeit und den Zustand des Treppenhauses verantwortlich. Um sicherzustellen, dass das Treppenhaus stets in einem gepflegten und hygienischen Zustand ist, bitten wir um Ihre Unterst\u00fctzung und Mitarbeit.<\/p>  <p><strong>Hintergrund und Bedeutung der Treppenhausreinigung:<\/strong><\/p> <p>Das saubere Treppenhaus tr\u00e4gt zur positiven Gesamterscheinung des Hauses bei und schafft eine angenehme Wohnatmosph\u00e4re. Es dient zudem der Sicherheit und Vermeidung von Sch\u00e4den. Regelm\u00e4\u00dfige Reinigung und Pflege helfen, Verschmutzungen und Stolpergefahren zu beseitigen. Dar\u00fcber hinaus tr\u00e4gt die gemeinschaftliche Reinigung des Treppenhauses zum Miteinander in unserer Hausgemeinschaft bei.<\/p>  <p><strong>Verantwortlichkeiten der Mieter:<\/strong><\/p> <ol> <li>Jeder Mieter ist f\u00fcr die Reinigung der eigen genutzten Treppenstufen und Flure verantwortlich.<\/li> <li>Die Treppenhausreinigung erfolgt in einem w\u00f6chentlichen Rotationsprinzip, bei dem jeder Mieter abwechselnd f\u00fcr die Reinigung zust\u00e4ndig ist.<\/li> <li>Der zu reinigende Bereich umfasst die Treppenstufen, die B\u00f6den, Gel\u00e4nder und gegebenenfalls Fensterb\u00e4nke.<\/li> <li>Die Reinigung muss regelm\u00e4\u00dfig und gr\u00fcndlich durchgef\u00fchrt werden. Hierf\u00fcr stellen wir Ihnen Reinigungsmittel und -ger\u00e4te zur Verf\u00fcgung.<\/li> <li>Die Reinigung sollte zu festgelegten Zeiten stattfinden, um unn\u00f6tige L\u00e4rm- und Geruchsemissionen f\u00fcr andere Mieter zu vermeiden. Zwischen 8:00 und 13:00 Uhr ist die ideale Zeit f\u00fcr die Reinigung.<\/li> <li>Bei Abwesenheit oder k\u00f6rperlichen Einschr\u00e4nkungen ist es m\u00f6glich, einen Vertreter damit zu beauftragen, die Reinigung durchzuf\u00fchren.<\/li> <\/ol>  <p><strong>Gemeinschaftliche Pflichten:<\/strong><\/p> <p>Zus\u00e4tzlich zur individuellen Reinigung der eigenen genutzten Fl\u00e4chen, m\u00f6chten wir Sie bitten, gemeinschaftlich f\u00fcr die regelm\u00e4\u00dfige Pflege und Sauberkeit des Treppenhauses zu sorgen:<\/p> <ul> <li>Entfernen Sie Schmutz und Staub von den Gemeinschaftsfl\u00e4chen.<\/li> <li>Sorgen Sie f\u00fcr eine ordnungsgem\u00e4\u00dfe M\u00fcllentsorgung.<\/li> <li>Halten Sie die Treppenhausfenster sauber.<\/li> <li>Entfernen Sie Spinnweben und sorgen Sie f\u00fcr eine angemessene Beleuchtung.<\/li> <li>Pflegen Sie die Fu\u00dfmatten und sorgen Sie f\u00fcr einen angenehmen Duft im Treppenhaus.<\/li> <li>Melden Sie umgehend Sch\u00e4den oder Verschmutzungen, die von Ihnen nicht behoben werden k\u00f6nnen, dem Vermieter.<\/li> <\/ul>  <p><strong>Schluss:<\/strong><\/p> <p>Wir hoffen auf Ihre aktive Teilnahme und Zusammenarbeit bei der Reinigung und Pflege des Treppenhauses. Durch Ihre Unterst\u00fctzung k\u00f6nnen wir gemeinsam f\u00fcr ein angenehmes Wohnumfeld sorgen. Bitte halten Sie sich an die beschriebenen Verantwortlichkeiten und gemeinschaftlichen Pflichten, um ein gepflegtes Treppenhaus f\u00fcr alle Mieter zu gew\u00e4hrleisten. Bei Fragen oder Anliegen stehen wir Ihnen jederzeit gerne zur Verf\u00fcgung.<\/p>  <p>Mit freundlichen Gr\u00fc\u00dfen,<\/p> <p>Ihr Vermieter<\/p><\/section><\/div><\/div>\r\n\r\n&nbsp;\r\n\r\n\r\n\r\n\r\n\r\n\r\n<p class=\"has-text-align-center\">Vorlage und Muster f\u00fcr <strong> Schreiben An Mieter Treppenhausreinigung <\/strong> zur Erstellung und Anpassung im <strong>WORD<\/strong>\u2013 und <strong>PDF-Format<\/strong><\/p>\r\n\r\n\r\n<button id=\"generatePDF\">Erstellen (PDF &#8211; WORD)<\/button>\r\n\r\n\r\n\r\n<hr class=\"wp-block-separator has-alpha-channel-opacity\" \/>\r\n\r\n\r\n\r\n<p style=\"text-align: center;\"><strong>Schreiben An Mieter Treppenhausreinigung<\/strong><\/p>\r\n\r\n<div class=\"wp-block-columns is-layout-flex wp-container-core-columns-is-layout-9d6595d7 wp-block-columns-is-layout-flex\">\r\n\r\n\r\n<div class=\"wp-block-column is-layout-flow wp-block-column-is-layout-flow\"><div class=\"su-button-center\"><a href=\"http:\/\/www.kundeneingang.net\/files\/453\/1\/docroot\/Treppenhausreinigung%202013.pdf\" class=\"su-button su-button-style-flat\" style=\"color:#FFFFFF;background-color:#144bb6;border-color:#103c92;border-radius:1px\" target=\"_self\"><span style=\"color:#FFFFFF;padding:0px 24px;font-size:18px;line-height:36px;border-color:#5b81cc;border-radius:1px;text-shadow:none\">   PDF <\/span><\/a><\/div>\n<\/div>\r\n\r\n\r\n\r\n<div class=\"wp-block-column is-layout-flow wp-block-column-is-layout-flow\"><div class=\"su-button-center\"><a href=\"https:\/\/www.bistum-muenster.de\/fileadmin\/user_upload\/Website\/Downloads\/Bistum\/BGV\/600-Verwaltung\/Steuerwesen\/2021-08-09-Muster-Pfarrheim-Vermietungen-VDD-Variante_3-Stand-04-2021.docx\" class=\"su-button su-button-style-flat\" style=\"color:#FFFFFF;background-color:#144bb6;border-color:#103c92;border-radius:1px\" target=\"_self\"><span style=\"color:#FFFFFF;padding:0px 24px;font-size:18px;line-height:36px;border-color:#5b81cc;border-radius:1px;text-shadow:none\">   DOC<\/span><\/a><\/div>\n<\/div>\r\n\r\n\r\n<\/div>\r\n\r\n\r\n\r\n<p style=\"text-align: center;\"><strong>Beispiele<\/strong><\/p>\r\n\r\n<div class=\"wp-block-columns is-layout-flex wp-container-core-columns-is-layout-9d6595d7 wp-block-columns-is-layout-flex\">\r\n\r\n\r\n<div class=\"wp-block-column is-layout-flow wp-block-column-is-layout-flow\"><div class=\"su-button-center\"><a href=\"http:\/\/www.kundeneingang.net\/files\/453\/1\/docroot\/Treppenhausreinigung%202013.pdf\" class=\"su-button su-button-style-flat\" style=\"color:#FFFFFF;background-color:#144bb6;border-color:#103c92;border-radius:1px\" target=\"_self\"><span style=\"color:#FFFFFF;padding:0px 24px;font-size:18px;line-height:36px;border-color:#5b81cc;border-radius:1px;text-shadow:none\">  Beispiel &#8211; 1 <\/span><\/a><\/div>\n<\/div>\r\n\r\n\r\n\r\n<div class=\"wp-block-column is-layout-flow wp-block-column-is-layout-flow\"><div class=\"su-button-center\"><a href=\"https:\/\/www.abmahnung.org\/wp-content\/uploads\/2016\/11\/abmahnung-wegen-treppenhausreinigung.pdf\" class=\"su-button su-button-style-flat\" style=\"color:#FFFFFF;background-color:#144bb6;border-color:#103c92;border-radius:1px\" target=\"_self\"><span style=\"color:#FFFFFF;padding:0px 24px;font-size:18px;line-height:36px;border-color:#5b81cc;border-radius:1px;text-shadow:none\">  Beispiel &#8211; 2 <\/span><\/a><\/div>\n<\/div>\r\n\r\n\r\n<\/div>\r\n\r\n\r\n<hr class=\"wp-block-separator has-alpha-channel-opacity\" \/>\r\n\r\n\r\n\r\n<div class=\"wp-block-columns is-layout-flex wp-container-core-columns-is-layout-9d6595d7 wp-block-columns-is-layout-flex\">\r\n\r\n\r\n<div class=\"wp-block-column is-layout-flow wp-block-column-is-layout-flow\"><div class=\"su-button-center\"><a href=\"http:\/\/www.mieterschutzverein-meiningen.de\/Treppenhausreinigung_10082018.pdf\" class=\"su-button su-button-style-flat\" style=\"color:#FFFFFF;background-color:#144bb6;border-color:#103c92;border-radius:1px\" target=\"_self\"><span style=\"color:#FFFFFF;padding:0px 24px;font-size:18px;line-height:36px;border-color:#5b81cc;border-radius:1px;text-shadow:none\">  Beispiel &#8211; 3 <\/span><\/a><\/div>\n<\/div>\r\n\r\n\r\n\r\n<div class=\"wp-block-column is-layout-flow wp-block-column-is-layout-flow\"><div class=\"su-button-center\"><a href=\"http:\/\/www.kundeneingang.net\/files\/453\/1\/docroot\/Treppenhausreinigung%202013.pdf\" class=\"su-button su-button-style-flat\" style=\"color:#FFFFFF;background-color:#144bb6;border-color:#103c92;border-radius:1px\" target=\"_self\"><span style=\"color:#FFFFFF;padding:0px 24px;font-size:18px;line-height:36px;border-color:#5b81cc;border-radius:1px;text-shadow:none\">  Beispiel &#8211; 4 <\/span><\/a><\/div>\n<\/div>\r\n\r\n\r\n<\/div>\r\n\r\n\r\n<hr class=\"wp-block-separator has-alpha-channel-opacity\" \/>\r\n\r\n<!-- \/wp:post-content -->\r\n\r\n<!-- wp:table {\"align\":\"center\"} -->\r\n<figure class=\"wp-block-table aligncenter\">\r\n<table>\r\n<tbody>\r\n<tr>\r\n<td style=\"text-align: center;\">Schreiben An Mieter Treppenhausreinigung<\/td>\r\n<\/tr>\r\n<tr>\r\n<td style=\"text-align: center;\">PDF &#8211; WORD Datei<\/td>\r\n<\/tr>\r\n<tr>\r\n<td style=\"text-align: center;\">Bewertung: \u2b50\u2b50\u2b50\u2b50\u2b50 4.50<\/td>\r\n<\/tr>\r\n<tr>\r\n<td style=\"text-align: center;\">Ergebnisse &#8211; 631<\/td>\r\n<\/tr>\r\n<\/tbody>\r\n<\/table>\r\n<\/figure>\r\n<!-- \/wp:table -->\r\n\r\n<!-- wp:separator -->\r\n\r\n<hr class=\"wp-block-separator has-alpha-channel-opacity\" \/>\r\n\r\n<!-- \/wp:separator -->\r\n\r\n<div class=\"su-note\"  style=\"border-color:#e5e5e5;border-radius:10px;-moz-border-radius:10px;-webkit-border-radius:10px;\"><div class=\"su-note-inner su-u-clearfix su-u-trim\" style=\"background-color:#FFFFFF;border-color:#ffffff;color:#333333;border-radius:10px;-moz-border-radius:10px;-webkit-border-radius:10px;\">\r\n\r\n<p><strong>Einf\u00fchrung:<\/strong><\/p>  <p>Das Schreiben an Mieter zur Treppenhausreinigung ist ein wichtiger Kommunikationskanal zwischen Vermieter und Mieter. Es dient dazu, die Mieter \u00fcber die erforderlichen Reinigungsma\u00dfnahmen im Treppenhaus zu informieren und ihnen klare Anweisungen zu geben. In dieser Anleitung werden wir Ihnen die Schritte und Bestandteile des Briefschreibens erl\u00e4utern, sowie wichtige \u00dcberlegungen zur formalen Gestaltung und zum Aufbau eines effektiven Briefes geben.<\/p>  <p><strong>Schritt 1: Betreffzeile<\/strong><\/p>  <p>Die Betreffzeile ist der erste Eindruck, den der Mieter von Ihrem Brief erh\u00e4lt. Sie sollte pr\u00e4gnant und aussagekr\u00e4ftig sein, um das Interesse des Mieters zu wecken und ihm gleichzeitig klar zu machen, worum es in dem Brief geht. Beispiel: &#8220;Treppenhausreinigung \u2013 Wichtige Informationen f\u00fcr alle Mieter&#8221;.<\/p>  <p><strong>Schritt 2: Einleitung<\/strong><\/p>  <p>In der Einleitung sollten Sie h\u00f6flich und freundlich gr\u00fc\u00dfen, den Zweck des Briefes nennen und den Mieter auf das Thema der Treppenhausreinigung vorbereiten. Der Ton sollte professionell, jedoch auch verst\u00e4ndnisvoll sein. Beispiel: &#8220;Sehr geehrte Mieter, wir m\u00f6chten Sie \u00fcber die bevorstehende Treppenhausreinigung informieren und bitten um Ihre Mitarbeit.&#8221;<\/p>  <p><strong>Schritt 3: Hauptteil<\/strong><\/p>  <p>Der Hauptteil des Briefes sollte die wichtigsten Informationen zur Treppenhausreinigung enthalten. Es ist wichtig, klar und pr\u00e4zise zu sein, damit der Mieter alle erforderlichen Details versteht. Hier ein Beispiel f\u00fcr eine Gliederung:<\/p>  <dl> <dt>1. Reinigungstermine<\/dt> <dd>&#8211; Geben Sie die Termine an, an denen die Treppenhausreinigung stattfinden wird. Stellen Sie sicher, dass die Mieter gen\u00fcgend Vorlaufzeit haben, um sich darauf einzustellen.<\/dd> <dt>2. Reinigungsverfahren<\/dt> <dd>&#8211; Erkl\u00e4ren Sie, wie die Treppenhausreinigung durchgef\u00fchrt wird und welche Ma\u00dfnahmen die Mieter ergreifen m\u00fcssen, um dies zu unterst\u00fctzen.<\/dd> <dt>3. Verantwortlichkeiten der Mieter<\/dt> <dd>&#8211; Listen Sie die spezifischen Aufgaben auf, die die Mieter im Zusammenhang mit der Treppenhausreinigung erf\u00fcllen m\u00fcssen.<\/dd> <dt>4. Sanktionen bei Nichtbefolgung<\/dt> <dd>&#8211; Informieren Sie die Mieter \u00fcber m\u00f6gliche Konsequenzen, wenn sie ihren Verpflichtungen nicht nachkommen.<\/dd> <\/dl>  <p><strong>Schritt 4: Schluss<\/strong><\/p>  <p>Im Schlussteil sollten Sie den Mieter ermutigen, bei R\u00fcckfragen oder Anliegen Kontakt aufzunehmen. Geben Sie alle relevanten Kontaktdaten an, um die Kommunikation zu erleichtern. Au\u00dferdem sollten Sie sich f\u00fcr die Mitarbeit der Mieter bedanken. Beispiel: &#8220;Wir danken Ihnen im Voraus f\u00fcr Ihre Unterst\u00fctzung bei der Treppenhausreinigung und stehen Ihnen jederzeit f\u00fcr Fragen zur Verf\u00fcgung.&#8221;<\/p>  <p><strong>Schritt 5: Formale Gestaltung<\/strong><\/p>  <p>Ein gut gestalteter Brief sorgt f\u00fcr Klarheit und Professionalit\u00e4t. Hier einige wichtige \u00dcberlegungen zur formalen Gestaltung:<\/p>  <ul> <li>Verwenden Sie eine gut lesbare Schriftart und angemessene Schriftgr\u00f6\u00dfe.<\/li> <li>Platzieren Sie Abs\u00e4tze f\u00fcr eine bessere Lesbarkeit.<\/li> <li>Verwenden Sie fettgedruckte oder kursivierte Schrift f\u00fcr wichtige Informationen.<\/li> <li>Verwenden Sie eine klare Gliederung mit \u00dcberschriften und Unterpunkten.<\/li> <li>Verwenden Sie professionelles Briefpapier oder f\u00fcgen Sie ein Firmenlogo hinzu, falls vorhanden.<\/li> <\/ul>  <p><strong>Beispiel:<\/strong><\/p>  <p><b>Treppenhausreinigung \u2013 Wichtige Informationen f\u00fcr alle Mieter<\/b><\/p>  <p>Sehr geehrte Mieter,<\/p>  <p>wir m\u00f6chten Sie \u00fcber die bevorstehende Treppenhausreinigung informieren und bitten um Ihre Mitarbeit.<\/p>  <p><strong>1. Reinigungstermine<\/strong><\/p>  <p>Die Treppenhausreinigung wird am 5. und 6. Oktober stattfinden. Bitte stellen Sie sicher, dass der Zugang zum Treppenhaus in dieser Zeit gew\u00e4hrleistet ist.<\/p>  <p><strong>2. Reinigungsverfahren<\/strong><\/p>  <p>Unser Reinigungspersonal wird alle Treppenstufen, Handl\u00e4ufe und Gel\u00e4nder gr\u00fcndlich reinigen. Bitte entfernen Sie pers\u00f6nliche Gegenst\u00e4nde aus dem Treppenhaus, um die Durchf\u00fchrung der Reinigung zu erleichtern.<\/p>  <p><strong>3. Verantwortlichkeiten der Mieter<\/strong><\/p>  <p>Jeder Mieter ist f\u00fcr die Reinigung seines eigenen Bereichs vor der Wohnungst\u00fcr verantwortlich. Bitte halten Sie diesen Bereich sauber und entsorgen Sie Ihren M\u00fcll ordnungsgem\u00e4\u00df.<\/p>  <p><strong>4. Sanktionen bei Nichtbefolgung<\/strong><\/p>  <p>Wir m\u00f6chten Sie daran erinnern, dass die Treppenhausreinigung Teil Ihres Mietvertrags ist. Bei wiederholter Nichtbefolgung dieser Vorschriften k\u00f6nnen Konsequenzen bis hin zu einer Vertragsk\u00fcndigung drohen.<\/p>  <p>Bei Fragen oder Anliegen stehen wir Ihnen gerne zur Verf\u00fcgung. Sie erreichen uns unter der Telefonnummer 12345678 oder per E-Mail an info@vermieter.com.<\/p>  <p>Wir danken Ihnen im Voraus f\u00fcr Ihre Unterst\u00fctzung bei der Treppenhausreinigung und stehen Ihnen jederzeit f\u00fcr Fragen zur Verf\u00fcgung.<\/p>  <p>Mit freundlichen Gr\u00fc\u00dfen,<\/p>  <p>Ihr Vermieter-Team<\/p>\r\n\r\n<\/div><\/div>\r\n\r\n<!-- wp:separator -->\r\n\r\n<hr class=\"wp-block-separator has-alpha-channel-opacity\" \/>","protected":false},"excerpt":{"rendered":"<p>Vorlage und Muster f\u00fcr Schreiben An Mieter Treppenhausreinigung &#8211; Erstellung und Ausf\u00fcllen &#8211; \u00d6ffnen im WORD und PDF Datei und &#8230; <\/p>\n<p class=\"read-more-container\"><a title=\"\u00d6ffnen &#8211; Schreiben An Mieter Treppenhausreinigung\" class=\"read-more button\" href=\"https:\/\/schreibenpro.com\/de\/schreiben-an-mieter-treppenhausreinigung-offnen\/#more-596\" aria-label=\"Mehr zu \u00d6ffnen &#8211; Schreiben An Mieter Treppenhausreinigung\">\u00d6FFNEN <\/a><\/p>\n","protected":false},"author":1,"featured_media":0,"parent":0,"menu_order":0,"comment_status":"closed","ping_status":"closed","template":"","meta":{"footnotes":""},"class_list":{"0":"post-596","1":"page","2":"type-page","3":"status-publish","5":"infinite-scroll-item"},"yoast_head":"<!-- This site is optimized with the Yoast SEO plugin v24.6 - https:\/\/yoast.com\/wordpress\/plugins\/seo\/ -->\n<title>\u00d6ffnen - Schreiben An Mieter Treppenhausreinigung - Schreiben PRO<\/title>\n<meta name=\"robots\" content=\"noindex, follow\" \/>\n<meta property=\"og:locale\" content=\"de_DE\" \/>\n<meta property=\"og:type\" content=\"article\" \/>\n<meta property=\"og:title\" content=\"\u00d6ffnen - Schreiben An Mieter Treppenhausreinigung - Schreiben PRO\" \/>\n<meta property=\"og:description\" content=\"Vorlage und Muster f\u00fcr Schreiben An Mieter Treppenhausreinigung &#8211; Erstellung und Ausf\u00fcllen &#8211; \u00d6ffnen im WORD und PDF Datei und ... \u00d6FFNEN\" \/>\n<meta property=\"og:url\" content=\"https:\/\/schreibenpro.com\/de\/schreiben-an-mieter-treppenhausreinigung-offnen\/\" \/>\n<meta property=\"og:site_name\" content=\"Schreiben PRO\" \/>\n<meta property=\"og:image\" content=\"https:\/\/schreibenpro.com\/de\/wp-content\/uploads\/schreiben-an-mieter-treppenhausreinigung-muster-vorlage.jpg\" \/>\n<meta name=\"twitter:card\" content=\"summary_large_image\" \/>\n<meta name=\"twitter:label1\" content=\"Gesch\u00e4tzte Lesezeit\" \/>\n\t<meta name=\"twitter:data1\" content=\"1\u00a0Minute\" \/>\n<!-- \/ Yoast SEO plugin. -->","yoast_head_json":{"title":"\u00d6ffnen - Schreiben An Mieter Treppenhausreinigung - Schreiben PRO","robots":{"index":"noindex","follow":"follow"},"og_locale":"de_DE","og_type":"article","og_title":"\u00d6ffnen - Schreiben An Mieter Treppenhausreinigung - Schreiben PRO","og_description":"Vorlage und Muster f\u00fcr Schreiben An Mieter Treppenhausreinigung &#8211; Erstellung und Ausf\u00fcllen &#8211; \u00d6ffnen im WORD und PDF Datei und ... \u00d6FFNEN","og_url":"https:\/\/schreibenpro.com\/de\/schreiben-an-mieter-treppenhausreinigung-offnen\/","og_site_name":"Schreiben PRO","og_image":[{"url":"https:\/\/schreibenpro.com\/de\/wp-content\/uploads\/schreiben-an-mieter-treppenhausreinigung-muster-vorlage.jpg","type":"","width":"","height":""}],"twitter_card":"summary_large_image","twitter_misc":{"Gesch\u00e4tzte Lesezeit":"1\u00a0Minute"},"schema":{"@context":"https:\/\/schema.org","@graph":[{"@type":"WebPage","@id":"https:\/\/schreibenpro.com\/de\/schreiben-an-mieter-treppenhausreinigung-offnen\/","url":"https:\/\/schreibenpro.com\/de\/schreiben-an-mieter-treppenhausreinigung-offnen\/","name":"\u00d6ffnen - Schreiben An Mieter Treppenhausreinigung - Schreiben PRO","isPartOf":{"@id":"https:\/\/schreibenpro.com\/de\/#website"},"primaryImageOfPage":{"@id":"https:\/\/schreibenpro.com\/de\/schreiben-an-mieter-treppenhausreinigung-offnen\/#primaryimage"},"image":{"@id":"https:\/\/schreibenpro.com\/de\/schreiben-an-mieter-treppenhausreinigung-offnen\/#primaryimage"},"thumbnailUrl":"https:\/\/schreibenpro.com\/de\/wp-content\/uploads\/schreiben-an-mieter-treppenhausreinigung-muster-vorlage.jpg","datePublished":"2023-12-18T08:24:52+00:00","breadcrumb":{"@id":"https:\/\/schreibenpro.com\/de\/schreiben-an-mieter-treppenhausreinigung-offnen\/#breadcrumb"},"inLanguage":"de","potentialAction":[{"@type":"ReadAction","target":["https:\/\/schreibenpro.com\/de\/schreiben-an-mieter-treppenhausreinigung-offnen\/"]}]},{"@type":"ImageObject","inLanguage":"de","@id":"https:\/\/schreibenpro.com\/de\/schreiben-an-mieter-treppenhausreinigung-offnen\/#primaryimage","url":"https:\/\/schreibenpro.com\/de\/wp-content\/uploads\/anschreiben-zum-angebot-muster-vorlage.jpg","contentUrl":"https:\/\/schreibenpro.com\/de\/wp-content\/uploads\/anschreiben-zum-angebot-muster-vorlage.jpg","width":1410,"height":2250},{"@type":"BreadcrumbList","@id":"https:\/\/schreibenpro.com\/de\/schreiben-an-mieter-treppenhausreinigung-offnen\/#breadcrumb","itemListElement":[{"@type":"ListItem","position":1,"name":"Portada","item":"https:\/\/schreibenpro.com\/de\/"},{"@type":"ListItem","position":2,"name":"\u00d6ffnen &#8211; Schreiben An Mieter Treppenhausreinigung"}]},{"@type":"WebSite","@id":"https:\/\/schreibenpro.com\/de\/#website","url":"https:\/\/schreibenpro.com\/de\/","name":"Schreiben PRO","description":"Muster und Vorlage","publisher":{"@id":"https:\/\/schreibenpro.com\/de\/#organization"},"potentialAction":[{"@type":"SearchAction","target":{"@type":"EntryPoint","urlTemplate":"https:\/\/schreibenpro.com\/de\/?s={search_term_string}"},"query-input":{"@type":"PropertyValueSpecification","valueRequired":true,"valueName":"search_term_string"}}],"inLanguage":"de"},{"@type":"Organization","@id":"https:\/\/schreibenpro.com\/de\/#organization","name":"Schreiben PRO","url":"https:\/\/schreibenpro.com\/de\/","logo":{"@type":"ImageObject","inLanguage":"de","@id":"https:\/\/schreibenpro.com\/de\/#\/schema\/logo\/image\/","url":"https:\/\/schreibenpro.com\/de\/wp-content\/uploads\/cropped-fav.png","contentUrl":"https:\/\/schreibenpro.com\/de\/wp-content\/uploads\/cropped-fav.png","width":512,"height":512,"caption":"Schreiben PRO"},"image":{"@id":"https:\/\/schreibenpro.com\/de\/#\/schema\/logo\/image\/"}}]}},"_links":{"self":[{"href":"https:\/\/schreibenpro.com\/de\/wp-json\/wp\/v2\/pages\/596","targetHints":{"allow":["GET"]}}],"collection":[{"href":"https:\/\/schreibenpro.com\/de\/wp-json\/wp\/v2\/pages"}],"about":[{"href":"https:\/\/schreibenpro.com\/de\/wp-json\/wp\/v2\/types\/page"}],"author":[{"embeddable":true,"href":"https:\/\/schreibenpro.com\/de\/wp-json\/wp\/v2\/users\/1"}],"replies":[{"embeddable":true,"href":"https:\/\/schreibenpro.com\/de\/wp-json\/wp\/v2\/comments?post=596"}],"version-history":[{"count":0,"href":"https:\/\/schreibenpro.com\/de\/wp-json\/wp\/v2\/pages\/596\/revisions"}],"wp:attachment":[{"href":"https:\/\/schreibenpro.com\/de\/wp-json\/wp\/v2\/media?parent=596"}],"curies":[{"name":"wp","href":"https:\/\/api.w.org\/{rel}","templated":true}]}}