{"id":598,"date":"2023-12-18T08:24:53","date_gmt":"2023-12-18T08:24:53","guid":{"rendered":"https:\/\/schreibenpro.com\/de\/anschreiben-in-du-form-offnen\/"},"modified":"2023-12-18T08:24:53","modified_gmt":"2023-12-18T08:24:53","slug":"anschreiben-in-du-form-offnen","status":"publish","type":"page","link":"https:\/\/schreibenpro.com\/de\/anschreiben-in-du-form-offnen\/","title":{"rendered":"\u00d6ffnen &#8211; Anschreiben In Du-Form"},"content":{"rendered":"\r\n<p class=\"has-text-align-center\">Muster und Vorlage f\u00fcr <strong> Anschreiben In Du-Form<\/strong> &#8211; Ausf\u00fcllen und Erstellung  &#8211; \u00d6ffnen im <strong>PDF  WORD<\/strong> Datei und Online<\/p>\r\n\r\n\r\n\r\n\r\n<div class=\"wp-block-image\">\r\n<figure class=\"aligncenter size-large is-resized\"><img loading=\"lazy\" decoding=\"async\" class=\"wp-image-215\" src=\"https:\/\/schreibenpro.com\/de\/wp-content\/uploads\/anschreiben-in-du-form-muster-vorlage.jpg\" alt=\"\" width=\"245\" height=\"391\" \/><\/figure>\r\n<\/div>\r\n\r\n\r\n\r\n<hr class=\"wp-block-separator has-alpha-channel-opacity\" \/>\r\n\r\n\r\n\r\n\r\n\r\n<div class=\"su-note\"  style=\"border-color:#e5e5e5;border-radius:10px;-moz-border-radius:10px;-webkit-border-radius:10px;\"><div class=\"su-note-inner su-u-clearfix su-u-trim\" style=\"background-color:#FFFFFF;border-color:#ffffff;color:#333333;border-radius:10px;-moz-border-radius:10px;-webkit-border-radius:10px;\">\r\n\r\n<section id=\"specialParagraph\"><p><strong>Einleitung:<\/strong><\/p>  <p>Lieber Max,<\/p>  <p>ich hoffe, dass es dir gut geht. Ich schreibe dir, um dir mitzuteilen, wie sehr ich die Zeit sch\u00e4tze, die wir miteinander verbracht haben, und um dir eine gro\u00dfartige Gelegenheit vorzustellen, die ich gefunden habe.<\/p>  <p><strong>Hintergrundinformationen:<\/strong><\/p>  <p>Wie du wei\u00dft, war ich in den letzten Jahren als Projektmanager bei ABC Company t\u00e4tig und habe dort einige beeindruckende Erfolge erzielt. K\u00fcrzlich habe ich von einer spannenden Stelle bei XYZ Company erfahren, die perfekt zu meinen F\u00e4higkeiten und Interessen passt.<\/p>  <dt>Vorteile:<\/dt> <dd>&#8211; Tolle Unternehmenskultur<\/dd> <dd>&#8211; Attraktive Verg\u00fctungspakete<\/dd> <dd>&#8211; Gro\u00dfartige Entwicklungsm\u00f6glichkeiten<\/dd>  <p><strong>Warum du von dieser M\u00f6glichkeit profitieren k\u00f6nntest:<\/strong><\/p>  <p>Ich denke, dass du vor allem von der Unternehmenskultur bei XYZ Company profitieren k\u00f6nntest. Das Team ist \u00e4u\u00dferst kollegial und unterst\u00fctzend, was dir erm\u00f6glichen w\u00fcrde, dich schnell einzuleben und erfolgreich zu sein. Dar\u00fcber hinaus bietet XYZ Company gro\u00dfartige Entwicklungsm\u00f6glichkeiten, sowohl in Bezug auf Fachwissen als auch auf Karrierechancen. Mit deiner technischen Expertise und deinem F\u00fchrungsstil w\u00e4rst du ein wertvoller Beitrag f\u00fcr das Unternehmen.<\/p>  <p><strong>Bedeutung der Ver\u00e4nderung:<\/strong><\/p>  <p>Ich bin \u00fcberzeugt, dass ein Wechsel zu XYZ Company eine bemerkenswerte Ver\u00e4nderung f\u00fcr dich bedeuten k\u00f6nnte. Neben den Vorteilen, die das Unternehmen bietet, k\u00f6nntest du deine F\u00e4higkeiten erweitern, dein Netzwerk erweitern und neue Herausforderungen annehmen. Denke bitte dar\u00fcber nach, wie diese Gelegenheit deine Karriere voranbringen k\u00f6nnte.<\/p>  <p><strong>N\u00e4chste Schritte:<\/strong><\/p>  <p>Ich habe bereits mit dem Personalverantwortlichen von XYZ Company gesprochen und er hat zugestimmt, dein Profil genauer anzusehen, wenn du daran interessiert bist. Alles, was ich brauche, ist eine Best\u00e4tigung von dir, dass du an dieser Gelegenheit interessiert bist, und ich reiche deine Unterlagen zur \u00dcberpr\u00fcfung ein. Wenn du irgendwelche Fragen hast oder zus\u00e4tzliche Informationen ben\u00f6tigst, stehe ich dir gerne zur Verf\u00fcgung.<\/p>  <p><strong>Schluss:<\/strong><\/p>  <p>Max, ich hoffe, dass du die M\u00f6glichkeit in Betracht ziehst, zu XYZ Company zu wechseln. Ich glaube wirklich, dass dies eine hervorragende Gelegenheit f\u00fcr dich ist, beruflich und pers\u00f6nlich zu wachsen. Lass es mich bitte wissen, ob du interessiert bist, und ich werde entsprechend handeln. Vielen Dank f\u00fcr deine Aufmerksamkeit und ich freue mich auf deine Antwort.<\/p>  <p>Mit freundlichen Gr\u00fc\u00dfen,<\/p> <p>Anna<\/p><\/section><\/div><\/div>\r\n\r\n&nbsp;\r\n\r\n\r\n\r\n\r\n\r\n\r\n<p class=\"has-text-align-center\">Muster und Vorlage f\u00fcr <strong> Anschreiben In Du-Form <\/strong> zur Erstellung und Anpassung im <strong>WORD<\/strong>\u2013 und <strong>PDF-Format<\/strong><\/p>\r\n\r\n\r\n<button id=\"generatePDF\">Erstellen (PDF &#8211; WORD)<\/button>\r\n\r\n\r\n\r\n<hr class=\"wp-block-separator has-alpha-channel-opacity\" \/>\r\n\r\n\r\n\r\n<p style=\"text-align: center;\"><strong>Anschreiben In Du-Form<\/strong><\/p>\r\n\r\n<div class=\"wp-block-columns is-layout-flex wp-container-core-columns-is-layout-9d6595d7 wp-block-columns-is-layout-flex\">\r\n\r\n\r\n<div class=\"wp-block-column is-layout-flow wp-block-column-is-layout-flow\"><div class=\"su-button-center\"><a href=\"https:\/\/www.fh-muenster.de\/beruf-karriere\/downloads\/Bewerbungstoolbox_Anschreiben_inkl._Anhang.pdf\" class=\"su-button su-button-style-flat\" style=\"color:#FFFFFF;background-color:#144bb6;border-color:#103c92;border-radius:1px\" target=\"_self\"><span style=\"color:#FFFFFF;padding:0px 24px;font-size:18px;line-height:36px;border-color:#5b81cc;border-radius:1px;text-shadow:none\">   PDF <\/span><\/a><\/div>\n<\/div>\r\n\r\n\r\n\r\n<div class=\"wp-block-column is-layout-flow wp-block-column-is-layout-flow\"><div class=\"su-button-center\"><a href=\"https:\/\/www.anjaworm.de\/fileadmin\/user_upload\/Erfolgreich_bewerben_.docx\" class=\"su-button su-button-style-flat\" style=\"color:#FFFFFF;background-color:#144bb6;border-color:#103c92;border-radius:1px\" target=\"_self\"><span style=\"color:#FFFFFF;padding:0px 24px;font-size:18px;line-height:36px;border-color:#5b81cc;border-radius:1px;text-shadow:none\">   DOC<\/span><\/a><\/div>\n<\/div>\r\n\r\n\r\n<\/div>\r\n\r\n\r\n\r\n<p style=\"text-align: center;\"><strong>Beispiele<\/strong><\/p>\r\n\r\n<div class=\"wp-block-columns is-layout-flex wp-container-core-columns-is-layout-9d6595d7 wp-block-columns-is-layout-flex\">\r\n\r\n\r\n<div class=\"wp-block-column is-layout-flow wp-block-column-is-layout-flow\"><div class=\"su-button-center\"><a href=\"https:\/\/www.fh-muenster.de\/beruf-karriere\/downloads\/Bewerbungstoolbox_Anschreiben_inkl._Anhang.pdf\" class=\"su-button su-button-style-flat\" style=\"color:#FFFFFF;background-color:#144bb6;border-color:#103c92;border-radius:1px\" target=\"_self\"><span style=\"color:#FFFFFF;padding:0px 24px;font-size:18px;line-height:36px;border-color:#5b81cc;border-radius:1px;text-shadow:none\">  Beispiel &#8211; 1 <\/span><\/a><\/div>\n<\/div>\r\n\r\n\r\n\r\n<div class=\"wp-block-column is-layout-flow wp-block-column-is-layout-flow\"><div class=\"su-button-center\"><a href=\"https:\/\/towerconsult.de\/bewerberblog\/wp-content\/uploads\/2009\/03\/das-anschreiben3.pdf\" class=\"su-button su-button-style-flat\" style=\"color:#FFFFFF;background-color:#144bb6;border-color:#103c92;border-radius:1px\" target=\"_self\"><span style=\"color:#FFFFFF;padding:0px 24px;font-size:18px;line-height:36px;border-color:#5b81cc;border-radius:1px;text-shadow:none\">  Beispiel &#8211; 2 <\/span><\/a><\/div>\n<\/div>\r\n\r\n\r\n<\/div>\r\n\r\n\r\n<hr class=\"wp-block-separator has-alpha-channel-opacity\" \/>\r\n\r\n\r\n\r\n<div class=\"wp-block-columns is-layout-flex wp-container-core-columns-is-layout-9d6595d7 wp-block-columns-is-layout-flex\">\r\n\r\n\r\n<div class=\"wp-block-column is-layout-flow wp-block-column-is-layout-flow\"><div class=\"su-button-center\"><a href=\"https:\/\/www.silberkamp.de\/downloads\/fp_mk_de05.pdf\" class=\"su-button su-button-style-flat\" style=\"color:#FFFFFF;background-color:#144bb6;border-color:#103c92;border-radius:1px\" target=\"_self\"><span style=\"color:#FFFFFF;padding:0px 24px;font-size:18px;line-height:36px;border-color:#5b81cc;border-radius:1px;text-shadow:none\">  Beispiel &#8211; 3 <\/span><\/a><\/div>\n<\/div>\r\n\r\n\r\n\r\n<div class=\"wp-block-column is-layout-flow wp-block-column-is-layout-flow\"><div class=\"su-button-center\"><a href=\"https:\/\/www.fh-muenster.de\/beruf-karriere\/downloads\/Bewerbungstoolbox_Anschreiben_inkl._Anhang.pdf\" class=\"su-button su-button-style-flat\" style=\"color:#FFFFFF;background-color:#144bb6;border-color:#103c92;border-radius:1px\" target=\"_self\"><span style=\"color:#FFFFFF;padding:0px 24px;font-size:18px;line-height:36px;border-color:#5b81cc;border-radius:1px;text-shadow:none\">  Beispiel &#8211; 4 <\/span><\/a><\/div>\n<\/div>\r\n\r\n\r\n<\/div>\r\n\r\n\r\n<hr class=\"wp-block-separator has-alpha-channel-opacity\" \/>\r\n\r\n<!-- \/wp:post-content -->\r\n\r\n<!-- wp:table {\"align\":\"center\"} -->\r\n<figure class=\"wp-block-table aligncenter\">\r\n<table>\r\n<tbody>\r\n<tr>\r\n<td style=\"text-align: center;\">Anschreiben In Du-Form<\/td>\r\n<\/tr>\r\n<tr>\r\n<td style=\"text-align: center;\">PDF &#8211; WORD Datei<\/td>\r\n<\/tr>\r\n<tr>\r\n<td style=\"text-align: center;\">Bewertung: \u2b50\u2b50\u2b50\u2b50\u2b50 4.24<\/td>\r\n<\/tr>\r\n<tr>\r\n<td style=\"text-align: center;\">Ergebnisse &#8211; 5987<\/td>\r\n<\/tr>\r\n<\/tbody>\r\n<\/table>\r\n<\/figure>\r\n<!-- \/wp:table -->\r\n\r\n<!-- wp:separator -->\r\n\r\n<hr class=\"wp-block-separator has-alpha-channel-opacity\" \/>\r\n\r\n<!-- \/wp:separator -->\r\n\r\n<div class=\"su-note\"  style=\"border-color:#e5e5e5;border-radius:10px;-moz-border-radius:10px;-webkit-border-radius:10px;\"><div class=\"su-note-inner su-u-clearfix su-u-trim\" style=\"background-color:#FFFFFF;border-color:#ffffff;color:#333333;border-radius:10px;-moz-border-radius:10px;-webkit-border-radius:10px;\">\r\n\r\n<h3>Einf\u00fchrung<\/h3> <p>Ein Anschreiben in Du-Form ist eine M\u00f6glichkeit, einen Brief in einer informellen, pers\u00f6nlichen und freundschaftlichen Art und Weise zu verfassen. Es wird meistens in vielen pers\u00f6nlichen oder informellen Situationen verwendet, wie zum Beispiel beim Schreiben an Freunde, Familienmitglieder oder Bekannte. In diesem Abschnitt lernst du, wie du ein solches Anschreiben verfasst.<\/p>  <h3>Formale Gestaltung<\/h3> <p>Obwohl ein Anschreiben in Du-Form informell ist, gibt es dennoch einige regeln zu beachten:<\/p> <ul> <li>Verwende eine verst\u00e4ndliche und einfache Sprache.<\/li> <li>Schreib den Brief in einem freundlichen und pers\u00f6nlichen Ton.<\/li> <li>Vermeide formale Begr\u00fc\u00dfungen wie &#8220;Sehr geehrter Herr&#8221; oder &#8220;Liebe\/r Frau\/Herr&#8221;.<\/li> <li>Schreibe den Brief in der &#8220;Du&#8221;-Anrede.<\/li> <li>Beende den Brief mit einer vertrauten Abschiedsformel wie &#8220;Liebe Gr\u00fc\u00dfe&#8221; oder &#8220;Viele Gr\u00fc\u00dfe&#8221;.<\/li> <\/ul>  <h3>Die Struktur eines Anschreibens in Du-Form<\/h3> <p>Ein Anschreiben in Du-Form hat eine \u00e4hnliche Grundstruktur wie ein formeller Brief.<\/p>  <h4>Einleitung<\/h4> <p>In der Einleitung solltest du den Grund f\u00fcr dein Schreiben angeben und eine freundliche Begr\u00fc\u00dfung verwenden. Zum Beispiel:<\/p> <blockquote> <p>Lieber Max,<\/p> <p>ich hoffe, es geht dir gut.<\/p> <\/blockquote>  <h4>Hauptteil<\/h4> <p>Der Hauptteil des Anschreibens sollte den eigentlichen Inhalt deines Briefes enthalten. Hier kannst du dich ausf\u00fchrlicher \u00fcber das Anliegen oder Thema \u00e4u\u00dfern. Du kannst auch Fragen stellen, Feedback geben oder Ratschl\u00e4ge geben. Der Hauptteil sollte das Herzst\u00fcck deines Anschreibens sein. Beispiel:<\/p> <blockquote> <p>Ich wollte mich bei dir bedanken f\u00fcr die tolle Unterst\u00fctzung bei meinem Projekt. Deine Ratschl\u00e4ge und Anleitung waren unsch\u00e4tzbar. Dank dir konnte ich meine Ziele erreichen und bin sehr stolz auf meine Arbeit. Was hast du in letzter Zeit gemacht?<\/p> <\/blockquote>  <h4>Schluss<\/h4> <p>Im Schlussteil fasst du den Hauptinhalt des Anschreibens noch einmal zusammen und formulierst einen freundlichen Abschluss. Beispiel:<\/p> <blockquote> <p>Nochmals vielen Dank f\u00fcr alles, und lass uns bald treffen, damit wir uns pers\u00f6nlich austauschen k\u00f6nnen. Ich freue mich darauf, von dir zu h\u00f6ren.<\/p> <p>Liebe Gr\u00fc\u00dfe,<\/p> <p>Anna<\/p> <\/blockquote>  <h3>\u00dcberlegungen zum Aufbau eines effektiven Briefes in Du-Form<\/h3> <p>Um sicherzustellen, dass dein Anschreiben in Du-Form effektiv ist, solltest du folgende Punkte beachten:<\/p> <ul> <li>Denke dar\u00fcber nach, was du mit dem Brief erreichen m\u00f6chtest.<\/li> <li>W\u00e4hle eine angemessene Sprache und Ton f\u00fcr den Empf\u00e4nger.<\/li> <li>Sei pr\u00e4zise und klar in deinen Formulierungen.<\/li> <li>Bringe deine Gedanken und Gef\u00fchle authentisch zum Ausdruck.<\/li> <li>Sei respektvoll und achte auf Empathie.<\/li> <\/ul>  <h3><\/h3> <p>Das Verfassen eines Anschreibens in Du-Form ist eine gro\u00dfartige M\u00f6glichkeit, pers\u00f6nlich und informell mit Freunden, Familienmitgliedern oder Bekannten zu kommunizieren. Indem du die richtige formale Gestaltung, eine klare Struktur und eine angemessene Sprache verwendest, kannst du ein effektives Anschreiben verfassen, das deine Botschaft klar vermittelt.<\/p>  <h3>Beispiele<\/h3> <p>Hier sind einige Beispiele f\u00fcr Anschreiben in Du-Form:<\/p>  <h4>Beispiel 1<\/h4> <blockquote> <p>Liebe Julia,<\/p> <p>ich hoffe, es geht dir gut. Ich wollte dir nur schnell schreiben und dir f\u00fcr letzte Nacht danken. Es war so sch\u00f6n, mal wieder Zeit mit dir zu verbringen. Ich habe mich wirklich gefreut, dass du gekommen bist, und ich hoffe, wir k\u00f6nnen das bald wiederholen.<\/p> <p>Bis bald!<\/p> <p>Viele Gr\u00fc\u00dfe,<\/p> <p>Anna<\/p> <\/blockquote>  <h4>Beispiel 2<\/h4> <blockquote> <p>Hallo Tim,<\/p> <p>ich hoffe, es geht dir gut. Schreib mir doch mal, wie es dir in deinem neuen Job gef\u00e4llt. Ich freue mich schon darauf, deine neuen Erfahrungen und Herausforderungen zu h\u00f6ren.<\/p> <p>Bis bald!<\/p> <p>Beste Gr\u00fc\u00dfe,<\/p> <p>Lisa<\/p> <\/blockquote>\r\n\r\n<\/div><\/div>\r\n\r\n<!-- wp:separator -->\r\n\r\n<hr class=\"wp-block-separator has-alpha-channel-opacity\" \/>","protected":false},"excerpt":{"rendered":"<p>Muster und Vorlage f\u00fcr Anschreiben In Du-Form &#8211; Ausf\u00fcllen und Erstellung &#8211; \u00d6ffnen im PDF WORD Datei und Online &nbsp; &#8230; <\/p>\n<p class=\"read-more-container\"><a title=\"\u00d6ffnen &#8211; Anschreiben In Du-Form\" class=\"read-more button\" href=\"https:\/\/schreibenpro.com\/de\/anschreiben-in-du-form-offnen\/#more-598\" aria-label=\"Mehr zu \u00d6ffnen &#8211; Anschreiben In Du-Form\">\u00d6FFNEN <\/a><\/p>\n","protected":false},"author":1,"featured_media":0,"parent":0,"menu_order":0,"comment_status":"closed","ping_status":"closed","template":"","meta":{"footnotes":""},"class_list":{"0":"post-598","1":"page","2":"type-page","3":"status-publish","5":"infinite-scroll-item"},"yoast_head":"<!-- This site is optimized with the Yoast SEO plugin v24.6 - https:\/\/yoast.com\/wordpress\/plugins\/seo\/ -->\n<title>\u00d6ffnen - Anschreiben In Du-Form - Schreiben PRO<\/title>\n<meta name=\"robots\" content=\"noindex, follow\" \/>\n<meta property=\"og:locale\" content=\"de_DE\" \/>\n<meta property=\"og:type\" content=\"article\" \/>\n<meta property=\"og:title\" content=\"\u00d6ffnen - Anschreiben In Du-Form - Schreiben PRO\" \/>\n<meta property=\"og:description\" content=\"Muster und Vorlage f\u00fcr Anschreiben In Du-Form &#8211; Ausf\u00fcllen und Erstellung &#8211; \u00d6ffnen im PDF WORD Datei und Online &nbsp; ... \u00d6FFNEN\" \/>\n<meta property=\"og:url\" content=\"https:\/\/schreibenpro.com\/de\/anschreiben-in-du-form-offnen\/\" \/>\n<meta property=\"og:site_name\" content=\"Schreiben PRO\" \/>\n<meta property=\"og:image\" content=\"https:\/\/schreibenpro.com\/de\/wp-content\/uploads\/anschreiben-in-du-form-muster-vorlage.jpg\" \/>\n<meta name=\"twitter:card\" content=\"summary_large_image\" \/>\n<meta name=\"twitter:label1\" content=\"Gesch\u00e4tzte Lesezeit\" \/>\n\t<meta name=\"twitter:data1\" content=\"1\u00a0Minute\" \/>\n<!-- \/ Yoast SEO plugin. -->","yoast_head_json":{"title":"\u00d6ffnen - Anschreiben In Du-Form - Schreiben PRO","robots":{"index":"noindex","follow":"follow"},"og_locale":"de_DE","og_type":"article","og_title":"\u00d6ffnen - Anschreiben In Du-Form - Schreiben PRO","og_description":"Muster und Vorlage f\u00fcr Anschreiben In Du-Form &#8211; Ausf\u00fcllen und Erstellung &#8211; \u00d6ffnen im PDF WORD Datei und Online &nbsp; ... \u00d6FFNEN","og_url":"https:\/\/schreibenpro.com\/de\/anschreiben-in-du-form-offnen\/","og_site_name":"Schreiben PRO","og_image":[{"url":"https:\/\/schreibenpro.com\/de\/wp-content\/uploads\/anschreiben-in-du-form-muster-vorlage.jpg","type":"","width":"","height":""}],"twitter_card":"summary_large_image","twitter_misc":{"Gesch\u00e4tzte Lesezeit":"1\u00a0Minute"},"schema":{"@context":"https:\/\/schema.org","@graph":[{"@type":"WebPage","@id":"https:\/\/schreibenpro.com\/de\/anschreiben-in-du-form-offnen\/","url":"https:\/\/schreibenpro.com\/de\/anschreiben-in-du-form-offnen\/","name":"\u00d6ffnen - Anschreiben In Du-Form - Schreiben PRO","isPartOf":{"@id":"https:\/\/schreibenpro.com\/de\/#website"},"primaryImageOfPage":{"@id":"https:\/\/schreibenpro.com\/de\/anschreiben-in-du-form-offnen\/#primaryimage"},"image":{"@id":"https:\/\/schreibenpro.com\/de\/anschreiben-in-du-form-offnen\/#primaryimage"},"thumbnailUrl":"https:\/\/schreibenpro.com\/de\/wp-content\/uploads\/anschreiben-in-du-form-muster-vorlage.jpg","datePublished":"2023-12-18T08:24:53+00:00","breadcrumb":{"@id":"https:\/\/schreibenpro.com\/de\/anschreiben-in-du-form-offnen\/#breadcrumb"},"inLanguage":"de","potentialAction":[{"@type":"ReadAction","target":["https:\/\/schreibenpro.com\/de\/anschreiben-in-du-form-offnen\/"]}]},{"@type":"ImageObject","inLanguage":"de","@id":"https:\/\/schreibenpro.com\/de\/anschreiben-in-du-form-offnen\/#primaryimage","url":"https:\/\/schreibenpro.com\/de\/wp-content\/uploads\/anschreiben-zum-angebot-muster-vorlage.jpg","contentUrl":"https:\/\/schreibenpro.com\/de\/wp-content\/uploads\/anschreiben-zum-angebot-muster-vorlage.jpg","width":1410,"height":2250},{"@type":"BreadcrumbList","@id":"https:\/\/schreibenpro.com\/de\/anschreiben-in-du-form-offnen\/#breadcrumb","itemListElement":[{"@type":"ListItem","position":1,"name":"Portada","item":"https:\/\/schreibenpro.com\/de\/"},{"@type":"ListItem","position":2,"name":"\u00d6ffnen &#8211; Anschreiben In Du-Form"}]},{"@type":"WebSite","@id":"https:\/\/schreibenpro.com\/de\/#website","url":"https:\/\/schreibenpro.com\/de\/","name":"Schreiben PRO","description":"Muster und Vorlage","publisher":{"@id":"https:\/\/schreibenpro.com\/de\/#organization"},"potentialAction":[{"@type":"SearchAction","target":{"@type":"EntryPoint","urlTemplate":"https:\/\/schreibenpro.com\/de\/?s={search_term_string}"},"query-input":{"@type":"PropertyValueSpecification","valueRequired":true,"valueName":"search_term_string"}}],"inLanguage":"de"},{"@type":"Organization","@id":"https:\/\/schreibenpro.com\/de\/#organization","name":"Schreiben PRO","url":"https:\/\/schreibenpro.com\/de\/","logo":{"@type":"ImageObject","inLanguage":"de","@id":"https:\/\/schreibenpro.com\/de\/#\/schema\/logo\/image\/","url":"https:\/\/schreibenpro.com\/de\/wp-content\/uploads\/cropped-fav.png","contentUrl":"https:\/\/schreibenpro.com\/de\/wp-content\/uploads\/cropped-fav.png","width":512,"height":512,"caption":"Schreiben PRO"},"image":{"@id":"https:\/\/schreibenpro.com\/de\/#\/schema\/logo\/image\/"}}]}},"_links":{"self":[{"href":"https:\/\/schreibenpro.com\/de\/wp-json\/wp\/v2\/pages\/598","targetHints":{"allow":["GET"]}}],"collection":[{"href":"https:\/\/schreibenpro.com\/de\/wp-json\/wp\/v2\/pages"}],"about":[{"href":"https:\/\/schreibenpro.com\/de\/wp-json\/wp\/v2\/types\/page"}],"author":[{"embeddable":true,"href":"https:\/\/schreibenpro.com\/de\/wp-json\/wp\/v2\/users\/1"}],"replies":[{"embeddable":true,"href":"https:\/\/schreibenpro.com\/de\/wp-json\/wp\/v2\/comments?post=598"}],"version-history":[{"count":0,"href":"https:\/\/schreibenpro.com\/de\/wp-json\/wp\/v2\/pages\/598\/revisions"}],"wp:attachment":[{"href":"https:\/\/schreibenpro.com\/de\/wp-json\/wp\/v2\/media?parent=598"}],"curies":[{"name":"wp","href":"https:\/\/api.w.org\/{rel}","templated":true}]}}