{"id":600,"date":"2023-12-18T08:24:54","date_gmt":"2023-12-18T08:24:54","guid":{"rendered":"https:\/\/schreibenpro.com\/de\/makler-bewertung-schreiben-offnen\/"},"modified":"2023-12-18T08:24:54","modified_gmt":"2023-12-18T08:24:54","slug":"makler-bewertung-schreiben-offnen","status":"publish","type":"page","link":"https:\/\/schreibenpro.com\/de\/makler-bewertung-schreiben-offnen\/","title":{"rendered":"\u00d6ffnen &#8211; Makler Bewertung Schreiben"},"content":{"rendered":"\r\n<p class=\"has-text-align-center\">Muster und Vorlage f\u00fcr <strong> Makler Bewertung Schreiben<\/strong> &#8211; Erstellung und Ausf\u00fcllen &#8211; \u00d6ffnen im <strong>WORD  PDF<\/strong> Datei und Online<\/p>\r\n\r\n\r\n\r\n\r\n<div class=\"wp-block-image\">\r\n<figure class=\"aligncenter size-large is-resized\"><img loading=\"lazy\" decoding=\"async\" class=\"wp-image-215\" src=\"https:\/\/schreibenpro.com\/de\/wp-content\/uploads\/makler-bewertung-schreiben-muster-vorlage.jpg\" alt=\"\" width=\"245\" height=\"391\" \/><\/figure>\r\n<\/div>\r\n\r\n\r\n\r\n<hr class=\"wp-block-separator has-alpha-channel-opacity\" \/>\r\n\r\n\r\n\r\n\r\n\r\n<div class=\"su-note\"  style=\"border-color:#e5e5e5;border-radius:10px;-moz-border-radius:10px;-webkit-border-radius:10px;\"><div class=\"su-note-inner su-u-clearfix su-u-trim\" style=\"background-color:#FFFFFF;border-color:#ffffff;color:#333333;border-radius:10px;-moz-border-radius:10px;-webkit-border-radius:10px;\">\r\n\r\n<section id=\"specialParagraph\"><p><strong>Einf\u00fchrung:<\/strong><\/p>  <p>Sehr geehrter Herr\/Frau [Maklername],<\/p>  <p>ich schreibe Ihnen, um Ihnen eine Bewertung f\u00fcr Ihre professionellen Dienstleistungen als Makler zu \u00fcbermitteln. Als langj\u00e4hriger Kunde von Ihnen m\u00f6chte ich meine Erfahrungen mit Ihnen teilen und auch anderen potenziellen Kunden einen Einblick geben.<\/p>  <p><strong>Teil 1: Recherchephase<\/strong><\/p>  <p>Der erste Schritt bei der Bewertung eines Maklers ist die Recherche. Ich habe mich intensiv mit verschiedenen Maklern auf dem Markt besch\u00e4ftigt und Ihre Firma stach aufgrund Ihrer positiven Bewertungen und Empfehlungen hervor. Auch Ihre breite Palette von Angeboten und Ihr umfangreiches Wissen \u00fcber den Immobilienmarkt haben mich \u00fcberzeugt. Daher habe ich mich daf\u00fcr entschieden, mit Ihnen zusammenzuarbeiten.<\/p>  <p><strong>Teil 2: Beratungsphase<\/strong><\/p>  <p>W\u00e4hrend der Beratungsphase haben Sie mich sehr professionell und kompetent beraten. Sie haben Ihre Zeit genommen, um meine Bed\u00fcrfnisse zu verstehen und meine Fragen zu beantworten. Ihre klaren Erkl\u00e4rungen zu den verschiedenen Aspekten des Immobilienkaufs und -verkaufs haben mir geholfen, informierte Entscheidungen zu treffen. Ihre Empfehlungen waren immer auf meine individuellen Bed\u00fcrfnisse zugeschnitten.<\/p>  <p><strong>Teil 3: Such- und Verkaufsphase<\/strong><\/p>  <p>Als wir schlie\u00dflich den Such- und Verkaufsprozess starteten, waren Sie \u00e4u\u00dferst effizient. Sie haben eine breite Auswahl an Immobilien zur Verf\u00fcgung gestellt, die meinen Anforderungen entsprachen, und haben auch potenzielle K\u00e4ufer f\u00fcr meine Immobilie gefunden. Ihre Kenntnisse \u00fcber den Markt haben es Ihnen erm\u00f6glicht, meine Immobilien schnell und zu einem fairen Preis zu verkaufen. Gleichzeitig haben Sie mir geholfen, eine neue Immobilie zu finden, die perfekt zu meinen Vorlieben und W\u00fcnschen passte.<\/p>  <p><strong>Teil 4: Kommunikation und Kundenservice<\/strong><\/p>  <p>W\u00e4hrend des gesamten Prozesses war Ihre Kommunikation vorbildlich. Sie haben mich regelm\u00e4\u00dfig \u00fcber den Fortschritt informiert und waren immer f\u00fcr mich erreichbar, wenn ich Fragen hatte. Ihre schnellen Antworten auf meine Anrufe und E-Mails haben mir ein Gef\u00fchl von Sicherheit gegeben und mich beruhigt. Ich habe mich immer gut betreut und unterst\u00fctzt gef\u00fchlt.<\/p>  <p><strong>Teil 5: Abschlussphase<\/strong><\/p>  <p>Die Abschlussphase war ebenso reibungslos wie der Rest des Prozesses. Sie haben sich um alle notwendigen Formalit\u00e4ten gek\u00fcmmert und daf\u00fcr gesorgt, dass der Verkauf ordnungsgem\u00e4\u00df abgewickelt wurde. Ich konnte mich darauf verlassen, dass Sie alle erforderlichen Dokumente vorbereiten und mich bei jedem Schritt unterst\u00fctzen.<\/p>  <p><strong>Schlussbemerkung:<\/strong><\/p>  <p>Insgesamt bin ich \u00e4u\u00dferst zufrieden mit Ihrer Arbeit als Makler. Sie haben meine Erwartungen \u00fcbertroffen und mir einen erstklassigen Service geboten. Ich werde Sie auf jeden Fall weiterempfehlen und freue mich auf weitere erfolgreiche Zusammenarbeit in der Zukunft.<\/p>  <p>Mit freundlichen Gr\u00fc\u00dfen,<\/p>  [Ihr Name]<\/section><\/div><\/div>\r\n\r\n&nbsp;\r\n\r\n\r\n\r\n\r\n\r\n\r\n<p class=\"has-text-align-center\">Vorlage und Muster f\u00fcr <strong> Makler Bewertung Schreiben <\/strong> zur Anpassung und Erstellung  im <strong>WORD<\/strong>\u2013 und <strong>PDF-Format<\/strong><\/p>\r\n\r\n\r\n<button id=\"generatePDF\">Erstellen (PDF &#8211; WORD)<\/button>\r\n\r\n\r\n\r\n<hr class=\"wp-block-separator has-alpha-channel-opacity\" \/>\r\n\r\n\r\n\r\n<p style=\"text-align: center;\"><strong>Makler Bewertung Schreiben<\/strong><\/p>\r\n\r\n<div class=\"wp-block-columns is-layout-flex wp-container-core-columns-is-layout-9d6595d7 wp-block-columns-is-layout-flex\">\r\n\r\n\r\n<div class=\"wp-block-column is-layout-flow wp-block-column-is-layout-flow\"><div class=\"su-button-center\"><a href=\"https:\/\/www.ihre-energieberater.eu\/files\/download\/7b62196fce866b8\" class=\"su-button su-button-style-flat\" style=\"color:#FFFFFF;background-color:#144bb6;border-color:#103c92;border-radius:1px\" target=\"_self\"><span style=\"color:#FFFFFF;padding:0px 24px;font-size:18px;line-height:36px;border-color:#5b81cc;border-radius:1px;text-shadow:none\">   PDF <\/span><\/a><\/div>\n<\/div>\r\n\r\n\r\n\r\n<div class=\"wp-block-column is-layout-flow wp-block-column-is-layout-flow\"><div class=\"su-button-center\"><a href=\"https:\/\/www.immoruegen24.de\/blog\/wp-content\/uploads\/2014\/09\/Muster-Kundenanschreiben-zum-EnEV.docx\" class=\"su-button su-button-style-flat\" style=\"color:#FFFFFF;background-color:#144bb6;border-color:#103c92;border-radius:1px\" target=\"_self\"><span style=\"color:#FFFFFF;padding:0px 24px;font-size:18px;line-height:36px;border-color:#5b81cc;border-radius:1px;text-shadow:none\">   DOC<\/span><\/a><\/div>\n<\/div>\r\n\r\n\r\n<\/div>\r\n\r\n\r\n\r\n<p style=\"text-align: center;\"><strong>Beispiele<\/strong><\/p>\r\n\r\n<div class=\"wp-block-columns is-layout-flex wp-container-core-columns-is-layout-9d6595d7 wp-block-columns-is-layout-flex\">\r\n\r\n\r\n<div class=\"wp-block-column is-layout-flow wp-block-column-is-layout-flow\"><div class=\"su-button-center\"><a href=\"https:\/\/www.ihre-energieberater.eu\/files\/download\/7b62196fce866b8\" class=\"su-button su-button-style-flat\" style=\"color:#FFFFFF;background-color:#144bb6;border-color:#103c92;border-radius:1px\" target=\"_self\"><span style=\"color:#FFFFFF;padding:0px 24px;font-size:18px;line-height:36px;border-color:#5b81cc;border-radius:1px;text-shadow:none\">  Beispiel &#8211; 1 <\/span><\/a><\/div>\n<\/div>\r\n\r\n\r\n\r\n<div class=\"wp-block-column is-layout-flow wp-block-column-is-layout-flow\"><div class=\"su-button-center\"><a href=\"https:\/\/cdn.makleraccess.de\/wp-content\/uploads\/sites\/92\/2016\/03\/leitfaden-fuer-die-bewertung-bei-google.pdf\" class=\"su-button su-button-style-flat\" style=\"color:#FFFFFF;background-color:#144bb6;border-color:#103c92;border-radius:1px\" target=\"_self\"><span style=\"color:#FFFFFF;padding:0px 24px;font-size:18px;line-height:36px;border-color:#5b81cc;border-radius:1px;text-shadow:none\">  Beispiel &#8211; 2 <\/span><\/a><\/div>\n<\/div>\r\n\r\n\r\n<\/div>\r\n\r\n\r\n<hr class=\"wp-block-separator has-alpha-channel-opacity\" \/>\r\n\r\n\r\n\r\n<div class=\"wp-block-columns is-layout-flex wp-container-core-columns-is-layout-9d6595d7 wp-block-columns-is-layout-flex\">\r\n\r\n\r\n<div class=\"wp-block-column is-layout-flow wp-block-column-is-layout-flow\"><div class=\"su-button-center\"><a href=\"https:\/\/www.tolias-immobilien.de\/referenzen-uebersicht\/referenzschreiben-eigentuemer-hummel.pdf\" class=\"su-button su-button-style-flat\" style=\"color:#FFFFFF;background-color:#144bb6;border-color:#103c92;border-radius:1px\" target=\"_self\"><span style=\"color:#FFFFFF;padding:0px 24px;font-size:18px;line-height:36px;border-color:#5b81cc;border-radius:1px;text-shadow:none\">  Beispiel &#8211; 3 <\/span><\/a><\/div>\n<\/div>\r\n\r\n\r\n\r\n<div class=\"wp-block-column is-layout-flow wp-block-column-is-layout-flow\"><div class=\"su-button-center\"><a href=\"https:\/\/www.ihre-energieberater.eu\/files\/download\/7b62196fce866b8\" class=\"su-button su-button-style-flat\" style=\"color:#FFFFFF;background-color:#144bb6;border-color:#103c92;border-radius:1px\" target=\"_self\"><span style=\"color:#FFFFFF;padding:0px 24px;font-size:18px;line-height:36px;border-color:#5b81cc;border-radius:1px;text-shadow:none\">  Beispiel &#8211; 4 <\/span><\/a><\/div>\n<\/div>\r\n\r\n\r\n<\/div>\r\n\r\n\r\n<hr class=\"wp-block-separator has-alpha-channel-opacity\" \/>\r\n\r\n<!-- \/wp:post-content -->\r\n\r\n<!-- wp:table {\"align\":\"center\"} -->\r\n<figure class=\"wp-block-table aligncenter\">\r\n<table>\r\n<tbody>\r\n<tr>\r\n<td style=\"text-align: center;\">Makler Bewertung Schreiben<\/td>\r\n<\/tr>\r\n<tr>\r\n<td style=\"text-align: center;\">PDF &#8211; WORD Datei<\/td>\r\n<\/tr>\r\n<tr>\r\n<td style=\"text-align: center;\">Bewertung: \u2b50\u2b50\u2b50\u2b50\u2b50 4.32<\/td>\r\n<\/tr>\r\n<tr>\r\n<td style=\"text-align: center;\">Ergebnisse &#8211; 6156<\/td>\r\n<\/tr>\r\n<\/tbody>\r\n<\/table>\r\n<\/figure>\r\n<!-- \/wp:table -->\r\n\r\n<!-- wp:separator -->\r\n\r\n<hr class=\"wp-block-separator has-alpha-channel-opacity\" \/>\r\n\r\n<!-- \/wp:separator -->\r\n\r\n<div class=\"su-note\"  style=\"border-color:#e5e5e5;border-radius:10px;-moz-border-radius:10px;-webkit-border-radius:10px;\"><div class=\"su-note-inner su-u-clearfix su-u-trim\" style=\"background-color:#FFFFFF;border-color:#ffffff;color:#333333;border-radius:10px;-moz-border-radius:10px;-webkit-border-radius:10px;\">\r\n\r\n<p>Das Verfassen einer Maklerbewertung kann eine effektive M\u00f6glichkeit sein, Ihre Erfahrungen mit einem Makler zu teilen und anderen dabei zu helfen, eine fundierte Entscheidung zu treffen. In dieser Anleitung werden wir Ihnen einige Tipps und Beispiele geben, wie Sie eine \u00fcberzeugende und aussagekr\u00e4ftige Maklerbewertung schreiben k\u00f6nnen.<\/p>  <h3>1. Einleitung<\/h3>  <p>Beginnen Sie Ihre Bewertung mit einer kurzen Einleitung, in der Sie erw\u00e4hnen, warum Sie sich entschieden haben, eine Bewertung zu schreiben. Zum Beispiel k\u00f6nnten Sie sagen: &#8220;Ich habe vor kurzem einen Makler f\u00fcr den Verkauf meines Hauses engagiert und m\u00f6chte meine positiven Erfahrungen teilen.&#8221; Oder Sie k\u00f6nnten erkl\u00e4ren, dass Sie Ihre Bewertung schreiben, um andere potenzielle Kunden \u00fcber die Qualit\u00e4t des Maklers zu informieren.<\/p>  <h3>2. Beschreibung der Erfahrung<\/h3>  <p>In diesem Abschnitt sollten Sie Ihre Erfahrung mit dem Makler detailliert beschreiben. Sie k\u00f6nnen \u00fcber den gesamten Prozess berichten, von der ersten Kontaktaufnahme bis zum Abschluss des Gesch\u00e4fts. Geben Sie spezifische Beispiele f\u00fcr Situationen, in denen der Makler Ihre Erwartungen \u00fcbertroffen hat oder sich besonders bem\u00fcht hat, Ihnen zu helfen.<\/p>  <p>Zum Beispiel k\u00f6nnten Sie sagen: &#8220;Der Makler war \u00e4u\u00dferst professionell und gut informiert. Er hat sich viel Zeit genommen, um mich \u00fcber den aktuellen Immobilienmarkt zu informieren und mir die besten M\u00f6glichkeiten f\u00fcr den Verkauf meines Hauses aufzuzeigen. Dar\u00fcber hinaus hat er mir bei der Vorbereitung des Hauses f\u00fcr Besichtigungen geholfen und war immer erreichbar, wenn ich Fragen hatte.&#8221;<\/p>  <h3>3. Bewertung des Maklers<\/h3>  <p>In diesem Teil Ihrer Bewertung sollten Sie Ihre allgemeine Einsch\u00e4tzung des Maklers geben. Versuchen Sie, Ihre Bewertung so objektiv wie m\u00f6glich zu gestalten und auf Fakten zu basieren. Erw\u00e4hnen Sie sowohl die positiven als auch die negativen Aspekte Ihrer Erfahrung.<\/p>  <p>Zum Beispiel k\u00f6nnten Sie sagen: &#8220;Insgesamt war ich mit der Arbeit des Maklers sehr zufrieden. Er hat den Verkaufsprozess reibungslos und effizient gestaltet und einen K\u00e4ufer gefunden, der bereit war, den von mir gew\u00fcnschten Preis zu zahlen. Allerdings gab es einige Kommunikationsschwierigkeiten, die zu Verz\u00f6gerungen bei der Bearbeitung von Dokumenten f\u00fchrten.&#8221;<\/p>  <h3>4. Empfehlung<\/h3>  <p>Geben Sie in diesem Abschnitt Ihre Empfehlung f\u00fcr den Makler ab. Sagen Sie klar, ob Sie ihn anderen potenziellen Kunden empfehlen oder nicht. Begr\u00fcnden Sie Ihre Empfehlung anhand konkreter Beispiele und Ihrer pers\u00f6nlichen Erfahrung.<\/p>  <p>Zum Beispiel k\u00f6nnten Sie sagen: &#8220;Ich w\u00fcrde diesen Makler auf jeden Fall anderen potenziellen Kunden empfehlen. Seine Fachkenntnisse und sein Engagement haben mir den Verkaufsprozess erleichtert und ich bin mit dem Endergebnis sehr zufrieden.&#8221;<\/p>  <h3>5. Schluss<\/h3>  <p>Beenden Sie Ihre Maklerbewertung mit einem abschlie\u00dfenden Statement. Hier k\u00f6nnen Sie Ihre Bewertung zusammenfassen und nochmals betonen, warum Sie Ihre Erfahrungen mit anderen teilen m\u00f6chten.<\/p>  <p>Zum Beispiel k\u00f6nnten Sie sagen: &#8220;Insgesamt war meine Erfahrung mit diesem Makler \u00e4u\u00dferst positiv und ich hoffe, dass meine Bewertung anderen bei der Auswahl eines geeigneten Maklers helfen wird. Ich kann diesen Makler ohne Vorbehalt empfehlen.&#8221;<\/p>  <h3>6. Formale Gestaltung<\/h3>  <p>Es ist wichtig, dass Ihre Maklerbewertung gut strukturiert und leicht zu lesen ist. Verwenden Sie Abs\u00e4tze, um Ihre Gedanken zu gliedern, und machen Sie wichtige Punkte mit <strong>fett<\/strong> oder <b>kursiv<\/b> Hervorhebungen deutlich.<\/p>  <p>Verwenden Sie au\u00dferdem \u00dcberschriften (<h3>) und Abs\u00e4tze (<p>) f\u00fcr eine klare und \u00fcbersichtliche Darstellung Ihrer Bewertung.<\/p>  <h3>7. Beispiel<\/h3>  <p>Im Folgenden finden Sie ein Beispiel f\u00fcr eine Maklerbewertung, die die oben genannten Punkte ber\u00fccksichtigt:<\/p>  <dt>Titel: Professioneller Makler mit exzellentem Kundenservice<\/dt> <dd> <p>Ich habe vor kurzem einen Makler f\u00fcr den Verkauf meines Hauses engagiert und m\u00f6chte meine positiven Erfahrungen teilen. Der Makler war \u00e4u\u00dferst professionell und gut informiert. Er hat sich viel Zeit genommen, um mich \u00fcber den aktuellen Immobilienmarkt zu informieren und mir die besten M\u00f6glichkeiten f\u00fcr den Verkauf meines Hauses aufzuzeigen. Dar\u00fcber hinaus hat er mir bei der Vorbereitung des Hauses f\u00fcr Besichtigungen geholfen und war immer erreichbar, wenn ich Fragen hatte.<\/p>  <p>Insgesamt war ich mit der Arbeit des Maklers sehr zufrieden. Er hat den Verkaufsprozess reibungslos und effizient gestaltet und einen K\u00e4ufer gefunden, der bereit war, den von mir gew\u00fcnschten Preis zu zahlen. Allerdings gab es einige Kommunikationsschwierigkeiten, die zu Verz\u00f6gerungen bei der Bearbeitung von Dokumenten f\u00fchrten.<\/p>  <p>Ich w\u00fcrde diesen Makler auf jeden Fall anderen potenziellen Kunden empfehlen. Seine Fachkenntnisse und sein Engagement haben mir den Verkaufsprozess erleichtert und ich bin mit dem Endergebnis sehr zufrieden. Insgesamt war meine Erfahrung mit diesem Makler \u00e4u\u00dferst positiv und ich hoffe, dass meine Bewertung anderen bei der Auswahl eines geeigneten Maklers helfen wird. Ich kann diesen Makler ohne Vorbehalt empfehlen.<\/p> <\/dd>\r\n\r\n<\/div><\/div>\r\n\r\n<!-- wp:separator -->\r\n\r\n<hr class=\"wp-block-separator has-alpha-channel-opacity\" \/>","protected":false},"excerpt":{"rendered":"<p>Muster und Vorlage f\u00fcr Makler Bewertung Schreiben &#8211; Erstellung und Ausf\u00fcllen &#8211; \u00d6ffnen im WORD PDF Datei und Online &nbsp; &#8230; <\/p>\n<p class=\"read-more-container\"><a title=\"\u00d6ffnen &#8211; Makler Bewertung Schreiben\" class=\"read-more button\" href=\"https:\/\/schreibenpro.com\/de\/makler-bewertung-schreiben-offnen\/#more-600\" aria-label=\"Mehr zu \u00d6ffnen &#8211; Makler Bewertung Schreiben\">\u00d6FFNEN <\/a><\/p>\n","protected":false},"author":1,"featured_media":0,"parent":0,"menu_order":0,"comment_status":"closed","ping_status":"closed","template":"","meta":{"footnotes":""},"class_list":{"0":"post-600","1":"page","2":"type-page","3":"status-publish","5":"infinite-scroll-item"},"yoast_head":"<!-- This site is optimized with the Yoast SEO plugin v24.6 - https:\/\/yoast.com\/wordpress\/plugins\/seo\/ -->\n<title>\u00d6ffnen - Makler Bewertung Schreiben - Schreiben PRO<\/title>\n<meta name=\"robots\" content=\"noindex, follow\" \/>\n<meta property=\"og:locale\" content=\"de_DE\" \/>\n<meta property=\"og:type\" content=\"article\" \/>\n<meta property=\"og:title\" content=\"\u00d6ffnen - Makler Bewertung Schreiben - Schreiben PRO\" \/>\n<meta property=\"og:description\" content=\"Muster und Vorlage f\u00fcr Makler Bewertung Schreiben &#8211; Erstellung und Ausf\u00fcllen &#8211; \u00d6ffnen im WORD PDF Datei und Online &nbsp; ... \u00d6FFNEN\" \/>\n<meta property=\"og:url\" content=\"https:\/\/schreibenpro.com\/de\/makler-bewertung-schreiben-offnen\/\" \/>\n<meta property=\"og:site_name\" content=\"Schreiben PRO\" \/>\n<meta property=\"og:image\" content=\"https:\/\/schreibenpro.com\/de\/wp-content\/uploads\/makler-bewertung-schreiben-muster-vorlage.jpg\" \/>\n<meta name=\"twitter:card\" content=\"summary_large_image\" \/>\n<meta name=\"twitter:label1\" content=\"Gesch\u00e4tzte Lesezeit\" \/>\n\t<meta name=\"twitter:data1\" content=\"1\u00a0Minute\" \/>\n<!-- \/ Yoast SEO plugin. -->","yoast_head_json":{"title":"\u00d6ffnen - Makler Bewertung Schreiben - Schreiben PRO","robots":{"index":"noindex","follow":"follow"},"og_locale":"de_DE","og_type":"article","og_title":"\u00d6ffnen - Makler Bewertung Schreiben - Schreiben PRO","og_description":"Muster und Vorlage f\u00fcr Makler Bewertung Schreiben &#8211; Erstellung und Ausf\u00fcllen &#8211; \u00d6ffnen im WORD PDF Datei und Online &nbsp; ... \u00d6FFNEN","og_url":"https:\/\/schreibenpro.com\/de\/makler-bewertung-schreiben-offnen\/","og_site_name":"Schreiben PRO","og_image":[{"url":"https:\/\/schreibenpro.com\/de\/wp-content\/uploads\/makler-bewertung-schreiben-muster-vorlage.jpg","type":"","width":"","height":""}],"twitter_card":"summary_large_image","twitter_misc":{"Gesch\u00e4tzte Lesezeit":"1\u00a0Minute"},"schema":{"@context":"https:\/\/schema.org","@graph":[{"@type":"WebPage","@id":"https:\/\/schreibenpro.com\/de\/makler-bewertung-schreiben-offnen\/","url":"https:\/\/schreibenpro.com\/de\/makler-bewertung-schreiben-offnen\/","name":"\u00d6ffnen - Makler Bewertung Schreiben - Schreiben PRO","isPartOf":{"@id":"https:\/\/schreibenpro.com\/de\/#website"},"primaryImageOfPage":{"@id":"https:\/\/schreibenpro.com\/de\/makler-bewertung-schreiben-offnen\/#primaryimage"},"image":{"@id":"https:\/\/schreibenpro.com\/de\/makler-bewertung-schreiben-offnen\/#primaryimage"},"thumbnailUrl":"https:\/\/schreibenpro.com\/de\/wp-content\/uploads\/makler-bewertung-schreiben-muster-vorlage.jpg","datePublished":"2023-12-18T08:24:54+00:00","breadcrumb":{"@id":"https:\/\/schreibenpro.com\/de\/makler-bewertung-schreiben-offnen\/#breadcrumb"},"inLanguage":"de","potentialAction":[{"@type":"ReadAction","target":["https:\/\/schreibenpro.com\/de\/makler-bewertung-schreiben-offnen\/"]}]},{"@type":"ImageObject","inLanguage":"de","@id":"https:\/\/schreibenpro.com\/de\/makler-bewertung-schreiben-offnen\/#primaryimage","url":"https:\/\/schreibenpro.com\/de\/wp-content\/uploads\/anschreiben-zum-angebot-muster-vorlage.jpg","contentUrl":"https:\/\/schreibenpro.com\/de\/wp-content\/uploads\/anschreiben-zum-angebot-muster-vorlage.jpg","width":1410,"height":2250},{"@type":"BreadcrumbList","@id":"https:\/\/schreibenpro.com\/de\/makler-bewertung-schreiben-offnen\/#breadcrumb","itemListElement":[{"@type":"ListItem","position":1,"name":"Portada","item":"https:\/\/schreibenpro.com\/de\/"},{"@type":"ListItem","position":2,"name":"\u00d6ffnen &#8211; Makler Bewertung Schreiben"}]},{"@type":"WebSite","@id":"https:\/\/schreibenpro.com\/de\/#website","url":"https:\/\/schreibenpro.com\/de\/","name":"Schreiben PRO","description":"Muster und Vorlage","publisher":{"@id":"https:\/\/schreibenpro.com\/de\/#organization"},"potentialAction":[{"@type":"SearchAction","target":{"@type":"EntryPoint","urlTemplate":"https:\/\/schreibenpro.com\/de\/?s={search_term_string}"},"query-input":{"@type":"PropertyValueSpecification","valueRequired":true,"valueName":"search_term_string"}}],"inLanguage":"de"},{"@type":"Organization","@id":"https:\/\/schreibenpro.com\/de\/#organization","name":"Schreiben PRO","url":"https:\/\/schreibenpro.com\/de\/","logo":{"@type":"ImageObject","inLanguage":"de","@id":"https:\/\/schreibenpro.com\/de\/#\/schema\/logo\/image\/","url":"https:\/\/schreibenpro.com\/de\/wp-content\/uploads\/cropped-fav.png","contentUrl":"https:\/\/schreibenpro.com\/de\/wp-content\/uploads\/cropped-fav.png","width":512,"height":512,"caption":"Schreiben PRO"},"image":{"@id":"https:\/\/schreibenpro.com\/de\/#\/schema\/logo\/image\/"}}]}},"_links":{"self":[{"href":"https:\/\/schreibenpro.com\/de\/wp-json\/wp\/v2\/pages\/600","targetHints":{"allow":["GET"]}}],"collection":[{"href":"https:\/\/schreibenpro.com\/de\/wp-json\/wp\/v2\/pages"}],"about":[{"href":"https:\/\/schreibenpro.com\/de\/wp-json\/wp\/v2\/types\/page"}],"author":[{"embeddable":true,"href":"https:\/\/schreibenpro.com\/de\/wp-json\/wp\/v2\/users\/1"}],"replies":[{"embeddable":true,"href":"https:\/\/schreibenpro.com\/de\/wp-json\/wp\/v2\/comments?post=600"}],"version-history":[{"count":0,"href":"https:\/\/schreibenpro.com\/de\/wp-json\/wp\/v2\/pages\/600\/revisions"}],"wp:attachment":[{"href":"https:\/\/schreibenpro.com\/de\/wp-json\/wp\/v2\/media?parent=600"}],"curies":[{"name":"wp","href":"https:\/\/api.w.org\/{rel}","templated":true}]}}