{"id":606,"date":"2023-12-18T08:24:57","date_gmt":"2023-12-18T08:24:57","guid":{"rendered":"https:\/\/schreibenpro.com\/de\/ebay-nachricht-schreiben-offnen\/"},"modified":"2023-12-18T08:24:57","modified_gmt":"2023-12-18T08:24:57","slug":"ebay-nachricht-schreiben-offnen","status":"publish","type":"page","link":"https:\/\/schreibenpro.com\/de\/ebay-nachricht-schreiben-offnen\/","title":{"rendered":"\u00d6ffnen &#8211; Ebay Nachricht Schreiben"},"content":{"rendered":"\r\n<p class=\"has-text-align-center\">Muster und Vorlage f\u00fcr <strong> Ebay Nachricht Schreiben<\/strong> &#8211; Erstellung und Ausf\u00fcllen &#8211; \u00d6ffnen im <strong>WORD PDF<\/strong> Datei und Online<\/p>\r\n\r\n\r\n\r\n\r\n<div class=\"wp-block-image\">\r\n<figure class=\"aligncenter size-large is-resized\"><img loading=\"lazy\" decoding=\"async\" class=\"wp-image-215\" src=\"https:\/\/schreibenpro.com\/de\/wp-content\/uploads\/ebay-nachricht-schreiben-muster-vorlage.jpg\" alt=\"\" width=\"245\" height=\"391\" \/><\/figure>\r\n<\/div>\r\n\r\n\r\n\r\n<hr class=\"wp-block-separator has-alpha-channel-opacity\" \/>\r\n\r\n\r\n\r\n\r\n\r\n<div class=\"su-note\"  style=\"border-color:#e5e5e5;border-radius:10px;-moz-border-radius:10px;-webkit-border-radius:10px;\"><div class=\"su-note-inner su-u-clearfix su-u-trim\" style=\"background-color:#FFFFFF;border-color:#ffffff;color:#333333;border-radius:10px;-moz-border-radius:10px;-webkit-border-radius:10px;\">\r\n\r\n<section id=\"specialParagraph\"><p><strong>Einf\u00fchrung:<\/strong><\/p> <p>Liebe\/r [Ebay-Benutzername des Empf\u00e4ngers],<\/p> <p>Ich schreibe Ihnen bez\u00fcglich [Name des Artikels\/der Transaktion], den\/die ich auf Ebay entdeckt habe. Ich habe einige Fragen und w\u00fcrde gerne weitere Informationen erhalten, bevor ich eine Kaufentscheidung treffe.<\/p>  <p><strong>Erster Abschnitt: Artikelbeschreibung und Details<\/strong><\/p> <p>Ich habe Ihre Artikelbeschreibung gr\u00fcndlich gelesen und finde das Angebot sehr interessant. Es sind jedoch einige Punkte, die nicht eindeutig in Ihrer Beschreibung erw\u00e4hnt werden:<\/p> <dl> <dt>1. Zustand des Artikels:<\/dt> <dd>&#8211; K\u00f6nnten Sie bitte den aktuellen Zustand des Artikels n\u00e4her beschreiben? Gibt es irgendwelche sichtbaren M\u00e4ngel oder Sch\u00e4den?<\/dd> <dd>&#8211; Hat der Artikel noch Garantie oder ist eine Gew\u00e4hrleistung inkludiert?<\/dd>  <dt>2. Lieferung und Versand:<\/dt> <dd>&#8211; Wie erfolgt der Versand des Artikels? Welche Versandoptionen stehen zur Verf\u00fcgung und wie hoch sind die Versandkosten?<\/dd> <dd>&#8211; Ist eine Sendungsverfolgung oder Versicherung im Lieferumfang enthalten?<\/dd>  <dt>3. R\u00fcckgabe und Umtausch:<\/dt> <dd>&#8211; Bieten Sie eine R\u00fcckgabegarantie oder Umtauschm\u00f6glichkeit an, falls ich mit dem Artikel nicht zufrieden bin?<\/dd> <\/dl>  <p><strong>Zweiter Abschnitt: Preis- und Zahlungsbedingungen<\/strong><\/p> <p>Der Preis f\u00fcr den\/die Artikel ist angemessen, aber ich w\u00fcrde gerne weitere Informationen zu den Zahlungsbedingungen erhalten:<\/p> <dl> <dt>1. Zahlungsmethoden:<\/dt> <dd>&#8211; Welche Zahlungsmethoden akzeptieren Sie?<\/dd> <dd>&#8211; Gibt es zus\u00e4tzliche Geb\u00fchren oder Kosten f\u00fcr bestimmte Zahlungsmethoden?<\/dd>  <dt>2. Ratenzahlung oder Verhandlungsspielraum:<\/dt> <dd>&#8211; W\u00e4ren Sie bereit, den Preis zu verhandeln oder Ratenzahlungen anzubieten?<\/dd> <\/dl>  <p><strong>Dritter Abschnitt: Vertrauen und Sicherheit<\/strong><\/p> <p>Bevor ich den Kauf abschlie\u00dfe, m\u00f6chte ich sichergehen, dass der Ebay-Verkauf sicher und gesch\u00fctzt ist:<\/p> <dl> <dt>1. Bewertungen und Feedback:<\/dt> <dd>&#8211; Haben Sie positive Bewertungen von fr\u00fcheren K\u00e4ufern erhalten?<\/dd> <dd>&#8211; K\u00f6nnten Sie mir einige Referenzen oder Feedbacks von fr\u00fcheren Transaktionen zur Verf\u00fcgung stellen?<\/dd>  <dt>2. Authentizit\u00e4t und Originalit\u00e4t:<\/dt> <dd>&#8211; Ist der\/die angebotene Artikel\/Produkt authentisch und original?<\/dd> <dd>&#8211; K\u00f6nnen Sie eine Echtheitsbescheinigung oder einen Kaufbeleg vorlegen?<\/dd> <\/dl>  <p><strong>Schlussabschnitt: Anfrage nach weiteren Informationen<\/strong><\/p> <p>Ich hoffe, Sie k\u00f6nnen meine Fragen beantworten und weitere Informationen bereitstellen, damit ich eine informierte Entscheidung treffen kann. Bitte teilen Sie mir auch mit, ob der\/die Artikel noch verf\u00fcgbar ist.<\/p> <p>Ich w\u00fcrde mich freuen, von Ihnen zu h\u00f6ren, und stehe f\u00fcr weitere Fragen zur Verf\u00fcgung.<\/p>  <p>Mit besten Gr\u00fc\u00dfen,<\/p> [Ihr Name]<\/section><\/div><\/div>\r\n\r\n&nbsp;\r\n\r\n\r\n\r\n\r\n\r\n\r\n<p class=\"has-text-align-center\">Muster und Vorlage f\u00fcr <strong> Ebay Nachricht Schreiben <\/strong> zur Anpassung und Erstellung  im <strong>WORD<\/strong>\u2013 und <strong>PDF-Format<\/strong><\/p>\r\n\r\n\r\n<button id=\"generatePDF\">Erstellen (PDF &#8211; WORD)<\/button>\r\n\r\n\r\n\r\n<hr class=\"wp-block-separator has-alpha-channel-opacity\" \/>\r\n\r\n\r\n\r\n<p style=\"text-align: center;\"><strong>Ebay Nachricht Schreiben<\/strong><\/p>\r\n\r\n<div class=\"wp-block-columns is-layout-flex wp-container-core-columns-is-layout-9d6595d7 wp-block-columns-is-layout-flex\">\r\n\r\n\r\n<div class=\"wp-block-column is-layout-flow wp-block-column-is-layout-flow\"><div class=\"su-button-center\"><a href=\"https:\/\/www.it-recht-kanzlei.de\/action\/PDF\/print?_rid=7148\" class=\"su-button su-button-style-flat\" style=\"color:#FFFFFF;background-color:#144bb6;border-color:#103c92;border-radius:1px\" target=\"_self\"><span style=\"color:#FFFFFF;padding:0px 24px;font-size:18px;line-height:36px;border-color:#5b81cc;border-radius:1px;text-shadow:none\">   PDF <\/span><\/a><\/div>\n<\/div>\r\n\r\n\r\n\r\n<div class=\"wp-block-column is-layout-flow wp-block-column-is-layout-flow\"><div class=\"su-button-center\"><a href=\"https:\/\/imoox.at\/mooc\/pluginfile.php\/245610\/local_custom_fileresource\/upload\/0\/AK-Skills-Arbeitsheft.docx\" class=\"su-button su-button-style-flat\" style=\"color:#FFFFFF;background-color:#144bb6;border-color:#103c92;border-radius:1px\" target=\"_self\"><span style=\"color:#FFFFFF;padding:0px 24px;font-size:18px;line-height:36px;border-color:#5b81cc;border-radius:1px;text-shadow:none\">   DOC<\/span><\/a><\/div>\n<\/div>\r\n\r\n\r\n<\/div>\r\n\r\n\r\n\r\n<p style=\"text-align: center;\"><strong>Beispiele<\/strong><\/p>\r\n\r\n<div class=\"wp-block-columns is-layout-flex wp-container-core-columns-is-layout-9d6595d7 wp-block-columns-is-layout-flex\">\r\n\r\n\r\n<div class=\"wp-block-column is-layout-flow wp-block-column-is-layout-flow\"><div class=\"su-button-center\"><a href=\"https:\/\/www.it-recht-kanzlei.de\/action\/PDF\/print?_rid=7148\" class=\"su-button su-button-style-flat\" style=\"color:#FFFFFF;background-color:#144bb6;border-color:#103c92;border-radius:1px\" target=\"_self\"><span style=\"color:#FFFFFF;padding:0px 24px;font-size:18px;line-height:36px;border-color:#5b81cc;border-radius:1px;text-shadow:none\">  Beispiel &#8211; 1 <\/span><\/a><\/div>\n<\/div>\r\n\r\n\r\n\r\n<div class=\"wp-block-column is-layout-flow wp-block-column-is-layout-flow\"><div class=\"su-button-center\"><a href=\"https:\/\/koeln.polizei.nrw\/sites\/default\/files\/2022-06\/Newsletter%203-2022_0.pdf\" class=\"su-button su-button-style-flat\" style=\"color:#FFFFFF;background-color:#144bb6;border-color:#103c92;border-radius:1px\" target=\"_self\"><span style=\"color:#FFFFFF;padding:0px 24px;font-size:18px;line-height:36px;border-color:#5b81cc;border-radius:1px;text-shadow:none\">  Beispiel &#8211; 2 <\/span><\/a><\/div>\n<\/div>\r\n\r\n\r\n<\/div>\r\n\r\n\r\n<hr class=\"wp-block-separator has-alpha-channel-opacity\" \/>\r\n\r\n\r\n\r\n<div class=\"wp-block-columns is-layout-flex wp-container-core-columns-is-layout-9d6595d7 wp-block-columns-is-layout-flex\">\r\n\r\n\r\n<div class=\"wp-block-column is-layout-flow wp-block-column-is-layout-flow\"><div class=\"su-button-center\"><a href=\"https:\/\/www.caritas-konstanz.de\/cms\/contents\/caritas-konstanz.de\/medien\/dokumente\/agb-und-kundeninform\/agb_und_kundeninformation.pdf?d=a&#038;f=pdf\" class=\"su-button su-button-style-flat\" style=\"color:#FFFFFF;background-color:#144bb6;border-color:#103c92;border-radius:1px\" target=\"_self\"><span style=\"color:#FFFFFF;padding:0px 24px;font-size:18px;line-height:36px;border-color:#5b81cc;border-radius:1px;text-shadow:none\">  Beispiel &#8211; 3 <\/span><\/a><\/div>\n<\/div>\r\n\r\n\r\n\r\n<div class=\"wp-block-column is-layout-flow wp-block-column-is-layout-flow\"><div class=\"su-button-center\"><a href=\"https:\/\/www.it-recht-kanzlei.de\/action\/PDF\/print?_rid=7148\" class=\"su-button su-button-style-flat\" style=\"color:#FFFFFF;background-color:#144bb6;border-color:#103c92;border-radius:1px\" target=\"_self\"><span style=\"color:#FFFFFF;padding:0px 24px;font-size:18px;line-height:36px;border-color:#5b81cc;border-radius:1px;text-shadow:none\">  Beispiel &#8211; 4 <\/span><\/a><\/div>\n<\/div>\r\n\r\n\r\n<\/div>\r\n\r\n\r\n<hr class=\"wp-block-separator has-alpha-channel-opacity\" \/>\r\n\r\n<!-- \/wp:post-content -->\r\n\r\n<!-- wp:table {\"align\":\"center\"} -->\r\n<figure class=\"wp-block-table aligncenter\">\r\n<table>\r\n<tbody>\r\n<tr>\r\n<td style=\"text-align: center;\">Ebay Nachricht Schreiben<\/td>\r\n<\/tr>\r\n<tr>\r\n<td style=\"text-align: center;\">PDF &#8211; WORD Datei<\/td>\r\n<\/tr>\r\n<tr>\r\n<td style=\"text-align: center;\">Bewertung: \u2b50\u2b50\u2b50\u2b50\u2b50 4.33<\/td>\r\n<\/tr>\r\n<tr>\r\n<td style=\"text-align: center;\">Ergebnisse &#8211; 7608<\/td>\r\n<\/tr>\r\n<\/tbody>\r\n<\/table>\r\n<\/figure>\r\n<!-- \/wp:table -->\r\n\r\n<!-- wp:separator -->\r\n\r\n<hr class=\"wp-block-separator has-alpha-channel-opacity\" \/>\r\n\r\n<!-- \/wp:separator -->\r\n\r\n<div class=\"su-note\"  style=\"border-color:#e5e5e5;border-radius:10px;-moz-border-radius:10px;-webkit-border-radius:10px;\"><div class=\"su-note-inner su-u-clearfix su-u-trim\" style=\"background-color:#FFFFFF;border-color:#ffffff;color:#333333;border-radius:10px;-moz-border-radius:10px;-webkit-border-radius:10px;\">\r\n\r\n<p>Das Verfassen einer eBay-Nachricht erfordert bestimmte Kenntnisse und F\u00e4higkeiten, um effektiv zu kommunizieren. In dieser Anleitung werden wir Ihnen wichtige Tipps und Beispiele geben, um Ihnen bei der Erstellung von professionellen und hilfreichen eBay-Nachrichten zu helfen.<\/p>  <h3>1. Einleitung<\/h3>  <p>Die Einleitung Ihrer eBay-Nachricht ist der erste Schritt, um einen guten Eindruck zu hinterlassen und das Interesse des Empf\u00e4ngers zu wecken. Hier sind einige Tipps f\u00fcr eine erfolgreiche Einleitung:<\/p>  <ul> <li>Begr\u00fc\u00dfen Sie den Empf\u00e4nger h\u00f6flich.<\/li> <li>Erl\u00e4utern Sie den Grund Ihrer Nachricht klar und pr\u00e4gnant.<\/li> <li>Vermeiden Sie umgangssprachliche Ausdr\u00fccke und bleiben Sie professionell.<\/li> <\/ul>  <p>Beispiel:<\/p>  <blockquote> <p>Sehr geehrter Verk\u00e4ufer,<\/p> <p>Ich schreibe Ihnen bez\u00fcglich des Artikels, den Sie auf eBay zum Verkauf anbieten.<\/p> <\/blockquote>  <h3>2. Hauptteil<\/h3>  <p>Im Hauptteil Ihrer eBay-Nachricht geben Sie weitere Informationen und gehen detaillierter auf Ihr Anliegen ein. Hier sind einige Richtlinien, die Ihnen helfen, Ihre Nachricht klar und verst\u00e4ndlich zu gestalten:<\/p>  <ul> <li>Strukturieren Sie Ihre Informationen in Abs\u00e4tzen, um die Lesbarkeit zu verbessern.<\/li> <li>Verwenden Sie klare und pr\u00e4gnante S\u00e4tze.<\/li> <li>Stellen Sie sicher, dass Ihre Argumente gut durchdacht und logisch aufgebaut sind.<\/li> <li>Halten Sie sich an das Thema und vermeiden Sie unn\u00f6tige Informationen.<\/li> <\/ul>  <p>Beispiel:<\/p>  <blockquote> <p>Ich bin sehr an dem Artikel interessiert und w\u00fcrde gerne mehr Informationen dar\u00fcber erhalten. K\u00f6nnten Sie bitte Fotos von allen Seiten des Artikels hochladen? Au\u00dferdem m\u00f6chte ich gerne wissen, ob das Zubeh\u00f6r im Lieferumfang enthalten ist.<\/p> <\/blockquote>  <h3>3. Schluss<\/h3>  <p>Der Abschluss Ihrer eBay-Nachricht ist genauso wichtig wie die Einleitung. Hier sind einige Punkte, die Sie beachten sollten:<\/p>  <ul> <li>Bitten Sie h\u00f6flich um eine Antwort oder um weitere Informationen.<\/li> <li>Bedanken Sie sich f\u00fcr die Zeit des Empf\u00e4ngers.<\/li> <li>Geben Sie Ihre Kontaktdaten an, falls der Empf\u00e4nger Sie erreichen muss.<\/li> <\/ul>  <p>Beispiel:<\/p>  <blockquote> <p>Vielen Dank im Voraus f\u00fcr Ihre Bem\u00fchungen. Bitte z\u00f6gern Sie nicht, mich zu kontaktieren, falls Sie weitere Informationen ben\u00f6tigen.<\/p> <p>Mit freundlichen Gr\u00fc\u00dfen,<\/p> <p>Max Mustermann<\/p> <\/blockquote>  <h3>4. Formale Gestaltung und Aufbau<\/h3>  <p>Um einen professionellen und effektiven Brief zu erstellen, beachten Sie bitte die folgenden Aspekte der formalen Gestaltung und des Aufbaus:<\/p>  <dl> <dt>Formatierung:<\/dt> <dd>Verwenden Sie eine einfache Schriftart und Gr\u00f6\u00dfe (z.B. Arial, 12pt) f\u00fcr eine gute Lesbarkeit.<\/dd> <dt>Betreffzeile:<\/dt> <dd>Geben Sie eine pr\u00e4zise des Anliegens in der Betreffzeile an.<\/dd> <dt>Anrede:<\/dt> <dd>Verwenden Sie eine angemessene Anrede, zum Beispiel &#8220;Sehr geehrter Verk\u00e4ufer&#8221; oder &#8220;Hallo Herr\/Frau [Nachname]&#8221;.<\/dd> <dt>Gru\u00dfformel:<\/dt> <dd>Verwenden Sie eine passende Gru\u00dfformel am Ende Ihrer Nachricht, wie z.B. &#8220;Mit freundlichen Gr\u00fc\u00dfen&#8221; oder &#8220;Hochachtungsvoll&#8221;.<\/dd> <dt>Unterschrift:<\/dt> <dd>Unterzeichnen Sie Ihre Nachricht immer mit Ihrem Namen.<\/dd> <\/dl>  <h3>5. Zus\u00e4tzliche Tipps<\/h3>  <p>Hier sind einige zus\u00e4tzliche Tipps, die Ihnen helfen, Ihre eBay-Nachrichten effektiv zu gestalten:<\/p>  <ul> <li>Vermeiden Sie Gro\u00dfbuchstaben (CAPS LOCK), da dies als Schreien interpretiert werden kann.<\/li> <li>Seien Sie h\u00f6flich und respektvoll, auch wenn Sie mit Problemen konfrontiert sind.<\/li> <li>Halten Sie Ihre Nachrichten kurz und pr\u00e4gnant, um die Aufmerksamkeit des Empf\u00e4ngers zu erhalten.<\/li> <li>Verwenden Sie die richtige Grammatik und Rechtschreibung, um einen professionellen Eindruck zu hinterlassen.<\/li> <li>\u00dcberpr\u00fcfen Sie Ihre Nachricht vor dem Absenden sorgf\u00e4ltig auf m\u00f6gliche Fehler.<\/li> <\/ul>  <p>Indem Sie diese Tipps und Beispiele f\u00fcr das Verfassen von eBay-Nachrichten befolgen, k\u00f6nnen Sie effektive und professionelle Kommunikation auf der Plattform gew\u00e4hrleisten. Vergessen Sie nicht, dass klare und pr\u00e4gnante Nachrichten zu erfolgreichen Transaktionen f\u00fchren k\u00f6nnen.<\/p>\r\n\r\n<\/div><\/div>\r\n\r\n<!-- wp:separator -->\r\n\r\n<hr class=\"wp-block-separator has-alpha-channel-opacity\" \/>","protected":false},"excerpt":{"rendered":"<p>Muster und Vorlage f\u00fcr Ebay Nachricht Schreiben &#8211; Erstellung und Ausf\u00fcllen &#8211; \u00d6ffnen im WORD PDF Datei und Online &nbsp; &#8230; <\/p>\n<p class=\"read-more-container\"><a title=\"\u00d6ffnen &#8211; Ebay Nachricht Schreiben\" class=\"read-more button\" href=\"https:\/\/schreibenpro.com\/de\/ebay-nachricht-schreiben-offnen\/#more-606\" aria-label=\"Mehr zu \u00d6ffnen &#8211; Ebay Nachricht Schreiben\">\u00d6FFNEN <\/a><\/p>\n","protected":false},"author":1,"featured_media":0,"parent":0,"menu_order":0,"comment_status":"closed","ping_status":"closed","template":"","meta":{"footnotes":""},"class_list":{"0":"post-606","1":"page","2":"type-page","3":"status-publish","5":"infinite-scroll-item"},"yoast_head":"<!-- This site is optimized with the Yoast SEO plugin v24.6 - https:\/\/yoast.com\/wordpress\/plugins\/seo\/ -->\n<title>\u00d6ffnen - Ebay Nachricht Schreiben - Schreiben PRO<\/title>\n<meta name=\"robots\" content=\"noindex, follow\" \/>\n<meta property=\"og:locale\" content=\"de_DE\" \/>\n<meta property=\"og:type\" content=\"article\" \/>\n<meta property=\"og:title\" content=\"\u00d6ffnen - Ebay Nachricht Schreiben - Schreiben PRO\" \/>\n<meta property=\"og:description\" content=\"Muster und Vorlage f\u00fcr Ebay Nachricht Schreiben &#8211; Erstellung und Ausf\u00fcllen &#8211; \u00d6ffnen im WORD PDF Datei und Online &nbsp; ... \u00d6FFNEN\" \/>\n<meta property=\"og:url\" content=\"https:\/\/schreibenpro.com\/de\/ebay-nachricht-schreiben-offnen\/\" \/>\n<meta property=\"og:site_name\" content=\"Schreiben PRO\" \/>\n<meta property=\"og:image\" content=\"https:\/\/schreibenpro.com\/de\/wp-content\/uploads\/ebay-nachricht-schreiben-muster-vorlage.jpg\" \/>\n<meta name=\"twitter:card\" content=\"summary_large_image\" \/>\n<meta name=\"twitter:label1\" content=\"Gesch\u00e4tzte Lesezeit\" \/>\n\t<meta name=\"twitter:data1\" content=\"1\u00a0Minute\" \/>\n<!-- \/ Yoast SEO plugin. -->","yoast_head_json":{"title":"\u00d6ffnen - Ebay Nachricht Schreiben - Schreiben PRO","robots":{"index":"noindex","follow":"follow"},"og_locale":"de_DE","og_type":"article","og_title":"\u00d6ffnen - Ebay Nachricht Schreiben - Schreiben PRO","og_description":"Muster und Vorlage f\u00fcr Ebay Nachricht Schreiben &#8211; Erstellung und Ausf\u00fcllen &#8211; \u00d6ffnen im WORD PDF Datei und Online &nbsp; ... \u00d6FFNEN","og_url":"https:\/\/schreibenpro.com\/de\/ebay-nachricht-schreiben-offnen\/","og_site_name":"Schreiben PRO","og_image":[{"url":"https:\/\/schreibenpro.com\/de\/wp-content\/uploads\/ebay-nachricht-schreiben-muster-vorlage.jpg","type":"","width":"","height":""}],"twitter_card":"summary_large_image","twitter_misc":{"Gesch\u00e4tzte Lesezeit":"1\u00a0Minute"},"schema":{"@context":"https:\/\/schema.org","@graph":[{"@type":"WebPage","@id":"https:\/\/schreibenpro.com\/de\/ebay-nachricht-schreiben-offnen\/","url":"https:\/\/schreibenpro.com\/de\/ebay-nachricht-schreiben-offnen\/","name":"\u00d6ffnen - Ebay Nachricht Schreiben - Schreiben PRO","isPartOf":{"@id":"https:\/\/schreibenpro.com\/de\/#website"},"primaryImageOfPage":{"@id":"https:\/\/schreibenpro.com\/de\/ebay-nachricht-schreiben-offnen\/#primaryimage"},"image":{"@id":"https:\/\/schreibenpro.com\/de\/ebay-nachricht-schreiben-offnen\/#primaryimage"},"thumbnailUrl":"https:\/\/schreibenpro.com\/de\/wp-content\/uploads\/ebay-nachricht-schreiben-muster-vorlage.jpg","datePublished":"2023-12-18T08:24:57+00:00","breadcrumb":{"@id":"https:\/\/schreibenpro.com\/de\/ebay-nachricht-schreiben-offnen\/#breadcrumb"},"inLanguage":"de","potentialAction":[{"@type":"ReadAction","target":["https:\/\/schreibenpro.com\/de\/ebay-nachricht-schreiben-offnen\/"]}]},{"@type":"ImageObject","inLanguage":"de","@id":"https:\/\/schreibenpro.com\/de\/ebay-nachricht-schreiben-offnen\/#primaryimage","url":"https:\/\/schreibenpro.com\/de\/wp-content\/uploads\/anschreiben-zum-angebot-muster-vorlage.jpg","contentUrl":"https:\/\/schreibenpro.com\/de\/wp-content\/uploads\/anschreiben-zum-angebot-muster-vorlage.jpg","width":1410,"height":2250},{"@type":"BreadcrumbList","@id":"https:\/\/schreibenpro.com\/de\/ebay-nachricht-schreiben-offnen\/#breadcrumb","itemListElement":[{"@type":"ListItem","position":1,"name":"Portada","item":"https:\/\/schreibenpro.com\/de\/"},{"@type":"ListItem","position":2,"name":"\u00d6ffnen &#8211; Ebay Nachricht Schreiben"}]},{"@type":"WebSite","@id":"https:\/\/schreibenpro.com\/de\/#website","url":"https:\/\/schreibenpro.com\/de\/","name":"Schreiben PRO","description":"Muster und Vorlage","publisher":{"@id":"https:\/\/schreibenpro.com\/de\/#organization"},"potentialAction":[{"@type":"SearchAction","target":{"@type":"EntryPoint","urlTemplate":"https:\/\/schreibenpro.com\/de\/?s={search_term_string}"},"query-input":{"@type":"PropertyValueSpecification","valueRequired":true,"valueName":"search_term_string"}}],"inLanguage":"de"},{"@type":"Organization","@id":"https:\/\/schreibenpro.com\/de\/#organization","name":"Schreiben PRO","url":"https:\/\/schreibenpro.com\/de\/","logo":{"@type":"ImageObject","inLanguage":"de","@id":"https:\/\/schreibenpro.com\/de\/#\/schema\/logo\/image\/","url":"https:\/\/schreibenpro.com\/de\/wp-content\/uploads\/cropped-fav.png","contentUrl":"https:\/\/schreibenpro.com\/de\/wp-content\/uploads\/cropped-fav.png","width":512,"height":512,"caption":"Schreiben PRO"},"image":{"@id":"https:\/\/schreibenpro.com\/de\/#\/schema\/logo\/image\/"}}]}},"_links":{"self":[{"href":"https:\/\/schreibenpro.com\/de\/wp-json\/wp\/v2\/pages\/606","targetHints":{"allow":["GET"]}}],"collection":[{"href":"https:\/\/schreibenpro.com\/de\/wp-json\/wp\/v2\/pages"}],"about":[{"href":"https:\/\/schreibenpro.com\/de\/wp-json\/wp\/v2\/types\/page"}],"author":[{"embeddable":true,"href":"https:\/\/schreibenpro.com\/de\/wp-json\/wp\/v2\/users\/1"}],"replies":[{"embeddable":true,"href":"https:\/\/schreibenpro.com\/de\/wp-json\/wp\/v2\/comments?post=606"}],"version-history":[{"count":0,"href":"https:\/\/schreibenpro.com\/de\/wp-json\/wp\/v2\/pages\/606\/revisions"}],"wp:attachment":[{"href":"https:\/\/schreibenpro.com\/de\/wp-json\/wp\/v2\/media?parent=606"}],"curies":[{"name":"wp","href":"https:\/\/api.w.org\/{rel}","templated":true}]}}