{"id":609,"date":"2023-12-18T08:24:58","date_gmt":"2023-12-18T08:24:58","guid":{"rendered":"https:\/\/schreibenpro.com\/de\/gute-bewertung-schreiben-offnen\/"},"modified":"2023-12-18T08:24:58","modified_gmt":"2023-12-18T08:24:58","slug":"gute-bewertung-schreiben-offnen","status":"publish","type":"page","link":"https:\/\/schreibenpro.com\/de\/gute-bewertung-schreiben-offnen\/","title":{"rendered":"\u00d6ffnen &#8211; Gute Bewertung Schreiben"},"content":{"rendered":"\r\n<p class=\"has-text-align-center\">Vorlage und Muster f\u00fcr <strong> Gute Bewertung Schreiben<\/strong> &#8211; Erstellung und Ausf\u00fcllen &#8211; \u00d6ffnen im <strong>PDF  WORD<\/strong> Datei und Online<\/p>\r\n\r\n\r\n\r\n\r\n<div class=\"wp-block-image\">\r\n<figure class=\"aligncenter size-large is-resized\"><img loading=\"lazy\" decoding=\"async\" class=\"wp-image-215\" src=\"https:\/\/schreibenpro.com\/de\/wp-content\/uploads\/gute-bewertung-schreiben-muster-vorlage.jpg\" alt=\"\" width=\"245\" height=\"391\" \/><\/figure>\r\n<\/div>\r\n\r\n\r\n\r\n<hr class=\"wp-block-separator has-alpha-channel-opacity\" \/>\r\n\r\n\r\n\r\n\r\n\r\n<div class=\"su-note\"  style=\"border-color:#e5e5e5;border-radius:10px;-moz-border-radius:10px;-webkit-border-radius:10px;\"><div class=\"su-note-inner su-u-clearfix su-u-trim\" style=\"background-color:#FFFFFF;border-color:#ffffff;color:#333333;border-radius:10px;-moz-border-radius:10px;-webkit-border-radius:10px;\">\r\n\r\n<section id=\"specialParagraph\"><p><strong>Einleitung:<\/strong><\/p>  <p>Guten Tag Herr\/Schreiben Sie den Namen oder die Position der Person,<\/p> <p>ich m\u00f6chte Ihnen hiermit eine hervorragende Bewertung f\u00fcr den Service\/Produkt oder die Dienstleistung geben, die mir\/uns geboten wurde. Es ist eine Freude f\u00fcr mich\/uns, meine\/unsere positiven Erfahrungen und mein\/unser Feedback mit Ihnen zu teilen.<\/p>  <p><strong>Hauptteil:<\/strong><\/p>  <ol> <li> <strong>Erste Eindr\u00fccke:<\/strong> <p>Als ich\/ wir mich\/uns zum ersten Mal mit dem Service\/Produkt oder der Dienstleistung in Verbindung setzte\/n, wurde ich positiv \u00fcberrascht. Der\/die Mitarbeiter\/in am Telefon\/war sehr freundlich und zuvorkommend. Sie boten mir\/uns eine schnelle L\u00f6sung an und waren sehr hilfsbereit bei der Beantwortung meiner\/unserer Fragen\/Anliegen.<\/p> <\/li>  <li> <strong>Qualit\u00e4t des Services\/Produkts oder der Dienstleistung:<\/strong> <p>Die Qualit\u00e4t des Services\/Produkts oder der Dienstleistung hat meine\/unsere Erwartungen \u00fcbertroffen. Die Mitarbeiter\/in waren sehr kompetent und gut ausgebildet. Sie haben alle unsere W\u00fcnsche und Anforderungen ber\u00fccksichtigt und uns mit einem hervorragenden Ergebnis belohnt. Wir waren begeistert von der Haltbarkeit\/der Effektivit\u00e4t\/der kreativen L\u00f6sungen usw. des Produkts oder der Dienstleistung.<\/p> <\/li>  <li> <strong>Kundenservice:<\/strong> <p>Der Kundenservice war au\u00dfergew\u00f6hnlich. Das Team war stets gut erreichbar und reagierte schnell auf meine\/unsere Anfragen. Sie waren professionell, geduldig und freundlich und hatten immer ein offenes Ohr f\u00fcr meine\/unsere Anliegen. Der Kundenservice hat meine\/unsere Erfahrung mit dem Unternehmen\/Service\/Produkt oder der Dienstleistung wirklich verbessert.<\/p> <\/li>  <li> <strong>Preis-Leistungs-Verh\u00e4ltnis:<\/strong> <p>Das Preis-Leistungs-Verh\u00e4ltnis war sehr gut. Die Qualit\u00e4t des Services\/Produkts oder der Dienstleistung rechtfertigte den Preis vollkommen. Ich\/wir f\u00fchlte\/n mich\/uns wirklich fair behandelt und bin\/sind der Meinung, dass wir f\u00fcr unser Geld viel bekommen haben.<\/p> <\/li> <\/ol>  <p><strong>Schluss:<\/strong><\/p>  <p>Insgesamt war meine\/unsere Erfahrung mit dem Service\/Produkt oder der Dienstleistung au\u00dfergew\u00f6hnlich positiv. Ich\/wir kann\/k\u00f6nnen es nur w\u00e4rmstens empfehlen und werde\/n es auch in Zukunft weiterhin nutzen. Meinen\/Unseren herzlichen Dank an das gesamte Team f\u00fcr die exzellente Arbeit und den herausragenden Service\/Produkt oder die Dienstleistung.<\/p>  <p>Mit freundlichen Gr\u00fc\u00dfen,<\/p> <p>Ihr Name<\/p><\/section><\/div><\/div>\r\n\r\n&nbsp;\r\n\r\n\r\n\r\n\r\n\r\n\r\n<p class=\"has-text-align-center\">Muster und Vorlage f\u00fcr <strong> Gute Bewertung Schreiben <\/strong> zur Erstellung und Anpassung im <strong>WORD<\/strong>\u2013 und <strong>PDF-Format<\/strong><\/p>\r\n\r\n\r\n<button id=\"generatePDF\">Erstellen (PDF &#8211; WORD)<\/button>\r\n\r\n\r\n\r\n<hr class=\"wp-block-separator has-alpha-channel-opacity\" \/>\r\n\r\n\r\n\r\n<p style=\"text-align: center;\"><strong>Gute Bewertung Schreiben<\/strong><\/p>\r\n\r\n<div class=\"wp-block-columns is-layout-flex wp-container-core-columns-is-layout-9d6595d7 wp-block-columns-is-layout-flex\">\r\n\r\n\r\n<div class=\"wp-block-column is-layout-flow wp-block-column-is-layout-flow\"><div class=\"su-button-center\"><a href=\"https:\/\/m.thieme.de\/viostatics\/dokumente\/vio-2\/final\/de\/dokumente\/arzt-im-beruf\/textbausteine-arbeitszeugnisse.pdf\" class=\"su-button su-button-style-flat\" style=\"color:#FFFFFF;background-color:#144bb6;border-color:#103c92;border-radius:1px\" target=\"_self\"><span style=\"color:#FFFFFF;padding:0px 24px;font-size:18px;line-height:36px;border-color:#5b81cc;border-radius:1px;text-shadow:none\">   PDF <\/span><\/a><\/div>\n<\/div>\r\n\r\n\r\n\r\n<div class=\"wp-block-column is-layout-flow wp-block-column-is-layout-flow\"><div class=\"su-button-center\"><a href=\"https:\/\/www.jungecaritas.de\/wp-content\/uploads\/Zeugnisvorlage_weibliche-FW-1.docx\" class=\"su-button su-button-style-flat\" style=\"color:#FFFFFF;background-color:#144bb6;border-color:#103c92;border-radius:1px\" target=\"_self\"><span style=\"color:#FFFFFF;padding:0px 24px;font-size:18px;line-height:36px;border-color:#5b81cc;border-radius:1px;text-shadow:none\">   DOC<\/span><\/a><\/div>\n<\/div>\r\n\r\n\r\n<\/div>\r\n\r\n\r\n\r\n<p style=\"text-align: center;\"><strong>Beispiele<\/strong><\/p>\r\n\r\n<div class=\"wp-block-columns is-layout-flex wp-container-core-columns-is-layout-9d6595d7 wp-block-columns-is-layout-flex\">\r\n\r\n\r\n<div class=\"wp-block-column is-layout-flow wp-block-column-is-layout-flow\"><div class=\"su-button-center\"><a href=\"https:\/\/www.kus.uni-hamburg.de\/themen\/personalentwicklung\/fuehrung\/fuehrungsinstrumente\/beurteilungswesen\/beurteilungskriterien-mit-verhaltensbeschreibung.pdf\" class=\"su-button su-button-style-flat\" style=\"color:#FFFFFF;background-color:#144bb6;border-color:#103c92;border-radius:1px\" target=\"_self\"><span style=\"color:#FFFFFF;padding:0px 24px;font-size:18px;line-height:36px;border-color:#5b81cc;border-radius:1px;text-shadow:none\">  Beispiel &#8211; 1 <\/span><\/a><\/div>\n<\/div>\r\n\r\n\r\n\r\n<div class=\"wp-block-column is-layout-flow wp-block-column-is-layout-flow\"><div class=\"su-button-center\"><a href=\"https:\/\/m.thieme.de\/viostatics\/dokumente\/vio-2\/final\/de\/dokumente\/arzt-im-beruf\/textbausteine-arbeitszeugnisse.pdf\" class=\"su-button su-button-style-flat\" style=\"color:#FFFFFF;background-color:#144bb6;border-color:#103c92;border-radius:1px\" target=\"_self\"><span style=\"color:#FFFFFF;padding:0px 24px;font-size:18px;line-height:36px;border-color:#5b81cc;border-radius:1px;text-shadow:none\">  Beispiel &#8211; 2 <\/span><\/a><\/div>\n<\/div>\r\n\r\n\r\n<\/div>\r\n\r\n\r\n<hr class=\"wp-block-separator has-alpha-channel-opacity\" \/>\r\n\r\n\r\n\r\n<div class=\"wp-block-columns is-layout-flex wp-container-core-columns-is-layout-9d6595d7 wp-block-columns-is-layout-flex\">\r\n\r\n\r\n<div class=\"wp-block-column is-layout-flow wp-block-column-is-layout-flow\"><div class=\"su-button-center\"><a href=\"https:\/\/www.pflegesoft.de\/forum\/index.php?action=dlattach\" class=\"su-button su-button-style-flat\" style=\"color:#FFFFFF;background-color:#144bb6;border-color:#103c92;border-radius:1px\" target=\"_self\"><span style=\"color:#FFFFFF;padding:0px 24px;font-size:18px;line-height:36px;border-color:#5b81cc;border-radius:1px;text-shadow:none\">  Beispiel &#8211; 3 <\/span><\/a><\/div>\n<\/div>\r\n\r\n\r\n\r\n<div class=\"wp-block-column is-layout-flow wp-block-column-is-layout-flow\"><div class=\"su-button-center\"><a href=\"https:\/\/m.thieme.de\/viostatics\/dokumente\/vio-2\/final\/de\/dokumente\/arzt-im-beruf\/textbausteine-arbeitszeugnisse.pdf\" class=\"su-button su-button-style-flat\" style=\"color:#FFFFFF;background-color:#144bb6;border-color:#103c92;border-radius:1px\" target=\"_self\"><span style=\"color:#FFFFFF;padding:0px 24px;font-size:18px;line-height:36px;border-color:#5b81cc;border-radius:1px;text-shadow:none\">  Beispiel &#8211; 4 <\/span><\/a><\/div>\n<\/div>\r\n\r\n\r\n<\/div>\r\n\r\n\r\n<hr class=\"wp-block-separator has-alpha-channel-opacity\" \/>\r\n\r\n<!-- \/wp:post-content -->\r\n\r\n<!-- wp:table {\"align\":\"center\"} -->\r\n<figure class=\"wp-block-table aligncenter\">\r\n<table>\r\n<tbody>\r\n<tr>\r\n<td style=\"text-align: center;\">Gute Bewertung Schreiben<\/td>\r\n<\/tr>\r\n<tr>\r\n<td style=\"text-align: center;\">PDF &#8211; WORD Datei<\/td>\r\n<\/tr>\r\n<tr>\r\n<td style=\"text-align: center;\">Bewertung: \u2b50\u2b50\u2b50\u2b50\u2b50 4.86<\/td>\r\n<\/tr>\r\n<tr>\r\n<td style=\"text-align: center;\">Ergebnisse &#8211; 4860<\/td>\r\n<\/tr>\r\n<\/tbody>\r\n<\/table>\r\n<\/figure>\r\n<!-- \/wp:table -->\r\n\r\n<!-- wp:separator -->\r\n\r\n<hr class=\"wp-block-separator has-alpha-channel-opacity\" \/>\r\n\r\n<!-- \/wp:separator -->\r\n\r\n<div class=\"su-note\"  style=\"border-color:#e5e5e5;border-radius:10px;-moz-border-radius:10px;-webkit-border-radius:10px;\"><div class=\"su-note-inner su-u-clearfix su-u-trim\" style=\"background-color:#FFFFFF;border-color:#ffffff;color:#333333;border-radius:10px;-moz-border-radius:10px;-webkit-border-radius:10px;\">\r\n\r\n<p>Eine Bewertung zu verfassen kann eine anspruchsvolle Aufgabe sein. Ob es sich um eine Produktbewertung, eine Buchrezension oder eine Bewertung f\u00fcr einen Service handelt, es gibt einige wichtige Schritte und Bestandteile, die Ihnen helfen k\u00f6nnen, eine gute Bewertung zu schreiben. In dieser Anleitung werden wir diese Schritte detailliert erl\u00e4utern und Ihnen einige hilfreiche Tipps und Beispiele geben.<\/p>  <h3>Inhaltsverzeichnis:<\/h3> <ol> <li>Einleitung<\/li> <li>Hauptteil<\/li> <li>Schluss<\/li> <li>Formale Gestaltung<\/li> <li>Aufbau eines effektiven Briefes<\/li> <\/ol>  <h3>1. Einleitung<\/h3> <p>Die Einleitung ist der erste Teil Ihrer Bewertung und sollte den Leser dazu bringen, sich weiter mit Ihrer Bewertung zu besch\u00e4ftigen. Hier ist es wichtig, den Namen des Produkts\/der Dienstleistung zu nennen und einen allgemeinen \u00dcberblick \u00fcber Ihre Erfahrungen zu geben. Sie k\u00f6nnen auch Ihre Beziehung zu dem Produkt\/dem Unternehmen erw\u00e4hnen, um Ihre Glaubw\u00fcrdigkeit zu st\u00e4rken.<\/p>  <p>Beispiel:<\/p> <p><strong>Einleitung:<\/strong> Hallo, ich bin John und ich m\u00f6chte meine Meinung \u00fcber das Buch &#8220;Der gro\u00dfe Gatsby&#8221; teilen. Als leidenschaftlicher Leser und Fan von Klassikern war ich gespannt darauf, dieses Buch zu lesen.<\/p>  <h3>2. Hauptteil<\/h3> <p>Der Hauptteil Ihrer Bewertung sollte Ihre wichtigsten Gedanken und Argumente enthalten. Hier sollten Sie Ihre pers\u00f6nlichen Erfahrungen und Meinungen detailliert beschreiben. Es kann hilfreich sein, den Hauptteil in Abschnitte oder Punkte zu unterteilen, um Ihre Bewertung strukturiert zu gestalten.<\/p>  <p>Beispiel:<\/p> <p><strong>Punkt 1: Charakterentwicklung<\/strong><\/p> <p>Die Charakterentwicklung in &#8220;Der gro\u00dfe Gatsby&#8221; ist fesselnd. Besonders die Entwicklung des Protagonisten Jay Gatsby von einem mysteri\u00f6sen Million\u00e4r zu einem von unerf\u00fcllter Liebe getriebenen Mann war f\u00fcr mich sehr interessant zu verfolgen.<\/p> <p><strong>Punkt 2: Erz\u00e4hlstil<\/strong><\/p> <p>Der Erz\u00e4hlstil von F. Scott Fitzgerald ist einfach gro\u00dfartig. Seine bildhafte Sprache und die detaillierten Beschreibungen haben mir geholfen, mich in die Welt der 1920er Jahre hineinzuversetzen und die Atmosph\u00e4re der Geschichte vollst\u00e4ndig zu erfassen.<\/p> <p><strong>Punkt 3: Handlungsverlauf<\/strong><\/p> <p>Der Handlungsverlauf von &#8220;Der gro\u00dfe Gatsby&#8221; ist gut strukturiert und spannend. Die darin enthaltenen Wendungen und \u00dcberraschungen haben mich bis zur letzten Seite gefesselt.<\/p>  <h3>3. Schluss<\/h3> <p>Im Schlussteil Ihrer Bewertung fassen Sie Ihre wichtigsten Punkte zusammen und geben Ihre abschlie\u00dfende Meinung ab. Hier k\u00f6nnen Sie auch Empfehlungen aussprechen oder Verbesserungsvorschl\u00e4ge machen, je nach Art der Bewertung.<\/p>  <p>Beispiel:<\/p> <p><strong>Schluss:<\/strong> Insgesamt kann ich &#8220;Der gro\u00dfe Gatsby&#8221; jedem empfehlen, der an fesselnden Geschichten und guter Literatur interessiert ist. Es ist ein zeitloser Klassiker, der auch noch nach all den Jahren seine Faszination nicht verloren hat.<\/p>  <h3>4. Formale Gestaltung<\/h3> <p>Bei der formalen Gestaltung Ihrer Bewertung sollten Sie einige wichtige Punkte beachten:<\/p> <dl> <dt><strong>Briefkopf:<\/strong><\/dt> <dd>Verwenden Sie Ihren Namen oder ein Pseudonym, um Ihre Bewertung zu personalisieren.<\/dd> <dt><strong>Gliederung:<\/strong><\/dt> <dd>Unterteilen Sie Ihre Bewertung in Abschnitte oder Punkte, um sie \u00fcbersichtlicher zu gestalten.<\/dd> <dt><strong>Sprache:<\/strong><\/dt> <dd>Verwenden Sie eine klare und verst\u00e4ndliche Sprache. Vermeiden Sie \u00fcberm\u00e4\u00dfig technische Begriffe, wenn Ihre Bewertung an ein allgemeines Publikum gerichtet ist.<\/dd> <dt><strong>Bilder und Links:<\/strong><\/dt> <dd>F\u00fcgen Sie bei Bedarf Bilder oder Links hinzu, um Ihre Bewertung zu unterst\u00fctzen.<\/dd> <\/dl>  <h3>5. Aufbau eines effektiven Briefes<\/h3> <p>Um eine effektive Bewertung zu schreiben, sollten Sie folgende Punkte ber\u00fccksichtigen:<\/p> <ol> <li><strong>Ehrlichkeit:<\/strong> Seien Sie ehrlich in Ihrer Bewertung und geben Sie Ihre tats\u00e4chlichen Erfahrungen und Meinungen wieder.<\/li> <li><strong>Relevanz:<\/strong> Stellen Sie sicher, dass Ihre Bewertung relevante Informationen enth\u00e4lt, die anderen bei ihrer Entscheidungsfindung helfen k\u00f6nnen.<\/li> <li><strong>Glaubw\u00fcrdigkeit:<\/strong> Geben Sie, wenn m\u00f6glich, Hintergrundinformationen \u00fcber sich selbst, um Ihre Glaubw\u00fcrdigkeit zu st\u00e4rken.<\/li> <li><strong>Konzentration auf Wesentliches:<\/strong> Konzentrieren Sie sich auf die wichtigsten Aspekte des Produkts\/der Dienstleistung und vermeiden Sie unn\u00f6tige Details.<\/li> <li><strong>Konstruktives Feedback:<\/strong> Geben Sie konstruktives Feedback, das dem Unternehmen oder dem Autor dabei helfen kann, sich zu verbessern.<\/li> <\/ol>\r\n\r\n<\/div><\/div>\r\n\r\n<!-- wp:separator -->\r\n\r\n<hr class=\"wp-block-separator has-alpha-channel-opacity\" \/>","protected":false},"excerpt":{"rendered":"<p>Vorlage und Muster f\u00fcr Gute Bewertung Schreiben &#8211; Erstellung und Ausf\u00fcllen &#8211; \u00d6ffnen im PDF WORD Datei und Online &nbsp; &#8230; <\/p>\n<p class=\"read-more-container\"><a title=\"\u00d6ffnen &#8211; Gute Bewertung Schreiben\" class=\"read-more button\" href=\"https:\/\/schreibenpro.com\/de\/gute-bewertung-schreiben-offnen\/#more-609\" aria-label=\"Mehr zu \u00d6ffnen &#8211; Gute Bewertung Schreiben\">\u00d6FFNEN <\/a><\/p>\n","protected":false},"author":1,"featured_media":0,"parent":0,"menu_order":0,"comment_status":"closed","ping_status":"closed","template":"","meta":{"footnotes":""},"class_list":{"0":"post-609","1":"page","2":"type-page","3":"status-publish","5":"infinite-scroll-item"},"yoast_head":"<!-- This site is optimized with the Yoast SEO plugin v24.6 - https:\/\/yoast.com\/wordpress\/plugins\/seo\/ -->\n<title>\u00d6ffnen - Gute Bewertung Schreiben - Schreiben PRO<\/title>\n<meta name=\"robots\" content=\"noindex, follow\" \/>\n<meta property=\"og:locale\" content=\"de_DE\" \/>\n<meta property=\"og:type\" content=\"article\" \/>\n<meta property=\"og:title\" content=\"\u00d6ffnen - Gute Bewertung Schreiben - Schreiben PRO\" \/>\n<meta property=\"og:description\" content=\"Vorlage und Muster f\u00fcr Gute Bewertung Schreiben &#8211; Erstellung und Ausf\u00fcllen &#8211; \u00d6ffnen im PDF WORD Datei und Online &nbsp; ... \u00d6FFNEN\" \/>\n<meta property=\"og:url\" content=\"https:\/\/schreibenpro.com\/de\/gute-bewertung-schreiben-offnen\/\" \/>\n<meta property=\"og:site_name\" content=\"Schreiben PRO\" \/>\n<meta property=\"og:image\" content=\"https:\/\/schreibenpro.com\/de\/wp-content\/uploads\/gute-bewertung-schreiben-muster-vorlage.jpg\" \/>\n<meta name=\"twitter:card\" content=\"summary_large_image\" \/>\n<meta name=\"twitter:label1\" content=\"Gesch\u00e4tzte Lesezeit\" \/>\n\t<meta name=\"twitter:data1\" content=\"1\u00a0Minute\" \/>\n<!-- \/ Yoast SEO plugin. -->","yoast_head_json":{"title":"\u00d6ffnen - Gute Bewertung Schreiben - Schreiben PRO","robots":{"index":"noindex","follow":"follow"},"og_locale":"de_DE","og_type":"article","og_title":"\u00d6ffnen - Gute Bewertung Schreiben - Schreiben PRO","og_description":"Vorlage und Muster f\u00fcr Gute Bewertung Schreiben &#8211; Erstellung und Ausf\u00fcllen &#8211; \u00d6ffnen im PDF WORD Datei und Online &nbsp; ... \u00d6FFNEN","og_url":"https:\/\/schreibenpro.com\/de\/gute-bewertung-schreiben-offnen\/","og_site_name":"Schreiben PRO","og_image":[{"url":"https:\/\/schreibenpro.com\/de\/wp-content\/uploads\/gute-bewertung-schreiben-muster-vorlage.jpg","type":"","width":"","height":""}],"twitter_card":"summary_large_image","twitter_misc":{"Gesch\u00e4tzte Lesezeit":"1\u00a0Minute"},"schema":{"@context":"https:\/\/schema.org","@graph":[{"@type":"WebPage","@id":"https:\/\/schreibenpro.com\/de\/gute-bewertung-schreiben-offnen\/","url":"https:\/\/schreibenpro.com\/de\/gute-bewertung-schreiben-offnen\/","name":"\u00d6ffnen - Gute Bewertung Schreiben - Schreiben PRO","isPartOf":{"@id":"https:\/\/schreibenpro.com\/de\/#website"},"primaryImageOfPage":{"@id":"https:\/\/schreibenpro.com\/de\/gute-bewertung-schreiben-offnen\/#primaryimage"},"image":{"@id":"https:\/\/schreibenpro.com\/de\/gute-bewertung-schreiben-offnen\/#primaryimage"},"thumbnailUrl":"https:\/\/schreibenpro.com\/de\/wp-content\/uploads\/gute-bewertung-schreiben-muster-vorlage.jpg","datePublished":"2023-12-18T08:24:58+00:00","breadcrumb":{"@id":"https:\/\/schreibenpro.com\/de\/gute-bewertung-schreiben-offnen\/#breadcrumb"},"inLanguage":"de","potentialAction":[{"@type":"ReadAction","target":["https:\/\/schreibenpro.com\/de\/gute-bewertung-schreiben-offnen\/"]}]},{"@type":"ImageObject","inLanguage":"de","@id":"https:\/\/schreibenpro.com\/de\/gute-bewertung-schreiben-offnen\/#primaryimage","url":"https:\/\/schreibenpro.com\/de\/wp-content\/uploads\/anschreiben-zum-angebot-muster-vorlage.jpg","contentUrl":"https:\/\/schreibenpro.com\/de\/wp-content\/uploads\/anschreiben-zum-angebot-muster-vorlage.jpg","width":1410,"height":2250},{"@type":"BreadcrumbList","@id":"https:\/\/schreibenpro.com\/de\/gute-bewertung-schreiben-offnen\/#breadcrumb","itemListElement":[{"@type":"ListItem","position":1,"name":"Portada","item":"https:\/\/schreibenpro.com\/de\/"},{"@type":"ListItem","position":2,"name":"\u00d6ffnen &#8211; Gute Bewertung Schreiben"}]},{"@type":"WebSite","@id":"https:\/\/schreibenpro.com\/de\/#website","url":"https:\/\/schreibenpro.com\/de\/","name":"Schreiben PRO","description":"Muster und Vorlage","publisher":{"@id":"https:\/\/schreibenpro.com\/de\/#organization"},"potentialAction":[{"@type":"SearchAction","target":{"@type":"EntryPoint","urlTemplate":"https:\/\/schreibenpro.com\/de\/?s={search_term_string}"},"query-input":{"@type":"PropertyValueSpecification","valueRequired":true,"valueName":"search_term_string"}}],"inLanguage":"de"},{"@type":"Organization","@id":"https:\/\/schreibenpro.com\/de\/#organization","name":"Schreiben PRO","url":"https:\/\/schreibenpro.com\/de\/","logo":{"@type":"ImageObject","inLanguage":"de","@id":"https:\/\/schreibenpro.com\/de\/#\/schema\/logo\/image\/","url":"https:\/\/schreibenpro.com\/de\/wp-content\/uploads\/cropped-fav.png","contentUrl":"https:\/\/schreibenpro.com\/de\/wp-content\/uploads\/cropped-fav.png","width":512,"height":512,"caption":"Schreiben PRO"},"image":{"@id":"https:\/\/schreibenpro.com\/de\/#\/schema\/logo\/image\/"}}]}},"_links":{"self":[{"href":"https:\/\/schreibenpro.com\/de\/wp-json\/wp\/v2\/pages\/609","targetHints":{"allow":["GET"]}}],"collection":[{"href":"https:\/\/schreibenpro.com\/de\/wp-json\/wp\/v2\/pages"}],"about":[{"href":"https:\/\/schreibenpro.com\/de\/wp-json\/wp\/v2\/types\/page"}],"author":[{"embeddable":true,"href":"https:\/\/schreibenpro.com\/de\/wp-json\/wp\/v2\/users\/1"}],"replies":[{"embeddable":true,"href":"https:\/\/schreibenpro.com\/de\/wp-json\/wp\/v2\/comments?post=609"}],"version-history":[{"count":0,"href":"https:\/\/schreibenpro.com\/de\/wp-json\/wp\/v2\/pages\/609\/revisions"}],"wp:attachment":[{"href":"https:\/\/schreibenpro.com\/de\/wp-json\/wp\/v2\/media?parent=609"}],"curies":[{"name":"wp","href":"https:\/\/api.w.org\/{rel}","templated":true}]}}