{"id":612,"date":"2023-12-18T08:24:59","date_gmt":"2023-12-18T08:24:59","guid":{"rendered":"https:\/\/schreibenpro.com\/de\/postboten-zettel-schreiben-offnen\/"},"modified":"2023-12-18T08:24:59","modified_gmt":"2023-12-18T08:24:59","slug":"postboten-zettel-schreiben-offnen","status":"publish","type":"page","link":"https:\/\/schreibenpro.com\/de\/postboten-zettel-schreiben-offnen\/","title":{"rendered":"\u00d6ffnen &#8211; Postboten Zettel Schreiben"},"content":{"rendered":"\r\n<p class=\"has-text-align-center\">Vorlage und Muster f\u00fcr <strong> Postboten Zettel Schreiben<\/strong> &#8211; Ausf\u00fcllen und Erstellung  &#8211; \u00d6ffnen im <strong>WORD  PDF<\/strong> Datei und Online<\/p>\r\n\r\n\r\n\r\n\r\n<div class=\"wp-block-image\">\r\n<figure class=\"aligncenter size-large is-resized\"><img loading=\"lazy\" decoding=\"async\" class=\"wp-image-215\" src=\"https:\/\/schreibenpro.com\/de\/wp-content\/uploads\/postboten-zettel-schreiben-muster-vorlage.jpg\" alt=\"\" width=\"245\" height=\"391\" \/><\/figure>\r\n<\/div>\r\n\r\n\r\n\r\n<hr class=\"wp-block-separator has-alpha-channel-opacity\" \/>\r\n\r\n\r\n\r\n\r\n\r\n<div class=\"su-note\"  style=\"border-color:#e5e5e5;border-radius:10px;-moz-border-radius:10px;-webkit-border-radius:10px;\"><div class=\"su-note-inner su-u-clearfix su-u-trim\" style=\"background-color:#FFFFFF;border-color:#ffffff;color:#333333;border-radius:10px;-moz-border-radius:10px;-webkit-border-radius:10px;\">\r\n\r\n<section id=\"specialParagraph\"><p><strong>Vorwort:<\/strong><\/p>  <p>Ein Postboten-Zettel ist ein wichtiges Kommunikationsmittel zwischen Postboten und Empf\u00e4ngern. Es informiert den Empf\u00e4nger \u00fcber den Zustellversuch einer Sendung und enth\u00e4lt m\u00f6gliche Optionen f\u00fcr eine erneute Zustellung oder eine Abholung der Sendung. Dieses Beispiel zeigt Ihnen, wie Sie einen effektiven Postboten-Zettel verfassen k\u00f6nnen.<\/p>  <p><strong>Einleitung:<\/strong><\/p>  <p>Der Postboten-Zettel dient dazu, dem Empf\u00e4nger einer Sendung Informationen \u00fcber den Zustellversuch mitzuteilen. Es ist wichtig, dass der Postbote klar und deutlich kommuniziert, welche Aktionen der Empf\u00e4nger unternehmen kann, um die Zustellung erfolgreich abzuschlie\u00dfen. Folgende Punkte sollten in der Einleitung des Postboten-Zettels hervorgehoben werden:<\/p>  <dl> <dt>1. Absenderadresse:<\/dt> <dd>Geben Sie die Adresse des Absenders an, um dem Empf\u00e4nger zu zeigen, von wo aus die Sendung verschickt wurde.<\/dd>  <dt>2. Empf\u00e4ngeradresse:<\/dt> <dd>Notieren Sie die korrekte Adresse des Empf\u00e4ngers, um sicherzustellen, dass der Postbote die richtige Person kontaktiert.<\/dd>  <dt>3. Tracking-Nummer:<\/dt> <dd>Erg\u00e4nzen Sie die Tracking-Nummer der Sendung, um dem Empf\u00e4nger die M\u00f6glichkeit zu geben, den Sendungsverlauf online zu verfolgen.<\/dd>  <dt>4. Zustelldatum und -zeit:<\/dt> <dd>Geben Sie den genauen Tag und die Uhrzeit an, zu der der Zustellversuch unternommen wurde.<\/dd> <\/dl>  <p><strong>Hauptteil:<\/strong><\/p>  <p>Der Hauptteil des Postboten-Zettels enth\u00e4lt die Optionen, die der Empf\u00e4nger hat, um die Zustellung der Sendung abzuschlie\u00dfen. Es ist wichtig, diese Optionen klar und verst\u00e4ndlich zu formulieren, um Missverst\u00e4ndnisse zu vermeiden. Beachten Sie dabei folgende Punkte:<\/p>  <dl> <dt>1. Erneute Zustellung:<\/dt> <dd>Informieren Sie den Empf\u00e4nger dar\u00fcber, dass eine erneute Zustellung m\u00f6glich ist. Geben Sie an, an welchem Tag und zu welcher Uhrzeit der Postbote wiederkommen wird. Bitten Sie den Empf\u00e4nger, einen Zustellzeitpunkt anzugeben, der ihm am besten passt.<\/dd>  <dt>2. Abholung an der Postfiliale:<\/dt> <dd>Geben Sie dem Empf\u00e4nger die Adresse und \u00d6ffnungszeiten der n\u00e4chsten Postfiliale an, an der er die Sendung abholen kann. Notieren Sie auch, welche Dokumente er zur Abholung der Sendung mitbringen muss.<\/dd>  <dt>3. Weitergabe an Nachbarn:<\/dt> <dd>Informieren Sie den Empf\u00e4nger dar\u00fcber, dass die Sendung an einen Nachbarn weitergegeben wurde. Geben Sie den Nachnamen und die Adresse des Nachbarn an, um Missverst\u00e4ndnisse zu vermeiden.<\/dd>  <dt>4. Selbstabholung am Postamt:<\/dt> <dd>Geben Sie dem Empf\u00e4nger die Adresse des Postamts an, an dem er die Sendung selbst abholen kann. Legen Sie die \u00d6ffnungszeiten fest und geben Sie an, welche Dokumente der Empf\u00e4nger zur Abholung mitbringen muss.<\/dd> <\/dl>  <p><strong>Schluss:<\/strong><\/p>  <p>Der Schluss des Postboten-Zettels fasst die wichtigsten Informationen zusammen und enth\u00e4lt wichtige Hinweise f\u00fcr den Empf\u00e4nger:<\/p>  <dl> <dt>1. Kontaktdaten:<\/dt> <dd>Geben Sie dem Empf\u00e4nger Ihre Kontaktdaten an, falls er weitere Fragen oder Anmerkungen hat.<\/dd>  <dt>2. Unterschrift:<\/dt> <dd>Unterzeichnen Sie den Postboten-Zettel, um dem Empf\u00e4nger zu zeigen, dass er es mit einem offiziellen Dokument zu tun hat.<\/dd>  <dt>3. Zus\u00e4tzliche Informationen:<\/dt> <dd>Geben Sie dem Empf\u00e4nger zus\u00e4tzliche Informationen wie beispielsweise eine Rufnummer oder E-Mail-Adresse an, unter der er sich bei weiteren Fragen melden kann.<\/dd> <\/dl>  <p><strong>Zusammenfassung:<\/strong><\/p>  <p>Ein gut geschriebener Postboten-Zettel ist eine effektive Kommunikationsmethode zwischen Postboten und Empf\u00e4nger. Es ist wichtig, die Struktur und den Inhalt des Zettels so zu gestalten, dass der Empf\u00e4nger alle notwendigen Informationen erh\u00e4lt. Nutzen Sie die unten genannten HTML-Tags, um die verschiedenen Teile und Elemente des Postboten-Zettels hervorzuheben. Beachten Sie dabei auch die formalen Gestaltungselemente wie die richtige Einleitung, den Hauptteil und den Schluss.<\/p><\/section><\/div><\/div>\r\n\r\n&nbsp;\r\n\r\n\r\n\r\n\r\n\r\n\r\n<p class=\"has-text-align-center\">Muster und Vorlage f\u00fcr <strong> Postboten Zettel Schreiben <\/strong> zur Anpassung und Erstellung  im <strong>WORD<\/strong>\u2013 und <strong>PDF-Format<\/strong><\/p>\r\n\r\n\r\n<button id=\"generatePDF\">Erstellen (PDF &#8211; WORD)<\/button>\r\n\r\n\r\n\r\n<hr class=\"wp-block-separator has-alpha-channel-opacity\" \/>\r\n\r\n\r\n\r\n<p style=\"text-align: center;\"><strong>Postboten Zettel Schreiben<\/strong><\/p>\r\n\r\n<div class=\"wp-block-columns is-layout-flex wp-container-core-columns-is-layout-9d6595d7 wp-block-columns-is-layout-flex\">\r\n\r\n\r\n<div class=\"wp-block-column is-layout-flow wp-block-column-is-layout-flow\"><div class=\"su-button-center\"><a href=\"http:\/\/www.arbeitsgemeinschaft-baden.de\/Rundschreiben_Nr_110.pdf\" class=\"su-button su-button-style-flat\" style=\"color:#FFFFFF;background-color:#144bb6;border-color:#103c92;border-radius:1px\" target=\"_self\"><span style=\"color:#FFFFFF;padding:0px 24px;font-size:18px;line-height:36px;border-color:#5b81cc;border-radius:1px;text-shadow:none\">   PDF <\/span><\/a><\/div>\n<\/div>\r\n\r\n\r\n\r\n<div class=\"wp-block-column is-layout-flow wp-block-column-is-layout-flow\"><div class=\"su-button-center\"><a href=\"http:\/\/www1.udel.edu\/LLL\/language\/deutsch\/handouts\/summer_2016\/HP!\" class=\"su-button su-button-style-flat\" style=\"color:#FFFFFF;background-color:#144bb6;border-color:#103c92;border-radius:1px\" target=\"_self\"><span style=\"color:#FFFFFF;padding:0px 24px;font-size:18px;line-height:36px;border-color:#5b81cc;border-radius:1px;text-shadow:none\">   DOC<\/span><\/a><\/div>\n<\/div>\r\n\r\n\r\n<\/div>\r\n\r\n\r\n\r\n<p style=\"text-align: center;\"><strong>Beispiele<\/strong><\/p>\r\n\r\n<div class=\"wp-block-columns is-layout-flex wp-container-core-columns-is-layout-9d6595d7 wp-block-columns-is-layout-flex\">\r\n\r\n\r\n<div class=\"wp-block-column is-layout-flow wp-block-column-is-layout-flow\"><div class=\"su-button-center\"><a href=\"http:\/\/informatik-erleben.uni-klu.ac.at\/einheiten\/n\/n3\/_files\/N3_Postbotenspiel.pdf\" class=\"su-button su-button-style-flat\" style=\"color:#FFFFFF;background-color:#144bb6;border-color:#103c92;border-radius:1px\" target=\"_self\"><span style=\"color:#FFFFFF;padding:0px 24px;font-size:18px;line-height:36px;border-color:#5b81cc;border-radius:1px;text-shadow:none\">  Beispiel &#8211; 1 <\/span><\/a><\/div>\n<\/div>\r\n\r\n\r\n\r\n<div class=\"wp-block-column is-layout-flow wp-block-column-is-layout-flow\"><div class=\"su-button-center\"><a href=\"https:\/\/www.deutschepost.de\/dam\/jcr:89e8dee8-185e-4ca5-81c1-a7336b76fbcb\/Post_und_Schule_Unterrichtstool_Woerter_Post_2017.pdf\" class=\"su-button su-button-style-flat\" style=\"color:#FFFFFF;background-color:#144bb6;border-color:#103c92;border-radius:1px\" target=\"_self\"><span style=\"color:#FFFFFF;padding:0px 24px;font-size:18px;line-height:36px;border-color:#5b81cc;border-radius:1px;text-shadow:none\">  Beispiel &#8211; 2 <\/span><\/a><\/div>\n<\/div>\r\n\r\n\r\n<\/div>\r\n\r\n\r\n<hr class=\"wp-block-separator has-alpha-channel-opacity\" \/>\r\n\r\n\r\n\r\n<div class=\"wp-block-columns is-layout-flex wp-container-core-columns-is-layout-9d6595d7 wp-block-columns-is-layout-flex\">\r\n\r\n\r\n<div class=\"wp-block-column is-layout-flow wp-block-column-is-layout-flow\"><div class=\"su-button-center\"><a href=\"https:\/\/www.vorablesen.de\/buecher\/der-postbote-von-girifalco-oder-eine-kurze-geschichte-ueber-den-zufall\/sample\" class=\"su-button su-button-style-flat\" style=\"color:#FFFFFF;background-color:#144bb6;border-color:#103c92;border-radius:1px\" target=\"_self\"><span style=\"color:#FFFFFF;padding:0px 24px;font-size:18px;line-height:36px;border-color:#5b81cc;border-radius:1px;text-shadow:none\">  Beispiel &#8211; 3 <\/span><\/a><\/div>\n<\/div>\r\n\r\n\r\n\r\n<div class=\"wp-block-column is-layout-flow wp-block-column-is-layout-flow\"><div class=\"su-button-center\"><a href=\"http:\/\/www.arbeitsgemeinschaft-baden.de\/Rundschreiben_Nr_110.pdf\" class=\"su-button su-button-style-flat\" style=\"color:#FFFFFF;background-color:#144bb6;border-color:#103c92;border-radius:1px\" target=\"_self\"><span style=\"color:#FFFFFF;padding:0px 24px;font-size:18px;line-height:36px;border-color:#5b81cc;border-radius:1px;text-shadow:none\">  Beispiel &#8211; 4 <\/span><\/a><\/div>\n<\/div>\r\n\r\n\r\n<\/div>\r\n\r\n\r\n<hr class=\"wp-block-separator has-alpha-channel-opacity\" \/>\r\n\r\n<!-- \/wp:post-content -->\r\n\r\n<!-- wp:table {\"align\":\"center\"} -->\r\n<figure class=\"wp-block-table aligncenter\">\r\n<table>\r\n<tbody>\r\n<tr>\r\n<td style=\"text-align: center;\">Postboten Zettel Schreiben<\/td>\r\n<\/tr>\r\n<tr>\r\n<td style=\"text-align: center;\">PDF &#8211; WORD Datei<\/td>\r\n<\/tr>\r\n<tr>\r\n<td style=\"text-align: center;\">Bewertung: \u2b50\u2b50\u2b50\u2b50\u2b50 4.52<\/td>\r\n<\/tr>\r\n<tr>\r\n<td style=\"text-align: center;\">Ergebnisse &#8211; 7536<\/td>\r\n<\/tr>\r\n<\/tbody>\r\n<\/table>\r\n<\/figure>\r\n<!-- \/wp:table -->\r\n\r\n<!-- wp:separator -->\r\n\r\n<hr class=\"wp-block-separator has-alpha-channel-opacity\" \/>\r\n\r\n<!-- \/wp:separator -->\r\n\r\n<div class=\"su-note\"  style=\"border-color:#e5e5e5;border-radius:10px;-moz-border-radius:10px;-webkit-border-radius:10px;\"><div class=\"su-note-inner su-u-clearfix su-u-trim\" style=\"background-color:#FFFFFF;border-color:#ffffff;color:#333333;border-radius:10px;-moz-border-radius:10px;-webkit-border-radius:10px;\">\r\n\r\n<p><strong>Einf\u00fchrung:<\/strong><\/p>  <p>Das Schreiben eines Postboten Zettels kann eine einfache und effektive M\u00f6glichkeit sein, eine Nachricht oder ein Paket an den Postboten zu \u00fcbermitteln, wenn er an Ihrer T\u00fcr vorbeikommt. Es ist wichtig, dass der Zettel klar und pr\u00e4gnant ist, damit der Postbote die Nachricht leicht verstehen kann.<\/p>  <p><strong>Schritt 1: \u00dcberlegungen zur Formulierung<\/strong><\/p>  <p>Bevor Sie mit dem Schreiben des Postboten Zettels beginnen, sollten Sie sich einige Minuten Zeit nehmen, um \u00fcber den Inhalt und die Formulierung der Nachricht nachzudenken. Stellen Sie sicher, dass die Nachricht kurz und informativ ist. Vermeiden Sie zu viele Details, da der Postbote m\u00f6glicherweise nicht viel Zeit hat, den Zettel zu lesen.<\/p>  <p><strong>Schritt 2: Einleitung<\/strong><\/p>  <p>Beginnen Sie den Zettel mit einer freundlichen Gru\u00dfformel, wie zum Beispiel &#8220;Lieber Postbote&#8221;. Dies zeigt, dass Sie respektvoll und h\u00f6flich sind. Anschlie\u00dfend sollten Sie kurz erkl\u00e4ren, was Sie mit dem Zettel \u00fcbermitteln m\u00f6chten.<\/p>  <code>Beispiel:<\/code> <blockquote> <p>Lieber Postbote,<\/p>  <p>ich m\u00f6chte Ihnen gerne mitteilen, dass ich ein wichtiges Paket erwartet habe, das heute geliefert werden soll.<\/p> <\/blockquote>  <p><strong>Schritt 3: Hauptteil<\/strong><\/p>  <p>Im Hauptteil des Zettels sollten Sie die wichtigen Informationen \u00fcbermitteln, die der Postbote wissen muss. Seien Sie pr\u00e4gnant, aber geben Sie genug Details an, damit der Postbote die gew\u00fcnschte Handlung oder Information durchf\u00fchren kann.<\/p>  <code>Beispiel:<\/code> <blockquote> <p>Das Paket ist dringend und muss heute pers\u00f6nlich entgegengenommen werden. Bitte klingeln Sie bei mir und \u00fcbergeben Sie das Paket direkt an mich.<\/p> <\/blockquote>  <p><strong>Schritt 4: Schluss<\/strong><\/p>  <p>Beenden Sie den Zettel mit einer freundlichen Abschlussformel, wie zum Beispiel &#8220;Vielen Dank f\u00fcr Ihre Hilfe&#8221;. Zeigen Sie Wertsch\u00e4tzung f\u00fcr die Zeit und M\u00fche des Postboten.<\/p>  <code>Beispiel:<\/code> <blockquote> <p>Vielen Dank f\u00fcr Ihre Hilfe.<\/p>  <p>Mit freundlichen Gr\u00fc\u00dfen,<\/p> <p>Ihr Name<\/p> <\/blockquote>  <p><strong>Schritt 5: \u00dcberpr\u00fcfen und Korrigieren<\/strong><\/p>  <p>Nehmen Sie sich etwas Zeit, um den Zettel zu \u00fcberpr\u00fcfen und sicherzustellen, dass er keine Grammatik- oder Rechtschreibfehler enth\u00e4lt. Eine klare und fehlerfreie Nachricht erleichtert es dem Postboten, Ihren Wunsch zu verstehen.<\/p>  <p><strong>Zus\u00e4tzliche Tipps:<\/strong><\/p>  <p>&#8211; Verwenden Sie klare und einfache Sprache, um Missverst\u00e4ndnisse zu vermeiden.<\/p> <p>&#8211; Vermeiden Sie den Gebrauch von Slang oder umgangssprachlichen Ausdr\u00fccken.<\/p> <p>&#8211; Formatieren Sie den Zettel \u00fcbersichtlich und gut lesbar.<\/p> <p>&#8211; Vermeiden Sie es, zu viele Informationen auf einmal zu geben, um Verwirrung zu vermeiden.<\/p>  <p><strong>:<\/strong><\/p>  <p>Das Schreiben eines Postboten Zettels ist eine einfache M\u00f6glichkeit, um eine Nachricht oder ein Paket an den Postboten zu \u00fcbermitteln. Mit einigen grundlegenden Schritten und Tipps k\u00f6nnen Sie sicherstellen, dass Ihre Nachricht klar und pr\u00e4gnant ist und vom Postboten leicht verstanden wird.<\/p>\r\n\r\n<\/div><\/div>\r\n\r\n<!-- wp:separator -->\r\n\r\n<hr class=\"wp-block-separator has-alpha-channel-opacity\" \/>","protected":false},"excerpt":{"rendered":"<p>Vorlage und Muster f\u00fcr Postboten Zettel Schreiben &#8211; Ausf\u00fcllen und Erstellung &#8211; \u00d6ffnen im WORD PDF Datei und Online &nbsp; &#8230; <\/p>\n<p class=\"read-more-container\"><a title=\"\u00d6ffnen &#8211; Postboten Zettel Schreiben\" class=\"read-more button\" href=\"https:\/\/schreibenpro.com\/de\/postboten-zettel-schreiben-offnen\/#more-612\" aria-label=\"Mehr zu \u00d6ffnen &#8211; Postboten Zettel Schreiben\">\u00d6FFNEN <\/a><\/p>\n","protected":false},"author":1,"featured_media":0,"parent":0,"menu_order":0,"comment_status":"closed","ping_status":"closed","template":"","meta":{"footnotes":""},"class_list":{"0":"post-612","1":"page","2":"type-page","3":"status-publish","5":"infinite-scroll-item"},"yoast_head":"<!-- This site is optimized with the Yoast SEO plugin v24.6 - https:\/\/yoast.com\/wordpress\/plugins\/seo\/ -->\n<title>\u00d6ffnen - Postboten Zettel Schreiben - Schreiben PRO<\/title>\n<meta name=\"robots\" content=\"noindex, follow\" \/>\n<meta property=\"og:locale\" content=\"de_DE\" \/>\n<meta property=\"og:type\" content=\"article\" \/>\n<meta property=\"og:title\" content=\"\u00d6ffnen - Postboten Zettel Schreiben - Schreiben PRO\" \/>\n<meta property=\"og:description\" content=\"Vorlage und Muster f\u00fcr Postboten Zettel Schreiben &#8211; Ausf\u00fcllen und Erstellung &#8211; \u00d6ffnen im WORD PDF Datei und Online &nbsp; ... \u00d6FFNEN\" \/>\n<meta property=\"og:url\" content=\"https:\/\/schreibenpro.com\/de\/postboten-zettel-schreiben-offnen\/\" \/>\n<meta property=\"og:site_name\" content=\"Schreiben PRO\" \/>\n<meta property=\"og:image\" content=\"https:\/\/schreibenpro.com\/de\/wp-content\/uploads\/postboten-zettel-schreiben-muster-vorlage.jpg\" \/>\n<meta name=\"twitter:card\" content=\"summary_large_image\" \/>\n<meta name=\"twitter:label1\" content=\"Gesch\u00e4tzte Lesezeit\" \/>\n\t<meta name=\"twitter:data1\" content=\"1\u00a0Minute\" \/>\n<!-- \/ Yoast SEO plugin. -->","yoast_head_json":{"title":"\u00d6ffnen - Postboten Zettel Schreiben - Schreiben PRO","robots":{"index":"noindex","follow":"follow"},"og_locale":"de_DE","og_type":"article","og_title":"\u00d6ffnen - Postboten Zettel Schreiben - Schreiben PRO","og_description":"Vorlage und Muster f\u00fcr Postboten Zettel Schreiben &#8211; Ausf\u00fcllen und Erstellung &#8211; \u00d6ffnen im WORD PDF Datei und Online &nbsp; ... \u00d6FFNEN","og_url":"https:\/\/schreibenpro.com\/de\/postboten-zettel-schreiben-offnen\/","og_site_name":"Schreiben PRO","og_image":[{"url":"https:\/\/schreibenpro.com\/de\/wp-content\/uploads\/postboten-zettel-schreiben-muster-vorlage.jpg","type":"","width":"","height":""}],"twitter_card":"summary_large_image","twitter_misc":{"Gesch\u00e4tzte Lesezeit":"1\u00a0Minute"},"schema":{"@context":"https:\/\/schema.org","@graph":[{"@type":"WebPage","@id":"https:\/\/schreibenpro.com\/de\/postboten-zettel-schreiben-offnen\/","url":"https:\/\/schreibenpro.com\/de\/postboten-zettel-schreiben-offnen\/","name":"\u00d6ffnen - Postboten Zettel Schreiben - Schreiben PRO","isPartOf":{"@id":"https:\/\/schreibenpro.com\/de\/#website"},"primaryImageOfPage":{"@id":"https:\/\/schreibenpro.com\/de\/postboten-zettel-schreiben-offnen\/#primaryimage"},"image":{"@id":"https:\/\/schreibenpro.com\/de\/postboten-zettel-schreiben-offnen\/#primaryimage"},"thumbnailUrl":"https:\/\/schreibenpro.com\/de\/wp-content\/uploads\/postboten-zettel-schreiben-muster-vorlage.jpg","datePublished":"2023-12-18T08:24:59+00:00","breadcrumb":{"@id":"https:\/\/schreibenpro.com\/de\/postboten-zettel-schreiben-offnen\/#breadcrumb"},"inLanguage":"de","potentialAction":[{"@type":"ReadAction","target":["https:\/\/schreibenpro.com\/de\/postboten-zettel-schreiben-offnen\/"]}]},{"@type":"ImageObject","inLanguage":"de","@id":"https:\/\/schreibenpro.com\/de\/postboten-zettel-schreiben-offnen\/#primaryimage","url":"https:\/\/schreibenpro.com\/de\/wp-content\/uploads\/anschreiben-zum-angebot-muster-vorlage.jpg","contentUrl":"https:\/\/schreibenpro.com\/de\/wp-content\/uploads\/anschreiben-zum-angebot-muster-vorlage.jpg","width":1410,"height":2250},{"@type":"BreadcrumbList","@id":"https:\/\/schreibenpro.com\/de\/postboten-zettel-schreiben-offnen\/#breadcrumb","itemListElement":[{"@type":"ListItem","position":1,"name":"Portada","item":"https:\/\/schreibenpro.com\/de\/"},{"@type":"ListItem","position":2,"name":"\u00d6ffnen &#8211; Postboten Zettel Schreiben"}]},{"@type":"WebSite","@id":"https:\/\/schreibenpro.com\/de\/#website","url":"https:\/\/schreibenpro.com\/de\/","name":"Schreiben PRO","description":"Muster und Vorlage","publisher":{"@id":"https:\/\/schreibenpro.com\/de\/#organization"},"potentialAction":[{"@type":"SearchAction","target":{"@type":"EntryPoint","urlTemplate":"https:\/\/schreibenpro.com\/de\/?s={search_term_string}"},"query-input":{"@type":"PropertyValueSpecification","valueRequired":true,"valueName":"search_term_string"}}],"inLanguage":"de"},{"@type":"Organization","@id":"https:\/\/schreibenpro.com\/de\/#organization","name":"Schreiben PRO","url":"https:\/\/schreibenpro.com\/de\/","logo":{"@type":"ImageObject","inLanguage":"de","@id":"https:\/\/schreibenpro.com\/de\/#\/schema\/logo\/image\/","url":"https:\/\/schreibenpro.com\/de\/wp-content\/uploads\/cropped-fav.png","contentUrl":"https:\/\/schreibenpro.com\/de\/wp-content\/uploads\/cropped-fav.png","width":512,"height":512,"caption":"Schreiben PRO"},"image":{"@id":"https:\/\/schreibenpro.com\/de\/#\/schema\/logo\/image\/"}}]}},"_links":{"self":[{"href":"https:\/\/schreibenpro.com\/de\/wp-json\/wp\/v2\/pages\/612","targetHints":{"allow":["GET"]}}],"collection":[{"href":"https:\/\/schreibenpro.com\/de\/wp-json\/wp\/v2\/pages"}],"about":[{"href":"https:\/\/schreibenpro.com\/de\/wp-json\/wp\/v2\/types\/page"}],"author":[{"embeddable":true,"href":"https:\/\/schreibenpro.com\/de\/wp-json\/wp\/v2\/users\/1"}],"replies":[{"embeddable":true,"href":"https:\/\/schreibenpro.com\/de\/wp-json\/wp\/v2\/comments?post=612"}],"version-history":[{"count":0,"href":"https:\/\/schreibenpro.com\/de\/wp-json\/wp\/v2\/pages\/612\/revisions"}],"wp:attachment":[{"href":"https:\/\/schreibenpro.com\/de\/wp-json\/wp\/v2\/media?parent=612"}],"curies":[{"name":"wp","href":"https:\/\/api.w.org\/{rel}","templated":true}]}}