{"id":613,"date":"2023-12-18T08:25:00","date_gmt":"2023-12-18T08:25:00","guid":{"rendered":"https:\/\/schreibenpro.com\/de\/motivationsschreiben-ergotherapie-ausbildung-offnen\/"},"modified":"2023-12-18T08:25:00","modified_gmt":"2023-12-18T08:25:00","slug":"motivationsschreiben-ergotherapie-ausbildung-offnen","status":"publish","type":"page","link":"https:\/\/schreibenpro.com\/de\/motivationsschreiben-ergotherapie-ausbildung-offnen\/","title":{"rendered":"\u00d6ffnen &#8211; Motivationsschreiben Ergotherapie Ausbildung"},"content":{"rendered":"\r\n<p class=\"has-text-align-center\">Muster und Vorlage f\u00fcr <strong> Motivationsschreiben Ergotherapie Ausbildung<\/strong> &#8211; Ausf\u00fcllen und Erstellung  &#8211; \u00d6ffnen im <strong>PDF und WORD<\/strong> Datei und Online<\/p>\r\n\r\n\r\n\r\n\r\n<div class=\"wp-block-image\">\r\n<figure class=\"aligncenter size-large is-resized\"><img loading=\"lazy\" decoding=\"async\" class=\"wp-image-215\" src=\"https:\/\/schreibenpro.com\/de\/wp-content\/uploads\/motivationsschreiben-ergotherapie-ausbildung-muster-vorlage.jpg\" alt=\"\" width=\"245\" height=\"391\" \/><\/figure>\r\n<\/div>\r\n\r\n\r\n\r\n<hr class=\"wp-block-separator has-alpha-channel-opacity\" \/>\r\n\r\n\r\n\r\n\r\n\r\n<div class=\"su-note\"  style=\"border-color:#e5e5e5;border-radius:10px;-moz-border-radius:10px;-webkit-border-radius:10px;\"><div class=\"su-note-inner su-u-clearfix su-u-trim\" style=\"background-color:#FFFFFF;border-color:#ffffff;color:#333333;border-radius:10px;-moz-border-radius:10px;-webkit-border-radius:10px;\">\r\n\r\n<section id=\"specialParagraph\"><p>Sehr geehrte Damen und Herren,<\/p>  <p>hiermit bewerbe ich mich um einen Ausbildungsplatz f\u00fcr die Ergotherapie Ausbildung an Ihrer renommierten Schule. Durch intensive Recherche und das Sammeln von Informationen habe ich festgestellt, dass Ihre Schule f\u00fcr ihre exzellente Ausbildung und ihren Ruf in der Ergotherapie bekannt ist. Ich bin fest entschlossen, meinen Traum zu verfolgen und ein qualifizierter Ergotherapeut zu werden.<\/p>  <p><strong>Motivation und Interesse<\/strong><\/p>  <p>Schon immer habe ich mich f\u00fcr die medizinische Berufswelt interessiert und wurde von den verschiedenen Bereichen der Therapie fasziniert. Nach eingehender Recherche und Gespr\u00e4chen mit Ergotherapeuten habe ich mich f\u00fcr die Ergotherapie entschieden, da sie genau meinen Vorstellungen von einem erf\u00fcllenden Beruf entspricht. Die M\u00f6glichkeit, Menschen dabei zu helfen, ihre pers\u00f6nlichen Ziele zu erreichen und ihre Lebensqualit\u00e4t zu verbessern, begeistert mich zutiefst.<\/p>  <p><strong>Pers\u00f6nliche Erfahrungen in der Ergotherapie<\/strong><\/p>  <p>Im Laufe der letzten Jahre habe ich bereits erste Erfahrungen im Bereich der Ergotherapie gesammelt, indem ich ehrenamtlich in einer Rehabilitationsklinik gearbeitet habe. Diese Erfahrung hat mich darin best\u00e4rkt, dass dies der richtige Beruf f\u00fcr mich ist. Ich hatte die M\u00f6glichkeit, mit Ergotherapeuten zusammenzuarbeiten und Patienten bei der Wiedererlangung ihrer motorischen F\u00e4higkeiten zu unterst\u00fctzen. Diese direkte Interaktion mit den Patienten hat mein Verst\u00e4ndnis f\u00fcr die Bedeutung der Ergotherapie und ihre positive Auswirkung auf das Leben der Menschen vertieft.<\/p>  <p><strong>Ausbildung und Qualifikationen<\/strong><\/p>  <p>Nach dem Abschluss meines Abiturs habe ich mich entschieden, eine Ausbildung zur Ergotherapeutin zu absolvieren, um meine Leidenschaft und mein Interesse f\u00fcr dieses Fachgebiet weiter zu vertiefen. W\u00e4hrend meiner Ausbildung erwarb ich umfangreiche Kenntnisse in den Grundlagen der Ergotherapie, einschlie\u00dflich Anatomie, Physiologie und verschiedenen ergotherapeutischen Interventionstechniken. Zus\u00e4tzlich habe ich an verschiedenen Praktika teilgenommen, um praktische Erfahrungen und Einblicke in die vielf\u00e4ltigen Bereiche der Ergotherapie zu gewinnen. Diese Erfahrungen haben meine Begeisterung f\u00fcr den Beruf weiter verst\u00e4rkt und meine F\u00e4higkeiten in der Patientenbetreuung und -therapie verbessert.<\/p>  <p><strong>Warum ich mich f\u00fcr Ihre Schule entschieden habe<\/strong><\/p>  <p>Nach sorgf\u00e4ltiger Recherche und der Teilnahme an Informationsveranstaltungen habe ich mich f\u00fcr Ihre Schule entschieden, da sie einen herausragenden Ruf f\u00fcr die Qualit\u00e4t ihrer Ausbildung hat. Die M\u00f6glichkeit, von erfahrenen Dozenten zu lernen und die neuesten Erkenntnisse in der Ergotherapie zu erwerben, ist f\u00fcr mich von gro\u00dfer Bedeutung. Zudem sch\u00e4tze ich die Praxisorientierung des Ausbildungsprogramms, da ich der festen \u00dcberzeugung bin, dass die Kombination aus theoretischem Wissen und praktischer Erfahrung die besten Ergebnisse in der Ausbildung liefert.<\/p>  <p><strong>Zuk\u00fcnftige Ziele<\/strong><\/p>  <p>Mein langfristiges Ziel ist es, mich in der Ergotherapie weiterzuentwickeln und meine F\u00e4higkeiten kontinuierlich zu erweitern. Ich m\u00f6chte an Fortbildungen und Weiterbildungen teilnehmen, um \u00fcber die neuesten Behandlungsmethoden und -techniken informiert zu bleiben. Mein Wunsch ist es, Menschen jeden Alters und mit unterschiedlichen Einschr\u00e4nkungen zu helfen und ihnen dabei zu helfen, ein selbstbestimmtes und erf\u00fclltes Leben zu f\u00fchren.<\/p>  <p><strong>Schluss<\/strong><\/p>  <p>Ich bin fest davon \u00fcberzeugt, dass eine Ausbildung an Ihrer Schule mir die bestm\u00f6gliche Grundlage f\u00fcr meine berufliche Zukunft im Bereich der Ergotherapie bieten wird. Mit meiner Leidenschaft, Motivation und meinem Engagement bin ich bereit, mich vollst\u00e4ndig f\u00fcr die Ausbildung zu engagieren und alles daf\u00fcr zu tun, um ein kompetenter Ergotherapeut zu werden.<\/p>  <p>Ich w\u00e4re Ihnen sehr dankbar, wenn Sie meine Bewerbung ber\u00fccksichtigen und mich zu einem Vorstellungsgespr\u00e4ch einladen w\u00fcrden, um Sie pers\u00f6nlich von meiner Eignung und Motivation zu \u00fcberzeugen.<\/p>  <p>Mit freundlichen Gr\u00fc\u00dfen,<\/p> <p>Ihr Name<\/p><\/section><\/div><\/div>\r\n\r\n&nbsp;\r\n\r\n\r\n\r\n\r\n\r\n\r\n<p class=\"has-text-align-center\">Muster und Vorlage f\u00fcr <strong> Motivationsschreiben Ergotherapie Ausbildung <\/strong> zur Anpassung und Erstellung  im <strong>WORD<\/strong>\u2013 und <strong>PDF-Format<\/strong><\/p>\r\n\r\n\r\n<button id=\"generatePDF\">Erstellen (PDF &#8211; WORD)<\/button>\r\n\r\n\r\n\r\n<hr class=\"wp-block-separator has-alpha-channel-opacity\" \/>\r\n\r\n\r\n\r\n<p style=\"text-align: center;\"><strong>Motivationsschreiben Ergotherapie Ausbildung<\/strong><\/p>\r\n\r\n<div class=\"wp-block-columns is-layout-flex wp-container-core-columns-is-layout-9d6595d7 wp-block-columns-is-layout-flex\">\r\n\r\n\r\n<div class=\"wp-block-column is-layout-flow wp-block-column-is-layout-flow\"><div class=\"su-button-center\"><a href=\"https:\/\/www.bed-ev.de\/downloads\/artikeldateien\/1502\/Bewerbungsschreiben_isteins.pdf\" class=\"su-button su-button-style-flat\" style=\"color:#FFFFFF;background-color:#144bb6;border-color:#103c92;border-radius:1px\" target=\"_self\"><span style=\"color:#FFFFFF;padding:0px 24px;font-size:18px;line-height:36px;border-color:#5b81cc;border-radius:1px;text-shadow:none\">   PDF <\/span><\/a><\/div>\n<\/div>\r\n\r\n\r\n\r\n<div class=\"wp-block-column is-layout-flow wp-block-column-is-layout-flow\"><div class=\"su-button-center\"><a href=\"https:\/\/www.bed-ev.de\/downloads\/artikeldateien\/1502\/Bewerbungsschreiben_isteins.pdf\" class=\"su-button su-button-style-flat\" style=\"color:#FFFFFF;background-color:#144bb6;border-color:#103c92;border-radius:1px\" target=\"_self\"><span style=\"color:#FFFFFF;padding:0px 24px;font-size:18px;line-height:36px;border-color:#5b81cc;border-radius:1px;text-shadow:none\">   DOC<\/span><\/a><\/div>\n<\/div>\r\n\r\n\r\n<\/div>\r\n\r\n\r\n\r\n<p style=\"text-align: center;\"><strong>Beispiele<\/strong><\/p>\r\n\r\n<div class=\"wp-block-columns is-layout-flex wp-container-core-columns-is-layout-9d6595d7 wp-block-columns-is-layout-flex\">\r\n\r\n\r\n<div class=\"wp-block-column is-layout-flow wp-block-column-is-layout-flow\"><div class=\"su-button-center\"><a href=\"https:\/\/www.bed-ev.de\/downloads\/artikeldateien\/1502\/Bewerbungsschreiben_isteins.pdf\" class=\"su-button su-button-style-flat\" style=\"color:#FFFFFF;background-color:#144bb6;border-color:#103c92;border-radius:1px\" target=\"_self\"><span style=\"color:#FFFFFF;padding:0px 24px;font-size:18px;line-height:36px;border-color:#5b81cc;border-radius:1px;text-shadow:none\">  Beispiel &#8211; 1 <\/span><\/a><\/div>\n<\/div>\r\n\r\n\r\n\r\n<div class=\"wp-block-column is-layout-flow wp-block-column-is-layout-flow\"><div class=\"su-button-center\"><a href=\"https:\/\/www.gesundheitnord.de\/fileadmin\/user_upload\/ausbildung_ergotherapie.pdf\" class=\"su-button su-button-style-flat\" style=\"color:#FFFFFF;background-color:#144bb6;border-color:#103c92;border-radius:1px\" target=\"_self\"><span style=\"color:#FFFFFF;padding:0px 24px;font-size:18px;line-height:36px;border-color:#5b81cc;border-radius:1px;text-shadow:none\">  Beispiel &#8211; 2 <\/span><\/a><\/div>\n<\/div>\r\n\r\n\r\n<\/div>\r\n\r\n\r\n<hr class=\"wp-block-separator has-alpha-channel-opacity\" \/>\r\n\r\n\r\n\r\n<div class=\"wp-block-columns is-layout-flex wp-container-core-columns-is-layout-9d6595d7 wp-block-columns-is-layout-flex\">\r\n\r\n\r\n<div class=\"wp-block-column is-layout-flow wp-block-column-is-layout-flow\"><div class=\"su-button-center\"><a href=\"https:\/\/www.oktr.at\/web\/click_pdf.php?id=89\" class=\"su-button su-button-style-flat\" style=\"color:#FFFFFF;background-color:#144bb6;border-color:#103c92;border-radius:1px\" target=\"_self\"><span style=\"color:#FFFFFF;padding:0px 24px;font-size:18px;line-height:36px;border-color:#5b81cc;border-radius:1px;text-shadow:none\">  Beispiel &#8211; 3 <\/span><\/a><\/div>\n<\/div>\r\n\r\n\r\n\r\n<div class=\"wp-block-column is-layout-flow wp-block-column-is-layout-flow\"><div class=\"su-button-center\"><a href=\"https:\/\/www.bed-ev.de\/downloads\/artikeldateien\/1502\/Bewerbungsschreiben_isteins.pdf\" class=\"su-button su-button-style-flat\" style=\"color:#FFFFFF;background-color:#144bb6;border-color:#103c92;border-radius:1px\" target=\"_self\"><span style=\"color:#FFFFFF;padding:0px 24px;font-size:18px;line-height:36px;border-color:#5b81cc;border-radius:1px;text-shadow:none\">  Beispiel &#8211; 4 <\/span><\/a><\/div>\n<\/div>\r\n\r\n\r\n<\/div>\r\n\r\n\r\n<hr class=\"wp-block-separator has-alpha-channel-opacity\" \/>\r\n\r\n<!-- \/wp:post-content -->\r\n\r\n<!-- wp:table {\"align\":\"center\"} -->\r\n<figure class=\"wp-block-table aligncenter\">\r\n<table>\r\n<tbody>\r\n<tr>\r\n<td style=\"text-align: center;\">Motivationsschreiben Ergotherapie Ausbildung<\/td>\r\n<\/tr>\r\n<tr>\r\n<td style=\"text-align: center;\">PDF &#8211; WORD Datei<\/td>\r\n<\/tr>\r\n<tr>\r\n<td style=\"text-align: center;\">Bewertung: \u2b50\u2b50\u2b50\u2b50\u2b50 4.92<\/td>\r\n<\/tr>\r\n<tr>\r\n<td style=\"text-align: center;\">Ergebnisse &#8211; 5985<\/td>\r\n<\/tr>\r\n<\/tbody>\r\n<\/table>\r\n<\/figure>\r\n<!-- \/wp:table -->\r\n\r\n<!-- wp:separator -->\r\n\r\n<hr class=\"wp-block-separator has-alpha-channel-opacity\" \/>\r\n\r\n<!-- \/wp:separator -->\r\n\r\n<div class=\"su-note\"  style=\"border-color:#e5e5e5;border-radius:10px;-moz-border-radius:10px;-webkit-border-radius:10px;\"><div class=\"su-note-inner su-u-clearfix su-u-trim\" style=\"background-color:#FFFFFF;border-color:#ffffff;color:#333333;border-radius:10px;-moz-border-radius:10px;-webkit-border-radius:10px;\">\r\n\r\n<p><strong>Einf\u00fchrung:<\/strong><\/p> <p>Das Verfassen eines Motivationsschreibens f\u00fcr die Ergotherapie-Ausbildung erm\u00f6glicht es Ihnen, Ihre F\u00e4higkeiten, Ihre Motivation und Ihr Interesse an diesem Beruf zu pr\u00e4sentieren. Es ist eine Gelegenheit, potenzielle Ausbildungseinrichtungen von Ihrem Engagement und Ihrem Verst\u00e4ndnis f\u00fcr die Ergotherapie zu \u00fcberzeugen. In diesem Leitfaden werden wir die verschiedenen Schritte und Bestandteile eines Motivationsschreibens f\u00fcr die Ergotherapie-Ausbildung detailliert erl\u00e4utern.<\/p>  <h3>Inhaltsverzeichnis:<\/h3> <ol> <li>Die Einleitung<\/li> <li>Der Hauptteil<\/li> <ol> <li>Motivation und Interesse<\/li> <li>Pers\u00f6nliche Erfahrungen<\/li> <li>Relevante F\u00e4higkeiten und Kompetenzen<\/li> <\/ol> <li>Der Schluss<\/li> <li>Formale Gestaltung<\/li> <li>Aufbau eines effektiven Briefes<\/li> <\/ol>  <h3>Die Einleitung<\/h3>  <p>Die Einleitung ist der erste Abschnitt Ihres Motivationsschreibens und sollte den Leser direkt ansprechen. Hier sollten Sie Ihren Namen, Ihre Kontaktdaten und den Zweck des Schreibens angeben. Geben Sie auch an, warum Sie sich f\u00fcr die Ergotherapie-Ausbildung interessieren und welches Ziel Sie mit diesem Schreiben verfolgen. Der Einleitungsteil sollte in der Regel nicht l\u00e4nger als ein Absatz sein.<\/p>  <p><strong>Beispiel:<\/strong><\/p>  <p><em>Sehr geehrte Damen und Herren,<\/em><\/p>  <p><em>ich m\u00f6chte mich hiermit um einen Ausbildungsplatz im Bereich der Ergotherapie an Ihrer renommierten Einrichtung bewerben. Es w\u00e4re f\u00fcr mich eine gro\u00dfartige Gelegenheit, meine Leidenschaft f\u00fcr die Ergotherapie in die Praxis umzusetzen und mein Wissen in diesem Bereich zu erweitern. Mit diesem Motivationsschreiben m\u00f6chte ich Ihnen meine Gr\u00fcnde f\u00fcr die Wahl dieses Berufs und meine Eignung f\u00fcr die Ausbildung darlegen.<\/em><\/p>  <h3>Der Hauptteil<\/h3>  <p>Der Hauptteil Ihres Motivationsschreibens sollte aus mehreren Abs\u00e4tzen bestehen, in denen Sie Ihre Motivation, Ihre pers\u00f6nlichen Erfahrungen und Ihre relevanten F\u00e4higkeiten und Kompetenzen im Detail erkl\u00e4ren.<\/p>  <h4>Motivation und Interesse<\/h4>  <p>In diesem Abschnitt sollten Sie erl\u00e4utern, warum Sie sich f\u00fcr die Ergotherapie-Ausbildung interessieren und welche Motivation hinter Ihrer Entscheidung steht. Geben Sie konkrete Gr\u00fcnde an und erkl\u00e4ren Sie, wie Sie auf die Ergotherapie aufmerksam geworden sind. Zeigen Sie Ihr Verst\u00e4ndnis f\u00fcr die Arbeit von Ergotherapeuten und wie Sie das Leben von Menschen verbessern m\u00f6chten. Vergessen Sie nicht, Ihre Leidenschaft f\u00fcr den Beruf zu betonen.<\/p>  <p><strong>Beispiel:<\/strong><\/p>  <p><em>Mein Interesse f\u00fcr die Ergotherapie hat sich \u00fcber die Jahre entwickelt, nachdem ich pers\u00f6nliche Erfahrungen mit diesem Bereich gemacht habe. Ich hatte das Privileg, ein Mitglied meiner Familie bei der Rehabilitation nach einem Schlaganfall zu unterst\u00fctzen. W\u00e4hrend dieser Zeit habe ich hautnah erlebt, wie Ergotherapie das Leben der Patienten verbessern kann. Die F\u00e4higkeit, Menschen dabei zu helfen, ihre Selbstst\u00e4ndigkeit und Lebensqualit\u00e4t zur\u00fcckzugewinnen, hat mich zutiefst beeindruckt und zu dem Entschluss gebracht, mich f\u00fcr eine Ausbildung zur Ergotherapeutin zu bewerben.<\/em><\/p>  <h4>Pers\u00f6nliche Erfahrungen<\/h4>  <p>In diesem Abschnitt sollten Sie Ihre pers\u00f6nlichen Erfahrungen in Bezug auf die Ergotherapie und den Umgang mit Patienten n\u00e4her erl\u00e4utern. Teilen Sie Situationen oder Erlebnisse, die Ihr Interesse an der Ergotherapie verst\u00e4rkt haben und zeigen Sie, wie Sie dabei wertvolle Erfahrungen gesammelt haben. Betonen Sie Ihre F\u00e4higkeit zur Empathie und zur effektiven Kommunikation mit unterschiedlichen Menschen.<\/p>  <p><strong>Beispiel:<\/strong><\/p>  <p><em>W\u00e4hrend meiner Schulzeit habe ich eine freiwillige T\u00e4tigkeit in einem Pflegeheim ausge\u00fcbt, wo ich eng mit \u00e4lteren Menschen zusammengearbeitet habe. In dieser Zeit habe ich gelernt, wie wichtig es ist, auf die individuellen Bed\u00fcrfnisse und Ziele jedes Einzelnen einzugehen. Diese Erfahrung hat meine \u00dcberzeugung gest\u00e4rkt, dass ich anderen Menschen bei der Wiedererlangung ihrer Selbstst\u00e4ndigkeit und Unabh\u00e4ngigkeit helfen m\u00f6chte, insbesondere im Bereich der Ergotherapie.<\/em><\/p>  <h4>Relevante F\u00e4higkeiten und Kompetenzen<\/h4>  <p>In diesem Abschnitt sollten Sie Ihre relevanten F\u00e4higkeiten und Kompetenzen f\u00fcr die Ergotherapie-Ausbildung beleuchten. Betonen Sie Ihre F\u00e4higkeit zur Teamarbeit, zur Zeitmanagement und Organisation sowie Ihre Bereitschaft, weiterhin zu lernen und sich weiterzuentwickeln. Erw\u00e4hnen Sie auch Ihre wissenschaftlichen F\u00e4higkeiten und Ihr Verst\u00e4ndnis f\u00fcr medizinische Grundlagen.<\/p>  <p><strong>Beispiel:<\/strong><\/p>  <p><em>Meine St\u00e4rken in der Teamarbeit und meiner F\u00e4higkeit zur effektiven Kommunikation haben mich bereits in verschiedenen beruflichen und akademischen Projekten ausgezeichnet. Zudem habe ich ein solides Verst\u00e4ndnis f\u00fcr medizinische Grundlagen und deren praktische Umsetzung. Ich bin auch bereit, durch die Teilnahme an Fortbildungen und dem Lesen von Fachliteratur kontinuierlich mein Wissen zu erweitern und meine F\u00e4higkeiten als Ergotherapeutin weiter zu entwickeln.<\/em><\/p>  <h3>Der Schluss<\/h3>  <p>Der Schluss Ihres Motivationsschreibens dient dazu, Ihre Begeisterung f\u00fcr die Ergotherapie-Ausbildung zusammenzufassen und Ihre Bereitschaft zur Zusammenarbeit auszudr\u00fccken. Sie k\u00f6nnen auch nochmals betonen, warum Sie sich f\u00fcr die Ausbildung an dieser bestimmten Einrichtung interessieren.<\/p>  <p><strong>Beispiel:<\/strong><\/p>  <p><em>Zusammenfassend m\u00f6chte ich betonen, dass ich gro\u00dfe Begeisterung und Leidenschaft f\u00fcr die Ergotherapie habe und ich fest davon \u00fcberzeugt bin, dass ich ein engagierter und einf\u00fchlsamer Ergotherapeut sein kann. Ich w\u00fcrde mich sehr freuen, Teil Ihres Ausbildungsprogramms zu sein und die M\u00f6glichkeiten zu nutzen, mich pers\u00f6nlich und beruflich weiterzuentwickeln. Ich bin \u00fcberzeugt, dass Ihre Einrichtung die perfekte Umgebung bietet, um meine beruflichen Ziele zu erreichen.<\/em><\/p>  <h3>Formale Gestaltung<\/h3>  <p>Bei der formalen Gestaltung Ihres Motivationsschreibens f\u00fcr die Ergotherapie-Ausbildung sollten Sie die folgenden Richtlinien beachten:<\/p>  <dl> <dt>&#8211; Schriftart:<\/dt> <dd>Verwenden Sie eine klare und gut lesbare Schriftart wie Arial oder Times New Roman.<\/dd> <dt>&#8211; Schriftgr\u00f6\u00dfe:<\/dt> <dd>Verwenden Sie eine Schriftgr\u00f6\u00dfe zwischen 10 und 12 Punkten.<\/dd> <dt>&#8211; Format:<\/dt> <dd>Ihr Motivationsschreiben sollte im normalen Textformat verfasst werden.<\/dd> <dt>&#8211; Abs\u00e4tze:<\/dt> <dd>Verwenden Sie Abs\u00e4tze, um Ihren Text \u00fcbersichtlich zu strukturieren und deutlich zu machen, wann Sie einen neuen Gedanken oder Abschnitt beginnen.<\/dd> <\/dl>  <h3>Aufbau eines effektiven Briefes<\/h3>  <p>Ein effektiver Brief umfasst die folgenden Aspekte:<\/p>  <dl> <dt>&#8211; K\u00fcrze:<\/dt> <dd>Halten Sie Ihren Brief pr\u00e4gnant und auf den Punkt. Vermeiden Sie es, unn\u00f6tige Informationen zu geben.<\/dd> <dt>&#8211; Klarheit:<\/dt> <dd>Formulieren Sie Ihre Gedanken klar und verst\u00e4ndlich. Vermeiden Sie komplexe Satzstrukturen und verwenden Sie klare und pr\u00e4zise Worte.<\/dd> <dt>&#8211; Positive Sprache:<\/dt> <dd>Verwenden Sie eine positive Sprache und betonen Sie Ihre St\u00e4rken und Qualit\u00e4ten.<\/dd> <dt>&#8211; Bezug auf die Ausbildungseinrichtung:<\/dt> <dd>Passen Sie Ihren Brief an die spezifische Ausbildungseinrichtung an und zeigen Sie, dass Sie sich mit der Einrichtung auseinandergesetzt haben.<\/dd> <\/dl>\r\n\r\n<\/div><\/div>\r\n\r\n<!-- wp:separator -->\r\n\r\n<hr class=\"wp-block-separator has-alpha-channel-opacity\" \/>","protected":false},"excerpt":{"rendered":"<p>Muster und Vorlage f\u00fcr Motivationsschreiben Ergotherapie Ausbildung &#8211; Ausf\u00fcllen und Erstellung &#8211; \u00d6ffnen im PDF und WORD Datei und Online &#8230; <\/p>\n<p class=\"read-more-container\"><a title=\"\u00d6ffnen &#8211; Motivationsschreiben Ergotherapie Ausbildung\" class=\"read-more button\" href=\"https:\/\/schreibenpro.com\/de\/motivationsschreiben-ergotherapie-ausbildung-offnen\/#more-613\" aria-label=\"Mehr zu \u00d6ffnen &#8211; Motivationsschreiben Ergotherapie Ausbildung\">\u00d6FFNEN <\/a><\/p>\n","protected":false},"author":1,"featured_media":0,"parent":0,"menu_order":0,"comment_status":"closed","ping_status":"closed","template":"","meta":{"footnotes":""},"class_list":{"0":"post-613","1":"page","2":"type-page","3":"status-publish","5":"infinite-scroll-item"},"yoast_head":"<!-- This site is optimized with the Yoast SEO plugin v24.6 - https:\/\/yoast.com\/wordpress\/plugins\/seo\/ -->\n<title>\u00d6ffnen - Motivationsschreiben Ergotherapie Ausbildung - Schreiben PRO<\/title>\n<meta name=\"robots\" content=\"noindex, follow\" \/>\n<meta property=\"og:locale\" content=\"de_DE\" \/>\n<meta property=\"og:type\" content=\"article\" \/>\n<meta property=\"og:title\" content=\"\u00d6ffnen - Motivationsschreiben Ergotherapie Ausbildung - Schreiben PRO\" \/>\n<meta property=\"og:description\" content=\"Muster und Vorlage f\u00fcr Motivationsschreiben Ergotherapie Ausbildung &#8211; Ausf\u00fcllen und Erstellung &#8211; \u00d6ffnen im PDF und WORD Datei und Online ... \u00d6FFNEN\" \/>\n<meta property=\"og:url\" content=\"https:\/\/schreibenpro.com\/de\/motivationsschreiben-ergotherapie-ausbildung-offnen\/\" \/>\n<meta property=\"og:site_name\" content=\"Schreiben PRO\" \/>\n<meta property=\"og:image\" content=\"https:\/\/schreibenpro.com\/de\/wp-content\/uploads\/motivationsschreiben-ergotherapie-ausbildung-muster-vorlage.jpg\" \/>\n<meta name=\"twitter:card\" content=\"summary_large_image\" \/>\n<meta name=\"twitter:label1\" content=\"Gesch\u00e4tzte Lesezeit\" \/>\n\t<meta name=\"twitter:data1\" content=\"1\u00a0Minute\" \/>\n<!-- \/ Yoast SEO plugin. -->","yoast_head_json":{"title":"\u00d6ffnen - Motivationsschreiben Ergotherapie Ausbildung - Schreiben PRO","robots":{"index":"noindex","follow":"follow"},"og_locale":"de_DE","og_type":"article","og_title":"\u00d6ffnen - Motivationsschreiben Ergotherapie Ausbildung - Schreiben PRO","og_description":"Muster und Vorlage f\u00fcr Motivationsschreiben Ergotherapie Ausbildung &#8211; Ausf\u00fcllen und Erstellung &#8211; \u00d6ffnen im PDF und WORD Datei und Online ... \u00d6FFNEN","og_url":"https:\/\/schreibenpro.com\/de\/motivationsschreiben-ergotherapie-ausbildung-offnen\/","og_site_name":"Schreiben PRO","og_image":[{"url":"https:\/\/schreibenpro.com\/de\/wp-content\/uploads\/motivationsschreiben-ergotherapie-ausbildung-muster-vorlage.jpg","type":"","width":"","height":""}],"twitter_card":"summary_large_image","twitter_misc":{"Gesch\u00e4tzte Lesezeit":"1\u00a0Minute"},"schema":{"@context":"https:\/\/schema.org","@graph":[{"@type":"WebPage","@id":"https:\/\/schreibenpro.com\/de\/motivationsschreiben-ergotherapie-ausbildung-offnen\/","url":"https:\/\/schreibenpro.com\/de\/motivationsschreiben-ergotherapie-ausbildung-offnen\/","name":"\u00d6ffnen - Motivationsschreiben Ergotherapie Ausbildung - Schreiben PRO","isPartOf":{"@id":"https:\/\/schreibenpro.com\/de\/#website"},"primaryImageOfPage":{"@id":"https:\/\/schreibenpro.com\/de\/motivationsschreiben-ergotherapie-ausbildung-offnen\/#primaryimage"},"image":{"@id":"https:\/\/schreibenpro.com\/de\/motivationsschreiben-ergotherapie-ausbildung-offnen\/#primaryimage"},"thumbnailUrl":"https:\/\/schreibenpro.com\/de\/wp-content\/uploads\/motivationsschreiben-ergotherapie-ausbildung-muster-vorlage.jpg","datePublished":"2023-12-18T08:25:00+00:00","breadcrumb":{"@id":"https:\/\/schreibenpro.com\/de\/motivationsschreiben-ergotherapie-ausbildung-offnen\/#breadcrumb"},"inLanguage":"de","potentialAction":[{"@type":"ReadAction","target":["https:\/\/schreibenpro.com\/de\/motivationsschreiben-ergotherapie-ausbildung-offnen\/"]}]},{"@type":"ImageObject","inLanguage":"de","@id":"https:\/\/schreibenpro.com\/de\/motivationsschreiben-ergotherapie-ausbildung-offnen\/#primaryimage","url":"https:\/\/schreibenpro.com\/de\/wp-content\/uploads\/anschreiben-zum-angebot-muster-vorlage.jpg","contentUrl":"https:\/\/schreibenpro.com\/de\/wp-content\/uploads\/anschreiben-zum-angebot-muster-vorlage.jpg","width":1410,"height":2250},{"@type":"BreadcrumbList","@id":"https:\/\/schreibenpro.com\/de\/motivationsschreiben-ergotherapie-ausbildung-offnen\/#breadcrumb","itemListElement":[{"@type":"ListItem","position":1,"name":"Portada","item":"https:\/\/schreibenpro.com\/de\/"},{"@type":"ListItem","position":2,"name":"\u00d6ffnen &#8211; Motivationsschreiben Ergotherapie Ausbildung"}]},{"@type":"WebSite","@id":"https:\/\/schreibenpro.com\/de\/#website","url":"https:\/\/schreibenpro.com\/de\/","name":"Schreiben PRO","description":"Muster und Vorlage","publisher":{"@id":"https:\/\/schreibenpro.com\/de\/#organization"},"potentialAction":[{"@type":"SearchAction","target":{"@type":"EntryPoint","urlTemplate":"https:\/\/schreibenpro.com\/de\/?s={search_term_string}"},"query-input":{"@type":"PropertyValueSpecification","valueRequired":true,"valueName":"search_term_string"}}],"inLanguage":"de"},{"@type":"Organization","@id":"https:\/\/schreibenpro.com\/de\/#organization","name":"Schreiben PRO","url":"https:\/\/schreibenpro.com\/de\/","logo":{"@type":"ImageObject","inLanguage":"de","@id":"https:\/\/schreibenpro.com\/de\/#\/schema\/logo\/image\/","url":"https:\/\/schreibenpro.com\/de\/wp-content\/uploads\/cropped-fav.png","contentUrl":"https:\/\/schreibenpro.com\/de\/wp-content\/uploads\/cropped-fav.png","width":512,"height":512,"caption":"Schreiben PRO"},"image":{"@id":"https:\/\/schreibenpro.com\/de\/#\/schema\/logo\/image\/"}}]}},"_links":{"self":[{"href":"https:\/\/schreibenpro.com\/de\/wp-json\/wp\/v2\/pages\/613","targetHints":{"allow":["GET"]}}],"collection":[{"href":"https:\/\/schreibenpro.com\/de\/wp-json\/wp\/v2\/pages"}],"about":[{"href":"https:\/\/schreibenpro.com\/de\/wp-json\/wp\/v2\/types\/page"}],"author":[{"embeddable":true,"href":"https:\/\/schreibenpro.com\/de\/wp-json\/wp\/v2\/users\/1"}],"replies":[{"embeddable":true,"href":"https:\/\/schreibenpro.com\/de\/wp-json\/wp\/v2\/comments?post=613"}],"version-history":[{"count":0,"href":"https:\/\/schreibenpro.com\/de\/wp-json\/wp\/v2\/pages\/613\/revisions"}],"wp:attachment":[{"href":"https:\/\/schreibenpro.com\/de\/wp-json\/wp\/v2\/media?parent=613"}],"curies":[{"name":"wp","href":"https:\/\/api.w.org\/{rel}","templated":true}]}}