{"id":614,"date":"2023-12-18T08:25:00","date_gmt":"2023-12-18T08:25:00","guid":{"rendered":"https:\/\/schreibenpro.com\/de\/schreiben-unfallbericht-verkehrsunfall-offnen\/"},"modified":"2023-12-18T08:25:00","modified_gmt":"2023-12-18T08:25:00","slug":"schreiben-unfallbericht-verkehrsunfall-offnen","status":"publish","type":"page","link":"https:\/\/schreibenpro.com\/de\/schreiben-unfallbericht-verkehrsunfall-offnen\/","title":{"rendered":"\u00d6ffnen &#8211; Schreiben Unfallbericht Verkehrsunfall"},"content":{"rendered":"\r\n<p class=\"has-text-align-center\">Muster und Vorlage f\u00fcr <strong> Schreiben Unfallbericht Verkehrsunfall<\/strong> &#8211; Ausf\u00fcllen und Erstellung  &#8211; \u00d6ffnen im <strong>PDF WORD<\/strong> Datei und Online<\/p>\r\n\r\n\r\n\r\n\r\n<div class=\"wp-block-image\">\r\n<figure class=\"aligncenter size-large is-resized\"><img loading=\"lazy\" decoding=\"async\" class=\"wp-image-215\" src=\"https:\/\/schreibenpro.com\/de\/wp-content\/uploads\/schreiben-unfallbericht-verkehrsunfall-muster-vorlage.jpg\" alt=\"\" width=\"245\" height=\"391\" \/><\/figure>\r\n<\/div>\r\n\r\n\r\n\r\n<hr class=\"wp-block-separator has-alpha-channel-opacity\" \/>\r\n\r\n\r\n\r\n\r\n\r\n<div class=\"su-note\"  style=\"border-color:#e5e5e5;border-radius:10px;-moz-border-radius:10px;-webkit-border-radius:10px;\"><div class=\"su-note-inner su-u-clearfix su-u-trim\" style=\"background-color:#FFFFFF;border-color:#ffffff;color:#333333;border-radius:10px;-moz-border-radius:10px;-webkit-border-radius:10px;\">\r\n\r\n<section id=\"specialParagraph\"><p><strong>Einf\u00fchrung:<\/strong><\/p>  <p>Sehr geehrte Damen und Herren,<\/p>  <p>hiermit m\u00f6chte ich Ihnen einen detaillierten Bericht \u00fcber den Verkehrsunfall am 15. Mai 2021 um 14:30 Uhr auf der Kreuzung von Hauptstra\u00dfe und Nebenstra\u00dfe in unserer Stadt vorlegen. Dieser Bericht soll alle relevanten Informationen zu dem Unfall enthalten und Ihnen als Grundlage f\u00fcr weitere Untersuchungen dienen.<\/p>  <p><strong>Unfallbeschreibung:<\/strong><\/p>  <p>Am genannten Datum und zu besagter Zeit befand ich mich auf der Hauptstra\u00dfe und beabsichtigte, die Kreuzung mit der Nebenstra\u00dfe zu \u00fcberqueren. Pl\u00f6tzlich fuhr ein schwarzer PKW, Marke XYZ, mit \u00fcberh\u00f6hter Geschwindigkeit aus der Nebenstra\u00dfe kommend in die Kreuzung ein. Der Fahrer des PKW missachtete dabei das Rotlicht der Ampel.<\/p>  <p><strong>Chronologische Ereignisse:<\/strong><\/p>  <ol> <li>Der PKW fuhr mit hoher Geschwindigkeit in die Kreuzung ein.<\/li> <li>Der Fahrer des PKW missachtete das Rotlicht der Ampel.<\/li> <li>Mein Fahrzeug befand sich bereits in der Kreuzung und konnte nicht mehr ausweichen.<\/li> <li>Es kam zur Kollision zwischen meinem Fahrzeug und dem PKW.<\/li> <\/ol>  <p><strong>Sch\u00e4den:<\/strong><\/p>  <p>Aufgrund des Zusammensto\u00dfes entstand an meinem Fahrzeug erheblicher Sachschaden. Die Frontpartie wurde stark besch\u00e4digt und die Airbags l\u00f6sten aus. Ebenso entstand ein Schaden an der Fahrert\u00fcr sowie am linken vorderen Kotfl\u00fcgel. Der PKW des Unfallverursachers erlitt einen Totalschaden.<\/p>  <p><strong>Verletzungen:<\/strong><\/p>  <p>Gl\u00fccklicherweise erlitt ich bei dem Unfall nur leichte Verletzungen, wie Prellungen und Sch\u00fcrfwunden. Der Unfallverursacher hingegen wurde schwer verletzt und musste ins Krankenhaus gebracht werden.<\/p>  <p><strong>Zeugen:<\/strong><\/p>  <p>Der Unfall wurde von mehreren Zeugen beobachtet, darunter zwei Fu\u00dfg\u00e4nger und der Fahrer eines entgegenkommenden Fahrzeugs. Ich habe ihre Namen, Adressen und Kontaktdaten notiert:<\/p>  <dl> <dt>Zeuge 1:<\/dt> <dd>Name: Max Mustermann<\/dd> <dd>Adresse: Musterstra\u00dfe 1, 12345 Musterstadt<\/dd> <dd>Kontakt: max.mustermann@example.com<\/dd> <br> <dt>Zeuge 2:<\/dt> <dd>Name: Anna Beispiel<\/dd> <dd>Adresse: Beispielweg 2, 54321 Beispielstadt<\/dd> <dd>Kontakt: anna.beispiel@example.com<\/dd> <br> <dt>Zeuge 3:<\/dt> <dd>Name: Erika Musterfrau<\/dd> <dd>Adresse: Musterweg 3, 54321 Musterstadt<\/dd> <dd>Kontakt: erika.musterfrau@example.com<\/dd> <\/dl>  <p><strong>Polizeibericht:<\/strong><\/p>  <p>Ich habe den Unfall unverz\u00fcglich der \u00f6rtlichen Polizeidienststelle gemeldet. Ein Polizeibeamter, Herr Schmidt, kam zur Unfallstelle und nahm den Vorfall auf. Er erstellte einen Unfallbericht mit folgenden Informationen:<\/p>  <ul> <li>Datum und Uhrzeit des Unfalls<\/li> <li>Ort des Unfalls<\/li> <li>Angaben zu den beteiligten Fahrzeugen<\/li> <li>Zeugenaussagen<\/li> <li>Unfallursache<\/li> <\/ul>  <p><strong>Schlussfolgerung:<\/strong><\/p>  <p>Aufgrund der genannten Informationen und des Unfallberichts kann zweifelsfrei festgestellt werden, dass der Unfallverursacher die Hauptverantwortung f\u00fcr den Verkehrsunfall tr\u00e4gt. Sein Fehlverhalten, wie das Missachten des Rotlichts, f\u00fchrte zu erheblichen Sch\u00e4den und Verletzungen. Ich bitte Sie, diesen Bericht als Grundlage f\u00fcr weitere Untersuchungen und Ma\u00dfnahmen zu verwenden.<\/p>  <p>Mit freundlichen Gr\u00fc\u00dfen,<\/p>  <p>Ihr Name<\/p><\/section><\/div><\/div>\r\n\r\n&nbsp;\r\n\r\n\r\n\r\n\r\n\r\n\r\n<p class=\"has-text-align-center\">Vorlage und Muster f\u00fcr <strong> Schreiben Unfallbericht Verkehrsunfall <\/strong> zur Erstellung und Anpassung im <strong>WORD<\/strong>\u2013 und <strong>PDF-Format<\/strong><\/p>\r\n\r\n\r\n<button id=\"generatePDF\">Erstellen (PDF &#8211; WORD)<\/button>\r\n\r\n\r\n\r\n<hr class=\"wp-block-separator has-alpha-channel-opacity\" \/>\r\n\r\n\r\n\r\n<p style=\"text-align: center;\"><strong>Schreiben Unfallbericht Verkehrsunfall<\/strong><\/p>\r\n\r\n<div class=\"wp-block-columns is-layout-flex wp-container-core-columns-is-layout-9d6595d7 wp-block-columns-is-layout-flex\">\r\n\r\n\r\n<div class=\"wp-block-column is-layout-flow wp-block-column-is-layout-flow\"><div class=\"su-button-center\"><a href=\"https:\/\/www2.klett.de\/sixcms\/media.php\/229\/316013_so_12.pdf\" class=\"su-button su-button-style-flat\" style=\"color:#FFFFFF;background-color:#144bb6;border-color:#103c92;border-radius:1px\" target=\"_self\"><span style=\"color:#FFFFFF;padding:0px 24px;font-size:18px;line-height:36px;border-color:#5b81cc;border-radius:1px;text-shadow:none\">   PDF <\/span><\/a><\/div>\n<\/div>\r\n\r\n\r\n\r\n<div class=\"wp-block-column is-layout-flow wp-block-column-is-layout-flow\"><div class=\"su-button-center\"><a href=\"https:\/\/www.klugo.de\/images\/downloads\/verkehrsrecht\/muster-unfallbericht.docx\" class=\"su-button su-button-style-flat\" style=\"color:#FFFFFF;background-color:#144bb6;border-color:#103c92;border-radius:1px\" target=\"_self\"><span style=\"color:#FFFFFF;padding:0px 24px;font-size:18px;line-height:36px;border-color:#5b81cc;border-radius:1px;text-shadow:none\">   DOC<\/span><\/a><\/div>\n<\/div>\r\n\r\n\r\n<\/div>\r\n\r\n\r\n\r\n<p style=\"text-align: center;\"><strong>Beispiele<\/strong><\/p>\r\n\r\n<div class=\"wp-block-columns is-layout-flex wp-container-core-columns-is-layout-9d6595d7 wp-block-columns-is-layout-flex\">\r\n\r\n\r\n<div class=\"wp-block-column is-layout-flow wp-block-column-is-layout-flow\"><div class=\"su-button-center\"><a href=\"https:\/\/www.nafi.de\/dienstleistungen\/handbuecher\/Unfall.pdf\" class=\"su-button su-button-style-flat\" style=\"color:#FFFFFF;background-color:#144bb6;border-color:#103c92;border-radius:1px\" target=\"_self\"><span style=\"color:#FFFFFF;padding:0px 24px;font-size:18px;line-height:36px;border-color:#5b81cc;border-radius:1px;text-shadow:none\">  Beispiel &#8211; 1 <\/span><\/a><\/div>\n<\/div>\r\n\r\n\r\n\r\n<div class=\"wp-block-column is-layout-flow wp-block-column-is-layout-flow\"><div class=\"su-button-center\"><a href=\"https:\/\/assets.adac.de\/image\/upload\/v1612448978\/ADAC-eV\/KOR\/Text\/PDF\/unfallbericht-englisch_ooqqyp.pdf\" class=\"su-button su-button-style-flat\" style=\"color:#FFFFFF;background-color:#144bb6;border-color:#103c92;border-radius:1px\" target=\"_self\"><span style=\"color:#FFFFFF;padding:0px 24px;font-size:18px;line-height:36px;border-color:#5b81cc;border-radius:1px;text-shadow:none\">  Beispiel &#8211; 2 <\/span><\/a><\/div>\n<\/div>\r\n\r\n\r\n<\/div>\r\n\r\n\r\n<hr class=\"wp-block-separator has-alpha-channel-opacity\" \/>\r\n\r\n\r\n\r\n<div class=\"wp-block-columns is-layout-flex wp-container-core-columns-is-layout-9d6595d7 wp-block-columns-is-layout-flex\">\r\n\r\n\r\n<div class=\"wp-block-column is-layout-flow wp-block-column-is-layout-flow\"><div class=\"su-button-center\"><a href=\"https:\/\/www.auer-verlag.de\/media\/ntx\/auer\/sample\/07301_Musterseite.pdf\" class=\"su-button su-button-style-flat\" style=\"color:#FFFFFF;background-color:#144bb6;border-color:#103c92;border-radius:1px\" target=\"_self\"><span style=\"color:#FFFFFF;padding:0px 24px;font-size:18px;line-height:36px;border-color:#5b81cc;border-radius:1px;text-shadow:none\">  Beispiel &#8211; 3 <\/span><\/a><\/div>\n<\/div>\r\n\r\n\r\n\r\n<div class=\"wp-block-column is-layout-flow wp-block-column-is-layout-flow\"><div class=\"su-button-center\"><a href=\"https:\/\/www2.klett.de\/sixcms\/media.php\/229\/316013_so_12.pdf\" class=\"su-button su-button-style-flat\" style=\"color:#FFFFFF;background-color:#144bb6;border-color:#103c92;border-radius:1px\" target=\"_self\"><span style=\"color:#FFFFFF;padding:0px 24px;font-size:18px;line-height:36px;border-color:#5b81cc;border-radius:1px;text-shadow:none\">  Beispiel &#8211; 4 <\/span><\/a><\/div>\n<\/div>\r\n\r\n\r\n<\/div>\r\n\r\n\r\n<hr class=\"wp-block-separator has-alpha-channel-opacity\" \/>\r\n\r\n<!-- \/wp:post-content -->\r\n\r\n<!-- wp:table {\"align\":\"center\"} -->\r\n<figure class=\"wp-block-table aligncenter\">\r\n<table>\r\n<tbody>\r\n<tr>\r\n<td style=\"text-align: center;\">Schreiben Unfallbericht Verkehrsunfall<\/td>\r\n<\/tr>\r\n<tr>\r\n<td style=\"text-align: center;\">PDF &#8211; WORD Datei<\/td>\r\n<\/tr>\r\n<tr>\r\n<td style=\"text-align: center;\">Bewertung: \u2b50\u2b50\u2b50\u2b50\u2b50 4.22<\/td>\r\n<\/tr>\r\n<tr>\r\n<td style=\"text-align: center;\">Ergebnisse &#8211; 3650<\/td>\r\n<\/tr>\r\n<\/tbody>\r\n<\/table>\r\n<\/figure>\r\n<!-- \/wp:table -->\r\n\r\n<!-- wp:separator -->\r\n\r\n<hr class=\"wp-block-separator has-alpha-channel-opacity\" \/>\r\n\r\n<!-- \/wp:separator -->\r\n\r\n<div class=\"su-note\"  style=\"border-color:#e5e5e5;border-radius:10px;-moz-border-radius:10px;-webkit-border-radius:10px;\"><div class=\"su-note-inner su-u-clearfix su-u-trim\" style=\"background-color:#FFFFFF;border-color:#ffffff;color:#333333;border-radius:10px;-moz-border-radius:10px;-webkit-border-radius:10px;\">\r\n\r\n<p>Ein Unfallbericht ist ein wichtiges Dokument, das nach einem Verkehrsunfall erstellt wird, um den Vorfall zu dokumentieren. Er dient als Beweismittel bei Versicherungsanspr\u00fcchen, Gerichtsverfahren oder anderen rechtlichen Angelegenheiten. In dieser Anleitung werden wir Ihnen Schritt f\u00fcr Schritt zeigen, wie Sie einen effektiven Unfallbericht verfassen k\u00f6nnen.<\/p>  <h3>Schritt 1: Einleitung<\/h3> <p>Die Einleitung des Unfallberichts sollte enthalten:<\/p> <ol> <li>Das Datum und die Uhrzeit des Unfalls<\/li> <li>Den genauen Ort des Unfalls (Stra\u00dfenname, Kreuzung, etc.)<\/li> <li>Die Namen und Kontaktdaten von allen Beteiligten (Fahrer, Passagiere, Zeugen)<\/li> <\/ol> <p>In diesem Abschnitt sollten Sie au\u00dferdem Ihre eigene Position und Ihren Bezug zu dem Unfall angeben.<\/p>  <h3>Schritt 2: Beschreibung des Unfalls<\/h3> <p>In diesem Abschnitt sollten Sie eine detaillierte Beschreibung des Unfallhergangs liefern. Verwenden Sie klare und pr\u00e4zise Sprache, damit der Leser den Unfall nachvollziehen kann. Geben Sie an:<\/p> <ol> <li>Die Fahrtrichtung jedes beteiligten Fahrzeugs<\/li> <li>Die Geschwindigkeiten der Fahrzeuge<\/li> <li>Die genaue Art der Kollision (Aufprall von hinten, seitliche Kollision, etc.)<\/li> <li>Alle beteiligten Verkehrsschilder oder Ampeln<\/li> <\/ol> <p>Versuchen Sie, den Unfall aus neutraler Sicht zu beschreiben und keine Schuldzuweisungen vorzunehmen.<\/p>  <h3>Schritt 3: Verletzungen und Sch\u00e4den<\/h3> <p>In diesem Abschnitt sollten Sie alle Verletzungen oder Sch\u00e4den angeben, die als Folge des Unfalls aufgetreten sind. Ber\u00fccksichtigen Sie:<\/p> <ol> <li>K\u00f6rperliche Verletzungen der Beteiligten (Prellungen, Knochenbr\u00fcche, etc.)<\/li> <li>Sch\u00e4den an Fahrzeugen oder anderen Sachgegenst\u00e4nden<\/li> <li>Eventuelle medizinische Behandlungen, die nach dem Unfall notwendig waren<\/li> <\/ol> <p>Geben Sie auch an, ob und welche Ma\u00dfnahmen zur Hilfeleistung ergriffen wurden, wenn n\u00f6tig.<\/p>  <h3>Schritt 4: Polizeibericht und Zeugenaussagen<\/h3> <p>Wenn die Polizei am Unfallort war und einen Bericht erstellt hat, sollten Sie die entsprechenden Informationen hier angeben. F\u00fcgen Sie auch Zeugenaussagen hinzu, falls verf\u00fcgbar. Nennen Sie die Namen und Kontaktdaten der beteiligten Polizeibeamten und Zeugen.<\/p>  <h3>Schritt 5: Schluss<\/h3> <p>Im Schlussteil des Unfallberichts sollten Sie Ihre Kontaktdaten angeben und den Bericht unterschreiben. Sie k\u00f6nnen auch eine kurze des Geschehens geben und erw\u00e4hnen, dass Sie bereit sind, weitere Informationen zur Verf\u00fcgung zu stellen, falls n\u00f6tig. Vergessen Sie nicht, das Datum anzugeben.<\/p>  <h3>Formale Gestaltung und Aufbau eines effektiven Unfallberichts<\/h3> <p>Bei der formalen Gestaltung eines Unfallberichts sollten Sie folgende Punkte beachten:<\/p> <ol> <li>Verwenden Sie eine standardisierte Schriftart wie Arial oder Times New Roman.<\/li> <li>W\u00e4hlen Sie eine angemessene Schriftgr\u00f6\u00dfe (z.B. 12pt).<\/li> <li>Nummerieren Sie die einzelnen Abschnitte des Berichts, um eine klare Gliederung zu gew\u00e4hrleisten.<\/li> <li>Verwenden Sie fettgedruckte oder fett markierte \u00dcberschriften, um wichtige Abschnitte hervorzuheben.<\/li> <li>Verwenden Sie Abs\u00e4tze, um den Text \u00fcbersichtlich zu gliedern.<\/li> <li>Vermeiden Sie Schreibfehler und verwenden Sie eine korrekte Grammatik und Interpunktion.<\/li> <\/ol>  <h3>Beispiel eines Unfallberichts<\/h3> <p>Hier ist ein Beispiel f\u00fcr einen Unfallbericht nach einem Verkehrsunfall:<\/p>  <dl> <dt>Einleitung:<\/dt> <dd>Datum: 10. Oktober 2021<\/dd> <dd>Uhrzeit: 14:30 Uhr<\/dd> <dd>Ort: Kreuzung Main Street und Park Avenue<\/dd> <dd>Beteiligte: Fahrer A (John Doe), Fahrer B (Jane Smith), Zeuge (Peter Johnson)<\/dd>  <dt>Beschreibung des Unfalls:<\/dt> <dd>Fahrtrichtung: Fahrer A nach Norden auf der Main Street, Fahrer B nach Osten auf der Park Avenue<\/dd> <dd>Beide Fahrzeuge fuhren mit einer Geschwindigkeit von etwa 50 km\/h.<\/dd> <dd>Der Unfall ereignete sich, als Fahrer B die rote Ampel missachtete und in die Kreuzung einfuhr.<\/dd> <dd>Fahrzeug A konnte nicht mehr rechtzeitig bremsen und kollidierte mit der Fahrerseite von Fahrzeug B.<\/dd>  <dt>Verletzungen und Sch\u00e4den:<\/dt> <dd>Fahrer A erlitt Prellungen und wurde zur weiteren Untersuchung ins Krankenhaus gebracht.<\/dd> <dd>Der Fahrer B blieb unverletzt.<\/dd> <dd>Beide Fahrzeuge wurden erheblich besch\u00e4digt und waren nicht mehr fahrbereit.<\/dd>  <dt>Polizeibericht und Zeugenaussagen:<\/dt> <dd>Der Polizeibericht wurde erstellt und liegt als Anlage bei.<\/dd> <dd>Der Zeuge Peter Johnson best\u00e4tigte die oben genannten Informationen und gab eine schriftliche Aussage ab.<\/dd>  <dt>Schluss:<\/dt> <dd>Kontaktdaten des Fahrers A: John Doe, 123 Main Street, Musterstadt<\/dd> <dd>Unterschrift: John Doe<\/dd> <dd>Datum: 11. Oktober 2021<\/dd> <\/dl>  <p>Das war eine detaillierte Anleitung zum Verfassen eines Unfallberichts nach einem Verkehrsunfall. Denken Sie daran, bei der Erstellung des Berichts pr\u00e4zise und objektiv zu sein und alle relevanten Informationen einzubeziehen. <\/p>\r\n\r\n<\/div><\/div>\r\n\r\n<!-- wp:separator -->\r\n\r\n<hr class=\"wp-block-separator has-alpha-channel-opacity\" \/>","protected":false},"excerpt":{"rendered":"<p>Muster und Vorlage f\u00fcr Schreiben Unfallbericht Verkehrsunfall &#8211; Ausf\u00fcllen und Erstellung &#8211; \u00d6ffnen im PDF WORD Datei und Online &nbsp; &#8230; <\/p>\n<p class=\"read-more-container\"><a title=\"\u00d6ffnen &#8211; Schreiben Unfallbericht Verkehrsunfall\" class=\"read-more button\" href=\"https:\/\/schreibenpro.com\/de\/schreiben-unfallbericht-verkehrsunfall-offnen\/#more-614\" aria-label=\"Mehr zu \u00d6ffnen &#8211; Schreiben Unfallbericht Verkehrsunfall\">\u00d6FFNEN <\/a><\/p>\n","protected":false},"author":1,"featured_media":0,"parent":0,"menu_order":0,"comment_status":"closed","ping_status":"closed","template":"","meta":{"footnotes":""},"class_list":{"0":"post-614","1":"page","2":"type-page","3":"status-publish","5":"infinite-scroll-item"},"yoast_head":"<!-- This site is optimized with the Yoast SEO plugin v24.6 - https:\/\/yoast.com\/wordpress\/plugins\/seo\/ -->\n<title>\u00d6ffnen - Schreiben Unfallbericht Verkehrsunfall - Schreiben PRO<\/title>\n<meta name=\"robots\" content=\"noindex, follow\" \/>\n<meta property=\"og:locale\" content=\"de_DE\" \/>\n<meta property=\"og:type\" content=\"article\" \/>\n<meta property=\"og:title\" content=\"\u00d6ffnen - Schreiben Unfallbericht Verkehrsunfall - Schreiben PRO\" \/>\n<meta property=\"og:description\" content=\"Muster und Vorlage f\u00fcr Schreiben Unfallbericht Verkehrsunfall &#8211; Ausf\u00fcllen und Erstellung &#8211; \u00d6ffnen im PDF WORD Datei und Online &nbsp; ... \u00d6FFNEN\" \/>\n<meta property=\"og:url\" content=\"https:\/\/schreibenpro.com\/de\/schreiben-unfallbericht-verkehrsunfall-offnen\/\" \/>\n<meta property=\"og:site_name\" content=\"Schreiben PRO\" \/>\n<meta property=\"og:image\" content=\"https:\/\/schreibenpro.com\/de\/wp-content\/uploads\/schreiben-unfallbericht-verkehrsunfall-muster-vorlage.jpg\" \/>\n<meta name=\"twitter:card\" content=\"summary_large_image\" \/>\n<meta name=\"twitter:label1\" content=\"Gesch\u00e4tzte Lesezeit\" \/>\n\t<meta name=\"twitter:data1\" content=\"1\u00a0Minute\" \/>\n<!-- \/ Yoast SEO plugin. -->","yoast_head_json":{"title":"\u00d6ffnen - Schreiben Unfallbericht Verkehrsunfall - Schreiben PRO","robots":{"index":"noindex","follow":"follow"},"og_locale":"de_DE","og_type":"article","og_title":"\u00d6ffnen - Schreiben Unfallbericht Verkehrsunfall - Schreiben PRO","og_description":"Muster und Vorlage f\u00fcr Schreiben Unfallbericht Verkehrsunfall &#8211; Ausf\u00fcllen und Erstellung &#8211; \u00d6ffnen im PDF WORD Datei und Online &nbsp; ... \u00d6FFNEN","og_url":"https:\/\/schreibenpro.com\/de\/schreiben-unfallbericht-verkehrsunfall-offnen\/","og_site_name":"Schreiben PRO","og_image":[{"url":"https:\/\/schreibenpro.com\/de\/wp-content\/uploads\/schreiben-unfallbericht-verkehrsunfall-muster-vorlage.jpg","type":"","width":"","height":""}],"twitter_card":"summary_large_image","twitter_misc":{"Gesch\u00e4tzte Lesezeit":"1\u00a0Minute"},"schema":{"@context":"https:\/\/schema.org","@graph":[{"@type":"WebPage","@id":"https:\/\/schreibenpro.com\/de\/schreiben-unfallbericht-verkehrsunfall-offnen\/","url":"https:\/\/schreibenpro.com\/de\/schreiben-unfallbericht-verkehrsunfall-offnen\/","name":"\u00d6ffnen - Schreiben Unfallbericht Verkehrsunfall - Schreiben PRO","isPartOf":{"@id":"https:\/\/schreibenpro.com\/de\/#website"},"primaryImageOfPage":{"@id":"https:\/\/schreibenpro.com\/de\/schreiben-unfallbericht-verkehrsunfall-offnen\/#primaryimage"},"image":{"@id":"https:\/\/schreibenpro.com\/de\/schreiben-unfallbericht-verkehrsunfall-offnen\/#primaryimage"},"thumbnailUrl":"https:\/\/schreibenpro.com\/de\/wp-content\/uploads\/schreiben-unfallbericht-verkehrsunfall-muster-vorlage.jpg","datePublished":"2023-12-18T08:25:00+00:00","breadcrumb":{"@id":"https:\/\/schreibenpro.com\/de\/schreiben-unfallbericht-verkehrsunfall-offnen\/#breadcrumb"},"inLanguage":"de","potentialAction":[{"@type":"ReadAction","target":["https:\/\/schreibenpro.com\/de\/schreiben-unfallbericht-verkehrsunfall-offnen\/"]}]},{"@type":"ImageObject","inLanguage":"de","@id":"https:\/\/schreibenpro.com\/de\/schreiben-unfallbericht-verkehrsunfall-offnen\/#primaryimage","url":"https:\/\/schreibenpro.com\/de\/wp-content\/uploads\/anschreiben-zum-angebot-muster-vorlage.jpg","contentUrl":"https:\/\/schreibenpro.com\/de\/wp-content\/uploads\/anschreiben-zum-angebot-muster-vorlage.jpg","width":1410,"height":2250},{"@type":"BreadcrumbList","@id":"https:\/\/schreibenpro.com\/de\/schreiben-unfallbericht-verkehrsunfall-offnen\/#breadcrumb","itemListElement":[{"@type":"ListItem","position":1,"name":"Portada","item":"https:\/\/schreibenpro.com\/de\/"},{"@type":"ListItem","position":2,"name":"\u00d6ffnen &#8211; Schreiben Unfallbericht Verkehrsunfall"}]},{"@type":"WebSite","@id":"https:\/\/schreibenpro.com\/de\/#website","url":"https:\/\/schreibenpro.com\/de\/","name":"Schreiben PRO","description":"Muster und Vorlage","publisher":{"@id":"https:\/\/schreibenpro.com\/de\/#organization"},"potentialAction":[{"@type":"SearchAction","target":{"@type":"EntryPoint","urlTemplate":"https:\/\/schreibenpro.com\/de\/?s={search_term_string}"},"query-input":{"@type":"PropertyValueSpecification","valueRequired":true,"valueName":"search_term_string"}}],"inLanguage":"de"},{"@type":"Organization","@id":"https:\/\/schreibenpro.com\/de\/#organization","name":"Schreiben PRO","url":"https:\/\/schreibenpro.com\/de\/","logo":{"@type":"ImageObject","inLanguage":"de","@id":"https:\/\/schreibenpro.com\/de\/#\/schema\/logo\/image\/","url":"https:\/\/schreibenpro.com\/de\/wp-content\/uploads\/cropped-fav.png","contentUrl":"https:\/\/schreibenpro.com\/de\/wp-content\/uploads\/cropped-fav.png","width":512,"height":512,"caption":"Schreiben PRO"},"image":{"@id":"https:\/\/schreibenpro.com\/de\/#\/schema\/logo\/image\/"}}]}},"_links":{"self":[{"href":"https:\/\/schreibenpro.com\/de\/wp-json\/wp\/v2\/pages\/614","targetHints":{"allow":["GET"]}}],"collection":[{"href":"https:\/\/schreibenpro.com\/de\/wp-json\/wp\/v2\/pages"}],"about":[{"href":"https:\/\/schreibenpro.com\/de\/wp-json\/wp\/v2\/types\/page"}],"author":[{"embeddable":true,"href":"https:\/\/schreibenpro.com\/de\/wp-json\/wp\/v2\/users\/1"}],"replies":[{"embeddable":true,"href":"https:\/\/schreibenpro.com\/de\/wp-json\/wp\/v2\/comments?post=614"}],"version-history":[{"count":0,"href":"https:\/\/schreibenpro.com\/de\/wp-json\/wp\/v2\/pages\/614\/revisions"}],"wp:attachment":[{"href":"https:\/\/schreibenpro.com\/de\/wp-json\/wp\/v2\/media?parent=614"}],"curies":[{"name":"wp","href":"https:\/\/api.w.org\/{rel}","templated":true}]}}