{"id":620,"date":"2023-12-18T08:25:04","date_gmt":"2023-12-18T08:25:04","guid":{"rendered":"https:\/\/schreibenpro.com\/de\/schreiben-fur-arbeitgeber-weiterbildung-offnen\/"},"modified":"2023-12-18T08:25:04","modified_gmt":"2023-12-18T08:25:04","slug":"schreiben-fur-arbeitgeber-weiterbildung-offnen","status":"publish","type":"page","link":"https:\/\/schreibenpro.com\/de\/schreiben-fur-arbeitgeber-weiterbildung-offnen\/","title":{"rendered":"\u00d6ffnen &#8211; Schreiben F\u00fcr Arbeitgeber Weiterbildung"},"content":{"rendered":"\r\n<p class=\"has-text-align-center\">Muster und Vorlage f\u00fcr <strong> Schreiben F\u00fcr Arbeitgeber Weiterbildung<\/strong> &#8211; Erstellung und Ausf\u00fcllen &#8211; \u00d6ffnen im <strong>WORD  PDF<\/strong> Datei und Online<\/p>\r\n\r\n\r\n\r\n\r\n<div class=\"wp-block-image\">\r\n<figure class=\"aligncenter size-large is-resized\"><img loading=\"lazy\" decoding=\"async\" class=\"wp-image-215\" src=\"https:\/\/schreibenpro.com\/de\/wp-content\/uploads\/schreiben-fur-arbeitgeber-weiterbildung-muster-vorlage.jpg\" alt=\"\" width=\"245\" height=\"391\" \/><\/figure>\r\n<\/div>\r\n\r\n\r\n\r\n<hr class=\"wp-block-separator has-alpha-channel-opacity\" \/>\r\n\r\n\r\n\r\n\r\n\r\n<div class=\"su-note\"  style=\"border-color:#e5e5e5;border-radius:10px;-moz-border-radius:10px;-webkit-border-radius:10px;\"><div class=\"su-note-inner su-u-clearfix su-u-trim\" style=\"background-color:#FFFFFF;border-color:#ffffff;color:#333333;border-radius:10px;-moz-border-radius:10px;-webkit-border-radius:10px;\">\r\n\r\n<section id=\"specialParagraph\"><style> h1 { color: blue; text-align: center; } p { font-size: 14px; } strong { color: red; } dt { font-weight: bold; } <\/style>     <p><strong>Einleitung:<\/strong><\/p> <p>Sehr geehrter Herr\/Frau [Name des Arbeitgebers],<\/p> <p>ich schreibe Ihnen diesen Brief, um mein Interesse an einer Weiterbildung in meinem aktuellen Bereich auszudr\u00fccken. Ich bin der \u00dcberzeugung, dass eine kontinuierliche Weiterentwicklung meiner F\u00e4higkeiten und Kenntnisse f\u00fcr mich und das Unternehmen von gro\u00dfem Vorteil sein kann.<\/p>  <p><strong>Hauptteil:<\/strong><\/p> <p><strong>1. Beschreibung des aktuellen Kenntnisstandes:<\/strong><\/p> <p>Ich m\u00f6chte zun\u00e4chst meine derzeitigen F\u00e4higkeiten und Kenntnisse in meinem Berufsfeld beschreiben. Da ich seit [Anzahl der Jahre] Jahren in diesem Bereich t\u00e4tig bin, konnte ich umfangreiche Erfahrungen sammeln und mich fachlich weiterentwickeln. Ich beherrsche bereits [Auflistung der Kenntnisse]. Dennoch bin ich der Meinung, dass es immer Raum f\u00fcr Verbesserungen gibt und neue Entwicklungen zu ber\u00fccksichtigen sind. <\/p>  <p><strong>2. Bedeutung der Weiterbildung:<\/strong><\/p> <p>Die Gesch\u00e4ftswelt unterliegt einem st\u00e4ndigen Wandel, und es ist wichtig, auf dem neuesten Stand der aktuellen Trends und Technologien zu bleiben. Eine Weiterbildung w\u00fcrde mir erm\u00f6glichen, meine vorhandenen Kenntnisse zu vertiefen und neue F\u00e4higkeiten zu erlernen, die mich zu einem wertvolleren Mitarbeiter machen. Eine fortschrittliche Weiterbildung w\u00fcrde es mir au\u00dferdem erm\u00f6glichen, meine Verantwortungsbereiche im Unternehmen zu erweitern und zu \u00fcbernehmen.<\/p>  <p><strong>3. Vorgeschlagene Weiterbildung:<\/strong><\/p> <p>Nach gr\u00fcndlicher Recherche habe ich eine Weiterbildung identifiziert, die meinen Bed\u00fcrfnissen und Zielen am besten entspricht. Diese Weiterbildung umfasst [Beschreibung der Weiterbildung]. Ich glaube, dass der Erwerb dieser zus\u00e4tzlichen Kenntnisse und F\u00e4higkeiten meine berufliche Entwicklung erheblich verbessern w\u00fcrde und sich positiv auf das Unternehmen auswirken k\u00f6nnte.<\/p>  <p><strong>4. Vorteile f\u00fcr das Unternehmen:<\/strong><\/p> <p>Die Durchf\u00fchrung der vorgeschlagenen Weiterbildung w\u00fcrde nicht nur mein eigenes Wachstum unterst\u00fctzen, sondern auch dem Unternehmen zugute kommen. Durch den Erwerb neuer Kompetenzen k\u00f6nnte ich effektiver an Projekten arbeiten und neue L\u00f6sungsans\u00e4tze f\u00fcr Herausforderungen finden. Au\u00dferdem k\u00f6nnte ich mein Wissen mit anderen Mitarbeitern teilen und als interner Experte auftreten, was die Zusammenarbeit und Kommunikation im Team verbessern w\u00fcrde.<\/p>  <p><strong>5. Kosten und Zeitplan:<\/strong><\/p> <p>Im Hinblick auf den Kosten- und Zeitrahmen der Weiterbildung habe ich bereits ein Angebot eingeholt. Die Gesamtkosten der Weiterbildung belaufen sich auf [Betrag]. Der geplante Zeitrahmen der Weiterbildung betr\u00e4gt [Zeitraum]. Ich bin bereit, diese Kosten selbst zu tragen, oder wir k\u00f6nnten \u00fcber eine m\u00f6gliche Kostenbeteiligung des Unternehmens sprechen.<\/p>  <p><strong>6. Zusammenfassung und Bitte:<\/strong><\/p> <p>Ich bin fest davon \u00fcberzeugt, dass die von mir vorgeschlagene Weiterbildung sowohl f\u00fcr mich als auch f\u00fcr das Unternehmen von gro\u00dfem Nutzen sein wird. Daher bitte ich Sie, meine Bitte f\u00fcr die Teilnahme an dieser Weiterbildung zu ber\u00fccksichtigen. Ich glaube, dass durch meine kontinuierliche Weiterentwicklung meine Leistung und Effektivit\u00e4t im Unternehmen gesteigert wird.<\/p>  <p><strong>Schluss:<\/strong><\/p> <p>Ich bedanke mich im Voraus f\u00fcr Ihre Aufmerksamkeit und Ihre Unterst\u00fctzung in dieser Angelegenheit. Ich stehe Ihnen gerne zur Verf\u00fcgung, um weitere Informationen bereitzustellen oder eventuelle Fragen zu beantworten. Ich freue mich auf Ihre positive R\u00fcckmeldung.<\/p>  <p>Mit freundlichen Gr\u00fc\u00dfen,<\/p> [Ihr Name]<\/section><\/div><\/div>\r\n\r\n&nbsp;\r\n\r\n\r\n\r\n\r\n\r\n\r\n<p class=\"has-text-align-center\">Muster und Vorlage f\u00fcr <strong> Schreiben F\u00fcr Arbeitgeber Weiterbildung <\/strong> zur Anpassung und Erstellung  im <strong>WORD<\/strong>\u2013 und <strong>PDF-Format<\/strong><\/p>\r\n\r\n\r\n<button id=\"generatePDF\">Erstellen (PDF &#8211; WORD)<\/button>\r\n\r\n\r\n\r\n<hr class=\"wp-block-separator has-alpha-channel-opacity\" \/>\r\n\r\n\r\n\r\n<p style=\"text-align: center;\"><strong>Schreiben F\u00fcr Arbeitgeber Weiterbildung<\/strong><\/p>\r\n\r\n<div class=\"wp-block-columns is-layout-flex wp-container-core-columns-is-layout-9d6595d7 wp-block-columns-is-layout-flex\">\r\n\r\n\r\n<div class=\"wp-block-column is-layout-flow wp-block-column-is-layout-flow\"><div class=\"su-button-center\"><a href=\"https:\/\/www.dent-tax.de\/assets\/muster-fortbildungsvereinbarung.pdf\" class=\"su-button su-button-style-flat\" style=\"color:#FFFFFF;background-color:#144bb6;border-color:#103c92;border-radius:1px\" target=\"_self\"><span style=\"color:#FFFFFF;padding:0px 24px;font-size:18px;line-height:36px;border-color:#5b81cc;border-radius:1px;text-shadow:none\">   PDF <\/span><\/a><\/div>\n<\/div>\r\n\r\n\r\n\r\n<div class=\"wp-block-column is-layout-flow wp-block-column-is-layout-flow\"><div class=\"su-button-center\"><a href=\"https:\/\/www.baukaderschule-burgdorf.ch\/downloads\/downloads\/finanzierung-hoehere-berufsbildung\/145-v-17-09-19-muster-aus-und-weiterbildungsvereinbarung-mit-subjektfinanzierung-des-bundes-def-d\/file.html\" class=\"su-button su-button-style-flat\" style=\"color:#FFFFFF;background-color:#144bb6;border-color:#103c92;border-radius:1px\" target=\"_self\"><span style=\"color:#FFFFFF;padding:0px 24px;font-size:18px;line-height:36px;border-color:#5b81cc;border-radius:1px;text-shadow:none\">   DOC<\/span><\/a><\/div>\n<\/div>\r\n\r\n\r\n<\/div>\r\n\r\n\r\n\r\n<p style=\"text-align: center;\"><strong>Beispiele<\/strong><\/p>\r\n\r\n<div class=\"wp-block-columns is-layout-flex wp-container-core-columns-is-layout-9d6595d7 wp-block-columns-is-layout-flex\">\r\n\r\n\r\n<div class=\"wp-block-column is-layout-flow wp-block-column-is-layout-flow\"><div class=\"su-button-center\"><a href=\"https:\/\/www.dent-tax.de\/assets\/muster-fortbildungsvereinbarung.pdf\" class=\"su-button su-button-style-flat\" style=\"color:#FFFFFF;background-color:#144bb6;border-color:#103c92;border-radius:1px\" target=\"_self\"><span style=\"color:#FFFFFF;padding:0px 24px;font-size:18px;line-height:36px;border-color:#5b81cc;border-radius:1px;text-shadow:none\">  Beispiel &#8211; 1 <\/span><\/a><\/div>\n<\/div>\r\n\r\n\r\n\r\n<div class=\"wp-block-column is-layout-flow wp-block-column-is-layout-flow\"><div class=\"su-button-center\"><a href=\"https:\/\/ife-hamburg.de\/herunterladen\/antraege-und-formulare?download=145:kostenerstattung-bei-fortbildung\" class=\"su-button su-button-style-flat\" style=\"color:#FFFFFF;background-color:#144bb6;border-color:#103c92;border-radius:1px\" target=\"_self\"><span style=\"color:#FFFFFF;padding:0px 24px;font-size:18px;line-height:36px;border-color:#5b81cc;border-radius:1px;text-shadow:none\">  Beispiel &#8211; 2 <\/span><\/a><\/div>\n<\/div>\r\n\r\n\r\n<\/div>\r\n\r\n\r\n<hr class=\"wp-block-separator has-alpha-channel-opacity\" \/>\r\n\r\n\r\n\r\n<div class=\"wp-block-columns is-layout-flex wp-container-core-columns-is-layout-9d6595d7 wp-block-columns-is-layout-flex\">\r\n\r\n\r\n<div class=\"wp-block-column is-layout-flow wp-block-column-is-layout-flow\"><div class=\"su-button-center\"><a href=\"https:\/\/www.ihk.de\/blueprint\/servlet\/resource\/blob\/4568354\/4120a222afe4eb03f2b7b1b9f01fd878\/muster-taetigkeitsnachweis-data.pdf\" class=\"su-button su-button-style-flat\" style=\"color:#FFFFFF;background-color:#144bb6;border-color:#103c92;border-radius:1px\" target=\"_self\"><span style=\"color:#FFFFFF;padding:0px 24px;font-size:18px;line-height:36px;border-color:#5b81cc;border-radius:1px;text-shadow:none\">  Beispiel &#8211; 3 <\/span><\/a><\/div>\n<\/div>\r\n\r\n\r\n\r\n<div class=\"wp-block-column is-layout-flow wp-block-column-is-layout-flow\"><div class=\"su-button-center\"><a href=\"https:\/\/www.dent-tax.de\/assets\/muster-fortbildungsvereinbarung.pdf\" class=\"su-button su-button-style-flat\" style=\"color:#FFFFFF;background-color:#144bb6;border-color:#103c92;border-radius:1px\" target=\"_self\"><span style=\"color:#FFFFFF;padding:0px 24px;font-size:18px;line-height:36px;border-color:#5b81cc;border-radius:1px;text-shadow:none\">  Beispiel &#8211; 4 <\/span><\/a><\/div>\n<\/div>\r\n\r\n\r\n<\/div>\r\n\r\n\r\n<hr class=\"wp-block-separator has-alpha-channel-opacity\" \/>\r\n\r\n<!-- \/wp:post-content -->\r\n\r\n<!-- wp:table {\"align\":\"center\"} -->\r\n<figure class=\"wp-block-table aligncenter\">\r\n<table>\r\n<tbody>\r\n<tr>\r\n<td style=\"text-align: center;\">Schreiben F\u00fcr Arbeitgeber Weiterbildung<\/td>\r\n<\/tr>\r\n<tr>\r\n<td style=\"text-align: center;\">PDF &#8211; WORD Datei<\/td>\r\n<\/tr>\r\n<tr>\r\n<td style=\"text-align: center;\">Bewertung: \u2b50\u2b50\u2b50\u2b50\u2b50 4.24<\/td>\r\n<\/tr>\r\n<tr>\r\n<td style=\"text-align: center;\">Ergebnisse &#8211; 2348<\/td>\r\n<\/tr>\r\n<\/tbody>\r\n<\/table>\r\n<\/figure>\r\n<!-- \/wp:table -->\r\n\r\n<!-- wp:separator -->\r\n\r\n<hr class=\"wp-block-separator has-alpha-channel-opacity\" \/>\r\n\r\n<!-- \/wp:separator -->\r\n\r\n<div class=\"su-note\"  style=\"border-color:#e5e5e5;border-radius:10px;-moz-border-radius:10px;-webkit-border-radius:10px;\"><div class=\"su-note-inner su-u-clearfix su-u-trim\" style=\"background-color:#FFFFFF;border-color:#ffffff;color:#333333;border-radius:10px;-moz-border-radius:10px;-webkit-border-radius:10px;\">\r\n\r\n<h3>Inhaltsverzeichnis<\/h3> <ol> <li>Einleitung<\/li> <li>Hauptteil<\/li> <li>Schluss<\/li> <li>Formale Gestaltung<\/li> <li>Aufbau eines effektiven Briefes<\/li> <\/ol>  <h3>Einleitung<\/h3> <p>Eine Einleitung in einem Brief dient dazu, den Zweck und den Kontext des Schreibens zu erl\u00e4utern. Sie sollte h\u00f6flich und pr\u00e4zise formuliert sein und den Leser dazu animieren, den Brief weiterzulesen.<\/p>  <h4>Beispiel:<\/h4> <p><strong>Sehr geehrter Herr\/Frau [Vorname Nachname],<\/strong><\/p> <p>ich schreibe Ihnen diesen Brief, um meine Interesse an einer Weiterbildungsm\u00f6glichkeit innerhalb Ihrer Firma auszudr\u00fccken. Als langj\u00e4hriger Mitarbeiter sch\u00e4tze ich die M\u00f6glichkeit, mich weiterzuentwickeln und m\u00f6chte gerne mehr \u00fcber die angebotenen Weiterbildungen erfahren. In diesem Brief m\u00f6chte ich meine Motivation und Qualifikation f\u00fcr eine Weiterbildung darlegen.<\/p>  <h3>Hauptteil<\/h3> <p>Der Hauptteil eines Briefes dient dazu, den Leser \u00fcber die relevanten Informationen in Bezug auf die Weiterbildung zu informieren. Hier sollten Sie Ihre Motivation, Ihre Ziele und Ihre relevanten F\u00e4higkeiten und Erfahrungen darlegen.<\/p>  <h4>Beispiel:<\/h4> <p>Meine Motivation, an einer Weiterbildung teilzunehmen, gr\u00fcndet sich auf meinem Wunsch, meine F\u00e4higkeiten in [Bereich] weiterzuentwickeln und mein Wissen in diesem Bereich zu vertiefen. Ich habe bereits erste Erfahrungen in [relevanten F\u00e4higkeiten\/Projekten] gemacht und bin \u00fcberzeugt, dass eine Weiterbildung mir dabei helfen wird, meine Karriereziele zu erreichen. Die von Ihrer Firma angebotenen Weiterbildungen im Bereich [Bereich] scheinen mir besonders geeignet, da sie auf meine individuellen Bed\u00fcrfnisse zugeschnitten sind.<\/p>  <h3>Schluss<\/h3> <p>Im Schlussteil eines Briefes sollten Sie Ihre Dankbarkeit ausdr\u00fccken und den Leser dazu ermutigen, mit Ihnen Kontakt aufzunehmen, um weitere Informationen zu besprechen oder Fragen zu kl\u00e4ren.<\/p>  <h4>Beispiel:<\/h4> <p>Ich w\u00fcrde mich sehr freuen, wenn Sie meine Bewerbung f\u00fcr eine Weiterbildung in Betracht ziehen w\u00fcrden. F\u00fcr weitere Informationen stehe ich Ihnen gerne zur Verf\u00fcgung und freue mich auf ein pers\u00f6nliches Gespr\u00e4ch. Vielen Dank im Voraus f\u00fcr Ihre Aufmerksamkeit.<\/p> <p><strong>Mit freundlichen Gr\u00fc\u00dfen,<\/strong><\/p> [Ihr Name]  <h3>Formale Gestaltung<\/h3> <p>Bei der formalen Gestaltung eines Briefes sollten Sie darauf achten, dass Sie eine professionelle und gut lesbare Schrift verwenden. Eine standardisierte Formatierung und Abst\u00e4nde sind ebenfalls wichtig, um einen sauberen und \u00fcbersichtlichen Brief zu erstellen.<\/p>  <h4>Beispiel:<\/h4> <p><strong>[Ihr Name]<\/strong><\/p> [Ihre Adresse] [Datum] <p><strong>[Empf\u00e4nger-Name]<\/strong><\/p> [Empf\u00e4nger-Adresse] <p><strong>Betreff: [Thema des Schreibens]<\/strong><\/p>  <h3>Aufbau eines effektiven Briefes<\/h3> <p>Ein effektiver Brief folgt einem klaren Aufbau und stellt alle relevanten Informationen auf eine strukturierte und verst\u00e4ndliche Weise dar. Einige wichtige Aspekte, die Sie beachten sollten, sind:<\/p>  <dl> <dt>1. Betreffzeile<\/dt> <dd>Die Betreffzeile sollte das Thema des Schreibens klar und pr\u00e4gnant beschreiben, um dem Leser einen schnellen \u00dcberblick zu erm\u00f6glichen.<\/dd> <dt>2. Gru\u00dfanrede<\/dt> <dd>W\u00e4hlen Sie eine h\u00f6fliche und angemessene Gru\u00dfanrede, die den Leser korrekt anspricht.<\/dd> <dt>3. Einleitung<\/dt> <dd>Erkl\u00e4ren Sie den Zweck und den Kontext des Schreibens in einer pr\u00e4zisen und h\u00f6flichen Einleitung.<\/dd> <dt>4. Hauptteil<\/dt> <dd>Geben Sie alle relevanten Informationen, einschlie\u00dflich Ihrer Motivation, Ihrer F\u00e4higkeiten und Erfahrungen, in einem klaren und gut strukturierten Hauptteil wieder.<\/dd> <dt>5. Schluss<\/dt> <dd>Dr\u00fccken Sie Ihre Dankbarkeit aus und ermutigen Sie den Leser, mit Ihnen Kontakt aufzunehmen.<\/dd> <dt>6. Unterschrift<\/dt> <dd>Vergessen Sie nicht, Ihre Unterschrift am Ende des Briefes anzuf\u00fcgen.<\/dd> <\/dl>\r\n\r\n<\/div><\/div>\r\n\r\n<!-- wp:separator -->\r\n\r\n<hr class=\"wp-block-separator has-alpha-channel-opacity\" \/>","protected":false},"excerpt":{"rendered":"<p>Muster und Vorlage f\u00fcr Schreiben F\u00fcr Arbeitgeber Weiterbildung &#8211; Erstellung und Ausf\u00fcllen &#8211; \u00d6ffnen im WORD PDF Datei und Online &#8230; <\/p>\n<p class=\"read-more-container\"><a title=\"\u00d6ffnen &#8211; Schreiben F\u00fcr Arbeitgeber Weiterbildung\" class=\"read-more button\" href=\"https:\/\/schreibenpro.com\/de\/schreiben-fur-arbeitgeber-weiterbildung-offnen\/#more-620\" aria-label=\"Mehr zu \u00d6ffnen &#8211; Schreiben F\u00fcr Arbeitgeber Weiterbildung\">\u00d6FFNEN <\/a><\/p>\n","protected":false},"author":1,"featured_media":0,"parent":0,"menu_order":0,"comment_status":"closed","ping_status":"closed","template":"","meta":{"footnotes":""},"class_list":{"0":"post-620","1":"page","2":"type-page","3":"status-publish","5":"infinite-scroll-item"},"yoast_head":"<!-- This site is optimized with the Yoast SEO plugin v24.6 - https:\/\/yoast.com\/wordpress\/plugins\/seo\/ -->\n<title>\u00d6ffnen - Schreiben F\u00fcr Arbeitgeber Weiterbildung - Schreiben PRO<\/title>\n<meta name=\"robots\" content=\"noindex, follow\" \/>\n<meta property=\"og:locale\" content=\"de_DE\" \/>\n<meta property=\"og:type\" content=\"article\" \/>\n<meta property=\"og:title\" content=\"\u00d6ffnen - Schreiben F\u00fcr Arbeitgeber Weiterbildung - Schreiben PRO\" \/>\n<meta property=\"og:description\" content=\"Muster und Vorlage f\u00fcr Schreiben F\u00fcr Arbeitgeber Weiterbildung &#8211; Erstellung und Ausf\u00fcllen &#8211; \u00d6ffnen im WORD PDF Datei und Online ... \u00d6FFNEN\" \/>\n<meta property=\"og:url\" content=\"https:\/\/schreibenpro.com\/de\/schreiben-fur-arbeitgeber-weiterbildung-offnen\/\" \/>\n<meta property=\"og:site_name\" content=\"Schreiben PRO\" \/>\n<meta property=\"og:image\" content=\"https:\/\/schreibenpro.com\/de\/wp-content\/uploads\/schreiben-fur-arbeitgeber-weiterbildung-muster-vorlage.jpg\" \/>\n<meta name=\"twitter:card\" content=\"summary_large_image\" \/>\n<meta name=\"twitter:label1\" content=\"Gesch\u00e4tzte Lesezeit\" \/>\n\t<meta name=\"twitter:data1\" content=\"1\u00a0Minute\" \/>\n<!-- \/ Yoast SEO plugin. -->","yoast_head_json":{"title":"\u00d6ffnen - Schreiben F\u00fcr Arbeitgeber Weiterbildung - Schreiben PRO","robots":{"index":"noindex","follow":"follow"},"og_locale":"de_DE","og_type":"article","og_title":"\u00d6ffnen - Schreiben F\u00fcr Arbeitgeber Weiterbildung - Schreiben PRO","og_description":"Muster und Vorlage f\u00fcr Schreiben F\u00fcr Arbeitgeber Weiterbildung &#8211; Erstellung und Ausf\u00fcllen &#8211; \u00d6ffnen im WORD PDF Datei und Online ... \u00d6FFNEN","og_url":"https:\/\/schreibenpro.com\/de\/schreiben-fur-arbeitgeber-weiterbildung-offnen\/","og_site_name":"Schreiben PRO","og_image":[{"url":"https:\/\/schreibenpro.com\/de\/wp-content\/uploads\/schreiben-fur-arbeitgeber-weiterbildung-muster-vorlage.jpg","type":"","width":"","height":""}],"twitter_card":"summary_large_image","twitter_misc":{"Gesch\u00e4tzte Lesezeit":"1\u00a0Minute"},"schema":{"@context":"https:\/\/schema.org","@graph":[{"@type":"WebPage","@id":"https:\/\/schreibenpro.com\/de\/schreiben-fur-arbeitgeber-weiterbildung-offnen\/","url":"https:\/\/schreibenpro.com\/de\/schreiben-fur-arbeitgeber-weiterbildung-offnen\/","name":"\u00d6ffnen - Schreiben F\u00fcr Arbeitgeber Weiterbildung - Schreiben PRO","isPartOf":{"@id":"https:\/\/schreibenpro.com\/de\/#website"},"primaryImageOfPage":{"@id":"https:\/\/schreibenpro.com\/de\/schreiben-fur-arbeitgeber-weiterbildung-offnen\/#primaryimage"},"image":{"@id":"https:\/\/schreibenpro.com\/de\/schreiben-fur-arbeitgeber-weiterbildung-offnen\/#primaryimage"},"thumbnailUrl":"https:\/\/schreibenpro.com\/de\/wp-content\/uploads\/schreiben-fur-arbeitgeber-weiterbildung-muster-vorlage.jpg","datePublished":"2023-12-18T08:25:04+00:00","breadcrumb":{"@id":"https:\/\/schreibenpro.com\/de\/schreiben-fur-arbeitgeber-weiterbildung-offnen\/#breadcrumb"},"inLanguage":"de","potentialAction":[{"@type":"ReadAction","target":["https:\/\/schreibenpro.com\/de\/schreiben-fur-arbeitgeber-weiterbildung-offnen\/"]}]},{"@type":"ImageObject","inLanguage":"de","@id":"https:\/\/schreibenpro.com\/de\/schreiben-fur-arbeitgeber-weiterbildung-offnen\/#primaryimage","url":"https:\/\/schreibenpro.com\/de\/wp-content\/uploads\/anschreiben-zum-angebot-muster-vorlage.jpg","contentUrl":"https:\/\/schreibenpro.com\/de\/wp-content\/uploads\/anschreiben-zum-angebot-muster-vorlage.jpg","width":1410,"height":2250},{"@type":"BreadcrumbList","@id":"https:\/\/schreibenpro.com\/de\/schreiben-fur-arbeitgeber-weiterbildung-offnen\/#breadcrumb","itemListElement":[{"@type":"ListItem","position":1,"name":"Portada","item":"https:\/\/schreibenpro.com\/de\/"},{"@type":"ListItem","position":2,"name":"\u00d6ffnen &#8211; Schreiben F\u00fcr Arbeitgeber Weiterbildung"}]},{"@type":"WebSite","@id":"https:\/\/schreibenpro.com\/de\/#website","url":"https:\/\/schreibenpro.com\/de\/","name":"Schreiben PRO","description":"Muster und Vorlage","publisher":{"@id":"https:\/\/schreibenpro.com\/de\/#organization"},"potentialAction":[{"@type":"SearchAction","target":{"@type":"EntryPoint","urlTemplate":"https:\/\/schreibenpro.com\/de\/?s={search_term_string}"},"query-input":{"@type":"PropertyValueSpecification","valueRequired":true,"valueName":"search_term_string"}}],"inLanguage":"de"},{"@type":"Organization","@id":"https:\/\/schreibenpro.com\/de\/#organization","name":"Schreiben PRO","url":"https:\/\/schreibenpro.com\/de\/","logo":{"@type":"ImageObject","inLanguage":"de","@id":"https:\/\/schreibenpro.com\/de\/#\/schema\/logo\/image\/","url":"https:\/\/schreibenpro.com\/de\/wp-content\/uploads\/cropped-fav.png","contentUrl":"https:\/\/schreibenpro.com\/de\/wp-content\/uploads\/cropped-fav.png","width":512,"height":512,"caption":"Schreiben PRO"},"image":{"@id":"https:\/\/schreibenpro.com\/de\/#\/schema\/logo\/image\/"}}]}},"_links":{"self":[{"href":"https:\/\/schreibenpro.com\/de\/wp-json\/wp\/v2\/pages\/620","targetHints":{"allow":["GET"]}}],"collection":[{"href":"https:\/\/schreibenpro.com\/de\/wp-json\/wp\/v2\/pages"}],"about":[{"href":"https:\/\/schreibenpro.com\/de\/wp-json\/wp\/v2\/types\/page"}],"author":[{"embeddable":true,"href":"https:\/\/schreibenpro.com\/de\/wp-json\/wp\/v2\/users\/1"}],"replies":[{"embeddable":true,"href":"https:\/\/schreibenpro.com\/de\/wp-json\/wp\/v2\/comments?post=620"}],"version-history":[{"count":0,"href":"https:\/\/schreibenpro.com\/de\/wp-json\/wp\/v2\/pages\/620\/revisions"}],"wp:attachment":[{"href":"https:\/\/schreibenpro.com\/de\/wp-json\/wp\/v2\/media?parent=620"}],"curies":[{"name":"wp","href":"https:\/\/api.w.org\/{rel}","templated":true}]}}