{"id":621,"date":"2023-12-18T08:25:04","date_gmt":"2023-12-18T08:25:04","guid":{"rendered":"https:\/\/schreibenpro.com\/de\/stellungnahme-polizei-schreiben-offnen\/"},"modified":"2023-12-18T08:25:04","modified_gmt":"2023-12-18T08:25:04","slug":"stellungnahme-polizei-schreiben-offnen","status":"publish","type":"page","link":"https:\/\/schreibenpro.com\/de\/stellungnahme-polizei-schreiben-offnen\/","title":{"rendered":"\u00d6ffnen &#8211; Stellungnahme Polizei Schreiben"},"content":{"rendered":"\r\n<p class=\"has-text-align-center\">Muster und Vorlage f\u00fcr <strong> Stellungnahme Polizei Schreiben<\/strong> &#8211; Ausf\u00fcllen und Erstellung  &#8211; \u00d6ffnen im <strong>WORD  PDF<\/strong> Datei und Online<\/p>\r\n\r\n\r\n\r\n\r\n<div class=\"wp-block-image\">\r\n<figure class=\"aligncenter size-large is-resized\"><img loading=\"lazy\" decoding=\"async\" class=\"wp-image-215\" src=\"https:\/\/schreibenpro.com\/de\/wp-content\/uploads\/stellungnahme-polizei-schreiben-muster-vorlage.jpg\" alt=\"\" width=\"245\" height=\"391\" \/><\/figure>\r\n<\/div>\r\n\r\n\r\n\r\n<hr class=\"wp-block-separator has-alpha-channel-opacity\" \/>\r\n\r\n\r\n\r\n\r\n\r\n<div class=\"su-note\"  style=\"border-color:#e5e5e5;border-radius:10px;-moz-border-radius:10px;-webkit-border-radius:10px;\"><div class=\"su-note-inner su-u-clearfix su-u-trim\" style=\"background-color:#FFFFFF;border-color:#ffffff;color:#333333;border-radius:10px;-moz-border-radius:10px;-webkit-border-radius:10px;\">\r\n\r\n<section id=\"specialParagraph\"><p><strong>Einf\u00fchrung:<\/strong><\/p> <p>Sehr geehrte Damen und Herren,<\/p> <p>hiermit m\u00f6chte ich Ihnen meine Stellungnahme zu dem Vorfall vom 12. Oktober 2021 geben, bei dem ich als Polizeibeamter im Einsatz war. In meiner Stellungnahme werde ich den Vorfall detailliert beschreiben und meine Wahrnehmungen, Handlungen und Entscheidungen darlegen. Ziel meiner Stellungnahme ist es, alle relevanten Informationen zur Verf\u00fcgung zu stellen, damit der Vorfall angemessen bewertet und analysiert werden kann.<\/p>  <p><strong>Vorfallbeschreibung:<\/strong><\/p> <p>Am 12. Oktober 2021 wurde ich um 15:30 Uhr zu einem Notruf in der XYZ-Stra\u00dfe gerufen. Der Notruf gab an, dass es zu einer Schl\u00e4gerei zwischen mehreren Personen gekommen sei. Bei meiner Ankunft am Tatort habe ich eine Gruppe von etwa zehn Personen gesehen, die sich lautstark stritt. Ich habe sofort versucht, die Situation zu beruhigen und die Konfliktparteien voneinander zu trennen.<\/p> <p>Nachdem ich die Lage unter Kontrolle gebracht hatte, habe ich begonnen, Zeugenaussagen aufzunehmen und die Personalien der Beteiligten zu erfassen. Dabei habe ich festgestellt, dass zwei der Personen leichte Verletzungen aufwiesen. Ich habe umgehend einen Krankenwagen gerufen, um ihnen medizinische Hilfe zukommen zu lassen. Anschlie\u00dfend habe ich die Personalien aller am Vorfall beteiligten Personen festgestellt und die Situation dokumentiert.<\/p> <p>W\u00e4hrend der Zeugenaussagen konnten zwei Augenzeugen identifiziert werden, die den Vorfall beobachtet hatten. Ich habe ihre Aussagen aufgenommen und sie gebeten, diese zu unterschreiben. Zus\u00e4tzlich habe ich Fotos vom Tatort gemacht, um Beweise f\u00fcr die zuk\u00fcnftige Ermittlung zu sichern.<\/p>  <p><strong>Bewertung und Entscheidungen:<\/strong><\/p> <p>Aufgrund der Aussagen der beteiligten Personen und meiner eigenen Beobachtungen halte ich es f\u00fcr wahrscheinlich, dass die Eskalation der Situation durch verbale Provokationen und Drohungen ausgel\u00f6st wurde. Es ist jedoch wichtig zu beachten, dass weitere Ermittlungen erforderlich sind, um die genauen Umst\u00e4nde des Vorfalls zu kl\u00e4ren.<\/p> <p>Basierend auf meiner Bewertung der Situation habe ich entschieden, dass die vor Ort anwesenden Personen keinen sofortigen Festnahmegrund darstellten. Stattdessen habe ich sie aufgefordert, Ruhe zu bewahren und ihre Konflikte auf friedliche Weise zu l\u00f6sen. Ich habe die Beteiligten zudem \u00fcber ihre Rechte und Pflichten belehrt und sie darauf hingewiesen, dass ihre Aussagen f\u00fcr die weiteren Ermittlungen von Bedeutung sein werden.<\/p>  <p><strong>Schlussfolgerung:<\/strong><\/p> <p>In meiner Stellungnahme habe ich den Vorfall vom 12. Oktober 2021 detailliert beschrieben und meine Wahrnehmungen, Handlungen und Entscheidungen erl\u00e4utert. Es ist wichtig zu betonen, dass meine Stellungnahme auf den Informationen basiert, die mir zum Zeitpunkt des Vorfalls zur Verf\u00fcgung standen. Weitere Ermittlungen k\u00f6nnen zu neuen Erkenntnissen f\u00fchren, die meine Darstellung erg\u00e4nzen oder ver\u00e4ndern k\u00f6nnten.<\/p> <p>Ich stehe f\u00fcr weitere Fragen und Erg\u00e4nzungen meiner Stellungnahme jederzeit zur Verf\u00fcgung.<\/p>  <p>Mit freundlichen Gr\u00fc\u00dfen,<\/p> <p>Ihr Name<\/p><\/section><\/div><\/div>\r\n\r\n&nbsp;\r\n\r\n\r\n\r\n\r\n\r\n\r\n<p class=\"has-text-align-center\">Vorlage und Muster f\u00fcr <strong> Stellungnahme Polizei Schreiben <\/strong> zur Anpassung und Erstellung  im <strong>WORD<\/strong>\u2013 und <strong>PDF-Format<\/strong><\/p>\r\n\r\n\r\n<button id=\"generatePDF\">Erstellen (PDF &#8211; WORD)<\/button>\r\n\r\n\r\n\r\n<hr class=\"wp-block-separator has-alpha-channel-opacity\" \/>\r\n\r\n\r\n\r\n<p style=\"text-align: center;\"><strong>Stellungnahme Polizei Schreiben<\/strong><\/p>\r\n\r\n<div class=\"wp-block-columns is-layout-flex wp-container-core-columns-is-layout-9d6595d7 wp-block-columns-is-layout-flex\">\r\n\r\n\r\n<div class=\"wp-block-column is-layout-flow wp-block-column-is-layout-flow\"><div class=\"su-button-center\"><a href=\"https:\/\/www.antidiskriminierungsstelle.de\/SharedDocs\/downloads\/DE\/publikationen\/Handbuch_Diskriminierungsschutz\/5.13_Strafanzeige_Beleidigung_Ausfuellhinweise.pdf?__blob=publicationFile&#038;v=2\" class=\"su-button su-button-style-flat\" style=\"color:#FFFFFF;background-color:#144bb6;border-color:#103c92;border-radius:1px\" target=\"_self\"><span style=\"color:#FFFFFF;padding:0px 24px;font-size:18px;line-height:36px;border-color:#5b81cc;border-radius:1px;text-shadow:none\">   PDF <\/span><\/a><\/div>\n<\/div>\r\n\r\n\r\n\r\n<div class=\"wp-block-column is-layout-flow wp-block-column-is-layout-flow\"><div class=\"su-button-center\"><a href=\"https:\/\/bildungsserver.berlin-brandenburg.de\/fileadmin\/bbb\/themen\/sprachbildung\/Lesen_und_Schreiben_Fachunterricht\/3_5_1_Die_Gerichtsverhandlung.docx\" class=\"su-button su-button-style-flat\" style=\"color:#FFFFFF;background-color:#144bb6;border-color:#103c92;border-radius:1px\" target=\"_self\"><span style=\"color:#FFFFFF;padding:0px 24px;font-size:18px;line-height:36px;border-color:#5b81cc;border-radius:1px;text-shadow:none\">   DOC<\/span><\/a><\/div>\n<\/div>\r\n\r\n\r\n<\/div>\r\n\r\n\r\n\r\n<p style=\"text-align: center;\"><strong>Beispiele<\/strong><\/p>\r\n\r\n<div class=\"wp-block-columns is-layout-flex wp-container-core-columns-is-layout-9d6595d7 wp-block-columns-is-layout-flex\">\r\n\r\n\r\n<div class=\"wp-block-column is-layout-flow wp-block-column-is-layout-flow\"><div class=\"su-button-center\"><a href=\"https:\/\/www.landtag.nrw.de\/portal\/WWW\/dokumentenarchiv\/Dokument?Id=MMST17\/645\" class=\"su-button su-button-style-flat\" style=\"color:#FFFFFF;background-color:#144bb6;border-color:#103c92;border-radius:1px\" target=\"_self\"><span style=\"color:#FFFFFF;padding:0px 24px;font-size:18px;line-height:36px;border-color:#5b81cc;border-radius:1px;text-shadow:none\">  Beispiel &#8211; 1 <\/span><\/a><\/div>\n<\/div>\r\n\r\n\r\n\r\n<div class=\"wp-block-column is-layout-flow wp-block-column-is-layout-flow\"><div class=\"su-button-center\"><a href=\"https:\/\/www.stadt-koeln.de\/mediaasset\/content\/pdf57\/lap_auszug_antwort_polizei_koeln.pdf\" class=\"su-button su-button-style-flat\" style=\"color:#FFFFFF;background-color:#144bb6;border-color:#103c92;border-radius:1px\" target=\"_self\"><span style=\"color:#FFFFFF;padding:0px 24px;font-size:18px;line-height:36px;border-color:#5b81cc;border-radius:1px;text-shadow:none\">  Beispiel &#8211; 2 <\/span><\/a><\/div>\n<\/div>\r\n\r\n\r\n<\/div>\r\n\r\n\r\n<hr class=\"wp-block-separator has-alpha-channel-opacity\" \/>\r\n\r\n\r\n\r\n<div class=\"wp-block-columns is-layout-flex wp-container-core-columns-is-layout-9d6595d7 wp-block-columns-is-layout-flex\">\r\n\r\n\r\n<div class=\"wp-block-column is-layout-flow wp-block-column-is-layout-flow\"><div class=\"su-button-center\"><a href=\"https:\/\/volksanwaltschaft.gv.at\/downloads\/72sch\/Stellungnahme%20Angebot%20zur%20Unterst%C3%BCtzung%20bei%20der%20Polizei.pdf\" class=\"su-button su-button-style-flat\" style=\"color:#FFFFFF;background-color:#144bb6;border-color:#103c92;border-radius:1px\" target=\"_self\"><span style=\"color:#FFFFFF;padding:0px 24px;font-size:18px;line-height:36px;border-color:#5b81cc;border-radius:1px;text-shadow:none\">  Beispiel &#8211; 3 <\/span><\/a><\/div>\n<\/div>\r\n\r\n\r\n\r\n<div class=\"wp-block-column is-layout-flow wp-block-column-is-layout-flow\"><div class=\"su-button-center\"><a href=\"https:\/\/www.antidiskriminierungsstelle.de\/SharedDocs\/downloads\/DE\/publikationen\/Handbuch_Diskriminierungsschutz\/5.13_Strafanzeige_Beleidigung_Ausfuellhinweise.pdf?__blob=publicationFile&#038;v=2\" class=\"su-button su-button-style-flat\" style=\"color:#FFFFFF;background-color:#144bb6;border-color:#103c92;border-radius:1px\" target=\"_self\"><span style=\"color:#FFFFFF;padding:0px 24px;font-size:18px;line-height:36px;border-color:#5b81cc;border-radius:1px;text-shadow:none\">  Beispiel &#8211; 4 <\/span><\/a><\/div>\n<\/div>\r\n\r\n\r\n<\/div>\r\n\r\n\r\n<hr class=\"wp-block-separator has-alpha-channel-opacity\" \/>\r\n\r\n<!-- \/wp:post-content -->\r\n\r\n<!-- wp:table {\"align\":\"center\"} -->\r\n<figure class=\"wp-block-table aligncenter\">\r\n<table>\r\n<tbody>\r\n<tr>\r\n<td style=\"text-align: center;\">Stellungnahme Polizei Schreiben<\/td>\r\n<\/tr>\r\n<tr>\r\n<td style=\"text-align: center;\">PDF &#8211; WORD Datei<\/td>\r\n<\/tr>\r\n<tr>\r\n<td style=\"text-align: center;\">Bewertung: \u2b50\u2b50\u2b50\u2b50\u2b50 4.27<\/td>\r\n<\/tr>\r\n<tr>\r\n<td style=\"text-align: center;\">Ergebnisse &#8211; 4041<\/td>\r\n<\/tr>\r\n<\/tbody>\r\n<\/table>\r\n<\/figure>\r\n<!-- \/wp:table -->\r\n\r\n<!-- wp:separator -->\r\n\r\n<hr class=\"wp-block-separator has-alpha-channel-opacity\" \/>\r\n\r\n<!-- \/wp:separator -->\r\n\r\n<div class=\"su-note\"  style=\"border-color:#e5e5e5;border-radius:10px;-moz-border-radius:10px;-webkit-border-radius:10px;\"><div class=\"su-note-inner su-u-clearfix su-u-trim\" style=\"background-color:#FFFFFF;border-color:#ffffff;color:#333333;border-radius:10px;-moz-border-radius:10px;-webkit-border-radius:10px;\">\r\n\r\n<p>Ein Stellungnahme Polizei Schreiben ist ein wichtiger schriftlicher Ausdruck Ihrer Sichtweise oder Erkl\u00e4rung zu einer bestimmten polizeilichen Angelegenheit. Es soll sachlich, pr\u00e4zise und klar aufgebaut sein, um die gew\u00fcnschten Informationen effektiv zu kommunizieren. In dieser Anleitung werden wir die Schritte und Bestandteile eines solchen Schreibens detailliert erkl\u00e4ren und Ihnen Tipps und Beispiele geben, wie Sie einen effektiven Brief verfassen k\u00f6nnen.<\/p>  <h3>Einleitung<\/h3> <p>Die Einleitung ist der erste Abschnitt Ihres Stellungnahme Polizei Schreibens und dient dazu, den Zweck und den Kontext Ihrer Stellungnahme klar zu machen. Hier sollten Sie angeben, warum Sie sich dazu entschieden haben, eine Stellungnahme abzugeben und um welche Angelegenheit oder Vorfall es sich handelt. Folgende Informationen k\u00f6nnen Sie in der Einleitung angeben:<\/p> <ul> <li>Ihren Namen und Ihre Kontaktdaten<\/li> <li>Datum und Ort des Vorfalls<\/li> <li>Eine kurze Beschreibung des Vorfalls und der Gr\u00fcnde f\u00fcr Ihre Stellungnahme<\/li> <\/ul> <p>Ein Beispiel f\u00fcr eine Einleitung k\u00f6nnte wie folgt aussehen:<\/p> <blockquote> <p>Sehr geehrter Herr\/Frau [Name des Polizeibeamten],<\/p> <p>hiermit m\u00f6chte ich gerne eine Stellungnahme zu dem Vorfall vom [Datum] am [Ort des Vorfalls] abgeben. Ich wurde an diesem Tag Zeuge eines Diebstahls und m\u00f6chte meine Beobachtungen und Informationen mit Ihnen teilen.<\/p> <\/blockquote>  <h3>Hauptteil<\/h3> <p>Im Hauptteil Ihres Stellungnahme Polizei Schreibens sollten Sie alle relevanten Informationen, Beobachtungen und Fakten pr\u00e4sentieren, die zur Kl\u00e4rung des Vorfalls beitragen k\u00f6nnten. Es ist wichtig, Ihre Aussagen klar und pr\u00e4zise zu formulieren und sie mit konkreten Beweisen oder Zeugenaussagen zu untermauern, falls Sie welche haben. Hier sind einige Punkte, die im Hauptteil behandelt werden k\u00f6nnen:<\/p> <ul> <li>Eine detaillierte Beschreibung des Vorfalls, einschlie\u00dflich des genauen Zeitpunkts und Orts<\/li> <li>Alle beobachteten Handlungen, Personen oder Fahrzeuge, die mit dem Vorfall in Verbindung stehen k\u00f6nnten<\/li> <li>Namen und Kontaktdaten von Zeugen, falls vorhanden<\/li> <li>Andere relevante Informationen, wie zum Beispiel vorherige Vorf\u00e4lle oder verd\u00e4chtige Aktivit\u00e4ten in der Umgebung<\/li> <\/ul> <p>Verwenden Sie beim Schreiben des Hauptteils klare und deutliche Sprache, um Missverst\u00e4ndnisse zu vermeiden. Halten Sie sich an die Fakten und machen Sie keine Annahmen oder unbelegte Spekulationen. Hier ist ein Beispiel f\u00fcr einen Hauptteil:<\/p> <blockquote> <p>Am [Datum] um [Uhrzeit] befand ich mich am [Ort des Vorfalls]. Ich habe beobachtet, wie eine Person mit schwarzer Kleidung und einer Baseballm\u00fctze aus einem Gesch\u00e4ft kam und sich verd\u00e4chtig verhielt. Die Person ist dann schnell in ein schwarzes Fahrzeug gestiegen, das das Kennzeichen [Kennzeichen] hatte. Ich habe sofort die Polizei informiert und alles beobachtet, bis das Fahrzeug au\u00dfer Sichtweite war.<\/p> <p>Des Weiteren gibt es mindestens zwei weitere Zeugen, die den Vorfall ebenfalls beobachtet haben. Ihre Namen und Kontaktdaten lauten wie folgt:<\/p> <ul> <li>Zeuge 1: Name &#8211; [Name], Telefonnummer &#8211; [Telefonnummer]<\/li> <li>Zeuge 2: Name &#8211; [Name], Telefonnummer &#8211; [Telefonnummer]<\/li> <\/ul> <\/blockquote>  <h3>Schluss<\/h3> <p>Im Schlussteil Ihres Stellungnahme Polizei Schreibens k\u00f6nnen Sie noch einmal Ihre Bereitschaft betonen, bei weiteren Ermittlungen behilflich zu sein oder weitere Informationen zur Verf\u00fcgung zu stellen. Bedanken Sie sich h\u00f6flich f\u00fcr die Aufmerksamkeit und die Bearbeitung Ihrer Stellungnahme. Geben Sie abschlie\u00dfend erneut Ihre Kontaktdaten an, damit die Polizei Sie erreichen kann, falls weitere Fragen auftauchen sollten. Hier ist ein Beispiel f\u00fcr einen Schlussteil:<\/p> <blockquote> <p>IIn Anbetracht der Wichtigkeit der Aufkl\u00e4rung dieses Vorfalls stehe ich gerne weiterhin zur Verf\u00fcgung, um bei etwaigen Ermittlungen behilflich zu sein oder weitere Informationen bereitzustellen. Ich bedanke mich schon im Voraus f\u00fcr Ihre Bem\u00fchungen und stehe Ihnen unter den angegebenen Kontaktdaten zur Verf\u00fcgung.<\/p> <p>Mit freundlichen Gr\u00fc\u00dfen,<\/p> [Ihr Name] [Ihre Adresse] [Ihre Telefonnummer] [Ihre E-Mail-Adresse] <\/blockquote>  <h3>Wichtige \u00dcberlegungen zur formalen Gestaltung<\/h3> <p>Bei der formalen Gestaltung eines Stellungnahme Polizei Schreibens ist es wichtig, bestimmte Regeln und Formatierungen einzuhalten. Hier sind einige wichtige \u00dcberlegungen zur formalen Gestaltung:<\/p> <dl> <dt>Schreibweise und Grammatik<\/dt> <dd>Halten Sie sich an die allgemeinen Regeln der Rechtschreibung und Grammatik. Korrigieren Sie Tippfehler und achten Sie auf die korrekte Verwendung von Gro\u00df- und Kleinschreibung.<\/dd> <dt>Fotokopien und Anh\u00e4nge<\/dt> <dd>Verwenden Sie keine Fotokopien oder Anh\u00e4nge in Ihrem Stellungnahme Polizei Schreiben, es sei denn, dies wird ausdr\u00fccklich angefordert.<\/dd> <dt>Unterschrift<\/dt> <dd>Vergessen Sie nicht, das Schreiben handschriftlich zu unterschreiben, um die Authentizit\u00e4t und Verbindlichkeit Ihrer Stellungnahme zu gew\u00e4hrleisten.<\/dd> <dt>\u00dcbersichtlichkeit<\/dt> <dd>Sorgen Sie f\u00fcr eine klare und \u00fcbersichtliche Formatierung des Schreibens. Verwenden Sie Abs\u00e4tze, \u00dcberschriften und Nummerierungen, um den Text zu strukturieren und es dem Leser leichter zu machen, Ihre Aussagen nachzuvollziehen.<\/dd> <\/dl>  <p>Das Verfassen eines Stellungnahme Polizei Schreibens erfordert Sorgfalt, Genauigkeit und ein strukturiertes Vorgehen. Mit den oben genannten Tipps und Beispielen hoffen wir, Ihnen eine hilfreiche Anleitung gegeben zu haben, um effektive Stellungnahmen zu schreiben. Beachten Sie immer die spezifischen Anforderungen und Vorgaben Ihrer \u00f6rtlichen Polizeibeh\u00f6rde und passen Sie Ihre Stellungnahme entsprechend an. Viel Erfolg bei der Erstellung Ihres Stellungnahme Polizei Schreibens!<\/p>\r\n\r\n<\/div><\/div>\r\n\r\n<!-- wp:separator -->\r\n\r\n<hr class=\"wp-block-separator has-alpha-channel-opacity\" \/>","protected":false},"excerpt":{"rendered":"<p>Muster und Vorlage f\u00fcr Stellungnahme Polizei Schreiben &#8211; Ausf\u00fcllen und Erstellung &#8211; \u00d6ffnen im WORD PDF Datei und Online &nbsp; &#8230; <\/p>\n<p class=\"read-more-container\"><a title=\"\u00d6ffnen &#8211; Stellungnahme Polizei Schreiben\" class=\"read-more button\" href=\"https:\/\/schreibenpro.com\/de\/stellungnahme-polizei-schreiben-offnen\/#more-621\" aria-label=\"Mehr zu \u00d6ffnen &#8211; Stellungnahme Polizei Schreiben\">\u00d6FFNEN <\/a><\/p>\n","protected":false},"author":1,"featured_media":0,"parent":0,"menu_order":0,"comment_status":"closed","ping_status":"closed","template":"","meta":{"footnotes":""},"class_list":{"0":"post-621","1":"page","2":"type-page","3":"status-publish","5":"infinite-scroll-item"},"yoast_head":"<!-- This site is optimized with the Yoast SEO plugin v24.6 - https:\/\/yoast.com\/wordpress\/plugins\/seo\/ -->\n<title>\u00d6ffnen - Stellungnahme Polizei Schreiben - Schreiben PRO<\/title>\n<meta name=\"robots\" content=\"noindex, follow\" \/>\n<meta property=\"og:locale\" content=\"de_DE\" \/>\n<meta property=\"og:type\" content=\"article\" \/>\n<meta property=\"og:title\" content=\"\u00d6ffnen - Stellungnahme Polizei Schreiben - Schreiben PRO\" \/>\n<meta property=\"og:description\" content=\"Muster und Vorlage f\u00fcr Stellungnahme Polizei Schreiben &#8211; Ausf\u00fcllen und Erstellung &#8211; \u00d6ffnen im WORD PDF Datei und Online &nbsp; ... \u00d6FFNEN\" \/>\n<meta property=\"og:url\" content=\"https:\/\/schreibenpro.com\/de\/stellungnahme-polizei-schreiben-offnen\/\" \/>\n<meta property=\"og:site_name\" content=\"Schreiben PRO\" \/>\n<meta property=\"og:image\" content=\"https:\/\/schreibenpro.com\/de\/wp-content\/uploads\/stellungnahme-polizei-schreiben-muster-vorlage.jpg\" \/>\n<meta name=\"twitter:card\" content=\"summary_large_image\" \/>\n<meta name=\"twitter:label1\" content=\"Gesch\u00e4tzte Lesezeit\" \/>\n\t<meta name=\"twitter:data1\" content=\"1\u00a0Minute\" \/>\n<!-- \/ Yoast SEO plugin. -->","yoast_head_json":{"title":"\u00d6ffnen - Stellungnahme Polizei Schreiben - Schreiben PRO","robots":{"index":"noindex","follow":"follow"},"og_locale":"de_DE","og_type":"article","og_title":"\u00d6ffnen - Stellungnahme Polizei Schreiben - Schreiben PRO","og_description":"Muster und Vorlage f\u00fcr Stellungnahme Polizei Schreiben &#8211; Ausf\u00fcllen und Erstellung &#8211; \u00d6ffnen im WORD PDF Datei und Online &nbsp; ... \u00d6FFNEN","og_url":"https:\/\/schreibenpro.com\/de\/stellungnahme-polizei-schreiben-offnen\/","og_site_name":"Schreiben PRO","og_image":[{"url":"https:\/\/schreibenpro.com\/de\/wp-content\/uploads\/stellungnahme-polizei-schreiben-muster-vorlage.jpg","type":"","width":"","height":""}],"twitter_card":"summary_large_image","twitter_misc":{"Gesch\u00e4tzte Lesezeit":"1\u00a0Minute"},"schema":{"@context":"https:\/\/schema.org","@graph":[{"@type":"WebPage","@id":"https:\/\/schreibenpro.com\/de\/stellungnahme-polizei-schreiben-offnen\/","url":"https:\/\/schreibenpro.com\/de\/stellungnahme-polizei-schreiben-offnen\/","name":"\u00d6ffnen - Stellungnahme Polizei Schreiben - Schreiben PRO","isPartOf":{"@id":"https:\/\/schreibenpro.com\/de\/#website"},"primaryImageOfPage":{"@id":"https:\/\/schreibenpro.com\/de\/stellungnahme-polizei-schreiben-offnen\/#primaryimage"},"image":{"@id":"https:\/\/schreibenpro.com\/de\/stellungnahme-polizei-schreiben-offnen\/#primaryimage"},"thumbnailUrl":"https:\/\/schreibenpro.com\/de\/wp-content\/uploads\/stellungnahme-polizei-schreiben-muster-vorlage.jpg","datePublished":"2023-12-18T08:25:04+00:00","breadcrumb":{"@id":"https:\/\/schreibenpro.com\/de\/stellungnahme-polizei-schreiben-offnen\/#breadcrumb"},"inLanguage":"de","potentialAction":[{"@type":"ReadAction","target":["https:\/\/schreibenpro.com\/de\/stellungnahme-polizei-schreiben-offnen\/"]}]},{"@type":"ImageObject","inLanguage":"de","@id":"https:\/\/schreibenpro.com\/de\/stellungnahme-polizei-schreiben-offnen\/#primaryimage","url":"https:\/\/schreibenpro.com\/de\/wp-content\/uploads\/anschreiben-zum-angebot-muster-vorlage.jpg","contentUrl":"https:\/\/schreibenpro.com\/de\/wp-content\/uploads\/anschreiben-zum-angebot-muster-vorlage.jpg","width":1410,"height":2250},{"@type":"BreadcrumbList","@id":"https:\/\/schreibenpro.com\/de\/stellungnahme-polizei-schreiben-offnen\/#breadcrumb","itemListElement":[{"@type":"ListItem","position":1,"name":"Portada","item":"https:\/\/schreibenpro.com\/de\/"},{"@type":"ListItem","position":2,"name":"\u00d6ffnen &#8211; Stellungnahme Polizei Schreiben"}]},{"@type":"WebSite","@id":"https:\/\/schreibenpro.com\/de\/#website","url":"https:\/\/schreibenpro.com\/de\/","name":"Schreiben PRO","description":"Muster und Vorlage","publisher":{"@id":"https:\/\/schreibenpro.com\/de\/#organization"},"potentialAction":[{"@type":"SearchAction","target":{"@type":"EntryPoint","urlTemplate":"https:\/\/schreibenpro.com\/de\/?s={search_term_string}"},"query-input":{"@type":"PropertyValueSpecification","valueRequired":true,"valueName":"search_term_string"}}],"inLanguage":"de"},{"@type":"Organization","@id":"https:\/\/schreibenpro.com\/de\/#organization","name":"Schreiben PRO","url":"https:\/\/schreibenpro.com\/de\/","logo":{"@type":"ImageObject","inLanguage":"de","@id":"https:\/\/schreibenpro.com\/de\/#\/schema\/logo\/image\/","url":"https:\/\/schreibenpro.com\/de\/wp-content\/uploads\/cropped-fav.png","contentUrl":"https:\/\/schreibenpro.com\/de\/wp-content\/uploads\/cropped-fav.png","width":512,"height":512,"caption":"Schreiben PRO"},"image":{"@id":"https:\/\/schreibenpro.com\/de\/#\/schema\/logo\/image\/"}}]}},"_links":{"self":[{"href":"https:\/\/schreibenpro.com\/de\/wp-json\/wp\/v2\/pages\/621","targetHints":{"allow":["GET"]}}],"collection":[{"href":"https:\/\/schreibenpro.com\/de\/wp-json\/wp\/v2\/pages"}],"about":[{"href":"https:\/\/schreibenpro.com\/de\/wp-json\/wp\/v2\/types\/page"}],"author":[{"embeddable":true,"href":"https:\/\/schreibenpro.com\/de\/wp-json\/wp\/v2\/users\/1"}],"replies":[{"embeddable":true,"href":"https:\/\/schreibenpro.com\/de\/wp-json\/wp\/v2\/comments?post=621"}],"version-history":[{"count":0,"href":"https:\/\/schreibenpro.com\/de\/wp-json\/wp\/v2\/pages\/621\/revisions"}],"wp:attachment":[{"href":"https:\/\/schreibenpro.com\/de\/wp-json\/wp\/v2\/media?parent=621"}],"curies":[{"name":"wp","href":"https:\/\/api.w.org\/{rel}","templated":true}]}}