{"id":623,"date":"2023-12-18T08:25:05","date_gmt":"2023-12-18T08:25:05","guid":{"rendered":"https:\/\/schreibenpro.com\/de\/schreiben-an-nachlassgericht-offnen\/"},"modified":"2023-12-18T08:25:05","modified_gmt":"2023-12-18T08:25:05","slug":"schreiben-an-nachlassgericht-offnen","status":"publish","type":"page","link":"https:\/\/schreibenpro.com\/de\/schreiben-an-nachlassgericht-offnen\/","title":{"rendered":"\u00d6ffnen &#8211; Schreiben An Nachlassgericht"},"content":{"rendered":"\r\n<p class=\"has-text-align-center\">Vorlage und Muster f\u00fcr <strong> Schreiben An Nachlassgericht<\/strong> &#8211; Ausf\u00fcllen und Erstellung  &#8211; \u00d6ffnen im <strong>WORD  PDF<\/strong> Datei und Online<\/p>\r\n\r\n\r\n\r\n\r\n<div class=\"wp-block-image\">\r\n<figure class=\"aligncenter size-large is-resized\"><img loading=\"lazy\" decoding=\"async\" class=\"wp-image-215\" src=\"https:\/\/schreibenpro.com\/de\/wp-content\/uploads\/schreiben-an-nachlassgericht-muster-vorlage.jpg\" alt=\"\" width=\"245\" height=\"391\" \/><\/figure>\r\n<\/div>\r\n\r\n\r\n\r\n<hr class=\"wp-block-separator has-alpha-channel-opacity\" \/>\r\n\r\n\r\n\r\n\r\n\r\n<div class=\"su-note\"  style=\"border-color:#e5e5e5;border-radius:10px;-moz-border-radius:10px;-webkit-border-radius:10px;\"><div class=\"su-note-inner su-u-clearfix su-u-trim\" style=\"background-color:#FFFFFF;border-color:#ffffff;color:#333333;border-radius:10px;-moz-border-radius:10px;-webkit-border-radius:10px;\">\r\n\r\n<section id=\"specialParagraph\"><p><strong>Einleitung:<\/strong><\/p> <p>Sehr geehrtes Nachlassgericht,<\/p>  <p>ich wende mich heute an Sie, um Ihnen den Fall des Nachlasses von Herrn Max Mustermann vorzulegen. Ich wurde von der Familie beauftragt, den Prozess der Nachlassabwicklung zu koordinieren und ben\u00f6tige daher Ihre Unterst\u00fctzung.<\/p>  <p><strong>Zusammenfassung des Falls:<\/strong><\/p> <p>Im November 2020 verstarb Herr Max Mustermann im Alter von 75 Jahren. Er hinterl\u00e4sst seine Ehefrau, Frau Maria Mustermann, sowie zwei erwachsene Kinder, Max Mustermann Jr. und Lisa Mustermann. Der Nachlass umfasst ein Haus, ein Fahrzeug, Bankkonten sowie diverse Wertgegenst\u00e4nde.<\/p>  <p><strong>Relevante Dokumentation:<\/strong><\/p> <p>Im Anhang finden Sie eine Kopie des Testaments von Herrn Max Mustermann, datiert vom 1. Januar 2010, sowie die Sterbeurkunde, ausgestellt von der \u00f6rtlichen Beh\u00f6rde.<\/p>  <p><strong>Antrag auf Er\u00f6ffnung des Testaments:<\/strong><\/p> <p>Wir bitten Sie h\u00f6flichst, das Testament von Herrn Max Mustermann zu er\u00f6ffnen und dementsprechend den weiteren Prozess der Nachlassverwaltung einzuleiten. Wir sind uns bewusst, dass dies eine formelle Anfrage ist und dass der Nachlassgerichtsprozess spezifischen Anforderungen unterliegt.<\/p>  <p><strong>Aufgaben des Nachlassgerichts:<\/strong><\/p> <p>Als Nachlassgericht m\u00f6chten wir Sie bitten, folgende Aufgaben durchzuf\u00fchren:<\/p>  <ol> <li>Pr\u00fcfung des Testaments und Feststellung der G\u00fcltigkeit<\/li> <li>Bestellung eines Nachlassverwalters<\/li> <li>Ermittlung und Benachrichtigung der Erben<\/li> <li>Bestimmung des aktuellen Marktwertes des Nachlasses<\/li> <li>Aufstellung eines Nachlassinventars<\/li> <li>Verteilung des Nachlasses entsprechend den Anweisungen im Testament<\/li> <li>Bezahlung von offenen Schulden und Erf\u00fcllung anderer Verpflichtungen<\/li> <li>Abschluss des Nachlassverfahrens<\/li> <\/ol>  <p><strong>Zusammenarbeit mit dem Nachlassgericht:<\/strong><\/p> <p>Wir sind bereit, eng mit dem Nachlassgericht zusammenzuarbeiten und alle erforderlichen Unterlagen und Informationen zur Verf\u00fcgung zu stellen. Bitte teilen Sie uns mit, welche weiteren Schritte erforderlich sind und welche Dokumente Sie von uns ben\u00f6tigen.<\/p>  <p><strong>Fristen:<\/strong><\/p> <p>Wir bitten Sie h\u00f6flichst, uns eine Liste der relevanten Fristen und Termine zur Verf\u00fcgung zu stellen. Wir werden sicherstellen, dass wir diese Fristen einhalten und Ihnen alle erforderlichen Informationen rechtzeitig \u00fcbermitteln.<\/p>  <p><strong>Schlussbemerkung:<\/strong><\/p> <p>Wir bedanken uns im Voraus f\u00fcr Ihre Unterst\u00fctzung und sind zuversichtlich, dass wir den Nachlass von Herrn Max Mustermann in enger Zusammenarbeit mit dem Nachlassgericht erfolgreich abwickeln k\u00f6nnen. Wir sind f\u00fcr weitere Fragen oder Anliegen jederzeit erreichbar.<\/p>  <p>Mit freundlichen Gr\u00fc\u00dfen,<\/p> <p>Ihr Name<\/p>  <p>Anhang:<\/p> <p>&#8211; Kopie des Testaments von Herrn Max Mustermann<\/p> <p>&#8211; Sterbeurkunde<\/p><\/section><\/div><\/div>\r\n\r\n&nbsp;\r\n\r\n\r\n\r\n\r\n\r\n\r\n<p class=\"has-text-align-center\">Muster und Vorlage f\u00fcr <strong> Schreiben An Nachlassgericht <\/strong> zur Anpassung und Erstellung  im <strong>WORD<\/strong>\u2013 und <strong>PDF-Format<\/strong><\/p>\r\n\r\n\r\n<button id=\"generatePDF\">Erstellen (PDF &#8211; WORD)<\/button>\r\n\r\n\r\n\r\n<hr class=\"wp-block-separator has-alpha-channel-opacity\" \/>\r\n\r\n\r\n\r\n<p style=\"text-align: center;\"><strong>Schreiben An Nachlassgericht<\/strong><\/p>\r\n\r\n<div class=\"wp-block-columns is-layout-flex wp-container-core-columns-is-layout-9d6595d7 wp-block-columns-is-layout-flex\">\r\n\r\n\r\n<div class=\"wp-block-column is-layout-flow wp-block-column-is-layout-flow\"><div class=\"su-button-center\"><a href=\"https:\/\/www.anwaltssuche.de\/aws\/formular\/musterschreiben-antrag-erbschein.pdf\" class=\"su-button su-button-style-flat\" style=\"color:#FFFFFF;background-color:#144bb6;border-color:#103c92;border-radius:1px\" target=\"_self\"><span style=\"color:#FFFFFF;padding:0px 24px;font-size:18px;line-height:36px;border-color:#5b81cc;border-radius:1px;text-shadow:none\">   PDF <\/span><\/a><\/div>\n<\/div>\r\n\r\n\r\n\r\n<div class=\"wp-block-column is-layout-flow wp-block-column-is-layout-flow\"><div class=\"su-button-center\"><a href=\"https:\/\/agsob.justiz.rlp.de\/fileadmin\/justiz\/Gerichte\/Ordentliche_Gerichte\/Amtsgerichte\/Bad_Sobernheim\/AGSOB_23012014.docx\" class=\"su-button su-button-style-flat\" style=\"color:#FFFFFF;background-color:#144bb6;border-color:#103c92;border-radius:1px\" target=\"_self\"><span style=\"color:#FFFFFF;padding:0px 24px;font-size:18px;line-height:36px;border-color:#5b81cc;border-radius:1px;text-shadow:none\">   DOC<\/span><\/a><\/div>\n<\/div>\r\n\r\n\r\n<\/div>\r\n\r\n\r\n\r\n<p style=\"text-align: center;\"><strong>Beispiele<\/strong><\/p>\r\n\r\n<div class=\"wp-block-columns is-layout-flex wp-container-core-columns-is-layout-9d6595d7 wp-block-columns-is-layout-flex\">\r\n\r\n\r\n<div class=\"wp-block-column is-layout-flow wp-block-column-is-layout-flow\"><div class=\"su-button-center\"><a href=\"https:\/\/www.anwaltssuche.de\/aws\/formular\/musterschreiben-antrag-erbschein.pdf\" class=\"su-button su-button-style-flat\" style=\"color:#FFFFFF;background-color:#144bb6;border-color:#103c92;border-radius:1px\" target=\"_self\"><span style=\"color:#FFFFFF;padding:0px 24px;font-size:18px;line-height:36px;border-color:#5b81cc;border-radius:1px;text-shadow:none\">  Beispiel &#8211; 1 <\/span><\/a><\/div>\n<\/div>\r\n\r\n\r\n\r\n<div class=\"wp-block-column is-layout-flow wp-block-column-is-layout-flow\"><div class=\"su-button-center\"><a href=\"https:\/\/www.justiz.bayern.de\/media\/images\/behoerden-und-gerichte\/amtsgerichte\/fuerth\/ausf%C3%BCllanleitung_zur_r%C3%BCckantwort.pdf\" class=\"su-button su-button-style-flat\" style=\"color:#FFFFFF;background-color:#144bb6;border-color:#103c92;border-radius:1px\" target=\"_self\"><span style=\"color:#FFFFFF;padding:0px 24px;font-size:18px;line-height:36px;border-color:#5b81cc;border-radius:1px;text-shadow:none\">  Beispiel &#8211; 2 <\/span><\/a><\/div>\n<\/div>\r\n\r\n\r\n<\/div>\r\n\r\n\r\n<hr class=\"wp-block-separator has-alpha-channel-opacity\" \/>\r\n\r\n\r\n\r\n<div class=\"wp-block-columns is-layout-flex wp-container-core-columns-is-layout-9d6595d7 wp-block-columns-is-layout-flex\">\r\n\r\n\r\n<div class=\"wp-block-column is-layout-flow wp-block-column-is-layout-flow\"><div class=\"su-button-center\"><a href=\"https:\/\/www.famrz.de\/files\/Media\/dokumente\/arbeitshilfen-dokumente\/FamRZ-Buch%2014_Anhang_Muster.pdf?utm_source=newsletter&#038;utm_medium=email&#038;utm_campaign=famrz-newsletter-18-2020\" class=\"su-button su-button-style-flat\" style=\"color:#FFFFFF;background-color:#144bb6;border-color:#103c92;border-radius:1px\" target=\"_self\"><span style=\"color:#FFFFFF;padding:0px 24px;font-size:18px;line-height:36px;border-color:#5b81cc;border-radius:1px;text-shadow:none\">  Beispiel &#8211; 3 <\/span><\/a><\/div>\n<\/div>\r\n\r\n\r\n\r\n<div class=\"wp-block-column is-layout-flow wp-block-column-is-layout-flow\"><div class=\"su-button-center\"><a href=\"https:\/\/www.anwaltssuche.de\/aws\/formular\/musterschreiben-antrag-erbschein.pdf\" class=\"su-button su-button-style-flat\" style=\"color:#FFFFFF;background-color:#144bb6;border-color:#103c92;border-radius:1px\" target=\"_self\"><span style=\"color:#FFFFFF;padding:0px 24px;font-size:18px;line-height:36px;border-color:#5b81cc;border-radius:1px;text-shadow:none\">  Beispiel &#8211; 4 <\/span><\/a><\/div>\n<\/div>\r\n\r\n\r\n<\/div>\r\n\r\n\r\n<hr class=\"wp-block-separator has-alpha-channel-opacity\" \/>\r\n\r\n<!-- \/wp:post-content -->\r\n\r\n<!-- wp:table {\"align\":\"center\"} -->\r\n<figure class=\"wp-block-table aligncenter\">\r\n<table>\r\n<tbody>\r\n<tr>\r\n<td style=\"text-align: center;\">Schreiben An Nachlassgericht<\/td>\r\n<\/tr>\r\n<tr>\r\n<td style=\"text-align: center;\">PDF &#8211; WORD Datei<\/td>\r\n<\/tr>\r\n<tr>\r\n<td style=\"text-align: center;\">Bewertung: \u2b50\u2b50\u2b50\u2b50\u2b50 4.43<\/td>\r\n<\/tr>\r\n<tr>\r\n<td style=\"text-align: center;\">Ergebnisse &#8211; 280<\/td>\r\n<\/tr>\r\n<\/tbody>\r\n<\/table>\r\n<\/figure>\r\n<!-- \/wp:table -->\r\n\r\n<!-- wp:separator -->\r\n\r\n<hr class=\"wp-block-separator has-alpha-channel-opacity\" \/>\r\n\r\n<!-- \/wp:separator -->\r\n\r\n<div class=\"su-note\"  style=\"border-color:#e5e5e5;border-radius:10px;-moz-border-radius:10px;-webkit-border-radius:10px;\"><div class=\"su-note-inner su-u-clearfix su-u-trim\" style=\"background-color:#FFFFFF;border-color:#ffffff;color:#333333;border-radius:10px;-moz-border-radius:10px;-webkit-border-radius:10px;\">\r\n\r\n<p>Das Schreiben an ein Nachlassgericht erfordert besondere Sorgfalt und Aufmerksamkeit, da es sich um rechtliche Angelegenheiten handelt. In dieser Anleitung werden die verschiedenen Schritte und Bestandteile des Briefschreibens ausf\u00fchrlich erl\u00e4utert, von der Einleitung \u00fcber den Hauptteil bis hin zum Schluss. Zudem werden wichtige \u00dcberlegungen zur formalen Gestaltung und zum Aufbau eines effektiven Briefes pr\u00e4sentiert. Um Ihnen das Verfassen eines solchen Briefes zu erleichtern, finden Sie im Folgenden Tipps und Beispiele, die Ihnen als Leitfaden dienen k\u00f6nnen.<\/p>  <h3>Einf\u00fchrung<\/h3>  <p>Der erste Abschnitt des Briefes sollte eine kurze Einf\u00fchrung enthalten, in der Sie den Zweck Ihres Schreibens erkl\u00e4ren. Stellen Sie sicher, dass dieser Abschnitt klar und pr\u00e4gnant ist und alle relevanten Informationen enth\u00e4lt. Hier sind einige Beispiele:<\/p>  <blockquote> <p>Sehr geehrte Damen und Herren,<\/p> <p>hiermit m\u00f6chte ich ein Schreiben an das Nachlassgericht aufsetzen, um einen Antrag auf Testamentser\u00f6ffnung und Erteilung eines Erbscheins zu stellen.<\/p> <\/blockquote>  <p>oder<\/p>  <blockquote> <p>Sehr geehrte Richter des Nachlassgerichts,<\/p> <p>ich wende mich heute an Sie, um Informationen zum Verfahren der Testamentser\u00f6ffnung und Erbfolge in Bezug auf den Nachlass meines verstorbenen Vaters zu erhalten.<\/p> <\/blockquote>  <h3>Hauptteil<\/h3>  <p>Im Hauptteil des Briefes sollten Sie detaillierte Informationen \u00fcber den Fall bereitstellen. Hier haben Sie die M\u00f6glichkeit, die Sachlage ausf\u00fchrlich darzulegen und Ihre Anliegen zu formulieren. Beachten Sie dabei folgende Punkte:<\/p>  <ul> <li>Strukturieren Sie den Text in Abs\u00e4tze, um die Lesbarkeit zu verbessern und die Informationen \u00fcbersichtlich darzustellen.<\/li> <li>Vermeiden Sie es, zu lange S\u00e4tze zu verwenden. Teilen Sie komplexe Gedanken in kleinere S\u00e4tze auf, um Missverst\u00e4ndnisse zu vermeiden.<\/li> <li>Verwenden Sie klare und pr\u00e4zise Sprache, um Ihre Argumentation deutlich zu machen.<\/li> <li>Nehmen Sie s\u00e4mtliche relevanten Informationen in den Brief auf, um sicherzustellen, dass das Gericht alle notwendigen Informationen hat, um Ihren Fall zu bearbeiten.<\/li> <\/ul>  <p>Hier sind einige Beispiele, wie Sie den Hauptteil Ihres Briefes strukturieren k\u00f6nnen:<\/p>  <blockquote> <p>Ich m\u00f6chte Sie darum bitten, die Testamentser\u00f6ffnung meines verstorbenen Gro\u00dfvaters vorzunehmen. Ich habe hierbei einige Fragen zur Vorgehensweise und ben\u00f6tige zudem Informationen zum Erbschein.<\/p> <p>Der Name meines Gro\u00dfvaters lautet Hans M\u00fcller und er ist am 1. Januar 2021 verstorben. Ich bin sein alleiniger Erbe und ben\u00f6tige daher einen Erbschein, um seine finanziellen Angelegenheiten regeln zu k\u00f6nnen.<\/p> <p>Ich habe bereits eine beglaubigte Kopie des Testaments beigef\u00fcgt, sowie eine Sterbeurkunde und meinen Personalausweis. Bitte lassen Sie mich wissen, ob weitere Dokumente ben\u00f6tigt werden und welche Schritte ich unternehmen muss, um den Erbschein zu erhalten.<\/p> <p>Ich bedanke mich im Voraus f\u00fcr Ihre Bem\u00fchungen und stehe Ihnen f\u00fcr R\u00fcckfragen jederzeit zur Verf\u00fcgung.<\/p> <\/blockquote>  <h3>Schluss<\/h3>  <p>Der Schluss des Briefes sollte h\u00f6flich und respektvoll sein, indem Sie sich f\u00fcr die Zeit und Aufmerksamkeit bedanken, die dem Schreiben gewidmet wurden. Hier sind einige Beispiele:<\/p>  <blockquote> <p>Nochmals vielen Dank f\u00fcr Ihre Unterst\u00fctzung in dieser Angelegenheit. Ich hoffe, dass Sie mir bei der Er\u00f6ffnung des Testaments und der Ausstellung des Erbscheins behilflich sein k\u00f6nnen. Ich stehe Ihnen zur Verf\u00fcgung, um weitere Informationen bereitzustellen oder Fragen zu beantworten.<\/p> <p>Mit freundlichen Gr\u00fc\u00dfen,<\/p> <p>Ihr Name<\/p> <\/blockquote>  <p>oder<\/p>  <blockquote> <p>Ich w\u00e4re Ihnen sehr verbunden, wenn Sie mir in diesem Fall behilflich sein k\u00f6nnten. Bitte lassen Sie mich wissen, ob noch weitere Informationen oder Dokumente ben\u00f6tigt werden, um den Prozess voranzutreiben.<\/p> <p>Vielen Dank im Voraus f\u00fcr Ihre Bem\u00fchungen. Ich freue mich auf Ihre R\u00fcckmeldung.<\/p> <p>Mit freundlichen Gr\u00fc\u00dfen,<\/p> <p>Ihr Name<\/p> <\/blockquote>  <h3><\/h3>  <p>Das Verfassen eines Briefes an ein Nachlassgericht erfordert Sorgfalt und Pr\u00e4zision. Mit einer klaren Strukturierung, pr\u00e4ziser Sprache und einer h\u00f6flichen Schlussformulierung k\u00f6nnen Sie sicherstellen, dass Ihr Brief professionell und sachgem\u00e4\u00df wirkt. Beachten Sie die oben genannten Tipps und verwenden Sie die Beispiele als Leitfaden f\u00fcr Ihr eigenes Schreiben. Vergessen Sie nicht, alle relevanten Informationen und Dokumente beizuf\u00fcgen, um den Prozess zu erleichtern. Viel Erfolg!<\/p>\r\n\r\n<\/div><\/div>\r\n\r\n<!-- wp:separator -->\r\n\r\n<hr class=\"wp-block-separator has-alpha-channel-opacity\" \/>","protected":false},"excerpt":{"rendered":"<p>Vorlage und Muster f\u00fcr Schreiben An Nachlassgericht &#8211; Ausf\u00fcllen und Erstellung &#8211; \u00d6ffnen im WORD PDF Datei und Online &nbsp; &#8230; <\/p>\n<p class=\"read-more-container\"><a title=\"\u00d6ffnen &#8211; Schreiben An Nachlassgericht\" class=\"read-more button\" href=\"https:\/\/schreibenpro.com\/de\/schreiben-an-nachlassgericht-offnen\/#more-623\" aria-label=\"Mehr zu \u00d6ffnen &#8211; Schreiben An Nachlassgericht\">\u00d6FFNEN <\/a><\/p>\n","protected":false},"author":1,"featured_media":0,"parent":0,"menu_order":0,"comment_status":"closed","ping_status":"closed","template":"","meta":{"footnotes":""},"class_list":{"0":"post-623","1":"page","2":"type-page","3":"status-publish","5":"infinite-scroll-item"},"yoast_head":"<!-- This site is optimized with the Yoast SEO plugin v24.6 - https:\/\/yoast.com\/wordpress\/plugins\/seo\/ -->\n<title>\u00d6ffnen - Schreiben An Nachlassgericht - Schreiben PRO<\/title>\n<meta name=\"robots\" content=\"noindex, follow\" \/>\n<meta property=\"og:locale\" content=\"de_DE\" \/>\n<meta property=\"og:type\" content=\"article\" \/>\n<meta property=\"og:title\" content=\"\u00d6ffnen - Schreiben An Nachlassgericht - Schreiben PRO\" \/>\n<meta property=\"og:description\" content=\"Vorlage und Muster f\u00fcr Schreiben An Nachlassgericht &#8211; Ausf\u00fcllen und Erstellung &#8211; \u00d6ffnen im WORD PDF Datei und Online &nbsp; ... \u00d6FFNEN\" \/>\n<meta property=\"og:url\" content=\"https:\/\/schreibenpro.com\/de\/schreiben-an-nachlassgericht-offnen\/\" \/>\n<meta property=\"og:site_name\" content=\"Schreiben PRO\" \/>\n<meta property=\"og:image\" content=\"https:\/\/schreibenpro.com\/de\/wp-content\/uploads\/schreiben-an-nachlassgericht-muster-vorlage.jpg\" \/>\n<meta name=\"twitter:card\" content=\"summary_large_image\" \/>\n<meta name=\"twitter:label1\" content=\"Gesch\u00e4tzte Lesezeit\" \/>\n\t<meta name=\"twitter:data1\" content=\"1\u00a0Minute\" \/>\n<!-- \/ Yoast SEO plugin. -->","yoast_head_json":{"title":"\u00d6ffnen - Schreiben An Nachlassgericht - Schreiben PRO","robots":{"index":"noindex","follow":"follow"},"og_locale":"de_DE","og_type":"article","og_title":"\u00d6ffnen - Schreiben An Nachlassgericht - Schreiben PRO","og_description":"Vorlage und Muster f\u00fcr Schreiben An Nachlassgericht &#8211; Ausf\u00fcllen und Erstellung &#8211; \u00d6ffnen im WORD PDF Datei und Online &nbsp; ... \u00d6FFNEN","og_url":"https:\/\/schreibenpro.com\/de\/schreiben-an-nachlassgericht-offnen\/","og_site_name":"Schreiben PRO","og_image":[{"url":"https:\/\/schreibenpro.com\/de\/wp-content\/uploads\/schreiben-an-nachlassgericht-muster-vorlage.jpg","type":"","width":"","height":""}],"twitter_card":"summary_large_image","twitter_misc":{"Gesch\u00e4tzte Lesezeit":"1\u00a0Minute"},"schema":{"@context":"https:\/\/schema.org","@graph":[{"@type":"WebPage","@id":"https:\/\/schreibenpro.com\/de\/schreiben-an-nachlassgericht-offnen\/","url":"https:\/\/schreibenpro.com\/de\/schreiben-an-nachlassgericht-offnen\/","name":"\u00d6ffnen - Schreiben An Nachlassgericht - Schreiben PRO","isPartOf":{"@id":"https:\/\/schreibenpro.com\/de\/#website"},"primaryImageOfPage":{"@id":"https:\/\/schreibenpro.com\/de\/schreiben-an-nachlassgericht-offnen\/#primaryimage"},"image":{"@id":"https:\/\/schreibenpro.com\/de\/schreiben-an-nachlassgericht-offnen\/#primaryimage"},"thumbnailUrl":"https:\/\/schreibenpro.com\/de\/wp-content\/uploads\/schreiben-an-nachlassgericht-muster-vorlage.jpg","datePublished":"2023-12-18T08:25:05+00:00","breadcrumb":{"@id":"https:\/\/schreibenpro.com\/de\/schreiben-an-nachlassgericht-offnen\/#breadcrumb"},"inLanguage":"de","potentialAction":[{"@type":"ReadAction","target":["https:\/\/schreibenpro.com\/de\/schreiben-an-nachlassgericht-offnen\/"]}]},{"@type":"ImageObject","inLanguage":"de","@id":"https:\/\/schreibenpro.com\/de\/schreiben-an-nachlassgericht-offnen\/#primaryimage","url":"https:\/\/schreibenpro.com\/de\/wp-content\/uploads\/anschreiben-zum-angebot-muster-vorlage.jpg","contentUrl":"https:\/\/schreibenpro.com\/de\/wp-content\/uploads\/anschreiben-zum-angebot-muster-vorlage.jpg","width":1410,"height":2250},{"@type":"BreadcrumbList","@id":"https:\/\/schreibenpro.com\/de\/schreiben-an-nachlassgericht-offnen\/#breadcrumb","itemListElement":[{"@type":"ListItem","position":1,"name":"Portada","item":"https:\/\/schreibenpro.com\/de\/"},{"@type":"ListItem","position":2,"name":"\u00d6ffnen &#8211; Schreiben An Nachlassgericht"}]},{"@type":"WebSite","@id":"https:\/\/schreibenpro.com\/de\/#website","url":"https:\/\/schreibenpro.com\/de\/","name":"Schreiben PRO","description":"Muster und Vorlage","publisher":{"@id":"https:\/\/schreibenpro.com\/de\/#organization"},"potentialAction":[{"@type":"SearchAction","target":{"@type":"EntryPoint","urlTemplate":"https:\/\/schreibenpro.com\/de\/?s={search_term_string}"},"query-input":{"@type":"PropertyValueSpecification","valueRequired":true,"valueName":"search_term_string"}}],"inLanguage":"de"},{"@type":"Organization","@id":"https:\/\/schreibenpro.com\/de\/#organization","name":"Schreiben PRO","url":"https:\/\/schreibenpro.com\/de\/","logo":{"@type":"ImageObject","inLanguage":"de","@id":"https:\/\/schreibenpro.com\/de\/#\/schema\/logo\/image\/","url":"https:\/\/schreibenpro.com\/de\/wp-content\/uploads\/cropped-fav.png","contentUrl":"https:\/\/schreibenpro.com\/de\/wp-content\/uploads\/cropped-fav.png","width":512,"height":512,"caption":"Schreiben PRO"},"image":{"@id":"https:\/\/schreibenpro.com\/de\/#\/schema\/logo\/image\/"}}]}},"_links":{"self":[{"href":"https:\/\/schreibenpro.com\/de\/wp-json\/wp\/v2\/pages\/623","targetHints":{"allow":["GET"]}}],"collection":[{"href":"https:\/\/schreibenpro.com\/de\/wp-json\/wp\/v2\/pages"}],"about":[{"href":"https:\/\/schreibenpro.com\/de\/wp-json\/wp\/v2\/types\/page"}],"author":[{"embeddable":true,"href":"https:\/\/schreibenpro.com\/de\/wp-json\/wp\/v2\/users\/1"}],"replies":[{"embeddable":true,"href":"https:\/\/schreibenpro.com\/de\/wp-json\/wp\/v2\/comments?post=623"}],"version-history":[{"count":0,"href":"https:\/\/schreibenpro.com\/de\/wp-json\/wp\/v2\/pages\/623\/revisions"}],"wp:attachment":[{"href":"https:\/\/schreibenpro.com\/de\/wp-json\/wp\/v2\/media?parent=623"}],"curies":[{"name":"wp","href":"https:\/\/api.w.org\/{rel}","templated":true}]}}