{"id":628,"date":"2023-12-18T08:25:08","date_gmt":"2023-12-18T08:25:08","guid":{"rendered":"https:\/\/schreibenpro.com\/de\/bewerbung-wahrend-probezeit-anschreiben-offnen\/"},"modified":"2023-12-18T08:25:08","modified_gmt":"2023-12-18T08:25:08","slug":"bewerbung-wahrend-probezeit-anschreiben-offnen","status":"publish","type":"page","link":"https:\/\/schreibenpro.com\/de\/bewerbung-wahrend-probezeit-anschreiben-offnen\/","title":{"rendered":"\u00d6ffnen &#8211; Bewerbung W\u00e4hrend Probezeit Anschreiben"},"content":{"rendered":"\r\n<p class=\"has-text-align-center\">Vorlage und Muster f\u00fcr <strong> Bewerbung W\u00e4hrend Probezeit Anschreiben<\/strong> &#8211; Ausf\u00fcllen und Erstellung  &#8211; \u00d6ffnen im <strong>WORD und PDF<\/strong> Datei und Online<\/p>\r\n\r\n\r\n\r\n\r\n<div class=\"wp-block-image\">\r\n<figure class=\"aligncenter size-large is-resized\"><img loading=\"lazy\" decoding=\"async\" class=\"wp-image-215\" src=\"https:\/\/schreibenpro.com\/de\/wp-content\/uploads\/bewerbung-wahrend-probezeit-anschreiben-muster-vorlage.jpg\" alt=\"\" width=\"245\" height=\"391\" \/><\/figure>\r\n<\/div>\r\n\r\n\r\n\r\n<hr class=\"wp-block-separator has-alpha-channel-opacity\" \/>\r\n\r\n\r\n\r\n\r\n\r\n<div class=\"su-note\"  style=\"border-color:#e5e5e5;border-radius:10px;-moz-border-radius:10px;-webkit-border-radius:10px;\"><div class=\"su-note-inner su-u-clearfix su-u-trim\" style=\"background-color:#FFFFFF;border-color:#ffffff;color:#333333;border-radius:10px;-moz-border-radius:10px;-webkit-border-radius:10px;\">\r\n\r\n<section id=\"specialParagraph\"><p><strong>Einleitung:<\/strong><\/p> <p>Sehr geehrte\/r [Name des Ansprechpartners\/Arbeitgebers],<\/p> <p>hiermit m\u00f6chte ich mich f\u00fcr die Position als [Position] bewerben, welche ich w\u00e4hrend meiner Probezeit bei [Firmenname] innehaben m\u00f6chte. Mit diesem Anschreiben m\u00f6chte ich Ihnen meine Motivation und F\u00e4higkeiten n\u00e4herbringen und verdeutlichen, warum ich die richtige Person f\u00fcr diese Position bin.<\/p>  <p><strong>Hauptteil:<\/strong><\/p>  <dt><strong>1. Pers\u00f6nlicher Hintergrund:<\/strong><\/dt> <dd>Ich habe eine abgeschlossene Ausbildung im Bereich [Bereich] sowie bereits [Anzahl Jahre] Jahre Berufserfahrung in \u00e4hnlichen Positionen. Diese Erfahrungen haben mir sowohl technische F\u00e4higkeiten, als auch ein Verst\u00e4ndnis f\u00fcr organisatorische Abl\u00e4ufe in [Branche] vermittelt. W\u00e4hrend meiner bisherigen T\u00e4tigkeiten konnte ich mein Wissen erfolgreich einsetzen und stets gute Ergebnisse erzielen.<\/dd>  <dt><strong>2. Erfolge w\u00e4hrend der Probezeit:<\/strong><\/dt> <dd>Seit meinem Start bei [Firmenname] w\u00e4hrend der Probezeit habe ich mich schnell in das Team integrieren k\u00f6nnen und konnte bereits einige Erfolge erzielen. Unter anderem konnte ich [Projekt\/Ergebnis] erfolgreich abschlie\u00dfen, indem ich [beschreibe deine Aufgaben und die erreichten Ergebnisse]. Diese Erfolge haben mein Selbstbewusstsein gest\u00e4rkt und mir gezeigt, dass ich die F\u00e4higkeiten habe, um in dieser Position erfolgreich zu sein.<\/dd>  <dt><strong>3. Motivation und Ziele:<\/strong><\/dt> <dd>Ich habe mich bewusst f\u00fcr eine Bewerbung w\u00e4hrend der Probezeit entschieden, da ich die M\u00f6glichkeit nutzen m\u00f6chte, meine F\u00e4higkeiten unter Beweis zu stellen und mich aktiv in das Team bei [Firmenname] einzubringen. Ich bin hoch motiviert und strebe danach, meine Kenntnisse weiter auszubauen und dabei erfolgreich die gesteckten Ziele zu erreichen. Die Verbindung aus Herausforderung, Teamarbeit und dem Potential, mich pers\u00f6nlich weiterzuentwickeln, ist f\u00fcr mich \u00e4u\u00dferst reizvoll.<\/dd>  <dt><strong>4. Warum ich die richtige Person bin:<\/strong><\/dt> <dd>Meine technischen F\u00e4higkeiten, meine Erfahrung in \u00e4hnlichen Positionen sowie meine erfolgreichen Ergebnisse w\u00e4hrend meiner bisherigen T\u00e4tigkeiten machen mich zu einem geeigneten Kandidaten f\u00fcr die Position bei [Firmenname]. Ich bin eine teamorientierte Person, die sich gut in bereits bestehende Strukturen einf\u00fcgen kann, aber auch eigenst\u00e4ndig und eigenverantwortlich arbeitet. Ich zeichne mich durch meine hohe Motivation und Einsatzbereitschaft aus und habe eine schnelle Auffassungsgabe, um mich schnell in neue Arbeitsbereiche einzuarbeiten.<\/dd>  <p><strong>Schluss:<\/strong><\/p> <p>Ihre offene Position hat mein Interesse geweckt und ich bin \u00fcberzeugt davon, dass meine F\u00e4higkeiten und meine Leistungsbereitschaft eine Bereicherung f\u00fcr Ihr Unternehmen sind. Ich w\u00fcrde mich \u00fcber ein pers\u00f6nliches Gespr\u00e4ch freuen, in dem wir weitere Einzelheiten besprechen und ich Sie von meinen Qualifikationen \u00fcberzeugen kann.<\/p> <p>F\u00fcr Fragen oder weitere Informationen stehe ich Ihnen gerne zur Verf\u00fcgung. Ich danke Ihnen f\u00fcr die Ber\u00fccksichtigung meiner Bewerbung und verbleibe<\/p>  <p>Mit freundlichen Gr\u00fc\u00dfen<\/p> [Dein Name]<\/section><\/div><\/div>\r\n\r\n&nbsp;\r\n\r\n\r\n\r\n\r\n\r\n\r\n<p class=\"has-text-align-center\">Muster und Vorlage f\u00fcr <strong> Bewerbung W\u00e4hrend Probezeit Anschreiben <\/strong> zur Anpassung und Erstellung  im <strong>WORD<\/strong>\u2013 und <strong>PDF-Format<\/strong><\/p>\r\n\r\n\r\n<button id=\"generatePDF\">Erstellen (PDF &#8211; WORD)<\/button>\r\n\r\n\r\n\r\n<hr class=\"wp-block-separator has-alpha-channel-opacity\" \/>\r\n\r\n\r\n\r\n<p style=\"text-align: center;\"><strong>Bewerbung W\u00e4hrend Probezeit Anschreiben<\/strong><\/p>\r\n\r\n<div class=\"wp-block-columns is-layout-flex wp-container-core-columns-is-layout-9d6595d7 wp-block-columns-is-layout-flex\">\r\n\r\n\r\n<div class=\"wp-block-column is-layout-flow wp-block-column-is-layout-flow\"><div class=\"su-button-center\"><a href=\"https:\/\/www.dguv.de\/medien\/job\/dokumente\/bewerbungstipps_15042020.pdf\" class=\"su-button su-button-style-flat\" style=\"color:#FFFFFF;background-color:#144bb6;border-color:#103c92;border-radius:1px\" target=\"_self\"><span style=\"color:#FFFFFF;padding:0px 24px;font-size:18px;line-height:36px;border-color:#5b81cc;border-radius:1px;text-shadow:none\">   PDF <\/span><\/a><\/div>\n<\/div>\r\n\r\n\r\n\r\n<div class=\"wp-block-column is-layout-flow wp-block-column-is-layout-flow\"><div class=\"su-button-center\"><a href=\"https:\/\/berufsbildendeschule.bildung-rp.de\/fileadmin\/user_upload\/bbs\/berufsbildendeschule.bildung-rp.de\/Materialien\/Dokumente\/Materialiendatenbank_des_PL\/BF_I_Weiterentwicklung\/Handreichung_und_Blakoformulare\/Handreichung_BF1_Anlagen_2014-04-08_aktuelle_Version.docx\" class=\"su-button su-button-style-flat\" style=\"color:#FFFFFF;background-color:#144bb6;border-color:#103c92;border-radius:1px\" target=\"_self\"><span style=\"color:#FFFFFF;padding:0px 24px;font-size:18px;line-height:36px;border-color:#5b81cc;border-radius:1px;text-shadow:none\">   DOC<\/span><\/a><\/div>\n<\/div>\r\n\r\n\r\n<\/div>\r\n\r\n\r\n\r\n<p style=\"text-align: center;\"><strong>Beispiele<\/strong><\/p>\r\n\r\n<div class=\"wp-block-columns is-layout-flex wp-container-core-columns-is-layout-9d6595d7 wp-block-columns-is-layout-flex\">\r\n\r\n\r\n<div class=\"wp-block-column is-layout-flow wp-block-column-is-layout-flow\"><div class=\"su-button-center\"><a href=\"https:\/\/www.dguv.de\/medien\/job\/dokumente\/bewerbungstipps_15042020.pdf\" class=\"su-button su-button-style-flat\" style=\"color:#FFFFFF;background-color:#144bb6;border-color:#103c92;border-radius:1px\" target=\"_self\"><span style=\"color:#FFFFFF;padding:0px 24px;font-size:18px;line-height:36px;border-color:#5b81cc;border-radius:1px;text-shadow:none\">  Beispiel &#8211; 1 <\/span><\/a><\/div>\n<\/div>\r\n\r\n\r\n\r\n<div class=\"wp-block-column is-layout-flow wp-block-column-is-layout-flow\"><div class=\"su-button-center\"><a href=\"https:\/\/bsz1-erzgebirgskreis.de\/Tipps_fur_die_erfolgreiche_Bewerbung.pdf\" class=\"su-button su-button-style-flat\" style=\"color:#FFFFFF;background-color:#144bb6;border-color:#103c92;border-radius:1px\" target=\"_self\"><span style=\"color:#FFFFFF;padding:0px 24px;font-size:18px;line-height:36px;border-color:#5b81cc;border-radius:1px;text-shadow:none\">  Beispiel &#8211; 2 <\/span><\/a><\/div>\n<\/div>\r\n\r\n\r\n<\/div>\r\n\r\n\r\n<hr class=\"wp-block-separator has-alpha-channel-opacity\" \/>\r\n\r\n\r\n\r\n<div class=\"wp-block-columns is-layout-flex wp-container-core-columns-is-layout-9d6595d7 wp-block-columns-is-layout-flex\">\r\n\r\n\r\n<div class=\"wp-block-column is-layout-flow wp-block-column-is-layout-flow\"><div class=\"su-button-center\"><a href=\"https:\/\/www.vrbanken-landkreis-fds.de\/pdf\/tipps-fuer-deine-bewerbung.pdf\" class=\"su-button su-button-style-flat\" style=\"color:#FFFFFF;background-color:#144bb6;border-color:#103c92;border-radius:1px\" target=\"_self\"><span style=\"color:#FFFFFF;padding:0px 24px;font-size:18px;line-height:36px;border-color:#5b81cc;border-radius:1px;text-shadow:none\">  Beispiel &#8211; 3 <\/span><\/a><\/div>\n<\/div>\r\n\r\n\r\n\r\n<div class=\"wp-block-column is-layout-flow wp-block-column-is-layout-flow\"><div class=\"su-button-center\"><a href=\"https:\/\/www.dguv.de\/medien\/job\/dokumente\/bewerbungstipps_15042020.pdf\" class=\"su-button su-button-style-flat\" style=\"color:#FFFFFF;background-color:#144bb6;border-color:#103c92;border-radius:1px\" target=\"_self\"><span style=\"color:#FFFFFF;padding:0px 24px;font-size:18px;line-height:36px;border-color:#5b81cc;border-radius:1px;text-shadow:none\">  Beispiel &#8211; 4 <\/span><\/a><\/div>\n<\/div>\r\n\r\n\r\n<\/div>\r\n\r\n\r\n<hr class=\"wp-block-separator has-alpha-channel-opacity\" \/>\r\n\r\n<!-- \/wp:post-content -->\r\n\r\n<!-- wp:table {\"align\":\"center\"} -->\r\n<figure class=\"wp-block-table aligncenter\">\r\n<table>\r\n<tbody>\r\n<tr>\r\n<td style=\"text-align: center;\">Bewerbung W\u00e4hrend Probezeit Anschreiben<\/td>\r\n<\/tr>\r\n<tr>\r\n<td style=\"text-align: center;\">PDF &#8211; WORD Datei<\/td>\r\n<\/tr>\r\n<tr>\r\n<td style=\"text-align: center;\">Bewertung: \u2b50\u2b50\u2b50\u2b50\u2b50 4.18<\/td>\r\n<\/tr>\r\n<tr>\r\n<td style=\"text-align: center;\">Ergebnisse &#8211; 4367<\/td>\r\n<\/tr>\r\n<\/tbody>\r\n<\/table>\r\n<\/figure>\r\n<!-- \/wp:table -->\r\n\r\n<!-- wp:separator -->\r\n\r\n<hr class=\"wp-block-separator has-alpha-channel-opacity\" \/>\r\n\r\n<!-- \/wp:separator -->\r\n\r\n<div class=\"su-note\"  style=\"border-color:#e5e5e5;border-radius:10px;-moz-border-radius:10px;-webkit-border-radius:10px;\"><div class=\"su-note-inner su-u-clearfix su-u-trim\" style=\"background-color:#FFFFFF;border-color:#ffffff;color:#333333;border-radius:10px;-moz-border-radius:10px;-webkit-border-radius:10px;\">\r\n\r\n<p>Ein Bewerbungsschreiben w\u00e4hrend der Probezeit ist eine wichtige M\u00f6glichkeit, um Ihre Interessen und F\u00e4higkeiten einem potenziellen Arbeitgeber mitzuteilen. Es kann jedoch schwierig sein, den richtigen Ton und Inhalt f\u00fcr einen solchen Brief zu finden. In dieser Anleitung finden Sie n\u00fctzliche Tipps und Beispiele, die Ihnen helfen, ein effektives Bewerbungsschreiben w\u00e4hrend der Probezeit zu verfassen.<\/p>  <h3>Inhalt:<\/h3> <ol> <li>Einleitung<\/li> <li>Hauptteil<\/li> <li>Schluss<\/li> <li>Formale Gestaltung<\/li> <li>Aufbau eines effektiven Briefes<\/li> <\/ol>  <h3>1. Einleitung<\/h3> <p>Die Einleitung sollte pr\u00e4gnant sein und den Zweck Ihres Briefes klar definieren. Sie k\u00f6nnen z.B. erw\u00e4hnen, wie Sie auf die Stellenausschreibung aufmerksam geworden sind und warum Sie sich f\u00fcr die Position w\u00e4hrend der Probezeit bewerben.<\/p>  <p><strong>Beispiel:<\/strong><\/p> <p>Sehr geehrter Herr\/Frau [Name des Ansprechpartners],<\/p>  <p>ich habe Ihre Stellenausschreibung f\u00fcr die Position w\u00e4hrend der Probezeit auf [Name der Webseite\/Plattform] gelesen und bin sehr daran interessiert, mich f\u00fcr diese M\u00f6glichkeit zu bewerben.<\/p>  <h3>2. Hauptteil<\/h3> <p>Im Hauptteil des Bewerbungsschreibens w\u00e4hrend der Probezeit haben Sie die M\u00f6glichkeit, Ihre F\u00e4higkeiten, Erfahrungen und Leistungen zu pr\u00e4sentieren, die f\u00fcr die Position relevant sind. Gehen Sie detailliert auf Ihre bisherigen Aufgaben und Projekte ein, um dem Arbeitgeber zu verdeutlichen, welche Mehrwerte Sie bieten k\u00f6nnen.<\/p>  <p><strong>Beispiel:<\/strong><\/p> <p>W\u00e4hrend meiner bisherigen Besch\u00e4ftigung bei [Name des Unternehmens] konnte ich umfangreiche Erfahrungen in [relevanten Aufgabenbereichen] sammeln. Besonders stolz bin ich auf [projektbezogene Erfolge oder Abschl\u00fcsse]. Meine F\u00e4higkeiten in [relevante F\u00e4higkeiten] haben mir geholfen, diese Erfolge zu erzielen und mich in meinem Fachgebiet weiterzuentwickeln.<\/p>  <h3>3. Schluss<\/h3> <p>Der Schlussteil des Bewerbungsschreibens w\u00e4hrend der Probezeit sollte Ihre Begeisterung f\u00fcr die Position und das Unternehmen zum Ausdruck bringen. Bedanken Sie sich f\u00fcr die M\u00f6glichkeit, sich bewerben zu k\u00f6nnen, und dr\u00fccken Sie Ihr Interesse an einem pers\u00f6nlichen Gespr\u00e4ch aus.<\/p>  <p><strong>Beispiel:<\/strong><\/p> <p>Ich bin davon \u00fcberzeugt, dass meine F\u00e4higkeiten und Erfahrungen eine wertvolle Erg\u00e4nzung f\u00fcr Ihr Team w\u00e4hrend der Probezeit sein k\u00f6nnen. Ich w\u00fcrde mich sehr freuen, die Gelegenheit zu einem pers\u00f6nlichen Gespr\u00e4ch zu bekommen, um mehr \u00fcber die Position zu erfahren und Ihnen meine Qualifikationen n\u00e4her darzulegen.<\/p>  <h3>4. Formale Gestaltung<\/h3> <p>Bei der formalen Gestaltung des Bewerbungsschreibens w\u00e4hrend der Probezeit gibt es einige wichtige Punkte zu beachten:<\/p>  <dl> <dt>Adresse und Kontaktdaten<\/dt> <dd>Geben Sie Ihre vollst\u00e4ndige Adresse, Telefonnummer und E-Mail-Adresse in der Kopfzeile des Briefes an.<\/dd>  <dt>Datum und Ort<\/dt> <dd>Notieren Sie das Datum und den Ort, an dem Sie den Brief verfassen.<\/dd>  <dt>Adresse des Empf\u00e4ngers<\/dt> <dd>Geben Sie den Namen, die Position, den Firmennamen und die Adresse des Empf\u00e4ngers an.<\/dd>  <dt>Betreffzeile<\/dt> <dd>Vermerken Sie den Betreff des Bewerbungsschreibens, um den Inhalt direkt zu kennzeichnen.<\/dd>  <dt>Anrede<\/dt> <dd>Nutzen Sie die korrekte Anrede, z.B. &#8220;Sehr geehrter Herr\/Frau [Name des Ansprechpartners]&#8221;. Vermeiden Sie informelle Ansprachen wie &#8220;Hallo&#8221; oder &#8220;Liebes Team&#8221;.<\/dd>  <dt>Unterschrift<\/dt> <dd>Unterzeichnen Sie das Bewerbungsschreiben von Hand, um einen pers\u00f6nlichen Touch zu verleihen.<\/dd> <\/dl>  <h3>5. Aufbau eines effektiven Briefes<\/h3> <p>Ein effektives Bewerbungsschreiben w\u00e4hrend der Probezeit sollte gut strukturiert sein und eine klare Botschaft vermitteln. Hier ist ein m\u00f6glicher Aufbau:<\/p>  <ol> <li>Einleitung: Klare Darstellung des Zwecks des Briefes und der Bewerbung.<\/li> <li>Hauptteil: Vorstellung Ihrer F\u00e4higkeiten und Erfahrungen, die f\u00fcr die Position relevant sind.<\/li> <li>Schluss: Ausdruck Ihrer Begeisterung f\u00fcr die Position und das Unternehmen sowie Bitte um ein pers\u00f6nliches Gespr\u00e4ch.<\/li> <\/ol>  <p>Durch die Einhaltung dieses Aufbaus wird Ihr Bewerbungsschreiben w\u00e4hrend der Probezeit \u00fcbersichtlich und leicht lesbar sein.<\/p>  <p>Mit dieser Anleitung haben Sie nun wertvolle Tipps und Beispiele f\u00fcr das Verfassen eines Bewerbungsschreibens w\u00e4hrend der Probezeit erhalten. Nutzen Sie diese Informationen, um Ihren Brief zu optimieren und sich erfolgreich f\u00fcr die gew\u00fcnschte Position zu bewerben.<\/p>\r\n\r\n<\/div><\/div>\r\n\r\n<!-- wp:separator -->\r\n\r\n<hr class=\"wp-block-separator has-alpha-channel-opacity\" \/>","protected":false},"excerpt":{"rendered":"<p>Vorlage und Muster f\u00fcr Bewerbung W\u00e4hrend Probezeit Anschreiben &#8211; Ausf\u00fcllen und Erstellung &#8211; \u00d6ffnen im WORD und PDF Datei und &#8230; <\/p>\n<p class=\"read-more-container\"><a title=\"\u00d6ffnen &#8211; Bewerbung W\u00e4hrend Probezeit Anschreiben\" class=\"read-more button\" href=\"https:\/\/schreibenpro.com\/de\/bewerbung-wahrend-probezeit-anschreiben-offnen\/#more-628\" aria-label=\"Mehr zu \u00d6ffnen &#8211; Bewerbung W\u00e4hrend Probezeit Anschreiben\">\u00d6FFNEN <\/a><\/p>\n","protected":false},"author":1,"featured_media":0,"parent":0,"menu_order":0,"comment_status":"closed","ping_status":"closed","template":"","meta":{"footnotes":""},"class_list":{"0":"post-628","1":"page","2":"type-page","3":"status-publish","5":"infinite-scroll-item"},"yoast_head":"<!-- This site is optimized with the Yoast SEO plugin v24.6 - https:\/\/yoast.com\/wordpress\/plugins\/seo\/ -->\n<title>\u00d6ffnen - Bewerbung W\u00e4hrend Probezeit Anschreiben - Schreiben PRO<\/title>\n<meta name=\"robots\" content=\"noindex, follow\" \/>\n<meta property=\"og:locale\" content=\"de_DE\" \/>\n<meta property=\"og:type\" content=\"article\" \/>\n<meta property=\"og:title\" content=\"\u00d6ffnen - Bewerbung W\u00e4hrend Probezeit Anschreiben - Schreiben PRO\" \/>\n<meta property=\"og:description\" content=\"Vorlage und Muster f\u00fcr Bewerbung W\u00e4hrend Probezeit Anschreiben &#8211; Ausf\u00fcllen und Erstellung &#8211; \u00d6ffnen im WORD und PDF Datei und ... \u00d6FFNEN\" \/>\n<meta property=\"og:url\" content=\"https:\/\/schreibenpro.com\/de\/bewerbung-wahrend-probezeit-anschreiben-offnen\/\" \/>\n<meta property=\"og:site_name\" content=\"Schreiben PRO\" \/>\n<meta property=\"og:image\" content=\"https:\/\/schreibenpro.com\/de\/wp-content\/uploads\/bewerbung-wahrend-probezeit-anschreiben-muster-vorlage.jpg\" \/>\n<meta name=\"twitter:card\" content=\"summary_large_image\" \/>\n<meta name=\"twitter:label1\" content=\"Gesch\u00e4tzte Lesezeit\" \/>\n\t<meta name=\"twitter:data1\" content=\"1\u00a0Minute\" \/>\n<!-- \/ Yoast SEO plugin. -->","yoast_head_json":{"title":"\u00d6ffnen - Bewerbung W\u00e4hrend Probezeit Anschreiben - Schreiben PRO","robots":{"index":"noindex","follow":"follow"},"og_locale":"de_DE","og_type":"article","og_title":"\u00d6ffnen - Bewerbung W\u00e4hrend Probezeit Anschreiben - Schreiben PRO","og_description":"Vorlage und Muster f\u00fcr Bewerbung W\u00e4hrend Probezeit Anschreiben &#8211; Ausf\u00fcllen und Erstellung &#8211; \u00d6ffnen im WORD und PDF Datei und ... \u00d6FFNEN","og_url":"https:\/\/schreibenpro.com\/de\/bewerbung-wahrend-probezeit-anschreiben-offnen\/","og_site_name":"Schreiben PRO","og_image":[{"url":"https:\/\/schreibenpro.com\/de\/wp-content\/uploads\/bewerbung-wahrend-probezeit-anschreiben-muster-vorlage.jpg","type":"","width":"","height":""}],"twitter_card":"summary_large_image","twitter_misc":{"Gesch\u00e4tzte Lesezeit":"1\u00a0Minute"},"schema":{"@context":"https:\/\/schema.org","@graph":[{"@type":"WebPage","@id":"https:\/\/schreibenpro.com\/de\/bewerbung-wahrend-probezeit-anschreiben-offnen\/","url":"https:\/\/schreibenpro.com\/de\/bewerbung-wahrend-probezeit-anschreiben-offnen\/","name":"\u00d6ffnen - Bewerbung W\u00e4hrend Probezeit Anschreiben - Schreiben PRO","isPartOf":{"@id":"https:\/\/schreibenpro.com\/de\/#website"},"primaryImageOfPage":{"@id":"https:\/\/schreibenpro.com\/de\/bewerbung-wahrend-probezeit-anschreiben-offnen\/#primaryimage"},"image":{"@id":"https:\/\/schreibenpro.com\/de\/bewerbung-wahrend-probezeit-anschreiben-offnen\/#primaryimage"},"thumbnailUrl":"https:\/\/schreibenpro.com\/de\/wp-content\/uploads\/bewerbung-wahrend-probezeit-anschreiben-muster-vorlage.jpg","datePublished":"2023-12-18T08:25:08+00:00","breadcrumb":{"@id":"https:\/\/schreibenpro.com\/de\/bewerbung-wahrend-probezeit-anschreiben-offnen\/#breadcrumb"},"inLanguage":"de","potentialAction":[{"@type":"ReadAction","target":["https:\/\/schreibenpro.com\/de\/bewerbung-wahrend-probezeit-anschreiben-offnen\/"]}]},{"@type":"ImageObject","inLanguage":"de","@id":"https:\/\/schreibenpro.com\/de\/bewerbung-wahrend-probezeit-anschreiben-offnen\/#primaryimage","url":"https:\/\/schreibenpro.com\/de\/wp-content\/uploads\/anschreiben-zum-angebot-muster-vorlage.jpg","contentUrl":"https:\/\/schreibenpro.com\/de\/wp-content\/uploads\/anschreiben-zum-angebot-muster-vorlage.jpg","width":1410,"height":2250},{"@type":"BreadcrumbList","@id":"https:\/\/schreibenpro.com\/de\/bewerbung-wahrend-probezeit-anschreiben-offnen\/#breadcrumb","itemListElement":[{"@type":"ListItem","position":1,"name":"Portada","item":"https:\/\/schreibenpro.com\/de\/"},{"@type":"ListItem","position":2,"name":"\u00d6ffnen &#8211; Bewerbung W\u00e4hrend Probezeit Anschreiben"}]},{"@type":"WebSite","@id":"https:\/\/schreibenpro.com\/de\/#website","url":"https:\/\/schreibenpro.com\/de\/","name":"Schreiben PRO","description":"Muster und Vorlage","publisher":{"@id":"https:\/\/schreibenpro.com\/de\/#organization"},"potentialAction":[{"@type":"SearchAction","target":{"@type":"EntryPoint","urlTemplate":"https:\/\/schreibenpro.com\/de\/?s={search_term_string}"},"query-input":{"@type":"PropertyValueSpecification","valueRequired":true,"valueName":"search_term_string"}}],"inLanguage":"de"},{"@type":"Organization","@id":"https:\/\/schreibenpro.com\/de\/#organization","name":"Schreiben PRO","url":"https:\/\/schreibenpro.com\/de\/","logo":{"@type":"ImageObject","inLanguage":"de","@id":"https:\/\/schreibenpro.com\/de\/#\/schema\/logo\/image\/","url":"https:\/\/schreibenpro.com\/de\/wp-content\/uploads\/cropped-fav.png","contentUrl":"https:\/\/schreibenpro.com\/de\/wp-content\/uploads\/cropped-fav.png","width":512,"height":512,"caption":"Schreiben PRO"},"image":{"@id":"https:\/\/schreibenpro.com\/de\/#\/schema\/logo\/image\/"}}]}},"_links":{"self":[{"href":"https:\/\/schreibenpro.com\/de\/wp-json\/wp\/v2\/pages\/628","targetHints":{"allow":["GET"]}}],"collection":[{"href":"https:\/\/schreibenpro.com\/de\/wp-json\/wp\/v2\/pages"}],"about":[{"href":"https:\/\/schreibenpro.com\/de\/wp-json\/wp\/v2\/types\/page"}],"author":[{"embeddable":true,"href":"https:\/\/schreibenpro.com\/de\/wp-json\/wp\/v2\/users\/1"}],"replies":[{"embeddable":true,"href":"https:\/\/schreibenpro.com\/de\/wp-json\/wp\/v2\/comments?post=628"}],"version-history":[{"count":0,"href":"https:\/\/schreibenpro.com\/de\/wp-json\/wp\/v2\/pages\/628\/revisions"}],"wp:attachment":[{"href":"https:\/\/schreibenpro.com\/de\/wp-json\/wp\/v2\/media?parent=628"}],"curies":[{"name":"wp","href":"https:\/\/api.w.org\/{rel}","templated":true}]}}