{"id":630,"date":"2023-12-18T08:25:08","date_gmt":"2023-12-18T08:25:08","guid":{"rendered":"https:\/\/schreibenpro.com\/de\/kundigungsschreiben-fitnessstudio-kundigung-fitnessstudio-offnen\/"},"modified":"2023-12-18T08:25:08","modified_gmt":"2023-12-18T08:25:08","slug":"kundigungsschreiben-fitnessstudio-kundigung-fitnessstudio-offnen","status":"publish","type":"page","link":"https:\/\/schreibenpro.com\/de\/kundigungsschreiben-fitnessstudio-kundigung-fitnessstudio-offnen\/","title":{"rendered":"\u00d6ffnen &#8211; K\u00fcndigungsschreiben Fitnessstudio K\u00fcndigung Fitnessstudio"},"content":{"rendered":"\r\n<p class=\"has-text-align-center\">Muster und Vorlage f\u00fcr <strong> K\u00fcndigungsschreiben Fitnessstudio K\u00fcndigung Fitnessstudio<\/strong> &#8211; Ausf\u00fcllen und Erstellung  &#8211; \u00d6ffnen im <strong>WORD und PDF<\/strong> Datei und Online<\/p>\r\n\r\n\r\n\r\n\r\n<div class=\"wp-block-image\">\r\n<figure class=\"aligncenter size-large is-resized\"><img loading=\"lazy\" decoding=\"async\" class=\"wp-image-215\" src=\"https:\/\/schreibenpro.com\/de\/wp-content\/uploads\/kundigungsschreiben-fitnessstudio-kundigung-fitnessstudio-muster-vorlage.jpg\" alt=\"\" width=\"245\" height=\"391\" \/><\/figure>\r\n<\/div>\r\n\r\n\r\n\r\n<hr class=\"wp-block-separator has-alpha-channel-opacity\" \/>\r\n\r\n\r\n\r\n\r\n\r\n<div class=\"su-note\"  style=\"border-color:#e5e5e5;border-radius:10px;-moz-border-radius:10px;-webkit-border-radius:10px;\"><div class=\"su-note-inner su-u-clearfix su-u-trim\" style=\"background-color:#FFFFFF;border-color:#ffffff;color:#333333;border-radius:10px;-moz-border-radius:10px;-webkit-border-radius:10px;\">\r\n\r\n<section id=\"specialParagraph\"><p><strong>Ihr Vor- und Nachname<\/strong><\/p> <p><strong>Ihre Adresse<\/strong><\/p> <p><strong>Ihre Stadt\/PLZ<\/strong><\/p> <p><strong>Datum<\/strong><\/p>  <p><strong>Empf\u00e4nger Name<\/strong><\/p> <p><strong>Empf\u00e4nger Fitnessstudio<\/strong><\/p> <p><strong>Empf\u00e4nger Adresse<\/strong><\/p> <p><strong>Empf\u00e4nger Stadt\/PLZ<\/strong><\/p>  <p><strong>Betreff: K\u00fcndigung meines Fitnessstudios-Mitgliedschaftsvertrags<\/strong><\/p>  <p><strong>Sehr geehrte Damen und Herren,<\/strong><\/p>  <p>hiermit k\u00fcndige ich meinen Fitnessstudio-Mitgliedschaftsvertrag fristgerecht und ordnungsgem\u00e4\u00df gem\u00e4\u00df den Vertragsbedingungen.<\/p>  <dt><strong>Vertragsnummer:<\/strong><\/dt> <dd>[F\u00fcgen Sie hier Ihre Vertragsnummer ein]<\/dd>  <dt><strong>Mitgliedschaftsbeginn:<\/strong><\/dt> <dd>[F\u00fcgen Sie hier das Datum Ihres Mitgliedschaftsbeginns ein]<\/dd>  <dt><strong>K\u00fcndigungsfrist:<\/strong><\/dt> <dd>[F\u00fcgen Sie hier die K\u00fcndigungsfrist ein]<\/dd>  <dt><strong>Gew\u00fcnschtes K\u00fcndigungsdatum:<\/strong><\/dt> <dd>[F\u00fcgen Sie hier das gew\u00fcnschte K\u00fcndigungsdatum ein]<\/dd>  <p>Bitte best\u00e4tigen Sie den Erhalt meiner K\u00fcndigung schriftlich und teilen Sie mir die Beendigung meiner Mitgliedschaft mit.<\/p>  <p>Ich m\u00f6chte Sie daran erinnern, dass gem\u00e4\u00df den Vertragsbedingungen alle weiteren Zahlungen f\u00fcr meine Mitgliedschaft ab dem K\u00fcndigungsdatum nicht mehr f\u00e4llig sind. Ich erwarte eine Best\u00e4tigung \u00fcber die Einstellung dieser Zahlungen.<\/p>  <p><strong>R\u00fcckzahlung offener Betr\u00e4ge:<\/strong><\/p> <p>Des Weiteren erwarte ich, dass etwaige offene Betr\u00e4ge auf meinem Mitgliedschaftskonto zur\u00fcckgezahlt werden. Bitte \u00fcberpr\u00fcfen Sie mein Konto und informieren Sie mich \u00fcber die Modalit\u00e4ten zur R\u00fcckzahlung.<\/p>  <p><strong>R\u00fcckgabe des Mitgliedschaftsausweises:<\/strong><\/p> <p>Ich werde den Mitgliedschaftsausweis umgehend an das Fitnessstudio zur\u00fccksenden. Bitte best\u00e4tigen Sie den Erhalt und informieren Sie mich, wie ich den Ausweis am besten zur\u00fcckgeben kann.<\/p>  <p><strong>R\u00fccksendung des Vertrags:<\/strong><\/p> <p>Anbei finden Sie eine Kopie des unterschriebenen Vertrags. Bitte best\u00e4tigen Sie den Erhalt und teilen Sie mir mit, ob Sie den Vertrag zur\u00fccksenden m\u00f6chten oder ob ich ihn vernichten kann.<\/p>  <p><strong>K\u00fcndigungsgrund:<\/strong><\/p> <p>Gerne m\u00f6chte ich Ihnen den Grund f\u00fcr meine K\u00fcndigung mitteilen [geben Sie hier einen Grund f\u00fcr Ihre K\u00fcndigung ein, optional]. Ich war mit dem Fitnessstudio und dem angebotenen Service nicht zufrieden [geben Sie hier Ihre pers\u00f6nlichen Gr\u00fcnde ein, warum Sie k\u00fcndigen].<\/p>  <p>Ich bedanke mich f\u00fcr die M\u00f6glichkeit, Mitglied in Ihrem Fitnessstudio gewesen zu sein und w\u00fcnsche Ihnen weiterhin viel Erfolg.<\/p>  <p>Mit freundlichen Gr\u00fc\u00dfen,<\/p>  [Ihr Name]<\/section><\/div><\/div>\r\n\r\n&nbsp;\r\n\r\n\r\n\r\n\r\n\r\n\r\n<p class=\"has-text-align-center\">Muster und Vorlage f\u00fcr <strong> K\u00fcndigungsschreiben Fitnessstudio K\u00fcndigung Fitnessstudio <\/strong> zur Anpassung und Erstellung  im <strong>WORD<\/strong>\u2013 und <strong>PDF-Format<\/strong><\/p>\r\n\r\n\r\n<button id=\"generatePDF\">Erstellen (PDF &#8211; WORD)<\/button>\r\n\r\n\r\n\r\n<hr class=\"wp-block-separator has-alpha-channel-opacity\" \/>\r\n\r\n\r\n\r\n<p style=\"text-align: center;\"><strong>K\u00fcndigungsschreiben Fitnessstudio K\u00fcndigung Fitnessstudio<\/strong><\/p>\r\n\r\n<div class=\"wp-block-columns is-layout-flex wp-container-core-columns-is-layout-9d6595d7 wp-block-columns-is-layout-flex\">\r\n\r\n\r\n<div class=\"wp-block-column is-layout-flow wp-block-column-is-layout-flow\"><div class=\"su-button-center\"><a href=\"https:\/\/rechtecheck.de\/vorlagen\/musterbriefe\/musterbrief-kuendigung-fitnessstudio.pdf\" class=\"su-button su-button-style-flat\" style=\"color:#FFFFFF;background-color:#144bb6;border-color:#103c92;border-radius:1px\" target=\"_self\"><span style=\"color:#FFFFFF;padding:0px 24px;font-size:18px;line-height:36px;border-color:#5b81cc;border-radius:1px;text-shadow:none\">   PDF <\/span><\/a><\/div>\n<\/div>\r\n\r\n\r\n\r\n<div class=\"wp-block-column is-layout-flow wp-block-column-is-layout-flow\"><div class=\"su-button-center\"><a href=\"https:\/\/rechtecheck.de\/vorlagen\/musterbriefe\/musterbrief-kuendigung-fitnessstudio.pdf\" class=\"su-button su-button-style-flat\" style=\"color:#FFFFFF;background-color:#144bb6;border-color:#103c92;border-radius:1px\" target=\"_self\"><span style=\"color:#FFFFFF;padding:0px 24px;font-size:18px;line-height:36px;border-color:#5b81cc;border-radius:1px;text-shadow:none\">   DOC<\/span><\/a><\/div>\n<\/div>\r\n\r\n\r\n<\/div>\r\n\r\n\r\n\r\n<p style=\"text-align: center;\"><strong>Beispiele<\/strong><\/p>\r\n\r\n<div class=\"wp-block-columns is-layout-flex wp-container-core-columns-is-layout-9d6595d7 wp-block-columns-is-layout-flex\">\r\n\r\n\r\n<div class=\"wp-block-column is-layout-flow wp-block-column-is-layout-flow\"><div class=\"su-button-center\"><a href=\"https:\/\/www.arbeitsrechte.de\/wp-content\/uploads\/muster-kuendigung-in-probezeit-arbeitnehmer.pdf\" class=\"su-button su-button-style-flat\" style=\"color:#FFFFFF;background-color:#144bb6;border-color:#103c92;border-radius:1px\" target=\"_self\"><span style=\"color:#FFFFFF;padding:0px 24px;font-size:18px;line-height:36px;border-color:#5b81cc;border-radius:1px;text-shadow:none\">  Beispiel &#8211; 1 <\/span><\/a><\/div>\n<\/div>\r\n\r\n\r\n\r\n<div class=\"wp-block-column is-layout-flow wp-block-column-is-layout-flow\"><div class=\"su-button-center\"><a href=\"https:\/\/www.allianz.de\/content\/dam\/onemarketing\/azde\/azd\/pdfs\/recht-und-eigentum\/rechtschutzversicherung\/kuendigung-in-der-probezeit\/arbeitsvertrag-probezeit-kuendigen-muster.pdf\" class=\"su-button su-button-style-flat\" style=\"color:#FFFFFF;background-color:#144bb6;border-color:#103c92;border-radius:1px\" target=\"_self\"><span style=\"color:#FFFFFF;padding:0px 24px;font-size:18px;line-height:36px;border-color:#5b81cc;border-radius:1px;text-shadow:none\">  Beispiel &#8211; 2 <\/span><\/a><\/div>\n<\/div>\r\n\r\n\r\n<\/div>\r\n\r\n\r\n<hr class=\"wp-block-separator has-alpha-channel-opacity\" \/>\r\n\r\n\r\n\r\n<div class=\"wp-block-columns is-layout-flex wp-container-core-columns-is-layout-9d6595d7 wp-block-columns-is-layout-flex\">\r\n\r\n\r\n<div class=\"wp-block-column is-layout-flow wp-block-column-is-layout-flow\"><div class=\"su-button-center\"><a href=\"https:\/\/www.advokat.de\/fileadmin\/user_upload\/Service\/Probezeitk%C3%BCndigung_-_151003.pdf\" class=\"su-button su-button-style-flat\" style=\"color:#FFFFFF;background-color:#144bb6;border-color:#103c92;border-radius:1px\" target=\"_self\"><span style=\"color:#FFFFFF;padding:0px 24px;font-size:18px;line-height:36px;border-color:#5b81cc;border-radius:1px;text-shadow:none\">  Beispiel &#8211; 3 <\/span><\/a><\/div>\n<\/div>\r\n\r\n\r\n\r\n<div class=\"wp-block-column is-layout-flow wp-block-column-is-layout-flow\"><div class=\"su-button-center\"><a href=\"https:\/\/rechtecheck.de\/vorlagen\/musterbriefe\/musterbrief-kuendigung-fitnessstudio.pdf\" class=\"su-button su-button-style-flat\" style=\"color:#FFFFFF;background-color:#144bb6;border-color:#103c92;border-radius:1px\" target=\"_self\"><span style=\"color:#FFFFFF;padding:0px 24px;font-size:18px;line-height:36px;border-color:#5b81cc;border-radius:1px;text-shadow:none\">  Beispiel &#8211; 4 <\/span><\/a><\/div>\n<\/div>\r\n\r\n\r\n<\/div>\r\n\r\n\r\n<hr class=\"wp-block-separator has-alpha-channel-opacity\" \/>\r\n\r\n<!-- \/wp:post-content -->\r\n\r\n<!-- wp:table {\"align\":\"center\"} -->\r\n<figure class=\"wp-block-table aligncenter\">\r\n<table>\r\n<tbody>\r\n<tr>\r\n<td style=\"text-align: center;\">K\u00fcndigungsschreiben Fitnessstudio K\u00fcndigung Fitnessstudio<\/td>\r\n<\/tr>\r\n<tr>\r\n<td style=\"text-align: center;\">PDF &#8211; WORD Datei<\/td>\r\n<\/tr>\r\n<tr>\r\n<td style=\"text-align: center;\">Bewertung: \u2b50\u2b50\u2b50\u2b50\u2b50 4.86<\/td>\r\n<\/tr>\r\n<tr>\r\n<td style=\"text-align: center;\">Ergebnisse &#8211; 3755<\/td>\r\n<\/tr>\r\n<\/tbody>\r\n<\/table>\r\n<\/figure>\r\n<!-- \/wp:table -->\r\n\r\n<!-- wp:separator -->\r\n\r\n<hr class=\"wp-block-separator has-alpha-channel-opacity\" \/>\r\n\r\n<!-- \/wp:separator -->\r\n\r\n<div class=\"su-note\"  style=\"border-color:#e5e5e5;border-radius:10px;-moz-border-radius:10px;-webkit-border-radius:10px;\"><div class=\"su-note-inner su-u-clearfix su-u-trim\" style=\"background-color:#FFFFFF;border-color:#ffffff;color:#333333;border-radius:10px;-moz-border-radius:10px;-webkit-border-radius:10px;\">\r\n\r\n<h3>Einf\u00fchrung<\/h3> <p>Das Schreiben eines K\u00fcndigungsschreibens f\u00fcr ein Fitnessstudio erfordert sorgf\u00e4ltige \u00dcberlegungen und eine klare Kommunikation. In diesem Leitfaden werden die verschiedenen Schritte und Bestandteile des Briefschreibens erl\u00e4utert, von der Einleitung \u00fcber den Hauptteil bis hin zum Schluss. Dar\u00fcber hinaus werden wichtige \u00dcberlegungen zur formalen Gestaltung und zum Aufbau eines effektiven Briefes behandelt.<\/p>  <h3>Teil 1: Einleitung<\/h3> <p>Die Einleitung eines K\u00fcndigungsschreibens f\u00fcr ein Fitnessstudio sollte h\u00f6flich und klar formuliert sein. Sie sollten Ihren Vertragspartner direkt ansprechen und den Zweck des Schreibens erw\u00e4hnen. Hier sind einige Tipps f\u00fcr die Einleitung:<\/p>  <dt><strong>1. Adressierung:<\/strong><\/dt> <dd>Verwenden Sie den vollst\u00e4ndigen Namen des Empf\u00e4ngers sowie den Firmennamen und die Adresse des Fitnessstudios.<\/dd>  <dt><strong>2. Datum:<\/strong><\/dt> <dd>Notieren Sie das aktuelle Datum, an dem Sie das K\u00fcndigungsschreiben verfassen.<\/dd>  <dt><strong>3. Gru\u00dfformel:<\/strong><\/dt> <dd>Beginnen Sie mit einer h\u00f6flichen Anrede wie &#8220;Sehr geehrter [Name des Empf\u00e4ngers],&#8221; oder &#8220;Sehr geehrtes [Fitnessstudio-Team],&#8221;.<\/dd>  <dt><strong>4. Zweck des Schreibens:<\/strong><\/dt> <dd>Erkl\u00e4ren Sie in einem klaren und knappen Satz, dass Sie Ihr Fitnessstudio-Abo k\u00fcndigen m\u00f6chten.<\/dd>  <h3>Teil 2: Hauptteil<\/h3> <p>Der Hauptteil des K\u00fcndigungsschreibens f\u00fcr ein Fitnessstudio bietet Ihnen die M\u00f6glichkeit, Ihre Gr\u00fcnde f\u00fcr die K\u00fcndigung darzulegen und eventuelle Details zu besprechen. Hier sind einige Tipps f\u00fcr den Hauptteil:<\/p>  <dt><strong>1. Grund f\u00fcr die K\u00fcndigung:<\/strong><\/dt> <dd>Erkl\u00e4ren Sie dem Fitnessstudio, warum Sie Ihr Abo k\u00fcndigen m\u00f6chten. M\u00f6gliche Gr\u00fcnde k\u00f6nnten Umzug, Gesundheitsprobleme oder fehlende Zeit sein.<\/dd>  <dt><strong>2. Wichtige Details:<\/strong><\/dt> <dd>F\u00fchren Sie alle relevanten Informationen auf, wie beispielsweise Ihre Kundennummer, das Datum des Vertragsabschlusses und die Dauer der K\u00fcndigungsfrist.<\/dd>  <dt><strong>3. Aufforderung zur Best\u00e4tigung:<\/strong><\/dt> <dd>Bitten Sie das Fitnessstudio h\u00f6flich, Ihnen eine schriftliche Best\u00e4tigung der K\u00fcndigung zuzusenden.<\/dd>  <h3>Teil 3: Schluss<\/h3> <p>Der Schlussteil des K\u00fcndigungsschreibens f\u00fcr ein Fitnessstudio sollte h\u00f6flich und respektvoll formuliert sein. Hier sind einige Tipps f\u00fcr den Schluss:<\/p>  <dt><strong>1. Dankbarkeit:<\/strong><\/dt> <dd>Bedanken Sie sich h\u00f6flich f\u00fcr die bisherige Zusammenarbeit mit dem Fitnessstudio.<\/dd>  <dt><strong>2. Kontaktdaten:<\/strong><\/dt> <dd>Geben Sie Ihre aktuellen Kontaktdaten an, damit das Fitnessstudio Sie erreichen kann, falls erforderlich.<\/dd>  <dt><strong>3. Abschiedsformel:<\/strong><\/dt> <dd>Verabschieden Sie sich h\u00f6flich mit einer Abschiedsformel wie &#8220;Mit freundlichen Gr\u00fc\u00dfen&#8221; oder &#8220;Hochachtungsvoll&#8221;.<\/dd>  <h3>Teil 4: Formale Gestaltung<\/h3> <p>Die formale Gestaltung eines K\u00fcndigungsschreibens f\u00fcr ein Fitnessstudio ist wichtig, da sie einen professionellen Eindruck vermittelt. Hier sind einige wichtige \u00dcberlegungen:<\/p>  <dt><strong>1. Formatierung:<\/strong><\/dt> <dd>Verwenden Sie eine ordentliche Formatierung mit ausreichend Abst\u00e4nden zwischen den Abs\u00e4tzen und klaren \u00dcberschriften.<\/dd>  <dt><strong>2. Sprache und Ton:<\/strong><\/dt> <dd>Verwenden Sie eine h\u00f6fliche und respektvolle Sprache, um einen professionellen Ton beizubehalten.<\/dd>  <dt><strong>3. Rechtschreibung und Grammatik:<\/strong><\/dt> <dd>\u00dcberpr\u00fcfen Sie Ihr K\u00fcndigungsschreiben auf Rechtschreib- und Grammatikfehler, um einen korrekten Eindruck zu hinterlassen.<\/dd>  <dt><strong>4. Unterschrift:<\/strong><\/dt> <dd>Unterzeichnen Sie das K\u00fcndigungsschreiben von Hand, um ihm eine pers\u00f6nliche Note zu geben.<\/dd>  <h3>Teil 5: Aufbau eines effektiven Briefes<\/h3> <p>Ein effektiver Briefaufbau erleichtert dem Empf\u00e4nger das Verst\u00e4ndnis Ihrer Nachricht. Hier sind einige Tipps f\u00fcr den Aufbau eines effektiven K\u00fcndigungsschreibens f\u00fcr ein Fitnessstudio:<\/p>  <dt><strong>1. Klarer Fokus:<\/strong><\/dt> <dd>Bleiben Sie bei Ihrem Hauptthema, der K\u00fcndigung des Fitnessstudio-Abos, und vermeiden Sie unn\u00f6tige Informationen.<\/dd>  <dt><strong>2. Strukturieren Sie den Text:<\/strong><\/dt> <dd>Verwenden Sie klare Abs\u00e4tze und \u00dcberschriften, um Ihren Brief \u00fcbersichtlich und leicht verst\u00e4ndlich zu gestalten.<\/dd>  <dt><strong>3. Vermeiden Sie Wiederholungen:<\/strong><\/dt> <dd>Fassen Sie Ihre Informationen pr\u00e4zise zusammen und vermeiden Sie wiederholende Aussagen.<\/dd>  <h3><\/h3> <p>Das Verfassen eines K\u00fcndigungsschreibens f\u00fcr ein Fitnessstudio erfordert eine klare Kommunikation und sorgf\u00e4ltige \u00dcberlegungen. Mit dieser Anleitung haben Sie nun Tipps und Beispiele f\u00fcr das Verfassen eines solchen Briefes erhalten. Beachten Sie die einzelnen Schritte und \u00fcberlegen Sie, wie Sie Ihre Gr\u00fcnde und Informationen am besten formulieren k\u00f6nnen. Denken Sie daran, dass ein h\u00f6flicher und respektvoller Ton, eine gute Strukturierung des Textes sowie eine fehlerfreie Rechtschreibung und Grammatik zu einem erfolgreichen und professionellen K\u00fcndigungsschreiben beitragen. Viel Erfolg!<\/p>\r\n\r\n<\/div><\/div>\r\n\r\n<!-- wp:separator -->\r\n\r\n<hr class=\"wp-block-separator has-alpha-channel-opacity\" \/>","protected":false},"excerpt":{"rendered":"<p>Muster und Vorlage f\u00fcr K\u00fcndigungsschreiben Fitnessstudio K\u00fcndigung Fitnessstudio &#8211; Ausf\u00fcllen und Erstellung &#8211; \u00d6ffnen im WORD und PDF Datei und &#8230; <\/p>\n<p class=\"read-more-container\"><a title=\"\u00d6ffnen &#8211; K\u00fcndigungsschreiben Fitnessstudio K\u00fcndigung Fitnessstudio\" class=\"read-more button\" href=\"https:\/\/schreibenpro.com\/de\/kundigungsschreiben-fitnessstudio-kundigung-fitnessstudio-offnen\/#more-630\" aria-label=\"Mehr zu \u00d6ffnen &#8211; K\u00fcndigungsschreiben Fitnessstudio K\u00fcndigung Fitnessstudio\">\u00d6FFNEN <\/a><\/p>\n","protected":false},"author":1,"featured_media":0,"parent":0,"menu_order":0,"comment_status":"closed","ping_status":"closed","template":"","meta":{"footnotes":""},"class_list":{"0":"post-630","1":"page","2":"type-page","3":"status-publish","5":"infinite-scroll-item"},"yoast_head":"<!-- This site is optimized with the Yoast SEO plugin v24.6 - https:\/\/yoast.com\/wordpress\/plugins\/seo\/ -->\n<title>\u00d6ffnen - K\u00fcndigungsschreiben Fitnessstudio K\u00fcndigung Fitnessstudio - Schreiben PRO<\/title>\n<meta name=\"robots\" content=\"noindex, follow\" \/>\n<meta property=\"og:locale\" content=\"de_DE\" \/>\n<meta property=\"og:type\" content=\"article\" \/>\n<meta property=\"og:title\" content=\"\u00d6ffnen - K\u00fcndigungsschreiben Fitnessstudio K\u00fcndigung Fitnessstudio - Schreiben PRO\" \/>\n<meta property=\"og:description\" content=\"Muster und Vorlage f\u00fcr K\u00fcndigungsschreiben Fitnessstudio K\u00fcndigung Fitnessstudio &#8211; Ausf\u00fcllen und Erstellung &#8211; \u00d6ffnen im WORD und PDF Datei und ... \u00d6FFNEN\" \/>\n<meta property=\"og:url\" content=\"https:\/\/schreibenpro.com\/de\/kundigungsschreiben-fitnessstudio-kundigung-fitnessstudio-offnen\/\" \/>\n<meta property=\"og:site_name\" content=\"Schreiben PRO\" \/>\n<meta property=\"og:image\" content=\"https:\/\/schreibenpro.com\/de\/wp-content\/uploads\/kundigungsschreiben-fitnessstudio-kundigung-fitnessstudio-muster-vorlage.jpg\" \/>\n<meta name=\"twitter:card\" content=\"summary_large_image\" \/>\n<meta name=\"twitter:label1\" content=\"Gesch\u00e4tzte Lesezeit\" \/>\n\t<meta name=\"twitter:data1\" content=\"1\u00a0Minute\" \/>\n<!-- \/ Yoast SEO plugin. -->","yoast_head_json":{"title":"\u00d6ffnen - K\u00fcndigungsschreiben Fitnessstudio K\u00fcndigung Fitnessstudio - Schreiben PRO","robots":{"index":"noindex","follow":"follow"},"og_locale":"de_DE","og_type":"article","og_title":"\u00d6ffnen - K\u00fcndigungsschreiben Fitnessstudio K\u00fcndigung Fitnessstudio - Schreiben PRO","og_description":"Muster und Vorlage f\u00fcr K\u00fcndigungsschreiben Fitnessstudio K\u00fcndigung Fitnessstudio &#8211; Ausf\u00fcllen und Erstellung &#8211; \u00d6ffnen im WORD und PDF Datei und ... \u00d6FFNEN","og_url":"https:\/\/schreibenpro.com\/de\/kundigungsschreiben-fitnessstudio-kundigung-fitnessstudio-offnen\/","og_site_name":"Schreiben PRO","og_image":[{"url":"https:\/\/schreibenpro.com\/de\/wp-content\/uploads\/kundigungsschreiben-fitnessstudio-kundigung-fitnessstudio-muster-vorlage.jpg","type":"","width":"","height":""}],"twitter_card":"summary_large_image","twitter_misc":{"Gesch\u00e4tzte Lesezeit":"1\u00a0Minute"},"schema":{"@context":"https:\/\/schema.org","@graph":[{"@type":"WebPage","@id":"https:\/\/schreibenpro.com\/de\/kundigungsschreiben-fitnessstudio-kundigung-fitnessstudio-offnen\/","url":"https:\/\/schreibenpro.com\/de\/kundigungsschreiben-fitnessstudio-kundigung-fitnessstudio-offnen\/","name":"\u00d6ffnen - K\u00fcndigungsschreiben Fitnessstudio K\u00fcndigung Fitnessstudio - Schreiben PRO","isPartOf":{"@id":"https:\/\/schreibenpro.com\/de\/#website"},"primaryImageOfPage":{"@id":"https:\/\/schreibenpro.com\/de\/kundigungsschreiben-fitnessstudio-kundigung-fitnessstudio-offnen\/#primaryimage"},"image":{"@id":"https:\/\/schreibenpro.com\/de\/kundigungsschreiben-fitnessstudio-kundigung-fitnessstudio-offnen\/#primaryimage"},"thumbnailUrl":"https:\/\/schreibenpro.com\/de\/wp-content\/uploads\/kundigungsschreiben-fitnessstudio-kundigung-fitnessstudio-muster-vorlage.jpg","datePublished":"2023-12-18T08:25:08+00:00","breadcrumb":{"@id":"https:\/\/schreibenpro.com\/de\/kundigungsschreiben-fitnessstudio-kundigung-fitnessstudio-offnen\/#breadcrumb"},"inLanguage":"de","potentialAction":[{"@type":"ReadAction","target":["https:\/\/schreibenpro.com\/de\/kundigungsschreiben-fitnessstudio-kundigung-fitnessstudio-offnen\/"]}]},{"@type":"ImageObject","inLanguage":"de","@id":"https:\/\/schreibenpro.com\/de\/kundigungsschreiben-fitnessstudio-kundigung-fitnessstudio-offnen\/#primaryimage","url":"https:\/\/schreibenpro.com\/de\/wp-content\/uploads\/anschreiben-zum-angebot-muster-vorlage.jpg","contentUrl":"https:\/\/schreibenpro.com\/de\/wp-content\/uploads\/anschreiben-zum-angebot-muster-vorlage.jpg","width":1410,"height":2250},{"@type":"BreadcrumbList","@id":"https:\/\/schreibenpro.com\/de\/kundigungsschreiben-fitnessstudio-kundigung-fitnessstudio-offnen\/#breadcrumb","itemListElement":[{"@type":"ListItem","position":1,"name":"Portada","item":"https:\/\/schreibenpro.com\/de\/"},{"@type":"ListItem","position":2,"name":"\u00d6ffnen &#8211; K\u00fcndigungsschreiben Fitnessstudio K\u00fcndigung Fitnessstudio"}]},{"@type":"WebSite","@id":"https:\/\/schreibenpro.com\/de\/#website","url":"https:\/\/schreibenpro.com\/de\/","name":"Schreiben PRO","description":"Muster und Vorlage","publisher":{"@id":"https:\/\/schreibenpro.com\/de\/#organization"},"potentialAction":[{"@type":"SearchAction","target":{"@type":"EntryPoint","urlTemplate":"https:\/\/schreibenpro.com\/de\/?s={search_term_string}"},"query-input":{"@type":"PropertyValueSpecification","valueRequired":true,"valueName":"search_term_string"}}],"inLanguage":"de"},{"@type":"Organization","@id":"https:\/\/schreibenpro.com\/de\/#organization","name":"Schreiben PRO","url":"https:\/\/schreibenpro.com\/de\/","logo":{"@type":"ImageObject","inLanguage":"de","@id":"https:\/\/schreibenpro.com\/de\/#\/schema\/logo\/image\/","url":"https:\/\/schreibenpro.com\/de\/wp-content\/uploads\/cropped-fav.png","contentUrl":"https:\/\/schreibenpro.com\/de\/wp-content\/uploads\/cropped-fav.png","width":512,"height":512,"caption":"Schreiben PRO"},"image":{"@id":"https:\/\/schreibenpro.com\/de\/#\/schema\/logo\/image\/"}}]}},"_links":{"self":[{"href":"https:\/\/schreibenpro.com\/de\/wp-json\/wp\/v2\/pages\/630","targetHints":{"allow":["GET"]}}],"collection":[{"href":"https:\/\/schreibenpro.com\/de\/wp-json\/wp\/v2\/pages"}],"about":[{"href":"https:\/\/schreibenpro.com\/de\/wp-json\/wp\/v2\/types\/page"}],"author":[{"embeddable":true,"href":"https:\/\/schreibenpro.com\/de\/wp-json\/wp\/v2\/users\/1"}],"replies":[{"embeddable":true,"href":"https:\/\/schreibenpro.com\/de\/wp-json\/wp\/v2\/comments?post=630"}],"version-history":[{"count":0,"href":"https:\/\/schreibenpro.com\/de\/wp-json\/wp\/v2\/pages\/630\/revisions"}],"wp:attachment":[{"href":"https:\/\/schreibenpro.com\/de\/wp-json\/wp\/v2\/media?parent=630"}],"curies":[{"name":"wp","href":"https:\/\/api.w.org\/{rel}","templated":true}]}}