{"id":634,"date":"2023-12-18T08:25:10","date_gmt":"2023-12-18T08:25:10","guid":{"rendered":"https:\/\/schreibenpro.com\/de\/dankschreiben-nach-vorstellungsgesprach-offnen\/"},"modified":"2023-12-18T08:25:10","modified_gmt":"2023-12-18T08:25:10","slug":"dankschreiben-nach-vorstellungsgesprach-offnen","status":"publish","type":"page","link":"https:\/\/schreibenpro.com\/de\/dankschreiben-nach-vorstellungsgesprach-offnen\/","title":{"rendered":"\u00d6ffnen &#8211; Dankschreiben Nach Vorstellungsgespr\u00e4ch"},"content":{"rendered":"\r\n<p class=\"has-text-align-center\">Muster und Vorlage f\u00fcr <strong> Dankschreiben Nach Vorstellungsgespr\u00e4ch<\/strong> &#8211; Ausf\u00fcllen und Erstellung  &#8211; \u00d6ffnen im <strong>WORD  PDF<\/strong> Datei und Online<\/p>\r\n\r\n\r\n\r\n\r\n<div class=\"wp-block-image\">\r\n<figure class=\"aligncenter size-large is-resized\"><img loading=\"lazy\" decoding=\"async\" class=\"wp-image-215\" src=\"https:\/\/schreibenpro.com\/de\/wp-content\/uploads\/dankschreiben-nach-vorstellungsgesprach-muster-vorlage.jpg\" alt=\"\" width=\"245\" height=\"391\" \/><\/figure>\r\n<\/div>\r\n\r\n\r\n\r\n<hr class=\"wp-block-separator has-alpha-channel-opacity\" \/>\r\n\r\n\r\n\r\n\r\n\r\n<div class=\"su-note\"  style=\"border-color:#e5e5e5;border-radius:10px;-moz-border-radius:10px;-webkit-border-radius:10px;\"><div class=\"su-note-inner su-u-clearfix su-u-trim\" style=\"background-color:#FFFFFF;border-color:#ffffff;color:#333333;border-radius:10px;-moz-border-radius:10px;-webkit-border-radius:10px;\">\r\n\r\n<section id=\"specialParagraph\"><p>Sehr geehrter Herr\/Frau [Nachname des Ansprechpartners],<\/p>  <p>ich bedanke mich herzlich f\u00fcr das freundliche und informative Vorstellungsgespr\u00e4ch am [Datum des Gespr\u00e4chs]. Ich habe die M\u00f6glichkeit, Ihr Unternehmen n\u00e4her kennenzulernen und \u00fcber meine F\u00e4higkeiten und Erfahrungen zu sprechen, sehr genossen.<\/p>  <p>Im Folgenden m\u00f6chte ich Ihnen eine Zusammenfassung des Gespr\u00e4chs geben und einige Punkte hervorheben, die mich besonders begeistert haben:<\/p>  <h3>Zusammenfassung und Eindruck des Gespr\u00e4chs<\/h3> <dl> <dt>1. Unternehmenspr\u00e4sentation<\/dt> <dd>Die detaillierte Pr\u00e4sentation des Unternehmens hat mir sehr geholfen, einen umfassenden Einblick in Ihre Produkte\/Dienstleistungen und Ihre Vision zu bekommen. Besonders beeindruckend fand ich [einen bestimmten Aspekt der Pr\u00e4sentation erw\u00e4hnen].<\/dd>  <dt>2. Team und Arbeitsatmosph\u00e4re<\/dt> <dd>Das Gespr\u00e4ch mit den Teammitgliedern war \u00e4u\u00dferst positiv und hat deutlich gemacht, dass Ihr Unternehmen gro\u00dfen Wert auf ein kooperatives und unterst\u00fctzendes Arbeitsumfeld legt. Ich sp\u00fcrte eine echte Teamdynamik und habe mich direkt wohl gef\u00fchlt.<\/dd>  <dt>3. Stellenanforderungen und meine Qualifikationen<\/dt> <dd>Die Besprechung der Anforderungen f\u00fcr die zu besetzende Stelle hat mir gezeigt, dass meine Erfahrungen und F\u00e4higkeiten gut zu den Aufgaben passen. Insbesondere [eigene St\u00e4rken\/Qualifikationen in Bezug auf die Stellenanforderungen erw\u00e4hnen].<\/dd> <\/dl>  <p>Ich bin davon \u00fcberzeugt, dass meine Leidenschaft, meine Erfahrungen und meine F\u00e4higkeiten einen wertvollen Beitrag zu Ihrem Unternehmen leisten k\u00f6nnen.<\/p>  <h3>Nachgespr\u00e4chsfolgen<\/h3> <p>Gem\u00e4\u00df unserer Vereinbarung sende ich Ihnen hiermit meine Referenzen und ein Arbeitsbeispiel, um meine Eignung f\u00fcr die Stelle weiter zu unterstreichen. Sollten Sie noch weitere Informationen oder Unterlagen ben\u00f6tigen, stehe ich Ihnen gerne zur Verf\u00fcgung.<\/p>  <p>Ich bedanke mich nochmals f\u00fcr die Gelegenheit, mich bei Ihnen vorstellen zu d\u00fcrfen. Es w\u00e4re mir eine gro\u00dfe Freude, Teil Ihres Teams zu werden und mich einzubringen. Ich freue mich auf eine positive R\u00fcckmeldung von Ihnen.<\/p>  <p>Mit freundlichen Gr\u00fc\u00dfen,<\/p>  <p><strong>Ihr Name<\/strong><\/p><\/section><\/div><\/div>\r\n\r\n&nbsp;\r\n\r\n\r\n\r\n\r\n\r\n\r\n<p class=\"has-text-align-center\">Vorlage und Muster f\u00fcr <strong> Dankschreiben Nach Vorstellungsgespr\u00e4ch <\/strong> zur Anpassung und Erstellung  im <strong>WORD<\/strong>\u2013 und <strong>PDF-Format<\/strong><\/p>\r\n\r\n\r\n<button id=\"generatePDF\">Erstellen (PDF &#8211; WORD)<\/button>\r\n\r\n\r\n\r\n<hr class=\"wp-block-separator has-alpha-channel-opacity\" \/>\r\n\r\n\r\n\r\n<p style=\"text-align: center;\"><strong>Dankschreiben Nach Vorstellungsgespr\u00e4ch<\/strong><\/p>\r\n\r\n<div class=\"wp-block-columns is-layout-flex wp-container-core-columns-is-layout-9d6595d7 wp-block-columns-is-layout-flex\">\r\n\r\n\r\n<div class=\"wp-block-column is-layout-flow wp-block-column-is-layout-flow\"><div class=\"su-button-center\"><a href=\"https:\/\/karrierebibel.de\/wp-content\/uploads\/2018\/03\/Dankschreiben-Vorlage-Bewerbungsgespraech-Muster.pdf\" class=\"su-button su-button-style-flat\" style=\"color:#FFFFFF;background-color:#144bb6;border-color:#103c92;border-radius:1px\" target=\"_self\"><span style=\"color:#FFFFFF;padding:0px 24px;font-size:18px;line-height:36px;border-color:#5b81cc;border-radius:1px;text-shadow:none\">   PDF <\/span><\/a><\/div>\n<\/div>\r\n\r\n\r\n\r\n<div class=\"wp-block-column is-layout-flow wp-block-column-is-layout-flow\"><div class=\"su-button-center\"><a href=\"https:\/\/karrierebibel.de\/wp-content\/uploads\/2018\/03\/Dankschreiben-Vorlage-Bewerbungsgespraech-Muster.pdf\" class=\"su-button su-button-style-flat\" style=\"color:#FFFFFF;background-color:#144bb6;border-color:#103c92;border-radius:1px\" target=\"_self\"><span style=\"color:#FFFFFF;padding:0px 24px;font-size:18px;line-height:36px;border-color:#5b81cc;border-radius:1px;text-shadow:none\">   DOC<\/span><\/a><\/div>\n<\/div>\r\n\r\n\r\n<\/div>\r\n\r\n\r\n\r\n<p style=\"text-align: center;\"><strong>Beispiele<\/strong><\/p>\r\n\r\n<div class=\"wp-block-columns is-layout-flex wp-container-core-columns-is-layout-9d6595d7 wp-block-columns-is-layout-flex\">\r\n\r\n\r\n<div class=\"wp-block-column is-layout-flow wp-block-column-is-layout-flow\"><div class=\"su-button-center\"><a href=\"https:\/\/link.springer.com\/content\/pdf\/10.1007\/978-3-658-10790-1_12.pdf\" class=\"su-button su-button-style-flat\" style=\"color:#FFFFFF;background-color:#144bb6;border-color:#103c92;border-radius:1px\" target=\"_self\"><span style=\"color:#FFFFFF;padding:0px 24px;font-size:18px;line-height:36px;border-color:#5b81cc;border-radius:1px;text-shadow:none\">  Beispiel &#8211; 1 <\/span><\/a><\/div>\n<\/div>\r\n\r\n\r\n\r\n<div class=\"wp-block-column is-layout-flow wp-block-column-is-layout-flow\"><div class=\"su-button-center\"><a href=\"https:\/\/link.springer.com\/content\/pdf\/10.34157\/9783648155134-149.pdf\" class=\"su-button su-button-style-flat\" style=\"color:#FFFFFF;background-color:#144bb6;border-color:#103c92;border-radius:1px\" target=\"_self\"><span style=\"color:#FFFFFF;padding:0px 24px;font-size:18px;line-height:36px;border-color:#5b81cc;border-radius:1px;text-shadow:none\">  Beispiel &#8211; 2 <\/span><\/a><\/div>\n<\/div>\r\n\r\n\r\n<\/div>\r\n\r\n\r\n<hr class=\"wp-block-separator has-alpha-channel-opacity\" \/>\r\n\r\n\r\n\r\n<div class=\"wp-block-columns is-layout-flex wp-container-core-columns-is-layout-9d6595d7 wp-block-columns-is-layout-flex\">\r\n\r\n\r\n<div class=\"wp-block-column is-layout-flow wp-block-column-is-layout-flow\"><div class=\"su-button-center\"><a href=\"https:\/\/karrierebibel.de\/wp-content\/uploads\/2018\/03\/Dankschreiben-Vorlage-Bewerbungsgespraech-Muster.pdf\" class=\"su-button su-button-style-flat\" style=\"color:#FFFFFF;background-color:#144bb6;border-color:#103c92;border-radius:1px\" target=\"_self\"><span style=\"color:#FFFFFF;padding:0px 24px;font-size:18px;line-height:36px;border-color:#5b81cc;border-radius:1px;text-shadow:none\">  Beispiel &#8211; 3 <\/span><\/a><\/div>\n<\/div>\r\n\r\n\r\n\r\n<div class=\"wp-block-column is-layout-flow wp-block-column-is-layout-flow\"><div class=\"su-button-center\"><a href=\"https:\/\/karrierebibel.de\/wp-content\/uploads\/2018\/03\/Dankschreiben-Vorlage-Bewerbungsgespraech-Muster.pdf\" class=\"su-button su-button-style-flat\" style=\"color:#FFFFFF;background-color:#144bb6;border-color:#103c92;border-radius:1px\" target=\"_self\"><span style=\"color:#FFFFFF;padding:0px 24px;font-size:18px;line-height:36px;border-color:#5b81cc;border-radius:1px;text-shadow:none\">  Beispiel &#8211; 4 <\/span><\/a><\/div>\n<\/div>\r\n\r\n\r\n<\/div>\r\n\r\n\r\n<hr class=\"wp-block-separator has-alpha-channel-opacity\" \/>\r\n\r\n<!-- \/wp:post-content -->\r\n\r\n<!-- wp:table {\"align\":\"center\"} -->\r\n<figure class=\"wp-block-table aligncenter\">\r\n<table>\r\n<tbody>\r\n<tr>\r\n<td style=\"text-align: center;\">Dankschreiben Nach Vorstellungsgespr\u00e4ch<\/td>\r\n<\/tr>\r\n<tr>\r\n<td style=\"text-align: center;\">PDF &#8211; WORD Datei<\/td>\r\n<\/tr>\r\n<tr>\r\n<td style=\"text-align: center;\">Bewertung: \u2b50\u2b50\u2b50\u2b50\u2b50 4.2<\/td>\r\n<\/tr>\r\n<tr>\r\n<td style=\"text-align: center;\">Ergebnisse &#8211; 1252<\/td>\r\n<\/tr>\r\n<\/tbody>\r\n<\/table>\r\n<\/figure>\r\n<!-- \/wp:table -->\r\n\r\n<!-- wp:separator -->\r\n\r\n<hr class=\"wp-block-separator has-alpha-channel-opacity\" \/>\r\n\r\n<!-- \/wp:separator -->\r\n\r\n<div class=\"su-note\"  style=\"border-color:#e5e5e5;border-radius:10px;-moz-border-radius:10px;-webkit-border-radius:10px;\"><div class=\"su-note-inner su-u-clearfix su-u-trim\" style=\"background-color:#FFFFFF;border-color:#ffffff;color:#333333;border-radius:10px;-moz-border-radius:10px;-webkit-border-radius:10px;\">\r\n\r\n<p>Ein Dankschreiben nach einem Vorstellungsgespr\u00e4ch ist eine wichtige Form der Kommunikation, um dem potenziellen Arbeitgeber Ihre Dankbarkeit f\u00fcr die M\u00f6glichkeit, an einem Vorstellungsgespr\u00e4ch teilnehmen zu k\u00f6nnen, zum Ausdruck zu bringen. Es ist auch eine Gelegenheit, Ihre Begeisterung f\u00fcr die Position und Ihr Interesse an dem Unternehmen zu betonen.<\/p>  <p>In diesem Leitfaden werden wir Ihnen Schritt f\u00fcr Schritt erkl\u00e4ren, wie Sie ein effektives Dankschreiben verfassen k\u00f6nnen. Von der Einleitung \u00fcber den Hauptteil bis hin zum Schluss werden wir Ihnen wertvolle Tipps und Beispiele geben, die Ihnen dabei helfen, einen positiven Eindruck zu hinterlassen.<\/p>  <h3>1. Einleitung<\/h3>  <p>Ihre Einleitung sollte h\u00f6flich und professionell sein. Beginnen Sie mit einer Begr\u00fc\u00dfung und bedanken Sie sich f\u00fcr die M\u00f6glichkeit, an dem Vorstellungsgespr\u00e4ch teilgenommen zu haben. Nennen Sie das Datum des Interviews sowie den Namen der Person(en), mit der Sie gesprochen haben. Sie k\u00f6nnen Ihre Begeisterung f\u00fcr die Stelle und das Unternehmen in diesem Abschnitt auch noch einmal betonen.<\/p>  <p>Beispiel:<\/p>  <blockquote> <p>Sehr geehrte\/r Herr\/Frau [Nachname des Personalsuchenden],<\/p>  <p>Ich m\u00f6chte mich herzlich daf\u00fcr bedanken, dass Sie mir die Gelegenheit gegeben haben, mich gestern mit Ihnen \u00fcber die Position [Stellenbezeichnung] bei [Unternehmen] zu unterhalten. Es war eine gro\u00dfartige M\u00f6glichkeit, mehr \u00fcber das Unternehmen und die Anforderungen der Stelle zu erfahren, und ich bin noch begeisterter von der M\u00f6glichkeit, Teil Ihres Teams zu sein.<\/p> <\/blockquote>  <h3>2. Hauptteil<\/h3>  <p>Der Hauptteil Ihres Dankschreibens ist der Ort, an dem Sie Ihre Begeisterung und Ihr Interesse an der Position und dem Unternehmen weiter ausf\u00fchren k\u00f6nnen. Erw\u00e4hnen Sie spezifische Aspekte des Vorstellungsgespr\u00e4chs, die Sie besonders interessant fanden, wie z.B. Details \u00fcber die Position, das Unternehmen oder die Unternehmenskultur. Sie k\u00f6nnen auch Ihre F\u00e4higkeiten und Erfahrungen noch einmal betonen, um zu zeigen, wie gut Sie zur Stelle passen.<\/p>  <p>Beispiel:<\/p>  <blockquote> <p>W\u00e4hrend des Vorstellungsgespr\u00e4chs wurde mir bewusst, wie gut die Position [Stellenbezeichnung] zu meinen F\u00e4higkeiten und Erfahrungen passt. Die Projekte, an denen das Unternehmen arbeitet, und die Unternehmenskultur haben mich besonders beeindruckt. Ich sch\u00e4tze die Werte des Unternehmens, wie Teamarbeit und Innovation, sehr und bin \u00fcberzeugt, dass ich einen wertvollen Beitrag innerhalb des Teams leisten kann.<\/p> <\/blockquote>  <h3>3. Schluss<\/h3>  <p>Der Schlussteil Ihres Dankschreibens sollte Ihren Dank noch einmal betonen und Ihre Bereitschaft zum Ausdruck bringen, weitere Fragen zu beantworten oder weitere Informationen zur Verf\u00fcgung zu stellen. Geben Sie auch Ihre Kontaktdaten an, wie z.B. Ihre Telefonnummer und E-Mail-Adresse. Beenden Sie den Brief h\u00f6flich mit einer Gru\u00dfformel wie &#8220;Mit freundlichen Gr\u00fc\u00dfen&#8221; oder &#8220;Hochachtungsvoll&#8221; und Ihrem vollst\u00e4ndigen Namen.<\/p>  <p>Beispiel:<\/p>  <blockquote> <p>Nochmals m\u00f6chte ich mich herzlich f\u00fcr die Gelegenheit bedanken, mich mit Ihnen \u00fcber die Position [Stellenbezeichnung] bei [Unternehmen] zu unterhalten. Ich stehe Ihnen gerne zur Verf\u00fcgung, um weitere Fragen zu beantworten oder weitere Informationen bereitzustellen. Sie k\u00f6nnen mich jederzeit unter der Telefonnummer [Telefonnummer] oder per E-Mail unter [E-Mail-Adresse] erreichen.<\/p>  <p>Mit freundlichen Gr\u00fc\u00dfen,<\/p>  [Ihr vollst\u00e4ndiger Name] <\/blockquote>  <h3>4. Wichtige \u00dcberlegungen zur formalen Gestaltung<\/h3>  <p>Ein Dankschreiben nach einem Vorstellungsgespr\u00e4ch sollte formal und gut strukturiert sein. Verwenden Sie eine professionelle Schriftart und halten Sie den Brief auf eine Seite. Beachten Sie auch die Grammatik und Rechtschreibung, um einen professionellen Eindruck zu hinterlassen. Korrekturlesen Sie Ihren Brief sorgf\u00e4ltig, um sicherzustellen, dass Sie Fehler vermeiden.<\/p>  <p>Es ist auch wichtig, das Dankschreiben so schnell wie m\u00f6glich nach dem Vorstellungsgespr\u00e4ch zu versenden. Innerhalb von 24 Stunden wird empfohlen, um den Eindruck eines engagierten und aufmerksamen Bewerbers zu vermitteln.<\/p>  <h3>5. Aufbau eines effektiven Dankschreibens<\/h3>  <p>Ein effektives Dankschreiben nach einem Vorstellungsgespr\u00e4ch sollte die folgenden Merkmale aufweisen:<\/p>  <ul> <li>Seien Sie dankbar und professionell in Ihrer Sprache<\/li> <li>Zeigen Sie Begeisterung und Interesse an der Position und dem Unternehmen<\/li> <li>Betonen Sie Ihre F\u00e4higkeiten und Erfahrungen, die zur Stelle passen<\/li> <li>Erw\u00e4hnen Sie spezifische Aspekte des Vorstellungsgespr\u00e4chs, die Sie beeindruckt haben<\/li> <li>Bieten Sie an, weitere Fragen zu beantworten oder weitere Informationen bereitzustellen<\/li> <li>Geben Sie Ihre Kontaktdaten an<\/li> <li>Verwenden Sie eine formale und gut strukturierte Formatierung<\/li> <li>Halten Sie den Brief auf eine Seite<\/li> <li>\u00dcberpr\u00fcfen Sie Grammatik und Rechtschreibung<\/li> <li>Senden Sie das Dankschreiben innerhalb von 24 Stunden nach dem Vorstellungsgespr\u00e4ch<\/li> <\/ul>  <p>Indem Sie diese Schritte befolgen und die oben genannten Tipps und Beispiele verwenden, k\u00f6nnen Sie ein \u00fcberzeugendes und professionelles Dankschreiben nach einem Vorstellungsgespr\u00e4ch verfassen. Vergessen Sie nicht, Ihre Pers\u00f6nlichkeit und Ihren individuellen Stil in den Brief einflie\u00dfen zu lassen, um sich von anderen Bewerbern abzuheben.<\/p>\r\n\r\n<\/div><\/div>\r\n\r\n<!-- wp:separator -->\r\n\r\n<hr class=\"wp-block-separator has-alpha-channel-opacity\" \/>","protected":false},"excerpt":{"rendered":"<p>Muster und Vorlage f\u00fcr Dankschreiben Nach Vorstellungsgespr\u00e4ch &#8211; Ausf\u00fcllen und Erstellung &#8211; \u00d6ffnen im WORD PDF Datei und Online &nbsp; &#8230; <\/p>\n<p class=\"read-more-container\"><a title=\"\u00d6ffnen &#8211; Dankschreiben Nach Vorstellungsgespr\u00e4ch\" class=\"read-more button\" href=\"https:\/\/schreibenpro.com\/de\/dankschreiben-nach-vorstellungsgesprach-offnen\/#more-634\" aria-label=\"Mehr zu \u00d6ffnen &#8211; Dankschreiben Nach Vorstellungsgespr\u00e4ch\">\u00d6FFNEN <\/a><\/p>\n","protected":false},"author":1,"featured_media":0,"parent":0,"menu_order":0,"comment_status":"closed","ping_status":"closed","template":"","meta":{"footnotes":""},"class_list":{"0":"post-634","1":"page","2":"type-page","3":"status-publish","5":"infinite-scroll-item"},"yoast_head":"<!-- This site is optimized with the Yoast SEO plugin v24.6 - https:\/\/yoast.com\/wordpress\/plugins\/seo\/ -->\n<title>\u00d6ffnen - Dankschreiben Nach Vorstellungsgespr\u00e4ch - Schreiben PRO<\/title>\n<meta name=\"robots\" content=\"noindex, follow\" \/>\n<meta property=\"og:locale\" content=\"de_DE\" \/>\n<meta property=\"og:type\" content=\"article\" \/>\n<meta property=\"og:title\" content=\"\u00d6ffnen - Dankschreiben Nach Vorstellungsgespr\u00e4ch - Schreiben PRO\" \/>\n<meta property=\"og:description\" content=\"Muster und Vorlage f\u00fcr Dankschreiben Nach Vorstellungsgespr\u00e4ch &#8211; Ausf\u00fcllen und Erstellung &#8211; \u00d6ffnen im WORD PDF Datei und Online &nbsp; ... \u00d6FFNEN\" \/>\n<meta property=\"og:url\" content=\"https:\/\/schreibenpro.com\/de\/dankschreiben-nach-vorstellungsgesprach-offnen\/\" \/>\n<meta property=\"og:site_name\" content=\"Schreiben PRO\" \/>\n<meta property=\"og:image\" content=\"https:\/\/schreibenpro.com\/de\/wp-content\/uploads\/dankschreiben-nach-vorstellungsgesprach-muster-vorlage.jpg\" \/>\n<meta name=\"twitter:card\" content=\"summary_large_image\" \/>\n<meta name=\"twitter:label1\" content=\"Gesch\u00e4tzte Lesezeit\" \/>\n\t<meta name=\"twitter:data1\" content=\"1\u00a0Minute\" \/>\n<!-- \/ Yoast SEO plugin. -->","yoast_head_json":{"title":"\u00d6ffnen - Dankschreiben Nach Vorstellungsgespr\u00e4ch - Schreiben PRO","robots":{"index":"noindex","follow":"follow"},"og_locale":"de_DE","og_type":"article","og_title":"\u00d6ffnen - Dankschreiben Nach Vorstellungsgespr\u00e4ch - Schreiben PRO","og_description":"Muster und Vorlage f\u00fcr Dankschreiben Nach Vorstellungsgespr\u00e4ch &#8211; Ausf\u00fcllen und Erstellung &#8211; \u00d6ffnen im WORD PDF Datei und Online &nbsp; ... \u00d6FFNEN","og_url":"https:\/\/schreibenpro.com\/de\/dankschreiben-nach-vorstellungsgesprach-offnen\/","og_site_name":"Schreiben PRO","og_image":[{"url":"https:\/\/schreibenpro.com\/de\/wp-content\/uploads\/dankschreiben-nach-vorstellungsgesprach-muster-vorlage.jpg","type":"","width":"","height":""}],"twitter_card":"summary_large_image","twitter_misc":{"Gesch\u00e4tzte Lesezeit":"1\u00a0Minute"},"schema":{"@context":"https:\/\/schema.org","@graph":[{"@type":"WebPage","@id":"https:\/\/schreibenpro.com\/de\/dankschreiben-nach-vorstellungsgesprach-offnen\/","url":"https:\/\/schreibenpro.com\/de\/dankschreiben-nach-vorstellungsgesprach-offnen\/","name":"\u00d6ffnen - Dankschreiben Nach Vorstellungsgespr\u00e4ch - Schreiben PRO","isPartOf":{"@id":"https:\/\/schreibenpro.com\/de\/#website"},"primaryImageOfPage":{"@id":"https:\/\/schreibenpro.com\/de\/dankschreiben-nach-vorstellungsgesprach-offnen\/#primaryimage"},"image":{"@id":"https:\/\/schreibenpro.com\/de\/dankschreiben-nach-vorstellungsgesprach-offnen\/#primaryimage"},"thumbnailUrl":"https:\/\/schreibenpro.com\/de\/wp-content\/uploads\/dankschreiben-nach-vorstellungsgesprach-muster-vorlage.jpg","datePublished":"2023-12-18T08:25:10+00:00","breadcrumb":{"@id":"https:\/\/schreibenpro.com\/de\/dankschreiben-nach-vorstellungsgesprach-offnen\/#breadcrumb"},"inLanguage":"de","potentialAction":[{"@type":"ReadAction","target":["https:\/\/schreibenpro.com\/de\/dankschreiben-nach-vorstellungsgesprach-offnen\/"]}]},{"@type":"ImageObject","inLanguage":"de","@id":"https:\/\/schreibenpro.com\/de\/dankschreiben-nach-vorstellungsgesprach-offnen\/#primaryimage","url":"https:\/\/schreibenpro.com\/de\/wp-content\/uploads\/anschreiben-zum-angebot-muster-vorlage.jpg","contentUrl":"https:\/\/schreibenpro.com\/de\/wp-content\/uploads\/anschreiben-zum-angebot-muster-vorlage.jpg","width":1410,"height":2250},{"@type":"BreadcrumbList","@id":"https:\/\/schreibenpro.com\/de\/dankschreiben-nach-vorstellungsgesprach-offnen\/#breadcrumb","itemListElement":[{"@type":"ListItem","position":1,"name":"Portada","item":"https:\/\/schreibenpro.com\/de\/"},{"@type":"ListItem","position":2,"name":"\u00d6ffnen &#8211; Dankschreiben Nach Vorstellungsgespr\u00e4ch"}]},{"@type":"WebSite","@id":"https:\/\/schreibenpro.com\/de\/#website","url":"https:\/\/schreibenpro.com\/de\/","name":"Schreiben PRO","description":"Muster und Vorlage","publisher":{"@id":"https:\/\/schreibenpro.com\/de\/#organization"},"potentialAction":[{"@type":"SearchAction","target":{"@type":"EntryPoint","urlTemplate":"https:\/\/schreibenpro.com\/de\/?s={search_term_string}"},"query-input":{"@type":"PropertyValueSpecification","valueRequired":true,"valueName":"search_term_string"}}],"inLanguage":"de"},{"@type":"Organization","@id":"https:\/\/schreibenpro.com\/de\/#organization","name":"Schreiben PRO","url":"https:\/\/schreibenpro.com\/de\/","logo":{"@type":"ImageObject","inLanguage":"de","@id":"https:\/\/schreibenpro.com\/de\/#\/schema\/logo\/image\/","url":"https:\/\/schreibenpro.com\/de\/wp-content\/uploads\/cropped-fav.png","contentUrl":"https:\/\/schreibenpro.com\/de\/wp-content\/uploads\/cropped-fav.png","width":512,"height":512,"caption":"Schreiben PRO"},"image":{"@id":"https:\/\/schreibenpro.com\/de\/#\/schema\/logo\/image\/"}}]}},"_links":{"self":[{"href":"https:\/\/schreibenpro.com\/de\/wp-json\/wp\/v2\/pages\/634","targetHints":{"allow":["GET"]}}],"collection":[{"href":"https:\/\/schreibenpro.com\/de\/wp-json\/wp\/v2\/pages"}],"about":[{"href":"https:\/\/schreibenpro.com\/de\/wp-json\/wp\/v2\/types\/page"}],"author":[{"embeddable":true,"href":"https:\/\/schreibenpro.com\/de\/wp-json\/wp\/v2\/users\/1"}],"replies":[{"embeddable":true,"href":"https:\/\/schreibenpro.com\/de\/wp-json\/wp\/v2\/comments?post=634"}],"version-history":[{"count":0,"href":"https:\/\/schreibenpro.com\/de\/wp-json\/wp\/v2\/pages\/634\/revisions"}],"wp:attachment":[{"href":"https:\/\/schreibenpro.com\/de\/wp-json\/wp\/v2\/media?parent=634"}],"curies":[{"name":"wp","href":"https:\/\/api.w.org\/{rel}","templated":true}]}}