{"id":635,"date":"2023-12-18T08:25:11","date_gmt":"2023-12-18T08:25:11","guid":{"rendered":"https:\/\/schreibenpro.com\/de\/reklamationsschreiben-reklamation-beschadigte-ware-offnen\/"},"modified":"2023-12-18T08:25:11","modified_gmt":"2023-12-18T08:25:11","slug":"reklamationsschreiben-reklamation-beschadigte-ware-offnen","status":"publish","type":"page","link":"https:\/\/schreibenpro.com\/de\/reklamationsschreiben-reklamation-beschadigte-ware-offnen\/","title":{"rendered":"\u00d6ffnen &#8211; Reklamationsschreiben Reklamation Besch\u00e4digte Ware"},"content":{"rendered":"\r\n<p class=\"has-text-align-center\">Muster und Vorlage f\u00fcr <strong> Reklamationsschreiben Reklamation Besch\u00e4digte Ware<\/strong> &#8211; Erstellung und Ausf\u00fcllen &#8211; \u00d6ffnen im <strong>PDF und WORD<\/strong> Datei und Online<\/p>\r\n\r\n\r\n\r\n\r\n<div class=\"wp-block-image\">\r\n<figure class=\"aligncenter size-large is-resized\"><img loading=\"lazy\" decoding=\"async\" class=\"wp-image-215\" src=\"https:\/\/schreibenpro.com\/de\/wp-content\/uploads\/reklamationsschreiben-reklamation-beschadigte-ware-muster-vorlage.jpg\" alt=\"\" width=\"245\" height=\"391\" \/><\/figure>\r\n<\/div>\r\n\r\n\r\n\r\n<hr class=\"wp-block-separator has-alpha-channel-opacity\" \/>\r\n\r\n\r\n\r\n\r\n\r\n<div class=\"su-note\"  style=\"border-color:#e5e5e5;border-radius:10px;-moz-border-radius:10px;-webkit-border-radius:10px;\"><div class=\"su-note-inner su-u-clearfix su-u-trim\" style=\"background-color:#FFFFFF;border-color:#ffffff;color:#333333;border-radius:10px;-moz-border-radius:10px;-webkit-border-radius:10px;\">\r\n\r\n<section id=\"specialParagraph\"><p><strong>An:<\/strong><\/p> <p>Firma Mustergut<\/p> <p>Musterstra\u00dfe 123<\/p> <p>12345 Musterstadt<\/p> <p>Deutschland<\/p>  <p><strong>Von:<\/strong><\/p> <p>Herr Max Mustermann<\/p> <p>Musterweg 456<\/p> <p>54321 Musterstadt<\/p> <p>Deutschland<\/p>  <p><strong>Datum:<\/strong><\/p> <p>20. Juni 20XX<\/p>  <p><strong>Betreff:<\/strong> Reklamation besch\u00e4digte Ware<\/p>  <p><strong>Sehr geehrte Damen und Herren,<\/strong><\/p>  <p>ich habe am 15. Juni 20XX eine Bestellung bei Ihrer Firma aufgegeben und am 18. Juni 20XX das Paket erhalten. Leider musste ich bei der \u00d6ffnung feststellen, dass die Ware besch\u00e4digt angekommen ist. Ich m\u00f6chte hiermit eine Reklamation einreichen und um eine R\u00fcckerstattung oder Ersatzlieferung bitten.<\/p>  <p><strong>Bestellnummer:<\/strong> 123456789<\/p> <p><strong>Beschreibung der besch\u00e4digten Ware:<\/strong><\/p> <dl> <dt>Produkt:<\/dt> <dd>Modellauto BMW i8<\/dd> <dt>Menge:<\/dt> <dd>1<\/dd> <dt>Besch\u00e4digungen:<\/dt> <dd>Der rechte Au\u00dfenspiegel ist abgebrochen und es liegen Kratzer auf der Motorhaube vor.<\/dd> <\/dl>  <p>Der Schaden an der Ware ist meiner Meinung nach w\u00e4hrend des Transports entstanden. Die Verpackung war \u00e4u\u00dferlich nicht besch\u00e4digt, aber die innere Polsterung war unzureichend, um St\u00f6\u00dfe w\u00e4hrend des Transports zu absorbieren. Ich habe Fotos von der besch\u00e4digten Ware sowie von der Verpackung gemacht und f\u00fcge sie dieser E-Mail bei.<\/p>  <p>Als Kunde bin ich von der Qualit\u00e4t Ihrer Produkte und Ihrer Kundenbetreuung \u00fcberzeugt. Daher bin ich zuversichtlich, dass Sie sich meiner Reklamation annehmen und entsprechende Ma\u00dfnahmen ergreifen werden, um das Problem zu l\u00f6sen.<\/p>  <p>Ich bitte Sie daher um eine R\u00fcckerstattung des Kaufpreises oder um eine Ersatzlieferung der besch\u00e4digten Ware. Bitte teilen Sie mir mit, wie wir weiter vorgehen k\u00f6nnen. Sollten Sie weitere Informationen oder Nachweise ben\u00f6tigen, stehe ich Ihnen gerne zur Verf\u00fcgung.<\/p>  <p>Ich gehe davon aus, dass Sie mein Anliegen ernst nehmen und in angemessener Zeit antworten werden. Ich erwarte eine R\u00fcckmeldung bis zum 1. Juli 20XX.<\/p>  <p>Vielen Dank im Voraus f\u00fcr Ihre Unterst\u00fctzung und Ihre Bem\u00fchungen, dieses Problem zu beheben.<\/p>  <p>Mit freundlichen Gr\u00fc\u00dfen,<\/p>  <p>Herr Max Mustermann<\/p><\/section><\/div><\/div>\r\n\r\n&nbsp;\r\n\r\n\r\n\r\n\r\n\r\n\r\n<p class=\"has-text-align-center\">Vorlage und Muster f\u00fcr <strong> Reklamationsschreiben Reklamation Besch\u00e4digte Ware <\/strong> zur Erstellung und Anpassung im <strong>WORD<\/strong>\u2013 und <strong>PDF-Format<\/strong><\/p>\r\n\r\n\r\n<button id=\"generatePDF\">Erstellen (PDF &#8211; WORD)<\/button>\r\n\r\n\r\n\r\n<hr class=\"wp-block-separator has-alpha-channel-opacity\" \/>\r\n\r\n\r\n\r\n<p style=\"text-align: center;\"><strong>Reklamationsschreiben Reklamation Besch\u00e4digte Ware<\/strong><\/p>\r\n\r\n<div class=\"wp-block-columns is-layout-flex wp-container-core-columns-is-layout-9d6595d7 wp-block-columns-is-layout-flex\">\r\n\r\n\r\n<div class=\"wp-block-column is-layout-flow wp-block-column-is-layout-flow\"><div class=\"su-button-center\"><a href=\"https:\/\/static.webshopapp.com\/shops\/023338\/files\/035999584\/beschwerdeformular-maengelruege-reklamationsschrei.pdf\" class=\"su-button su-button-style-flat\" style=\"color:#FFFFFF;background-color:#144bb6;border-color:#103c92;border-radius:1px\" target=\"_self\"><span style=\"color:#FFFFFF;padding:0px 24px;font-size:18px;line-height:36px;border-color:#5b81cc;border-radius:1px;text-shadow:none\">   PDF <\/span><\/a><\/div>\n<\/div>\r\n\r\n\r\n\r\n<div class=\"wp-block-column is-layout-flow wp-block-column-is-layout-flow\"><div class=\"su-button-center\"><a href=\"https:\/\/static.webshopapp.com\/shops\/023338\/files\/035999584\/beschwerdeformular-maengelruege-reklamationsschrei.pdf\" class=\"su-button su-button-style-flat\" style=\"color:#FFFFFF;background-color:#144bb6;border-color:#103c92;border-radius:1px\" target=\"_self\"><span style=\"color:#FFFFFF;padding:0px 24px;font-size:18px;line-height:36px;border-color:#5b81cc;border-radius:1px;text-shadow:none\">   DOC<\/span><\/a><\/div>\n<\/div>\r\n\r\n\r\n<\/div>\r\n\r\n\r\n\r\n<p style=\"text-align: center;\"><strong>Beispiele<\/strong><\/p>\r\n\r\n<div class=\"wp-block-columns is-layout-flex wp-container-core-columns-is-layout-9d6595d7 wp-block-columns-is-layout-flex\">\r\n\r\n\r\n<div class=\"wp-block-column is-layout-flow wp-block-column-is-layout-flow\"><div class=\"su-button-center\"><a href=\"https:\/\/static.webshopapp.com\/shops\/023338\/files\/035999584\/beschwerdeformular-maengelruege-reklamationsschrei.pdf\" class=\"su-button su-button-style-flat\" style=\"color:#FFFFFF;background-color:#144bb6;border-color:#103c92;border-radius:1px\" target=\"_self\"><span style=\"color:#FFFFFF;padding:0px 24px;font-size:18px;line-height:36px;border-color:#5b81cc;border-radius:1px;text-shadow:none\">  Beispiel &#8211; 1 <\/span><\/a><\/div>\n<\/div>\r\n\r\n\r\n\r\n<div class=\"wp-block-column is-layout-flow wp-block-column-is-layout-flow\"><div class=\"su-button-center\"><a href=\"https:\/\/www.verbraucherzentrale-hessen.de\/sites\/default\/files\/2019-09\/Reklamation-Gewarhrleistung-2019-09.pdf\" class=\"su-button su-button-style-flat\" style=\"color:#FFFFFF;background-color:#144bb6;border-color:#103c92;border-radius:1px\" target=\"_self\"><span style=\"color:#FFFFFF;padding:0px 24px;font-size:18px;line-height:36px;border-color:#5b81cc;border-radius:1px;text-shadow:none\">  Beispiel &#8211; 2 <\/span><\/a><\/div>\n<\/div>\r\n\r\n\r\n<\/div>\r\n\r\n\r\n<hr class=\"wp-block-separator has-alpha-channel-opacity\" \/>\r\n\r\n\r\n\r\n<div class=\"wp-block-columns is-layout-flex wp-container-core-columns-is-layout-9d6595d7 wp-block-columns-is-layout-flex\">\r\n\r\n\r\n<div class=\"wp-block-column is-layout-flow wp-block-column-is-layout-flow\"><div class=\"su-button-center\"><a href=\"https:\/\/sbg.arbeiterkammer.at\/service\/musterbriefeundformulare\/konsument\/reklamationundschadenersatz\/MB_Reklamation.pdf\" class=\"su-button su-button-style-flat\" style=\"color:#FFFFFF;background-color:#144bb6;border-color:#103c92;border-radius:1px\" target=\"_self\"><span style=\"color:#FFFFFF;padding:0px 24px;font-size:18px;line-height:36px;border-color:#5b81cc;border-radius:1px;text-shadow:none\">  Beispiel &#8211; 3 <\/span><\/a><\/div>\n<\/div>\r\n\r\n\r\n\r\n<div class=\"wp-block-column is-layout-flow wp-block-column-is-layout-flow\"><div class=\"su-button-center\"><a href=\"https:\/\/static.webshopapp.com\/shops\/023338\/files\/035999584\/beschwerdeformular-maengelruege-reklamationsschrei.pdf\" class=\"su-button su-button-style-flat\" style=\"color:#FFFFFF;background-color:#144bb6;border-color:#103c92;border-radius:1px\" target=\"_self\"><span style=\"color:#FFFFFF;padding:0px 24px;font-size:18px;line-height:36px;border-color:#5b81cc;border-radius:1px;text-shadow:none\">  Beispiel &#8211; 4 <\/span><\/a><\/div>\n<\/div>\r\n\r\n\r\n<\/div>\r\n\r\n\r\n<hr class=\"wp-block-separator has-alpha-channel-opacity\" \/>\r\n\r\n<!-- \/wp:post-content -->\r\n\r\n<!-- wp:table {\"align\":\"center\"} -->\r\n<figure class=\"wp-block-table aligncenter\">\r\n<table>\r\n<tbody>\r\n<tr>\r\n<td style=\"text-align: center;\">Reklamationsschreiben Reklamation Besch\u00e4digte Ware<\/td>\r\n<\/tr>\r\n<tr>\r\n<td style=\"text-align: center;\">PDF &#8211; WORD Datei<\/td>\r\n<\/tr>\r\n<tr>\r\n<td style=\"text-align: center;\">Bewertung: \u2b50\u2b50\u2b50\u2b50\u2b50 4.57<\/td>\r\n<\/tr>\r\n<tr>\r\n<td style=\"text-align: center;\">Ergebnisse &#8211; 731<\/td>\r\n<\/tr>\r\n<\/tbody>\r\n<\/table>\r\n<\/figure>\r\n<!-- \/wp:table -->\r\n\r\n<!-- wp:separator -->\r\n\r\n<hr class=\"wp-block-separator has-alpha-channel-opacity\" \/>\r\n\r\n<!-- \/wp:separator -->\r\n\r\n<div class=\"su-note\"  style=\"border-color:#e5e5e5;border-radius:10px;-moz-border-radius:10px;-webkit-border-radius:10px;\"><div class=\"su-note-inner su-u-clearfix su-u-trim\" style=\"background-color:#FFFFFF;border-color:#ffffff;color:#333333;border-radius:10px;-moz-border-radius:10px;-webkit-border-radius:10px;\">\r\n\r\n<p>Ein Reklamationsschreiben wird verwendet, um ein Problem oder eine Beschwerde bez\u00fcglich eines Produkts oder einer Dienstleistung zu kommunizieren. In diesem Fall geht es um ein Reklamationsschreiben f\u00fcr besch\u00e4digte Ware. In diesem Leitfaden werden wir die einzelnen Schritte und Bestandteile des Briefschreibens ausf\u00fchrlich erl\u00e4utern, sowie wichtige \u00dcberlegungen zur formalen Gestaltung und zum Aufbau eines effektiven Briefes.<\/p>  <h3>Schritt 1: Einleitung<\/h3>  <p>Die Einleitung dient dazu, den Zweck des Briefes klar zu machen und das Problem zu beschreiben. Beginnen Sie den Brief mit einer h\u00f6flichen Anrede und einer kurzen Einleitung.<\/p>  <p><strong>Beispiel:<\/strong><\/p>  <p>Sehr geehrte Damen und Herren,<\/p>  <p>hiermit m\u00f6chte ich Sie h\u00f6flichst auf ein Problem hinweisen, das ich mit einem bei Ihnen gekauften Produkt habe. Am xx.xx.xxxx habe ich bei Ihnen eine Ware bestellt und sie am xx.xx.xxxx erhalten. Leider ist das Produkt bei der Lieferung besch\u00e4digt worden.<\/p>  <h3>Schritt 2: Hauptteil<\/h3>  <p>Der Hauptteil des Briefes dient dazu, das Problem im Detail zu beschreiben und m\u00f6gliche L\u00f6sungen vorzuschlagen. Hier ist es wichtig, alle relevanten Informationen anzugeben, wie z.B. Bestellnummer, Kaufdatum und Beschreibung des Schadens.<\/p>  <p><strong>Beispiel:<\/strong><\/p>  <p>Die Bestellnummer f\u00fcr das betroffene Produkt lautet XXXXXX. Am xx.xx.xxxx habe ich das Produkt erhalten und dabei festgestellt, dass es starke Besch\u00e4digungen aufweist. Insbesondere ist die Verpackung eingedellt und das Produkt selbst weist Kratzer und Risse auf. Ich habe das Produkt umgehend nach der Lieferung inspiziert und den Schaden festgestellt.<\/p>  <p>Ich bitte um eine angemessene L\u00f6sung f\u00fcr dieses Problem. Eine M\u00f6glichkeit w\u00e4re, das besch\u00e4digte Produkt zur\u00fcckzusenden und einen Ersatz oder eine R\u00fcckerstattung zu erhalten. Alternativ k\u00f6nnte auch eine Reparatur oder ein Austausch des besch\u00e4digten Teils vorgenommen werden. Bitte teilen Sie mir mit, welche Optionen f\u00fcr mich zur Verf\u00fcgung stehen und wie wir das weitere Vorgehen vereinbaren k\u00f6nnen.<\/p>  <h3>Schritt 3: Schluss<\/h3>  <p>Im Schlussteil des Briefes sollten Sie nochmal h\u00f6flich um eine schnelle und angemessene L\u00f6sung bitten. Au\u00dferdem k\u00f6nnen Sie angeben, wie Sie erreichbar sind und wie lange Sie auf eine Antwort warten m\u00f6chten.<\/p>  <p><strong>Beispiel:<\/strong><\/p>  <p>Ich hoffe auf eine z\u00fcgige und zufriedenstellende L\u00f6sung dieses Problems und bin gerne bereit, weitere Informationen oder Fotos des Schadens zur Verf\u00fcgung zu stellen. Sie k\u00f6nnen mich telefonisch unter der Nummer XXXX oder per E-Mail unter XXXX erreichen. Bitte teilen Sie mir bis zum XX.XX.XXXX mit, wie wir das Problem l\u00f6sen k\u00f6nnen.<\/p>  <p>Vielen Dank im Voraus f\u00fcr Ihre Unterst\u00fctzung und Ihr Verst\u00e4ndnis.<\/p>  <p>Mit freundlichen Gr\u00fc\u00dfen,<\/p> <p>Ihr Name<\/p>  <h3>Zus\u00e4tzliche \u00dcberlegungen zur formalen Gestaltung und zum Aufbau eines effektiven Briefes<\/h3>  <p>Bei der formalen Gestaltung eines gesch\u00e4ftlichen Briefes sollten Sie darauf achten, dass der Brief gut strukturiert und leicht zu lesen ist. Verwenden Sie Abs\u00e4tze (<p><\/p>) und \u00dcberschriften (<h3><\/h3>), um den Text zu gliedern und die Lesbarkeit zu verbessern. Markieren Sie wichtige Punkte oder Betonungen mit starkem Text (<strong><\/strong>) oder Fettdruck (<b><\/b>).<\/p>  <p>Das Anbringen von relevanten Informationen wie Bestellnummer und Kaufdatum hilft dem Empf\u00e4nger, das Anliegen besser nachzuvollziehen und zu bearbeiten. F\u00fcgen Sie gegebenenfalls auch Fotos oder andere Nachweise des Schadens bei, um Ihre Beschwerde zu untermauern.<\/p>  <p>Denken Sie auch daran, h\u00f6flich und respektvoll zu bleiben, auch wenn Sie frustriert oder ver\u00e4rgert \u00fcber die besch\u00e4digte Ware sind. Eine sachliche und h\u00f6fliche Kommunikation erh\u00f6ht die Chancen auf eine positive L\u00f6sung des Problems.<\/p>  <p>Abschlie\u00dfend sollten Sie eine klare und deutliche Schlussformulierung verwenden, um Ihre Erwartungen und Forderungen zusammenzufassen und dem Empf\u00e4nger zu zeigen, dass Sie eine schnelle L\u00f6sung und angemessene Ma\u00dfnahmen erwarten. Geben Sie au\u00dferdem Ihre Kontaktdaten an, damit der Empf\u00e4nger Sie erreichen kann.<\/p>  <p>Beenden Sie den Brief mit einer h\u00f6flichen Abschlussformel wie &#8220;Vielen Dank im Voraus f\u00fcr Ihre Unterst\u00fctzung und Ihr Verst\u00e4ndnis&#8221; und unterschreiben Sie den Brief handschriftlich.<\/p>  <p><strong>:<\/strong><\/p> <p>In dieser Anleitung haben wir die einzelnen Schritte und Bestandteile eines Reklamationsschreibens f\u00fcr besch\u00e4digte Ware n\u00e4her erl\u00e4utert. Von der Einleitung \u00fcber den Hauptteil bis hin zum Schluss geben wir Tipps und Beispiele, wie Sie Ihre Beschwerde angemessen formulieren k\u00f6nnen. Wichtige \u00dcberlegungen zur formalen Gestaltung und zum Aufbau eines effektiven Briefes wurden ebenfalls behandelt.<\/p>  <p>Wir hoffen, dass Ihnen diese Anleitung bei der Erstellung Ihres eigenen Reklamationsschreibens hilft und w\u00fcnschen Ihnen viel Erfolg bei der L\u00f6sung Ihres Problems.<\/p>\r\n\r\n<\/div><\/div>\r\n\r\n<!-- wp:separator -->\r\n\r\n<hr class=\"wp-block-separator has-alpha-channel-opacity\" \/>","protected":false},"excerpt":{"rendered":"<p>Muster und Vorlage f\u00fcr Reklamationsschreiben Reklamation Besch\u00e4digte Ware &#8211; Erstellung und Ausf\u00fcllen &#8211; \u00d6ffnen im PDF und WORD Datei und &#8230; <\/p>\n<p class=\"read-more-container\"><a title=\"\u00d6ffnen &#8211; Reklamationsschreiben Reklamation Besch\u00e4digte Ware\" class=\"read-more button\" href=\"https:\/\/schreibenpro.com\/de\/reklamationsschreiben-reklamation-beschadigte-ware-offnen\/#more-635\" aria-label=\"Mehr zu \u00d6ffnen &#8211; Reklamationsschreiben Reklamation Besch\u00e4digte Ware\">\u00d6FFNEN <\/a><\/p>\n","protected":false},"author":1,"featured_media":0,"parent":0,"menu_order":0,"comment_status":"closed","ping_status":"closed","template":"","meta":{"footnotes":""},"class_list":{"0":"post-635","1":"page","2":"type-page","3":"status-publish","5":"infinite-scroll-item"},"yoast_head":"<!-- This site is optimized with the Yoast SEO plugin v24.6 - https:\/\/yoast.com\/wordpress\/plugins\/seo\/ -->\n<title>\u00d6ffnen - Reklamationsschreiben Reklamation Besch\u00e4digte Ware - Schreiben PRO<\/title>\n<meta name=\"robots\" content=\"noindex, follow\" \/>\n<meta property=\"og:locale\" content=\"de_DE\" \/>\n<meta property=\"og:type\" content=\"article\" \/>\n<meta property=\"og:title\" content=\"\u00d6ffnen - Reklamationsschreiben Reklamation Besch\u00e4digte Ware - Schreiben PRO\" \/>\n<meta property=\"og:description\" content=\"Muster und Vorlage f\u00fcr Reklamationsschreiben Reklamation Besch\u00e4digte Ware &#8211; Erstellung und Ausf\u00fcllen &#8211; \u00d6ffnen im PDF und WORD Datei und ... \u00d6FFNEN\" \/>\n<meta property=\"og:url\" content=\"https:\/\/schreibenpro.com\/de\/reklamationsschreiben-reklamation-beschadigte-ware-offnen\/\" \/>\n<meta property=\"og:site_name\" content=\"Schreiben PRO\" \/>\n<meta property=\"og:image\" content=\"https:\/\/schreibenpro.com\/de\/wp-content\/uploads\/reklamationsschreiben-reklamation-beschadigte-ware-muster-vorlage.jpg\" \/>\n<meta name=\"twitter:card\" content=\"summary_large_image\" \/>\n<meta name=\"twitter:label1\" content=\"Gesch\u00e4tzte Lesezeit\" \/>\n\t<meta name=\"twitter:data1\" content=\"1\u00a0Minute\" \/>\n<!-- \/ Yoast SEO plugin. -->","yoast_head_json":{"title":"\u00d6ffnen - Reklamationsschreiben Reklamation Besch\u00e4digte Ware - Schreiben PRO","robots":{"index":"noindex","follow":"follow"},"og_locale":"de_DE","og_type":"article","og_title":"\u00d6ffnen - Reklamationsschreiben Reklamation Besch\u00e4digte Ware - Schreiben PRO","og_description":"Muster und Vorlage f\u00fcr Reklamationsschreiben Reklamation Besch\u00e4digte Ware &#8211; Erstellung und Ausf\u00fcllen &#8211; \u00d6ffnen im PDF und WORD Datei und ... \u00d6FFNEN","og_url":"https:\/\/schreibenpro.com\/de\/reklamationsschreiben-reklamation-beschadigte-ware-offnen\/","og_site_name":"Schreiben PRO","og_image":[{"url":"https:\/\/schreibenpro.com\/de\/wp-content\/uploads\/reklamationsschreiben-reklamation-beschadigte-ware-muster-vorlage.jpg","type":"","width":"","height":""}],"twitter_card":"summary_large_image","twitter_misc":{"Gesch\u00e4tzte Lesezeit":"1\u00a0Minute"},"schema":{"@context":"https:\/\/schema.org","@graph":[{"@type":"WebPage","@id":"https:\/\/schreibenpro.com\/de\/reklamationsschreiben-reklamation-beschadigte-ware-offnen\/","url":"https:\/\/schreibenpro.com\/de\/reklamationsschreiben-reklamation-beschadigte-ware-offnen\/","name":"\u00d6ffnen - Reklamationsschreiben Reklamation Besch\u00e4digte Ware - Schreiben PRO","isPartOf":{"@id":"https:\/\/schreibenpro.com\/de\/#website"},"primaryImageOfPage":{"@id":"https:\/\/schreibenpro.com\/de\/reklamationsschreiben-reklamation-beschadigte-ware-offnen\/#primaryimage"},"image":{"@id":"https:\/\/schreibenpro.com\/de\/reklamationsschreiben-reklamation-beschadigte-ware-offnen\/#primaryimage"},"thumbnailUrl":"https:\/\/schreibenpro.com\/de\/wp-content\/uploads\/reklamationsschreiben-reklamation-beschadigte-ware-muster-vorlage.jpg","datePublished":"2023-12-18T08:25:11+00:00","breadcrumb":{"@id":"https:\/\/schreibenpro.com\/de\/reklamationsschreiben-reklamation-beschadigte-ware-offnen\/#breadcrumb"},"inLanguage":"de","potentialAction":[{"@type":"ReadAction","target":["https:\/\/schreibenpro.com\/de\/reklamationsschreiben-reklamation-beschadigte-ware-offnen\/"]}]},{"@type":"ImageObject","inLanguage":"de","@id":"https:\/\/schreibenpro.com\/de\/reklamationsschreiben-reklamation-beschadigte-ware-offnen\/#primaryimage","url":"https:\/\/schreibenpro.com\/de\/wp-content\/uploads\/anschreiben-zum-angebot-muster-vorlage.jpg","contentUrl":"https:\/\/schreibenpro.com\/de\/wp-content\/uploads\/anschreiben-zum-angebot-muster-vorlage.jpg","width":1410,"height":2250},{"@type":"BreadcrumbList","@id":"https:\/\/schreibenpro.com\/de\/reklamationsschreiben-reklamation-beschadigte-ware-offnen\/#breadcrumb","itemListElement":[{"@type":"ListItem","position":1,"name":"Portada","item":"https:\/\/schreibenpro.com\/de\/"},{"@type":"ListItem","position":2,"name":"\u00d6ffnen &#8211; Reklamationsschreiben Reklamation Besch\u00e4digte Ware"}]},{"@type":"WebSite","@id":"https:\/\/schreibenpro.com\/de\/#website","url":"https:\/\/schreibenpro.com\/de\/","name":"Schreiben PRO","description":"Muster und Vorlage","publisher":{"@id":"https:\/\/schreibenpro.com\/de\/#organization"},"potentialAction":[{"@type":"SearchAction","target":{"@type":"EntryPoint","urlTemplate":"https:\/\/schreibenpro.com\/de\/?s={search_term_string}"},"query-input":{"@type":"PropertyValueSpecification","valueRequired":true,"valueName":"search_term_string"}}],"inLanguage":"de"},{"@type":"Organization","@id":"https:\/\/schreibenpro.com\/de\/#organization","name":"Schreiben PRO","url":"https:\/\/schreibenpro.com\/de\/","logo":{"@type":"ImageObject","inLanguage":"de","@id":"https:\/\/schreibenpro.com\/de\/#\/schema\/logo\/image\/","url":"https:\/\/schreibenpro.com\/de\/wp-content\/uploads\/cropped-fav.png","contentUrl":"https:\/\/schreibenpro.com\/de\/wp-content\/uploads\/cropped-fav.png","width":512,"height":512,"caption":"Schreiben PRO"},"image":{"@id":"https:\/\/schreibenpro.com\/de\/#\/schema\/logo\/image\/"}}]}},"_links":{"self":[{"href":"https:\/\/schreibenpro.com\/de\/wp-json\/wp\/v2\/pages\/635","targetHints":{"allow":["GET"]}}],"collection":[{"href":"https:\/\/schreibenpro.com\/de\/wp-json\/wp\/v2\/pages"}],"about":[{"href":"https:\/\/schreibenpro.com\/de\/wp-json\/wp\/v2\/types\/page"}],"author":[{"embeddable":true,"href":"https:\/\/schreibenpro.com\/de\/wp-json\/wp\/v2\/users\/1"}],"replies":[{"embeddable":true,"href":"https:\/\/schreibenpro.com\/de\/wp-json\/wp\/v2\/comments?post=635"}],"version-history":[{"count":0,"href":"https:\/\/schreibenpro.com\/de\/wp-json\/wp\/v2\/pages\/635\/revisions"}],"wp:attachment":[{"href":"https:\/\/schreibenpro.com\/de\/wp-json\/wp\/v2\/media?parent=635"}],"curies":[{"name":"wp","href":"https:\/\/api.w.org\/{rel}","templated":true}]}}