{"id":637,"date":"2023-12-18T08:25:12","date_gmt":"2023-12-18T08:25:12","guid":{"rendered":"https:\/\/schreibenpro.com\/de\/anschreiben-fur-praktikum-offnen\/"},"modified":"2023-12-18T08:25:12","modified_gmt":"2023-12-18T08:25:12","slug":"anschreiben-fur-praktikum-offnen","status":"publish","type":"page","link":"https:\/\/schreibenpro.com\/de\/anschreiben-fur-praktikum-offnen\/","title":{"rendered":"\u00d6ffnen &#8211; Anschreiben F\u00fcr Praktikum"},"content":{"rendered":"\r\n<p class=\"has-text-align-center\">Muster und Vorlage f\u00fcr <strong> Anschreiben F\u00fcr Praktikum<\/strong> &#8211; Erstellung und Ausf\u00fcllen &#8211; \u00d6ffnen im <strong>PDF WORD<\/strong> Datei und Online<\/p>\r\n\r\n\r\n\r\n\r\n<div class=\"wp-block-image\">\r\n<figure class=\"aligncenter size-large is-resized\"><img loading=\"lazy\" decoding=\"async\" class=\"wp-image-215\" src=\"https:\/\/schreibenpro.com\/de\/wp-content\/uploads\/anschreiben-fur-praktikum-muster-vorlage.jpg\" alt=\"\" width=\"245\" height=\"391\" \/><\/figure>\r\n<\/div>\r\n\r\n\r\n\r\n<hr class=\"wp-block-separator has-alpha-channel-opacity\" \/>\r\n\r\n\r\n\r\n\r\n\r\n<div class=\"su-note\"  style=\"border-color:#e5e5e5;border-radius:10px;-moz-border-radius:10px;-webkit-border-radius:10px;\"><div class=\"su-note-inner su-u-clearfix su-u-trim\" style=\"background-color:#FFFFFF;border-color:#ffffff;color:#333333;border-radius:10px;-moz-border-radius:10px;-webkit-border-radius:10px;\">\r\n\r\n<section id=\"specialParagraph\"><p><strong>Einleitung<\/strong><\/p>  <p>Sehr geehrter Herr\/Frau [Nachname des Ansprechpartners],<\/p>  <p>mit gro\u00dfem Interesse habe ich auf Ihrer Website erfahren, dass Sie Praktikumspl\u00e4tze in Ihrem Unternehmen anbieten. Hiermit bewerbe ich mich um ein Praktikum in der Abteilung [Angabe der Abteilung oder des Bereichs], welches im Zeitraum von [Startdatum] bis [Enddatum] stattfindet.<\/p>  <p>Derzeit studiere ich [Studiengang] im [Semester] an der [Universit\u00e4t\/Hochschule] und m\u00f6chte gerne praktische Erfahrungen in meinem Studienbereich sammeln. Ich bin motiviert, lernbereit und m\u00f6chte mein theoretisches Wissen in einem realen Arbeitsumfeld anwenden.<\/p>  <p><strong>Hauptteil<\/strong><\/p>  <p><strong>Selbstdarstellung:<\/strong><\/p>  <p>Ihrem Unternehmen vertraue ich deshalb, dass es mir die M\u00f6glichkeit bietet, wertvolle Praxiserfahrungen zu sammeln und mein pers\u00f6nliches und fachliches Wissen weiterzuentwickeln. Insbesondere bin ich an dem Bereich [spezifischer Bereich des Unternehmens] interessiert, da ich mich w\u00e4hrend meines Studiums intensiv damit auseinandergesetzt habe und \u00fcber fundierte Kenntnisse verf\u00fcge. Durch meine erfolgreiche Teilnahme an Projekten im Studium konnte ich beweisen, dass ich selbstst\u00e4ndig und zielorientiert arbeiten kann.<\/p>  <p><strong>Warum ich mich f\u00fcr das Praktikum interessiere:<\/strong><\/p>  <p>Ihr Unternehmen genie\u00dft in der Branche einen ausgezeichneten Ruf und ich m\u00f6chte gerne von Ihren Experten lernen. Vor allem die Chance, an interessanten Projekten mitzuwirken und meine F\u00e4higkeiten in einem professionellen Umfeld einzusetzen, zieht mich zu Ihrem Unternehmen hin. Ich bin \u00fcberzeugt, dass ich durch das Praktikum mein Verst\u00e4ndnis f\u00fcr [spezifisches Fachgebiet] vertiefen und wichtige praktische F\u00e4higkeiten erwerben kann.<\/p>  <p><strong>Warum ich f\u00fcr das Praktikum geeignet bin:<\/strong><\/p>  <p>Meine bisherigen Erfahrungen haben gezeigt, dass ich sehr gut im Team arbeiten kann und stets bereit bin, Verantwortung zu \u00fcbernehmen. Ich besitze ausgezeichnete analytische und konzeptionelle F\u00e4higkeiten, die ich bereits in diversen Projekten unter Beweis gestellt habe. Zudem verf\u00fcge ich \u00fcber solide Kenntnisse in den einschl\u00e4gigen Softwareprogrammen wie [Angabe relevanter Software]. Neben meinen fachlichen St\u00e4rken zeichnen mich auch meine Zuverl\u00e4ssigkeit, Genauigkeit und meine F\u00e4higkeit zur Selbstreflexion aus.<\/p>  <p><strong>Schluss<\/strong><\/p>  <p>Gerne m\u00f6chte ich meine Begeisterung, mein Wissen und meine F\u00e4higkeiten in einem Praktikum bei Ihnen einbringen. \u00dcber eine Einladung zu einem pers\u00f6nlichen Gespr\u00e4ch, um weitere Details zu besprechen, w\u00fcrde ich mich sehr freuen.<\/p>  <p>Mit freundlichen Gr\u00fc\u00dfen,<\/p>  [Ihr vollst\u00e4ndiger Name]<\/section><\/div><\/div>\r\n\r\n&nbsp;\r\n\r\n\r\n\r\n\r\n\r\n\r\n<p class=\"has-text-align-center\">Vorlage und Muster f\u00fcr <strong> Anschreiben F\u00fcr Praktikum <\/strong> zur Anpassung und Erstellung  im <strong>WORD<\/strong>\u2013 und <strong>PDF-Format<\/strong><\/p>\r\n\r\n\r\n<button id=\"generatePDF\">Erstellen (PDF &#8211; WORD)<\/button>\r\n\r\n\r\n\r\n<hr class=\"wp-block-separator has-alpha-channel-opacity\" \/>\r\n\r\n\r\n\r\n<p style=\"text-align: center;\"><strong>Anschreiben F\u00fcr Praktikum<\/strong><\/p>\r\n\r\n<div class=\"wp-block-columns is-layout-flex wp-container-core-columns-is-layout-9d6595d7 wp-block-columns-is-layout-flex\">\r\n\r\n\r\n<div class=\"wp-block-column is-layout-flow wp-block-column-is-layout-flow\"><div class=\"su-button-center\"><a href=\"https:\/\/planet-beruf.de\/fileadmin\/assets\/01_Neu\/05_PDF_Neu\/Wie_bewerbe_ich_mich\/Arbeitsblaetter\/Musteranschreiben_fuer_ein_Praktikum.pdf\" class=\"su-button su-button-style-flat\" style=\"color:#FFFFFF;background-color:#144bb6;border-color:#103c92;border-radius:1px\" target=\"_self\"><span style=\"color:#FFFFFF;padding:0px 24px;font-size:18px;line-height:36px;border-color:#5b81cc;border-radius:1px;text-shadow:none\">   PDF <\/span><\/a><\/div>\n<\/div>\r\n\r\n\r\n\r\n<div class=\"wp-block-column is-layout-flow wp-block-column-is-layout-flow\"><div class=\"su-button-center\"><a href=\"https:\/\/lebenslaufdesigns.de\/wp-content\/uploads\/anschreiben-praktikum-download.docx\" class=\"su-button su-button-style-flat\" style=\"color:#FFFFFF;background-color:#144bb6;border-color:#103c92;border-radius:1px\" target=\"_self\"><span style=\"color:#FFFFFF;padding:0px 24px;font-size:18px;line-height:36px;border-color:#5b81cc;border-radius:1px;text-shadow:none\">   DOC<\/span><\/a><\/div>\n<\/div>\r\n\r\n\r\n<\/div>\r\n\r\n\r\n\r\n<p style=\"text-align: center;\"><strong>Beispiele<\/strong><\/p>\r\n\r\n<div class=\"wp-block-columns is-layout-flex wp-container-core-columns-is-layout-9d6595d7 wp-block-columns-is-layout-flex\">\r\n\r\n\r\n<div class=\"wp-block-column is-layout-flow wp-block-column-is-layout-flow\"><div class=\"su-button-center\"><a href=\"https:\/\/planet-beruf.de\/fileadmin\/assets\/01_Neu\/05_PDF_Neu\/Wie_bewerbe_ich_mich\/Arbeitsblaetter\/Musteranschreiben_fuer_ein_Praktikum.pdf\" class=\"su-button su-button-style-flat\" style=\"color:#FFFFFF;background-color:#144bb6;border-color:#103c92;border-radius:1px\" target=\"_self\"><span style=\"color:#FFFFFF;padding:0px 24px;font-size:18px;line-height:36px;border-color:#5b81cc;border-radius:1px;text-shadow:none\">  Beispiel &#8211; 1 <\/span><\/a><\/div>\n<\/div>\r\n\r\n\r\n\r\n<div class=\"wp-block-column is-layout-flow wp-block-column-is-layout-flow\"><div class=\"su-button-center\"><a href=\"https:\/\/www.fu-berlin.de\/sites\/career\/_ressourcen\/Bewerbung_Ressourcen\/Vorlage-Anschreiben.pdf\" class=\"su-button su-button-style-flat\" style=\"color:#FFFFFF;background-color:#144bb6;border-color:#103c92;border-radius:1px\" target=\"_self\"><span style=\"color:#FFFFFF;padding:0px 24px;font-size:18px;line-height:36px;border-color:#5b81cc;border-radius:1px;text-shadow:none\">  Beispiel &#8211; 2 <\/span><\/a><\/div>\n<\/div>\r\n\r\n\r\n<\/div>\r\n\r\n\r\n<hr class=\"wp-block-separator has-alpha-channel-opacity\" \/>\r\n\r\n\r\n\r\n<div class=\"wp-block-columns is-layout-flex wp-container-core-columns-is-layout-9d6595d7 wp-block-columns-is-layout-flex\">\r\n\r\n\r\n<div class=\"wp-block-column is-layout-flow wp-block-column-is-layout-flow\"><div class=\"su-button-center\"><a href=\"https:\/\/www.realschule-endingen.de\/wp-content\/uploads\/2016\/12\/bewerbung_praktikumsplatz_beispiel.pdf\" class=\"su-button su-button-style-flat\" style=\"color:#FFFFFF;background-color:#144bb6;border-color:#103c92;border-radius:1px\" target=\"_self\"><span style=\"color:#FFFFFF;padding:0px 24px;font-size:18px;line-height:36px;border-color:#5b81cc;border-radius:1px;text-shadow:none\">  Beispiel &#8211; 3 <\/span><\/a><\/div>\n<\/div>\r\n\r\n\r\n\r\n<div class=\"wp-block-column is-layout-flow wp-block-column-is-layout-flow\"><div class=\"su-button-center\"><a href=\"https:\/\/planet-beruf.de\/fileadmin\/assets\/01_Neu\/05_PDF_Neu\/Wie_bewerbe_ich_mich\/Arbeitsblaetter\/Musteranschreiben_fuer_ein_Praktikum.pdf\" class=\"su-button su-button-style-flat\" style=\"color:#FFFFFF;background-color:#144bb6;border-color:#103c92;border-radius:1px\" target=\"_self\"><span style=\"color:#FFFFFF;padding:0px 24px;font-size:18px;line-height:36px;border-color:#5b81cc;border-radius:1px;text-shadow:none\">  Beispiel &#8211; 4 <\/span><\/a><\/div>\n<\/div>\r\n\r\n\r\n<\/div>\r\n\r\n\r\n<hr class=\"wp-block-separator has-alpha-channel-opacity\" \/>\r\n\r\n<!-- \/wp:post-content -->\r\n\r\n<!-- wp:table {\"align\":\"center\"} -->\r\n<figure class=\"wp-block-table aligncenter\">\r\n<table>\r\n<tbody>\r\n<tr>\r\n<td style=\"text-align: center;\">Anschreiben F\u00fcr Praktikum<\/td>\r\n<\/tr>\r\n<tr>\r\n<td style=\"text-align: center;\">PDF &#8211; WORD Datei<\/td>\r\n<\/tr>\r\n<tr>\r\n<td style=\"text-align: center;\">Bewertung: \u2b50\u2b50\u2b50\u2b50\u2b50 4.25<\/td>\r\n<\/tr>\r\n<tr>\r\n<td style=\"text-align: center;\">Ergebnisse &#8211; 1677<\/td>\r\n<\/tr>\r\n<\/tbody>\r\n<\/table>\r\n<\/figure>\r\n<!-- \/wp:table -->\r\n\r\n<!-- wp:separator -->\r\n\r\n<hr class=\"wp-block-separator has-alpha-channel-opacity\" \/>\r\n\r\n<!-- \/wp:separator -->\r\n\r\n<div class=\"su-note\"  style=\"border-color:#e5e5e5;border-radius:10px;-moz-border-radius:10px;-webkit-border-radius:10px;\"><div class=\"su-note-inner su-u-clearfix su-u-trim\" style=\"background-color:#FFFFFF;border-color:#ffffff;color:#333333;border-radius:10px;-moz-border-radius:10px;-webkit-border-radius:10px;\">\r\n\r\n<p>Ein Anschreiben ist ein wichtiger Bestandteil einer Bewerbung f\u00fcr ein Praktikum. Es gibt dem Arbeitgeber einen ersten Eindruck von Ihnen als Bewerber und stellt sicher, dass Ihr Lebenslauf nicht einfach nur eine Sammlung von Informationen ist. In diesem Leitfaden werden wir Ihnen zeigen, wie Sie ein effektives Anschreiben f\u00fcr ein Praktikum verfassen k\u00f6nnen.<\/p>  <h3>1. Die Einleitung<\/h3>  <p>Die Einleitung ist der erste Abschnitt Ihres Anschreibens. Hier sollten Sie sich kurz vorstellen und angeben, auf welche Stelle Sie sich bewerben. Verwenden Sie die Anrede &#8220;Sehr geehrte\/r [Name des Ansprechpartners]&#8221; und f\u00fcgen Sie eine pers\u00f6nliche Anrede hinzu, um einen guten ersten Eindruck zu hinterlassen.<\/p>  <p><strong>Beispiel:<\/strong><\/p>  <dd>Sehr geehrte Frau M\u00fcller,<\/dd>  <dd>ich m\u00f6chte mich hiermit f\u00fcr das Praktikum in Ihrem Unternehmen bewerben, da es eine gro\u00dfartige Gelegenheit f\u00fcr mich ist, praktische Erfahrungen in meinem Fachgebiet zu sammeln.<\/dd>  <p>In diesem Beispiel wird deutlich, dass der Bewerber Interesse am Praktikum zeigt und eine Verbindung zu seinem Fachgebiet herstellt.<\/p>  <h3>2. Der Hauptteil<\/h3>  <p>Der Hauptteil ist der umfangreichste Teil des Anschreibens und gibt Ihnen die M\u00f6glichkeit, Ihre Qualifikationen und Erfahrungen zu pr\u00e4sentieren. Achten Sie darauf, dass Sie nicht einfach nur Ihren Lebenslauf wiederholen, sondern die f\u00fcr das Praktikum relevanten Informationen hervorheben.<\/p>  <p><strong>Beispiel:<\/strong><\/p>  <dd>In meinem Studium der Informatik habe ich mich auf Webentwicklung spezialisiert und bereits Erfahrungen mit HTML, CSS und JavaScript gesammelt. W\u00e4hrend meines letzten Praktikums als Webentwickler konnte ich meine Kenntnisse vertiefen und an verschiedenen Projekten arbeiten. Ich bin sicher, dass ich meine F\u00e4higkeiten und meine Motivation in einem Praktikum bei Ihrem Unternehmen unter Beweis stellen kann.<\/dd>  <p>In diesem Beispiel hebt der Bewerber seine Fachkenntnisse und Erfahrungen in der Webentwicklung hervor und zeigt, dass er erfolgreich in einem \u00e4hnlichen Bereich t\u00e4tig war.<\/p>  <h3>3. Der Schluss<\/h3>  <p>Der Schluss ist der letzte Abschnitt Ihres Anschreibens und sollte einen positiven Eindruck hinterlassen. Bedanken Sie sich f\u00fcr die Zeit und die M\u00f6glichkeit, sich zu bewerben, und geben Sie an, dass Sie sich \u00fcber eine Einladung zu einem Vorstellungsgespr\u00e4ch freuen w\u00fcrden.<\/p>  <p><strong>Beispiel:<\/strong><\/p>  <dd>Vielen Dank f\u00fcr Ihre Aufmerksamkeit. Ich freue mich \u00fcber die Chance, pers\u00f6nlich \u00fcber meine Qualifikationen und meine Motivation f\u00fcr dieses Praktikum zu sprechen und stehe Ihnen gerne f\u00fcr ein Vorstellungsgespr\u00e4ch zur Verf\u00fcgung.<\/dd>  <p>In diesem Beispiel zeigt der Bewerber seine Dankbarkeit und signalisiert sein Interesse an einem pers\u00f6nlichen Gespr\u00e4ch.<\/p>  <h3>4. Formale Gestaltung<\/h3>  <p>Ein gutes Anschreiben sollte auch bestimmte formale Standards erf\u00fcllen. Achten Sie darauf, dass der Brief korrekt formatiert ist und keine Rechtschreib- oder Grammatikfehler enth\u00e4lt. Verwenden Sie eine gut lesbare Schriftart und eine angemessene Schriftgr\u00f6\u00dfe. F\u00fcgen Sie Ihren Namen und Ihre Kontaktdaten am Anfang oder am Ende des Anschreibens hinzu.<\/p>  <h3>5. Aufbau eines effektiven Briefes<\/h3>  <p>Ein effektiver Brief sollte klar strukturiert sein und eine logische Abfolge von Informationen bieten. Verwenden Sie Abs\u00e4tze und Zwischen\u00fcberschriften, um den Brief \u00fcbersichtlicher zu gestalten. Beginnen Sie mit einer Einleitung, gehen Sie dann auf Ihre Qualifikationen ein und beenden Sie den Brief mit einer Schlussbemerkung. Stellen Sie sicher, dass der Brief nicht zu lang ist und die wichtigsten Informationen enth\u00e4lt.<\/p>  <h3><\/h3>  <p>Das Verfassen eines Anschreibens f\u00fcr ein Praktikum erfordert sorgf\u00e4ltige \u00dcberlegungen und Planung. Mit dieser Anleitung haben Sie eine Vorlage, um ein effektives Anschreiben zu verfassen. Denken Sie daran, sich auf das Wesentliche zu konzentrieren, Ihre Qualifikationen hervorzuheben und einen positiven Eindruck zu hinterlassen. Viel Erfolg bei Ihrer Bewerbung!<\/p>\r\n\r\n<\/div><\/div>\r\n\r\n<!-- wp:separator -->\r\n\r\n<hr class=\"wp-block-separator has-alpha-channel-opacity\" \/>","protected":false},"excerpt":{"rendered":"<p>Muster und Vorlage f\u00fcr Anschreiben F\u00fcr Praktikum &#8211; Erstellung und Ausf\u00fcllen &#8211; \u00d6ffnen im PDF WORD Datei und Online &nbsp; &#8230; <\/p>\n<p class=\"read-more-container\"><a title=\"\u00d6ffnen &#8211; Anschreiben F\u00fcr Praktikum\" class=\"read-more button\" href=\"https:\/\/schreibenpro.com\/de\/anschreiben-fur-praktikum-offnen\/#more-637\" aria-label=\"Mehr zu \u00d6ffnen &#8211; Anschreiben F\u00fcr Praktikum\">\u00d6FFNEN <\/a><\/p>\n","protected":false},"author":1,"featured_media":0,"parent":0,"menu_order":0,"comment_status":"closed","ping_status":"closed","template":"","meta":{"footnotes":""},"class_list":{"0":"post-637","1":"page","2":"type-page","3":"status-publish","5":"infinite-scroll-item"},"yoast_head":"<!-- This site is optimized with the Yoast SEO plugin v24.6 - https:\/\/yoast.com\/wordpress\/plugins\/seo\/ -->\n<title>\u00d6ffnen - Anschreiben F\u00fcr Praktikum - Schreiben PRO<\/title>\n<meta name=\"robots\" content=\"noindex, follow\" \/>\n<meta property=\"og:locale\" content=\"de_DE\" \/>\n<meta property=\"og:type\" content=\"article\" \/>\n<meta property=\"og:title\" content=\"\u00d6ffnen - Anschreiben F\u00fcr Praktikum - Schreiben PRO\" \/>\n<meta property=\"og:description\" content=\"Muster und Vorlage f\u00fcr Anschreiben F\u00fcr Praktikum &#8211; Erstellung und Ausf\u00fcllen &#8211; \u00d6ffnen im PDF WORD Datei und Online &nbsp; ... \u00d6FFNEN\" \/>\n<meta property=\"og:url\" content=\"https:\/\/schreibenpro.com\/de\/anschreiben-fur-praktikum-offnen\/\" \/>\n<meta property=\"og:site_name\" content=\"Schreiben PRO\" \/>\n<meta property=\"og:image\" content=\"https:\/\/schreibenpro.com\/de\/wp-content\/uploads\/anschreiben-fur-praktikum-muster-vorlage.jpg\" \/>\n<meta name=\"twitter:card\" content=\"summary_large_image\" \/>\n<meta name=\"twitter:label1\" content=\"Gesch\u00e4tzte Lesezeit\" \/>\n\t<meta name=\"twitter:data1\" content=\"1\u00a0Minute\" \/>\n<!-- \/ Yoast SEO plugin. -->","yoast_head_json":{"title":"\u00d6ffnen - Anschreiben F\u00fcr Praktikum - Schreiben PRO","robots":{"index":"noindex","follow":"follow"},"og_locale":"de_DE","og_type":"article","og_title":"\u00d6ffnen - Anschreiben F\u00fcr Praktikum - Schreiben PRO","og_description":"Muster und Vorlage f\u00fcr Anschreiben F\u00fcr Praktikum &#8211; Erstellung und Ausf\u00fcllen &#8211; \u00d6ffnen im PDF WORD Datei und Online &nbsp; ... \u00d6FFNEN","og_url":"https:\/\/schreibenpro.com\/de\/anschreiben-fur-praktikum-offnen\/","og_site_name":"Schreiben PRO","og_image":[{"url":"https:\/\/schreibenpro.com\/de\/wp-content\/uploads\/anschreiben-fur-praktikum-muster-vorlage.jpg","type":"","width":"","height":""}],"twitter_card":"summary_large_image","twitter_misc":{"Gesch\u00e4tzte Lesezeit":"1\u00a0Minute"},"schema":{"@context":"https:\/\/schema.org","@graph":[{"@type":"WebPage","@id":"https:\/\/schreibenpro.com\/de\/anschreiben-fur-praktikum-offnen\/","url":"https:\/\/schreibenpro.com\/de\/anschreiben-fur-praktikum-offnen\/","name":"\u00d6ffnen - Anschreiben F\u00fcr Praktikum - Schreiben PRO","isPartOf":{"@id":"https:\/\/schreibenpro.com\/de\/#website"},"primaryImageOfPage":{"@id":"https:\/\/schreibenpro.com\/de\/anschreiben-fur-praktikum-offnen\/#primaryimage"},"image":{"@id":"https:\/\/schreibenpro.com\/de\/anschreiben-fur-praktikum-offnen\/#primaryimage"},"thumbnailUrl":"https:\/\/schreibenpro.com\/de\/wp-content\/uploads\/anschreiben-fur-praktikum-muster-vorlage.jpg","datePublished":"2023-12-18T08:25:12+00:00","breadcrumb":{"@id":"https:\/\/schreibenpro.com\/de\/anschreiben-fur-praktikum-offnen\/#breadcrumb"},"inLanguage":"de","potentialAction":[{"@type":"ReadAction","target":["https:\/\/schreibenpro.com\/de\/anschreiben-fur-praktikum-offnen\/"]}]},{"@type":"ImageObject","inLanguage":"de","@id":"https:\/\/schreibenpro.com\/de\/anschreiben-fur-praktikum-offnen\/#primaryimage","url":"https:\/\/schreibenpro.com\/de\/wp-content\/uploads\/anschreiben-zum-angebot-muster-vorlage.jpg","contentUrl":"https:\/\/schreibenpro.com\/de\/wp-content\/uploads\/anschreiben-zum-angebot-muster-vorlage.jpg","width":1410,"height":2250},{"@type":"BreadcrumbList","@id":"https:\/\/schreibenpro.com\/de\/anschreiben-fur-praktikum-offnen\/#breadcrumb","itemListElement":[{"@type":"ListItem","position":1,"name":"Portada","item":"https:\/\/schreibenpro.com\/de\/"},{"@type":"ListItem","position":2,"name":"\u00d6ffnen &#8211; Anschreiben F\u00fcr Praktikum"}]},{"@type":"WebSite","@id":"https:\/\/schreibenpro.com\/de\/#website","url":"https:\/\/schreibenpro.com\/de\/","name":"Schreiben PRO","description":"Muster und Vorlage","publisher":{"@id":"https:\/\/schreibenpro.com\/de\/#organization"},"potentialAction":[{"@type":"SearchAction","target":{"@type":"EntryPoint","urlTemplate":"https:\/\/schreibenpro.com\/de\/?s={search_term_string}"},"query-input":{"@type":"PropertyValueSpecification","valueRequired":true,"valueName":"search_term_string"}}],"inLanguage":"de"},{"@type":"Organization","@id":"https:\/\/schreibenpro.com\/de\/#organization","name":"Schreiben PRO","url":"https:\/\/schreibenpro.com\/de\/","logo":{"@type":"ImageObject","inLanguage":"de","@id":"https:\/\/schreibenpro.com\/de\/#\/schema\/logo\/image\/","url":"https:\/\/schreibenpro.com\/de\/wp-content\/uploads\/cropped-fav.png","contentUrl":"https:\/\/schreibenpro.com\/de\/wp-content\/uploads\/cropped-fav.png","width":512,"height":512,"caption":"Schreiben PRO"},"image":{"@id":"https:\/\/schreibenpro.com\/de\/#\/schema\/logo\/image\/"}}]}},"_links":{"self":[{"href":"https:\/\/schreibenpro.com\/de\/wp-json\/wp\/v2\/pages\/637","targetHints":{"allow":["GET"]}}],"collection":[{"href":"https:\/\/schreibenpro.com\/de\/wp-json\/wp\/v2\/pages"}],"about":[{"href":"https:\/\/schreibenpro.com\/de\/wp-json\/wp\/v2\/types\/page"}],"author":[{"embeddable":true,"href":"https:\/\/schreibenpro.com\/de\/wp-json\/wp\/v2\/users\/1"}],"replies":[{"embeddable":true,"href":"https:\/\/schreibenpro.com\/de\/wp-json\/wp\/v2\/comments?post=637"}],"version-history":[{"count":0,"href":"https:\/\/schreibenpro.com\/de\/wp-json\/wp\/v2\/pages\/637\/revisions"}],"wp:attachment":[{"href":"https:\/\/schreibenpro.com\/de\/wp-json\/wp\/v2\/media?parent=637"}],"curies":[{"name":"wp","href":"https:\/\/api.w.org\/{rel}","templated":true}]}}