{"id":640,"date":"2023-12-18T08:25:13","date_gmt":"2023-12-18T08:25:13","guid":{"rendered":"https:\/\/schreibenpro.com\/de\/trauerkarte-schreiben-kurz-offnen\/"},"modified":"2023-12-18T08:25:13","modified_gmt":"2023-12-18T08:25:13","slug":"trauerkarte-schreiben-kurz-offnen","status":"publish","type":"page","link":"https:\/\/schreibenpro.com\/de\/trauerkarte-schreiben-kurz-offnen\/","title":{"rendered":"\u00d6ffnen &#8211; Trauerkarte Schreiben Kurz"},"content":{"rendered":"\r\n<p class=\"has-text-align-center\">Muster und Vorlage f\u00fcr <strong> Trauerkarte Schreiben Kurz<\/strong> &#8211; Erstellung und Ausf\u00fcllen &#8211; \u00d6ffnen im <strong>PDF und WORD<\/strong> Datei und Online<\/p>\r\n\r\n\r\n\r\n\r\n<div class=\"wp-block-image\">\r\n<figure class=\"aligncenter size-large is-resized\"><img loading=\"lazy\" decoding=\"async\" class=\"wp-image-215\" src=\"https:\/\/schreibenpro.com\/de\/wp-content\/uploads\/trauerkarte-schreiben-kurz-muster-vorlage.jpg\" alt=\"\" width=\"245\" height=\"391\" \/><\/figure>\r\n<\/div>\r\n\r\n\r\n\r\n<hr class=\"wp-block-separator has-alpha-channel-opacity\" \/>\r\n\r\n\r\n\r\n\r\n\r\n<div class=\"su-note\"  style=\"border-color:#e5e5e5;border-radius:10px;-moz-border-radius:10px;-webkit-border-radius:10px;\"><div class=\"su-note-inner su-u-clearfix su-u-trim\" style=\"background-color:#FFFFFF;border-color:#ffffff;color:#333333;border-radius:10px;-moz-border-radius:10px;-webkit-border-radius:10px;\">\r\n\r\n<section id=\"specialParagraph\"><p><strong>Einf\u00fchrung:<\/strong><\/p> <p>Lieber Herr\/Frau [Nachname der Familie],<\/p>  <p><strong>Erstes Absatz:<\/strong><\/p> <p>Ich m\u00f6chte Ihnen mein aufrichtiges Beileid zum Verlust von [Name der verstorbenen Person] ausdr\u00fccken. In diesen schwierigen Zeiten m\u00f6chte ich Ihnen meine Unterst\u00fctzung und mein Mitgef\u00fchl anbieten.<\/p>  <p><strong>Zweiter Absatz:<\/strong><\/p> [Name der verstorbenen Person] war ein wundervoller Mensch und wird immer in Erinnerung bleiben. Ich erinnere mich gerne an [besondere Erinnerung\/Charaktereigenschaft], die [Name der verstorbenen Person] auszeichneten. Diese Eigenschaften werden von vielen Menschen vermisst werden.<\/p>  <p><strong>Dritter Absatz:<\/strong><\/p> <p>W\u00e4hrend wir den Verlust betrauern, ist es wichtig, sich an die guten Zeiten zu erinnern und dankbar f\u00fcr die Zeit zu sein, die wir mit [Name der verstorbenen Person] verbringen durften. [Name der verstorbenen Person] hat in unserem Leben eine Spur hinterlassen und wird immer einen besonderen Platz in unseren Herzen haben.<\/p>  <p><strong>Vierter Absatz:<\/strong><\/p> <p>Bitte lassen Sie mich wissen, wenn ich Ihnen in irgendeiner Weise helfen kann. Ob es darum geht, Besorgungen zu erledigen, f\u00fcr Sie da zu sein oder einfach nur zuzuh\u00f6ren. Ich stehe Ihnen zur Seite und bin da, wenn Sie mich brauchen.<\/p>  <p><strong>Abschluss:<\/strong><\/p> <p>Nochmals m\u00f6chte ich Ihnen mein tiefstes Beileid aussprechen. [Name der verstorbenen Person] wird uns allen sehr fehlen, aber wir werden gemeinsam durch diese schwierige Zeit gehen.<\/p>  <p>Mit herzlichen Gr\u00fc\u00dfen,<\/p> [Ihr Name]<\/section><\/div><\/div>\r\n\r\n&nbsp;\r\n\r\n\r\n\r\n\r\n\r\n\r\n<p class=\"has-text-align-center\">Vorlage und Muster f\u00fcr <strong> Trauerkarte Schreiben Kurz <\/strong> zur Erstellung und Anpassung im <strong>WORD<\/strong>\u2013 und <strong>PDF-Format<\/strong><\/p>\r\n\r\n\r\n<button id=\"generatePDF\">Erstellen (PDF &#8211; WORD)<\/button>\r\n\r\n\r\n\r\n<hr class=\"wp-block-separator has-alpha-channel-opacity\" \/>\r\n\r\n\r\n\r\n<p style=\"text-align: center;\"><strong>Trauerkarte Schreiben Kurz<\/strong><\/p>\r\n\r\n<div class=\"wp-block-columns is-layout-flex wp-container-core-columns-is-layout-9d6595d7 wp-block-columns-is-layout-flex\">\r\n\r\n\r\n<div class=\"wp-block-column is-layout-flow wp-block-column-is-layout-flow\"><div class=\"su-button-center\"><a href=\"https:\/\/www.trauerundgedenken.de\/data\/148\/editor\/file\/Trauer_und_Gedenken_Kondolenzanschreiben_9_stilvolle_Beileidsbekundungen.pdf\" class=\"su-button su-button-style-flat\" style=\"color:#FFFFFF;background-color:#144bb6;border-color:#103c92;border-radius:1px\" target=\"_self\"><span style=\"color:#FFFFFF;padding:0px 24px;font-size:18px;line-height:36px;border-color:#5b81cc;border-radius:1px;text-shadow:none\">   PDF <\/span><\/a><\/div>\n<\/div>\r\n\r\n\r\n\r\n<div class=\"wp-block-column is-layout-flow wp-block-column-is-layout-flow\"><div class=\"su-button-center\"><a href=\"https:\/\/www.trauerundgedenken.de\/data\/148\/editor\/file\/Trauer_und_Gedenken_Kondolenzanschreiben_9_stilvolle_Beileidsbekundungen.pdf\" class=\"su-button su-button-style-flat\" style=\"color:#FFFFFF;background-color:#144bb6;border-color:#103c92;border-radius:1px\" target=\"_self\"><span style=\"color:#FFFFFF;padding:0px 24px;font-size:18px;line-height:36px;border-color:#5b81cc;border-radius:1px;text-shadow:none\">   DOC<\/span><\/a><\/div>\n<\/div>\r\n\r\n\r\n<\/div>\r\n\r\n\r\n\r\n<p style=\"text-align: center;\"><strong>Beispiele<\/strong><\/p>\r\n\r\n<div class=\"wp-block-columns is-layout-flex wp-container-core-columns-is-layout-9d6595d7 wp-block-columns-is-layout-flex\">\r\n\r\n\r\n<div class=\"wp-block-column is-layout-flow wp-block-column-is-layout-flow\"><div class=\"su-button-center\"><a href=\"https:\/\/www.trauerundgedenken.de\/data\/148\/editor\/file\/Trauer_und_Gedenken_Kondolenzanschreiben_9_stilvolle_Beileidsbekundungen.pdf\" class=\"su-button su-button-style-flat\" style=\"color:#FFFFFF;background-color:#144bb6;border-color:#103c92;border-radius:1px\" target=\"_self\"><span style=\"color:#FFFFFF;padding:0px 24px;font-size:18px;line-height:36px;border-color:#5b81cc;border-radius:1px;text-shadow:none\">  Beispiel &#8211; 1 <\/span><\/a><\/div>\n<\/div>\r\n\r\n\r\n\r\n<div class=\"wp-block-column is-layout-flow wp-block-column-is-layout-flow\"><div class=\"su-button-center\"><a href=\"https:\/\/www.litei.de\/media\/57\/98\/ef\/1623768090\/Texte%20f%C3%BCr%20Trauerkarten.pdf\" class=\"su-button su-button-style-flat\" style=\"color:#FFFFFF;background-color:#144bb6;border-color:#103c92;border-radius:1px\" target=\"_self\"><span style=\"color:#FFFFFF;padding:0px 24px;font-size:18px;line-height:36px;border-color:#5b81cc;border-radius:1px;text-shadow:none\">  Beispiel &#8211; 2 <\/span><\/a><\/div>\n<\/div>\r\n\r\n\r\n<\/div>\r\n\r\n\r\n<hr class=\"wp-block-separator has-alpha-channel-opacity\" \/>\r\n\r\n\r\n\r\n<div class=\"wp-block-columns is-layout-flex wp-container-core-columns-is-layout-9d6595d7 wp-block-columns-is-layout-flex\">\r\n\r\n\r\n<div class=\"wp-block-column is-layout-flow wp-block-column-is-layout-flow\"><div class=\"su-button-center\"><a href=\"https:\/\/waechter-bestattungen.de\/wp-content\/uploads\/2020\/12\/Kondolenzschreiben.pdf\" class=\"su-button su-button-style-flat\" style=\"color:#FFFFFF;background-color:#144bb6;border-color:#103c92;border-radius:1px\" target=\"_self\"><span style=\"color:#FFFFFF;padding:0px 24px;font-size:18px;line-height:36px;border-color:#5b81cc;border-radius:1px;text-shadow:none\">  Beispiel &#8211; 3 <\/span><\/a><\/div>\n<\/div>\r\n\r\n\r\n\r\n<div class=\"wp-block-column is-layout-flow wp-block-column-is-layout-flow\"><div class=\"su-button-center\"><a href=\"https:\/\/www.trauerundgedenken.de\/data\/148\/editor\/file\/Trauer_und_Gedenken_Kondolenzanschreiben_9_stilvolle_Beileidsbekundungen.pdf\" class=\"su-button su-button-style-flat\" style=\"color:#FFFFFF;background-color:#144bb6;border-color:#103c92;border-radius:1px\" target=\"_self\"><span style=\"color:#FFFFFF;padding:0px 24px;font-size:18px;line-height:36px;border-color:#5b81cc;border-radius:1px;text-shadow:none\">  Beispiel &#8211; 4 <\/span><\/a><\/div>\n<\/div>\r\n\r\n\r\n<\/div>\r\n\r\n\r\n<hr class=\"wp-block-separator has-alpha-channel-opacity\" \/>\r\n\r\n<!-- \/wp:post-content -->\r\n\r\n<!-- wp:table {\"align\":\"center\"} -->\r\n<figure class=\"wp-block-table aligncenter\">\r\n<table>\r\n<tbody>\r\n<tr>\r\n<td style=\"text-align: center;\">Trauerkarte Schreiben Kurz<\/td>\r\n<\/tr>\r\n<tr>\r\n<td style=\"text-align: center;\">PDF &#8211; WORD Datei<\/td>\r\n<\/tr>\r\n<tr>\r\n<td style=\"text-align: center;\">Bewertung: \u2b50\u2b50\u2b50\u2b50\u2b50 4.62<\/td>\r\n<\/tr>\r\n<tr>\r\n<td style=\"text-align: center;\">Ergebnisse &#8211; 4420<\/td>\r\n<\/tr>\r\n<\/tbody>\r\n<\/table>\r\n<\/figure>\r\n<!-- \/wp:table -->\r\n\r\n<!-- wp:separator -->\r\n\r\n<hr class=\"wp-block-separator has-alpha-channel-opacity\" \/>\r\n\r\n<!-- \/wp:separator -->\r\n\r\n<div class=\"su-note\"  style=\"border-color:#e5e5e5;border-radius:10px;-moz-border-radius:10px;-webkit-border-radius:10px;\"><div class=\"su-note-inner su-u-clearfix su-u-trim\" style=\"background-color:#FFFFFF;border-color:#ffffff;color:#333333;border-radius:10px;-moz-border-radius:10px;-webkit-border-radius:10px;\">\r\n\r\n<p>Das Verfassen einer Trauerkarte kann eine schwierige Aufgabe sein, da es uns oft schwerf\u00e4llt, die richtigen Worte zu finden, um unser Mitgef\u00fchl auszudr\u00fccken. In dieser Anleitung werden wir Ihnen zeigen, wie Sie eine einf\u00fchlsame und angemessene Trauerkarte verfassen k\u00f6nnen, um den Hinterbliebenen Trost zu spenden.<\/p>  <h3>1. Die Einleitung<\/h3>  <p>Beginnen Sie Ihre Trauerkarte mit einer angemessenen Einleitung. Dies kann entweder mit einer direkten Anrede wie &#8220;Liebe Familie M\u00fcller&#8221; oder einer allgemeineren Formulierung wie &#8220;Liebe Angeh\u00f6rige&#8221; erfolgen. Es ist wichtig, den Namen des Verstorbenen zu erw\u00e4hnen und Ihr Beileid auszudr\u00fccken.<\/p>  <p>Beispiel:<\/p>  <p>Liebe Familie M\u00fcller,<\/p> <p>mit gro\u00dfer Trauer und tiefem Bedauern haben wir vom Verlust Ihres geliebten Ehemannes geh\u00f6rt. Unsere Gedanken sind in dieser schweren Zeit bei Ihnen.<\/p>  <h3>2. Der Hauptteil<\/h3>  <p>Im Hauptteil der Trauerkarte k\u00f6nnen Sie Ihre pers\u00f6nlichen Erinnerungen und Erfahrungen teilen. Denken Sie daran, dass es sich um einen kurzen Brief handelt und Sie die wichtigsten Informationen mitteilen m\u00f6chten. Vermeiden Sie es, Ihre eigenen Probleme oder Geschichten in den Vordergrund zu stellen.<\/p>  <p>Beispiel:<\/p>  <p>Ich erinnere mich noch gut an die vielen fr\u00f6hlichen Momente, die wir zusammen mit Ihrem Ehemann erlebt haben. Sein Lachen wird mir immer in Erinnerung bleiben. Er war ein au\u00dfergew\u00f6hnlicher Mensch und wird von vielen sehr vermisst werden.<\/p>  <h3>3. Der Schluss<\/h3>  <p>Der Schluss Ihrer Trauerkarte sollte Ihre Unterst\u00fctzung und Ihr Beileid ausdr\u00fccken. Geben Sie den Hinterbliebenen das Gef\u00fchl, dass Sie f\u00fcr sie da sind und ihnen in dieser schweren Zeit zur Seite stehen.<\/p>  <p>Beispiel:<\/p>  <p>Bitte z\u00f6gern Sie nicht, sich bei mir zu melden, wenn Sie Unterst\u00fctzung oder jemanden zum Reden ben\u00f6tigen. Ich bin immer f\u00fcr Sie da und teile Ihre Trauer.<\/p> <p>Ehrlich betroffen,<\/p> <p>Ihr Name<\/p>  <h3>4. Formale Gestaltung<\/h3>  <p>Bei der formalen Gestaltung Ihrer Trauerkarte sollten Sie einige Dinge beachten:<\/p>  <dl> <dt>Schreibmaterial<\/dt> <dd>Verwenden Sie eine handgeschriebene Karte oder einen Brief. Das zeigt, dass Sie sich die Zeit genommen haben, um pers\u00f6nlich zu kondolieren.<\/dd>  <dt>Schriftart und -gr\u00f6\u00dfe<\/dt> <dd>W\u00e4hlen Sie eine gut lesbare Schriftart wie Arial oder Times New Roman und eine angemessene Schriftgr\u00f6\u00dfe (12 pt oder gr\u00f6\u00dfer).<\/dd>  <dt>Design<\/dt> <dd>Vermeiden Sie zu bunte oder festliche Designs. Eine schlichte und dezente Gestaltung ist angemessen.<\/dd>  <dt>Papierqualit\u00e4t<\/dt> <dd>Verwenden Sie hochwertiges Papier oder eine Trauerkarte, um Respekt und Wertsch\u00e4tzung auszudr\u00fccken.<\/dd>  <dt>Umschlag<\/dt> <dd>W\u00e4hlen Sie einen passenden Umschlag und beschriften Sie ihn deutlich lesbar mit dem Namen und der Adresse des Empf\u00e4ngers.<\/dd> <\/dl>  <h3>5. Aufbau eines effektiven Briefes<\/h3>  <p>Ein effektiver Trauerkartenbrief zeichnet sich durch Sensibilit\u00e4t, Einf\u00fchlungsverm\u00f6gen und eine klare Botschaft aus. Hier sind einige Tipps, um einen effektiven Brief zu verfassen:<\/p>  <ul> <li>W\u00e4hlen Sie Ihre Worte sorgf\u00e4ltig aus und halten Sie den Brief kurz und pr\u00e4gnant.<\/li> <li>Ausdrucke wie &#8220;mein aufrichtiges Beileid&#8221; oder &#8220;meine herzliche Anteilnahme&#8221; sollten verwendet werden, um Ihr Mitgef\u00fchl auszudr\u00fccken.<\/li> <li>Bieten Sie Ihre Hilfe an und zeigen Sie, dass Sie f\u00fcr den Empf\u00e4nger da sind.<\/li> <li>Verwenden Sie eine h\u00f6fliche und respektvolle Sprache.<\/li> <li>Vermeiden Sie Kommentare wie &#8220;Es wird schon alles wieder gut werden&#8221; oder &#8220;Ich wei\u00df genau, wie es Ihnen geht&#8221;.<\/li> <li>Verwenden Sie pers\u00f6nliche Erfahrungen oder Erinnerungen, um Ihre Verbundenheit auszudr\u00fccken.<\/li> <li>Beenden Sie den Brief mit einer warmen Schlussformel.<\/li> <\/ul>  <p>Mit dieser ausf\u00fchrlichen Anleitung sind Sie nun in der Lage, angemessene und einf\u00fchlsame Trauerkarten zu verfassen. Denken Sie daran, dass der Zweck dieser Karten darin besteht, den Hinterbliebenen Trost und Unterst\u00fctzung zu bieten. Zeigen Sie Ihre aufrichtige Anteilnahme und bieten Sie Ihre Hilfe an, um ihnen in dieser schwierigen Zeit beizustehen.<\/p>\r\n\r\n<\/div><\/div>\r\n\r\n<!-- wp:separator -->\r\n\r\n<hr class=\"wp-block-separator has-alpha-channel-opacity\" \/>","protected":false},"excerpt":{"rendered":"<p>Muster und Vorlage f\u00fcr Trauerkarte Schreiben Kurz &#8211; Erstellung und Ausf\u00fcllen &#8211; \u00d6ffnen im PDF und WORD Datei und Online &#8230; <\/p>\n<p class=\"read-more-container\"><a title=\"\u00d6ffnen &#8211; Trauerkarte Schreiben Kurz\" class=\"read-more button\" href=\"https:\/\/schreibenpro.com\/de\/trauerkarte-schreiben-kurz-offnen\/#more-640\" aria-label=\"Mehr zu \u00d6ffnen &#8211; Trauerkarte Schreiben Kurz\">\u00d6FFNEN <\/a><\/p>\n","protected":false},"author":1,"featured_media":0,"parent":0,"menu_order":0,"comment_status":"closed","ping_status":"closed","template":"","meta":{"footnotes":""},"class_list":{"0":"post-640","1":"page","2":"type-page","3":"status-publish","5":"infinite-scroll-item"},"yoast_head":"<!-- This site is optimized with the Yoast SEO plugin v24.6 - https:\/\/yoast.com\/wordpress\/plugins\/seo\/ -->\n<title>\u00d6ffnen - Trauerkarte Schreiben Kurz - Schreiben PRO<\/title>\n<meta name=\"robots\" content=\"noindex, follow\" \/>\n<meta property=\"og:locale\" content=\"de_DE\" \/>\n<meta property=\"og:type\" content=\"article\" \/>\n<meta property=\"og:title\" content=\"\u00d6ffnen - Trauerkarte Schreiben Kurz - Schreiben PRO\" \/>\n<meta property=\"og:description\" content=\"Muster und Vorlage f\u00fcr Trauerkarte Schreiben Kurz &#8211; Erstellung und Ausf\u00fcllen &#8211; \u00d6ffnen im PDF und WORD Datei und Online ... \u00d6FFNEN\" \/>\n<meta property=\"og:url\" content=\"https:\/\/schreibenpro.com\/de\/trauerkarte-schreiben-kurz-offnen\/\" \/>\n<meta property=\"og:site_name\" content=\"Schreiben PRO\" \/>\n<meta property=\"og:image\" content=\"https:\/\/schreibenpro.com\/de\/wp-content\/uploads\/trauerkarte-schreiben-kurz-muster-vorlage.jpg\" \/>\n<meta name=\"twitter:card\" content=\"summary_large_image\" \/>\n<meta name=\"twitter:label1\" content=\"Gesch\u00e4tzte Lesezeit\" \/>\n\t<meta name=\"twitter:data1\" content=\"1\u00a0Minute\" \/>\n<!-- \/ Yoast SEO plugin. -->","yoast_head_json":{"title":"\u00d6ffnen - Trauerkarte Schreiben Kurz - Schreiben PRO","robots":{"index":"noindex","follow":"follow"},"og_locale":"de_DE","og_type":"article","og_title":"\u00d6ffnen - Trauerkarte Schreiben Kurz - Schreiben PRO","og_description":"Muster und Vorlage f\u00fcr Trauerkarte Schreiben Kurz &#8211; Erstellung und Ausf\u00fcllen &#8211; \u00d6ffnen im PDF und WORD Datei und Online ... \u00d6FFNEN","og_url":"https:\/\/schreibenpro.com\/de\/trauerkarte-schreiben-kurz-offnen\/","og_site_name":"Schreiben PRO","og_image":[{"url":"https:\/\/schreibenpro.com\/de\/wp-content\/uploads\/trauerkarte-schreiben-kurz-muster-vorlage.jpg","type":"","width":"","height":""}],"twitter_card":"summary_large_image","twitter_misc":{"Gesch\u00e4tzte Lesezeit":"1\u00a0Minute"},"schema":{"@context":"https:\/\/schema.org","@graph":[{"@type":"WebPage","@id":"https:\/\/schreibenpro.com\/de\/trauerkarte-schreiben-kurz-offnen\/","url":"https:\/\/schreibenpro.com\/de\/trauerkarte-schreiben-kurz-offnen\/","name":"\u00d6ffnen - Trauerkarte Schreiben Kurz - Schreiben PRO","isPartOf":{"@id":"https:\/\/schreibenpro.com\/de\/#website"},"primaryImageOfPage":{"@id":"https:\/\/schreibenpro.com\/de\/trauerkarte-schreiben-kurz-offnen\/#primaryimage"},"image":{"@id":"https:\/\/schreibenpro.com\/de\/trauerkarte-schreiben-kurz-offnen\/#primaryimage"},"thumbnailUrl":"https:\/\/schreibenpro.com\/de\/wp-content\/uploads\/trauerkarte-schreiben-kurz-muster-vorlage.jpg","datePublished":"2023-12-18T08:25:13+00:00","breadcrumb":{"@id":"https:\/\/schreibenpro.com\/de\/trauerkarte-schreiben-kurz-offnen\/#breadcrumb"},"inLanguage":"de","potentialAction":[{"@type":"ReadAction","target":["https:\/\/schreibenpro.com\/de\/trauerkarte-schreiben-kurz-offnen\/"]}]},{"@type":"ImageObject","inLanguage":"de","@id":"https:\/\/schreibenpro.com\/de\/trauerkarte-schreiben-kurz-offnen\/#primaryimage","url":"https:\/\/schreibenpro.com\/de\/wp-content\/uploads\/anschreiben-zum-angebot-muster-vorlage.jpg","contentUrl":"https:\/\/schreibenpro.com\/de\/wp-content\/uploads\/anschreiben-zum-angebot-muster-vorlage.jpg","width":1410,"height":2250},{"@type":"BreadcrumbList","@id":"https:\/\/schreibenpro.com\/de\/trauerkarte-schreiben-kurz-offnen\/#breadcrumb","itemListElement":[{"@type":"ListItem","position":1,"name":"Portada","item":"https:\/\/schreibenpro.com\/de\/"},{"@type":"ListItem","position":2,"name":"\u00d6ffnen &#8211; Trauerkarte Schreiben Kurz"}]},{"@type":"WebSite","@id":"https:\/\/schreibenpro.com\/de\/#website","url":"https:\/\/schreibenpro.com\/de\/","name":"Schreiben PRO","description":"Muster und Vorlage","publisher":{"@id":"https:\/\/schreibenpro.com\/de\/#organization"},"potentialAction":[{"@type":"SearchAction","target":{"@type":"EntryPoint","urlTemplate":"https:\/\/schreibenpro.com\/de\/?s={search_term_string}"},"query-input":{"@type":"PropertyValueSpecification","valueRequired":true,"valueName":"search_term_string"}}],"inLanguage":"de"},{"@type":"Organization","@id":"https:\/\/schreibenpro.com\/de\/#organization","name":"Schreiben PRO","url":"https:\/\/schreibenpro.com\/de\/","logo":{"@type":"ImageObject","inLanguage":"de","@id":"https:\/\/schreibenpro.com\/de\/#\/schema\/logo\/image\/","url":"https:\/\/schreibenpro.com\/de\/wp-content\/uploads\/cropped-fav.png","contentUrl":"https:\/\/schreibenpro.com\/de\/wp-content\/uploads\/cropped-fav.png","width":512,"height":512,"caption":"Schreiben PRO"},"image":{"@id":"https:\/\/schreibenpro.com\/de\/#\/schema\/logo\/image\/"}}]}},"_links":{"self":[{"href":"https:\/\/schreibenpro.com\/de\/wp-json\/wp\/v2\/pages\/640","targetHints":{"allow":["GET"]}}],"collection":[{"href":"https:\/\/schreibenpro.com\/de\/wp-json\/wp\/v2\/pages"}],"about":[{"href":"https:\/\/schreibenpro.com\/de\/wp-json\/wp\/v2\/types\/page"}],"author":[{"embeddable":true,"href":"https:\/\/schreibenpro.com\/de\/wp-json\/wp\/v2\/users\/1"}],"replies":[{"embeddable":true,"href":"https:\/\/schreibenpro.com\/de\/wp-json\/wp\/v2\/comments?post=640"}],"version-history":[{"count":0,"href":"https:\/\/schreibenpro.com\/de\/wp-json\/wp\/v2\/pages\/640\/revisions"}],"wp:attachment":[{"href":"https:\/\/schreibenpro.com\/de\/wp-json\/wp\/v2\/media?parent=640"}],"curies":[{"name":"wp","href":"https:\/\/api.w.org\/{rel}","templated":true}]}}