{"id":646,"date":"2023-12-18T08:25:16","date_gmt":"2023-12-18T08:25:16","guid":{"rendered":"https:\/\/schreibenpro.com\/de\/bewerbungsschreiben-praktikum-schuler-offnen\/"},"modified":"2023-12-18T08:25:16","modified_gmt":"2023-12-18T08:25:16","slug":"bewerbungsschreiben-praktikum-schuler-offnen","status":"publish","type":"page","link":"https:\/\/schreibenpro.com\/de\/bewerbungsschreiben-praktikum-schuler-offnen\/","title":{"rendered":"\u00d6ffnen &#8211; Bewerbungsschreiben Praktikum Sch\u00fcler"},"content":{"rendered":"\r\n<p class=\"has-text-align-center\">Muster und Vorlage f\u00fcr <strong> Bewerbungsschreiben Praktikum Sch\u00fcler<\/strong> &#8211; Ausf\u00fcllen und Erstellung  &#8211; \u00d6ffnen im <strong>WORD und PDF<\/strong> Datei und Online<\/p>\r\n\r\n\r\n\r\n\r\n<div class=\"wp-block-image\">\r\n<figure class=\"aligncenter size-large is-resized\"><img loading=\"lazy\" decoding=\"async\" class=\"wp-image-215\" src=\"https:\/\/schreibenpro.com\/de\/wp-content\/uploads\/bewerbungsschreiben-praktikum-schuler-muster-vorlage.jpg\" alt=\"\" width=\"245\" height=\"391\" \/><\/figure>\r\n<\/div>\r\n\r\n\r\n\r\n<hr class=\"wp-block-separator has-alpha-channel-opacity\" \/>\r\n\r\n\r\n\r\n\r\n\r\n<div class=\"su-note\"  style=\"border-color:#e5e5e5;border-radius:10px;-moz-border-radius:10px;-webkit-border-radius:10px;\"><div class=\"su-note-inner su-u-clearfix su-u-trim\" style=\"background-color:#FFFFFF;border-color:#ffffff;color:#333333;border-radius:10px;-moz-border-radius:10px;-webkit-border-radius:10px;\">\r\n\r\n<section id=\"specialParagraph\"><p><strong>Email@Adresse.de<\/strong><\/p> <p><strong>Street Name 123<\/strong><\/p> <p><strong>12345 City<\/strong><\/p> <p><strong>Telefon: 01234 \/ 56789<\/strong><\/p>  <p><strong>Datum: DD.MM.JJJJ<\/strong><\/p>  <p><strong>Firma XYZ<\/strong><\/p> <p><strong>Zweigstelle ABC<\/strong><\/p>  <p><strong>Ansprechpartner: Herr\/Frau Name<\/strong><\/p>  <p><strong>Stra\u00dfe Nr. 45<\/strong><\/p>  <p><strong>12345 Stadt<\/strong><\/p>   <p><strong>Bewerbung um ein Sch\u00fclerpraktikum als (gew\u00fcnschter Bereich) in Ihrem Unternehmen<\/strong><\/p>  <p>Sehr geehrter Herr\/Frau (Name des Ansprechpartners),<\/p>  <p>hiermit bewerbe ich mich um ein Sch\u00fclerpraktikum in Ihrem Unternehmen im Bereich (gew\u00fcnschter Bereich). Ich bin Sch\u00fcler\/in der (Schule) in (Ort) und habe f\u00fcr den Zeitraum vom (gew\u00fcnschter Zeitraum) die M\u00f6glichkeit ein Praktikum zu absolvieren.<\/p>  <p><strong>1. Einleitung:<\/strong><\/p>  <p>In der Einleitung kannst du dich kurz vorstellen und dein Interesse an dem Praktikum in dem Unternehmen und Bereich deutlich machen. Vermeide dabei Allgemeinpl\u00e4tze und versuche dich konkret auf das Unternehmen und den Bereich zu beziehen, um zu zeigen, dass du dich bereits mit dem Unternehmen auseinandergesetzt hast.<\/p>  <p>Seit langem interessiere ich mich f\u00fcr das Gebiet (gew\u00fcnschter Bereich) und m\u00f6chte gerne einen Einblick in die Praxis gewinnen. Besonders begeistert mich dabei Ihr Unternehmen, da es f\u00fcr seine innovativen Projekte und die gute Ausbildung seiner Mitarbeiter bekannt ist. Durch ein Praktikum bei Ihnen erhoffe ich mir, meine bisherigen Kenntnisse und F\u00e4higkeiten zu erweitern und erste praktische Erfahrungen zu sammeln.<\/p>  <p><strong>2. Hauptteil:<\/strong><\/p>  <p>Im Hauptteil deines Bewerbungsschreibens solltest du deine Motivation und Eignung f\u00fcr das Praktikum deutlich machen. Leite deine Erfahrungen, F\u00e4higkeiten und Interessen in Bezug auf den gew\u00fcnschten Bereich ab und erkl\u00e4re, warum du dich f\u00fcr das Unternehmen entschieden hast. Gehe auf relevante Schwerpunkte im Schulunterricht ein und nenne konkrete Beispiele, um deine F\u00e4higkeiten und Interessen zu untermauern.<\/p>  <p>W\u00e4hrend meiner Schulzeit habe ich bereits einige Erfahrungen im Bereich (gew\u00fcnschter Bereich) gesammelt. Im Rahmen des Unterrichts hatten wir beispielsweise die M\u00f6glichkeit, ein Projekt zum Thema (relevantes Thema) durchzuf\u00fchren. Hierbei konnte ich meine Teamf\u00e4higkeit und Organisationsf\u00e4higkeit unter Beweis stellen. Durch meine Teilnahme an verschiedenen Workshops und Fortbildungen habe ich mir au\u00dferdem Kenntnisse im Umgang mit (relevanten Programmen oder Werkzeugen) angeeignet.<\/p>  <p>Ihr Unternehmen hat mich besonders begeistert, da es f\u00fcr seine nachhaltigen Projekte und den verantwortungsbewussten Umgang mit der Umwelt bekannt ist. Ich teile diese Werte und m\u00f6chte gerne einen Beitrag zum Erfolg Ihres Unternehmens leisten. Durch das Praktikum bei Ihnen erhoffe ich mir, einen Einblick in den Bereich (gew\u00fcnschter Bereich) zu bekommen und meine Kenntnisse und F\u00e4higkeiten weiter auszubauen.<\/p>  <p><strong>3. Schlussteil:<\/strong><\/p>  <p>Im Schlussteil deines Bewerbungsschreibens kannst du nochmals deine Motivation und dein Interesse f\u00fcr das Praktikum betonen. Bedanke dich f\u00fcr das Lesen deiner Bewerbung undweise auf die M\u00f6glichkeit eines pers\u00f6nlichen Gespr\u00e4chs hin. <\/p>  <p>\u00dcber eine positive R\u00fcckmeldung und die Gelegenheit, mich pers\u00f6nlich vorstellen zu d\u00fcrfen, w\u00fcrde ich mich sehr freuen.<\/p>  <p>Mit freundlichen Gr\u00fc\u00dfen<\/p>   <p><strong>Dein Name<\/strong><\/p>  <p><strong>Anlagen:<\/strong><\/p> <p><strong>&#8211; Lebenslauf<\/strong><\/p> <p><strong>&#8211; Kopie des letzten Zeugnisses<\/strong><\/p> <p><strong>&#8211; ggf. weitere Anlagen<\/strong><\/p><\/section><\/div><\/div>\r\n\r\n&nbsp;\r\n\r\n\r\n\r\n\r\n\r\n\r\n<p class=\"has-text-align-center\">Muster und Vorlage f\u00fcr <strong> Bewerbungsschreiben Praktikum Sch\u00fcler <\/strong> zur Anpassung und Erstellung  im <strong>WORD<\/strong>\u2013 und <strong>PDF-Format<\/strong><\/p>\r\n\r\n\r\n<button id=\"generatePDF\">Erstellen (PDF &#8211; WORD)<\/button>\r\n\r\n\r\n\r\n<hr class=\"wp-block-separator has-alpha-channel-opacity\" \/>\r\n\r\n\r\n\r\n<p style=\"text-align: center;\"><strong>Bewerbungsschreiben Praktikum Sch\u00fcler<\/strong><\/p>\r\n\r\n<div class=\"wp-block-columns is-layout-flex wp-container-core-columns-is-layout-9d6595d7 wp-block-columns-is-layout-flex\">\r\n\r\n\r\n<div class=\"wp-block-column is-layout-flow wp-block-column-is-layout-flow\"><div class=\"su-button-center\"><a href=\"https:\/\/www.adhs-ausbildungskompass.de\/Content\/Pdfs\/Musteranschreiben_Schuelerpraktikum.pdf\" class=\"su-button su-button-style-flat\" style=\"color:#FFFFFF;background-color:#144bb6;border-color:#103c92;border-radius:1px\" target=\"_self\"><span style=\"color:#FFFFFF;padding:0px 24px;font-size:18px;line-height:36px;border-color:#5b81cc;border-radius:1px;text-shadow:none\">   PDF <\/span><\/a><\/div>\n<\/div>\r\n\r\n\r\n\r\n<div class=\"wp-block-column is-layout-flow wp-block-column-is-layout-flow\"><div class=\"su-button-center\"><a href=\"https:\/\/www.stepstone.at\/wp-content\/uploads\/2020\/02\/StepStone-Muster-Bewerbungschreiben-Word-Praktikum-PKA.docx\" class=\"su-button su-button-style-flat\" style=\"color:#FFFFFF;background-color:#144bb6;border-color:#103c92;border-radius:1px\" target=\"_self\"><span style=\"color:#FFFFFF;padding:0px 24px;font-size:18px;line-height:36px;border-color:#5b81cc;border-radius:1px;text-shadow:none\">   DOC<\/span><\/a><\/div>\n<\/div>\r\n\r\n\r\n<\/div>\r\n\r\n\r\n\r\n<p style=\"text-align: center;\"><strong>Beispiele<\/strong><\/p>\r\n\r\n<div class=\"wp-block-columns is-layout-flex wp-container-core-columns-is-layout-9d6595d7 wp-block-columns-is-layout-flex\">\r\n\r\n\r\n<div class=\"wp-block-column is-layout-flow wp-block-column-is-layout-flow\"><div class=\"su-button-center\"><a href=\"https:\/\/www.adhs-ausbildungskompass.de\/Content\/Pdfs\/Musteranschreiben_Schuelerpraktikum.pdf\" class=\"su-button su-button-style-flat\" style=\"color:#FFFFFF;background-color:#144bb6;border-color:#103c92;border-radius:1px\" target=\"_self\"><span style=\"color:#FFFFFF;padding:0px 24px;font-size:18px;line-height:36px;border-color:#5b81cc;border-radius:1px;text-shadow:none\">  Beispiel &#8211; 1 <\/span><\/a><\/div>\n<\/div>\r\n\r\n\r\n\r\n<div class=\"wp-block-column is-layout-flow wp-block-column-is-layout-flow\"><div class=\"su-button-center\"><a href=\"https:\/\/planet-beruf.de\/fileadmin\/user_upload\/Musteranschreiben_Praktikum_2021.pdf\" class=\"su-button su-button-style-flat\" style=\"color:#FFFFFF;background-color:#144bb6;border-color:#103c92;border-radius:1px\" target=\"_self\"><span style=\"color:#FFFFFF;padding:0px 24px;font-size:18px;line-height:36px;border-color:#5b81cc;border-radius:1px;text-shadow:none\">  Beispiel &#8211; 2 <\/span><\/a><\/div>\n<\/div>\r\n\r\n\r\n<\/div>\r\n\r\n\r\n<hr class=\"wp-block-separator has-alpha-channel-opacity\" \/>\r\n\r\n\r\n\r\n<div class=\"wp-block-columns is-layout-flex wp-container-core-columns-is-layout-9d6595d7 wp-block-columns-is-layout-flex\">\r\n\r\n\r\n<div class=\"wp-block-column is-layout-flow wp-block-column-is-layout-flow\"><div class=\"su-button-center\"><a href=\"https:\/\/youngcapital-uploads-production.s3.amazonaws.com\/de\/public\/Image\/studentjob\/bewerbungsschreiben_schuelerpraktikum_muster.pdf\" class=\"su-button su-button-style-flat\" style=\"color:#FFFFFF;background-color:#144bb6;border-color:#103c92;border-radius:1px\" target=\"_self\"><span style=\"color:#FFFFFF;padding:0px 24px;font-size:18px;line-height:36px;border-color:#5b81cc;border-radius:1px;text-shadow:none\">  Beispiel &#8211; 3 <\/span><\/a><\/div>\n<\/div>\r\n\r\n\r\n\r\n<div class=\"wp-block-column is-layout-flow wp-block-column-is-layout-flow\"><div class=\"su-button-center\"><a href=\"https:\/\/www.adhs-ausbildungskompass.de\/Content\/Pdfs\/Musteranschreiben_Schuelerpraktikum.pdf\" class=\"su-button su-button-style-flat\" style=\"color:#FFFFFF;background-color:#144bb6;border-color:#103c92;border-radius:1px\" target=\"_self\"><span style=\"color:#FFFFFF;padding:0px 24px;font-size:18px;line-height:36px;border-color:#5b81cc;border-radius:1px;text-shadow:none\">  Beispiel &#8211; 4 <\/span><\/a><\/div>\n<\/div>\r\n\r\n\r\n<\/div>\r\n\r\n\r\n<hr class=\"wp-block-separator has-alpha-channel-opacity\" \/>\r\n\r\n<!-- \/wp:post-content -->\r\n\r\n<!-- wp:table {\"align\":\"center\"} -->\r\n<figure class=\"wp-block-table aligncenter\">\r\n<table>\r\n<tbody>\r\n<tr>\r\n<td style=\"text-align: center;\">Bewerbungsschreiben Praktikum Sch\u00fcler<\/td>\r\n<\/tr>\r\n<tr>\r\n<td style=\"text-align: center;\">PDF &#8211; WORD Datei<\/td>\r\n<\/tr>\r\n<tr>\r\n<td style=\"text-align: center;\">Bewertung: \u2b50\u2b50\u2b50\u2b50\u2b50 4.76<\/td>\r\n<\/tr>\r\n<tr>\r\n<td style=\"text-align: center;\">Ergebnisse &#8211; 6435<\/td>\r\n<\/tr>\r\n<\/tbody>\r\n<\/table>\r\n<\/figure>\r\n<!-- \/wp:table -->\r\n\r\n<!-- wp:separator -->\r\n\r\n<hr class=\"wp-block-separator has-alpha-channel-opacity\" \/>\r\n\r\n<!-- \/wp:separator -->\r\n\r\n<div class=\"su-note\"  style=\"border-color:#e5e5e5;border-radius:10px;-moz-border-radius:10px;-webkit-border-radius:10px;\"><div class=\"su-note-inner su-u-clearfix su-u-trim\" style=\"background-color:#FFFFFF;border-color:#ffffff;color:#333333;border-radius:10px;-moz-border-radius:10px;-webkit-border-radius:10px;\">\r\n\r\n<p>Das Bewerbungsschreiben ist ein entscheidender Bestandteil bei der Suche nach einem Sch\u00fclerpraktikum. Es ist wichtig, dass der Brief gut strukturiert und \u00fcberzeugend ist. In dieser Anleitung werden wir Ihnen Tipps und Beispiele geben, wie Sie ein effektives Bewerbungsschreiben f\u00fcr ein Sch\u00fclerpraktikum verfassen k\u00f6nnen.<\/p>  <h3>1. Einleitung<\/h3>  <p>Die Einleitung ist der erste Eindruck, den Sie bei potenziellen Arbeitgebern hinterlassen. Daher ist es wichtig, einen guten ersten Satz zu w\u00e4hlen, der das Interesse des Lesers weckt. Sie sollten Ihren Namen, Ihr Alter und Ihre Schule angeben. Falls Sie eine pers\u00f6nliche Beziehung zu dem Unternehmen haben, k\u00f6nnen Sie dies in der Einleitung erw\u00e4hnen.<\/p>  <p><strong>Beispiel:<\/strong><\/p>  <p>Sehr geehrter Herr\/Frau [Name des Ansprechpartners],<\/p>  <p>mein Name ist [Ihr Name] und ich besuche die [Name der Schule] in [Ort]. Ich schreibe Ihnen, um mich f\u00fcr ein Sch\u00fclerpraktikum in Ihrem Unternehmen zu bewerben. Ich habe von Ihren spannenden Projekten geh\u00f6rt und bin daran interessiert, wertvolle berufliche Erfahrungen in einem solchen Umfeld zu sammeln.<\/p>  <h3>2. Hauptteil<\/h3>  <p>Im Hauptteil des Bewerbungsschreibens sollten Sie Ihre Motivation f\u00fcr das Sch\u00fclerpraktikum und Ihre relevanten F\u00e4higkeiten oder Erfahrungen darlegen. Geben Sie konkrete Beispiele daf\u00fcr, wie Sie Ihre F\u00e4higkeiten in der Vergangenheit angewendet haben und warum Sie sich f\u00fcr das Unternehmen oder die Branche interessieren.<\/p>  <p><strong>Beispiel:<\/strong><\/p>  <p>Ich interessiere mich besonders f\u00fcr die technische Seite Ihres Unternehmens. Im Rahmen eines schulischen Projekts habe ich bereits Erfahrungen mit der Programmiersprache Python gesammelt und bin fasziniert von der M\u00f6glichkeit, komplexe Probleme zu l\u00f6sen und innovative L\u00f6sungen zu entwickeln. Ich w\u00fcrde gerne meine Kenntnisse vertiefen und praxisnahe Einblicke in die Softwareentwicklung gewinnen.<\/p>  <p>Zus\u00e4tzlich zu meiner technischen Affinit\u00e4t habe ich auch gute Kommunikations- und Teamf\u00e4higkeiten. In meiner Schulklasse arbeite ich regelm\u00e4\u00dfig in Gruppenprojekten, bei denen ich Verantwortung \u00fcbernehme und erfolgreich mit meinen Mitsch\u00fclern zusammenarbeite. Ich bin \u00fcberzeugt, dass diese F\u00e4higkeiten mir dabei helfen, ein wertvolles Mitglied Ihres Teams zu sein.<\/p>  <h3>3. Schluss<\/h3>  <p>Der Schlussteil des Bewerbungsschreibens sollte eine Ihrer Motivation und eine Abschlussformel enthalten. Bedanken Sie sich f\u00fcr die Ber\u00fccksichtigung Ihrer Bewerbung und zeigen Sie Ihre Bereitschaft, weitere Informationen oder Dokumente zur Verf\u00fcgung zu stellen.<\/p>  <p><strong>Beispiel:<\/strong><\/p>  <p>Ich w\u00fcrde mich sehr freuen, die M\u00f6glichkeit zu erhalten, mein Sch\u00fclerpraktikum bei Ihnen absolvieren zu d\u00fcrfen. Gerne stehe ich Ihnen f\u00fcr weitere Fragen oder ein pers\u00f6nliches Gespr\u00e4ch zur Verf\u00fcgung. In der Anlage finden Sie meinen Lebenslauf, Zeugnis und Empfehlungsschreiben. Vielen Dank im Voraus f\u00fcr Ihre Aufmerksamkeit und Ber\u00fccksichtigung.<\/p>  <p>Mit freundlichen Gr\u00fc\u00dfen,<\/p> [Ihr Name]  <h3>4. Formale Gestaltung<\/h3>  <p>Bei der formalen Gestaltung des Bewerbungsschreibens sollten Sie auf folgendes achten:<\/p>  <p>&#8211; Verwenden Sie eine professionelle Schriftart wie Arial oder Times New Roman in der Gr\u00f6\u00dfe 12.<\/p> <p>&#8211; Das Bewerbungsschreiben sollte auf einem sauberen, wei\u00dfen Papier gedruckt oder in PDF-Format gespeichert werden.<\/p> <p>&#8211; Vermeiden Sie Rechtschreib- oder Grammatikfehler. \u00dcberpr\u00fcfen Sie das Bewerbungsschreiben sorgf\u00e4ltig auf Fehler, bevor Sie es absenden.<\/p> <p>&#8211; F\u00fcgen Sie eine aussagekr\u00e4ftige Betreffzeile hinzu, in der Sie das Sch\u00fclerpraktikum und den Zeitraum angeben, f\u00fcr den Sie sich bewerben.<\/p>  <h3>5. Aufbau eines effektiven Briefes<\/h3>  <p>Ein effektives Bewerbungsschreiben sollte folgenden Aufbau haben:<\/p>  <p><strong>I. Einleitung:<\/strong> Stellen Sie sich vor und erkl\u00e4ren Sie, f\u00fcr welches Praktikum Sie sich bewerben.<\/p> <p><strong>II. Hauptteil:<\/strong> Legen Sie Ihre Motivation und relevanten F\u00e4higkeiten dar.<\/p> <p><strong>III. Schluss:<\/strong> Fassen Sie Ihre Motivation zusammen, bedanken Sie sich und bieten Sie weitere Informationen an.<\/p> <p><strong>IV. Anlagen:<\/strong> F\u00fcgen Sie Ihren Lebenslauf, Zeugnis und Empfehlungsschreiben bei.<\/p>  <p>Ein gut strukturiertes Bewerbungsschreiben wird die Aufmerksamkeit der Arbeitgeber erregen und Ihre Chancen auf ein Sch\u00fclerpraktikum erh\u00f6hen. Nehmen Sie sich Zeit, um das Bewerbungsschreiben sorgf\u00e4ltig zu planen und zu verfassen. \u00dcberpr\u00fcfen Sie es auf Fehler und lassen Sie es von einer vertrauensw\u00fcrdigen Person Korrektur lesen, um sicherzustellen, dass es professionell und \u00fcberzeugend ist.<\/p>\r\n\r\n<\/div><\/div>\r\n\r\n<!-- wp:separator -->\r\n\r\n<hr class=\"wp-block-separator has-alpha-channel-opacity\" \/>","protected":false},"excerpt":{"rendered":"<p>Muster und Vorlage f\u00fcr Bewerbungsschreiben Praktikum Sch\u00fcler &#8211; Ausf\u00fcllen und Erstellung &#8211; \u00d6ffnen im WORD und PDF Datei und Online &#8230; <\/p>\n<p class=\"read-more-container\"><a title=\"\u00d6ffnen &#8211; Bewerbungsschreiben Praktikum Sch\u00fcler\" class=\"read-more button\" href=\"https:\/\/schreibenpro.com\/de\/bewerbungsschreiben-praktikum-schuler-offnen\/#more-646\" aria-label=\"Mehr zu \u00d6ffnen &#8211; Bewerbungsschreiben Praktikum Sch\u00fcler\">\u00d6FFNEN <\/a><\/p>\n","protected":false},"author":1,"featured_media":0,"parent":0,"menu_order":0,"comment_status":"closed","ping_status":"closed","template":"","meta":{"footnotes":""},"class_list":{"0":"post-646","1":"page","2":"type-page","3":"status-publish","5":"infinite-scroll-item"},"yoast_head":"<!-- This site is optimized with the Yoast SEO plugin v24.6 - https:\/\/yoast.com\/wordpress\/plugins\/seo\/ -->\n<title>\u00d6ffnen - Bewerbungsschreiben Praktikum Sch\u00fcler - Schreiben PRO<\/title>\n<meta name=\"robots\" content=\"noindex, follow\" \/>\n<meta property=\"og:locale\" content=\"de_DE\" \/>\n<meta property=\"og:type\" content=\"article\" \/>\n<meta property=\"og:title\" content=\"\u00d6ffnen - Bewerbungsschreiben Praktikum Sch\u00fcler - Schreiben PRO\" \/>\n<meta property=\"og:description\" content=\"Muster und Vorlage f\u00fcr Bewerbungsschreiben Praktikum Sch\u00fcler &#8211; Ausf\u00fcllen und Erstellung &#8211; \u00d6ffnen im WORD und PDF Datei und Online ... \u00d6FFNEN\" \/>\n<meta property=\"og:url\" content=\"https:\/\/schreibenpro.com\/de\/bewerbungsschreiben-praktikum-schuler-offnen\/\" \/>\n<meta property=\"og:site_name\" content=\"Schreiben PRO\" \/>\n<meta property=\"og:image\" content=\"https:\/\/schreibenpro.com\/de\/wp-content\/uploads\/bewerbungsschreiben-praktikum-schuler-muster-vorlage.jpg\" \/>\n<meta name=\"twitter:card\" content=\"summary_large_image\" \/>\n<meta name=\"twitter:label1\" content=\"Gesch\u00e4tzte Lesezeit\" \/>\n\t<meta name=\"twitter:data1\" content=\"1\u00a0Minute\" \/>\n<!-- \/ Yoast SEO plugin. -->","yoast_head_json":{"title":"\u00d6ffnen - Bewerbungsschreiben Praktikum Sch\u00fcler - Schreiben PRO","robots":{"index":"noindex","follow":"follow"},"og_locale":"de_DE","og_type":"article","og_title":"\u00d6ffnen - Bewerbungsschreiben Praktikum Sch\u00fcler - Schreiben PRO","og_description":"Muster und Vorlage f\u00fcr Bewerbungsschreiben Praktikum Sch\u00fcler &#8211; Ausf\u00fcllen und Erstellung &#8211; \u00d6ffnen im WORD und PDF Datei und Online ... \u00d6FFNEN","og_url":"https:\/\/schreibenpro.com\/de\/bewerbungsschreiben-praktikum-schuler-offnen\/","og_site_name":"Schreiben PRO","og_image":[{"url":"https:\/\/schreibenpro.com\/de\/wp-content\/uploads\/bewerbungsschreiben-praktikum-schuler-muster-vorlage.jpg","type":"","width":"","height":""}],"twitter_card":"summary_large_image","twitter_misc":{"Gesch\u00e4tzte Lesezeit":"1\u00a0Minute"},"schema":{"@context":"https:\/\/schema.org","@graph":[{"@type":"WebPage","@id":"https:\/\/schreibenpro.com\/de\/bewerbungsschreiben-praktikum-schuler-offnen\/","url":"https:\/\/schreibenpro.com\/de\/bewerbungsschreiben-praktikum-schuler-offnen\/","name":"\u00d6ffnen - Bewerbungsschreiben Praktikum Sch\u00fcler - Schreiben PRO","isPartOf":{"@id":"https:\/\/schreibenpro.com\/de\/#website"},"primaryImageOfPage":{"@id":"https:\/\/schreibenpro.com\/de\/bewerbungsschreiben-praktikum-schuler-offnen\/#primaryimage"},"image":{"@id":"https:\/\/schreibenpro.com\/de\/bewerbungsschreiben-praktikum-schuler-offnen\/#primaryimage"},"thumbnailUrl":"https:\/\/schreibenpro.com\/de\/wp-content\/uploads\/bewerbungsschreiben-praktikum-schuler-muster-vorlage.jpg","datePublished":"2023-12-18T08:25:16+00:00","breadcrumb":{"@id":"https:\/\/schreibenpro.com\/de\/bewerbungsschreiben-praktikum-schuler-offnen\/#breadcrumb"},"inLanguage":"de","potentialAction":[{"@type":"ReadAction","target":["https:\/\/schreibenpro.com\/de\/bewerbungsschreiben-praktikum-schuler-offnen\/"]}]},{"@type":"ImageObject","inLanguage":"de","@id":"https:\/\/schreibenpro.com\/de\/bewerbungsschreiben-praktikum-schuler-offnen\/#primaryimage","url":"https:\/\/schreibenpro.com\/de\/wp-content\/uploads\/anschreiben-zum-angebot-muster-vorlage.jpg","contentUrl":"https:\/\/schreibenpro.com\/de\/wp-content\/uploads\/anschreiben-zum-angebot-muster-vorlage.jpg","width":1410,"height":2250},{"@type":"BreadcrumbList","@id":"https:\/\/schreibenpro.com\/de\/bewerbungsschreiben-praktikum-schuler-offnen\/#breadcrumb","itemListElement":[{"@type":"ListItem","position":1,"name":"Portada","item":"https:\/\/schreibenpro.com\/de\/"},{"@type":"ListItem","position":2,"name":"\u00d6ffnen &#8211; Bewerbungsschreiben Praktikum Sch\u00fcler"}]},{"@type":"WebSite","@id":"https:\/\/schreibenpro.com\/de\/#website","url":"https:\/\/schreibenpro.com\/de\/","name":"Schreiben PRO","description":"Muster und Vorlage","publisher":{"@id":"https:\/\/schreibenpro.com\/de\/#organization"},"potentialAction":[{"@type":"SearchAction","target":{"@type":"EntryPoint","urlTemplate":"https:\/\/schreibenpro.com\/de\/?s={search_term_string}"},"query-input":{"@type":"PropertyValueSpecification","valueRequired":true,"valueName":"search_term_string"}}],"inLanguage":"de"},{"@type":"Organization","@id":"https:\/\/schreibenpro.com\/de\/#organization","name":"Schreiben PRO","url":"https:\/\/schreibenpro.com\/de\/","logo":{"@type":"ImageObject","inLanguage":"de","@id":"https:\/\/schreibenpro.com\/de\/#\/schema\/logo\/image\/","url":"https:\/\/schreibenpro.com\/de\/wp-content\/uploads\/cropped-fav.png","contentUrl":"https:\/\/schreibenpro.com\/de\/wp-content\/uploads\/cropped-fav.png","width":512,"height":512,"caption":"Schreiben PRO"},"image":{"@id":"https:\/\/schreibenpro.com\/de\/#\/schema\/logo\/image\/"}}]}},"_links":{"self":[{"href":"https:\/\/schreibenpro.com\/de\/wp-json\/wp\/v2\/pages\/646","targetHints":{"allow":["GET"]}}],"collection":[{"href":"https:\/\/schreibenpro.com\/de\/wp-json\/wp\/v2\/pages"}],"about":[{"href":"https:\/\/schreibenpro.com\/de\/wp-json\/wp\/v2\/types\/page"}],"author":[{"embeddable":true,"href":"https:\/\/schreibenpro.com\/de\/wp-json\/wp\/v2\/users\/1"}],"replies":[{"embeddable":true,"href":"https:\/\/schreibenpro.com\/de\/wp-json\/wp\/v2\/comments?post=646"}],"version-history":[{"count":0,"href":"https:\/\/schreibenpro.com\/de\/wp-json\/wp\/v2\/pages\/646\/revisions"}],"wp:attachment":[{"href":"https:\/\/schreibenpro.com\/de\/wp-json\/wp\/v2\/media?parent=646"}],"curies":[{"name":"wp","href":"https:\/\/api.w.org\/{rel}","templated":true}]}}