{"id":649,"date":"2023-12-18T08:25:17","date_gmt":"2023-12-18T08:25:17","guid":{"rendered":"https:\/\/schreibenpro.com\/de\/bewerbung-ohne-anschreiben-offnen\/"},"modified":"2023-12-18T08:25:17","modified_gmt":"2023-12-18T08:25:17","slug":"bewerbung-ohne-anschreiben-offnen","status":"publish","type":"page","link":"https:\/\/schreibenpro.com\/de\/bewerbung-ohne-anschreiben-offnen\/","title":{"rendered":"\u00d6ffnen &#8211; Bewerbung Ohne Anschreiben"},"content":{"rendered":"\r\n<p class=\"has-text-align-center\">Vorlage und Muster f\u00fcr <strong> Bewerbung Ohne Anschreiben<\/strong> &#8211; Erstellung und Ausf\u00fcllen &#8211; \u00d6ffnen im <strong>PDF und WORD<\/strong> Datei und Online<\/p>\r\n\r\n\r\n\r\n\r\n<div class=\"wp-block-image\">\r\n<figure class=\"aligncenter size-large is-resized\"><img loading=\"lazy\" decoding=\"async\" class=\"wp-image-215\" src=\"https:\/\/schreibenpro.com\/de\/wp-content\/uploads\/bewerbung-ohne-anschreiben-muster-vorlage.jpg\" alt=\"\" width=\"245\" height=\"391\" \/><\/figure>\r\n<\/div>\r\n\r\n\r\n\r\n<hr class=\"wp-block-separator has-alpha-channel-opacity\" \/>\r\n\r\n\r\n\r\n\r\n\r\n<div class=\"su-note\"  style=\"border-color:#e5e5e5;border-radius:10px;-moz-border-radius:10px;-webkit-border-radius:10px;\"><div class=\"su-note-inner su-u-clearfix su-u-trim\" style=\"background-color:#FFFFFF;border-color:#ffffff;color:#333333;border-radius:10px;-moz-border-radius:10px;-webkit-border-radius:10px;\">\r\n\r\n<section id=\"specialParagraph\"><p>Sehr geehrte Damen und Herren,<\/p>  <p>hiermit bewerbe ich mich um die Stelle als <strong>Softwareentwickler<\/strong> in Ihrem Unternehmen. Durch meine langj\u00e4hrige Erfahrung in der Branche und meine Expertise in den Programmiersprachen Java, Python und C++ bin ich \u00fcberzeugt, dass ich eine wertvolle Erg\u00e4nzung f\u00fcr Ihr Team sein kann.<\/p>  <p><strong>Einleitung:<\/strong><\/p> <p>Ich habe mein Studium der Informatik erfolgreich abgeschlossen und bereits in verschiedenen Unternehmen als Softwareentwickler gearbeitet. In meiner letzten Anstellung war ich f\u00fcr die Entwicklung und Optimierung von webbasierten Anwendungen verantwortlich, wodurch ich umfangreiche Kenntnisse in HTML, CSS, JavaScript und PHP erworben habe.<\/p>  <p><strong>Hauptteil:<\/strong><\/p> <p>Im Laufe meiner Karriere konnte ich umfangreiche Erfahrungen in den Bereichen Softwarearchitektur, agile Entwicklungsmethoden und Testautomatisierung sammeln. Dabei habe ich immer gro\u00dfen Wert auf die Qualit\u00e4t und Effizienz meiner Arbeit gelegt. Durch die Verwendung von Versionskontrollsystemen wie Git konnte ich erfolgreich in Teamprojekten mitarbeiten und zur fehlerfreien Bereitstellung von Softwarel\u00f6sungen beitragen.<\/p>  <p><strong>Im Detail umfasst meine Expertise folgende Bereiche:<\/strong><\/p>  <dl> <dt><strong>Programmiersprachen:<\/strong><\/dt> <dd>&#8211; Java<\/dd> <dd>&#8211; Python<\/dd> <dd>&#8211; C++<\/dd>  <dt><strong>Webtechnologien:<\/strong><\/dt> <dd>&#8211; HTML<\/dd> <dd>&#8211; CSS<\/dd> <dd>&#8211; JavaScript<\/dd> <dd>&#8211; PHP<\/dd>  <dt><strong>Datenbanken:<\/strong><\/dt> <dd>&#8211; MySQL<\/dd> <dd>&#8211; PostgreSQL<\/dd>  <dt><strong>Frameworks:<\/strong><\/dt> <dd>&#8211; Spring<\/dd> <dd>&#8211; Django<\/dd> <dd>&#8211; Angular<\/dd>  <dt><strong>Entwicklungsmethoden:<\/strong><\/dt> <dd>&#8211; Agile Entwicklung<\/dd> <dd>&#8211; Scrum<\/dd> <dd>&#8211; Kanban<\/dd>  <dt><strong>Testautomatisierung:<\/strong><\/dt> <dd>&#8211; JUnit<\/dd> <dd>&#8211; Selenium<\/dd> <\/dl>  <p><strong>Schluss:<\/strong><\/p> <p>Ich bin davon \u00fcberzeugt, dass ich aufgrund meiner Erfahrungen und F\u00e4higkeiten eine wertvolle Bereicherung f\u00fcr Ihr Unternehmen sein kann. Gerne stehe ich Ihnen f\u00fcr weitere Informationen oder ein pers\u00f6nliches Gespr\u00e4ch zur Verf\u00fcgung.<\/p>  <p>Mit freundlichen Gr\u00fc\u00dfen,<\/p> <p><b>Max Mustermann<\/b><\/p> <p>max.mustermann@example.com<\/p> <p>01234 56789<\/p><\/section><\/div><\/div>\r\n\r\n&nbsp;\r\n\r\n\r\n\r\n\r\n\r\n\r\n<p class=\"has-text-align-center\">Vorlage und Muster f\u00fcr <strong> Bewerbung Ohne Anschreiben <\/strong> zur Erstellung und Anpassung im <strong>WORD<\/strong>\u2013 und <strong>PDF-Format<\/strong><\/p>\r\n\r\n\r\n<button id=\"generatePDF\">Erstellen (PDF &#8211; WORD)<\/button>\r\n\r\n\r\n\r\n<hr class=\"wp-block-separator has-alpha-channel-opacity\" \/>\r\n\r\n\r\n\r\n<p style=\"text-align: center;\"><strong>Bewerbung Ohne Anschreiben<\/strong><\/p>\r\n\r\n<div class=\"wp-block-columns is-layout-flex wp-container-core-columns-is-layout-9d6595d7 wp-block-columns-is-layout-flex\">\r\n\r\n\r\n<div class=\"wp-block-column is-layout-flow wp-block-column-is-layout-flow\"><div class=\"su-button-center\"><a href=\"https:\/\/www.ihk-muenchen.de\/ihk\/documents\/Fachkr%C3%A4fte\/Checklisten\/Mustertext-Empfangsbestaetigung.pdf\" class=\"su-button su-button-style-flat\" style=\"color:#FFFFFF;background-color:#144bb6;border-color:#103c92;border-radius:1px\" target=\"_self\"><span style=\"color:#FFFFFF;padding:0px 24px;font-size:18px;line-height:36px;border-color:#5b81cc;border-radius:1px;text-shadow:none\">   PDF <\/span><\/a><\/div>\n<\/div>\r\n\r\n\r\n\r\n<div class=\"wp-block-column is-layout-flow wp-block-column-is-layout-flow\"><div class=\"su-button-center\"><a href=\"https:\/\/www.anjaworm.de\/fileadmin\/user_upload\/Erfolgreich_bewerben_.docx\" class=\"su-button su-button-style-flat\" style=\"color:#FFFFFF;background-color:#144bb6;border-color:#103c92;border-radius:1px\" target=\"_self\"><span style=\"color:#FFFFFF;padding:0px 24px;font-size:18px;line-height:36px;border-color:#5b81cc;border-radius:1px;text-shadow:none\">   DOC<\/span><\/a><\/div>\n<\/div>\r\n\r\n\r\n<\/div>\r\n\r\n\r\n\r\n<p style=\"text-align: center;\"><strong>Beispiele<\/strong><\/p>\r\n\r\n<div class=\"wp-block-columns is-layout-flex wp-container-core-columns-is-layout-9d6595d7 wp-block-columns-is-layout-flex\">\r\n\r\n\r\n<div class=\"wp-block-column is-layout-flow wp-block-column-is-layout-flow\"><div class=\"su-button-center\"><a href=\"https:\/\/www.fachkraft-im-fokus.de\/fileadmin\/user_upload\/Checklisten\/B_Anonyme-Bewerbung_01.pdf\" class=\"su-button su-button-style-flat\" style=\"color:#FFFFFF;background-color:#144bb6;border-color:#103c92;border-radius:1px\" target=\"_self\"><span style=\"color:#FFFFFF;padding:0px 24px;font-size:18px;line-height:36px;border-color:#5b81cc;border-radius:1px;text-shadow:none\">  Beispiel &#8211; 1 <\/span><\/a><\/div>\n<\/div>\r\n\r\n\r\n\r\n<div class=\"wp-block-column is-layout-flow wp-block-column-is-layout-flow\"><div class=\"su-button-center\"><a href=\"https:\/\/www.antidiskriminierungsstelle.de\/SharedDocs\/downloads\/DE\/publikationen\/AnonymBewerbung\/leitfaden_anonymisierte_bewerbungsverfahren.pdf?__blob=publicationFile&#038;v=4\" class=\"su-button su-button-style-flat\" style=\"color:#FFFFFF;background-color:#144bb6;border-color:#103c92;border-radius:1px\" target=\"_self\"><span style=\"color:#FFFFFF;padding:0px 24px;font-size:18px;line-height:36px;border-color:#5b81cc;border-radius:1px;text-shadow:none\">  Beispiel &#8211; 2 <\/span><\/a><\/div>\n<\/div>\r\n\r\n\r\n<\/div>\r\n\r\n\r\n<hr class=\"wp-block-separator has-alpha-channel-opacity\" \/>\r\n\r\n\r\n\r\n<div class=\"wp-block-columns is-layout-flex wp-container-core-columns-is-layout-9d6595d7 wp-block-columns-is-layout-flex\">\r\n\r\n\r\n<div class=\"wp-block-column is-layout-flow wp-block-column-is-layout-flow\"><div class=\"su-button-center\"><a href=\"https:\/\/domsel-consulting.de\/files\/Initiativ-Bewerbung.pdf\" class=\"su-button su-button-style-flat\" style=\"color:#FFFFFF;background-color:#144bb6;border-color:#103c92;border-radius:1px\" target=\"_self\"><span style=\"color:#FFFFFF;padding:0px 24px;font-size:18px;line-height:36px;border-color:#5b81cc;border-radius:1px;text-shadow:none\">  Beispiel &#8211; 3 <\/span><\/a><\/div>\n<\/div>\r\n\r\n\r\n\r\n<div class=\"wp-block-column is-layout-flow wp-block-column-is-layout-flow\"><div class=\"su-button-center\"><a href=\"https:\/\/www.ihk-muenchen.de\/ihk\/documents\/Fachkr%C3%A4fte\/Checklisten\/Mustertext-Empfangsbestaetigung.pdf\" class=\"su-button su-button-style-flat\" style=\"color:#FFFFFF;background-color:#144bb6;border-color:#103c92;border-radius:1px\" target=\"_self\"><span style=\"color:#FFFFFF;padding:0px 24px;font-size:18px;line-height:36px;border-color:#5b81cc;border-radius:1px;text-shadow:none\">  Beispiel &#8211; 4 <\/span><\/a><\/div>\n<\/div>\r\n\r\n\r\n<\/div>\r\n\r\n\r\n<hr class=\"wp-block-separator has-alpha-channel-opacity\" \/>\r\n\r\n<!-- \/wp:post-content -->\r\n\r\n<!-- wp:table {\"align\":\"center\"} -->\r\n<figure class=\"wp-block-table aligncenter\">\r\n<table>\r\n<tbody>\r\n<tr>\r\n<td style=\"text-align: center;\">Bewerbung Ohne Anschreiben<\/td>\r\n<\/tr>\r\n<tr>\r\n<td style=\"text-align: center;\">PDF &#8211; WORD Datei<\/td>\r\n<\/tr>\r\n<tr>\r\n<td style=\"text-align: center;\">Bewertung: \u2b50\u2b50\u2b50\u2b50\u2b50 4.71<\/td>\r\n<\/tr>\r\n<tr>\r\n<td style=\"text-align: center;\">Ergebnisse &#8211; 4808<\/td>\r\n<\/tr>\r\n<\/tbody>\r\n<\/table>\r\n<\/figure>\r\n<!-- \/wp:table -->\r\n\r\n<!-- wp:separator -->\r\n\r\n<hr class=\"wp-block-separator has-alpha-channel-opacity\" \/>\r\n\r\n<!-- \/wp:separator -->\r\n\r\n<div class=\"su-note\"  style=\"border-color:#e5e5e5;border-radius:10px;-moz-border-radius:10px;-webkit-border-radius:10px;\"><div class=\"su-note-inner su-u-clearfix su-u-trim\" style=\"background-color:#FFFFFF;border-color:#ffffff;color:#333333;border-radius:10px;-moz-border-radius:10px;-webkit-border-radius:10px;\">\r\n\r\n<p>Das Erstellen einer Bewerbung kann eine herausfordernde Aufgabe sein, insbesondere wenn es kein traditionelles Anschreiben gibt. In dieser Anleitung werden wir Schritt f\u00fcr Schritt erkl\u00e4ren, wie Sie eine erfolgreiche Bewerbung ohne Anschreiben verfassen k\u00f6nnen. Wir werden uns auf die Einleitung, den Hauptteil und den Schluss konzentrieren und auch wichtige \u00dcberlegungen zur formalen Gestaltung und zum Aufbau eines effektiven Briefes ber\u00fccksichtigen.<\/p>  <h3>Einleitung<\/h3>  <p>Die Einleitung ist der erste Eindruck, den Sie auf den Leser machen. Sie sollten die Einleitung nutzen, um Ihr Interesse an der Stelle und Ihrem Hintergrund in Bezug auf die Anforderungen der Stelle zu kommunizieren. Hier sind einige Tipps, wie Sie eine \u00fcberzeugende Einleitung verfassen k\u00f6nnen:<\/p>  <ul> <li><strong>1. Betreffzeile:<\/strong> Beginnen Sie mit einer aussagekr\u00e4ftigen Betreffzeile, die den Leser direkt anspricht und das Interesse weckt. Zum Beispiel: &#8220;Bewerbung als Marketing Manager&#8221;.<\/li> <li><strong>2. Adressat:<\/strong> Geben Sie den vollst\u00e4ndigen Namen und die Position des Empf\u00e4ngers an. Recherchieren Sie hierf\u00fcr am besten auf der Unternehmenswebsite oder nutzen Sie LinkedIn.<\/li> <li><strong>3. Kurze Selbstvorstellung:<\/strong> Geben Sie einen kurzen \u00dcberblick \u00fcber Ihre Berufserfahrung und Qualifikationen, die f\u00fcr die Stelle relevant sind.<\/li> <li><strong>4. Interesse an der Stelle:<\/strong> Zeigen Sie Ihr Interesse an der Stelle und erkl\u00e4ren Sie, warum Sie sich bewerben m\u00f6chten.<\/li> <\/ul>  <h3>Hauptteil<\/h3>  <p>Der Hauptteil Ihrer Bewerbung dient dazu, Ihre F\u00e4higkeiten, Erfahrungen und Qualifikationen im Detail zu pr\u00e4sentieren. Hier sind einige Punkte, die Sie in Ihrem Hauptteil beachten sollten:<\/p>  <dl> <dt><strong>1. Hervorhebung relevanter Erfahrungen:<\/strong><\/dt> <dd>Beschreiben Sie Ihre bisherige Berufserfahrung und stellen Sie sicher, dass Sie diejenigen Erfahrungen hervorheben, die besonders relevant f\u00fcr die angestrebte Position sind.<\/dd> <dt><strong>2. Erfolge und Erfahrungen:<\/strong><\/dt> <dd>Geben Sie konkrete Beispiele f\u00fcr Ihre bisherigen Erfolge und Erfahrungen, um Ihre F\u00e4higkeiten zu demonstrieren. Verwenden Sie dabei quantitative Daten, um Ihre Erfolge zu verdeutlichen.<\/dd> <dt><strong>3. F\u00e4higkeiten und Qualifikationen:<\/strong><\/dt> <dd>Nennen Sie die relevanten F\u00e4higkeiten und Qualifikationen, die Sie f\u00fcr die Stelle mitbringen. Stellen Sie sicher, dass Sie Ihre F\u00e4higkeiten mit Beispielen aus der Praxis untermauern.<\/dd> <dt><strong>4. Bezug zum Unternehmen:<\/strong><\/dt> <dd>Zeigen Sie, dass Sie das Unternehmen und seine Werte verstehen, indem Sie darauf eingehen, wie Ihre F\u00e4higkeiten und Erfahrungen zur Unternehmenskultur passen.<\/dd> <\/dl>  <h3>Schluss<\/h3>  <p>Der Schlussteil ist Ihre letzte Gelegenheit, den Leser zu \u00fcberzeugen und einen positiven Eindruck zu hinterlassen. Hier sind einige Tipps zur Gestaltung des Schlussteils:<\/p>  <ul> <li><strong>1. :<\/strong> Fassen Sie nochmals kurz Ihre wichtigsten Qualifikationen und Erfahrungen zusammen, um dem Leser einen letzten \u00dcberblick zu geben.<\/li> <li><strong>2. Interesse bekunden:<\/strong> Zeigen Sie erneut Ihr Interesse an der Stelle und Ihrem Verlangen danach, zu einem pers\u00f6nlichen Gespr\u00e4ch eingeladen zu werden.<\/li> <li><strong>3. Kontaktdaten:<\/strong> Geben Sie Ihre Kontaktdaten an, damit der Arbeitgeber leicht mit Ihnen in Verbindung treten kann. Vergessen Sie nicht, Ihre Telefonnummer und E-Mail-Adresse anzugeben.<\/li> <\/ul>  <h3>Formale Gestaltung und Aufbau<\/h3>  <p>Bei der formalen Gestaltung Ihrer Bewerbung sollten Sie auf einen professionellen und \u00fcbersichtlichen Aufbau achten. Hier sind einige Tipps zur formalen Gestaltung:<\/p>  <ul> <li><strong>1. Verwenden Sie eine gut lesbare Schriftart:<\/strong> Verwenden Sie eine standardm\u00e4\u00dfige Schriftart wie Arial, Times New Roman oder Calibri, um sicherzustellen, dass Ihre Bewerbung professionell aussieht und gut lesbar ist.<\/li> <li><strong>2. Formatieren Sie Ihren Text:<\/strong> Verwenden Sie Abs\u00e4tze und Zwischen\u00fcberschriften, um Ihren Text zu strukturieren und \u00dcbersichtlichkeit zu schaffen.<\/li> <li><strong>3. Verwenden Sie professionelle Sprache:<\/strong> Vermeiden Sie umgangssprachliche Ausdr\u00fccke und informelle Sprache. Verwenden Sie stattdessen eine f\u00f6rmliche und professionelle Sprache.<\/li> <li><strong>4. Korrekturlesen:<\/strong> Nehmen Sie sich ausreichend Zeit, um Ihre Bewerbung auf Rechtschreib- und Grammatikfehler zu \u00fcberpr\u00fcfen. Ein fehlerfreier Text macht einen positiven Eindruck.<\/li> <\/ul>  <p>Beachten Sie au\u00dferdem, dass es wichtig ist, Ihre Bewerbung an die spezifischen Anforderungen und W\u00fcnsche des jeweiligen Unternehmens anzupassen. Lesen Sie die Stellenanzeige gr\u00fcndlich durch und stellen Sie sicher, dass Sie in Ihrer Bewerbung deutlich machen, wie Sie die Anforderungen der Stelle erf\u00fcllen k\u00f6nnen.<\/p>\r\n\r\n<\/div><\/div>\r\n\r\n<!-- wp:separator -->\r\n\r\n<hr class=\"wp-block-separator has-alpha-channel-opacity\" \/>","protected":false},"excerpt":{"rendered":"<p>Vorlage und Muster f\u00fcr Bewerbung Ohne Anschreiben &#8211; Erstellung und Ausf\u00fcllen &#8211; \u00d6ffnen im PDF und WORD Datei und Online &#8230; <\/p>\n<p class=\"read-more-container\"><a title=\"\u00d6ffnen &#8211; Bewerbung Ohne Anschreiben\" class=\"read-more button\" href=\"https:\/\/schreibenpro.com\/de\/bewerbung-ohne-anschreiben-offnen\/#more-649\" aria-label=\"Mehr zu \u00d6ffnen &#8211; Bewerbung Ohne Anschreiben\">\u00d6FFNEN <\/a><\/p>\n","protected":false},"author":1,"featured_media":0,"parent":0,"menu_order":0,"comment_status":"closed","ping_status":"closed","template":"","meta":{"footnotes":""},"class_list":{"0":"post-649","1":"page","2":"type-page","3":"status-publish","5":"infinite-scroll-item"},"yoast_head":"<!-- This site is optimized with the Yoast SEO plugin v24.6 - https:\/\/yoast.com\/wordpress\/plugins\/seo\/ -->\n<title>\u00d6ffnen - Bewerbung Ohne Anschreiben - Schreiben PRO<\/title>\n<meta name=\"robots\" content=\"noindex, follow\" \/>\n<meta property=\"og:locale\" content=\"de_DE\" \/>\n<meta property=\"og:type\" content=\"article\" \/>\n<meta property=\"og:title\" content=\"\u00d6ffnen - Bewerbung Ohne Anschreiben - Schreiben PRO\" \/>\n<meta property=\"og:description\" content=\"Vorlage und Muster f\u00fcr Bewerbung Ohne Anschreiben &#8211; Erstellung und Ausf\u00fcllen &#8211; \u00d6ffnen im PDF und WORD Datei und Online ... \u00d6FFNEN\" \/>\n<meta property=\"og:url\" content=\"https:\/\/schreibenpro.com\/de\/bewerbung-ohne-anschreiben-offnen\/\" \/>\n<meta property=\"og:site_name\" content=\"Schreiben PRO\" \/>\n<meta property=\"og:image\" content=\"https:\/\/schreibenpro.com\/de\/wp-content\/uploads\/bewerbung-ohne-anschreiben-muster-vorlage.jpg\" \/>\n<meta name=\"twitter:card\" content=\"summary_large_image\" \/>\n<meta name=\"twitter:label1\" content=\"Gesch\u00e4tzte Lesezeit\" \/>\n\t<meta name=\"twitter:data1\" content=\"1\u00a0Minute\" \/>\n<!-- \/ Yoast SEO plugin. -->","yoast_head_json":{"title":"\u00d6ffnen - Bewerbung Ohne Anschreiben - Schreiben PRO","robots":{"index":"noindex","follow":"follow"},"og_locale":"de_DE","og_type":"article","og_title":"\u00d6ffnen - Bewerbung Ohne Anschreiben - Schreiben PRO","og_description":"Vorlage und Muster f\u00fcr Bewerbung Ohne Anschreiben &#8211; Erstellung und Ausf\u00fcllen &#8211; \u00d6ffnen im PDF und WORD Datei und Online ... \u00d6FFNEN","og_url":"https:\/\/schreibenpro.com\/de\/bewerbung-ohne-anschreiben-offnen\/","og_site_name":"Schreiben PRO","og_image":[{"url":"https:\/\/schreibenpro.com\/de\/wp-content\/uploads\/bewerbung-ohne-anschreiben-muster-vorlage.jpg","type":"","width":"","height":""}],"twitter_card":"summary_large_image","twitter_misc":{"Gesch\u00e4tzte Lesezeit":"1\u00a0Minute"},"schema":{"@context":"https:\/\/schema.org","@graph":[{"@type":"WebPage","@id":"https:\/\/schreibenpro.com\/de\/bewerbung-ohne-anschreiben-offnen\/","url":"https:\/\/schreibenpro.com\/de\/bewerbung-ohne-anschreiben-offnen\/","name":"\u00d6ffnen - Bewerbung Ohne Anschreiben - Schreiben PRO","isPartOf":{"@id":"https:\/\/schreibenpro.com\/de\/#website"},"primaryImageOfPage":{"@id":"https:\/\/schreibenpro.com\/de\/bewerbung-ohne-anschreiben-offnen\/#primaryimage"},"image":{"@id":"https:\/\/schreibenpro.com\/de\/bewerbung-ohne-anschreiben-offnen\/#primaryimage"},"thumbnailUrl":"https:\/\/schreibenpro.com\/de\/wp-content\/uploads\/bewerbung-ohne-anschreiben-muster-vorlage.jpg","datePublished":"2023-12-18T08:25:17+00:00","breadcrumb":{"@id":"https:\/\/schreibenpro.com\/de\/bewerbung-ohne-anschreiben-offnen\/#breadcrumb"},"inLanguage":"de","potentialAction":[{"@type":"ReadAction","target":["https:\/\/schreibenpro.com\/de\/bewerbung-ohne-anschreiben-offnen\/"]}]},{"@type":"ImageObject","inLanguage":"de","@id":"https:\/\/schreibenpro.com\/de\/bewerbung-ohne-anschreiben-offnen\/#primaryimage","url":"https:\/\/schreibenpro.com\/de\/wp-content\/uploads\/anschreiben-zum-angebot-muster-vorlage.jpg","contentUrl":"https:\/\/schreibenpro.com\/de\/wp-content\/uploads\/anschreiben-zum-angebot-muster-vorlage.jpg","width":1410,"height":2250},{"@type":"BreadcrumbList","@id":"https:\/\/schreibenpro.com\/de\/bewerbung-ohne-anschreiben-offnen\/#breadcrumb","itemListElement":[{"@type":"ListItem","position":1,"name":"Portada","item":"https:\/\/schreibenpro.com\/de\/"},{"@type":"ListItem","position":2,"name":"\u00d6ffnen &#8211; Bewerbung Ohne Anschreiben"}]},{"@type":"WebSite","@id":"https:\/\/schreibenpro.com\/de\/#website","url":"https:\/\/schreibenpro.com\/de\/","name":"Schreiben PRO","description":"Muster und Vorlage","publisher":{"@id":"https:\/\/schreibenpro.com\/de\/#organization"},"potentialAction":[{"@type":"SearchAction","target":{"@type":"EntryPoint","urlTemplate":"https:\/\/schreibenpro.com\/de\/?s={search_term_string}"},"query-input":{"@type":"PropertyValueSpecification","valueRequired":true,"valueName":"search_term_string"}}],"inLanguage":"de"},{"@type":"Organization","@id":"https:\/\/schreibenpro.com\/de\/#organization","name":"Schreiben PRO","url":"https:\/\/schreibenpro.com\/de\/","logo":{"@type":"ImageObject","inLanguage":"de","@id":"https:\/\/schreibenpro.com\/de\/#\/schema\/logo\/image\/","url":"https:\/\/schreibenpro.com\/de\/wp-content\/uploads\/cropped-fav.png","contentUrl":"https:\/\/schreibenpro.com\/de\/wp-content\/uploads\/cropped-fav.png","width":512,"height":512,"caption":"Schreiben PRO"},"image":{"@id":"https:\/\/schreibenpro.com\/de\/#\/schema\/logo\/image\/"}}]}},"_links":{"self":[{"href":"https:\/\/schreibenpro.com\/de\/wp-json\/wp\/v2\/pages\/649","targetHints":{"allow":["GET"]}}],"collection":[{"href":"https:\/\/schreibenpro.com\/de\/wp-json\/wp\/v2\/pages"}],"about":[{"href":"https:\/\/schreibenpro.com\/de\/wp-json\/wp\/v2\/types\/page"}],"author":[{"embeddable":true,"href":"https:\/\/schreibenpro.com\/de\/wp-json\/wp\/v2\/users\/1"}],"replies":[{"embeddable":true,"href":"https:\/\/schreibenpro.com\/de\/wp-json\/wp\/v2\/comments?post=649"}],"version-history":[{"count":0,"href":"https:\/\/schreibenpro.com\/de\/wp-json\/wp\/v2\/pages\/649\/revisions"}],"wp:attachment":[{"href":"https:\/\/schreibenpro.com\/de\/wp-json\/wp\/v2\/media?parent=649"}],"curies":[{"name":"wp","href":"https:\/\/api.w.org\/{rel}","templated":true}]}}