{"id":651,"date":"2023-12-18T08:25:18","date_gmt":"2023-12-18T08:25:18","guid":{"rendered":"https:\/\/schreibenpro.com\/de\/aufrichtige-anteilnahme-trauerkarte-schreiben-offnen\/"},"modified":"2023-12-18T08:25:18","modified_gmt":"2023-12-18T08:25:18","slug":"aufrichtige-anteilnahme-trauerkarte-schreiben-offnen","status":"publish","type":"page","link":"https:\/\/schreibenpro.com\/de\/aufrichtige-anteilnahme-trauerkarte-schreiben-offnen\/","title":{"rendered":"\u00d6ffnen &#8211; Aufrichtige Anteilnahme Trauerkarte Schreiben"},"content":{"rendered":"\r\n<p class=\"has-text-align-center\">Vorlage und Muster f\u00fcr <strong> Aufrichtige Anteilnahme Trauerkarte Schreiben<\/strong> &#8211; Erstellung und Ausf\u00fcllen &#8211; \u00d6ffnen im <strong>WORD und PDF<\/strong> Datei und Online<\/p>\r\n\r\n\r\n\r\n\r\n<div class=\"wp-block-image\">\r\n<figure class=\"aligncenter size-large is-resized\"><img loading=\"lazy\" decoding=\"async\" class=\"wp-image-215\" src=\"https:\/\/schreibenpro.com\/de\/wp-content\/uploads\/aufrichtige-anteilnahme-trauerkarte-schreiben-muster-vorlage.jpg\" alt=\"\" width=\"245\" height=\"391\" \/><\/figure>\r\n<\/div>\r\n\r\n\r\n\r\n<hr class=\"wp-block-separator has-alpha-channel-opacity\" \/>\r\n\r\n\r\n\r\n\r\n\r\n<div class=\"su-note\"  style=\"border-color:#e5e5e5;border-radius:10px;-moz-border-radius:10px;-webkit-border-radius:10px;\"><div class=\"su-note-inner su-u-clearfix su-u-trim\" style=\"background-color:#FFFFFF;border-color:#ffffff;color:#333333;border-radius:10px;-moz-border-radius:10px;-webkit-border-radius:10px;\">\r\n\r\n<section id=\"specialParagraph\"><p><strong>Einf\u00fchrung:<\/strong><\/p>  <p>Liebe Familie Mustermann,<\/p>  <p>Ich m\u00f6chte Ihnen mein aufrichtiges Beileid zum Verlust Ihres geliebten Vaters, Herrn Hans Mustermann, aussprechen. Es tut mir unendlich leid, von seinem Tod zu h\u00f6ren, und ich kann mir nur ansatzweise vorstellen, wie schwer dieser Verlust f\u00fcr Sie sein muss.<\/p>  <p><strong>Trauerbotschaft:<\/strong><\/p>  <p>Herr Mustermann war nicht nur ein gro\u00dfartiger Mensch, sondern auch ein liebevoller Vater, der immer f\u00fcr seine Familie da war. Seine Warmherzigkeit, Weisheit und Gro\u00dfz\u00fcgigkeit haben viele Menschen, einschlie\u00dflich mir, tief beeinflusst.<\/p>  <p>Ich erinnere mich gerne an die vielen Momente, die ich mit Herrn Mustermann geteilt habe. Sein L\u00e4cheln und seine positive Einstellung haben immer eine angenehme Atmosph\u00e4re geschaffen und viele Menschen um ihn herum inspiriert. Seine Hingabe f\u00fcr seine Familie und seine Freunde war bewundernswert.<\/p>  <p><strong>Pers\u00f6nliche Erinnerungen:<\/strong><\/p>  <p>Ich erinnere mich besonders an einen Urlaub, den wir gemeinsam verbracht haben. Herr Mustermann hatte immer den Sinn f\u00fcr Humor, der uns alle zum Lachen brachte. Seine F\u00e4higkeit, Freude in schwierigen Zeiten zu finden, wird immer in Erinnerung bleiben.<\/p>  <p>Ich f\u00fchle mich gesegnet, dass ich die Gelegenheit hatte, Herrn Mustermann kennenzulernen und Zeit mit ihm zu verbringen. Seine ehrlichen Ratschl\u00e4ge und sein Verst\u00e4ndnis haben mir oft geholfen und waren von unsch\u00e4tzbarem Wert.<\/p>  <p><strong>Ausdruck der Unterst\u00fctzung:<\/strong><\/p>  <p>Es ist wichtig zu wissen, dass Sie in dieser schwierigen Zeit nicht alleine sind. Meine Familie und ich stehen Ihnen immer zur Seite und bieten Ihnen jegliche Unterst\u00fctzung an, die Sie ben\u00f6tigen. Bitte z\u00f6gern Sie nicht, sich bei uns zu melden, wenn Sie jemanden zum Reden oder einfach nur jemanden zum Schweigen brauchen.<\/p>  <p>Ich m\u00f6chte auch anbieten, bei den Vorbereitungen f\u00fcr die Beerdigung zu helfen oder in irgendeiner anderen Weise behilflich zu sein. Es w\u00e4re mir eine Ehre, einen Teil der Last von Ihren Schultern zu nehmen.<\/p>  <p><strong>Schluss:<\/strong><\/p>  <p>Nochmals m\u00f6chte ich Ihnen mein tiefes Beileid aussprechen. Der Verlust eines geliebten Menschen ist schmerzhaft und ich bin mir bewusst, dass Worte nur begrenzt tr\u00f6sten k\u00f6nnen. Bitte wissen Sie jedoch, dass Sie immer in meinen Gedanken sind und ich hier bin, um Ihnen zu helfen.<\/p>  <p>Herr Mustermann wird immer in unseren Herzen weiterleben. Ich hoffe, dass Sie in dieser Zeit der Trauer Trost finden und sich an die sch\u00f6nen Erinnerungen und die Liebe erinnern k\u00f6nnen, die er mit Ihnen geteilt hat.<\/p>  <p>Mit aufrichtiger Anteilnahme,<\/p>  <p>Max Mustermann<\/p><\/section><\/div><\/div>\r\n\r\n&nbsp;\r\n\r\n\r\n\r\n\r\n\r\n\r\n<p class=\"has-text-align-center\">Muster und Vorlage f\u00fcr <strong> Aufrichtige Anteilnahme Trauerkarte Schreiben <\/strong> zur Erstellung und Anpassung im <strong>WORD<\/strong>\u2013 und <strong>PDF-Format<\/strong><\/p>\r\n\r\n\r\n<button id=\"generatePDF\">Erstellen (PDF &#8211; WORD)<\/button>\r\n\r\n\r\n\r\n<hr class=\"wp-block-separator has-alpha-channel-opacity\" \/>\r\n\r\n\r\n\r\n<p style=\"text-align: center;\"><strong>Aufrichtige Anteilnahme Trauerkarte Schreiben<\/strong><\/p>\r\n\r\n<div class=\"wp-block-columns is-layout-flex wp-container-core-columns-is-layout-9d6595d7 wp-block-columns-is-layout-flex\">\r\n\r\n\r\n<div class=\"wp-block-column is-layout-flow wp-block-column-is-layout-flow\"><div class=\"su-button-center\"><a href=\"https:\/\/assets.sta.io\/site_media\/u\/files\/2013\/09\/03\/Vorschlaege.pdf\" class=\"su-button su-button-style-flat\" style=\"color:#FFFFFF;background-color:#144bb6;border-color:#103c92;border-radius:1px\" target=\"_self\"><span style=\"color:#FFFFFF;padding:0px 24px;font-size:18px;line-height:36px;border-color:#5b81cc;border-radius:1px;text-shadow:none\">   PDF <\/span><\/a><\/div>\n<\/div>\r\n\r\n\r\n\r\n<div class=\"wp-block-column is-layout-flow wp-block-column-is-layout-flow\"><div class=\"su-button-center\"><a href=\"https:\/\/www.husmann-bestattungen.de\/files\/public\/Ratgeber%20Kondolenzschreiben.docx\" class=\"su-button su-button-style-flat\" style=\"color:#FFFFFF;background-color:#144bb6;border-color:#103c92;border-radius:1px\" target=\"_self\"><span style=\"color:#FFFFFF;padding:0px 24px;font-size:18px;line-height:36px;border-color:#5b81cc;border-radius:1px;text-shadow:none\">   DOC<\/span><\/a><\/div>\n<\/div>\r\n\r\n\r\n<\/div>\r\n\r\n\r\n\r\n<p style=\"text-align: center;\"><strong>Beispiele<\/strong><\/p>\r\n\r\n<div class=\"wp-block-columns is-layout-flex wp-container-core-columns-is-layout-9d6595d7 wp-block-columns-is-layout-flex\">\r\n\r\n\r\n<div class=\"wp-block-column is-layout-flow wp-block-column-is-layout-flow\"><div class=\"su-button-center\"><a href=\"https:\/\/assets.sta.io\/site_media\/u\/files\/2013\/09\/03\/Vorschlaege.pdf\" class=\"su-button su-button-style-flat\" style=\"color:#FFFFFF;background-color:#144bb6;border-color:#103c92;border-radius:1px\" target=\"_self\"><span style=\"color:#FFFFFF;padding:0px 24px;font-size:18px;line-height:36px;border-color:#5b81cc;border-radius:1px;text-shadow:none\">  Beispiel &#8211; 1 <\/span><\/a><\/div>\n<\/div>\r\n\r\n\r\n\r\n<div class=\"wp-block-column is-layout-flow wp-block-column-is-layout-flow\"><div class=\"su-button-center\"><a href=\"https:\/\/www.trauerundgedenken.de\/data\/148\/editor\/file\/Trauer_und_Gedenken_Kondolenzanschreiben_9_stilvolle_Beileidsbekundungen.pdf\" class=\"su-button su-button-style-flat\" style=\"color:#FFFFFF;background-color:#144bb6;border-color:#103c92;border-radius:1px\" target=\"_self\"><span style=\"color:#FFFFFF;padding:0px 24px;font-size:18px;line-height:36px;border-color:#5b81cc;border-radius:1px;text-shadow:none\">  Beispiel &#8211; 2 <\/span><\/a><\/div>\n<\/div>\r\n\r\n\r\n<\/div>\r\n\r\n\r\n<hr class=\"wp-block-separator has-alpha-channel-opacity\" \/>\r\n\r\n\r\n\r\n<div class=\"wp-block-columns is-layout-flex wp-container-core-columns-is-layout-9d6595d7 wp-block-columns-is-layout-flex\">\r\n\r\n\r\n<div class=\"wp-block-column is-layout-flow wp-block-column-is-layout-flow\"><div class=\"su-button-center\"><a href=\"https:\/\/www.litei.de\/media\/57\/98\/ef\/1623768090\/Texte%20f%C3%BCr%20Trauerkarten.pdf\" class=\"su-button su-button-style-flat\" style=\"color:#FFFFFF;background-color:#144bb6;border-color:#103c92;border-radius:1px\" target=\"_self\"><span style=\"color:#FFFFFF;padding:0px 24px;font-size:18px;line-height:36px;border-color:#5b81cc;border-radius:1px;text-shadow:none\">  Beispiel &#8211; 3 <\/span><\/a><\/div>\n<\/div>\r\n\r\n\r\n\r\n<div class=\"wp-block-column is-layout-flow wp-block-column-is-layout-flow\"><div class=\"su-button-center\"><a href=\"https:\/\/assets.sta.io\/site_media\/u\/files\/2013\/09\/03\/Vorschlaege.pdf\" class=\"su-button su-button-style-flat\" style=\"color:#FFFFFF;background-color:#144bb6;border-color:#103c92;border-radius:1px\" target=\"_self\"><span style=\"color:#FFFFFF;padding:0px 24px;font-size:18px;line-height:36px;border-color:#5b81cc;border-radius:1px;text-shadow:none\">  Beispiel &#8211; 4 <\/span><\/a><\/div>\n<\/div>\r\n\r\n\r\n<\/div>\r\n\r\n\r\n<hr class=\"wp-block-separator has-alpha-channel-opacity\" \/>\r\n\r\n<!-- \/wp:post-content -->\r\n\r\n<!-- wp:table {\"align\":\"center\"} -->\r\n<figure class=\"wp-block-table aligncenter\">\r\n<table>\r\n<tbody>\r\n<tr>\r\n<td style=\"text-align: center;\">Aufrichtige Anteilnahme Trauerkarte Schreiben<\/td>\r\n<\/tr>\r\n<tr>\r\n<td style=\"text-align: center;\">PDF &#8211; WORD Datei<\/td>\r\n<\/tr>\r\n<tr>\r\n<td style=\"text-align: center;\">Bewertung: \u2b50\u2b50\u2b50\u2b50\u2b50 4.97<\/td>\r\n<\/tr>\r\n<tr>\r\n<td style=\"text-align: center;\">Ergebnisse &#8211; 5611<\/td>\r\n<\/tr>\r\n<\/tbody>\r\n<\/table>\r\n<\/figure>\r\n<!-- \/wp:table -->\r\n\r\n<!-- wp:separator -->\r\n\r\n<hr class=\"wp-block-separator has-alpha-channel-opacity\" \/>\r\n\r\n<!-- \/wp:separator -->\r\n\r\n<div class=\"su-note\"  style=\"border-color:#e5e5e5;border-radius:10px;-moz-border-radius:10px;-webkit-border-radius:10px;\"><div class=\"su-note-inner su-u-clearfix su-u-trim\" style=\"background-color:#FFFFFF;border-color:#ffffff;color:#333333;border-radius:10px;-moz-border-radius:10px;-webkit-border-radius:10px;\">\r\n\r\n<p>Das Schreiben einer aufrichtigen Anteilnahme Trauerkarte kann eine schwierige Aufgabe sein, da man oft nicht die richtigen Worte findet, um jemanden zu tr\u00f6sten, der einen geliebten Menschen verloren hat. Es ist wichtig, dass der Brief einf\u00fchlsam, pers\u00f6nlich und respektvoll ist. In dieser Anleitung werden verschiedene Tipps und Beispiele gegeben, um Ihnen dabei zu helfen, eine aufrichtige Anteilnahme Trauerkarte zu verfassen.<\/p>  <hr>  <h3>Einleitung<\/h3>  <p>In der Einleitung der Trauerkarte k\u00f6nnen Sie Ihr Beileid zum Ausdruck bringen und dem Empf\u00e4nger zeigen, dass Sie in Gedanken bei ihm sind. Hier sind einige Beispiele f\u00fcr Einleitungss\u00e4tze:<\/p>  <p><strong>Beispiele:<\/strong><\/p>  <dl> <dt>1. Liebe\/r [Name des Empf\u00e4ngers],<\/dt> <dd>Ich m\u00f6chte Ihnen mein aufrichtiges Beileid zum Verlust von [Name der verstorbenen Person] aussprechen. <\/dd>  <dt>2. Sehr geehrte Familie [Nachname],<\/dt> <dd>Es tut mir sehr leid zu h\u00f6ren, dass [Name der verstorbenen Person] verstorben ist. Bitte nehmen Sie mein aufrichtiges Beileid entgegen.<\/dd>  <dt>3. Lieber [Name des Empf\u00e4ngers],<\/dt> <dd>Ich bin tief betroffen vom Verlust Ihres geliebten [Name der verstorbenen Person]. Mein aufrichtiges Beileid gilt Ihnen und Ihrer Familie in dieser schweren Zeit.<\/dd> <\/dl>  <hr>  <h3>Hauptteil<\/h3>  <p>Im Hauptteil der Trauerkarte k\u00f6nnen Sie Ihre Erinnerungen an die verstorbene Person teilen oder Ihr Mitgef\u00fchl ausdr\u00fccken. Hier sind einige Tipps f\u00fcr den Hauptteil:<\/p>  <ul> <li>Teilen Sie sch\u00f6ne Erinnerungen an die verstorbene Person.<\/li> <li>Dr\u00fccken Sie Ihr Mitgef\u00fchl aus und sagen Sie, dass Sie in Gedanken bei der Familie sind.<\/li> <li>Erz\u00e4hlen Sie, wie wichtig die verstorbene Person f\u00fcr Sie war.<\/li> <li>Bieten Sie Ihre Unterst\u00fctzung an, falls die Familie Hilfe ben\u00f6tigt.<\/li> <\/ul>  <p><strong>Beispiel:<\/strong><\/p>  <p>Liebe\/r [Name des Empf\u00e4ngers],<\/p>  <p>Ich erinnere mich noch genau an die vielen wundervollen Momente, die ich mit [Name der verstorbenen Person] geteilt habe. [Beschreiben Sie eine sch\u00f6ne Erinnerung]. [Name der verstorbenen Person] wird immer einen besonderen Platz in meinem Herzen haben.<\/p>  <p>Ich kann mir vorstellen, wie schwer diese Zeit f\u00fcr Sie und Ihre Familie ist. Bitte wissen Sie, dass meine Gedanken und Gebete bei Ihnen sind. Wenn Sie jemanden zum Reden brauchen oder Hilfe bei irgendetwas ben\u00f6tigen, stehe ich Ihnen gerne zur Verf\u00fcgung.<\/p>  <p>Nochmals mein aufrichtiges Beileid. M\u00f6ge [Name der verstorbenen Person] in Frieden ruhen.<\/p>  <hr>  <h3>Schluss<\/h3>  <p>Im Schlussteil der Trauerkarte k\u00f6nnen Sie Ihr Beileid noch einmal ausdr\u00fccken und Ihre Unterst\u00fctzung anbieten. Hier sind einige Beispiele f\u00fcr Schlusss\u00e4tze:<\/p>  <p><strong>Beispiele:<\/strong><\/p>  <dl> <dt>1. Mit herzlichem Beileid,<\/dt> <dd>[Ihr Name]<\/dd>  <dt>2. Innige Anteilnahme,<\/dt> <dd>[Ihr Name]<\/dd>  <dt>3. Tief empfundenes Beileid,<\/dt> <dd>[Ihr Name]<\/dd> <\/dl>  <p>Nehmen Sie sich Zeit, um den richtigen Schlusssatz zu w\u00e4hlen, der Ihre aufrichtigen Gef\u00fchle am besten ausdr\u00fcckt.<\/p>  <hr>  <h3>Formale Gestaltung und Aufbau<\/h3>  <p>Bei der formalen Gestaltung einer Trauerkarte gibt es einige wichtige Dinge zu beachten:<\/p>  <ul> <li>Verwenden Sie ein angemessenes und dezentes Design f\u00fcr die Karte.<\/li> <li>Schreiben Sie den Brief von Hand, um ihm eine pers\u00f6nlichere Note zu geben.<\/li> <li>Verwenden Sie einen neutralen Ton und vermeiden Sie zu ausf\u00fchrliche Beschreibungen.<\/li> <li>Unterschreiben Sie den Brief immer mit Ihrem Namen.<\/li> <\/ul>  <p>Beachten Sie den Aufbau eines effektiven Briefes:<\/p>  <ol> <li>Begr\u00fc\u00dfung: Beginnen Sie den Brief mit einer angemessenen Begr\u00fc\u00dfung.<\/li> <li>Einleitung: Dr\u00fccken Sie Ihr Beileid aus und zeigen Sie Mitgef\u00fchl.<\/li> <li>Hauptteil: Teilen Sie Erinnerungen und bieten Sie Unterst\u00fctzung an.<\/li> <li>Schluss: Dr\u00fccken Sie noch einmal Ihr Beileid aus und bieten Sie Unterst\u00fctzung an.<\/li> <li>Unterschrift: Beenden Sie den Brief mit Ihrer Unterschrift.<\/li> <\/ol>  <hr>  <p>Das Verfassen einer aufrichtigen Anteilnahme Trauerkarte erfordert Einf\u00fchlungsverm\u00f6gen, Respekt und Mitgef\u00fchl. Es ist wichtig, dass Sie den Empf\u00e4nger in dieser schweren Zeit unterst\u00fctzen und ihm zeigen, dass er nicht alleine ist. Verwenden Sie diese Anleitung als Leitfaden, um eine einf\u00fchlsame und aufrichtige Trauerkarte zu verfassen.<\/p>\r\n\r\n<\/div><\/div>\r\n\r\n<!-- wp:separator -->\r\n\r\n<hr class=\"wp-block-separator has-alpha-channel-opacity\" \/>","protected":false},"excerpt":{"rendered":"<p>Vorlage und Muster f\u00fcr Aufrichtige Anteilnahme Trauerkarte Schreiben &#8211; Erstellung und Ausf\u00fcllen &#8211; \u00d6ffnen im WORD und PDF Datei und &#8230; <\/p>\n<p class=\"read-more-container\"><a title=\"\u00d6ffnen &#8211; Aufrichtige Anteilnahme Trauerkarte Schreiben\" class=\"read-more button\" href=\"https:\/\/schreibenpro.com\/de\/aufrichtige-anteilnahme-trauerkarte-schreiben-offnen\/#more-651\" aria-label=\"Mehr zu \u00d6ffnen &#8211; Aufrichtige Anteilnahme Trauerkarte Schreiben\">\u00d6FFNEN <\/a><\/p>\n","protected":false},"author":1,"featured_media":0,"parent":0,"menu_order":0,"comment_status":"closed","ping_status":"closed","template":"","meta":{"footnotes":""},"class_list":{"0":"post-651","1":"page","2":"type-page","3":"status-publish","5":"infinite-scroll-item"},"yoast_head":"<!-- This site is optimized with the Yoast SEO plugin v24.6 - https:\/\/yoast.com\/wordpress\/plugins\/seo\/ -->\n<title>\u00d6ffnen - Aufrichtige Anteilnahme Trauerkarte Schreiben - Schreiben PRO<\/title>\n<meta name=\"robots\" content=\"noindex, follow\" \/>\n<meta property=\"og:locale\" content=\"de_DE\" \/>\n<meta property=\"og:type\" content=\"article\" \/>\n<meta property=\"og:title\" content=\"\u00d6ffnen - Aufrichtige Anteilnahme Trauerkarte Schreiben - Schreiben PRO\" \/>\n<meta property=\"og:description\" content=\"Vorlage und Muster f\u00fcr Aufrichtige Anteilnahme Trauerkarte Schreiben &#8211; Erstellung und Ausf\u00fcllen &#8211; \u00d6ffnen im WORD und PDF Datei und ... \u00d6FFNEN\" \/>\n<meta property=\"og:url\" content=\"https:\/\/schreibenpro.com\/de\/aufrichtige-anteilnahme-trauerkarte-schreiben-offnen\/\" \/>\n<meta property=\"og:site_name\" content=\"Schreiben PRO\" \/>\n<meta property=\"og:image\" content=\"https:\/\/schreibenpro.com\/de\/wp-content\/uploads\/aufrichtige-anteilnahme-trauerkarte-schreiben-muster-vorlage.jpg\" \/>\n<meta name=\"twitter:card\" content=\"summary_large_image\" \/>\n<meta name=\"twitter:label1\" content=\"Gesch\u00e4tzte Lesezeit\" \/>\n\t<meta name=\"twitter:data1\" content=\"1\u00a0Minute\" \/>\n<!-- \/ Yoast SEO plugin. -->","yoast_head_json":{"title":"\u00d6ffnen - Aufrichtige Anteilnahme Trauerkarte Schreiben - Schreiben PRO","robots":{"index":"noindex","follow":"follow"},"og_locale":"de_DE","og_type":"article","og_title":"\u00d6ffnen - Aufrichtige Anteilnahme Trauerkarte Schreiben - Schreiben PRO","og_description":"Vorlage und Muster f\u00fcr Aufrichtige Anteilnahme Trauerkarte Schreiben &#8211; Erstellung und Ausf\u00fcllen &#8211; \u00d6ffnen im WORD und PDF Datei und ... \u00d6FFNEN","og_url":"https:\/\/schreibenpro.com\/de\/aufrichtige-anteilnahme-trauerkarte-schreiben-offnen\/","og_site_name":"Schreiben PRO","og_image":[{"url":"https:\/\/schreibenpro.com\/de\/wp-content\/uploads\/aufrichtige-anteilnahme-trauerkarte-schreiben-muster-vorlage.jpg","type":"","width":"","height":""}],"twitter_card":"summary_large_image","twitter_misc":{"Gesch\u00e4tzte Lesezeit":"1\u00a0Minute"},"schema":{"@context":"https:\/\/schema.org","@graph":[{"@type":"WebPage","@id":"https:\/\/schreibenpro.com\/de\/aufrichtige-anteilnahme-trauerkarte-schreiben-offnen\/","url":"https:\/\/schreibenpro.com\/de\/aufrichtige-anteilnahme-trauerkarte-schreiben-offnen\/","name":"\u00d6ffnen - Aufrichtige Anteilnahme Trauerkarte Schreiben - Schreiben PRO","isPartOf":{"@id":"https:\/\/schreibenpro.com\/de\/#website"},"primaryImageOfPage":{"@id":"https:\/\/schreibenpro.com\/de\/aufrichtige-anteilnahme-trauerkarte-schreiben-offnen\/#primaryimage"},"image":{"@id":"https:\/\/schreibenpro.com\/de\/aufrichtige-anteilnahme-trauerkarte-schreiben-offnen\/#primaryimage"},"thumbnailUrl":"https:\/\/schreibenpro.com\/de\/wp-content\/uploads\/aufrichtige-anteilnahme-trauerkarte-schreiben-muster-vorlage.jpg","datePublished":"2023-12-18T08:25:18+00:00","breadcrumb":{"@id":"https:\/\/schreibenpro.com\/de\/aufrichtige-anteilnahme-trauerkarte-schreiben-offnen\/#breadcrumb"},"inLanguage":"de","potentialAction":[{"@type":"ReadAction","target":["https:\/\/schreibenpro.com\/de\/aufrichtige-anteilnahme-trauerkarte-schreiben-offnen\/"]}]},{"@type":"ImageObject","inLanguage":"de","@id":"https:\/\/schreibenpro.com\/de\/aufrichtige-anteilnahme-trauerkarte-schreiben-offnen\/#primaryimage","url":"https:\/\/schreibenpro.com\/de\/wp-content\/uploads\/anschreiben-zum-angebot-muster-vorlage.jpg","contentUrl":"https:\/\/schreibenpro.com\/de\/wp-content\/uploads\/anschreiben-zum-angebot-muster-vorlage.jpg","width":1410,"height":2250},{"@type":"BreadcrumbList","@id":"https:\/\/schreibenpro.com\/de\/aufrichtige-anteilnahme-trauerkarte-schreiben-offnen\/#breadcrumb","itemListElement":[{"@type":"ListItem","position":1,"name":"Portada","item":"https:\/\/schreibenpro.com\/de\/"},{"@type":"ListItem","position":2,"name":"\u00d6ffnen &#8211; Aufrichtige Anteilnahme Trauerkarte Schreiben"}]},{"@type":"WebSite","@id":"https:\/\/schreibenpro.com\/de\/#website","url":"https:\/\/schreibenpro.com\/de\/","name":"Schreiben PRO","description":"Muster und Vorlage","publisher":{"@id":"https:\/\/schreibenpro.com\/de\/#organization"},"potentialAction":[{"@type":"SearchAction","target":{"@type":"EntryPoint","urlTemplate":"https:\/\/schreibenpro.com\/de\/?s={search_term_string}"},"query-input":{"@type":"PropertyValueSpecification","valueRequired":true,"valueName":"search_term_string"}}],"inLanguage":"de"},{"@type":"Organization","@id":"https:\/\/schreibenpro.com\/de\/#organization","name":"Schreiben PRO","url":"https:\/\/schreibenpro.com\/de\/","logo":{"@type":"ImageObject","inLanguage":"de","@id":"https:\/\/schreibenpro.com\/de\/#\/schema\/logo\/image\/","url":"https:\/\/schreibenpro.com\/de\/wp-content\/uploads\/cropped-fav.png","contentUrl":"https:\/\/schreibenpro.com\/de\/wp-content\/uploads\/cropped-fav.png","width":512,"height":512,"caption":"Schreiben PRO"},"image":{"@id":"https:\/\/schreibenpro.com\/de\/#\/schema\/logo\/image\/"}}]}},"_links":{"self":[{"href":"https:\/\/schreibenpro.com\/de\/wp-json\/wp\/v2\/pages\/651","targetHints":{"allow":["GET"]}}],"collection":[{"href":"https:\/\/schreibenpro.com\/de\/wp-json\/wp\/v2\/pages"}],"about":[{"href":"https:\/\/schreibenpro.com\/de\/wp-json\/wp\/v2\/types\/page"}],"author":[{"embeddable":true,"href":"https:\/\/schreibenpro.com\/de\/wp-json\/wp\/v2\/users\/1"}],"replies":[{"embeddable":true,"href":"https:\/\/schreibenpro.com\/de\/wp-json\/wp\/v2\/comments?post=651"}],"version-history":[{"count":0,"href":"https:\/\/schreibenpro.com\/de\/wp-json\/wp\/v2\/pages\/651\/revisions"}],"wp:attachment":[{"href":"https:\/\/schreibenpro.com\/de\/wp-json\/wp\/v2\/media?parent=651"}],"curies":[{"name":"wp","href":"https:\/\/api.w.org\/{rel}","templated":true}]}}